{"id":1184,"date":"2024-10-24T05:47:23","date_gmt":"2024-10-24T05:47:23","guid":{"rendered":"https:\/\/subszone.com\/?post_type=product&#038;p=1184"},"modified":"2025-06-02T11:42:29","modified_gmt":"2025-06-02T11:42:29","slug":"perossido-di-idrogeno-ad-alta-concentrazione","status":"publish","type":"product","link":"https:\/\/subszone.com\/it\/product\/perossido-di-idrogeno-ad-alta-concentrazione\/","title":{"rendered":"Acquistare perossido di idrogeno (alta concentrazione) online"},"content":{"rendered":"<h2><b>Acquista online il perossido di idrogeno ad alta concentrazione - Spedizione rapida e purezza da laboratorio<\/b><\/h2>\n<p><span style=\"font-weight: 400;\">Guardando a <\/span><a href=\"https:\/\/subszone.com\/it\/product\/perossido-di-idrogeno-ad-alta-concentrazione\/\"><b>acquistare perossido di idrogeno (alta concentrazione) online<\/b><\/a><span style=\"font-weight: 400;\"> per uso industriale, di laboratorio o commerciale? Il nostro perossido di idrogeno di qualit\u00e0 superiore \u00e8 disponibile in <\/span><b>Concentrazioni 30%, 35% e 50%<\/b><span style=\"font-weight: 400;\">che offrono stabilit\u00e0, purezza e prestazioni eccezionali per un'ampia gamma di applicazioni professionali. Sia che si tratti di sanificazione industriale, sintesi chimica o sterilizzazione su larga scala, forniamo formulazioni affidabili con <\/span><b>consegna globale e standard di sicurezza certificati<\/b><span style=\"font-weight: 400;\">.<\/span><\/p>\n<h3><b>Panoramica del prodotto<\/b><\/h3>\n<p><span style=\"font-weight: 400;\">Forniamo <\/span><b>perossido di idrogeno di elevata purezza<\/b><span style=\"font-weight: 400;\"> in entrambi <\/span><b>formati per uso alimentare e tecnico<\/b><span style=\"font-weight: 400;\">progettati per garantire la massima efficacia in diversi settori. I nostri prodotti sono consegnati in <\/span><b>contenitori in HDPE antimanomissione<\/b><span style=\"font-weight: 400;\"> per garantire l'integrit\u00e0 durante il trasporto e lo stoccaggio.<\/span><\/p>\n<h4><b>Concentrazioni disponibili:<\/b><\/h4>\n<ul>\n<li style=\"font-weight: 400;\" aria-level=\"1\"><span style=\"font-weight: 400;\">30% Perossido di idrogeno<\/span><span style=\"font-weight: 400;\">\n<p><\/span><\/li>\n<li style=\"font-weight: 400;\" aria-level=\"1\"><span style=\"font-weight: 400;\">35% Perossido di idrogeno per uso alimentare<\/span><span style=\"font-weight: 400;\">\n<p><\/span><\/li>\n<li style=\"font-weight: 400;\" aria-level=\"1\"><span style=\"font-weight: 400;\">50% Perossido di idrogeno industriale<\/span><span style=\"font-weight: 400;\">\n<p><\/span><\/li>\n<\/ul>\n<h3><b>Caratteristiche principali<\/b><\/h3>\n<ul>\n<li style=\"font-weight: 400;\" aria-level=\"1\"><b>Purezza ultraelevata<\/b><span style=\"font-weight: 400;\"> - residui minimi e formulazione stabile<\/span><span style=\"font-weight: 400;\">\n<p><\/span><\/li>\n<li style=\"font-weight: 400;\" aria-level=\"1\"><b>Imballaggio a prova di perdite<\/b><span style=\"font-weight: 400;\"> - bottiglie in HDPE resistenti alle sostanze chimiche<\/span><span style=\"font-weight: 400;\">\n<p><\/span><\/li>\n<li style=\"font-weight: 400;\" aria-level=\"1\"><b>Opzioni di volume multiple<\/b><span style=\"font-weight: 400;\"> - ideale per l'uso in laboratorio o industriale<\/span><span style=\"font-weight: 400;\">\n<p><\/span><\/li>\n<li style=\"font-weight: 400;\" aria-level=\"1\"><b>Etichettatura conforme agli ossidanti<\/b><span style=\"font-weight: 400;\"> - pronto per gli ambienti regolamentati<\/span><span style=\"font-weight: 400;\">\n<p><\/span><\/li>\n<\/ul>\n<h3><b>Applicazioni comuni<\/b><\/h3>\n<p><span style=\"font-weight: 400;\">Il nostro <\/span><b>perossido di idrogeno ad alta concentrazione<\/b><span style=\"font-weight: 400;\"> \u00e8 affidabile per i laboratori, le fabbriche e gli impianti industriali di tutto il mondo.<\/span><\/p>\n<ul>\n<li style=\"font-weight: 400;\" aria-level=\"1\"><span style=\"font-weight: 400;\">Disinfezione e sterilizzazione industriale<\/span><span style=\"font-weight: 400;\">\n<p><\/span><\/li>\n<li style=\"font-weight: 400;\" aria-level=\"1\"><span style=\"font-weight: 400;\">Sbiancamento di tessuti e carta<\/span><span style=\"font-weight: 400;\">\n<p><\/span><\/li>\n<li style=\"font-weight: 400;\" aria-level=\"1\"><span style=\"font-weight: 400;\">Sintesi ossidativa e catalizzatore di reazioni chimiche<\/span><span style=\"font-weight: 400;\">\n<p><\/span><\/li>\n<li style=\"font-weight: 400;\" aria-level=\"1\"><span style=\"font-weight: 400;\">Trattamento ambientale e delle acque reflue<\/span><span style=\"font-weight: 400;\">\n<p><\/span><\/li>\n<\/ul>\n<h3><b>Perch\u00e9 acquistare da noi<\/b><\/h3>\n<p><span style=\"font-weight: 400;\">Quando <\/span><b>ordinare online il perossido di idrogeno (alta concentrazione)<\/b><span style=\"font-weight: 400;\"> da noi, state scegliendo <\/span><b>qualit\u00e0, conformit\u00e0 e credibilit\u00e0<\/b><span style=\"font-weight: 400;\">.<\/span><\/p>\n<ul>\n<li style=\"font-weight: 400;\" aria-level=\"1\"><b>Spedizione certificata HazMat<\/b><span style=\"font-weight: 400;\"> per gli agenti ossidanti<\/span><span style=\"font-weight: 400;\">\n<p><\/span><\/li>\n<li style=\"font-weight: 400;\" aria-level=\"1\"><b>Sconti per i prezzi di massa<\/b><span style=\"font-weight: 400;\"> per ordini su larga scala<\/span><span style=\"font-weight: 400;\">\n<p><\/span><\/li>\n<li style=\"font-weight: 400;\" aria-level=\"1\"><b>Spedizione globale<\/b><span style=\"font-weight: 400;\"> alle regioni autorizzate con tracciabilit\u00e0 completa<\/span><span style=\"font-weight: 400;\">\n<p><\/span><\/li>\n<li style=\"font-weight: 400;\" aria-level=\"1\"><b>Prodotto testato in laboratorio<\/b><span style=\"font-weight: 400;\"> supportati da schede di sicurezza e certificati di purezza<\/span><span style=\"font-weight: 400;\">\n<p><\/span><\/li>\n<\/ul>\n<p><span style=\"font-weight: 400;\">Noi siamo il <\/span><b>il posto migliore per <a href=\"https:\/\/en.wikipedia.org\/wiki\/Hydrogen_peroxide\">acquistare perossido di idrogeno (alta concentrazione)<\/a><\/b><span style=\"font-weight: 400;\"><a href=\"https:\/\/en.wikipedia.org\/wiki\/Hydrogen_peroxide\"><strong> online<\/strong><\/a>-Sostenuti dalla reale fiducia dei clienti, dalla conformit\u00e0 del settore e dall'affidabilit\u00e0 logistica.<\/span><\/p>\n<h3><b>Ordini e consegne<\/b><\/h3>\n<p><span style=\"font-weight: 400;\">Accettiamo diversi metodi di pagamento sicuri, tra cui:<\/span><\/p>\n<ul>\n<li style=\"font-weight: 400;\" aria-level=\"1\"><span style=\"font-weight: 400;\">Carte di credito\/debito<\/span><span style=\"font-weight: 400;\">\n<p><\/span><\/li>\n<li style=\"font-weight: 400;\" aria-level=\"1\"><span style=\"font-weight: 400;\">Bonifici bancari<\/span><span style=\"font-weight: 400;\">\n<p><\/span><\/li>\n<li style=\"font-weight: 400;\" aria-level=\"1\"><span style=\"font-weight: 400;\">Criptovalute (BTC, ETH, USDT e altre)<\/span><span style=\"font-weight: 400;\">\n<p><\/span><\/li>\n<\/ul>\n<p><span style=\"font-weight: 400;\">Ogni ordine \u00e8 confezionato in modo discreto e spedito in conformit\u00e0 con le norme di legge. <\/span><b>leggi sul trasporto di materiali pericolosi<\/b><span style=\"font-weight: 400;\">con documentazione e tracciabilit\u00e0 complete.<\/span><\/p>\n<h3><b>Informazioni sulla sicurezza<\/b><\/h3>\n<ul>\n<li style=\"font-weight: 400;\" aria-level=\"1\"><span style=\"font-weight: 400;\">Indossare sempre i DPI (guanti, occhiali, respiratori).<\/span><span style=\"font-weight: 400;\">\n<p><\/span><\/li>\n<li style=\"font-weight: 400;\" aria-level=\"1\"><span style=\"font-weight: 400;\">Conservare in un luogo fresco e ventilato, lontano da fonti di calore o combustibili.<\/span><span style=\"font-weight: 400;\">\n<p><\/span><\/li>\n<li style=\"font-weight: 400;\" aria-level=\"1\"><span style=\"font-weight: 400;\">Consultare il manuale di istruzioni in dotazione <\/span><b>SCHEDA DI SICUREZZA<\/b><span style=\"font-weight: 400;\"> per le linee guida complete sulla gestione e la risposta alle emergenze<\/span><span style=\"font-weight: 400;\">\n<p><\/span><\/li>\n<\/ul>\n<h3><b>Ordinare con fiducia<\/b><\/h3>\n<p><span style=\"font-weight: 400;\">Con anni di esperienza nella distribuzione di prodotti chimici regolamentati, forniamo un modo sicuro e senza interruzioni di <\/span><b>ordinare online il perossido di idrogeno (alta concentrazione)<\/b><span style=\"font-weight: 400;\">. Se siete alla ricerca di un <\/span><b>perossido di idrogeno a buon mercato (alta concentrazione) prezzo<\/b><span style=\"font-weight: 400;\"> senza sacrificare la qualit\u00e0, la nostra piattaforma \u00e8 progettata per supportare sia i professionisti che le istituzioni.<\/span><\/p>","protected":false},"excerpt":{"rendered":"<p>Il perossido di idrogeno ad alta concentrazione (H\u2082O\u2082) si riferisce tipicamente a soluzioni contenenti 30% o pi\u00f9 di perossido di idrogeno. Questo potente agente ossidante \u00e8 utilizzato in varie applicazioni industriali e mediche grazie alle sue potenti propriet\u00e0 sbiancanti e disinfettanti.<\/p>\n<ul>\n<li><strong>Formula chimica<\/strong>: H\u2082O\u2082<\/li>\n<li><strong>Concentrazione<\/strong>: 30% o superiore<\/li>\n<li><strong>Aspetto<\/strong>: Liquido incolore<\/li>\n<li><strong>Punto di ebollizione<\/strong>: Circa 151,2 \u00b0C (304,2 \u00b0F)<\/li>\n<li><strong>Densit\u00e0<\/strong>: 1,11 g\/cm\u00b3 (soluzione 30%)<\/li>\n<\/ul>","protected":false},"featured_media":1353,"comment_status":"open","ping_status":"closed","template":"","meta":{"_kadence_starter_templates_imported_post":false,"_kad_post_transparent":"default","_kad_post_title":"","_kad_post_layout":"default","_kad_post_sidebar_id":"","_kad_post_content_style":"default","_kad_post_vertical_padding":"default","_kad_post_feature":"","_kad_post_feature_position":"","_kad_post_header":false,"_kad_post_footer":false,"_joinchat":[]},"product_brand":[],"product_cat":[127],"product_tag":[254,255,256,257,258,259,260,261,262,263,264,265,266,267,268,269,270,271,272,273],"class_list":{"0":"post-1184","1":"product","2":"type-product","3":"status-publish","4":"has-post-thumbnail","6":"product_cat-water-treatment-and-disinfection","7":"product_tag-bulk-hydrogen-peroxide-supplier","8":"product_tag-buy-hydrogen-peroxide-35-solution","9":"product_tag-buy-hydrogen-peroxide-in-bulk-online","10":"product_tag-food-grade-hydrogen-peroxide-bulk-supplier","11":"product_tag-high-purity-hydrogen-peroxide-supplier","12":"product_tag-hydrogen-peroxide-30-solution-supplier","13":"product_tag-hydrogen-peroxide-50-solution-for-sale","14":"product_tag-hydrogen-peroxide-7722-84-1","15":"product_tag-hydrogen-peroxide-bulk-chemical-supplier","16":"product_tag-hydrogen-peroxide-cas-7722-84-1","17":"product_tag-hydrogen-peroxide-cas-number-supplier","18":"product_tag-hydrogen-peroxide-chemical-compound-supplier","19":"product_tag-hydrogen-peroxide-chemical-procurement","20":"product_tag-hydrogen-peroxide-for-industrial-applications","21":"product_tag-hydrogen-peroxide-for-water-treatment","22":"product_tag-hydrogen-peroxide-liquid-bulk-purchase","23":"product_tag-hydrogen-peroxide-price-per-gallon","24":"product_tag-hydrogen-peroxide-price-per-ton","25":"product_tag-hydrogen-peroxide-wholesale-distributor","26":"product_tag-industrial-grade-hydrogen-peroxide","28":"first","29":"instock","30":"shipping-taxable","31":"product-type-simple","32":"entry","33":"content-bg","34":"loop-entry"},"yoast_head":"<!-- This site is optimized with the Yoast SEO plugin v25.6 - https:\/\/yoast.com\/wordpress\/plugins\/seo\/ -->\n<title>Buy Hydrogen Peroxide Online - Hydrogen Peroxide for Sale<\/title>\n<meta name=\"description\" content=\"If you are willing to get hydrogen peroxide for sale, then we are the right choice for you. Our staff members will help you buy hydrogen peroxide in bulk online at cheap rates. Place your order with us!\" \/>\n<meta name=\"robots\" content=\"index, follow, max-snippet:-1, max-image-preview:large, max-video-preview:-1\" \/>\n<link rel=\"canonical\" href=\"https:\/\/subszone.com\/it\/product\/perossido-di-idrogeno-ad-alta-concentrazione\/\" \/>\n<meta property=\"og:locale\" content=\"it_IT\" \/>\n<meta property=\"og:type\" content=\"article\" \/>\n<meta property=\"og:title\" content=\"Buy Hydrogen Peroxide Online - Hydrogen Peroxide for Sale\" \/>\n<meta property=\"og:description\" content=\"If you are willing to get hydrogen peroxide for sale, then we are the right choice for you. Our staff members will help you buy hydrogen peroxide in bulk online at cheap rates. Place your order with us!\" \/>\n<meta property=\"og:url\" content=\"https:\/\/subszone.com\/it\/product\/perossido-di-idrogeno-ad-alta-concentrazione\/\" \/>\n<meta property=\"og:site_name\" content=\"SubsZone\" \/>\n<meta property=\"article:modified_time\" content=\"2025-06-02T11:42:29+00:00\" \/>\n<meta property=\"og:image\" content=\"https:\/\/subszone.com\/wp-content\/uploads\/2024\/10\/0eb0e528-f50f-49b7-bfd9-ab3729261567.webp\" \/>\n\t<meta property=\"og:image:width\" content=\"1024\" \/>\n\t<meta property=\"og:image:height\" content=\"1024\" \/>\n\t<meta property=\"og:image:type\" content=\"image\/webp\" \/>\n<meta name=\"twitter:card\" content=\"summary_large_image\" \/>\n<meta name=\"twitter:label1\" content=\"Tempo di lettura stimato\" \/>\n\t<meta name=\"twitter:data1\" content=\"2 minuti\" \/>\n<script type=\"application\/ld+json\" class=\"yoast-schema-graph\">{\"@context\":\"https:\/\/schema.org\",\"@graph\":[{\"@type\":\"WebPage\",\"@id\":\"https:\/\/subszone.com\/product\/hydrogen-peroxide-high-concentration\/\",\"url\":\"https:\/\/subszone.com\/product\/hydrogen-peroxide-high-concentration\/\",\"name\":\"Buy Hydrogen Peroxide Online - Hydrogen Peroxide for Sale\",\"isPartOf\":{\"@id\":\"https:\/\/subszone.com\/#website\"},\"primaryImageOfPage\":{\"@id\":\"https:\/\/subszone.com\/product\/hydrogen-peroxide-high-concentration\/#primaryimage\"},\"image\":{\"@id\":\"https:\/\/subszone.com\/product\/hydrogen-peroxide-high-concentration\/#primaryimage\"},\"thumbnailUrl\":\"https:\/\/subszone.com\/wp-content\/uploads\/2024\/10\/0eb0e528-f50f-49b7-bfd9-ab3729261567.webp\",\"datePublished\":\"2024-10-24T05:47:23+00:00\",\"dateModified\":\"2025-06-02T11:42:29+00:00\",\"description\":\"If you are willing to get hydrogen peroxide for sale, then we are the right choice for you. Our staff members will help you buy hydrogen peroxide in bulk online at cheap rates. Place your order with us!\",\"breadcrumb\":{\"@id\":\"https:\/\/subszone.com\/product\/hydrogen-peroxide-high-concentration\/#breadcrumb\"},\"inLanguage\":\"it-IT\",\"potentialAction\":[{\"@type\":\"ReadAction\",\"target\":[\"https:\/\/subszone.com\/product\/hydrogen-peroxide-high-concentration\/\"]}]},{\"@type\":\"ImageObject\",\"inLanguage\":\"it-IT\",\"@id\":\"https:\/\/subszone.com\/product\/hydrogen-peroxide-high-concentration\/#primaryimage\",\"url\":\"https:\/\/subszone.com\/wp-content\/uploads\/2024\/10\/0eb0e528-f50f-49b7-bfd9-ab3729261567.webp\",\"contentUrl\":\"https:\/\/subszone.com\/wp-content\/uploads\/2024\/10\/0eb0e528-f50f-49b7-bfd9-ab3729261567.webp\",\"width\":1024,\"height\":1024,\"caption\":\"Buy Hydrogen Peroxide Online\"},{\"@type\":\"BreadcrumbList\",\"@id\":\"https:\/\/subszone.com\/product\/hydrogen-peroxide-high-concentration\/#breadcrumb\",\"itemListElement\":[{\"@type\":\"ListItem\",\"position\":1,\"name\":\"Home\",\"item\":\"https:\/\/subszone.com\/\"},{\"@type\":\"ListItem\",\"position\":2,\"name\":\"Shop\",\"item\":\"https:\/\/subszone.com\/shop\/\"},{\"@type\":\"ListItem\",\"position\":3,\"name\":\"Buy Hydrogen Peroxide (High Concentration) Online\"}]},{\"@type\":\"WebSite\",\"@id\":\"https:\/\/subszone.com\/#website\",\"url\":\"https:\/\/subszone.com\/\",\"name\":\"SubsZone\",\"description\":\"My WordPress Blog\",\"publisher\":{\"@id\":\"https:\/\/subszone.com\/#organization\"},\"potentialAction\":[{\"@type\":\"SearchAction\",\"target\":{\"@type\":\"EntryPoint\",\"urlTemplate\":\"https:\/\/subszone.com\/?s={search_term_string}\"},\"query-input\":{\"@type\":\"PropertyValueSpecification\",\"valueRequired\":true,\"valueName\":\"search_term_string\"}}],\"inLanguage\":\"it-IT\"},{\"@type\":\"Organization\",\"@id\":\"https:\/\/subszone.com\/#organization\",\"name\":\"SubsZone\",\"url\":\"https:\/\/subszone.com\/\",\"logo\":{\"@type\":\"ImageObject\",\"inLanguage\":\"it-IT\",\"@id\":\"https:\/\/subszone.com\/#\/schema\/logo\/image\/\",\"url\":\"https:\/\/subszone.com\/wp-content\/uploads\/2024\/10\/logo.png\",\"contentUrl\":\"https:\/\/subszone.com\/wp-content\/uploads\/2024\/10\/logo.png\",\"width\":193,\"height\":50,\"caption\":\"SubsZone\"},\"image\":{\"@id\":\"https:\/\/subszone.com\/#\/schema\/logo\/image\/\"}}]}<\/script>\n<!-- \/ Yoast SEO plugin. -->","yoast_head_json":{"title":"Comprare perossido di idrogeno online - Perossido di idrogeno in vendita","description":"Se desiderate ottenere perossido di idrogeno in vendita, allora siamo la scelta giusta per voi. I nostri collaboratori vi aiuteranno ad acquistare perossido di idrogeno all'ingrosso online a prezzi convenienti. Fate il vostro ordine con noi!","robots":{"index":"index","follow":"follow","max-snippet":"max-snippet:-1","max-image-preview":"max-image-preview:large","max-video-preview":"max-video-preview:-1"},"canonical":"https:\/\/subszone.com\/it\/product\/perossido-di-idrogeno-ad-alta-concentrazione\/","og_locale":"it_IT","og_type":"article","og_title":"Buy Hydrogen Peroxide Online - Hydrogen Peroxide for Sale","og_description":"If you are willing to get hydrogen peroxide for sale, then we are the right choice for you. Our staff members will help you buy hydrogen peroxide in bulk online at cheap rates. Place your order with us!","og_url":"https:\/\/subszone.com\/it\/product\/perossido-di-idrogeno-ad-alta-concentrazione\/","og_site_name":"SubsZone","article_modified_time":"2025-06-02T11:42:29+00:00","og_image":[{"width":1024,"height":1024,"url":"https:\/\/subszone.com\/wp-content\/uploads\/2024\/10\/0eb0e528-f50f-49b7-bfd9-ab3729261567.webp","type":"image\/webp"}],"twitter_card":"summary_large_image","twitter_misc":{"Tempo di lettura stimato":"2 minuti"},"schema":{"@context":"https:\/\/schema.org","@graph":[{"@type":"WebPage","@id":"https:\/\/subszone.com\/product\/hydrogen-peroxide-high-concentration\/","url":"https:\/\/subszone.com\/product\/hydrogen-peroxide-high-concentration\/","name":"Comprare perossido di idrogeno online - Perossido di idrogeno in vendita","isPartOf":{"@id":"https:\/\/subszone.com\/#website"},"primaryImageOfPage":{"@id":"https:\/\/subszone.com\/product\/hydrogen-peroxide-high-concentration\/#primaryimage"},"image":{"@id":"https:\/\/subszone.com\/product\/hydrogen-peroxide-high-concentration\/#primaryimage"},"thumbnailUrl":"https:\/\/subszone.com\/wp-content\/uploads\/2024\/10\/0eb0e528-f50f-49b7-bfd9-ab3729261567.webp","datePublished":"2024-10-24T05:47:23+00:00","dateModified":"2025-06-02T11:42:29+00:00","description":"Se desiderate ottenere perossido di idrogeno in vendita, allora siamo la scelta giusta per voi. I nostri collaboratori vi aiuteranno ad acquistare perossido di idrogeno all'ingrosso online a prezzi convenienti. Fate il vostro ordine con noi!","breadcrumb":{"@id":"https:\/\/subszone.com\/product\/hydrogen-peroxide-high-concentration\/#breadcrumb"},"inLanguage":"it-IT","potentialAction":[{"@type":"ReadAction","target":["https:\/\/subszone.com\/product\/hydrogen-peroxide-high-concentration\/"]}]},{"@type":"ImageObject","inLanguage":"it-IT","@id":"https:\/\/subszone.com\/product\/hydrogen-peroxide-high-concentration\/#primaryimage","url":"https:\/\/subszone.com\/wp-content\/uploads\/2024\/10\/0eb0e528-f50f-49b7-bfd9-ab3729261567.webp","contentUrl":"https:\/\/subszone.com\/wp-content\/uploads\/2024\/10\/0eb0e528-f50f-49b7-bfd9-ab3729261567.webp","width":1024,"height":1024,"caption":"Buy Hydrogen Peroxide Online"},{"@type":"BreadcrumbList","@id":"https:\/\/subszone.com\/product\/hydrogen-peroxide-high-concentration\/#breadcrumb","itemListElement":[{"@type":"ListItem","position":1,"name":"Home","item":"https:\/\/subszone.com\/"},{"@type":"ListItem","position":2,"name":"Shop","item":"https:\/\/subszone.com\/shop\/"},{"@type":"ListItem","position":3,"name":"Buy Hydrogen Peroxide (High Concentration) Online"}]},{"@type":"WebSite","@id":"https:\/\/subszone.com\/#website","url":"https:\/\/subszone.com\/","name":"SubsZone","description":"Il mio blog WordPress","publisher":{"@id":"https:\/\/subszone.com\/#organization"},"potentialAction":[{"@type":"SearchAction","target":{"@type":"EntryPoint","urlTemplate":"https:\/\/subszone.com\/?s={search_term_string}"},"query-input":{"@type":"PropertyValueSpecification","valueRequired":true,"valueName":"search_term_string"}}],"inLanguage":"it-IT"},{"@type":"Organization","@id":"https:\/\/subszone.com\/#organization","name":"SubsZone","url":"https:\/\/subszone.com\/","logo":{"@type":"ImageObject","inLanguage":"it-IT","@id":"https:\/\/subszone.com\/#\/schema\/logo\/image\/","url":"https:\/\/subszone.com\/wp-content\/uploads\/2024\/10\/logo.png","contentUrl":"https:\/\/subszone.com\/wp-content\/uploads\/2024\/10\/logo.png","width":193,"height":50,"caption":"SubsZone"},"image":{"@id":"https:\/\/subszone.com\/#\/schema\/logo\/image\/"}}]}},"_links":{"self":[{"href":"https:\/\/subszone.com\/it\/wp-json\/wp\/v2\/product\/1184","targetHints":{"allow":["GET"]}}],"collection":[{"href":"https:\/\/subszone.com\/it\/wp-json\/wp\/v2\/product"}],"about":[{"href":"https:\/\/subszone.com\/it\/wp-json\/wp\/v2\/types\/product"}],"replies":[{"embeddable":true,"href":"https:\/\/subszone.com\/it\/wp-json\/wp\/v2\/comments?post=1184"}],"wp:featuredmedia":[{"embeddable":true,"href":"https:\/\/subszone.com\/it\/wp-json\/wp\/v2\/media\/1353"}],"wp:attachment":[{"href":"https:\/\/subszone.com\/it\/wp-json\/wp\/v2\/media?parent=1184"}],"wp:term":[{"taxonomy":"product_brand","embeddable":true,"href":"https:\/\/subszone.com\/it\/wp-json\/wp\/v2\/product_brand?post=1184"},{"taxonomy":"product_cat","embeddable":true,"href":"https:\/\/subszone.com\/it\/wp-json\/wp\/v2\/product_cat?post=1184"},{"taxonomy":"product_tag","embeddable":true,"href":"https:\/\/subszone.com\/it\/wp-json\/wp\/v2\/product_tag?post=1184"}],"curies":[{"name":"wp","href":"https:\/\/api.w.org\/{rel}","templated":true}]}}