{"id":1199,"date":"2024-10-24T06:11:57","date_gmt":"2024-10-24T06:11:57","guid":{"rendered":"https:\/\/subszone.com\/?post_type=product&#038;p=1199"},"modified":"2025-06-02T12:14:43","modified_gmt":"2025-06-02T12:14:43","slug":"isosafrolo","status":"publish","type":"product","link":"https:\/\/subszone.com\/it\/product\/isosafrolo\/","title":{"rendered":"Comprare Isosafrole online"},"content":{"rendered":"<h2><b>Comprare Isosafrole online | Isosafrole di elevata purezza in vendita a prezzi competitivi<\/b><\/h2>\n<h3><b>Introduzione<\/b><\/h3>\n<p><span style=\"font-weight: 400;\">Guardando a <\/span><a href=\"https:\/\/subszone.com\/it\/product\/isosafrolo\/\"><b>acquistare Isosafrole online<\/b><\/a><span style=\"font-weight: 400;\">? Che si tratti di un professionista della ricerca, di un profumiere o di un hobbista chimico, capire cosa si sta acquistando \u00e8 fondamentale. L'isosafrolo \u00e8 un composto organico unico con legittime applicazioni scientifiche e industriali. Tuttavia, a causa della sua natura sensibile, \u00e8 anche una sostanza pesantemente monitorata. Questa guida ha lo scopo di educare e informare <\/span><b>non incoraggiare l'uso improprio<\/b><span style=\"font-weight: 400;\"> - assicurandovi di fare scelte responsabili e conformi alla normativa quando <\/span><b>ordinare Isosafrole online<\/b><span style=\"font-weight: 400;\">.<\/span><\/p>\n<h3><b>Che cos'\u00e8 l'isosafrolo?<\/b><\/h3>\n<p><span style=\"font-weight: 400;\">L'isosafrolo \u00e8 un composto aromatico di origine naturale, classificato come fenilpropene. Si trova tipicamente negli oli essenziali di sassofrasso e di altre piante. Si presenta come un olio giallo pallido ed \u00e8 noto per la sua fragranza sottile e speziata. Sebbene abbia usi commerciali e di ricerca di nicchia, il suo potenziale ruolo di precursore nella sintesi di sostanze soggette a restrizioni lo pone sotto stretto controllo normativo in tutto il mondo.<\/span><\/p>\n<h2><b>Informazioni sull'isosafrolo<\/b><\/h2>\n<h3><b>Struttura chimica e classificazione<\/b><\/h3>\n<ul>\n<li style=\"font-weight: 400;\" aria-level=\"1\"><b>Formula chimica<\/b><span style=\"font-weight: 400;\">: C<sub>10<\/sub>H<sub>10<\/sub>O<sub>2<\/sub><\/span><span style=\"font-weight: 400;\">\n<p><\/span><\/li>\n<li style=\"font-weight: 400;\" aria-level=\"1\"><b>Peso molecolare<\/b><span style=\"font-weight: 400;\">: 162,19 g\/mol<\/span><span style=\"font-weight: 400;\">\n<p><\/span><\/li>\n<li style=\"font-weight: 400;\" aria-level=\"1\"><b>Numero CAS<\/b><span style=\"font-weight: 400;\">: 120-58-1<\/span><span style=\"font-weight: 400;\">\n<p><\/span><\/li>\n<li style=\"font-weight: 400;\" aria-level=\"1\"><span style=\"font-weight: 400;\">Classificato come un derivato etereo con un nucleo metilendiossifenilico, l'isosafrolo \u00e8 strutturalmente correlato al safrolo e all'eugenolo.<\/span><span style=\"font-weight: 400;\">\n<p><\/span><\/li>\n<\/ul>\n<h3><b>Applicazioni legittime<\/b><\/h3>\n<p><span style=\"font-weight: 400;\">Nonostante la sua notoriet\u00e0, l'isosafrolo \u00e8 utilizzato legalmente in:<\/span><\/p>\n<ul>\n<li style=\"font-weight: 400;\" aria-level=\"1\"><b>Produzione di fragranze<\/b><span style=\"font-weight: 400;\">: Utilizzato come base nei composti aromatici per profumi e oli profumati.<\/span><span style=\"font-weight: 400;\">\n<p><\/span><\/li>\n<li style=\"font-weight: 400;\" aria-level=\"1\"><b>Sintesi organica<\/b><span style=\"font-weight: 400;\">: Serve come precursore nello sviluppo di coloranti, insetticidi e intermedi per la ricerca.<\/span><span style=\"font-weight: 400;\">\n<p><\/span><\/li>\n<li style=\"font-weight: 400;\" aria-level=\"1\"><b>Laboratori didattici<\/b><span style=\"font-weight: 400;\">: Occasionalmente utilizzato in esperimenti di chimica a livello universitario per dimostrare le reazioni di ossidazione.<\/span><span style=\"font-weight: 400;\">\n<p><\/span><\/li>\n<\/ul>\n<h3><b>Perch\u00e9 \u00e8 controllato<\/b><\/h3>\n<p><span style=\"font-weight: 400;\">L'isosafrolo \u00e8 classificato come un <\/span><b>Precursore chimico dell'elenco I<\/b><span style=\"font-weight: 400;\"> in molte giurisdizioni. Ci\u00f2 \u00e8 dovuto alla sua potenziale conversione in sostanze proibite, che la rende una sostanza di interesse per le agenzie di regolamentazione di tutto il mondo.<\/span><\/p>\n<h3><b>Dinamiche del mercato online<\/b><\/h3>\n<h3><b>Dove acquistare Isosafrole online<\/b><\/h3>\n<p><span style=\"font-weight: 400;\">Gli utenti cercano tipicamente Isosafrole in:<\/span><\/p>\n<ul>\n<li style=\"font-weight: 400;\" aria-level=\"1\"><b>Aziende di fornitura di prodotti chimici<\/b><b>\n<p><\/b><\/li>\n<li style=\"font-weight: 400;\" aria-level=\"1\"><b>Siti web di reagenti per la ricerca<\/b><b>\n<p><\/b><\/li>\n<li style=\"font-weight: 400;\" aria-level=\"1\"><b>Mercati grigi (non regolamentati, non raccomandati)<\/b><b>\n<p><\/b><\/li>\n<\/ul>\n<p><span style=\"font-weight: 400;\">Per garantire la conformit\u00e0 e la sicurezza, rifornirsi sempre da <\/span><b>fornitori affidabili con certificazioni adeguate<\/b><span style=\"font-weight: 400;\">.<\/span><\/p>\n<h3><b>Formati disponibili<\/b><\/h3>\n<ul>\n<li style=\"font-weight: 400;\" aria-level=\"1\"><b>Olio di isosafrolo<\/b><span style=\"font-weight: 400;\"> (pi\u00f9 comune)<\/span><span style=\"font-weight: 400;\">\n<p><\/span><\/li>\n<li style=\"font-weight: 400;\" aria-level=\"1\"><b>Isosafrolo cristallino<\/b><span style=\"font-weight: 400;\"> (meno comune, pi\u00f9 stabile nella conservazione a lungo termine)<\/span><span style=\"font-weight: 400;\">\n<p><\/span><\/li>\n<\/ul>\n<h3><b>Tendenze dei prezzi<\/b><\/h3>\n<p><span style=\"font-weight: 400;\">Alla ricerca di <\/span><b>prezzi Isosafrole a buon mercato<\/b><span style=\"font-weight: 400;\">? Il prezzo varia in base alla purezza, alla regione e alle credenziali del fornitore, ma ci si aspetta una gamma di:<\/span><\/p>\n<ul>\n<li style=\"font-weight: 400;\" aria-level=\"1\"><b>$100-$300 per 100mL<\/b><span style=\"font-weight: 400;\"> (a seconda della purezza e della documentazione di conformit\u00e0)<\/span><span style=\"font-weight: 400;\">\n<p><\/span><\/li>\n<li style=\"font-weight: 400;\" aria-level=\"1\"><span style=\"font-weight: 400;\">Gli sconti sui volumi si applicano spesso agli ordini di grandi quantit\u00e0<\/span><span style=\"font-weight: 400;\">\n<p><\/span><\/li>\n<\/ul>\n<p><span style=\"font-weight: 400;\">L'imballaggio comprende generalmente bottiglie ambrate ermetiche per preservare l'integrit\u00e0 del composto durante lo stoccaggio e la spedizione.<\/span><\/p>\n<h3><b>Prima di ordinare<\/b><\/h3>\n<p><span style=\"font-weight: 400;\">Prima di <\/span><a href=\"https:\/\/en.wikipedia.org\/wiki\/Isosafrole\"><b>ordinare Isosafrole online<\/b><\/a><span style=\"font-weight: 400;\">verificare con le autorit\u00e0 locali per la sicurezza chimica. La conformit\u00e0 non \u00e8 facoltativa, \u00e8 essenziale.<\/span><\/p>\n<h3><b>Conclusione: Un acquisto informato \u00e8 un acquisto responsabile<\/b><\/h3>\n<p><span style=\"font-weight: 400;\">L'isosafrolo \u00e8 un composto chimicamente affascinante con applicazioni di nicchia ma preziose. Che si tratti di un ricercatore o di un formulatore di fragranze, conoscere dove e come <\/span><b>acquistare Isosafrole online<\/b><span style=\"font-weight: 400;\"> \u00e8 fondamentale la sicurezza. Dare sempre la priorit\u00e0 alla conformit\u00e0 legale, alla purezza del prodotto e alla trasparenza dei fornitori. Il <\/span><b>Il miglior posto per comprare Isosafrole<\/b><span style=\"font-weight: 400;\"> \u00e8 quello che soddisfa tutti gli standard normativi e fornisce una documentazione adeguata per l'uso legittimo.<\/span><\/p>","protected":false},"excerpt":{"rendered":"<p>L'isosafrolo \u00e8 un composto organico noto per le sue propriet\u00e0 aromatiche e utilizzato principalmente nell'industria dei profumi. Ecco una panoramica delle sue propriet\u00e0, degli usi, delle considerazioni sulla sicurezza e degli aspetti normativi.<\/p>\n<p><strong>Formula lineare: C24H16F12<\/strong><br \/>\n<strong>N. CAS: 1023543-40-9<\/strong><br \/>\n<strong>Peso molecolare: 532,376<\/strong><\/p>","protected":false},"featured_media":1413,"comment_status":"open","ping_status":"closed","template":"","meta":{"_kadence_starter_templates_imported_post":false,"_kad_post_transparent":"default","_kad_post_title":"","_kad_post_layout":"default","_kad_post_sidebar_id":"","_kad_post_content_style":"default","_kad_post_vertical_padding":"default","_kad_post_feature":"","_kad_post_feature_position":"","_kad_post_header":false,"_kad_post_footer":false,"_joinchat":[]},"product_brand":[],"product_cat":[83],"product_tag":[1220,1217,1233,1221,1219,1228,1230,1225,1229,1223,1232,1227,1218,1226,1224,1222,1236,1234,1216,315,316,1235,317,318,319,320,1231,321],"class_list":{"0":"post-1199","1":"product","2":"type-product","3":"status-publish","4":"has-post-thumbnail","6":"product_cat-pharmaceutical-and-medical-uses","7":"product_tag-bulk-isosafrole-supplier","8":"product_tag-buy-isosafrole","9":"product_tag-commercial-isosafrole-supply","10":"product_tag-high-purity-isosafrole","11":"product_tag-industrial-isosafrole-supply","12":"product_tag-isosafrole-as-aroma-compound","13":"product_tag-isosafrole-distributor","14":"product_tag-isosafrole-for-chemical-synthesis","15":"product_tag-isosafrole-for-cosmetics-manufacturing","16":"product_tag-isosafrole-for-fragrance-manufacturing","17":"product_tag-isosafrole-for-industrial-applications","18":"product_tag-isosafrole-for-laboratory-use","19":"product_tag-isosafrole-for-sale","20":"product_tag-isosafrole-in-essential-oils","21":"product_tag-isosafrole-in-flavoring-industry","22":"product_tag-isosafrole-price-and-availability","23":"product_tag-isosafrole-procurement","24":"product_tag-isosafrole-safety-and-compliance","25":"product_tag-isosafrole-supplier","26":"product_tag-isosafrole-synthesis-from-piperonal","27":"product_tag-pure-sassafras-oil-for-sale","28":"product_tag-reliable-isosafrole-supplier","29":"product_tag-sassafras-essential-oil-for-sale","30":"product_tag-sassafras-oil-buy-online","31":"product_tag-sassafras-oil-for-sale","32":"product_tag-sassafras-oil-price","33":"product_tag-where-to-buy-isosafrole","34":"product_tag-where-to-buy-sassafras-oil","36":"first","37":"instock","38":"shipping-taxable","39":"product-type-simple","40":"entry","41":"content-bg","42":"loop-entry"},"yoast_head":"<!-- This site is optimized with the Yoast SEO plugin v25.6 - https:\/\/yoast.com\/wordpress\/plugins\/seo\/ -->\n<title>Industrial Isosafrole for Sale - Buy Isosafrole Online<\/title>\n<meta name=\"description\" content=\"You can now get industrial Isosafrole for sale from our top best store streetchemx. Our staff will assist you to buy Isosafrole online at the best prices. Order Isosafrole online today with worldwide shipping!\" \/>\n<meta name=\"robots\" content=\"index, follow, max-snippet:-1, max-image-preview:large, max-video-preview:-1\" \/>\n<link rel=\"canonical\" href=\"https:\/\/subszone.com\/it\/product\/isosafrolo\/\" \/>\n<meta property=\"og:locale\" content=\"it_IT\" \/>\n<meta property=\"og:type\" content=\"article\" \/>\n<meta property=\"og:title\" content=\"Industrial Isosafrole for Sale - Buy Isosafrole Online\" \/>\n<meta property=\"og:description\" content=\"You can now get industrial Isosafrole for sale from our top best store streetchemx. Our staff will assist you to buy Isosafrole online at the best prices. Order Isosafrole online today with worldwide shipping!\" \/>\n<meta property=\"og:url\" content=\"https:\/\/subszone.com\/it\/product\/isosafrolo\/\" \/>\n<meta property=\"og:site_name\" content=\"SubsZone\" \/>\n<meta property=\"article:modified_time\" content=\"2025-06-02T12:14:43+00:00\" \/>\n<meta property=\"og:image\" content=\"https:\/\/subszone.com\/wp-content\/uploads\/2024\/10\/Isosafrole-2-2.gif\" \/>\n\t<meta property=\"og:image:width\" content=\"600\" \/>\n\t<meta property=\"og:image:height\" content=\"600\" \/>\n\t<meta property=\"og:image:type\" content=\"image\/gif\" \/>\n<meta name=\"twitter:card\" content=\"summary_large_image\" \/>\n<meta name=\"twitter:label1\" content=\"Tempo di lettura stimato\" \/>\n\t<meta name=\"twitter:data1\" content=\"3 minuti\" \/>\n<script type=\"application\/ld+json\" class=\"yoast-schema-graph\">{\"@context\":\"https:\/\/schema.org\",\"@graph\":[{\"@type\":\"WebPage\",\"@id\":\"https:\/\/subszone.com\/product\/isosafrole\/\",\"url\":\"https:\/\/subszone.com\/product\/isosafrole\/\",\"name\":\"Industrial Isosafrole for Sale - Buy Isosafrole Online\",\"isPartOf\":{\"@id\":\"https:\/\/subszone.com\/#website\"},\"primaryImageOfPage\":{\"@id\":\"https:\/\/subszone.com\/product\/isosafrole\/#primaryimage\"},\"image\":{\"@id\":\"https:\/\/subszone.com\/product\/isosafrole\/#primaryimage\"},\"thumbnailUrl\":\"https:\/\/subszone.com\/wp-content\/uploads\/2024\/10\/Isosafrole-2-2.gif\",\"datePublished\":\"2024-10-24T06:11:57+00:00\",\"dateModified\":\"2025-06-02T12:14:43+00:00\",\"description\":\"You can now get industrial Isosafrole for sale from our top best store streetchemx. Our staff will assist you to buy Isosafrole online at the best prices. Order Isosafrole online today with worldwide shipping!\",\"breadcrumb\":{\"@id\":\"https:\/\/subszone.com\/product\/isosafrole\/#breadcrumb\"},\"inLanguage\":\"it-IT\",\"potentialAction\":[{\"@type\":\"ReadAction\",\"target\":[\"https:\/\/subszone.com\/product\/isosafrole\/\"]}]},{\"@type\":\"ImageObject\",\"inLanguage\":\"it-IT\",\"@id\":\"https:\/\/subszone.com\/product\/isosafrole\/#primaryimage\",\"url\":\"https:\/\/subszone.com\/wp-content\/uploads\/2024\/10\/Isosafrole-2-2.gif\",\"contentUrl\":\"https:\/\/subszone.com\/wp-content\/uploads\/2024\/10\/Isosafrole-2-2.gif\",\"width\":600,\"height\":600,\"caption\":\"Buy Isosafrole Online\"},{\"@type\":\"BreadcrumbList\",\"@id\":\"https:\/\/subszone.com\/product\/isosafrole\/#breadcrumb\",\"itemListElement\":[{\"@type\":\"ListItem\",\"position\":1,\"name\":\"Home\",\"item\":\"https:\/\/subszone.com\/\"},{\"@type\":\"ListItem\",\"position\":2,\"name\":\"Shop\",\"item\":\"https:\/\/subszone.com\/shop\/\"},{\"@type\":\"ListItem\",\"position\":3,\"name\":\"Buy Isosafrole Online\"}]},{\"@type\":\"WebSite\",\"@id\":\"https:\/\/subszone.com\/#website\",\"url\":\"https:\/\/subszone.com\/\",\"name\":\"SubsZone\",\"description\":\"My WordPress Blog\",\"publisher\":{\"@id\":\"https:\/\/subszone.com\/#organization\"},\"potentialAction\":[{\"@type\":\"SearchAction\",\"target\":{\"@type\":\"EntryPoint\",\"urlTemplate\":\"https:\/\/subszone.com\/?s={search_term_string}\"},\"query-input\":{\"@type\":\"PropertyValueSpecification\",\"valueRequired\":true,\"valueName\":\"search_term_string\"}}],\"inLanguage\":\"it-IT\"},{\"@type\":\"Organization\",\"@id\":\"https:\/\/subszone.com\/#organization\",\"name\":\"SubsZone\",\"url\":\"https:\/\/subszone.com\/\",\"logo\":{\"@type\":\"ImageObject\",\"inLanguage\":\"it-IT\",\"@id\":\"https:\/\/subszone.com\/#\/schema\/logo\/image\/\",\"url\":\"https:\/\/subszone.com\/wp-content\/uploads\/2024\/10\/logo.png\",\"contentUrl\":\"https:\/\/subszone.com\/wp-content\/uploads\/2024\/10\/logo.png\",\"width\":193,\"height\":50,\"caption\":\"SubsZone\"},\"image\":{\"@id\":\"https:\/\/subszone.com\/#\/schema\/logo\/image\/\"}}]}<\/script>\n<!-- \/ Yoast SEO plugin. -->","yoast_head_json":{"title":"Vendita Isosafrole industriale - Comprare Isosafrole online","description":"Ora \u00e8 possibile ottenere Isosafrole industriale in vendita dal nostro miglior negozio streetchemx. Il nostro staff vi aiuter\u00e0 a comprare Isosafrole online al miglior prezzo. Ordinate Isosafrole online oggi con spedizione in tutto il mondo!","robots":{"index":"index","follow":"follow","max-snippet":"max-snippet:-1","max-image-preview":"max-image-preview:large","max-video-preview":"max-video-preview:-1"},"canonical":"https:\/\/subszone.com\/it\/product\/isosafrolo\/","og_locale":"it_IT","og_type":"article","og_title":"Industrial Isosafrole for Sale - Buy Isosafrole Online","og_description":"You can now get industrial Isosafrole for sale from our top best store streetchemx. Our staff will assist you to buy Isosafrole online at the best prices. Order Isosafrole online today with worldwide shipping!","og_url":"https:\/\/subszone.com\/it\/product\/isosafrolo\/","og_site_name":"SubsZone","article_modified_time":"2025-06-02T12:14:43+00:00","og_image":[{"width":600,"height":600,"url":"https:\/\/subszone.com\/wp-content\/uploads\/2024\/10\/Isosafrole-2-2.gif","type":"image\/gif"}],"twitter_card":"summary_large_image","twitter_misc":{"Tempo di lettura stimato":"3 minuti"},"schema":{"@context":"https:\/\/schema.org","@graph":[{"@type":"WebPage","@id":"https:\/\/subszone.com\/product\/isosafrole\/","url":"https:\/\/subszone.com\/product\/isosafrole\/","name":"Vendita Isosafrole industriale - Comprare Isosafrole online","isPartOf":{"@id":"https:\/\/subszone.com\/#website"},"primaryImageOfPage":{"@id":"https:\/\/subszone.com\/product\/isosafrole\/#primaryimage"},"image":{"@id":"https:\/\/subszone.com\/product\/isosafrole\/#primaryimage"},"thumbnailUrl":"https:\/\/subszone.com\/wp-content\/uploads\/2024\/10\/Isosafrole-2-2.gif","datePublished":"2024-10-24T06:11:57+00:00","dateModified":"2025-06-02T12:14:43+00:00","description":"Ora \u00e8 possibile ottenere Isosafrole industriale in vendita dal nostro miglior negozio streetchemx. Il nostro staff vi aiuter\u00e0 a comprare Isosafrole online al miglior prezzo. Ordinate Isosafrole online oggi con spedizione in tutto il mondo!","breadcrumb":{"@id":"https:\/\/subszone.com\/product\/isosafrole\/#breadcrumb"},"inLanguage":"it-IT","potentialAction":[{"@type":"ReadAction","target":["https:\/\/subszone.com\/product\/isosafrole\/"]}]},{"@type":"ImageObject","inLanguage":"it-IT","@id":"https:\/\/subszone.com\/product\/isosafrole\/#primaryimage","url":"https:\/\/subszone.com\/wp-content\/uploads\/2024\/10\/Isosafrole-2-2.gif","contentUrl":"https:\/\/subszone.com\/wp-content\/uploads\/2024\/10\/Isosafrole-2-2.gif","width":600,"height":600,"caption":"Buy Isosafrole Online"},{"@type":"BreadcrumbList","@id":"https:\/\/subszone.com\/product\/isosafrole\/#breadcrumb","itemListElement":[{"@type":"ListItem","position":1,"name":"Home","item":"https:\/\/subszone.com\/"},{"@type":"ListItem","position":2,"name":"Shop","item":"https:\/\/subszone.com\/shop\/"},{"@type":"ListItem","position":3,"name":"Buy Isosafrole Online"}]},{"@type":"WebSite","@id":"https:\/\/subszone.com\/#website","url":"https:\/\/subszone.com\/","name":"SubsZone","description":"Il mio blog WordPress","publisher":{"@id":"https:\/\/subszone.com\/#organization"},"potentialAction":[{"@type":"SearchAction","target":{"@type":"EntryPoint","urlTemplate":"https:\/\/subszone.com\/?s={search_term_string}"},"query-input":{"@type":"PropertyValueSpecification","valueRequired":true,"valueName":"search_term_string"}}],"inLanguage":"it-IT"},{"@type":"Organization","@id":"https:\/\/subszone.com\/#organization","name":"SubsZone","url":"https:\/\/subszone.com\/","logo":{"@type":"ImageObject","inLanguage":"it-IT","@id":"https:\/\/subszone.com\/#\/schema\/logo\/image\/","url":"https:\/\/subszone.com\/wp-content\/uploads\/2024\/10\/logo.png","contentUrl":"https:\/\/subszone.com\/wp-content\/uploads\/2024\/10\/logo.png","width":193,"height":50,"caption":"SubsZone"},"image":{"@id":"https:\/\/subszone.com\/#\/schema\/logo\/image\/"}}]}},"_links":{"self":[{"href":"https:\/\/subszone.com\/it\/wp-json\/wp\/v2\/product\/1199","targetHints":{"allow":["GET"]}}],"collection":[{"href":"https:\/\/subszone.com\/it\/wp-json\/wp\/v2\/product"}],"about":[{"href":"https:\/\/subszone.com\/it\/wp-json\/wp\/v2\/types\/product"}],"replies":[{"embeddable":true,"href":"https:\/\/subszone.com\/it\/wp-json\/wp\/v2\/comments?post=1199"}],"wp:featuredmedia":[{"embeddable":true,"href":"https:\/\/subszone.com\/it\/wp-json\/wp\/v2\/media\/1413"}],"wp:attachment":[{"href":"https:\/\/subszone.com\/it\/wp-json\/wp\/v2\/media?parent=1199"}],"wp:term":[{"taxonomy":"product_brand","embeddable":true,"href":"https:\/\/subszone.com\/it\/wp-json\/wp\/v2\/product_brand?post=1199"},{"taxonomy":"product_cat","embeddable":true,"href":"https:\/\/subszone.com\/it\/wp-json\/wp\/v2\/product_cat?post=1199"},{"taxonomy":"product_tag","embeddable":true,"href":"https:\/\/subszone.com\/it\/wp-json\/wp\/v2\/product_tag?post=1199"}],"curies":[{"name":"wp","href":"https:\/\/api.w.org\/{rel}","templated":true}]}}