{"id":1219,"date":"2024-10-24T06:26:57","date_gmt":"2024-10-24T06:26:57","guid":{"rendered":"https:\/\/subszone.com\/?post_type=product&#038;p=1219"},"modified":"2025-06-03T05:13:08","modified_gmt":"2025-06-03T05:13:08","slug":"n-metilpirrolidone-nmp","status":"publish","type":"product","link":"https:\/\/subszone.com\/it\/product\/n-metilpirrolidone-nmp\/","title":{"rendered":"Acquistare N-metilpirrolidone (NMP) online"},"content":{"rendered":"<h2><b>N-metilpirrolidone (NMP) - Solvente industriale di elevata purezza per applicazioni avanzate<\/b><\/h2>\n<p><span style=\"font-weight: 400;\">Cercate un solvente ad alte prestazioni che soddisfi i severi requisiti dell'uso industriale e scientifico? <\/span><a href=\"https:\/\/en.wikipedia.org\/wiki\/N-Methyl-2-pyrrolidone\"><b>N-metilpirrolidone (NMP)<\/b><\/a><span style=\"font-weight: 400;\"> \u00e8 un solvente potente e versatile di cui ci si fida in un'ampia gamma di settori, dalla produzione elettronica a quella farmaceutica e petrolchimica.<\/span><\/p>\n<h3><b>Caratteristiche principali:<\/b><\/h3>\n<ul>\n<li style=\"font-weight: 400;\" aria-level=\"1\"><b>Formula chimica:<\/b><span style=\"font-weight: 400;\"> C\u2085H\u2089NO<\/span><span style=\"font-weight: 400;\">\n<p><\/span><\/li>\n<li style=\"font-weight: 400;\" aria-level=\"1\"><b>Gradi di purezza disponibili:<\/b><span style=\"font-weight: 400;\"> \u226599,5% grado industriale e di ricerca<\/span><span style=\"font-weight: 400;\">\n<p><\/span><\/li>\n<li style=\"font-weight: 400;\" aria-level=\"1\"><b>Forma:<\/b><span style=\"font-weight: 400;\"> Liquido trasparente e incolore<\/span><span style=\"font-weight: 400;\">\n<p><\/span><\/li>\n<li style=\"font-weight: 400;\" aria-level=\"1\"><b>Punto di ebollizione:<\/b><span style=\"font-weight: 400;\"> ~202\u00b0C<\/span><span style=\"font-weight: 400;\">\n<p><\/span><\/li>\n<li style=\"font-weight: 400;\" aria-level=\"1\"><b>Miscibilit\u00e0 in acqua:<\/b><span style=\"font-weight: 400;\"> Completamente miscibile<\/span><span style=\"font-weight: 400;\">\n<p><\/span><\/li>\n<\/ul>\n<h3><b>Perch\u00e9 scegliere NMP?<\/b><\/h3>\n<p><b>NMP<\/b><span style=\"font-weight: 400;\"> \u00e8 apprezzato per la sua <\/span><b>eccezionale potere di solvibilit\u00e0<\/b><span style=\"font-weight: 400;\">, <\/span><b>alto punto di ebollizione<\/b><span style=\"font-weight: 400;\">, e <\/span><b>stabilit\u00e0 chimica<\/b><span style=\"font-weight: 400;\">che lo rende ideale per:<\/span><\/p>\n<ul>\n<li style=\"font-weight: 400;\" aria-level=\"1\"><b>Pulizia dei semiconduttori<\/b><span style=\"font-weight: 400;\"> e spellatura del fotoresist<\/span><span style=\"font-weight: 400;\">\n<p><\/span><\/li>\n<li style=\"font-weight: 400;\" aria-level=\"1\"><b>Produzione di intermedi farmaceutici<\/b><b>\n<p><\/b><\/li>\n<li style=\"font-weight: 400;\" aria-level=\"1\"><b>Vernici, rivestimenti e sgrassanti industriali<\/b><b>\n<p><\/b><\/li>\n<li style=\"font-weight: 400;\" aria-level=\"1\"><b>Lavorazione dei polimeri e adesivi speciali<\/b><b>\n<p><\/b><\/li>\n<\/ul>\n<p><span style=\"font-weight: 400;\">Che si tratti di formulare materiali avanzati o di gestire una produzione su larga scala, l'NMP garantisce prestazioni efficienti e affidabili.<\/span><\/p>\n<h3><b>Acquistare N-metilpirrolidone (NMP) online con fiducia<\/b><\/h3>\n<p><span style=\"font-weight: 400;\">Offriamo <\/span><a href=\"https:\/\/subszone.com\/it\/product\/n-metilpirrolidone-nmp\/\"><b>N-metilpirrolidone (NMP) in vendita<\/b><\/a><span style=\"font-weight: 400;\"> in un'ampia gamma di quantit\u00e0, dalla scala di laboratorio agli ordini all'ingrosso, a <\/span><b>prezzi competitivi<\/b><span style=\"font-weight: 400;\"> senza compromettere la qualit\u00e0. Ogni lotto \u00e8 accompagnato da un <\/span><b>Scheda di sicurezza (MSDS)<\/b><span style=\"font-weight: 400;\"> e <\/span><b>Certificato di analisi (COA)<\/b><span style=\"font-weight: 400;\"> per garantire la piena tracciabilit\u00e0 e conformit\u00e0.<\/span><\/p>\n<ul>\n<li style=\"font-weight: 400;\" aria-level=\"1\"><b>Spedizione rapida e sicura<\/b><b>\n<p><\/b><\/li>\n<li style=\"font-weight: 400;\" aria-level=\"1\"><b>Assistenza tecnica disponibile<\/b><b>\n<p><\/b><\/li>\n<li style=\"font-weight: 400;\" aria-level=\"1\"><b>Sconti per ordini in blocco<\/b><b>\n<p><\/b><\/li>\n<li style=\"font-weight: 400;\" aria-level=\"1\"><b>Approvvigionamento affidabile da produttori certificati<\/b><b>\n<p><\/b><\/li>\n<\/ul>\n<h3><b>Informazioni su salute e sicurezza<\/b><\/h3>\n<p><span style=\"font-weight: 400;\">I NMP sono classificati in base a quadri normativi quali <\/span><b>OSHA<\/b><span style=\"font-weight: 400;\"> (STATI UNITI), <\/span><b>RAGGIUNGERE<\/b><span style=\"font-weight: 400;\"> (UE) e altre agenzie internazionali a causa dei potenziali rischi di esposizione riproduttiva e cutanea. Maneggiare sempre con <\/span><b>DPI adeguati<\/b><span style=\"font-weight: 400;\"> e seguire <\/span><b>standard di sicurezza sul lavoro<\/b><span style=\"font-weight: 400;\">. La ventilazione, i protocolli di manipolazione e lo stoccaggio adeguati sono essenziali.<\/span><\/p>\n<h3><b>Approvvigionamento normativo ed etico<\/b><\/h3>\n<p><span style=\"font-weight: 400;\">Ci impegniamo a <\/span><b>responsabilit\u00e0 ambientale e conformit\u00e0 normativa<\/b><span style=\"font-weight: 400;\">. Tutti gli ordini sono controllati per soddisfare le leggi locali e internazionali sulla sicurezza chimica. Noi facciamo <\/span><b>non fornire ad acquirenti non verificati o non autorizzati<\/b><span style=\"font-weight: 400;\">garantendo un approvvigionamento etico e un utilizzo sicuro.<\/span><\/p>\n<h3><b>Ordina oggi stesso N-metilpirrolidone (NMP) online<\/b><\/h3>\n<p><span style=\"font-weight: 400;\">Che siate addetti agli acquisti di prodotti chimici, responsabili di laboratorio o acquirenti industriali, la nostra piattaforma \u00e8 la soluzione pi\u00f9 adatta a voi. <\/span><b>il miglior posto per comprare NMP online<\/b><span style=\"font-weight: 400;\">. Con una forte attenzione alla <\/span><b>qualit\u00e0 dei prodotti, conformit\u00e0 e servizio clienti<\/b><span style=\"font-weight: 400;\">siamo il vostro partner di fiducia per le forniture di prodotti chimici.<\/span><\/p>","protected":false},"excerpt":{"rendered":"<h3>N-metilpirrolidone (NMP): propriet\u00e0, usi e sicurezza<\/h3>\n<p><strong>N-metilpirrolidone (NMP)<\/strong> \u00e8 un solvente incolore ad alta polarit\u00e0 con formula chimica C\u2085H\u2089NO. \u00c8 noto per le sue eccellenti propriet\u00e0 di solvibilit\u00e0, che lo rendono ampiamente utilizzato in varie applicazioni industriali.<\/p>\n<ul>\n<li><strong>Formula chimica<\/strong>: C\u2085H\u2089NO<\/li>\n<li><strong>Peso molecolare<\/strong>: 99,15 g\/mol<\/li>\n<li><strong>Punto di ebollizione<\/strong>: Circa 202 \u00b0C (396 \u00b0F)<\/li>\n<li><strong>Densit\u00e0<\/strong>: 1,03 g\/cm\u00b3<\/li>\n<li><strong>Solubilit\u00e0<\/strong>: Miscibile con acqua e molti solventi organici.<\/li>\n<\/ul>\n<p><strong>Beilstein No.:106420<\/strong><\/p>","protected":false},"featured_media":1469,"comment_status":"open","ping_status":"closed","template":"","meta":{"_kadence_starter_templates_imported_post":false,"_kad_post_transparent":"default","_kad_post_title":"","_kad_post_layout":"default","_kad_post_sidebar_id":"","_kad_post_content_style":"default","_kad_post_vertical_padding":"default","_kad_post_feature":"","_kad_post_feature_position":"","_kad_post_header":false,"_kad_post_footer":false,"_joinchat":[]},"product_brand":[],"product_cat":[59],"product_tag":[],"class_list":{"0":"post-1219","1":"product","2":"type-product","3":"status-publish","4":"has-post-thumbnail","6":"product_cat-chemical-manufacturing-and-synthesis","8":"first","9":"instock","10":"shipping-taxable","11":"product-type-simple","12":"entry","13":"content-bg","14":"loop-entry"},"yoast_head":"<!-- This site is optimized with the Yoast SEO plugin v25.6 - https:\/\/yoast.com\/wordpress\/plugins\/seo\/ -->\n<title>Buy N-Methylpyrrolidone Supplier Online - NMP for Sale<\/title>\n<meta name=\"description\" content=\"N-methylpyrrolidone for sale is now easily available at our online store. You can connect directly with our subszone store and buy n-methylpyrrolidone supplier online at the best prices.\" \/>\n<meta name=\"robots\" content=\"index, follow, max-snippet:-1, max-image-preview:large, max-video-preview:-1\" \/>\n<link rel=\"canonical\" href=\"https:\/\/subszone.com\/it\/product\/n-metilpirrolidone-nmp\/\" \/>\n<meta property=\"og:locale\" content=\"it_IT\" \/>\n<meta property=\"og:type\" content=\"article\" \/>\n<meta property=\"og:title\" content=\"Buy N-Methylpyrrolidone Supplier Online - NMP for Sale\" \/>\n<meta property=\"og:description\" content=\"N-methylpyrrolidone for sale is now easily available at our online store. You can connect directly with our subszone store and buy n-methylpyrrolidone supplier online at the best prices.\" \/>\n<meta property=\"og:url\" content=\"https:\/\/subszone.com\/it\/product\/n-metilpirrolidone-nmp\/\" \/>\n<meta property=\"og:site_name\" content=\"SubsZone\" \/>\n<meta property=\"article:modified_time\" content=\"2025-06-03T05:13:08+00:00\" \/>\n<meta property=\"og:image\" content=\"https:\/\/subszone.com\/wp-content\/uploads\/2024\/10\/79d4d7d9-954a-4bdb-a951-0682aed2fe73.webp\" \/>\n\t<meta property=\"og:image:width\" content=\"1024\" \/>\n\t<meta property=\"og:image:height\" content=\"1024\" \/>\n\t<meta property=\"og:image:type\" content=\"image\/webp\" \/>\n<meta name=\"twitter:card\" content=\"summary_large_image\" \/>\n<meta name=\"twitter:label1\" content=\"Tempo di lettura stimato\" \/>\n\t<meta name=\"twitter:data1\" content=\"2 minuti\" \/>\n<script type=\"application\/ld+json\" class=\"yoast-schema-graph\">{\"@context\":\"https:\/\/schema.org\",\"@graph\":[{\"@type\":\"WebPage\",\"@id\":\"https:\/\/subszone.com\/product\/n-methylpyrrolidone-nmp\/\",\"url\":\"https:\/\/subszone.com\/product\/n-methylpyrrolidone-nmp\/\",\"name\":\"Buy N-Methylpyrrolidone Supplier Online - NMP for Sale\",\"isPartOf\":{\"@id\":\"https:\/\/subszone.com\/#website\"},\"primaryImageOfPage\":{\"@id\":\"https:\/\/subszone.com\/product\/n-methylpyrrolidone-nmp\/#primaryimage\"},\"image\":{\"@id\":\"https:\/\/subszone.com\/product\/n-methylpyrrolidone-nmp\/#primaryimage\"},\"thumbnailUrl\":\"https:\/\/subszone.com\/wp-content\/uploads\/2024\/10\/79d4d7d9-954a-4bdb-a951-0682aed2fe73.webp\",\"datePublished\":\"2024-10-24T06:26:57+00:00\",\"dateModified\":\"2025-06-03T05:13:08+00:00\",\"description\":\"N-methylpyrrolidone for sale is now easily available at our online store. You can connect directly with our subszone store and buy n-methylpyrrolidone supplier online at the best prices.\",\"breadcrumb\":{\"@id\":\"https:\/\/subszone.com\/product\/n-methylpyrrolidone-nmp\/#breadcrumb\"},\"inLanguage\":\"it-IT\",\"potentialAction\":[{\"@type\":\"ReadAction\",\"target\":[\"https:\/\/subszone.com\/product\/n-methylpyrrolidone-nmp\/\"]}]},{\"@type\":\"ImageObject\",\"inLanguage\":\"it-IT\",\"@id\":\"https:\/\/subszone.com\/product\/n-methylpyrrolidone-nmp\/#primaryimage\",\"url\":\"https:\/\/subszone.com\/wp-content\/uploads\/2024\/10\/79d4d7d9-954a-4bdb-a951-0682aed2fe73.webp\",\"contentUrl\":\"https:\/\/subszone.com\/wp-content\/uploads\/2024\/10\/79d4d7d9-954a-4bdb-a951-0682aed2fe73.webp\",\"width\":1024,\"height\":1024,\"caption\":\"Buy N-Methylpyrrolidone Supplier Online\"},{\"@type\":\"BreadcrumbList\",\"@id\":\"https:\/\/subszone.com\/product\/n-methylpyrrolidone-nmp\/#breadcrumb\",\"itemListElement\":[{\"@type\":\"ListItem\",\"position\":1,\"name\":\"Home\",\"item\":\"https:\/\/subszone.com\/\"},{\"@type\":\"ListItem\",\"position\":2,\"name\":\"Shop\",\"item\":\"https:\/\/subszone.com\/shop\/\"},{\"@type\":\"ListItem\",\"position\":3,\"name\":\"Buy N-Methylpyrrolidone (NMP) Online\"}]},{\"@type\":\"WebSite\",\"@id\":\"https:\/\/subszone.com\/#website\",\"url\":\"https:\/\/subszone.com\/\",\"name\":\"SubsZone\",\"description\":\"My WordPress Blog\",\"publisher\":{\"@id\":\"https:\/\/subszone.com\/#organization\"},\"potentialAction\":[{\"@type\":\"SearchAction\",\"target\":{\"@type\":\"EntryPoint\",\"urlTemplate\":\"https:\/\/subszone.com\/?s={search_term_string}\"},\"query-input\":{\"@type\":\"PropertyValueSpecification\",\"valueRequired\":true,\"valueName\":\"search_term_string\"}}],\"inLanguage\":\"it-IT\"},{\"@type\":\"Organization\",\"@id\":\"https:\/\/subszone.com\/#organization\",\"name\":\"SubsZone\",\"url\":\"https:\/\/subszone.com\/\",\"logo\":{\"@type\":\"ImageObject\",\"inLanguage\":\"it-IT\",\"@id\":\"https:\/\/subszone.com\/#\/schema\/logo\/image\/\",\"url\":\"https:\/\/subszone.com\/wp-content\/uploads\/2024\/10\/logo.png\",\"contentUrl\":\"https:\/\/subszone.com\/wp-content\/uploads\/2024\/10\/logo.png\",\"width\":193,\"height\":50,\"caption\":\"SubsZone\"},\"image\":{\"@id\":\"https:\/\/subszone.com\/#\/schema\/logo\/image\/\"}}]}<\/script>\n<!-- \/ Yoast SEO plugin. -->","yoast_head_json":{"title":"Comprare N-metilpirrolidone Fornitore Online - NMP in vendita","description":"N-metilpirrolidone in vendita \u00e8 ora facilmente disponibile nel nostro negozio online. \u00c8 possibile connettersi direttamente con il nostro negozio subszone e acquistare n-metilpirrolidone fornitore online ai migliori prezzi.","robots":{"index":"index","follow":"follow","max-snippet":"max-snippet:-1","max-image-preview":"max-image-preview:large","max-video-preview":"max-video-preview:-1"},"canonical":"https:\/\/subszone.com\/it\/product\/n-metilpirrolidone-nmp\/","og_locale":"it_IT","og_type":"article","og_title":"Buy N-Methylpyrrolidone Supplier Online - NMP for Sale","og_description":"N-methylpyrrolidone for sale is now easily available at our online store. You can connect directly with our subszone store and buy n-methylpyrrolidone supplier online at the best prices.","og_url":"https:\/\/subszone.com\/it\/product\/n-metilpirrolidone-nmp\/","og_site_name":"SubsZone","article_modified_time":"2025-06-03T05:13:08+00:00","og_image":[{"width":1024,"height":1024,"url":"https:\/\/subszone.com\/wp-content\/uploads\/2024\/10\/79d4d7d9-954a-4bdb-a951-0682aed2fe73.webp","type":"image\/webp"}],"twitter_card":"summary_large_image","twitter_misc":{"Tempo di lettura stimato":"2 minuti"},"schema":{"@context":"https:\/\/schema.org","@graph":[{"@type":"WebPage","@id":"https:\/\/subszone.com\/product\/n-methylpyrrolidone-nmp\/","url":"https:\/\/subszone.com\/product\/n-methylpyrrolidone-nmp\/","name":"Comprare N-metilpirrolidone Fornitore Online - NMP in vendita","isPartOf":{"@id":"https:\/\/subszone.com\/#website"},"primaryImageOfPage":{"@id":"https:\/\/subszone.com\/product\/n-methylpyrrolidone-nmp\/#primaryimage"},"image":{"@id":"https:\/\/subszone.com\/product\/n-methylpyrrolidone-nmp\/#primaryimage"},"thumbnailUrl":"https:\/\/subszone.com\/wp-content\/uploads\/2024\/10\/79d4d7d9-954a-4bdb-a951-0682aed2fe73.webp","datePublished":"2024-10-24T06:26:57+00:00","dateModified":"2025-06-03T05:13:08+00:00","description":"N-metilpirrolidone in vendita \u00e8 ora facilmente disponibile nel nostro negozio online. \u00c8 possibile connettersi direttamente con il nostro negozio subszone e acquistare n-metilpirrolidone fornitore online ai migliori prezzi.","breadcrumb":{"@id":"https:\/\/subszone.com\/product\/n-methylpyrrolidone-nmp\/#breadcrumb"},"inLanguage":"it-IT","potentialAction":[{"@type":"ReadAction","target":["https:\/\/subszone.com\/product\/n-methylpyrrolidone-nmp\/"]}]},{"@type":"ImageObject","inLanguage":"it-IT","@id":"https:\/\/subszone.com\/product\/n-methylpyrrolidone-nmp\/#primaryimage","url":"https:\/\/subszone.com\/wp-content\/uploads\/2024\/10\/79d4d7d9-954a-4bdb-a951-0682aed2fe73.webp","contentUrl":"https:\/\/subszone.com\/wp-content\/uploads\/2024\/10\/79d4d7d9-954a-4bdb-a951-0682aed2fe73.webp","width":1024,"height":1024,"caption":"Buy N-Methylpyrrolidone Supplier Online"},{"@type":"BreadcrumbList","@id":"https:\/\/subszone.com\/product\/n-methylpyrrolidone-nmp\/#breadcrumb","itemListElement":[{"@type":"ListItem","position":1,"name":"Home","item":"https:\/\/subszone.com\/"},{"@type":"ListItem","position":2,"name":"Shop","item":"https:\/\/subszone.com\/shop\/"},{"@type":"ListItem","position":3,"name":"Buy N-Methylpyrrolidone (NMP) Online"}]},{"@type":"WebSite","@id":"https:\/\/subszone.com\/#website","url":"https:\/\/subszone.com\/","name":"SubsZone","description":"Il mio blog WordPress","publisher":{"@id":"https:\/\/subszone.com\/#organization"},"potentialAction":[{"@type":"SearchAction","target":{"@type":"EntryPoint","urlTemplate":"https:\/\/subszone.com\/?s={search_term_string}"},"query-input":{"@type":"PropertyValueSpecification","valueRequired":true,"valueName":"search_term_string"}}],"inLanguage":"it-IT"},{"@type":"Organization","@id":"https:\/\/subszone.com\/#organization","name":"SubsZone","url":"https:\/\/subszone.com\/","logo":{"@type":"ImageObject","inLanguage":"it-IT","@id":"https:\/\/subszone.com\/#\/schema\/logo\/image\/","url":"https:\/\/subszone.com\/wp-content\/uploads\/2024\/10\/logo.png","contentUrl":"https:\/\/subszone.com\/wp-content\/uploads\/2024\/10\/logo.png","width":193,"height":50,"caption":"SubsZone"},"image":{"@id":"https:\/\/subszone.com\/#\/schema\/logo\/image\/"}}]}},"_links":{"self":[{"href":"https:\/\/subszone.com\/it\/wp-json\/wp\/v2\/product\/1219","targetHints":{"allow":["GET"]}}],"collection":[{"href":"https:\/\/subszone.com\/it\/wp-json\/wp\/v2\/product"}],"about":[{"href":"https:\/\/subszone.com\/it\/wp-json\/wp\/v2\/types\/product"}],"replies":[{"embeddable":true,"href":"https:\/\/subszone.com\/it\/wp-json\/wp\/v2\/comments?post=1219"}],"wp:featuredmedia":[{"embeddable":true,"href":"https:\/\/subszone.com\/it\/wp-json\/wp\/v2\/media\/1469"}],"wp:attachment":[{"href":"https:\/\/subszone.com\/it\/wp-json\/wp\/v2\/media?parent=1219"}],"wp:term":[{"taxonomy":"product_brand","embeddable":true,"href":"https:\/\/subszone.com\/it\/wp-json\/wp\/v2\/product_brand?post=1219"},{"taxonomy":"product_cat","embeddable":true,"href":"https:\/\/subszone.com\/it\/wp-json\/wp\/v2\/product_cat?post=1219"},{"taxonomy":"product_tag","embeddable":true,"href":"https:\/\/subszone.com\/it\/wp-json\/wp\/v2\/product_tag?post=1219"}],"curies":[{"name":"wp","href":"https:\/\/api.w.org\/{rel}","templated":true}]}}