{"id":1220,"date":"2024-10-24T06:27:10","date_gmt":"2024-10-24T06:27:10","guid":{"rendered":"https:\/\/subszone.com\/?post_type=product&#038;p=1220"},"modified":"2025-06-03T05:23:47","modified_gmt":"2025-06-03T05:23:47","slug":"acido-nitrico-ad-alta-concentrazione","status":"publish","type":"product","link":"https:\/\/subszone.com\/it\/product\/acido-nitrico-ad-alta-concentrazione\/","title":{"rendered":"Acquistare Acido nitrico (alta concentrazione) online"},"content":{"rendered":"<h2><b>Acido nitrico ad alta concentrazione - qualit\u00e0 industriale premium per applicazioni di precisione<\/b><\/h2>\n<p><span style=\"font-weight: 400;\">Alla ricerca di una fonte affidabile per <\/span><a href=\"https:\/\/en.wikipedia.org\/wiki\/Nitric_acid\"><b>acquistare acido nitrico (alta concentrazione) online<\/b><\/a><span style=\"font-weight: 400;\">? Il nostro acido nitrico ad alta purezza \u00e8 prodotto per soddisfare i pi\u00f9 severi standard industriali e di laboratorio, ed \u00e8 la scelta ideale per i professionisti della metallurgia, della sintesi chimica, della lavorazione dei semiconduttori e della ricerca analitica.<\/span><\/p>\n<h3><b>Panoramica del prodotto:<\/b><\/h3>\n<ul>\n<li style=\"font-weight: 400;\" aria-level=\"1\"><b>Concentrazione:<\/b><span style=\"font-weight: 400;\"> 68-70% HNO\u2083 (disponibile in qualit\u00e0 di reagente e industriale)<\/span><span style=\"font-weight: 400;\">\n<p><\/span><\/li>\n<li style=\"font-weight: 400;\" aria-level=\"1\"><b>Imballaggio:<\/b><span style=\"font-weight: 400;\"> Contenitori certificati resistenti agli acidi (1L, 5L, 25L, fusti sfusi)<\/span><span style=\"font-weight: 400;\">\n<p><\/span><\/li>\n<li style=\"font-weight: 400;\" aria-level=\"1\"><b>Purezza:<\/b><span style=\"font-weight: 400;\"> Verificato con Certificato di Analisi (COA) e Scheda Dati di Sicurezza (SDS)<\/span><span style=\"font-weight: 400;\">\n<p><\/span><\/li>\n<li style=\"font-weight: 400;\" aria-level=\"1\"><b>Forma:<\/b><span style=\"font-weight: 400;\"> Liquido fumante trasparente, da incolore a leggermente giallo<\/span><span style=\"font-weight: 400;\">\n<p><\/span><\/li>\n<\/ul>\n<h3><b>Perch\u00e9 scegliere il nostro acido nitrico ad alta concentrazione?<\/b><\/h3>\n<p><span style=\"font-weight: 400;\">Questa soluzione di acido nitrico \u00e8 progettata per <\/span><b>applicazioni di alta precisione<\/b><span style=\"font-weight: 400;\"> dove <\/span><b>purezza, coerenza e sicurezza<\/b><span style=\"font-weight: 400;\"> sono fondamentali:<\/span><\/p>\n<ul>\n<li style=\"font-weight: 400;\" aria-level=\"1\"><b>Incisione e pulizia nella produzione di elettronica<\/b><b>\n<p><\/b><\/li>\n<li style=\"font-weight: 400;\" aria-level=\"1\"><b>Trattamento dei metalli e passivazione superficiale in metallurgia<\/b><b>\n<p><\/b><\/li>\n<li style=\"font-weight: 400;\" aria-level=\"1\"><b>Reagente utilizzato nei laboratori per la nitrazione, l'ossidazione e l'analisi chimica.<\/b><b>\n<p><\/b><\/li>\n<li style=\"font-weight: 400;\" aria-level=\"1\"><b>Produzione di fertilizzanti e sintesi di prodotti chimici speciali<\/b><b>\n<p><\/b><\/li>\n<\/ul>\n<p><span style=\"font-weight: 400;\">Ogni lotto viene testato per soddisfare <\/span><b>Standard ISO e specifici del settore<\/b><span style=\"font-weight: 400;\">garantendo prestazioni affidabili per tutte le applicazioni.<\/span><\/p>\n<h3><b>Ordina acido nitrico (alta concentrazione) online con piena conformit\u00e0<\/b><\/h3>\n<p><span style=\"font-weight: 400;\">Offriamo <\/span><a href=\"https:\/\/subszone.com\/it\/product\/acido-nitrico-ad-alta-concentrazione\/\"><b>acido nitrico (alta concentrazione) in vendita<\/b><\/a><span style=\"font-weight: 400;\"> a istituzioni commerciali e di ricerca verificate. In qualit\u00e0 di fornitore responsabile, diamo priorit\u00e0 a <\/span><b>sicurezza, tracciabilit\u00e0 e conformit\u00e0 legale<\/b><span style=\"font-weight: 400;\"> per tutte le spedizioni.<\/span><\/p>\n<ul>\n<li style=\"font-weight: 400;\" aria-level=\"1\"><span style=\"font-weight: 400;\">Consegna rapida e sicura con adeguati protocolli di trasporto di sostanze chimiche<\/span><span style=\"font-weight: 400;\">\n<p><\/span><\/li>\n<li style=\"font-weight: 400;\" aria-level=\"1\"><span style=\"font-weight: 400;\">La documentazione comprendeva: SDS, COA ed etichettatura dei materiali pericolosi.<\/span><span style=\"font-weight: 400;\">\n<p><\/span><\/li>\n<li style=\"font-weight: 400;\" aria-level=\"1\"><span style=\"font-weight: 400;\">Sono disponibili consulenze tecniche e linee guida per lo stoccaggio<\/span><span style=\"font-weight: 400;\">\n<p><\/span><\/li>\n<li style=\"font-weight: 400;\" aria-level=\"1\"><span style=\"font-weight: 400;\">Prezzi di massa per ordini industriali<\/span><span style=\"font-weight: 400;\">\n<p><\/span><\/li>\n<\/ul>\n<p><span style=\"font-weight: 400;\">Se state cercando il <\/span><b>Il posto migliore per acquistare l'acido nitrico (ad alta concentrazione)<\/b><span style=\"font-weight: 400;\"> online, la nostra piattaforma offre una soluzione sicura, conforme ed efficiente, pensata per gli acquirenti regolamentati.<\/span><\/p>\n<h3><b>Informazioni su salute, sicurezza e normative<\/b><\/h3>\n<p><span style=\"font-weight: 400;\">Grazie alla sua <\/span><b>altamente corrosivo<\/b><span style=\"font-weight: 400;\"> e <\/span><b>natura ossidante<\/b><span style=\"font-weight: 400;\">L'acido nitrico deve essere maneggiato con estrema cura. Sono necessari dispositivi di protezione individuale (DPI), un'adeguata ventilazione e contenitori di stoccaggio approvati. Questo prodotto \u00e8 classificato sotto <\/span><b>materiali pericolosi<\/b><span style=\"font-weight: 400;\"> e soggetto a:<\/span><\/p>\n<ul>\n<li style=\"font-weight: 400;\" aria-level=\"1\"><b>OSHA<\/b><span style=\"font-weight: 400;\"> norme di sicurezza<\/span><span style=\"font-weight: 400;\">\n<p><\/span><\/li>\n<li style=\"font-weight: 400;\" aria-level=\"1\"><b>EPA<\/b><span style=\"font-weight: 400;\"> leggi sul trasporto ambientale<\/span><span style=\"font-weight: 400;\">\n<p><\/span><\/li>\n<li style=\"font-weight: 400;\" aria-level=\"1\"><b>RAGGIUNGERE<\/b><span style=\"font-weight: 400;\"> e <\/span><b>CLP<\/b><span style=\"font-weight: 400;\"> conformit\u00e0 nell'UE<\/span><span style=\"font-weight: 400;\">\n<p><\/span><\/li>\n<\/ul>\n<p><span style=\"font-weight: 400;\">La spedizione \u00e8 disponibile solo per strutture autorizzate o approvate. Noi facciamo <\/span><b>non<\/b><span style=\"font-weight: 400;\"> vendere a persone non autorizzate o a entit\u00e0 non verificate.<\/span><\/p>\n<h3><b>Conformit\u00e0 e approvvigionamento etico<\/b><\/h3>\n<p><span style=\"font-weight: 400;\">Ci riforniamo di acido nitrico esclusivamente da <\/span><b>produttori chimici certificati<\/b><span style=\"font-weight: 400;\"> con una reputazione consolidata in termini di qualit\u00e0 e sicurezza. Il nostro impegno per <\/span><b>pratiche etiche della catena di fornitura<\/b><span style=\"font-weight: 400;\"> comprende la stretta osservanza delle leggi locali e internazionali che regolano la vendita e il trasporto di sostanze regolamentate.<\/span><\/p>\n<h3><b>Stai cercando un prezzo conveniente per l'acido nitrico (alta concentrazione)?<\/b><\/h3>\n<p><span style=\"font-weight: 400;\">Offriamo tariffe competitive senza sacrificare la qualit\u00e0 o la conformit\u00e0. Sia che abbiate bisogno di una piccola quantit\u00e0 per uso di laboratorio o di una spedizione in grandi quantit\u00e0 per la produzione su scala industriale, vi offriamo prezzi su misura e supporto logistico.<\/span><\/p>","protected":false},"excerpt":{"rendered":"<p>L'acido nitrico ad alta concentrazione \u00e8 un potente acido minerale con un'ampia gamma di applicazioni industriali e di laboratorio. Noto per la sua natura corrosiva e la capacit\u00e0 di agire come forte agente ossidante, questo acido \u00e8 essenziale in diversi processi chimici.<\/p>\n<ul>\n<li><strong>Formula chimica<\/strong>: <span class=\"katex\"><span class=\"katex-mathml\">HNO3HNO_3<\/span><span class=\"katex-html\" aria-hidden=\"true\"><span class=\"base\"><span class=\"mord mathnormal\">H<\/span><span class=\"mord mathnormal\">N<\/span><span class=\"mord\"><span class=\"mord mathnormal\">O<\/span><span class=\"msupsub\"><span class=\"vlist-t vlist-t2\"><span class=\"vlist-r\"><span class=\"vlist\"><span class=\"sizing reset-size6 size3 mtight\"><span class=\"mord mtight\">3<\/span><\/span><\/span><span class=\"vlist-s\">\u200b<\/span><\/span><\/span><\/span><\/span><\/span><\/span><\/span><\/li>\n<li><strong>Struttura molecolare<\/strong>: L'acido nitrico \u00e8 costituito da un atomo di azoto legato a tre atomi di ossigeno, con un atomo di idrogeno.<\/li>\n<li><strong>Stato fisico<\/strong>: Liquido incolore.<\/li>\n<li><strong>Punto di ebollizione<\/strong>: Circa 83 \u00b0C (181 \u00b0F) per l'acido nitrico concentrato (concentrazione di circa 68%).<\/li>\n<li><strong>Densit\u00e0<\/strong>: Circa 1,51 g\/cm\u00b3 per l'acido nitrico concentrato.<\/li>\n<li><strong>Solubilit\u00e0<\/strong>: Altamente solubile in acqua, con reazione esotermica al momento della miscelazione.<\/li>\n<\/ul>","protected":false},"featured_media":1341,"comment_status":"open","ping_status":"closed","template":"","meta":{"_kadence_starter_templates_imported_post":false,"_kad_post_transparent":"default","_kad_post_title":"","_kad_post_layout":"default","_kad_post_sidebar_id":"","_kad_post_content_style":"default","_kad_post_vertical_padding":"default","_kad_post_feature":"","_kad_post_feature_position":"","_kad_post_header":false,"_kad_post_footer":false,"_joinchat":[]},"product_brand":[],"product_cat":[82],"product_tag":[840,837,852,841,839,849,843,845,851,847,846,838,848,844,842,855,853,836,854,850],"class_list":{"0":"post-1220","1":"product","2":"type-product","3":"status-publish","4":"has-post-thumbnail","6":"product_cat-explosives-and-pyrotechnics","7":"product_tag-bulk-nitric-acid-supplier","8":"product_tag-buy-nitric-acid","9":"product_tag-commercial-nitric-acid-supply","10":"product_tag-high-purity-nitric-acid","11":"product_tag-industrial-nitric-acid-supply","12":"product_tag-nitric-acid-distributor","13":"product_tag-nitric-acid-for-chemical-manufacturing","14":"product_tag-nitric-acid-for-explosives","15":"product_tag-nitric-acid-for-industrial-applications","16":"product_tag-nitric-acid-for-laboratory-use","17":"product_tag-nitric-acid-for-metal-treatment","18":"product_tag-nitric-acid-for-sale","19":"product_tag-nitric-acid-in-electronics-industry","20":"product_tag-nitric-acid-in-fertilizer-production","21":"product_tag-nitric-acid-price-and-availability","22":"product_tag-nitric-acid-procurement","23":"product_tag-nitric-acid-safety-and-compliance","24":"product_tag-nitric-acid-supplier","25":"product_tag-reliable-nitric-acid-supplier","26":"product_tag-where-to-buy-nitric-acid","28":"first","29":"instock","30":"shipping-taxable","31":"product-type-simple","32":"entry","33":"content-bg","34":"loop-entry"},"yoast_head":"<!-- This site is optimized with the Yoast SEO plugin v25.6 - https:\/\/yoast.com\/wordpress\/plugins\/seo\/ -->\n<title>Buy Nitric Acid (High Concentration) Online - Nitric Acid for Sale<\/title>\n<meta name=\"description\" content=\"Your order for nitric acid high concentration for sale is our responsibility. We will take your order to buy nitric acid high concentration online and reach you in a short period. Place bulk orders now!\" \/>\n<meta name=\"robots\" content=\"index, follow, max-snippet:-1, max-image-preview:large, max-video-preview:-1\" \/>\n<link rel=\"canonical\" href=\"https:\/\/subszone.com\/it\/product\/acido-nitrico-ad-alta-concentrazione\/\" \/>\n<meta property=\"og:locale\" content=\"it_IT\" \/>\n<meta property=\"og:type\" content=\"article\" \/>\n<meta property=\"og:title\" content=\"Buy Nitric Acid (High Concentration) Online - Nitric Acid for Sale\" \/>\n<meta property=\"og:description\" content=\"Your order for nitric acid high concentration for sale is our responsibility. We will take your order to buy nitric acid high concentration online and reach you in a short period. Place bulk orders now!\" \/>\n<meta property=\"og:url\" content=\"https:\/\/subszone.com\/it\/product\/acido-nitrico-ad-alta-concentrazione\/\" \/>\n<meta property=\"og:site_name\" content=\"SubsZone\" \/>\n<meta property=\"article:modified_time\" content=\"2025-06-03T05:23:47+00:00\" \/>\n<meta property=\"og:image\" content=\"https:\/\/subszone.com\/wp-content\/uploads\/2024\/10\/Nitric-Acid-High-Concentration.webp\" \/>\n\t<meta property=\"og:image:width\" content=\"1024\" \/>\n\t<meta property=\"og:image:height\" content=\"1024\" \/>\n\t<meta property=\"og:image:type\" content=\"image\/webp\" \/>\n<meta name=\"twitter:card\" content=\"summary_large_image\" \/>\n<meta name=\"twitter:label1\" content=\"Tempo di lettura stimato\" \/>\n\t<meta name=\"twitter:data1\" content=\"2 minuti\" \/>\n<script type=\"application\/ld+json\" class=\"yoast-schema-graph\">{\"@context\":\"https:\/\/schema.org\",\"@graph\":[{\"@type\":\"WebPage\",\"@id\":\"https:\/\/subszone.com\/product\/nitric-acid-high-concentration\/\",\"url\":\"https:\/\/subszone.com\/product\/nitric-acid-high-concentration\/\",\"name\":\"Buy Nitric Acid (High Concentration) Online - Nitric Acid for Sale\",\"isPartOf\":{\"@id\":\"https:\/\/subszone.com\/#website\"},\"primaryImageOfPage\":{\"@id\":\"https:\/\/subszone.com\/product\/nitric-acid-high-concentration\/#primaryimage\"},\"image\":{\"@id\":\"https:\/\/subszone.com\/product\/nitric-acid-high-concentration\/#primaryimage\"},\"thumbnailUrl\":\"https:\/\/subszone.com\/wp-content\/uploads\/2024\/10\/Nitric-Acid-High-Concentration.webp\",\"datePublished\":\"2024-10-24T06:27:10+00:00\",\"dateModified\":\"2025-06-03T05:23:47+00:00\",\"description\":\"Your order for nitric acid high concentration for sale is our responsibility. We will take your order to buy nitric acid high concentration online and reach you in a short period. Place bulk orders now!\",\"breadcrumb\":{\"@id\":\"https:\/\/subszone.com\/product\/nitric-acid-high-concentration\/#breadcrumb\"},\"inLanguage\":\"it-IT\",\"potentialAction\":[{\"@type\":\"ReadAction\",\"target\":[\"https:\/\/subszone.com\/product\/nitric-acid-high-concentration\/\"]}]},{\"@type\":\"ImageObject\",\"inLanguage\":\"it-IT\",\"@id\":\"https:\/\/subszone.com\/product\/nitric-acid-high-concentration\/#primaryimage\",\"url\":\"https:\/\/subszone.com\/wp-content\/uploads\/2024\/10\/Nitric-Acid-High-Concentration.webp\",\"contentUrl\":\"https:\/\/subszone.com\/wp-content\/uploads\/2024\/10\/Nitric-Acid-High-Concentration.webp\",\"width\":1024,\"height\":1024,\"caption\":\"Buy Nitric Acid (High Concentration) Online\"},{\"@type\":\"BreadcrumbList\",\"@id\":\"https:\/\/subszone.com\/product\/nitric-acid-high-concentration\/#breadcrumb\",\"itemListElement\":[{\"@type\":\"ListItem\",\"position\":1,\"name\":\"Home\",\"item\":\"https:\/\/subszone.com\/\"},{\"@type\":\"ListItem\",\"position\":2,\"name\":\"Shop\",\"item\":\"https:\/\/subszone.com\/shop\/\"},{\"@type\":\"ListItem\",\"position\":3,\"name\":\"Buy Nitric Acid (High Concentration) Online\"}]},{\"@type\":\"WebSite\",\"@id\":\"https:\/\/subszone.com\/#website\",\"url\":\"https:\/\/subszone.com\/\",\"name\":\"SubsZone\",\"description\":\"My WordPress Blog\",\"publisher\":{\"@id\":\"https:\/\/subszone.com\/#organization\"},\"potentialAction\":[{\"@type\":\"SearchAction\",\"target\":{\"@type\":\"EntryPoint\",\"urlTemplate\":\"https:\/\/subszone.com\/?s={search_term_string}\"},\"query-input\":{\"@type\":\"PropertyValueSpecification\",\"valueRequired\":true,\"valueName\":\"search_term_string\"}}],\"inLanguage\":\"it-IT\"},{\"@type\":\"Organization\",\"@id\":\"https:\/\/subszone.com\/#organization\",\"name\":\"SubsZone\",\"url\":\"https:\/\/subszone.com\/\",\"logo\":{\"@type\":\"ImageObject\",\"inLanguage\":\"it-IT\",\"@id\":\"https:\/\/subszone.com\/#\/schema\/logo\/image\/\",\"url\":\"https:\/\/subszone.com\/wp-content\/uploads\/2024\/10\/logo.png\",\"contentUrl\":\"https:\/\/subszone.com\/wp-content\/uploads\/2024\/10\/logo.png\",\"width\":193,\"height\":50,\"caption\":\"SubsZone\"},\"image\":{\"@id\":\"https:\/\/subszone.com\/#\/schema\/logo\/image\/\"}}]}<\/script>\n<!-- \/ Yoast SEO plugin. -->","yoast_head_json":{"title":"Acquisto online di acido nitrico (alta concentrazione) - Vendita di acido nitrico","description":"Il tuo ordine di acido nitrico ad alta concentrazione in vendita \u00e8 una nostra responsabilit\u00e0. Prenderemo in carico il vostro ordine di acquisto di acido nitrico ad alta concentrazione online e vi raggiungeremo in breve tempo. Effettuate subito ordini in blocco!","robots":{"index":"index","follow":"follow","max-snippet":"max-snippet:-1","max-image-preview":"max-image-preview:large","max-video-preview":"max-video-preview:-1"},"canonical":"https:\/\/subszone.com\/it\/product\/acido-nitrico-ad-alta-concentrazione\/","og_locale":"it_IT","og_type":"article","og_title":"Buy Nitric Acid (High Concentration) Online - Nitric Acid for Sale","og_description":"Your order for nitric acid high concentration for sale is our responsibility. We will take your order to buy nitric acid high concentration online and reach you in a short period. Place bulk orders now!","og_url":"https:\/\/subszone.com\/it\/product\/acido-nitrico-ad-alta-concentrazione\/","og_site_name":"SubsZone","article_modified_time":"2025-06-03T05:23:47+00:00","og_image":[{"width":1024,"height":1024,"url":"https:\/\/subszone.com\/wp-content\/uploads\/2024\/10\/Nitric-Acid-High-Concentration.webp","type":"image\/webp"}],"twitter_card":"summary_large_image","twitter_misc":{"Tempo di lettura stimato":"2 minuti"},"schema":{"@context":"https:\/\/schema.org","@graph":[{"@type":"WebPage","@id":"https:\/\/subszone.com\/product\/nitric-acid-high-concentration\/","url":"https:\/\/subszone.com\/product\/nitric-acid-high-concentration\/","name":"Acquisto online di acido nitrico (alta concentrazione) - Vendita di acido nitrico","isPartOf":{"@id":"https:\/\/subszone.com\/#website"},"primaryImageOfPage":{"@id":"https:\/\/subszone.com\/product\/nitric-acid-high-concentration\/#primaryimage"},"image":{"@id":"https:\/\/subszone.com\/product\/nitric-acid-high-concentration\/#primaryimage"},"thumbnailUrl":"https:\/\/subszone.com\/wp-content\/uploads\/2024\/10\/Nitric-Acid-High-Concentration.webp","datePublished":"2024-10-24T06:27:10+00:00","dateModified":"2025-06-03T05:23:47+00:00","description":"Il tuo ordine di acido nitrico ad alta concentrazione in vendita \u00e8 una nostra responsabilit\u00e0. Prenderemo in carico il vostro ordine di acquisto di acido nitrico ad alta concentrazione online e vi raggiungeremo in breve tempo. Effettuate subito ordini in blocco!","breadcrumb":{"@id":"https:\/\/subszone.com\/product\/nitric-acid-high-concentration\/#breadcrumb"},"inLanguage":"it-IT","potentialAction":[{"@type":"ReadAction","target":["https:\/\/subszone.com\/product\/nitric-acid-high-concentration\/"]}]},{"@type":"ImageObject","inLanguage":"it-IT","@id":"https:\/\/subszone.com\/product\/nitric-acid-high-concentration\/#primaryimage","url":"https:\/\/subszone.com\/wp-content\/uploads\/2024\/10\/Nitric-Acid-High-Concentration.webp","contentUrl":"https:\/\/subszone.com\/wp-content\/uploads\/2024\/10\/Nitric-Acid-High-Concentration.webp","width":1024,"height":1024,"caption":"Buy Nitric Acid (High Concentration) Online"},{"@type":"BreadcrumbList","@id":"https:\/\/subszone.com\/product\/nitric-acid-high-concentration\/#breadcrumb","itemListElement":[{"@type":"ListItem","position":1,"name":"Home","item":"https:\/\/subszone.com\/"},{"@type":"ListItem","position":2,"name":"Shop","item":"https:\/\/subszone.com\/shop\/"},{"@type":"ListItem","position":3,"name":"Buy Nitric Acid (High Concentration) Online"}]},{"@type":"WebSite","@id":"https:\/\/subszone.com\/#website","url":"https:\/\/subszone.com\/","name":"SubsZone","description":"Il mio blog WordPress","publisher":{"@id":"https:\/\/subszone.com\/#organization"},"potentialAction":[{"@type":"SearchAction","target":{"@type":"EntryPoint","urlTemplate":"https:\/\/subszone.com\/?s={search_term_string}"},"query-input":{"@type":"PropertyValueSpecification","valueRequired":true,"valueName":"search_term_string"}}],"inLanguage":"it-IT"},{"@type":"Organization","@id":"https:\/\/subszone.com\/#organization","name":"SubsZone","url":"https:\/\/subszone.com\/","logo":{"@type":"ImageObject","inLanguage":"it-IT","@id":"https:\/\/subszone.com\/#\/schema\/logo\/image\/","url":"https:\/\/subszone.com\/wp-content\/uploads\/2024\/10\/logo.png","contentUrl":"https:\/\/subszone.com\/wp-content\/uploads\/2024\/10\/logo.png","width":193,"height":50,"caption":"SubsZone"},"image":{"@id":"https:\/\/subszone.com\/#\/schema\/logo\/image\/"}}]}},"_links":{"self":[{"href":"https:\/\/subszone.com\/it\/wp-json\/wp\/v2\/product\/1220","targetHints":{"allow":["GET"]}}],"collection":[{"href":"https:\/\/subszone.com\/it\/wp-json\/wp\/v2\/product"}],"about":[{"href":"https:\/\/subszone.com\/it\/wp-json\/wp\/v2\/types\/product"}],"replies":[{"embeddable":true,"href":"https:\/\/subszone.com\/it\/wp-json\/wp\/v2\/comments?post=1220"}],"wp:featuredmedia":[{"embeddable":true,"href":"https:\/\/subszone.com\/it\/wp-json\/wp\/v2\/media\/1341"}],"wp:attachment":[{"href":"https:\/\/subszone.com\/it\/wp-json\/wp\/v2\/media?parent=1220"}],"wp:term":[{"taxonomy":"product_brand","embeddable":true,"href":"https:\/\/subszone.com\/it\/wp-json\/wp\/v2\/product_brand?post=1220"},{"taxonomy":"product_cat","embeddable":true,"href":"https:\/\/subszone.com\/it\/wp-json\/wp\/v2\/product_cat?post=1220"},{"taxonomy":"product_tag","embeddable":true,"href":"https:\/\/subszone.com\/it\/wp-json\/wp\/v2\/product_tag?post=1220"}],"curies":[{"name":"wp","href":"https:\/\/api.w.org\/{rel}","templated":true}]}}