{"id":1231,"date":"2024-10-24T06:44:11","date_gmt":"2024-10-24T06:44:11","guid":{"rendered":"https:\/\/subszone.com\/?post_type=product&#038;p=1231"},"modified":"2025-06-03T06:04:44","modified_gmt":"2025-06-03T06:04:44","slug":"fenolo","status":"publish","type":"product","link":"https:\/\/subszone.com\/it\/product\/fenolo\/","title":{"rendered":"Acquistare il fenolo online"},"content":{"rendered":"<h2><b>Fenolo - Grado industriale e di laboratorio di elevata purezza<\/b><\/h2>\n<p><span style=\"font-weight: 400;\">Guardando a <\/span><a href=\"https:\/\/subszone.com\/it\/product\/fenolo\/\"><b>acquistare fenolo online<\/b><\/a><span style=\"font-weight: 400;\"> per la ricerca, la lavorazione industriale o le applicazioni analitiche? I nostri prodotti di qualit\u00e0 superiore <\/span><b>Fenolo<\/b><span style=\"font-weight: 400;\"> offre qualit\u00e0 e affidabilit\u00e0 costanti per i professionisti che richiedono precisione, purezza e sicurezza di utilizzo.<\/span><\/p>\n<h3><b>Panoramica del prodotto<\/b><\/h3>\n<p><span style=\"font-weight: 400;\">Il fenolo (C\u2086H\u2085OH) \u00e8 un composto organico aromatico con un gruppo idrossile attaccato a un anello benzenico. Si presenta come solido cristallino o liquido a seconda della temperatura e della purezza. Conosciuto per la sua forte reattivit\u00e0 chimica e antisettica, il fenolo \u00e8 ampiamente utilizzato in tutti i settori industriali, da <\/span><b>produzione di resina<\/b><span style=\"font-weight: 400;\"> e <\/span><b>sintesi farmaceutica<\/b><span style=\"font-weight: 400;\"> a <\/span><b>ricerca di laboratorio<\/b><span style=\"font-weight: 400;\"> e <\/span><b>formulazioni cosmetiche<\/b><span style=\"font-weight: 400;\">.<\/span><\/p>\n<h3><b>Caratteristiche e vantaggi principali<\/b><\/h3>\n<ul>\n<li style=\"font-weight: 400;\" aria-level=\"1\"><b>Standard di elevata purezza e di laboratorio<\/b><span style=\"font-weight: 400;\"> - Adatto per la ricerca analitica, la sintesi organica e le applicazioni industriali<\/span><span style=\"font-weight: 400;\">\n<p><\/span><\/li>\n<li style=\"font-weight: 400;\" aria-level=\"1\"><b>Disponibile in pi\u00f9 formati<\/b><span style=\"font-weight: 400;\"> - Scegliere tra fenolo cristallino o liquido, saldamente sigillato ed etichettato con la documentazione SDS.<\/span><span style=\"font-weight: 400;\">\n<p><\/span><\/li>\n<li style=\"font-weight: 400;\" aria-level=\"1\"><b>Applicazioni versatili<\/b><span style=\"font-weight: 400;\"> - Utilizzato nella produzione di materie plastiche, coloranti, antiossidanti e come reagente nelle analisi chimiche.<\/span><span style=\"font-weight: 400;\">\n<p><\/span><\/li>\n<li style=\"font-weight: 400;\" aria-level=\"1\"><b>Imballaggio sicuro e conformit\u00e0<\/b><span style=\"font-weight: 400;\"> - Spedito in conformit\u00e0 alle normative sul trasporto di sostanze chimiche e include una scheda di sicurezza completa per una manipolazione sicura.<\/span><span style=\"font-weight: 400;\">\n<p><\/span><\/li>\n<li style=\"font-weight: 400;\" aria-level=\"1\"><b>Affidato da ricercatori e professionisti del settore in tutto il mondo<\/b><b>\n<p><\/b><\/li>\n<\/ul>\n<h3><b>Perch\u00e9 ordinare il fenolo online con noi?<\/b><\/h3>\n<p><span style=\"font-weight: 400;\">Rendiamo facile <\/span><a href=\"https:\/\/en.wikipedia.org\/wiki\/Phenol\"><b>ordinare il fenolo online<\/b><\/a><span style=\"font-weight: 400;\"> in modo sicuro e legale. Tutte le spedizioni sono gestite da partner della catena di fornitura verificati, per garantire che ci\u00f2 che ricevete soddisfi le vostre aspettative in termini di <\/span><b>purezza, imballaggio e documentazione<\/b><span style=\"font-weight: 400;\">. Sia che si tratti di un laboratorio, di un'universit\u00e0 o di un sito industriale, la nostra piattaforma offre un'ampia gamma di servizi. <\/span><b>modo sicuro e conforme per accedere al fenolo per uso legittimo<\/b><span style=\"font-weight: 400;\">.<\/span><\/p>\n<h3><b>Prezzi convenienti e sconti per grandi quantitativi<\/b><\/h3>\n<p><span style=\"font-weight: 400;\">Alla ricerca di <\/span><b>fenolo in vendita<\/b><span style=\"font-weight: 400;\"> a tariffe competitive? Offriamo <\/span><b>prezzi economici del fenolo<\/b><span style=\"font-weight: 400;\"> senza compromettere la qualit\u00e0. Sono disponibili quantit\u00e0 massicce a prezzi scontati, con dimensioni d'ordine flessibili e adatte alle vostre esigenze operative.<\/span><\/p>\n<h3><b>Informazioni legali e sulla sicurezza<\/b><\/h3>\n<p><span style=\"font-weight: 400;\">Attenzione: il fenolo \u00e8 classificato come sostanza pericolosa in molte giurisdizioni. Gli acquirenti sono responsabili della comprensione delle <\/span><b>stato giuridico<\/b><span style=\"font-weight: 400;\"> di questo composto nel proprio paese o stato e di rispettare tutte le norme di legge. <\/span><b>Regole per l'importazione, lo stoccaggio e la manipolazione<\/b><span style=\"font-weight: 400;\">. Prima della spedizione potrebbe essere richiesta una licenza commerciale o di ricerca valida.<\/span><\/p>\n<h3><b>Ordinare con fiducia<\/b><\/h3>\n<p><span style=\"font-weight: 400;\">Se state cercando il <\/span><b>il miglior posto per comprare il fenolo online<\/b><span style=\"font-weight: 400;\">non cercate oltre. Combiniamo <\/span><b>garanzia di qualit\u00e0<\/b><span style=\"font-weight: 400;\">documentazione trasparente e assistenza professionale per aiutarvi a ottenere il materiale di cui avete bisogno, in modo affidabile e responsabile.<\/span><\/p>","protected":false},"excerpt":{"rendered":"<p><strong>Fenolo<\/strong>, noto anche come acido carbolico, \u00e8 un composto organico aromatico con formula chimica C\u2086H\u2085OH. \u00c8 un solido incolore o bianco a temperatura ambiente, noto per il suo caratteristico odore dolce e medicinale. Il fenolo \u00e8 ampiamente utilizzato in varie applicazioni industriali grazie alle sue propriet\u00e0 chimiche.<\/p>\n<ul>\n<li><strong>Formula chimica<\/strong>: C\u2086H\u2085OH<\/li>\n<li><strong>Peso molecolare<\/strong>: 94,11 g\/mol<\/li>\n<li><strong>Punto di ebollizione<\/strong>: Circa 182 \u00b0C (360 \u00b0F)<\/li>\n<li><strong>Punto di fusione<\/strong>: 40,7 \u00b0C (105,3 \u00b0F)<\/li>\n<li><strong>Densit\u00e0<\/strong>: 1,07 g\/cm\u00b3<\/li>\n<li><strong>Solubilit\u00e0<\/strong>: Solubile in acqua, etanolo ed etere.<\/li>\n<\/ul>","protected":false},"featured_media":1404,"comment_status":"open","ping_status":"closed","template":"","meta":{"_kadence_starter_templates_imported_post":false,"_kad_post_transparent":"default","_kad_post_title":"","_kad_post_layout":"default","_kad_post_sidebar_id":"","_kad_post_content_style":"default","_kad_post_vertical_padding":"default","_kad_post_feature":"","_kad_post_feature_position":"","_kad_post_header":false,"_kad_post_footer":false,"_joinchat":[]},"product_brand":[],"product_cat":[59],"product_tag":[],"class_list":{"0":"post-1231","1":"product","2":"type-product","3":"status-publish","4":"has-post-thumbnail","6":"product_cat-chemical-manufacturing-and-synthesis","8":"first","9":"instock","10":"shipping-taxable","11":"product-type-simple","12":"entry","13":"content-bg","14":"loop-entry"},"yoast_head":"<!-- This site is optimized with the Yoast SEO plugin v25.6 - https:\/\/yoast.com\/wordpress\/plugins\/seo\/ -->\n<title>Buy Phenol Supplier Online - Phenol for Sale<\/title>\n<meta name=\"description\" content=\"You can get high-purity phenol Industrial for sale at our online store and get it at your doorstep without any hassle. We help you buy phenol Industrial online. Just place your order now!\" \/>\n<meta name=\"robots\" content=\"index, follow, max-snippet:-1, max-image-preview:large, max-video-preview:-1\" \/>\n<link rel=\"canonical\" href=\"https:\/\/subszone.com\/it\/product\/fenolo\/\" \/>\n<meta property=\"og:locale\" content=\"it_IT\" \/>\n<meta property=\"og:type\" content=\"article\" \/>\n<meta property=\"og:title\" content=\"Buy Phenol Supplier Online - Phenol for Sale\" \/>\n<meta property=\"og:description\" content=\"You can get high-purity phenol Industrial for sale at our online store and get it at your doorstep without any hassle. We help you buy phenol Industrial online. Just place your order now!\" \/>\n<meta property=\"og:url\" content=\"https:\/\/subszone.com\/it\/product\/fenolo\/\" \/>\n<meta property=\"og:site_name\" content=\"SubsZone\" \/>\n<meta property=\"article:modified_time\" content=\"2025-06-03T06:04:44+00:00\" \/>\n<meta property=\"og:image\" content=\"https:\/\/subszone.com\/wp-content\/uploads\/2024\/10\/Phenol-2-1.gif\" \/>\n\t<meta property=\"og:image:width\" content=\"600\" \/>\n\t<meta property=\"og:image:height\" content=\"600\" \/>\n\t<meta property=\"og:image:type\" content=\"image\/gif\" \/>\n<meta name=\"twitter:card\" content=\"summary_large_image\" \/>\n<meta name=\"twitter:label1\" content=\"Tempo di lettura stimato\" \/>\n\t<meta name=\"twitter:data1\" content=\"2 minuti\" \/>\n<script type=\"application\/ld+json\" class=\"yoast-schema-graph\">{\"@context\":\"https:\/\/schema.org\",\"@graph\":[{\"@type\":\"WebPage\",\"@id\":\"https:\/\/subszone.com\/product\/phenol\/\",\"url\":\"https:\/\/subszone.com\/product\/phenol\/\",\"name\":\"Buy Phenol Supplier Online - Phenol for Sale\",\"isPartOf\":{\"@id\":\"https:\/\/subszone.com\/#website\"},\"primaryImageOfPage\":{\"@id\":\"https:\/\/subszone.com\/product\/phenol\/#primaryimage\"},\"image\":{\"@id\":\"https:\/\/subszone.com\/product\/phenol\/#primaryimage\"},\"thumbnailUrl\":\"https:\/\/subszone.com\/wp-content\/uploads\/2024\/10\/Phenol-2-1.gif\",\"datePublished\":\"2024-10-24T06:44:11+00:00\",\"dateModified\":\"2025-06-03T06:04:44+00:00\",\"description\":\"You can get high-purity phenol Industrial for sale at our online store and get it at your doorstep without any hassle. We help you buy phenol Industrial online. Just place your order now!\",\"breadcrumb\":{\"@id\":\"https:\/\/subszone.com\/product\/phenol\/#breadcrumb\"},\"inLanguage\":\"it-IT\",\"potentialAction\":[{\"@type\":\"ReadAction\",\"target\":[\"https:\/\/subszone.com\/product\/phenol\/\"]}]},{\"@type\":\"ImageObject\",\"inLanguage\":\"it-IT\",\"@id\":\"https:\/\/subszone.com\/product\/phenol\/#primaryimage\",\"url\":\"https:\/\/subszone.com\/wp-content\/uploads\/2024\/10\/Phenol-2-1.gif\",\"contentUrl\":\"https:\/\/subszone.com\/wp-content\/uploads\/2024\/10\/Phenol-2-1.gif\",\"width\":600,\"height\":600,\"caption\":\"Buy Phenol Supplier Online\"},{\"@type\":\"BreadcrumbList\",\"@id\":\"https:\/\/subszone.com\/product\/phenol\/#breadcrumb\",\"itemListElement\":[{\"@type\":\"ListItem\",\"position\":1,\"name\":\"Home\",\"item\":\"https:\/\/subszone.com\/\"},{\"@type\":\"ListItem\",\"position\":2,\"name\":\"Shop\",\"item\":\"https:\/\/subszone.com\/shop\/\"},{\"@type\":\"ListItem\",\"position\":3,\"name\":\"Buy Phenol Online\"}]},{\"@type\":\"WebSite\",\"@id\":\"https:\/\/subszone.com\/#website\",\"url\":\"https:\/\/subszone.com\/\",\"name\":\"SubsZone\",\"description\":\"My WordPress Blog\",\"publisher\":{\"@id\":\"https:\/\/subszone.com\/#organization\"},\"potentialAction\":[{\"@type\":\"SearchAction\",\"target\":{\"@type\":\"EntryPoint\",\"urlTemplate\":\"https:\/\/subszone.com\/?s={search_term_string}\"},\"query-input\":{\"@type\":\"PropertyValueSpecification\",\"valueRequired\":true,\"valueName\":\"search_term_string\"}}],\"inLanguage\":\"it-IT\"},{\"@type\":\"Organization\",\"@id\":\"https:\/\/subszone.com\/#organization\",\"name\":\"SubsZone\",\"url\":\"https:\/\/subszone.com\/\",\"logo\":{\"@type\":\"ImageObject\",\"inLanguage\":\"it-IT\",\"@id\":\"https:\/\/subszone.com\/#\/schema\/logo\/image\/\",\"url\":\"https:\/\/subszone.com\/wp-content\/uploads\/2024\/10\/logo.png\",\"contentUrl\":\"https:\/\/subszone.com\/wp-content\/uploads\/2024\/10\/logo.png\",\"width\":193,\"height\":50,\"caption\":\"SubsZone\"},\"image\":{\"@id\":\"https:\/\/subszone.com\/#\/schema\/logo\/image\/\"}}]}<\/script>\n<!-- \/ Yoast SEO plugin. -->","yoast_head_json":{"title":"Comprare Fenolo Fornitore Online - Fenolo in Vendita","description":"\u00c8 possibile ottenere fenolo industriale di elevata purezza in vendita presso il nostro negozio online e riceverlo a casa vostra senza alcun problema. Vi aiutiamo a comprare fenolo industriale online. Effettuate il vostro ordine ora!","robots":{"index":"index","follow":"follow","max-snippet":"max-snippet:-1","max-image-preview":"max-image-preview:large","max-video-preview":"max-video-preview:-1"},"canonical":"https:\/\/subszone.com\/it\/product\/fenolo\/","og_locale":"it_IT","og_type":"article","og_title":"Buy Phenol Supplier Online - Phenol for Sale","og_description":"You can get high-purity phenol Industrial for sale at our online store and get it at your doorstep without any hassle. We help you buy phenol Industrial online. Just place your order now!","og_url":"https:\/\/subszone.com\/it\/product\/fenolo\/","og_site_name":"SubsZone","article_modified_time":"2025-06-03T06:04:44+00:00","og_image":[{"width":600,"height":600,"url":"https:\/\/subszone.com\/wp-content\/uploads\/2024\/10\/Phenol-2-1.gif","type":"image\/gif"}],"twitter_card":"summary_large_image","twitter_misc":{"Tempo di lettura stimato":"2 minuti"},"schema":{"@context":"https:\/\/schema.org","@graph":[{"@type":"WebPage","@id":"https:\/\/subszone.com\/product\/phenol\/","url":"https:\/\/subszone.com\/product\/phenol\/","name":"Comprare Fenolo Fornitore Online - Fenolo in Vendita","isPartOf":{"@id":"https:\/\/subszone.com\/#website"},"primaryImageOfPage":{"@id":"https:\/\/subszone.com\/product\/phenol\/#primaryimage"},"image":{"@id":"https:\/\/subszone.com\/product\/phenol\/#primaryimage"},"thumbnailUrl":"https:\/\/subszone.com\/wp-content\/uploads\/2024\/10\/Phenol-2-1.gif","datePublished":"2024-10-24T06:44:11+00:00","dateModified":"2025-06-03T06:04:44+00:00","description":"\u00c8 possibile ottenere fenolo industriale di elevata purezza in vendita presso il nostro negozio online e riceverlo a casa vostra senza alcun problema. Vi aiutiamo a comprare fenolo industriale online. Effettuate il vostro ordine ora!","breadcrumb":{"@id":"https:\/\/subszone.com\/product\/phenol\/#breadcrumb"},"inLanguage":"it-IT","potentialAction":[{"@type":"ReadAction","target":["https:\/\/subszone.com\/product\/phenol\/"]}]},{"@type":"ImageObject","inLanguage":"it-IT","@id":"https:\/\/subszone.com\/product\/phenol\/#primaryimage","url":"https:\/\/subszone.com\/wp-content\/uploads\/2024\/10\/Phenol-2-1.gif","contentUrl":"https:\/\/subszone.com\/wp-content\/uploads\/2024\/10\/Phenol-2-1.gif","width":600,"height":600,"caption":"Buy Phenol Supplier Online"},{"@type":"BreadcrumbList","@id":"https:\/\/subszone.com\/product\/phenol\/#breadcrumb","itemListElement":[{"@type":"ListItem","position":1,"name":"Home","item":"https:\/\/subszone.com\/"},{"@type":"ListItem","position":2,"name":"Shop","item":"https:\/\/subszone.com\/shop\/"},{"@type":"ListItem","position":3,"name":"Buy Phenol Online"}]},{"@type":"WebSite","@id":"https:\/\/subszone.com\/#website","url":"https:\/\/subszone.com\/","name":"SubsZone","description":"Il mio blog WordPress","publisher":{"@id":"https:\/\/subszone.com\/#organization"},"potentialAction":[{"@type":"SearchAction","target":{"@type":"EntryPoint","urlTemplate":"https:\/\/subszone.com\/?s={search_term_string}"},"query-input":{"@type":"PropertyValueSpecification","valueRequired":true,"valueName":"search_term_string"}}],"inLanguage":"it-IT"},{"@type":"Organization","@id":"https:\/\/subszone.com\/#organization","name":"SubsZone","url":"https:\/\/subszone.com\/","logo":{"@type":"ImageObject","inLanguage":"it-IT","@id":"https:\/\/subszone.com\/#\/schema\/logo\/image\/","url":"https:\/\/subszone.com\/wp-content\/uploads\/2024\/10\/logo.png","contentUrl":"https:\/\/subszone.com\/wp-content\/uploads\/2024\/10\/logo.png","width":193,"height":50,"caption":"SubsZone"},"image":{"@id":"https:\/\/subszone.com\/#\/schema\/logo\/image\/"}}]}},"_links":{"self":[{"href":"https:\/\/subszone.com\/it\/wp-json\/wp\/v2\/product\/1231","targetHints":{"allow":["GET"]}}],"collection":[{"href":"https:\/\/subszone.com\/it\/wp-json\/wp\/v2\/product"}],"about":[{"href":"https:\/\/subszone.com\/it\/wp-json\/wp\/v2\/types\/product"}],"replies":[{"embeddable":true,"href":"https:\/\/subszone.com\/it\/wp-json\/wp\/v2\/comments?post=1231"}],"wp:featuredmedia":[{"embeddable":true,"href":"https:\/\/subszone.com\/it\/wp-json\/wp\/v2\/media\/1404"}],"wp:attachment":[{"href":"https:\/\/subszone.com\/it\/wp-json\/wp\/v2\/media?parent=1231"}],"wp:term":[{"taxonomy":"product_brand","embeddable":true,"href":"https:\/\/subszone.com\/it\/wp-json\/wp\/v2\/product_brand?post=1231"},{"taxonomy":"product_cat","embeddable":true,"href":"https:\/\/subszone.com\/it\/wp-json\/wp\/v2\/product_cat?post=1231"},{"taxonomy":"product_tag","embeddable":true,"href":"https:\/\/subszone.com\/it\/wp-json\/wp\/v2\/product_tag?post=1231"}],"curies":[{"name":"wp","href":"https:\/\/api.w.org\/{rel}","templated":true}]}}