{"id":1244,"date":"2024-10-24T07:03:36","date_gmt":"2024-10-24T07:03:36","guid":{"rendered":"https:\/\/subszone.com\/?post_type=product&#038;p=1244"},"modified":"2025-06-03T07:21:33","modified_gmt":"2025-06-03T07:21:33","slug":"piperidina","status":"publish","type":"product","link":"https:\/\/subszone.com\/it\/product\/piperidina\/","title":{"rendered":"Acquistare Piperidine online"},"content":{"rendered":"<h2><b>Piperidina - Prodotto chimico intermedio di elevata purezza per applicazioni farmaceutiche e di ricerca<\/b><\/h2>\n<p><span style=\"font-weight: 400;\">Guardando a <\/span><a href=\"https:\/\/en.wikipedia.org\/wiki\/Piperidine\"><b>acquistare Piperidine online<\/b><\/a><span style=\"font-weight: 400;\"> da un fornitore affidabile e conforme? La nostra Piperidina di alta qualit\u00e0 \u00e8 prodotta sotto severi controlli di qualit\u00e0 e progettata per un uso professionale in <\/span><b>sintesi farmaceutica<\/b><span style=\"font-weight: 400;\">, <\/span><b>produzione agrochimica<\/b><span style=\"font-weight: 400;\">, e <\/span><b>ricerca chimica avanzata<\/b><span style=\"font-weight: 400;\">. Disponibile in diverse concentrazioni e confezioni, il nostro prodotto soddisfa i pi\u00f9 elevati standard di purezza, sicurezza e tracciabilit\u00e0.<\/span><\/p>\n<h3><b>Che cos'\u00e8 la piperidina?<\/b><\/h3>\n<p><span style=\"font-weight: 400;\">La piperidina \u00e8 un <\/span><b>eterociclo organico incolore e volatile<\/b><span style=\"font-weight: 400;\"> con un forte odore amminico, comunemente utilizzato come <\/span><b>intermedio chimico<\/b><span style=\"font-weight: 400;\"> in una variet\u00e0 di processi industriali legittimi. Un elemento fondamentale per la <\/span><b>industria farmaceutica<\/b><span style=\"font-weight: 400;\">La piperidina svolge un ruolo centrale nella sintesi di principi attivi per farmaci, oltre che di prodotti di chimica fine e materiali specializzati.<\/span><\/p>\n<h3><b>Applicazioni nell'industria e nella ricerca<\/b><\/h3>\n<p><span style=\"font-weight: 400;\">La nostra piperidina di elevata purezza \u00e8 ideale per:<\/span><\/p>\n<ul>\n<li style=\"font-weight: 400;\" aria-level=\"1\"><b>Produzione farmaceutica<\/b><span style=\"font-weight: 400;\">: Utilizzato nella sintesi di antistaminici, analgesici e antipsicotici.<\/span><span style=\"font-weight: 400;\">\n<p><\/span><\/li>\n<li style=\"font-weight: 400;\" aria-level=\"1\"><b>Produzione agrochimica<\/b><span style=\"font-weight: 400;\">: Agisce come componente chiave degli erbicidi e dei pesticidi.<\/span><span style=\"font-weight: 400;\">\n<p><\/span><\/li>\n<li style=\"font-weight: 400;\" aria-level=\"1\"><b>R&amp;S accademica e industriale<\/b><span style=\"font-weight: 400;\">: Facilita gli studi avanzati di chimica organica e l'innovazione dei materiali.<\/span><span style=\"font-weight: 400;\">\n<p><\/span><\/li>\n<\/ul>\n<p><span style=\"font-weight: 400;\">Ogni lotto viene testato e accompagnato da un <\/span><b>Certificato di analisi (COA)<\/b><span style=\"font-weight: 400;\"> per garantire la coerenza del prodotto e l'idoneit\u00e0 alle applicazioni pi\u00f9 esigenti.<\/span><\/p>\n<h3><b>Profilo chimico e informazioni sulla sicurezza<\/b><\/h3>\n<p><span style=\"font-weight: 400;\">La piperidina \u00e8 classificata come <\/span><b>sostanza infiammabile, corrosiva e tossica<\/b><span style=\"font-weight: 400;\"> e devono essere maneggiati con cura:<\/span><\/p>\n<ul>\n<li style=\"font-weight: 400;\" aria-level=\"1\"><b>Forma fisica<\/b><span style=\"font-weight: 400;\">: Liquido trasparente e incolore<\/span><span style=\"font-weight: 400;\">\n<p><\/span><\/li>\n<li style=\"font-weight: 400;\" aria-level=\"1\"><b>Odore<\/b><span style=\"font-weight: 400;\">: Forte, simile all'ammoniaca<\/span><span style=\"font-weight: 400;\">\n<p><\/span><\/li>\n<li style=\"font-weight: 400;\" aria-level=\"1\"><b>Pericoli<\/b><span style=\"font-weight: 400;\">: Irritazione della pelle e degli occhi, effetti respiratori in caso di esposizione prolungata.<\/span><span style=\"font-weight: 400;\">\n<p><\/span><\/li>\n<li style=\"font-weight: 400;\" aria-level=\"1\"><b>Immagazzinamento<\/b><span style=\"font-weight: 400;\">: Conservare in contenitori ben chiusi in un'area fresca e ben ventilata.<\/span><span style=\"font-weight: 400;\">\n<p><\/span><\/li>\n<li style=\"font-weight: 400;\" aria-level=\"1\"><b>DPI richiesti<\/b><span style=\"font-weight: 400;\">: Si raccomanda l'uso di guanti, occhiali, camice da laboratorio e cappa di aspirazione.<\/span><span style=\"font-weight: 400;\">\n<p><\/span><\/li>\n<\/ul>\n<p><span style=\"font-weight: 400;\">Forniamo un servizio completo <\/span><b>Scheda di sicurezza (SDS)<\/b><span style=\"font-weight: 400;\"> con ogni ordine.<\/span><\/p>\n<h3><b>Acquistare Piperidine online - Cosa c'\u00e8 da sapere<\/b><\/h3>\n<p><span style=\"font-weight: 400;\">Quando si cerca <\/span><a href=\"https:\/\/subszone.com\/it\/product\/piperidina\/\"><b>Piperidina in vendita<\/b><\/a><span style=\"font-weight: 400;\">\u00c8 essenziale scegliere un fornitore che operi nel rispetto di rigorosi standard legali ed etici. La piperidina \u00e8 regolamentata da <\/span><b>leggi sulle sostanze chimiche controllate<\/b><span style=\"font-weight: 400;\"> in diverse giurisdizioni a causa del suo potenziale uso improprio, in particolare nella sintesi delle droghe.<\/span><\/p>\n<p><span style=\"font-weight: 400;\">La nostra piattaforma garantisce:<\/span><\/p>\n<ul>\n<li style=\"font-weight: 400;\" aria-level=\"1\"><span style=\"font-weight: 400;\">Solo acquirenti verificati (aziende, istituzioni, professionisti abilitati)<\/span><span style=\"font-weight: 400;\">\n<p><\/span><\/li>\n<li style=\"font-weight: 400;\" aria-level=\"1\"><span style=\"font-weight: 400;\">Opzioni per diversi gradi di purezza e dimensioni di confezionamento<\/span><span style=\"font-weight: 400;\">\n<p><\/span><\/li>\n<li style=\"font-weight: 400;\" aria-level=\"1\"><span style=\"font-weight: 400;\">Spedizione rapida e sicura in contenitori approvati dall'ONU<\/span><span style=\"font-weight: 400;\">\n<p><\/span><\/li>\n<\/ul>\n<p><span style=\"font-weight: 400;\">Se siete alla ricerca di un <\/span><b>prezzo Piperidine a buon mercato<\/b><span style=\"font-weight: 400;\"> o l'approvvigionamento per ordini industriali all'ingrosso, garantiamo che il vostro processo di approvvigionamento sia sicuro, legale ed efficiente.<\/span><\/p>\n<h3><b>Perch\u00e9 scegliere noi?<\/b><\/h3>\n<p><span style=\"font-weight: 400;\">Siamo riconosciuti dai professionisti del settore come il <\/span><b>il miglior posto per comprare Piperidine online<\/b><span style=\"font-weight: 400;\">, grazie al nostro:<\/span><\/p>\n<ul>\n<li style=\"font-weight: 400;\" aria-level=\"1\"><span style=\"font-weight: 400;\">Politiche di conformit\u00e0 trasparenti<\/span><span style=\"font-weight: 400;\">\n<p><\/span><\/li>\n<li style=\"font-weight: 400;\" aria-level=\"1\"><span style=\"font-weight: 400;\">Rapida evasione degli ordini<\/span><span style=\"font-weight: 400;\">\n<p><\/span><\/li>\n<li style=\"font-weight: 400;\" aria-level=\"1\"><span style=\"font-weight: 400;\">Assistenza tecnica reattiva<\/span><span style=\"font-weight: 400;\">\n<p><\/span><\/li>\n<li style=\"font-weight: 400;\" aria-level=\"1\"><span style=\"font-weight: 400;\">Prezzi competitivi senza compromettere la qualit\u00e0<\/span><span style=\"font-weight: 400;\">\n<p><\/span><\/li>\n<\/ul>\n<h3><b>Pronti a ordinare?<\/b><\/h3>\n<p><span style=\"font-weight: 400;\">Assicuratevi la vostra fornitura di piperidina in tutta tranquillit\u00e0. Richiedete un preventivo, caricate la vostra documentazione e parlate con i nostri specialisti chimici oggi stesso. Ci impegniamo a <\/span><b>distribuzione di prodotti chimici sicura, responsabile e conforme alla legge<\/b><span style=\"font-weight: 400;\">.<\/span><\/p>","protected":false},"excerpt":{"rendered":"<p><strong>Piperidina<\/strong> \u00e8 un liquido incolore e oleoso con un caratteristico odore di ammina. La sua formula chimica \u00e8 C\u2085H\u2081\u2081N, ed \u00e8 classificata come ammina ciclica. La piperidina \u00e8 un composto versatile comunemente utilizzato nella sintesi organica e in varie applicazioni industriali.<\/p>\n<ul>\n<li><strong>Formula chimica<\/strong>: C\u2085H\u2081\u2081N<\/li>\n<li><strong>Peso molecolare<\/strong>: 85,15 g\/mol<\/li>\n<li><strong>Punto di ebollizione<\/strong>: Circa 106 \u00b0C (223 \u00b0F)<\/li>\n<li><strong>Densit\u00e0<\/strong>: 0,86 g\/cm\u00b3<\/li>\n<li><strong>Solubilit\u00e0<\/strong>: Miscibile con acqua, alcol e molti solventi organici.<\/li>\n<\/ul>","protected":false},"featured_media":1474,"comment_status":"open","ping_status":"closed","template":"","meta":{"_kadence_starter_templates_imported_post":false,"_kad_post_transparent":"default","_kad_post_title":"","_kad_post_layout":"default","_kad_post_sidebar_id":"","_kad_post_content_style":"default","_kad_post_vertical_padding":"default","_kad_post_feature":"","_kad_post_feature_position":"","_kad_post_header":false,"_kad_post_footer":false,"_joinchat":[]},"product_brand":[],"product_cat":[59],"product_tag":[],"class_list":{"0":"post-1244","1":"product","2":"type-product","3":"status-publish","4":"has-post-thumbnail","6":"product_cat-chemical-manufacturing-and-synthesis","8":"first","9":"instock","10":"shipping-taxable","11":"product-type-simple","12":"entry","13":"content-bg","14":"loop-entry"},"yoast_head":"<!-- This site is optimized with the Yoast SEO plugin v25.6 - https:\/\/yoast.com\/wordpress\/plugins\/seo\/ -->\n<title>Buy Piperidine Supplier Online - High-Quality Piperidine for Sale<\/title>\n<meta name=\"description\" content=\"Looking to buy piperidine supplier online at a reasonable price? Visit our reputable online subszone store and get high-quality piperidine for sale today. Place order now!\" \/>\n<meta name=\"robots\" content=\"index, follow, max-snippet:-1, max-image-preview:large, max-video-preview:-1\" \/>\n<link rel=\"canonical\" href=\"https:\/\/subszone.com\/it\/product\/piperidina\/\" \/>\n<meta property=\"og:locale\" content=\"it_IT\" \/>\n<meta property=\"og:type\" content=\"article\" \/>\n<meta property=\"og:title\" content=\"Buy Piperidine Supplier Online - High-Quality Piperidine for Sale\" \/>\n<meta property=\"og:description\" content=\"Looking to buy piperidine supplier online at a reasonable price? Visit our reputable online subszone store and get high-quality piperidine for sale today. Place order now!\" \/>\n<meta property=\"og:url\" content=\"https:\/\/subszone.com\/it\/product\/piperidina\/\" \/>\n<meta property=\"og:site_name\" content=\"SubsZone\" \/>\n<meta property=\"article:modified_time\" content=\"2025-06-03T07:21:33+00:00\" \/>\n<meta property=\"og:image\" content=\"https:\/\/subszone.com\/wp-content\/uploads\/2024\/10\/93e856e5-4881-42f2-ae20-85ed01d83868.webp\" \/>\n\t<meta property=\"og:image:width\" content=\"1024\" \/>\n\t<meta property=\"og:image:height\" content=\"1024\" \/>\n\t<meta property=\"og:image:type\" content=\"image\/webp\" \/>\n<meta name=\"twitter:card\" content=\"summary_large_image\" \/>\n<meta name=\"twitter:label1\" content=\"Tempo di lettura stimato\" \/>\n\t<meta name=\"twitter:data1\" content=\"3 minuti\" \/>\n<script type=\"application\/ld+json\" class=\"yoast-schema-graph\">{\"@context\":\"https:\/\/schema.org\",\"@graph\":[{\"@type\":\"WebPage\",\"@id\":\"https:\/\/subszone.com\/product\/piperidine\/\",\"url\":\"https:\/\/subszone.com\/product\/piperidine\/\",\"name\":\"Buy Piperidine Supplier Online - High-Quality Piperidine for Sale\",\"isPartOf\":{\"@id\":\"https:\/\/subszone.com\/#website\"},\"primaryImageOfPage\":{\"@id\":\"https:\/\/subszone.com\/product\/piperidine\/#primaryimage\"},\"image\":{\"@id\":\"https:\/\/subszone.com\/product\/piperidine\/#primaryimage\"},\"thumbnailUrl\":\"https:\/\/subszone.com\/wp-content\/uploads\/2024\/10\/93e856e5-4881-42f2-ae20-85ed01d83868.webp\",\"datePublished\":\"2024-10-24T07:03:36+00:00\",\"dateModified\":\"2025-06-03T07:21:33+00:00\",\"description\":\"Looking to buy piperidine supplier online at a reasonable price? Visit our reputable online subszone store and get high-quality piperidine for sale today. Place order now!\",\"breadcrumb\":{\"@id\":\"https:\/\/subszone.com\/product\/piperidine\/#breadcrumb\"},\"inLanguage\":\"it-IT\",\"potentialAction\":[{\"@type\":\"ReadAction\",\"target\":[\"https:\/\/subszone.com\/product\/piperidine\/\"]}]},{\"@type\":\"ImageObject\",\"inLanguage\":\"it-IT\",\"@id\":\"https:\/\/subszone.com\/product\/piperidine\/#primaryimage\",\"url\":\"https:\/\/subszone.com\/wp-content\/uploads\/2024\/10\/93e856e5-4881-42f2-ae20-85ed01d83868.webp\",\"contentUrl\":\"https:\/\/subszone.com\/wp-content\/uploads\/2024\/10\/93e856e5-4881-42f2-ae20-85ed01d83868.webp\",\"width\":1024,\"height\":1024,\"caption\":\"Buy Piperidine Supplier Online\"},{\"@type\":\"BreadcrumbList\",\"@id\":\"https:\/\/subszone.com\/product\/piperidine\/#breadcrumb\",\"itemListElement\":[{\"@type\":\"ListItem\",\"position\":1,\"name\":\"Home\",\"item\":\"https:\/\/subszone.com\/\"},{\"@type\":\"ListItem\",\"position\":2,\"name\":\"Shop\",\"item\":\"https:\/\/subszone.com\/shop\/\"},{\"@type\":\"ListItem\",\"position\":3,\"name\":\"Buy Piperidine Online\"}]},{\"@type\":\"WebSite\",\"@id\":\"https:\/\/subszone.com\/#website\",\"url\":\"https:\/\/subszone.com\/\",\"name\":\"SubsZone\",\"description\":\"My WordPress Blog\",\"publisher\":{\"@id\":\"https:\/\/subszone.com\/#organization\"},\"potentialAction\":[{\"@type\":\"SearchAction\",\"target\":{\"@type\":\"EntryPoint\",\"urlTemplate\":\"https:\/\/subszone.com\/?s={search_term_string}\"},\"query-input\":{\"@type\":\"PropertyValueSpecification\",\"valueRequired\":true,\"valueName\":\"search_term_string\"}}],\"inLanguage\":\"it-IT\"},{\"@type\":\"Organization\",\"@id\":\"https:\/\/subszone.com\/#organization\",\"name\":\"SubsZone\",\"url\":\"https:\/\/subszone.com\/\",\"logo\":{\"@type\":\"ImageObject\",\"inLanguage\":\"it-IT\",\"@id\":\"https:\/\/subszone.com\/#\/schema\/logo\/image\/\",\"url\":\"https:\/\/subszone.com\/wp-content\/uploads\/2024\/10\/logo.png\",\"contentUrl\":\"https:\/\/subszone.com\/wp-content\/uploads\/2024\/10\/logo.png\",\"width\":193,\"height\":50,\"caption\":\"SubsZone\"},\"image\":{\"@id\":\"https:\/\/subszone.com\/#\/schema\/logo\/image\/\"}}]}<\/script>\n<!-- \/ Yoast SEO plugin. -->","yoast_head_json":{"title":"Comprare Piperidine Fornitore online - Piperidine di alta qualit\u00e0 in vendita","description":"Stai cercando di acquistare un fornitore di piperidina online a un prezzo ragionevole? Visitate il nostro rinomato negozio online e acquistate piperidina di alta qualit\u00e0 in vendita oggi. Effettua l'ordine ora!","robots":{"index":"index","follow":"follow","max-snippet":"max-snippet:-1","max-image-preview":"max-image-preview:large","max-video-preview":"max-video-preview:-1"},"canonical":"https:\/\/subszone.com\/it\/product\/piperidina\/","og_locale":"it_IT","og_type":"article","og_title":"Buy Piperidine Supplier Online - High-Quality Piperidine for Sale","og_description":"Looking to buy piperidine supplier online at a reasonable price? Visit our reputable online subszone store and get high-quality piperidine for sale today. Place order now!","og_url":"https:\/\/subszone.com\/it\/product\/piperidina\/","og_site_name":"SubsZone","article_modified_time":"2025-06-03T07:21:33+00:00","og_image":[{"width":1024,"height":1024,"url":"https:\/\/subszone.com\/wp-content\/uploads\/2024\/10\/93e856e5-4881-42f2-ae20-85ed01d83868.webp","type":"image\/webp"}],"twitter_card":"summary_large_image","twitter_misc":{"Tempo di lettura stimato":"3 minuti"},"schema":{"@context":"https:\/\/schema.org","@graph":[{"@type":"WebPage","@id":"https:\/\/subszone.com\/product\/piperidine\/","url":"https:\/\/subszone.com\/product\/piperidine\/","name":"Comprare Piperidine Fornitore online - Piperidine di alta qualit\u00e0 in vendita","isPartOf":{"@id":"https:\/\/subszone.com\/#website"},"primaryImageOfPage":{"@id":"https:\/\/subszone.com\/product\/piperidine\/#primaryimage"},"image":{"@id":"https:\/\/subszone.com\/product\/piperidine\/#primaryimage"},"thumbnailUrl":"https:\/\/subszone.com\/wp-content\/uploads\/2024\/10\/93e856e5-4881-42f2-ae20-85ed01d83868.webp","datePublished":"2024-10-24T07:03:36+00:00","dateModified":"2025-06-03T07:21:33+00:00","description":"Stai cercando di acquistare un fornitore di piperidina online a un prezzo ragionevole? Visitate il nostro rinomato negozio online e acquistate piperidina di alta qualit\u00e0 in vendita oggi. Effettua l'ordine ora!","breadcrumb":{"@id":"https:\/\/subszone.com\/product\/piperidine\/#breadcrumb"},"inLanguage":"it-IT","potentialAction":[{"@type":"ReadAction","target":["https:\/\/subszone.com\/product\/piperidine\/"]}]},{"@type":"ImageObject","inLanguage":"it-IT","@id":"https:\/\/subszone.com\/product\/piperidine\/#primaryimage","url":"https:\/\/subszone.com\/wp-content\/uploads\/2024\/10\/93e856e5-4881-42f2-ae20-85ed01d83868.webp","contentUrl":"https:\/\/subszone.com\/wp-content\/uploads\/2024\/10\/93e856e5-4881-42f2-ae20-85ed01d83868.webp","width":1024,"height":1024,"caption":"Buy Piperidine Supplier Online"},{"@type":"BreadcrumbList","@id":"https:\/\/subszone.com\/product\/piperidine\/#breadcrumb","itemListElement":[{"@type":"ListItem","position":1,"name":"Home","item":"https:\/\/subszone.com\/"},{"@type":"ListItem","position":2,"name":"Shop","item":"https:\/\/subszone.com\/shop\/"},{"@type":"ListItem","position":3,"name":"Buy Piperidine Online"}]},{"@type":"WebSite","@id":"https:\/\/subszone.com\/#website","url":"https:\/\/subszone.com\/","name":"SubsZone","description":"Il mio blog WordPress","publisher":{"@id":"https:\/\/subszone.com\/#organization"},"potentialAction":[{"@type":"SearchAction","target":{"@type":"EntryPoint","urlTemplate":"https:\/\/subszone.com\/?s={search_term_string}"},"query-input":{"@type":"PropertyValueSpecification","valueRequired":true,"valueName":"search_term_string"}}],"inLanguage":"it-IT"},{"@type":"Organization","@id":"https:\/\/subszone.com\/#organization","name":"SubsZone","url":"https:\/\/subszone.com\/","logo":{"@type":"ImageObject","inLanguage":"it-IT","@id":"https:\/\/subszone.com\/#\/schema\/logo\/image\/","url":"https:\/\/subszone.com\/wp-content\/uploads\/2024\/10\/logo.png","contentUrl":"https:\/\/subszone.com\/wp-content\/uploads\/2024\/10\/logo.png","width":193,"height":50,"caption":"SubsZone"},"image":{"@id":"https:\/\/subszone.com\/#\/schema\/logo\/image\/"}}]}},"_links":{"self":[{"href":"https:\/\/subszone.com\/it\/wp-json\/wp\/v2\/product\/1244","targetHints":{"allow":["GET"]}}],"collection":[{"href":"https:\/\/subszone.com\/it\/wp-json\/wp\/v2\/product"}],"about":[{"href":"https:\/\/subszone.com\/it\/wp-json\/wp\/v2\/types\/product"}],"replies":[{"embeddable":true,"href":"https:\/\/subszone.com\/it\/wp-json\/wp\/v2\/comments?post=1244"}],"wp:featuredmedia":[{"embeddable":true,"href":"https:\/\/subszone.com\/it\/wp-json\/wp\/v2\/media\/1474"}],"wp:attachment":[{"href":"https:\/\/subszone.com\/it\/wp-json\/wp\/v2\/media?parent=1244"}],"wp:term":[{"taxonomy":"product_brand","embeddable":true,"href":"https:\/\/subszone.com\/it\/wp-json\/wp\/v2\/product_brand?post=1244"},{"taxonomy":"product_cat","embeddable":true,"href":"https:\/\/subszone.com\/it\/wp-json\/wp\/v2\/product_cat?post=1244"},{"taxonomy":"product_tag","embeddable":true,"href":"https:\/\/subszone.com\/it\/wp-json\/wp\/v2\/product_tag?post=1244"}],"curies":[{"name":"wp","href":"https:\/\/api.w.org\/{rel}","templated":true}]}}