{"id":1264,"date":"2024-10-24T07:49:49","date_gmt":"2024-10-24T07:49:49","guid":{"rendered":"https:\/\/subszone.com\/?post_type=product&#038;p=1264"},"modified":"2025-06-04T07:25:53","modified_gmt":"2025-06-04T07:25:53","slug":"permanganato-di-potassio","status":"publish","type":"product","link":"https:\/\/subszone.com\/it\/product\/permanganato-di-potassio\/","title":{"rendered":"Acquistare Permanganato di potassio online"},"content":{"rendered":"<h2><b>Acquista online Permanganato di potassio - Ossidante di elevata purezza per uso industriale, trattamento delle acque e laboratorio<\/b><\/h2>\n<p><span style=\"font-weight: 400;\">Guardando a <\/span><a href=\"https:\/\/en.wikipedia.org\/wiki\/Potassium_permanganate\"><b>acquistare Permanganato di potassio online<\/b><\/a><span style=\"font-weight: 400;\">? Che siate tecnici di laboratorio, specialisti del trattamento delle acque o professionisti industriali, il nostro Permanganato di Potassio di qualit\u00e0 superiore \u00e8 una soluzione affidabile per un'ampia gamma di applicazioni. Grazie alla purezza verificata, alla spedizione sicura e ai prezzi competitivi, offriamo un modo perfetto per <\/span><b>ordinare Permanganato di potassio online<\/b><span style=\"font-weight: 400;\"> da fornitori di fiducia.<\/span><\/p>\n<h3><b>A cosa serve il permanganato di potassio?<\/b><\/h3>\n<p><span style=\"font-weight: 400;\">Il Permanganato di potassio (KMnO\u2084) \u00e8 un potente agente ossidante riconosciuto per la sua versatilit\u00e0 ed efficacia. Si presenta come cristalli di colore viola scuro che si dissolvono in acqua formando una soluzione di colore dal rosa brillante al viola intenso.<\/span><\/p>\n<p><b>Le applicazioni pi\u00f9 comuni includono:<\/b><\/p>\n<ul>\n<li style=\"font-weight: 400;\" aria-level=\"1\"><b>Trattamento dell'acqua:<\/b><span style=\"font-weight: 400;\"> Controlla odore, sapore, ferro e manganese nei sistemi idrici municipali e industriali.<\/span>&nbsp;<\/li>\n<li style=\"font-weight: 400;\" aria-level=\"1\"><b>Uso medico (diluito):<\/b><span style=\"font-weight: 400;\"> Tratta le infezioni fungine e disinfetta le ferite sotto controllo medico.<\/span>&nbsp;<\/li>\n<li style=\"font-weight: 400;\" aria-level=\"1\"><b>Pulizia industriale:<\/b><span style=\"font-weight: 400;\"> Rimuove il materiale organico dalle apparecchiature e dalle condutture.<\/span>&nbsp;<\/li>\n<li style=\"font-weight: 400;\" aria-level=\"1\"><b>Uso in laboratorio:<\/b><span style=\"font-weight: 400;\"> Comune nelle titolazioni redox e nella sintesi chimica.<\/span>&nbsp;<\/li>\n<\/ul>\n<h3><b>Chi pu\u00f2 acquistare legalmente il permanganato di potassio?<\/b><\/h3>\n<p><span style=\"font-weight: 400;\">Mentre <a href=\"https:\/\/subszone.com\/it\/product\/permanganato-di-potassio\/\">Permanganato di potassio<\/a> \u00e8 legale per legittimi scopi industriali, commerciali e di ricerca, alcune giurisdizioni possono limitarne la vendita a causa della sua forte natura ossidante. In alcune regioni, soprattutto per le concentrazioni pi\u00f9 elevate, gli acquirenti potrebbero dover fornire:<\/span><\/p>\n<ul>\n<li style=\"font-weight: 400;\" aria-level=\"1\"><span style=\"font-weight: 400;\">Prova di utilizzo professionale o istituzionale<\/span>&nbsp;<\/li>\n<li style=\"font-weight: 400;\" aria-level=\"1\"><span style=\"font-weight: 400;\">Licenze o permessi per sostanze chimiche regolamentate<\/span>&nbsp;<\/li>\n<li style=\"font-weight: 400;\" aria-level=\"1\"><span style=\"font-weight: 400;\">Accordo a seguire le linee guida locali per la gestione dei materiali pericolosi<\/span>&nbsp;<\/li>\n<\/ul>\n<p><span style=\"font-weight: 400;\">Controllare sempre le leggi locali prima dell'acquisto.<\/span><\/p>\n<h3><b>Caratteristiche principali da ricercare negli acquisti online<\/b><\/h3>\n<ul>\n<li style=\"font-weight: 400;\" aria-level=\"1\"><b>Gradi di purezza disponibili:<\/b><span style=\"font-weight: 400;\"> Gradi tecnici, reagenti e USP<\/span>&nbsp;<\/li>\n<li style=\"font-weight: 400;\" aria-level=\"1\"><b>Confezione resistente all'umidit\u00e0:<\/b><span style=\"font-weight: 400;\"> Contenitori sicuri e sigillati per mantenere la stabilit\u00e0<\/span>&nbsp;<\/li>\n<li style=\"font-weight: 400;\" aria-level=\"1\"><b>Etichettatura chiara e SDS:<\/b><span style=\"font-weight: 400;\"> Include la scheda di sicurezza e il certificato di analisi (CoA).<\/span>&nbsp;<\/li>\n<li style=\"font-weight: 400;\" aria-level=\"1\"><b>Quantit\u00e0 multiple:<\/b><span style=\"font-weight: 400;\"> Disponibile in formati sfusi e piccoli per l'uso in laboratorio<\/span>&nbsp;<\/li>\n<\/ul>\n<h3><b>Considerazioni legali e normative<\/b><\/h3>\n<ul>\n<li style=\"font-weight: 400;\" aria-level=\"1\"><b>Limiti di concentrazione:<\/b><span style=\"font-weight: 400;\"> Alcune concentrazioni possono essere classificate come pericolose e limitate per l'uso da parte dei consumatori.<\/span>&nbsp;<\/li>\n<li style=\"font-weight: 400;\" aria-level=\"1\"><b>Licenze:<\/b><span style=\"font-weight: 400;\"> Pu\u00f2 richiedere una documentazione adeguata o una verifica aziendale per l'acquisto.<\/span>&nbsp;<\/li>\n<li style=\"font-weight: 400;\" aria-level=\"1\"><b>Regolamenti di spedizione:<\/b><span style=\"font-weight: 400;\"> A causa delle sue propriet\u00e0 ossidanti, \u00e8 spesso classificato come materiale pericoloso durante la spedizione e deve essere trasportato di conseguenza.<\/span>&nbsp;<\/li>\n<\/ul>\n<p><span style=\"font-weight: 400;\">Rispettiamo tutte le leggi sulle spedizioni internazionali e nazionali e forniamo la documentazione necessaria.<\/span><\/p>\n<h3><b>Dove acquistare il Permanganato di potassio online<\/b><\/h3>\n<p><span style=\"font-weight: 400;\">Collaboriamo con <\/span><b>distributori di prodotti chimici di fiducia e aziende certificate di forniture di laboratorio<\/b><span style=\"font-weight: 400;\"> per garantire che riceviate un prodotto di alta qualit\u00e0 in totale trasparenza.<\/span><\/p>\n<p><span style=\"font-weight: 400;\">Alla ricerca del <\/span><b>Il miglior posto dove comprare il Permanganato di Potassio<\/b><span style=\"font-weight: 400;\">? La nostra piattaforma offre:<\/span><\/p>\n<ul>\n<li style=\"font-weight: 400;\" aria-level=\"1\"><span style=\"font-weight: 400;\">Fornitori verificati con anni di reputazione<\/span>&nbsp;<\/li>\n<li style=\"font-weight: 400;\" aria-level=\"1\"><span style=\"font-weight: 400;\">Dettagli trasparenti sui prodotti e sui livelli di purezza<\/span>&nbsp;<\/li>\n<li style=\"font-weight: 400;\" aria-level=\"1\"><span style=\"font-weight: 400;\">Supporto in tempo reale per acquirenti commerciali o accademici<\/span>&nbsp;<\/li>\n<li style=\"font-weight: 400;\" aria-level=\"1\"><span style=\"font-weight: 400;\">Consegna sicura e conforme in pi\u00f9 regioni<\/span>&nbsp;<\/li>\n<\/ul>\n<h3><b>Permanganato di potassio in vendita - Acquista ora<\/b><\/h3>\n<p><span style=\"font-weight: 400;\">Offriamo <\/span><b>Permanganato di potassio in vendita<\/b><span style=\"font-weight: 400;\"> a prezzi competitivi, con particolare attenzione alla purezza, alla sicurezza e al servizio. Sia che ordiniate piccole quantit\u00e0 per uso di laboratorio, sia che ordiniate grandi quantit\u00e0 per operazioni industriali, vi garantiamo sempre qualit\u00e0 e conformit\u00e0.<\/span><\/p>\n<p><span style=\"font-weight: 400;\">Siete pronti a fare un acquisto sicuro? <\/span><b>Ordinare Permanganato di potassio online<\/b><span style=\"font-weight: 400;\"> oggi e trarne vantaggio:<\/span><\/p>\n<ul>\n<li style=\"font-weight: 400;\" aria-level=\"1\"><b>Alta purezza<\/b>&nbsp;<\/li>\n<li style=\"font-weight: 400;\" aria-level=\"1\"><b>Prezzo economico del Permanganato di potassio<\/b><span style=\"font-weight: 400;\"> senza compromessi sulla qualit\u00e0<\/span>&nbsp;<\/li>\n<li style=\"font-weight: 400;\" aria-level=\"1\"><b>Assistenza e documentazione di esperti<\/b>&nbsp;<\/li>\n<\/ul>\n<p><b>Acquistare Permanganato di potassio in tutta sicurezza.<\/b><span style=\"font-weight: 400;\">-fidato dai professionisti del trattamento delle acque, della scienza e dell'industria di tutto il mondo.<\/span><\/p>","protected":false},"excerpt":{"rendered":"<p>Il permanganato di potassio (KMnO\u2084) \u00e8 un composto cristallino di colore viola scuro tendente al nero, comunemente utilizzato in varie applicazioni grazie alle sue forti propriet\u00e0 ossidanti. \u00c8 solubile in acqua e ha un caratteristico colore viola intenso.<\/p>\n<ul>\n<li><strong>Formula chimica<\/strong>: KMnO\u2084<\/li>\n<li><strong>Aspetto<\/strong>: Cristalli o granuli di colore viola scuro<\/li>\n<li><strong>Massa molare<\/strong>: 158,034 g\/mol<\/li>\n<li><strong>Solubilit\u00e0<\/strong>: Solubile in acqua<\/li>\n<li><strong>Agente ossidante<\/strong>: Altamente reattivo, soprattutto in condizioni di acidit\u00e0.<\/li>\n<\/ul>\n<p>&nbsp;<\/p>","protected":false},"featured_media":1354,"comment_status":"open","ping_status":"closed","template":"","meta":{"_kadence_starter_templates_imported_post":false,"_kad_post_transparent":"default","_kad_post_title":"","_kad_post_layout":"default","_kad_post_sidebar_id":"","_kad_post_content_style":"default","_kad_post_vertical_padding":"default","_kad_post_feature":"","_kad_post_feature_position":"","_kad_post_header":false,"_kad_post_footer":false,"_joinchat":[]},"product_brand":[],"product_cat":[127],"product_tag":[388,389,390,391,392,393,394,395,396,397,398,399],"class_list":{"0":"post-1264","1":"product","2":"type-product","3":"status-publish","4":"has-post-thumbnail","6":"product_cat-water-treatment-and-disinfection","7":"product_tag-bulk-potassium-permanganate-supplier","8":"product_tag-buy-potassium-permanganate-in-bulk","9":"product_tag-cas-7722-64-7-supplier","10":"product_tag-high-purity-potassium-permanganate-supplier","11":"product_tag-industrial-grade-potassium-permanganate","12":"product_tag-potassium-permanganate-99-purity","13":"product_tag-potassium-permanganate-cas-7722-64-7","14":"product_tag-potassium-permanganate-chemical-for-sale","15":"product_tag-potassium-permanganate-for-industrial-use","16":"product_tag-potassium-permanganate-for-water-treatment","17":"product_tag-potassium-permanganate-price-per-kg","18":"product_tag-potassium-permanganate-wholesale-distributor","20":"first","21":"instock","22":"shipping-taxable","23":"product-type-simple","24":"entry","25":"content-bg","26":"loop-entry"},"yoast_head":"<!-- This site is optimized with the Yoast SEO plugin v25.6 - https:\/\/yoast.com\/wordpress\/plugins\/seo\/ -->\n<title>Buy Potassium Permanganate Online - Potassium Permanganate<\/title>\n<meta name=\"description\" content=\"Looking for high-quality potassium permanganate for sale online, subszone is a leading store where you can buy potassium permanganate online at the best price. Order Now with Discreet Shipping!\" \/>\n<meta name=\"robots\" content=\"index, follow, max-snippet:-1, max-image-preview:large, max-video-preview:-1\" \/>\n<link rel=\"canonical\" href=\"https:\/\/subszone.com\/it\/product\/permanganato-di-potassio\/\" \/>\n<meta property=\"og:locale\" content=\"it_IT\" \/>\n<meta property=\"og:type\" content=\"article\" \/>\n<meta property=\"og:title\" content=\"Buy Potassium Permanganate Online - Potassium Permanganate\" \/>\n<meta property=\"og:description\" content=\"Looking for high-quality potassium permanganate for sale online, subszone is a leading store where you can buy potassium permanganate online at the best price. Order Now with Discreet Shipping!\" \/>\n<meta property=\"og:url\" content=\"https:\/\/subszone.com\/it\/product\/permanganato-di-potassio\/\" \/>\n<meta property=\"og:site_name\" content=\"SubsZone\" \/>\n<meta property=\"article:modified_time\" content=\"2025-06-04T07:25:53+00:00\" \/>\n<meta property=\"og:image\" content=\"https:\/\/subszone.com\/wp-content\/uploads\/2024\/10\/918fe6f2-ca8c-4fa7-922f-d1a5718accc8.webp\" \/>\n\t<meta property=\"og:image:width\" content=\"1024\" \/>\n\t<meta property=\"og:image:height\" content=\"1024\" \/>\n\t<meta property=\"og:image:type\" content=\"image\/webp\" \/>\n<meta name=\"twitter:card\" content=\"summary_large_image\" \/>\n<meta name=\"twitter:label1\" content=\"Tempo di lettura stimato\" \/>\n\t<meta name=\"twitter:data1\" content=\"3 minuti\" \/>\n<script type=\"application\/ld+json\" class=\"yoast-schema-graph\">{\"@context\":\"https:\/\/schema.org\",\"@graph\":[{\"@type\":\"WebPage\",\"@id\":\"https:\/\/subszone.com\/product\/potassium-permanganate\/\",\"url\":\"https:\/\/subszone.com\/product\/potassium-permanganate\/\",\"name\":\"Buy Potassium Permanganate Online - Potassium Permanganate\",\"isPartOf\":{\"@id\":\"https:\/\/subszone.com\/#website\"},\"primaryImageOfPage\":{\"@id\":\"https:\/\/subszone.com\/product\/potassium-permanganate\/#primaryimage\"},\"image\":{\"@id\":\"https:\/\/subszone.com\/product\/potassium-permanganate\/#primaryimage\"},\"thumbnailUrl\":\"https:\/\/subszone.com\/wp-content\/uploads\/2024\/10\/918fe6f2-ca8c-4fa7-922f-d1a5718accc8.webp\",\"datePublished\":\"2024-10-24T07:49:49+00:00\",\"dateModified\":\"2025-06-04T07:25:53+00:00\",\"description\":\"Looking for high-quality potassium permanganate for sale online, subszone is a leading store where you can buy potassium permanganate online at the best price. Order Now with Discreet Shipping!\",\"breadcrumb\":{\"@id\":\"https:\/\/subszone.com\/product\/potassium-permanganate\/#breadcrumb\"},\"inLanguage\":\"it-IT\",\"potentialAction\":[{\"@type\":\"ReadAction\",\"target\":[\"https:\/\/subszone.com\/product\/potassium-permanganate\/\"]}]},{\"@type\":\"ImageObject\",\"inLanguage\":\"it-IT\",\"@id\":\"https:\/\/subszone.com\/product\/potassium-permanganate\/#primaryimage\",\"url\":\"https:\/\/subszone.com\/wp-content\/uploads\/2024\/10\/918fe6f2-ca8c-4fa7-922f-d1a5718accc8.webp\",\"contentUrl\":\"https:\/\/subszone.com\/wp-content\/uploads\/2024\/10\/918fe6f2-ca8c-4fa7-922f-d1a5718accc8.webp\",\"width\":1024,\"height\":1024,\"caption\":\"Buy Potassium Permanganate Online\"},{\"@type\":\"BreadcrumbList\",\"@id\":\"https:\/\/subszone.com\/product\/potassium-permanganate\/#breadcrumb\",\"itemListElement\":[{\"@type\":\"ListItem\",\"position\":1,\"name\":\"Home\",\"item\":\"https:\/\/subszone.com\/\"},{\"@type\":\"ListItem\",\"position\":2,\"name\":\"Shop\",\"item\":\"https:\/\/subszone.com\/shop\/\"},{\"@type\":\"ListItem\",\"position\":3,\"name\":\"Buy Potassium Permanganate Online\"}]},{\"@type\":\"WebSite\",\"@id\":\"https:\/\/subszone.com\/#website\",\"url\":\"https:\/\/subszone.com\/\",\"name\":\"SubsZone\",\"description\":\"My WordPress Blog\",\"publisher\":{\"@id\":\"https:\/\/subszone.com\/#organization\"},\"potentialAction\":[{\"@type\":\"SearchAction\",\"target\":{\"@type\":\"EntryPoint\",\"urlTemplate\":\"https:\/\/subszone.com\/?s={search_term_string}\"},\"query-input\":{\"@type\":\"PropertyValueSpecification\",\"valueRequired\":true,\"valueName\":\"search_term_string\"}}],\"inLanguage\":\"it-IT\"},{\"@type\":\"Organization\",\"@id\":\"https:\/\/subszone.com\/#organization\",\"name\":\"SubsZone\",\"url\":\"https:\/\/subszone.com\/\",\"logo\":{\"@type\":\"ImageObject\",\"inLanguage\":\"it-IT\",\"@id\":\"https:\/\/subszone.com\/#\/schema\/logo\/image\/\",\"url\":\"https:\/\/subszone.com\/wp-content\/uploads\/2024\/10\/logo.png\",\"contentUrl\":\"https:\/\/subszone.com\/wp-content\/uploads\/2024\/10\/logo.png\",\"width\":193,\"height\":50,\"caption\":\"SubsZone\"},\"image\":{\"@id\":\"https:\/\/subszone.com\/#\/schema\/logo\/image\/\"}}]}<\/script>\n<!-- \/ Yoast SEO plugin. -->","yoast_head_json":{"title":"Comprare Permanganato di potassio online - Permanganato di potassio","description":"Alla ricerca di permanganato di potassio di alta qualit\u00e0 in vendita online, subszone \u00e8 un negozio leader dove \u00e8 possibile acquistare permanganato di potassio online al miglior prezzo. Ordina ora con spedizione discreta!","robots":{"index":"index","follow":"follow","max-snippet":"max-snippet:-1","max-image-preview":"max-image-preview:large","max-video-preview":"max-video-preview:-1"},"canonical":"https:\/\/subszone.com\/it\/product\/permanganato-di-potassio\/","og_locale":"it_IT","og_type":"article","og_title":"Buy Potassium Permanganate Online - Potassium Permanganate","og_description":"Looking for high-quality potassium permanganate for sale online, subszone is a leading store where you can buy potassium permanganate online at the best price. Order Now with Discreet Shipping!","og_url":"https:\/\/subszone.com\/it\/product\/permanganato-di-potassio\/","og_site_name":"SubsZone","article_modified_time":"2025-06-04T07:25:53+00:00","og_image":[{"width":1024,"height":1024,"url":"https:\/\/subszone.com\/wp-content\/uploads\/2024\/10\/918fe6f2-ca8c-4fa7-922f-d1a5718accc8.webp","type":"image\/webp"}],"twitter_card":"summary_large_image","twitter_misc":{"Tempo di lettura stimato":"3 minuti"},"schema":{"@context":"https:\/\/schema.org","@graph":[{"@type":"WebPage","@id":"https:\/\/subszone.com\/product\/potassium-permanganate\/","url":"https:\/\/subszone.com\/product\/potassium-permanganate\/","name":"Comprare Permanganato di potassio online - Permanganato di potassio","isPartOf":{"@id":"https:\/\/subszone.com\/#website"},"primaryImageOfPage":{"@id":"https:\/\/subszone.com\/product\/potassium-permanganate\/#primaryimage"},"image":{"@id":"https:\/\/subszone.com\/product\/potassium-permanganate\/#primaryimage"},"thumbnailUrl":"https:\/\/subszone.com\/wp-content\/uploads\/2024\/10\/918fe6f2-ca8c-4fa7-922f-d1a5718accc8.webp","datePublished":"2024-10-24T07:49:49+00:00","dateModified":"2025-06-04T07:25:53+00:00","description":"Alla ricerca di permanganato di potassio di alta qualit\u00e0 in vendita online, subszone \u00e8 un negozio leader dove \u00e8 possibile acquistare permanganato di potassio online al miglior prezzo. Ordina ora con spedizione discreta!","breadcrumb":{"@id":"https:\/\/subszone.com\/product\/potassium-permanganate\/#breadcrumb"},"inLanguage":"it-IT","potentialAction":[{"@type":"ReadAction","target":["https:\/\/subszone.com\/product\/potassium-permanganate\/"]}]},{"@type":"ImageObject","inLanguage":"it-IT","@id":"https:\/\/subszone.com\/product\/potassium-permanganate\/#primaryimage","url":"https:\/\/subszone.com\/wp-content\/uploads\/2024\/10\/918fe6f2-ca8c-4fa7-922f-d1a5718accc8.webp","contentUrl":"https:\/\/subszone.com\/wp-content\/uploads\/2024\/10\/918fe6f2-ca8c-4fa7-922f-d1a5718accc8.webp","width":1024,"height":1024,"caption":"Buy Potassium Permanganate Online"},{"@type":"BreadcrumbList","@id":"https:\/\/subszone.com\/product\/potassium-permanganate\/#breadcrumb","itemListElement":[{"@type":"ListItem","position":1,"name":"Home","item":"https:\/\/subszone.com\/"},{"@type":"ListItem","position":2,"name":"Shop","item":"https:\/\/subszone.com\/shop\/"},{"@type":"ListItem","position":3,"name":"Buy Potassium Permanganate Online"}]},{"@type":"WebSite","@id":"https:\/\/subszone.com\/#website","url":"https:\/\/subszone.com\/","name":"SubsZone","description":"Il mio blog WordPress","publisher":{"@id":"https:\/\/subszone.com\/#organization"},"potentialAction":[{"@type":"SearchAction","target":{"@type":"EntryPoint","urlTemplate":"https:\/\/subszone.com\/?s={search_term_string}"},"query-input":{"@type":"PropertyValueSpecification","valueRequired":true,"valueName":"search_term_string"}}],"inLanguage":"it-IT"},{"@type":"Organization","@id":"https:\/\/subszone.com\/#organization","name":"SubsZone","url":"https:\/\/subszone.com\/","logo":{"@type":"ImageObject","inLanguage":"it-IT","@id":"https:\/\/subszone.com\/#\/schema\/logo\/image\/","url":"https:\/\/subszone.com\/wp-content\/uploads\/2024\/10\/logo.png","contentUrl":"https:\/\/subszone.com\/wp-content\/uploads\/2024\/10\/logo.png","width":193,"height":50,"caption":"SubsZone"},"image":{"@id":"https:\/\/subszone.com\/#\/schema\/logo\/image\/"}}]}},"_links":{"self":[{"href":"https:\/\/subszone.com\/it\/wp-json\/wp\/v2\/product\/1264","targetHints":{"allow":["GET"]}}],"collection":[{"href":"https:\/\/subszone.com\/it\/wp-json\/wp\/v2\/product"}],"about":[{"href":"https:\/\/subszone.com\/it\/wp-json\/wp\/v2\/types\/product"}],"replies":[{"embeddable":true,"href":"https:\/\/subszone.com\/it\/wp-json\/wp\/v2\/comments?post=1264"}],"wp:featuredmedia":[{"embeddable":true,"href":"https:\/\/subszone.com\/it\/wp-json\/wp\/v2\/media\/1354"}],"wp:attachment":[{"href":"https:\/\/subszone.com\/it\/wp-json\/wp\/v2\/media?parent=1264"}],"wp:term":[{"taxonomy":"product_brand","embeddable":true,"href":"https:\/\/subszone.com\/it\/wp-json\/wp\/v2\/product_brand?post=1264"},{"taxonomy":"product_cat","embeddable":true,"href":"https:\/\/subszone.com\/it\/wp-json\/wp\/v2\/product_cat?post=1264"},{"taxonomy":"product_tag","embeddable":true,"href":"https:\/\/subszone.com\/it\/wp-json\/wp\/v2\/product_tag?post=1264"}],"curies":[{"name":"wp","href":"https:\/\/api.w.org\/{rel}","templated":true}]}}