{"id":1302,"date":"2024-10-24T09:43:19","date_gmt":"2024-10-24T09:43:19","guid":{"rendered":"https:\/\/subszone.com\/?post_type=product&#038;p=1302"},"modified":"2025-06-06T10:54:52","modified_gmt":"2025-06-06T10:54:52","slug":"toluene","status":"publish","type":"product","link":"https:\/\/subszone.com\/it\/product\/toluene\/","title":{"rendered":"Comprare Toluene online"},"content":{"rendered":"<h2><b>Solvente industriale di elevata purezza <\/b><b>- <\/b><b><\/b><b>Comprare Toluene online\u00a0<\/b><\/h2>\n<h3><b>Informazioni sul toluene: Fatti chiave<\/b><\/h3>\n<p><b><\/b><span style=\"font-weight: 400;\"><a href=\"https:\/\/subszone.com\/it\/product\/toluene\/\"> Toluene<\/a> \u00e8 un idrocarburo aromatico chiaro e incolore, molto apprezzato per le sue eccezionali capacit\u00e0 di solvente e per le sue versatili applicazioni industriali. Chimicamente stabile e con un caratteristico odore dolce, il toluene svolge un ruolo fondamentale in diversi settori, tra cui quello farmaceutico, dei rivestimenti, degli adesivi e della produzione chimica. Utilizzato come solvente, intermedio o additivo per carburanti, la sua affidabilit\u00e0 ed efficienza lo rendono indispensabile per le aziende di tutto il mondo.<\/span><\/p>\n<h3><b>Caratteristiche chimiche e rilevanza industriale<\/b><\/h3>\n<p><b><\/b><span style=\"font-weight: 400;\"> Noto per l'eccellente solvibilit\u00e0 e la bassa volatilit\u00e0 rispetto ad altri idrocarburi, il toluene \u00e8 apprezzato in ambienti produttivi e di laboratorio. La sua formula chimica (C\u2087H\u2088) e le sue propriet\u00e0 gli consentono di agire come precursore nella sintesi di benzene, nylon e altri prodotti chimici di valore. Questo lo rende un componente fondamentale per la produzione di vernici, rivestimenti, adesivi e persino esplosivi.<\/span><\/p>\n<table>\n<tbody>\n<tr>\n<td><b>Caratteristica<\/b><\/td>\n<td><b>Dettagli<\/b><\/td>\n<\/tr>\n<tr>\n<td><b>Nome chimico<\/b><\/td>\n<td><span style=\"font-weight: 400;\">Toluene<\/span><\/td>\n<\/tr>\n<tr>\n<td><b>Sinonimi<\/b><\/td>\n<td><span style=\"font-weight: 400;\">Metilbenzene, fenilmetano<\/span><\/td>\n<\/tr>\n<tr>\n<td><b>Formula chimica<\/b><\/td>\n<td><span style=\"font-weight: 400;\">C\u2087H\u2088<\/span><\/td>\n<\/tr>\n<tr>\n<td><b>Numero CAS<\/b><\/td>\n<td><span style=\"font-weight: 400;\">108-88-3<\/span><\/td>\n<\/tr>\n<tr>\n<td><b>Peso molecolare<\/b><\/td>\n<td><span style=\"font-weight: 400;\">92,14 g\/mol<\/span><\/td>\n<\/tr>\n<tr>\n<td><b>Aspetto<\/b><\/td>\n<td><span style=\"font-weight: 400;\">Liquido trasparente e incolore con un odore dolce e aromatico.<\/span><\/td>\n<\/tr>\n<tr>\n<td><b>Punto di ebollizione<\/b><\/td>\n<td><span style=\"font-weight: 400;\">110,6 \u00b0C (231,1 \u00b0F)<\/span><\/td>\n<\/tr>\n<tr>\n<td><b>Punto di infiammabilit\u00e0<\/b><\/td>\n<td><span style=\"font-weight: 400;\">4 \u00b0C (39 \u00b0F) - Liquido infiammabile (Classe 3)<\/span><\/td>\n<\/tr>\n<tr>\n<td><b>Solubilit\u00e0<\/b><\/td>\n<td><span style=\"font-weight: 400;\">Insolubile in acqua; miscibile con la maggior parte dei solventi organici.<\/span><\/td>\n<\/tr>\n<tr>\n<td><b>Applicazioni comuni<\/b><\/td>\n<td><span style=\"font-weight: 400;\">Diluenti per vernici, adesivi, rivestimenti, inchiostri, sgrassatori, sintesi chimica<\/span><\/td>\n<\/tr>\n<tr>\n<td><b>Gradi disponibili<\/b><\/td>\n<td><span style=\"font-weight: 400;\">Grado tecnico, grado reagente, grado ACS<\/span><\/td>\n<\/tr>\n<tr>\n<td><b>Opzioni di imballaggio<\/b><\/td>\n<td><span style=\"font-weight: 400;\">Lattine da 1L, 5L, 20L, fusti da 55 galloni, cassette IBC<\/span><\/td>\n<\/tr>\n<tr>\n<td><b>Livelli di purezza<\/b><\/td>\n<td><span style=\"font-weight: 400;\">\u226599,5% (a seconda del grado selezionato)<\/span><\/td>\n<\/tr>\n<tr>\n<td><b>Conformit\u00e0 normativa<\/b><\/td>\n<td><span style=\"font-weight: 400;\">OSHA, EPA, DOT, IATA, IMDG<\/span><\/td>\n<\/tr>\n<tr>\n<td><b>Documentazione fornita<\/b><\/td>\n<td><span style=\"font-weight: 400;\">Scheda di sicurezza, Certificato di analisi (CoA), Etichette di sicurezza per il trasporto<\/span><\/td>\n<\/tr>\n<tr>\n<td><b>Requisiti di stoccaggio<\/b><\/td>\n<td><span style=\"font-weight: 400;\">Area fresca, asciutta e ben ventilata, lontana da fonti di calore o fiamme libere.<\/span><\/td>\n<\/tr>\n<tr>\n<td><b>Classificazione della spedizione<\/b><\/td>\n<td><span style=\"font-weight: 400;\">UN 1294 - Liquido infiammabile, classe 3<\/span><\/td>\n<\/tr>\n<tr>\n<td><b>Paese di origine<\/b><\/td>\n<td><span style=\"font-weight: 400;\">[Specificare - ad esempio, USA, Germania, India].<\/span><\/td>\n<\/tr>\n<tr>\n<td><b>Restrizioni d'uso<\/b><\/td>\n<td><span style=\"font-weight: 400;\">Solo per uso industriale o di laboratorio autorizzato<\/span><\/td>\n<\/tr>\n<\/tbody>\n<\/table>\n<p>&nbsp;<\/p>\n<h3><b>Applicazioni primarie in tutti i settori<\/b><\/h3>\n<p><b><br \/>\n<\/b><span style=\"font-weight: 400;\"> Le applicazioni del toluene sono molteplici e comprendono la sua funzione di solvente per inchiostri, diluenti per vernici e adesivi e di materia prima nella sintesi chimica. \u00c8 fondamentale nelle formulazioni farmaceutiche e viene utilizzato nelle miscele di carburante per aumentare il numero di ottani. Questa versatilit\u00e0 fa s\u00ec che le industrie, da quella automobilistica a quella farmaceutica, si affidino a forniture costanti di toluene di alta qualit\u00e0.<\/span><\/p>\n<h3><b>Valutare la qualit\u00e0 del prodotto prima dell'acquisto<\/b><\/h3>\n<h4><b>Identificazione dei gradi di purezza e delle certificazioni<\/b><\/h4>\n<p><b><br \/>\n<\/b><span style=\"font-weight: 400;\"> Quando <a href=\"https:\/\/en.wikipedia.org\/wiki\/Toluene\"><strong>acquistare Toluene online<\/strong><\/a>La purezza \u00e8 fondamentale. Il toluene di alta qualit\u00e0 offre solitamente livelli di purezza pari o superiori a 99% per garantire la massima efficacia e sicurezza. I fornitori certificati forniscono documentazione come i certificati di analisi (COA) e la conformit\u00e0 agli standard ISO o ASTM. Ci\u00f2 garantisce che il prodotto ricevuto soddisfi rigorosi parametri di qualit\u00e0.<\/span><\/p>\n<h4><b>Importanza delle schede tecniche dettagliate dei prodotti<\/b><\/h4>\n<p><b><br \/>\n<\/b><span style=\"font-weight: 400;\"> Una scheda tecnica dettagliata del prodotto accompagna le forniture di Toluene affidabili, offrendo informazioni essenziali tra cui le propriet\u00e0 fisiche e chimiche, le linee guida per la manipolazione e le precauzioni di sicurezza. Esaminare queste schede tecniche prima di ordinare Toluene online aiuta a garantire che il prodotto sia adatto alle specifiche esigenze industriali o di laboratorio.<\/span><\/p>\n<h3><b>Considerazioni legali e di sicurezza quando si ordina online<\/b><\/h3>\n<h4><b>Conformit\u00e0 alle leggi sulla spedizione di materiali pericolosi<\/b><\/h4>\n<p><b><br \/>\n<\/b><span style=\"font-weight: 400;\"> A causa della sua natura infiammabile, il toluene \u00e8 classificato come materiale pericoloso e deve essere spedito in stretta conformit\u00e0 con le linee guida normative. I fornitori affidabili rispettano tutte le norme di sicurezza, compresi l'imballaggio, l'etichettatura e la documentazione di trasporto adeguati, per garantire una consegna sicura e la conformit\u00e0 alle leggi.<\/span><\/p>\n<h4><b>Documentazione richiesta e istruzioni per la manipolazione<\/b><\/h4>\n<p><b><br \/>\n<\/b><span style=\"font-weight: 400;\"> Ogni ordine di toluene deve essere corredato dalle schede di sicurezza (SDS) e dai certificati necessari che illustrano i metodi di manipolazione, stoccaggio e smaltimento sicuri. Questi documenti sono fondamentali per proteggere il personale e le strutture, mantenendo l'integrit\u00e0 del prodotto chimico durante lo stoccaggio e l'uso.<\/span><\/p>\n<h3><b>Sintesi e raccomandazioni d'acquisto finali<\/b><\/h3>\n<p><b><br \/>\n<\/b><span style=\"font-weight: 400;\"> A <strong>acquistare Toluene online in modo efficace<\/strong>scegliete fornitori che offrano prodotti certificati di elevata purezza e supportati da una documentazione completa. Confrontate pi\u00f9 fornitori per assicurarvi un <strong>prezzo Toluene a buon mercato<\/strong> senza compromettere la qualit\u00e0. Il posto migliore per acquistare Toluene combina prezzi competitivi, autenticit\u00e0 del prodotto verificata e servizio di consegna affidabile. Seguendo queste linee guida, potrete ordinare Toluene online con sicurezza e soddisfare le vostre esigenze operative con un prodotto chimico affidabile e di qualit\u00e0 superiore.<\/span><\/p>\n<p>&nbsp;<\/p>","protected":false},"excerpt":{"rendered":"<p>Il toluene \u00e8 un idrocarburo aromatico con formula chimica <span class=\"katex\"><span class=\"katex-mathml\">C7H8C_7H_8<\/span><span class=\"katex-html\" aria-hidden=\"true\"><span class=\"base\"><span class=\"mord\"><span class=\"mord mathnormal\">C<\/span><span class=\"msupsub\"><span class=\"vlist-t vlist-t2\"><span class=\"vlist-r\"><span class=\"vlist\"><span class=\"sizing reset-size6 size3 mtight\"><span class=\"mord mtight\">7<\/span><\/span><\/span><span class=\"vlist-s\">\u200b<\/span><\/span><\/span><\/span><\/span><span class=\"mord\"><span class=\"mord mathnormal\">H<\/span><span class=\"msupsub\"><span class=\"vlist-t vlist-t2\"><span class=\"vlist-r\"><span class=\"vlist\"><span class=\"sizing reset-size6 size3 mtight\"><span class=\"mord mtight\">8<\/span><\/span><\/span><span class=\"vlist-s\">\u200b<\/span><\/span><\/span><\/span><\/span><\/span><\/span><\/span>. \u00c8 un liquido incolore e infiammabile che si trova comunemente in una variet\u00e0 di prodotti industriali e commerciali. Noto per il suo caratteristico odore dolce, il toluene \u00e8 un solvente importante in molte applicazioni.<\/p>\n<ul>\n<li><strong>Struttura molecolare<\/strong>: Il toluene \u00e8 costituito da un gruppo metile (<span class=\"katex\"><span class=\"katex-mathml\">-CH3-CH_3<\/span><span class=\"katex-html\" aria-hidden=\"true\"><span class=\"base\"><span class=\"mord\">-<\/span><span class=\"mord mathnormal\">C<\/span><span class=\"mord\"><span class=\"mord mathnormal\">H<\/span><span class=\"msupsub\"><span class=\"vlist-t vlist-t2\"><span class=\"vlist-r\"><span class=\"vlist\"><span class=\"sizing reset-size6 size3 mtight\"><span class=\"mord mtight\">3<\/span><\/span><\/span><span class=\"vlist-s\">\u200b<\/span><\/span><\/span><\/span><\/span><\/span><\/span><\/span>) attaccato a un anello benzenico, che lo rende un derivato del benzene.<\/li>\n<li><strong>Stato fisico<\/strong>: Si presenta come un liquido chiaro a temperatura ambiente.<\/li>\n<li><strong>Punto di ebollizione<\/strong>: Circa 111 \u00b0C (232 \u00b0F).<\/li>\n<li><strong>Punto di fusione<\/strong>: Circa -95 \u00b0C (-139 \u00b0F).<\/li>\n<li><strong>Solubilit\u00e0<\/strong>: Il toluene \u00e8 solubile in solventi organici ma ha una bassa solubilit\u00e0 in acqua.<\/li>\n<\/ul>","protected":false},"featured_media":1336,"comment_status":"open","ping_status":"closed","template":"","meta":{"_kadence_starter_templates_imported_post":false,"_kad_post_transparent":"default","_kad_post_title":"","_kad_post_layout":"default","_kad_post_sidebar_id":"","_kad_post_content_style":"default","_kad_post_vertical_padding":"default","_kad_post_feature":"","_kad_post_feature_position":"","_kad_post_header":false,"_kad_post_footer":false,"_joinchat":[]},"product_brand":[],"product_cat":[46],"product_tag":[507,508,509,121,510,511,512,513,514,515,516,517,518,519,520,521,522,523,524,525],"class_list":{"0":"post-1302","1":"product","2":"type-product","3":"status-publish","4":"has-post-thumbnail","6":"product_cat-paints-dyes-and-pigments","7":"product_tag-bulk-toluene-prices","8":"product_tag-buy-toluene-in-bulk","9":"product_tag-cheap-toluene-prices","10":"product_tag-ethylbenzene-suppliers","11":"product_tag-high-purity-toluene-suppliers","12":"product_tag-industrial-toluene-suppliers","13":"product_tag-purchase-toluene-online","14":"product_tag-specialty-toluene-suppliers","15":"product_tag-toluene-chemical-price","16":"product_tag-toluene-chemical-suppliers","17":"product_tag-toluene-distributor-near-me","18":"product_tag-toluene-for-industrial-use","19":"product_tag-toluene-for-sale","20":"product_tag-toluene-price-forecast","21":"product_tag-toluene-price-per-gallon","22":"product_tag-toluene-price-per-ton","23":"product_tag-toluene-procurement","24":"product_tag-toluene-raw-material-suppliers","25":"product_tag-toluene-suppliers","26":"product_tag-wholesale-toluene-distributors","28":"first","29":"instock","30":"shipping-taxable","31":"product-type-simple","32":"entry","33":"content-bg","34":"loop-entry"},"yoast_head":"<!-- This site is optimized with the Yoast SEO plugin v25.6 - https:\/\/yoast.com\/wordpress\/plugins\/seo\/ -->\n<title>Buy Toluene Online - Toluene Industrial for Sale<\/title>\n<meta name=\"description\" content=\"It is the best time to visit our online subszone store and buy toluene Industrial online. We have toluene Industrial for sale here. Meet us online and place your order today!\" \/>\n<meta name=\"robots\" content=\"index, follow, max-snippet:-1, max-image-preview:large, max-video-preview:-1\" \/>\n<link rel=\"canonical\" href=\"https:\/\/subszone.com\/it\/product\/toluene\/\" \/>\n<meta property=\"og:locale\" content=\"it_IT\" \/>\n<meta property=\"og:type\" content=\"article\" \/>\n<meta property=\"og:title\" content=\"Buy Toluene Online - Toluene Industrial for Sale\" \/>\n<meta property=\"og:description\" content=\"It is the best time to visit our online subszone store and buy toluene Industrial online. We have toluene Industrial for sale here. Meet us online and place your order today!\" \/>\n<meta property=\"og:url\" content=\"https:\/\/subszone.com\/it\/product\/toluene\/\" \/>\n<meta property=\"og:site_name\" content=\"SubsZone\" \/>\n<meta property=\"article:modified_time\" content=\"2025-06-06T10:54:52+00:00\" \/>\n<meta property=\"og:image\" content=\"https:\/\/subszone.com\/wp-content\/uploads\/2024\/10\/Toluene.webp\" \/>\n\t<meta property=\"og:image:width\" content=\"1024\" \/>\n\t<meta property=\"og:image:height\" content=\"1024\" \/>\n\t<meta property=\"og:image:type\" content=\"image\/webp\" \/>\n<meta name=\"twitter:card\" content=\"summary_large_image\" \/>\n<meta name=\"twitter:label1\" content=\"Tempo di lettura stimato\" \/>\n\t<meta name=\"twitter:data1\" content=\"3 minuti\" \/>\n<script type=\"application\/ld+json\" class=\"yoast-schema-graph\">{\"@context\":\"https:\/\/schema.org\",\"@graph\":[{\"@type\":\"WebPage\",\"@id\":\"https:\/\/subszone.com\/product\/toluene\/\",\"url\":\"https:\/\/subszone.com\/product\/toluene\/\",\"name\":\"Buy Toluene Online - Toluene Industrial for Sale\",\"isPartOf\":{\"@id\":\"https:\/\/subszone.com\/#website\"},\"primaryImageOfPage\":{\"@id\":\"https:\/\/subszone.com\/product\/toluene\/#primaryimage\"},\"image\":{\"@id\":\"https:\/\/subszone.com\/product\/toluene\/#primaryimage\"},\"thumbnailUrl\":\"https:\/\/subszone.com\/wp-content\/uploads\/2024\/10\/Toluene.webp\",\"datePublished\":\"2024-10-24T09:43:19+00:00\",\"dateModified\":\"2025-06-06T10:54:52+00:00\",\"description\":\"It is the best time to visit our online subszone store and buy toluene Industrial online. We have toluene Industrial for sale here. Meet us online and place your order today!\",\"breadcrumb\":{\"@id\":\"https:\/\/subszone.com\/product\/toluene\/#breadcrumb\"},\"inLanguage\":\"it-IT\",\"potentialAction\":[{\"@type\":\"ReadAction\",\"target\":[\"https:\/\/subszone.com\/product\/toluene\/\"]}]},{\"@type\":\"ImageObject\",\"inLanguage\":\"it-IT\",\"@id\":\"https:\/\/subszone.com\/product\/toluene\/#primaryimage\",\"url\":\"https:\/\/subszone.com\/wp-content\/uploads\/2024\/10\/Toluene.webp\",\"contentUrl\":\"https:\/\/subszone.com\/wp-content\/uploads\/2024\/10\/Toluene.webp\",\"width\":1024,\"height\":1024,\"caption\":\"Toluene Industrial for Sale\"},{\"@type\":\"BreadcrumbList\",\"@id\":\"https:\/\/subszone.com\/product\/toluene\/#breadcrumb\",\"itemListElement\":[{\"@type\":\"ListItem\",\"position\":1,\"name\":\"Home\",\"item\":\"https:\/\/subszone.com\/\"},{\"@type\":\"ListItem\",\"position\":2,\"name\":\"Shop\",\"item\":\"https:\/\/subszone.com\/shop\/\"},{\"@type\":\"ListItem\",\"position\":3,\"name\":\"Buy Toluene Online\"}]},{\"@type\":\"WebSite\",\"@id\":\"https:\/\/subszone.com\/#website\",\"url\":\"https:\/\/subszone.com\/\",\"name\":\"SubsZone\",\"description\":\"My WordPress Blog\",\"publisher\":{\"@id\":\"https:\/\/subszone.com\/#organization\"},\"potentialAction\":[{\"@type\":\"SearchAction\",\"target\":{\"@type\":\"EntryPoint\",\"urlTemplate\":\"https:\/\/subszone.com\/?s={search_term_string}\"},\"query-input\":{\"@type\":\"PropertyValueSpecification\",\"valueRequired\":true,\"valueName\":\"search_term_string\"}}],\"inLanguage\":\"it-IT\"},{\"@type\":\"Organization\",\"@id\":\"https:\/\/subszone.com\/#organization\",\"name\":\"SubsZone\",\"url\":\"https:\/\/subszone.com\/\",\"logo\":{\"@type\":\"ImageObject\",\"inLanguage\":\"it-IT\",\"@id\":\"https:\/\/subszone.com\/#\/schema\/logo\/image\/\",\"url\":\"https:\/\/subszone.com\/wp-content\/uploads\/2024\/10\/logo.png\",\"contentUrl\":\"https:\/\/subszone.com\/wp-content\/uploads\/2024\/10\/logo.png\",\"width\":193,\"height\":50,\"caption\":\"SubsZone\"},\"image\":{\"@id\":\"https:\/\/subszone.com\/#\/schema\/logo\/image\/\"}}]}<\/script>\n<!-- \/ Yoast SEO plugin. -->","yoast_head_json":{"title":"Comprare Toluene online - Toluene industriale in vendita","description":"\u00c8 il momento migliore per visitare il nostro negozio online di subszone e acquistare toluene Industrial online. Abbiamo toluene Industrial in vendita qui. Venite a trovarci online e fate il vostro ordine oggi stesso!","robots":{"index":"index","follow":"follow","max-snippet":"max-snippet:-1","max-image-preview":"max-image-preview:large","max-video-preview":"max-video-preview:-1"},"canonical":"https:\/\/subszone.com\/it\/product\/toluene\/","og_locale":"it_IT","og_type":"article","og_title":"Buy Toluene Online - Toluene Industrial for Sale","og_description":"It is the best time to visit our online subszone store and buy toluene Industrial online. We have toluene Industrial for sale here. Meet us online and place your order today!","og_url":"https:\/\/subszone.com\/it\/product\/toluene\/","og_site_name":"SubsZone","article_modified_time":"2025-06-06T10:54:52+00:00","og_image":[{"width":1024,"height":1024,"url":"https:\/\/subszone.com\/wp-content\/uploads\/2024\/10\/Toluene.webp","type":"image\/webp"}],"twitter_card":"summary_large_image","twitter_misc":{"Tempo di lettura stimato":"3 minuti"},"schema":{"@context":"https:\/\/schema.org","@graph":[{"@type":"WebPage","@id":"https:\/\/subszone.com\/product\/toluene\/","url":"https:\/\/subszone.com\/product\/toluene\/","name":"Comprare Toluene online - Toluene industriale in vendita","isPartOf":{"@id":"https:\/\/subszone.com\/#website"},"primaryImageOfPage":{"@id":"https:\/\/subszone.com\/product\/toluene\/#primaryimage"},"image":{"@id":"https:\/\/subszone.com\/product\/toluene\/#primaryimage"},"thumbnailUrl":"https:\/\/subszone.com\/wp-content\/uploads\/2024\/10\/Toluene.webp","datePublished":"2024-10-24T09:43:19+00:00","dateModified":"2025-06-06T10:54:52+00:00","description":"\u00c8 il momento migliore per visitare il nostro negozio online di subszone e acquistare toluene Industrial online. Abbiamo toluene Industrial in vendita qui. Venite a trovarci online e fate il vostro ordine oggi stesso!","breadcrumb":{"@id":"https:\/\/subszone.com\/product\/toluene\/#breadcrumb"},"inLanguage":"it-IT","potentialAction":[{"@type":"ReadAction","target":["https:\/\/subszone.com\/product\/toluene\/"]}]},{"@type":"ImageObject","inLanguage":"it-IT","@id":"https:\/\/subszone.com\/product\/toluene\/#primaryimage","url":"https:\/\/subszone.com\/wp-content\/uploads\/2024\/10\/Toluene.webp","contentUrl":"https:\/\/subszone.com\/wp-content\/uploads\/2024\/10\/Toluene.webp","width":1024,"height":1024,"caption":"Toluene Industrial for Sale"},{"@type":"BreadcrumbList","@id":"https:\/\/subszone.com\/product\/toluene\/#breadcrumb","itemListElement":[{"@type":"ListItem","position":1,"name":"Home","item":"https:\/\/subszone.com\/"},{"@type":"ListItem","position":2,"name":"Shop","item":"https:\/\/subszone.com\/shop\/"},{"@type":"ListItem","position":3,"name":"Buy Toluene Online"}]},{"@type":"WebSite","@id":"https:\/\/subszone.com\/#website","url":"https:\/\/subszone.com\/","name":"SubsZone","description":"Il mio blog WordPress","publisher":{"@id":"https:\/\/subszone.com\/#organization"},"potentialAction":[{"@type":"SearchAction","target":{"@type":"EntryPoint","urlTemplate":"https:\/\/subszone.com\/?s={search_term_string}"},"query-input":{"@type":"PropertyValueSpecification","valueRequired":true,"valueName":"search_term_string"}}],"inLanguage":"it-IT"},{"@type":"Organization","@id":"https:\/\/subszone.com\/#organization","name":"SubsZone","url":"https:\/\/subszone.com\/","logo":{"@type":"ImageObject","inLanguage":"it-IT","@id":"https:\/\/subszone.com\/#\/schema\/logo\/image\/","url":"https:\/\/subszone.com\/wp-content\/uploads\/2024\/10\/logo.png","contentUrl":"https:\/\/subszone.com\/wp-content\/uploads\/2024\/10\/logo.png","width":193,"height":50,"caption":"SubsZone"},"image":{"@id":"https:\/\/subszone.com\/#\/schema\/logo\/image\/"}}]}},"_links":{"self":[{"href":"https:\/\/subszone.com\/it\/wp-json\/wp\/v2\/product\/1302","targetHints":{"allow":["GET"]}}],"collection":[{"href":"https:\/\/subszone.com\/it\/wp-json\/wp\/v2\/product"}],"about":[{"href":"https:\/\/subszone.com\/it\/wp-json\/wp\/v2\/types\/product"}],"replies":[{"embeddable":true,"href":"https:\/\/subszone.com\/it\/wp-json\/wp\/v2\/comments?post=1302"}],"wp:featuredmedia":[{"embeddable":true,"href":"https:\/\/subszone.com\/it\/wp-json\/wp\/v2\/media\/1336"}],"wp:attachment":[{"href":"https:\/\/subszone.com\/it\/wp-json\/wp\/v2\/media?parent=1302"}],"wp:term":[{"taxonomy":"product_brand","embeddable":true,"href":"https:\/\/subszone.com\/it\/wp-json\/wp\/v2\/product_brand?post=1302"},{"taxonomy":"product_cat","embeddable":true,"href":"https:\/\/subszone.com\/it\/wp-json\/wp\/v2\/product_cat?post=1302"},{"taxonomy":"product_tag","embeddable":true,"href":"https:\/\/subszone.com\/it\/wp-json\/wp\/v2\/product_tag?post=1302"}],"curies":[{"name":"wp","href":"https:\/\/api.w.org\/{rel}","templated":true}]}}