{"id":1609,"date":"2024-11-08T04:43:12","date_gmt":"2024-11-08T04:43:12","guid":{"rendered":"https:\/\/subszone.com\/?post_type=product&#038;p=1609"},"modified":"2025-02-19T07:08:08","modified_gmt":"2025-02-19T07:08:08","slug":"benzene-2","status":"publish","type":"product","link":"https:\/\/subszone.com\/it\/product\/benzene-2\/","title":{"rendered":"Acquistare Benzene online"},"content":{"rendered":"<h2><strong>Benzene<a href=\"https:\/\/subszone.com\/it\/product\/magnesio-in-polvere\/\">:<\/a> Idrocarburo essenziale per la produzione chimica e le applicazioni industriali<\/strong><\/h2>\n<p><a href=\"https:\/\/subszone.com\/it\/product\/benzene-2\/\"><strong>Benzene (C\u2086H\u2086)<\/strong><\/a> \u00e8 un liquido incolore, volatile e dall'odore dolce, ampiamente utilizzato come <strong>materia prima nella produzione chimica<\/strong>. Noto per la sua semplice struttura ad anello e l'elevata reattivit\u00e0, il benzene serve come precursore per la produzione di numerosi <strong>plastica<\/strong>, <strong>resine<\/strong>, <strong>fibre sintetiche<\/strong>, e <a href=\"https:\/\/www.google.com\/search?q=Buy+Benzene+Online&amp;num=10&amp;sca_esv=d10634446323909f&amp;sxsrf=AHTn8zqUCF3ajF_qj0bMBXfQNxgHi57O9A%3A1739946639859&amp;ei=j3q1Z7uTNIqq4-EPgNbqOA&amp;ved=0ahUKEwj7lparjs-LAxUK1TgGHQCrGgcQ4dUDCBA&amp;uact=5&amp;oq=Buy+Benzene+Online&amp;gs_lp=Egxnd3Mtd2l6LXNlcnAiEkJ1eSBCZW56ZW5lIE9ubGluZTIFEAAYgAQyCxAAGIAEGIYDGIoFMggQABiABBiiBDIIEAAYgAQYogRIxghQxwRYxwRwAngAkAEAmAHWAaAB1gGqAQMyLTG4AQPIAQD4AQL4AQGYAgOgAuQBwgIJEAAYsAMYCBgewgILEAAYgAQYsAMYogSYAwCIBgGQBgSSBwUyLjAuMaAH_gE&amp;sclient=gws-wiz-serp\"><strong>prodotti farmaceutici<\/strong><\/a>. Sebbene la tossicit\u00e0 del benzene ne limiti l'uso diretto nei prodotti di consumo, rimane indispensabile nei processi industriali. Ecco una panoramica delle principali applicazioni, dei vantaggi e delle considerazioni sulla sicurezza del benzene Acquista Benzene. <a href=\"https:\/\/subszone.com\/it\/\">Sottozona<\/a><\/p>\n<h3>Applicazioni chiave del benzene<\/h3>\n<ol>\n<li><strong>Produzione e sintesi chimica<\/strong>\n<ul>\n<li><strong>Parole chiave<\/strong>: Benzene per la produzione chimica, benzene in sintesi, benzene come materia prima<\/li>\n<\/ul>\n<p>Il benzene \u00e8 un elemento fondamentale della <strong>sintesi chimica<\/strong>. Viene utilizzato per produrre composti come <strong>stirene<\/strong> (per le plastiche in polistirolo), <a href=\"https:\/\/www.google.com\/search?q=Buy+Benzene+Online&amp;num=10&amp;sca_esv=d10634446323909f&amp;sxsrf=AHTn8zqUCF3ajF_qj0bMBXfQNxgHi57O9A%3A1739946639859&amp;ei=j3q1Z7uTNIqq4-EPgNbqOA&amp;ved=0ahUKEwj7lparjs-LAxUK1TgGHQCrGgcQ4dUDCBA&amp;uact=5&amp;oq=Buy+Benzene+Online&amp;gs_lp=Egxnd3Mtd2l6LXNlcnAiEkJ1eSBCZW56ZW5lIE9ubGluZTIFEAAYgAQyCxAAGIAEGIYDGIoFMggQABiABBiiBDIIEAAYgAQYogRIxghQxwRYxwRwAngAkAEAmAHWAaAB1gGqAQMyLTG4AQPIAQD4AQL4AQGYAgOgAuQBwgIJEAAYsAMYCBgewgILEAAYgAQYsAMYogSYAwCIBgGQBgSSBwUyLjAuMaAH_gE&amp;sclient=gws-wiz-serp\"><strong>fenolo<\/strong><\/a> (per resine e adesivi), e <strong>cicloesano<\/strong> (per la produzione di nylon). La sua struttura unica consente applicazioni versatili nella sintesi di numerosi materiali di uso quotidiano.<\/li>\n<li><strong>Produzione di materie plastiche e resine<\/strong>\n<ul>\n<li><strong>Parole chiave<\/strong>: Benzene nelle materie plastiche, benzene per la produzione di resine, produzione di polimeri al benzene<\/li>\n<\/ul>\n<p>Il benzene \u00e8 essenziale per la produzione di vari tipi di <strong>polimeri<\/strong> e <strong>resine<\/strong>, compresi quelli utilizzati per l'imballaggio, l'isolamento e i beni di consumo. <strong>Policarbonato<\/strong> e <strong>resine epossidiche<\/strong> sono alcuni dei prodotti derivati da composti a base di benzene, che lo rendono fondamentale per le industrie che si occupano di materiali durevoli e ad alte prestazioni.<\/li>\n<li><strong>Produzione di fibre sintetiche<\/strong>\n<ul>\n<li><strong>Parole chiave<\/strong>: Benzene nelle fibre sintetiche, produzione di nylon al benzene, applicazioni tessili al benzene<\/li>\n<\/ul>\n<p>La produzione di fibre sintetiche, come <strong>nylon<\/strong> e <strong>poliestere<\/strong>si basa su derivati del benzene. Queste fibre sono comunemente utilizzate in tessuti, tappeti e tessuti industriali, dove resistenza e durata sono essenziali. Il ruolo del benzene nella creazione di materiali sintetici sostiene sia l'industria della moda che quella dell'arredamento.<\/li>\n<li><strong>Prodotti farmaceutici e produzione di farmaci<\/strong>\n<ul>\n<li><strong>Parole chiave<\/strong>: Benzene nei prodotti farmaceutici, benzene per la sintesi di farmaci, benzene nella produzione di medicinali<\/li>\n<\/ul>\n<p>I derivati del benzene sono essenziali nella produzione farmaceutica, in quanto vengono utilizzati per la creazione di <strong>antibiotici<\/strong>, <strong>antidolorifici<\/strong>, e <strong>altri agenti terapeutici<\/strong>. La sua reattivit\u00e0 supporta reazioni chimiche complesse, consentendo la sintesi precisa di ingredienti farmaceutici attivi (API).<\/li>\n<li><strong>Produzione di lubrificanti e gomma<\/strong>\n<ul>\n<li><strong>Parole chiave<\/strong>: Benzene nella produzione di gomma, benzene per i lubrificanti, benzene nella produzione di pneumatici<\/li>\n<\/ul>\n<p>Nell'industria automobilistica e manifatturiera, il benzene viene utilizzato in <strong>additivi per lubrificanti<\/strong> e <strong>produzione di gomma<\/strong>. I prodotti chimici a base di benzene, come la gomma stirene-butadiene (SBR), sono ampiamente utilizzati in <strong>pneumatici<\/strong>, <strong>sigilli<\/strong>, e <strong>cinture<\/strong> grazie alla loro flessibilit\u00e0 e resilienza.<\/li>\n<\/ol>\n<h3>Vantaggi del benzene nell'industria<\/h3>\n<ul>\n<li><strong>Blocco di costruzione versatile<\/strong>: La struttura del benzene consente un'ampia gamma di applicazioni nella sintesi chimica.<\/li>\n<li><strong>Alta reattivit\u00e0<\/strong>: Le propriet\u00e0 chimiche del benzene lo rendono efficace nella creazione di composti complessi utilizzati in diversi settori industriali.<\/li>\n<li><strong>Rilevanza industriale<\/strong>: Utilizzato nelle materie plastiche, nelle fibre e nei prodotti farmaceutici, il benzene \u00e8 parte integrante di molti processi produttivi.<\/li>\n<\/ul>\n<h3>Sicurezza e manipolazione del benzene<\/h3>\n<p>Il benzene \u00e8 un noto cancerogeno, che richiede una manipolazione attenta e una stretta osservanza delle linee guida di sicurezza:<\/p>\n<ul>\n<li><strong>Dispositivi di protezione<\/strong>: Utilizzare guanti, occhiali e respiratori per evitare il contatto con la pelle e gli occhi e l'inalazione dei vapori.<\/li>\n<li><strong>Ventilazione<\/strong>: Assicurare una ventilazione adeguata o l'uso in una cappa di aspirazione, poich\u00e9 l'inalazione dei vapori di benzene comporta gravi rischi per la salute.<\/li>\n<li><strong>Immagazzinamento<\/strong>: Conservare il benzene in contenitori ben chiusi, lontano da fonti di calore e di accensione, poich\u00e9 \u00e8 altamente infiammabile.<\/li>\n<\/ul>\n<h3>Dove acquistare il benzene per uso industriale<\/h3>\n<p><strong>Parole chiave<\/strong>: Acquistare benzene, fornitore di benzene, vendita di benzene, fornitore di benzene industriale<\/p>\n<p>Per gli usi industriali che richiedono <a href=\"https:\/\/www.bing.com\/search?q=Buy%20Benzene%20Online&amp;qs=n&amp;form=QBRE&amp;sp=-1&amp;lq=0&amp;pq=buy%20benzene%20online&amp;sc=0-18&amp;sk=&amp;cvid=B341883645D04FDFB4914EF448EFB4C4&amp;ghsh=0&amp;ghacc=0&amp;ghpl=\"><strong>benzene di elevata purezza<\/strong><\/a>L'approvvigionamento da un fornitore di fiducia \u00e8 essenziale per garantire la sicurezza e la qualit\u00e0. Noi forniamo <a href=\"https:\/\/www.bing.com\/search?q=Buy%20Benzene%20Online&amp;qs=n&amp;form=QBRE&amp;sp=-1&amp;lq=0&amp;pq=buy%20benzene%20online&amp;sc=0-18&amp;sk=&amp;cvid=B341883645D04FDFB4914EF448EFB4C4&amp;ghsh=0&amp;ghacc=0&amp;ghpl=\"><strong>benzene industriale<\/strong><\/a> adatto per <strong>sintesi chimica<\/strong>, <strong>produzione farmaceutica<\/strong>, e <strong>produzione di gomma<\/strong>con possibilit\u00e0 di ordini all'ingrosso e confezioni personalizzate.<\/p>\n<h3>Contattateci per la fornitura di benzene<\/h3>\n<p>Se il vostro settore ha bisogno di un'affidabile <a href=\"https:\/\/en.wikipedia.org\/wiki\/Benzene\"><strong>fornitura di benzene<\/strong><\/a> per <strong>produzione chimica<\/strong>, <strong>produzione di fibre sintetiche<\/strong>, o <strong>sintesi farmaceutica<\/strong>Offriamo benzene sicuro e di alta qualit\u00e0 con opzioni di fornitura flessibili. <strong>Contattateci oggi stesso<\/strong> per discutere le vostre esigenze di benzene e per saperne di pi\u00f9 sui nostri prodotti Buy Benzene.<\/p>","protected":false},"excerpt":{"rendered":"<p><strong>Benzene<\/strong> \u00e8 un liquido incolore e infiammabile con formula chimica <span class=\"katex\"><span class=\"katex-mathml\">C6H6C_6H_6<\/span><span class=\"katex-html\" aria-hidden=\"true\"><span class=\"base\"><span class=\"mord\"><span class=\"mord mathnormal\">C<\/span><span class=\"msupsub\"><span class=\"vlist-t vlist-t2\"><span class=\"vlist-r\"><span class=\"vlist\"><span class=\"sizing reset-size6 size3 mtight\"><span class=\"mord mtight\">6<\/span><\/span><\/span><span class=\"vlist-s\">\u200b<\/span><\/span><\/span><\/span><\/span><span class=\"mord\"><span class=\"mord mathnormal\">H<\/span><span class=\"msupsub\"><span class=\"vlist-t vlist-t2\"><span class=\"vlist-r\"><span class=\"vlist\"><span class=\"sizing reset-size6 size3 mtight\"><span class=\"mord mtight\">6<\/span><\/span><\/span><span class=\"vlist-s\">\u200b<\/span><\/span><\/span><\/span><\/span><\/span><\/span><\/span>. Noto per il suo odore dolce, questo idrocarburo aromatico \u00e8 uno dei mattoni fondamentali della chimica organica. Con una struttura caratterizzata da un anello a sei carboni e doppi legami alternati, il benzene \u00e8 ampiamente riconosciuto per la sua stabilit\u00e0 e le sue propriet\u00e0 uniche.<\/p>\n<ul>\n<li><strong>Struttura molecolare<\/strong>: Il benzene \u00e8 costituito da un anello esagonale di atomi di carbonio, ciascuno legato a un atomo di idrogeno. La sua struttura di risonanza contribuisce alla sua notevole stabilit\u00e0.<\/li>\n<li><strong>Stato fisico<\/strong>: \u00c8 un liquido chiaro a temperatura ambiente.<\/li>\n<li><strong>Punto di ebollizione<\/strong>: Circa 80,1 \u00b0C (176,2 \u00b0F).<\/li>\n<li><strong>Punto di fusione<\/strong>: Circa 5,5 \u00b0C (41,9 \u00b0F).<\/li>\n<li><strong>Solubilit\u00e0<\/strong>: Il benzene \u00e8 scarsamente solubile in acqua ma altamente solubile nei solventi organici.<\/li>\n<\/ul>","protected":false},"featured_media":1337,"comment_status":"open","ping_status":"closed","template":"","meta":{"_kadence_starter_templates_imported_post":false,"_kad_post_transparent":"default","_kad_post_title":"","_kad_post_layout":"default","_kad_post_sidebar_id":"","_kad_post_content_style":"default","_kad_post_vertical_padding":"default","_kad_post_feature":"","_kad_post_feature_position":"","_kad_post_header":false,"_kad_post_footer":false,"_joinchat":[]},"product_brand":[],"product_cat":[46],"product_tag":[106,107,108,109,110,111,112,113,114,115,116,117,118,119,120,121,122,123,124,125],"class_list":{"0":"post-1609","1":"product","2":"type-product","3":"status-publish","4":"has-post-thumbnail","6":"product_cat-paints-dyes-and-pigments","7":"product_tag-benzene-buying-guide","8":"product_tag-benzene-chemical-price","9":"product_tag-benzene-chemical-suppliers","10":"product_tag-benzene-distributor-near-me","11":"product_tag-benzene-for-industrial-use","12":"product_tag-benzene-price-forecast","13":"product_tag-benzene-price-per-gallon","14":"product_tag-benzene-price-per-ton","15":"product_tag-benzene-procurement","16":"product_tag-benzene-raw-material-suppliers","17":"product_tag-benzene-retailers","18":"product_tag-benzene-suppliers","19":"product_tag-bulk-benzene-prices","20":"product_tag-buy-benzene-chemical","21":"product_tag-buy-benzene-in-bulk","22":"product_tag-ethylbenzene-suppliers","23":"product_tag-high-purity-benzene-suppliers","24":"product_tag-industrial-benzene-suppliers","25":"product_tag-purchase-benzene-online","26":"product_tag-wholesale-benzene-distributors","28":"first","29":"instock","30":"shipping-taxable","31":"product-type-simple","32":"entry","33":"content-bg","34":"loop-entry"},"yoast_head":"<!-- This site is optimized with the Yoast SEO plugin v25.6 - https:\/\/yoast.com\/wordpress\/plugins\/seo\/ -->\n<title>Buy Industrial Benzene Online - Industrial Benzene for Sale<\/title>\n<meta name=\"description\" content=\"At our Subszone, you can get industrial benzene for sale at cheap rates. Here you can buy industrial benzene online with high-quality from our store now with fast &amp; secure shipping service. Order Now!\" \/>\n<meta name=\"robots\" content=\"index, follow, max-snippet:-1, max-image-preview:large, max-video-preview:-1\" \/>\n<link rel=\"canonical\" href=\"https:\/\/subszone.com\/it\/product\/benzene-2\/\" \/>\n<meta property=\"og:locale\" content=\"it_IT\" \/>\n<meta property=\"og:type\" content=\"article\" \/>\n<meta property=\"og:title\" content=\"Buy Industrial Benzene Online - Industrial Benzene for Sale\" \/>\n<meta property=\"og:description\" content=\"At our Subszone, you can get industrial benzene for sale at cheap rates. Here you can buy industrial benzene online with high-quality from our store now with fast &amp; secure shipping service. Order Now!\" \/>\n<meta property=\"og:url\" content=\"https:\/\/subszone.com\/it\/product\/benzene-2\/\" \/>\n<meta property=\"og:site_name\" content=\"SubsZone\" \/>\n<meta property=\"article:modified_time\" content=\"2025-02-19T07:08:08+00:00\" \/>\n<meta property=\"og:image\" content=\"https:\/\/subszone.com\/wp-content\/uploads\/2024\/10\/Benzene.webp\" \/>\n\t<meta property=\"og:image:width\" content=\"1024\" \/>\n\t<meta property=\"og:image:height\" content=\"1024\" \/>\n\t<meta property=\"og:image:type\" content=\"image\/webp\" \/>\n<meta name=\"twitter:card\" content=\"summary_large_image\" \/>\n<meta name=\"twitter:label1\" content=\"Tempo di lettura stimato\" \/>\n\t<meta name=\"twitter:data1\" content=\"3 minuti\" \/>\n<script type=\"application\/ld+json\" class=\"yoast-schema-graph\">{\"@context\":\"https:\/\/schema.org\",\"@graph\":[{\"@type\":\"WebPage\",\"@id\":\"https:\/\/subszone.com\/product\/benzene-2\/\",\"url\":\"https:\/\/subszone.com\/product\/benzene-2\/\",\"name\":\"Buy Industrial Benzene Online - Industrial Benzene for Sale\",\"isPartOf\":{\"@id\":\"https:\/\/subszone.com\/#website\"},\"primaryImageOfPage\":{\"@id\":\"https:\/\/subszone.com\/product\/benzene-2\/#primaryimage\"},\"image\":{\"@id\":\"https:\/\/subszone.com\/product\/benzene-2\/#primaryimage\"},\"thumbnailUrl\":\"https:\/\/subszone.com\/wp-content\/uploads\/2024\/10\/Benzene.webp\",\"datePublished\":\"2024-11-08T04:43:12+00:00\",\"dateModified\":\"2025-02-19T07:08:08+00:00\",\"description\":\"At our Subszone, you can get industrial benzene for sale at cheap rates. Here you can buy industrial benzene online with high-quality from our store now with fast & secure shipping service. Order Now!\",\"breadcrumb\":{\"@id\":\"https:\/\/subszone.com\/product\/benzene-2\/#breadcrumb\"},\"inLanguage\":\"it-IT\",\"potentialAction\":[{\"@type\":\"ReadAction\",\"target\":[\"https:\/\/subszone.com\/product\/benzene-2\/\"]}]},{\"@type\":\"ImageObject\",\"inLanguage\":\"it-IT\",\"@id\":\"https:\/\/subszone.com\/product\/benzene-2\/#primaryimage\",\"url\":\"https:\/\/subszone.com\/wp-content\/uploads\/2024\/10\/Benzene.webp\",\"contentUrl\":\"https:\/\/subszone.com\/wp-content\/uploads\/2024\/10\/Benzene.webp\",\"width\":1024,\"height\":1024,\"caption\":\"Benzene\"},{\"@type\":\"BreadcrumbList\",\"@id\":\"https:\/\/subszone.com\/product\/benzene-2\/#breadcrumb\",\"itemListElement\":[{\"@type\":\"ListItem\",\"position\":1,\"name\":\"Home\",\"item\":\"https:\/\/subszone.com\/\"},{\"@type\":\"ListItem\",\"position\":2,\"name\":\"Shop\",\"item\":\"https:\/\/subszone.com\/shop\/\"},{\"@type\":\"ListItem\",\"position\":3,\"name\":\"Buy Benzene Online\"}]},{\"@type\":\"WebSite\",\"@id\":\"https:\/\/subszone.com\/#website\",\"url\":\"https:\/\/subszone.com\/\",\"name\":\"SubsZone\",\"description\":\"My WordPress Blog\",\"publisher\":{\"@id\":\"https:\/\/subszone.com\/#organization\"},\"potentialAction\":[{\"@type\":\"SearchAction\",\"target\":{\"@type\":\"EntryPoint\",\"urlTemplate\":\"https:\/\/subszone.com\/?s={search_term_string}\"},\"query-input\":{\"@type\":\"PropertyValueSpecification\",\"valueRequired\":true,\"valueName\":\"search_term_string\"}}],\"inLanguage\":\"it-IT\"},{\"@type\":\"Organization\",\"@id\":\"https:\/\/subszone.com\/#organization\",\"name\":\"SubsZone\",\"url\":\"https:\/\/subszone.com\/\",\"logo\":{\"@type\":\"ImageObject\",\"inLanguage\":\"it-IT\",\"@id\":\"https:\/\/subszone.com\/#\/schema\/logo\/image\/\",\"url\":\"https:\/\/subszone.com\/wp-content\/uploads\/2024\/10\/logo.png\",\"contentUrl\":\"https:\/\/subszone.com\/wp-content\/uploads\/2024\/10\/logo.png\",\"width\":193,\"height\":50,\"caption\":\"SubsZone\"},\"image\":{\"@id\":\"https:\/\/subszone.com\/#\/schema\/logo\/image\/\"}}]}<\/script>\n<!-- \/ Yoast SEO plugin. -->","yoast_head_json":{"title":"Comprare Benzene Industriale Online - Vendita Benzene Industriale","description":"Presso la nostra Subszone, \u00e8 possibile ottenere benzene industriale in vendita a prezzi economici. Qui \u00e8 possibile acquistare benzene industriale online con alta qualit\u00e0 dal nostro negozio ora con il servizio di spedizione veloce e sicuro. Ordinate ora!","robots":{"index":"index","follow":"follow","max-snippet":"max-snippet:-1","max-image-preview":"max-image-preview:large","max-video-preview":"max-video-preview:-1"},"canonical":"https:\/\/subszone.com\/it\/product\/benzene-2\/","og_locale":"it_IT","og_type":"article","og_title":"Buy Industrial Benzene Online - Industrial Benzene for Sale","og_description":"At our Subszone, you can get industrial benzene for sale at cheap rates. Here you can buy industrial benzene online with high-quality from our store now with fast & secure shipping service. Order Now!","og_url":"https:\/\/subszone.com\/it\/product\/benzene-2\/","og_site_name":"SubsZone","article_modified_time":"2025-02-19T07:08:08+00:00","og_image":[{"width":1024,"height":1024,"url":"https:\/\/subszone.com\/wp-content\/uploads\/2024\/10\/Benzene.webp","type":"image\/webp"}],"twitter_card":"summary_large_image","twitter_misc":{"Tempo di lettura stimato":"3 minuti"},"schema":{"@context":"https:\/\/schema.org","@graph":[{"@type":"WebPage","@id":"https:\/\/subszone.com\/product\/benzene-2\/","url":"https:\/\/subszone.com\/product\/benzene-2\/","name":"Comprare Benzene Industriale Online - Vendita Benzene Industriale","isPartOf":{"@id":"https:\/\/subszone.com\/#website"},"primaryImageOfPage":{"@id":"https:\/\/subszone.com\/product\/benzene-2\/#primaryimage"},"image":{"@id":"https:\/\/subszone.com\/product\/benzene-2\/#primaryimage"},"thumbnailUrl":"https:\/\/subszone.com\/wp-content\/uploads\/2024\/10\/Benzene.webp","datePublished":"2024-11-08T04:43:12+00:00","dateModified":"2025-02-19T07:08:08+00:00","description":"Presso la nostra Subszone, \u00e8 possibile ottenere benzene industriale in vendita a prezzi economici. Qui \u00e8 possibile acquistare benzene industriale online con alta qualit\u00e0 dal nostro negozio ora con il servizio di spedizione veloce e sicuro. Ordinate ora!","breadcrumb":{"@id":"https:\/\/subszone.com\/product\/benzene-2\/#breadcrumb"},"inLanguage":"it-IT","potentialAction":[{"@type":"ReadAction","target":["https:\/\/subszone.com\/product\/benzene-2\/"]}]},{"@type":"ImageObject","inLanguage":"it-IT","@id":"https:\/\/subszone.com\/product\/benzene-2\/#primaryimage","url":"https:\/\/subszone.com\/wp-content\/uploads\/2024\/10\/Benzene.webp","contentUrl":"https:\/\/subszone.com\/wp-content\/uploads\/2024\/10\/Benzene.webp","width":1024,"height":1024,"caption":"Benzene"},{"@type":"BreadcrumbList","@id":"https:\/\/subszone.com\/product\/benzene-2\/#breadcrumb","itemListElement":[{"@type":"ListItem","position":1,"name":"Home","item":"https:\/\/subszone.com\/"},{"@type":"ListItem","position":2,"name":"Shop","item":"https:\/\/subszone.com\/shop\/"},{"@type":"ListItem","position":3,"name":"Buy Benzene Online"}]},{"@type":"WebSite","@id":"https:\/\/subszone.com\/#website","url":"https:\/\/subszone.com\/","name":"SubsZone","description":"Il mio blog WordPress","publisher":{"@id":"https:\/\/subszone.com\/#organization"},"potentialAction":[{"@type":"SearchAction","target":{"@type":"EntryPoint","urlTemplate":"https:\/\/subszone.com\/?s={search_term_string}"},"query-input":{"@type":"PropertyValueSpecification","valueRequired":true,"valueName":"search_term_string"}}],"inLanguage":"it-IT"},{"@type":"Organization","@id":"https:\/\/subszone.com\/#organization","name":"SubsZone","url":"https:\/\/subszone.com\/","logo":{"@type":"ImageObject","inLanguage":"it-IT","@id":"https:\/\/subszone.com\/#\/schema\/logo\/image\/","url":"https:\/\/subszone.com\/wp-content\/uploads\/2024\/10\/logo.png","contentUrl":"https:\/\/subszone.com\/wp-content\/uploads\/2024\/10\/logo.png","width":193,"height":50,"caption":"SubsZone"},"image":{"@id":"https:\/\/subszone.com\/#\/schema\/logo\/image\/"}}]}},"_links":{"self":[{"href":"https:\/\/subszone.com\/it\/wp-json\/wp\/v2\/product\/1609","targetHints":{"allow":["GET"]}}],"collection":[{"href":"https:\/\/subszone.com\/it\/wp-json\/wp\/v2\/product"}],"about":[{"href":"https:\/\/subszone.com\/it\/wp-json\/wp\/v2\/types\/product"}],"replies":[{"embeddable":true,"href":"https:\/\/subszone.com\/it\/wp-json\/wp\/v2\/comments?post=1609"}],"wp:featuredmedia":[{"embeddable":true,"href":"https:\/\/subszone.com\/it\/wp-json\/wp\/v2\/media\/1337"}],"wp:attachment":[{"href":"https:\/\/subszone.com\/it\/wp-json\/wp\/v2\/media?parent=1609"}],"wp:term":[{"taxonomy":"product_brand","embeddable":true,"href":"https:\/\/subszone.com\/it\/wp-json\/wp\/v2\/product_brand?post=1609"},{"taxonomy":"product_cat","embeddable":true,"href":"https:\/\/subszone.com\/it\/wp-json\/wp\/v2\/product_cat?post=1609"},{"taxonomy":"product_tag","embeddable":true,"href":"https:\/\/subszone.com\/it\/wp-json\/wp\/v2\/product_tag?post=1609"}],"curies":[{"name":"wp","href":"https:\/\/api.w.org\/{rel}","templated":true}]}}