{"id":1074,"date":"2024-10-23T09:51:31","date_gmt":"2024-10-23T09:51:31","guid":{"rendered":"https:\/\/subszone.com\/?post_type=product&#038;p=1074"},"modified":"2025-08-01T07:58:13","modified_gmt":"2025-08-01T07:58:13","slug":"cloreto-de-acetilo","status":"publish","type":"product","link":"https:\/\/subszone.com\/pt\/product\/cloreto-de-acetilo\/","title":{"rendered":"Comprar Acetyl Chloride Online"},"content":{"rendered":"<h2><b>Comprar Cloreto de Acetilo Online - Qualidade Premium para Uso Industrial e de Investiga\u00e7\u00e3o<\/b><\/h2>\n<p><span style=\"font-weight: 400;\">O Cloreto de Acetilo (C\u2082H\u2083ClO) \u00e9 um reagente essencial na s\u00edntese org\u00e2nica, amplamente utilizado nas ind\u00fastrias farmac\u00eautica, agroqu\u00edmica e de investiga\u00e7\u00e3o. Conhecido pela sua elevada reatividade e efic\u00e1cia nas reac\u00e7\u00f5es de acila\u00e7\u00e3o, o Cloreto de Acetilo desempenha um papel fundamental na produ\u00e7\u00e3o de produtos qu\u00edmicos finos, intermedi\u00e1rios e compostos especiais.<\/span><\/p>\n<p><span style=\"font-weight: 400;\">Se pretende <\/span><a href=\"https:\/\/subszone.com\/pt\/product\/cloreto-de-acetilo\/\"><b>comprar Acetyl Chloride online<\/b><\/a><span style=\"font-weight: 400;\">, oferecemos <\/span><b>pureza de primeira qualidade<\/b><span style=\"font-weight: 400;\">, <\/span><b>embalagem segura<\/b><span style=\"font-weight: 400;\">e <\/span><b>pre\u00e7os competitivos<\/b><span style=\"font-weight: 400;\">-fazendo de n\u00f3s o <\/span><b>melhor s\u00edtio para comprar Acetyl Chloride<\/b><span style=\"font-weight: 400;\"> tanto para laborat\u00f3rios de pequena escala como para grandes aplica\u00e7\u00f5es industriais.<\/span><\/p>\n<h3><b>Elevada procura na investiga\u00e7\u00e3o e na ind\u00fastria<\/b><\/h3>\n<p><span style=\"font-weight: 400;\">A procura de Cloreto de Acetilo continua a crescer devido \u00e0 sua versatilidade e efic\u00e1cia:<\/span><\/p>\n<ul>\n<li style=\"font-weight: 400;\" aria-level=\"1\"><b>Acila\u00e7\u00e3o de \u00e1lcoois e aminas<\/b><\/li>\n<li style=\"font-weight: 400;\" aria-level=\"1\"><b>S\u00edntese de produtos farmac\u00eauticos, corantes e pesticidas<\/b><\/li>\n<li style=\"font-weight: 400;\" aria-level=\"1\"><b>Produ\u00e7\u00e3o de acetatos e \u00e9steres<\/b><\/li>\n<\/ul>\n<p><span style=\"font-weight: 400;\">\u00c0 medida que as ind\u00fastrias globais se expandem, a necessidade de um aprovisionamento em linha seguro, r\u00e1pido e em conformidade tem alimentado o crescimento de <\/span><b>mercados de produtos qu\u00edmicos em linha<\/b><span style=\"font-weight: 400;\">.<\/span><\/p>\n<h3><b>Melhores fontes online para Acetyl Chloride<\/b><\/h3>\n<p><span style=\"font-weight: 400;\">Com dezenas de fornecedores que oferecem <\/span><a href=\"https:\/\/en.wikipedia.org\/wiki\/Acetyl_chloride\"><b>Cloreto de acetilo para venda<\/b><\/a><span style=\"font-weight: 400;\">Se o seu fornecedor for de confian\u00e7a, \u00e9 essencial selecionar um fornecedor de confian\u00e7a. Eis como se comparam:<\/span><\/p>\n<h3><b>Como escolher o fornecedor certo<\/b><\/h3>\n<p><span style=\"font-weight: 400;\">Quando <\/span><b>encomendar Acetyl Chloride online<\/b><span style=\"font-weight: 400;\">, dar prioridade aos fornecedores que:<\/span><\/p>\n<ul>\n<li style=\"font-weight: 400;\" aria-level=\"1\"><span style=\"font-weight: 400;\">Lista clara <\/span><b>n\u00edveis de pureza<\/b><span style=\"font-weight: 400;\"> e especifica\u00e7\u00f5es do produto<\/span><\/li>\n<li style=\"font-weight: 400;\" aria-level=\"1\"><span style=\"font-weight: 400;\">Seguir a n\u00edvel internacional <\/span><b>regulamentos relativos ao transporte de mercadorias perigosas<\/b><\/li>\n<li style=\"font-weight: 400;\" aria-level=\"1\"><span style=\"font-weight: 400;\">Oferta <\/span><b>embalagens a granel e \u00e0 escala laboratorial<\/b><\/li>\n<li style=\"font-weight: 400;\" aria-level=\"1\"><span style=\"font-weight: 400;\">Exigir ou verificar o seu <\/span><b>licen\u00e7a para manuseamento de produtos qu\u00edmicos controlados<\/b><\/li>\n<li style=\"font-weight: 400;\" aria-level=\"1\"><span style=\"font-weight: 400;\">Ter apoio ao cliente para quest\u00f5es de conformidade<\/span><\/li>\n<\/ul>\n<p><span style=\"font-weight: 400;\">Quer se trate de um laborat\u00f3rio de investiga\u00e7\u00e3o licenciado ou de um comprador industrial, estes crit\u00e9rios ajudam a evitar atrasos, problemas legais ou riscos de seguran\u00e7a.<\/span><\/p>\n<h3><b>O que afecta o pre\u00e7o do cloreto de acetilo?<\/b><\/h3>\n<p><span style=\"font-weight: 400;\">V\u00e1rios factores determinam <\/span><b>Pre\u00e7os do cloreto de acetilo<\/b><span style=\"font-weight: 400;\">, incluindo:<\/span><\/p>\n<ul>\n<li style=\"font-weight: 400;\" aria-level=\"1\"><b>N\u00edvel de pureza<\/b><span style=\"font-weight: 400;\"> (laborat\u00f3rio vs. grau industrial)<\/span><\/li>\n<li style=\"font-weight: 400;\" aria-level=\"1\"><b>Embalagem<\/b><span style=\"font-weight: 400;\"> (garrafas de vidro seladas vs. contentores a granel)<\/span><\/li>\n<li style=\"font-weight: 400;\" aria-level=\"1\"><b>Classe de expedi\u00e7\u00e3o<\/b><span style=\"font-weight: 400;\"> (sobretaxa para mercadorias perigosas)<\/span><\/li>\n<li style=\"font-weight: 400;\" aria-level=\"1\"><b>Volume de encomendas<\/b><span style=\"font-weight: 400;\"> - Obtenha mais valor com <\/span><b>descontos por volume<\/b><\/li>\n<\/ul>\n<p><span style=\"font-weight: 400;\">\u00c0 procura de um <\/span><b>pre\u00e7o do cloreto de acetilo barato<\/b><span style=\"font-weight: 400;\"> sem sacrificar a qualidade? A nossa plataforma permite-lhe comparar op\u00e7\u00f5es e escolher exatamente o que precisa - de forma segura e acess\u00edvel.<\/span><\/p>\n<h3><b>Considera\u00e7\u00f5es finais - Encomendas em linha seguras, simples e conformes<\/b><\/h3>\n<p><span style=\"font-weight: 400;\">Encomendar produtos qu\u00edmicos online n\u00e3o tem de ser complicado. Ao escolher um fornecedor respeit\u00e1vel, verificar as especifica\u00e7\u00f5es do produto e seguir os regulamentos de envio e manuseamento, pode obter com seguran\u00e7a Cloreto de Acetilo de alta qualidade para as suas opera\u00e7\u00f5es.<\/span><\/p>\n<p><span style=\"font-weight: 400;\">Facilitamos-lhe a vida:<\/span><\/p>\n<ul>\n<li style=\"font-weight: 400;\" aria-level=\"1\"><b>Comprar Acetyl Chloride online<\/b><span style=\"font-weight: 400;\"> com confian\u00e7a<\/span><\/li>\n<li style=\"font-weight: 400;\" aria-level=\"1\"><span style=\"font-weight: 400;\">Comparar pre\u00e7os, embalagens e op\u00e7\u00f5es de pureza<\/span><\/li>\n<li style=\"font-weight: 400;\" aria-level=\"1\"><span style=\"font-weight: 400;\">Receber documenta\u00e7\u00e3o completa e transporte seguro<\/span><\/li>\n<\/ul>\n<p><b>Acetyl Chloride para venda - encomendar agora ou pedir um or\u00e7amento<\/b><span style=\"font-weight: 400;\"> e experimentar um servi\u00e7o de confian\u00e7a, a cada passo do caminho.<\/span><\/p>","protected":false},"excerpt":{"rendered":"<p>O sulfato de am\u00f3nio \u00e9 um sal inorg\u00e2nico com a f\u00f3rmula <span class=\"katex\"><span class=\"katex-mathml\">(NH4)2SO4(NH_4)_2SO_4<\/span><span class=\"katex-html\" aria-hidden=\"true\"><span class=\"base\"><span class=\"mopen\">(<\/span><span class=\"mord mathnormal\">N<\/span><span class=\"mord\"><span class=\"mord mathnormal\">H<\/span><span class=\"msupsub\"><span class=\"vlist-t vlist-t2\"><span class=\"vlist-r\"><span class=\"vlist\"><span class=\"sizing reset-size6 size3 mtight\"><span class=\"mord mtight\">4<\/span><\/span><\/span><span class=\"vlist-s\">\u200b<\/span><\/span><\/span><\/span><\/span><span class=\"mclose\">)<span class=\"msupsub\"><span class=\"vlist-t vlist-t2\"><span class=\"vlist-r\"><span class=\"vlist\"><span class=\"sizing reset-size6 size3 mtight\"><span class=\"mord mtight\">2<\/span><\/span><\/span><span class=\"vlist-s\">\u200b<\/span><\/span><\/span><\/span><\/span><span class=\"mord mathnormal\">S<\/span><span class=\"mord\"><span class=\"mord mathnormal\">O<\/span><span class=\"msupsub\"><span class=\"vlist-t vlist-t2\"><span class=\"vlist-r\"><span class=\"vlist\"><span class=\"sizing reset-size6 size3 mtight\"><span class=\"mord mtight\">4<\/span><\/span><\/span><span class=\"vlist-s\">\u200b<\/span><\/span><\/span><\/span><\/span><\/span><\/span><\/span>. Apresenta-se como um s\u00f3lido cristalino branco e \u00e9 altamente sol\u00favel em \u00e1gua. Este composto vers\u00e1til \u00e9 amplamente utilizado na agricultura, no processamento de alimentos e em laborat\u00f3rios.<\/p>\n<ul>\n<li><strong>F\u00f3rmula qu\u00edmica<\/strong>: <span class=\"katex\"><span class=\"katex-mathml\">(NH4)2SO4(NH_4)_2SO_4<\/span><span class=\"katex-html\" aria-hidden=\"true\"><span class=\"base\"><span class=\"mopen\">(<\/span><span class=\"mord mathnormal\">N<\/span><span class=\"mord\"><span class=\"mord mathnormal\">H<\/span><span class=\"msupsub\"><span class=\"vlist-t vlist-t2\"><span class=\"vlist-r\"><span class=\"vlist\"><span class=\"sizing reset-size6 size3 mtight\"><span class=\"mord mtight\">4<\/span><\/span><\/span><span class=\"vlist-s\">\u200b<\/span><\/span><\/span><\/span><\/span><span class=\"mclose\">)<span class=\"msupsub\"><span class=\"vlist-t vlist-t2\"><span class=\"vlist-r\"><span class=\"vlist\"><span class=\"sizing reset-size6 size3 mtight\"><span class=\"mord mtight\">2<\/span><\/span><\/span><span class=\"vlist-s\">\u200b<\/span><\/span><\/span><\/span><\/span><span class=\"mord mathnormal\">S<\/span><span class=\"mord\"><span class=\"mord mathnormal\">O<\/span><span class=\"msupsub\"><span class=\"vlist-t vlist-t2\"><span class=\"vlist-r\"><span class=\"vlist\"><span class=\"sizing reset-size6 size3 mtight\"><span class=\"mord mtight\">4<\/span><\/span><\/span><span class=\"vlist-s\">\u200b<\/span><\/span><\/span><\/span><\/span><\/span><\/span><\/span><\/li>\n<li><strong>Peso molecular<\/strong>: 132,14 g\/mol<\/li>\n<li><strong>Apar\u00eancia<\/strong>: S\u00f3lido cristalino branco<\/li>\n<li><strong>Solubilidade<\/strong>: Altamente sol\u00favel em \u00e1gua<\/li>\n<li><strong>pH<\/strong>: Tipicamente cerca de 5,5 a 7,0 em solu\u00e7\u00e3o<\/li>\n<\/ul>","protected":false},"featured_media":1319,"comment_status":"open","ping_status":"closed","template":"","meta":{"_kadence_starter_templates_imported_post":false,"_kad_post_transparent":"default","_kad_post_title":"","_kad_post_layout":"default","_kad_post_sidebar_id":"","_kad_post_content_style":"default","_kad_post_vertical_padding":"default","_kad_post_feature":"","_kad_post_feature_position":"","_kad_post_header":false,"_kad_post_footer":false,"_joinchat":[]},"product_brand":[],"product_cat":[59],"product_tag":[575,573,567,572,570,564,571,581,569,579,577,562,565,563,576,568,566,578,574,580],"class_list":{"0":"post-1074","1":"product","2":"type-product","3":"status-publish","4":"has-post-thumbnail","6":"product_cat-chemical-manufacturing-and-synthesis","7":"product_tag-acetyl-chloride-as-reagent","8":"product_tag-acetyl-chloride-distributor","9":"product_tag-acetyl-chloride-for-chemical-manufacturing","10":"product_tag-acetyl-chloride-for-laboratory-use","11":"product_tag-acetyl-chloride-for-pharmaceutical-applications","12":"product_tag-acetyl-chloride-for-sale","13":"product_tag-acetyl-chloride-in-organic-synthesis","14":"product_tag-acetyl-chloride-in-stock","15":"product_tag-acetyl-chloride-price-and-availability","16":"product_tag-acetyl-chloride-procurement","17":"product_tag-acetyl-chloride-safety-compliance","18":"product_tag-acetyl-chloride-supplier","19":"product_tag-bulk-acetyl-chloride-supplier","20":"product_tag-buy-acetyl-chloride","21":"product_tag-commercial-acetyl-chloride-supply","22":"product_tag-high-purity-acetyl-chloride","23":"product_tag-industrial-acetyl-chloride","24":"product_tag-reliable-acetyl-chloride-supplier","25":"product_tag-where-to-buy-acetyl-chloride","26":"product_tag-wholesale-acetyl-chloride-supplier","28":"first","29":"instock","30":"shipping-taxable","31":"product-type-simple","32":"entry","33":"content-bg","34":"loop-entry"},"yoast_head":"<!-- This site is optimized with the Yoast SEO plugin v25.6 - https:\/\/yoast.com\/wordpress\/plugins\/seo\/ -->\n<title>Acetyl Chloride for Sale - Buy Acetyl Chloride Online | Subszone<\/title>\n<meta name=\"description\" content=\"Explore our online store for acetyl ahloride for sale, offering high-quality acetyl ahloride. Buy acetyl ahloride online securely and embark on your research journey with confidence.\" \/>\n<meta name=\"robots\" content=\"index, follow, max-snippet:-1, max-image-preview:large, max-video-preview:-1\" \/>\n<link rel=\"canonical\" href=\"https:\/\/subszone.com\/pt\/product\/cloreto-de-acetilo\/\" \/>\n<meta property=\"og:locale\" content=\"pt_PT\" \/>\n<meta property=\"og:type\" content=\"article\" \/>\n<meta property=\"og:title\" content=\"Acetyl Chloride for Sale - Buy Acetyl Chloride Online | Subszone\" \/>\n<meta property=\"og:description\" content=\"Explore our online store for acetyl ahloride for sale, offering high-quality acetyl ahloride. Buy acetyl ahloride online securely and embark on your research journey with confidence.\" \/>\n<meta property=\"og:url\" content=\"https:\/\/subszone.com\/pt\/product\/cloreto-de-acetilo\/\" \/>\n<meta property=\"og:site_name\" content=\"SubsZone\" \/>\n<meta property=\"article:modified_time\" content=\"2025-08-01T07:58:13+00:00\" \/>\n<meta property=\"og:image\" content=\"https:\/\/subszone.com\/wp-content\/uploads\/2024\/10\/Acetyl-Chloride-1.webp\" \/>\n\t<meta property=\"og:image:width\" content=\"1024\" \/>\n\t<meta property=\"og:image:height\" content=\"1024\" \/>\n\t<meta property=\"og:image:type\" content=\"image\/webp\" \/>\n<meta name=\"twitter:card\" content=\"summary_large_image\" \/>\n<meta name=\"twitter:label1\" content=\"Tempo estimado de leitura\" \/>\n\t<meta name=\"twitter:data1\" content=\"2 minutos\" \/>\n<script type=\"application\/ld+json\" class=\"yoast-schema-graph\">{\"@context\":\"https:\/\/schema.org\",\"@graph\":[{\"@type\":\"WebPage\",\"@id\":\"https:\/\/subszone.com\/product\/acetyl-chloride\/\",\"url\":\"https:\/\/subszone.com\/product\/acetyl-chloride\/\",\"name\":\"Acetyl Chloride for Sale - Buy Acetyl Chloride Online | Subszone\",\"isPartOf\":{\"@id\":\"https:\/\/subszone.com\/#website\"},\"primaryImageOfPage\":{\"@id\":\"https:\/\/subszone.com\/product\/acetyl-chloride\/#primaryimage\"},\"image\":{\"@id\":\"https:\/\/subszone.com\/product\/acetyl-chloride\/#primaryimage\"},\"thumbnailUrl\":\"https:\/\/subszone.com\/wp-content\/uploads\/2024\/10\/Acetyl-Chloride-1.webp\",\"datePublished\":\"2024-10-23T09:51:31+00:00\",\"dateModified\":\"2025-08-01T07:58:13+00:00\",\"description\":\"Explore our online store for acetyl ahloride for sale, offering high-quality acetyl ahloride. Buy acetyl ahloride online securely and embark on your research journey with confidence.\",\"breadcrumb\":{\"@id\":\"https:\/\/subszone.com\/product\/acetyl-chloride\/#breadcrumb\"},\"inLanguage\":\"pt-PT\",\"potentialAction\":[{\"@type\":\"ReadAction\",\"target\":[\"https:\/\/subszone.com\/product\/acetyl-chloride\/\"]}]},{\"@type\":\"ImageObject\",\"inLanguage\":\"pt-PT\",\"@id\":\"https:\/\/subszone.com\/product\/acetyl-chloride\/#primaryimage\",\"url\":\"https:\/\/subszone.com\/wp-content\/uploads\/2024\/10\/Acetyl-Chloride-1.webp\",\"contentUrl\":\"https:\/\/subszone.com\/wp-content\/uploads\/2024\/10\/Acetyl-Chloride-1.webp\",\"width\":1024,\"height\":1024,\"caption\":\"Buy Acetyl Chloride Online\"},{\"@type\":\"BreadcrumbList\",\"@id\":\"https:\/\/subszone.com\/product\/acetyl-chloride\/#breadcrumb\",\"itemListElement\":[{\"@type\":\"ListItem\",\"position\":1,\"name\":\"Home\",\"item\":\"https:\/\/subszone.com\/\"},{\"@type\":\"ListItem\",\"position\":2,\"name\":\"Shop\",\"item\":\"https:\/\/subszone.com\/shop\/\"},{\"@type\":\"ListItem\",\"position\":3,\"name\":\"Buy Acetyl Chloride Online\"}]},{\"@type\":\"WebSite\",\"@id\":\"https:\/\/subszone.com\/#website\",\"url\":\"https:\/\/subszone.com\/\",\"name\":\"SubsZone\",\"description\":\"My WordPress Blog\",\"publisher\":{\"@id\":\"https:\/\/subszone.com\/#organization\"},\"potentialAction\":[{\"@type\":\"SearchAction\",\"target\":{\"@type\":\"EntryPoint\",\"urlTemplate\":\"https:\/\/subszone.com\/?s={search_term_string}\"},\"query-input\":{\"@type\":\"PropertyValueSpecification\",\"valueRequired\":true,\"valueName\":\"search_term_string\"}}],\"inLanguage\":\"pt-PT\"},{\"@type\":\"Organization\",\"@id\":\"https:\/\/subszone.com\/#organization\",\"name\":\"SubsZone\",\"url\":\"https:\/\/subszone.com\/\",\"logo\":{\"@type\":\"ImageObject\",\"inLanguage\":\"pt-PT\",\"@id\":\"https:\/\/subszone.com\/#\/schema\/logo\/image\/\",\"url\":\"https:\/\/subszone.com\/wp-content\/uploads\/2024\/10\/logo.png\",\"contentUrl\":\"https:\/\/subszone.com\/wp-content\/uploads\/2024\/10\/logo.png\",\"width\":193,\"height\":50,\"caption\":\"SubsZone\"},\"image\":{\"@id\":\"https:\/\/subszone.com\/#\/schema\/logo\/image\/\"}}]}<\/script>\n<!-- \/ Yoast SEO plugin. -->","yoast_head_json":{"title":"Cloreto de Acetilo para Venda - Comprar Cloreto de Acetilo Online | Subszone","description":"Explore a nossa loja online de cloreto de acetilo para venda, oferecendo cloreto de acetilo de alta qualidade. Compre o cloreto de acetilo online de forma segura e embarque na sua viagem de investiga\u00e7\u00e3o com confian\u00e7a.","robots":{"index":"index","follow":"follow","max-snippet":"max-snippet:-1","max-image-preview":"max-image-preview:large","max-video-preview":"max-video-preview:-1"},"canonical":"https:\/\/subszone.com\/pt\/product\/cloreto-de-acetilo\/","og_locale":"pt_PT","og_type":"article","og_title":"Acetyl Chloride for Sale - Buy Acetyl Chloride Online | Subszone","og_description":"Explore our online store for acetyl ahloride for sale, offering high-quality acetyl ahloride. Buy acetyl ahloride online securely and embark on your research journey with confidence.","og_url":"https:\/\/subszone.com\/pt\/product\/cloreto-de-acetilo\/","og_site_name":"SubsZone","article_modified_time":"2025-08-01T07:58:13+00:00","og_image":[{"width":1024,"height":1024,"url":"https:\/\/subszone.com\/wp-content\/uploads\/2024\/10\/Acetyl-Chloride-1.webp","type":"image\/webp"}],"twitter_card":"summary_large_image","twitter_misc":{"Tempo estimado de leitura":"2 minutos"},"schema":{"@context":"https:\/\/schema.org","@graph":[{"@type":"WebPage","@id":"https:\/\/subszone.com\/product\/acetyl-chloride\/","url":"https:\/\/subszone.com\/product\/acetyl-chloride\/","name":"Cloreto de Acetilo para Venda - Comprar Cloreto de Acetilo Online | Subszone","isPartOf":{"@id":"https:\/\/subszone.com\/#website"},"primaryImageOfPage":{"@id":"https:\/\/subszone.com\/product\/acetyl-chloride\/#primaryimage"},"image":{"@id":"https:\/\/subszone.com\/product\/acetyl-chloride\/#primaryimage"},"thumbnailUrl":"https:\/\/subszone.com\/wp-content\/uploads\/2024\/10\/Acetyl-Chloride-1.webp","datePublished":"2024-10-23T09:51:31+00:00","dateModified":"2025-08-01T07:58:13+00:00","description":"Explore a nossa loja online de cloreto de acetilo para venda, oferecendo cloreto de acetilo de alta qualidade. Compre o cloreto de acetilo online de forma segura e embarque na sua viagem de investiga\u00e7\u00e3o com confian\u00e7a.","breadcrumb":{"@id":"https:\/\/subszone.com\/product\/acetyl-chloride\/#breadcrumb"},"inLanguage":"pt-PT","potentialAction":[{"@type":"ReadAction","target":["https:\/\/subszone.com\/product\/acetyl-chloride\/"]}]},{"@type":"ImageObject","inLanguage":"pt-PT","@id":"https:\/\/subszone.com\/product\/acetyl-chloride\/#primaryimage","url":"https:\/\/subszone.com\/wp-content\/uploads\/2024\/10\/Acetyl-Chloride-1.webp","contentUrl":"https:\/\/subszone.com\/wp-content\/uploads\/2024\/10\/Acetyl-Chloride-1.webp","width":1024,"height":1024,"caption":"Buy Acetyl Chloride Online"},{"@type":"BreadcrumbList","@id":"https:\/\/subszone.com\/product\/acetyl-chloride\/#breadcrumb","itemListElement":[{"@type":"ListItem","position":1,"name":"Home","item":"https:\/\/subszone.com\/"},{"@type":"ListItem","position":2,"name":"Shop","item":"https:\/\/subszone.com\/shop\/"},{"@type":"ListItem","position":3,"name":"Buy Acetyl Chloride Online"}]},{"@type":"WebSite","@id":"https:\/\/subszone.com\/#website","url":"https:\/\/subszone.com\/","name":"SubsZona","description":"O meu blogue WordPress","publisher":{"@id":"https:\/\/subszone.com\/#organization"},"potentialAction":[{"@type":"SearchAction","target":{"@type":"EntryPoint","urlTemplate":"https:\/\/subszone.com\/?s={search_term_string}"},"query-input":{"@type":"PropertyValueSpecification","valueRequired":true,"valueName":"search_term_string"}}],"inLanguage":"pt-PT"},{"@type":"Organization","@id":"https:\/\/subszone.com\/#organization","name":"SubsZona","url":"https:\/\/subszone.com\/","logo":{"@type":"ImageObject","inLanguage":"pt-PT","@id":"https:\/\/subszone.com\/#\/schema\/logo\/image\/","url":"https:\/\/subszone.com\/wp-content\/uploads\/2024\/10\/logo.png","contentUrl":"https:\/\/subszone.com\/wp-content\/uploads\/2024\/10\/logo.png","width":193,"height":50,"caption":"SubsZone"},"image":{"@id":"https:\/\/subszone.com\/#\/schema\/logo\/image\/"}}]}},"_links":{"self":[{"href":"https:\/\/subszone.com\/pt\/wp-json\/wp\/v2\/product\/1074","targetHints":{"allow":["GET"]}}],"collection":[{"href":"https:\/\/subszone.com\/pt\/wp-json\/wp\/v2\/product"}],"about":[{"href":"https:\/\/subszone.com\/pt\/wp-json\/wp\/v2\/types\/product"}],"replies":[{"embeddable":true,"href":"https:\/\/subszone.com\/pt\/wp-json\/wp\/v2\/comments?post=1074"}],"wp:featuredmedia":[{"embeddable":true,"href":"https:\/\/subszone.com\/pt\/wp-json\/wp\/v2\/media\/1319"}],"wp:attachment":[{"href":"https:\/\/subszone.com\/pt\/wp-json\/wp\/v2\/media?parent=1074"}],"wp:term":[{"taxonomy":"product_brand","embeddable":true,"href":"https:\/\/subszone.com\/pt\/wp-json\/wp\/v2\/product_brand?post=1074"},{"taxonomy":"product_cat","embeddable":true,"href":"https:\/\/subszone.com\/pt\/wp-json\/wp\/v2\/product_cat?post=1074"},{"taxonomy":"product_tag","embeddable":true,"href":"https:\/\/subszone.com\/pt\/wp-json\/wp\/v2\/product_tag?post=1074"}],"curies":[{"name":"wp","href":"https:\/\/api.w.org\/{rel}","templated":true}]}}