{"id":1118,"date":"2024-10-23T11:14:05","date_gmt":"2024-10-23T11:14:05","guid":{"rendered":"https:\/\/subszone.com\/?post_type=product&#038;p=1118"},"modified":"2025-08-01T08:32:34","modified_gmt":"2025-08-01T08:32:34","slug":"cloroformio","status":"publish","type":"product","link":"https:\/\/subszone.com\/pt\/product\/cloroformio\/","title":{"rendered":"Comprar Chloroform Online"},"content":{"rendered":"<h2><b>Guia informativo para a compra online de clorof\u00f3rmio para utiliza\u00e7\u00e3o em laborat\u00f3rio<\/b><\/h2>\n<h3><b>Introdu\u00e7\u00e3o ao clorof\u00f3rmio<\/b><\/h3>\n<p><a href=\"https:\/\/subszone.com\/pt\/product\/cloroformio\/\"><b>Clorof\u00f3rmio<\/b><\/a><span style=\"font-weight: 400;\"> (denomina\u00e7\u00e3o qu\u00edmica: <\/span><b>triclorometano<\/b><span style=\"font-weight: 400;\">, f\u00f3rmula: <\/span><b>CHCl\u2083<\/b><span style=\"font-weight: 400;\">) \u00e9 um <\/span><b>l\u00edquido incolor e vol\u00e1til<\/b><span style=\"font-weight: 400;\"> com um odor suave e doce. Historicamente utilizado como anest\u00e9sico, o seu papel na ci\u00eancia moderna deslocou-se principalmente para ambientes laboratoriais controlados, particularmente em <\/span><b>s\u00edntese org\u00e2nica<\/b><span style=\"font-weight: 400;\"> e <\/span><b>biotecnologia<\/b><span style=\"font-weight: 400;\">.<\/span><\/p>\n<p><span style=\"font-weight: 400;\">As propriedades \u00fanicas do clorof\u00f3rmio como solvente tornaram-no indispens\u00e1vel em <\/span><b>laborat\u00f3rios qu\u00edmicos<\/b><span style=\"font-weight: 400;\">mas, devido \u00e0 sua toxicidade e potencial de utiliza\u00e7\u00e3o indevida, \u00e9 <\/span><b>regulamentado de forma rigorosa<\/b><span style=\"font-weight: 400;\"> na maioria das jurisdi\u00e7\u00f5es.<\/span><\/p>\n<h3><b>Utiliza\u00e7\u00f5es comuns do clorof\u00f3rmio<\/b><\/h3>\n<p><span style=\"font-weight: 400;\">Atualmente, o clorof\u00f3rmio \u00e9 utilizado quase exclusivamente para <\/span><b>investiga\u00e7\u00e3o e aplica\u00e7\u00f5es industriais<\/b><span style=\"font-weight: 400;\">, incluindo:<\/span><\/p>\n<ul>\n<li style=\"font-weight: 400;\" aria-level=\"1\"><b>Qu\u00edmica Org\u00e2nica:<\/b><span style=\"font-weight: 400;\"> Um solvente n\u00e3o polar utilizado em reac\u00e7\u00f5es e na prepara\u00e7\u00e3o de amostras.<\/span>&nbsp;<\/li>\n<li style=\"font-weight: 400;\" aria-level=\"1\"><b>Protocolos de extra\u00e7\u00e3o de ADN:<\/b><span style=\"font-weight: 400;\"> Normalmente utilizado em m\u00e9todos de extra\u00e7\u00e3o com fenol-clorof\u00f3rmio para isolar \u00e1cidos nucleicos em laborat\u00f3rios de biologia molecular.<\/span>&nbsp;<\/li>\n<li style=\"font-weight: 400;\" aria-level=\"1\"><b>S\u00edntese industrial e farmac\u00eautica:<\/b><span style=\"font-weight: 400;\"> Em fun\u00e7\u00f5es de nicho, frequentemente sob controlos rigorosos, o clorof\u00f3rmio serve como solvente interm\u00e9dio ou de processamento.<\/span>&nbsp;<\/li>\n<\/ul>\n<h3><b>Estatuto jur\u00eddico e considera\u00e7\u00f5es regulamentares<\/b><\/h3>\n<h3><b>Classifica\u00e7\u00e3o controlada<\/b><\/h3>\n<p><span style=\"font-weight: 400;\">O clorof\u00f3rmio \u00e9 classificado como um <\/span><b>subst\u00e2ncia perigosa<\/b><span style=\"font-weight: 400;\"> e \u00e9 regulamentado por:<\/span><\/p>\n<ul>\n<li style=\"font-weight: 400;\" aria-level=\"1\"><b>A Lei de Controlo das Subst\u00e2ncias T\u00f3xicas (TSCA)<\/b><span style=\"font-weight: 400;\"> nos Estados Unidos.<\/span>&nbsp;<\/li>\n<li style=\"font-weight: 400;\" aria-level=\"1\"><b>Regulamento REACH<\/b><span style=\"font-weight: 400;\"> na UE<\/span>&nbsp;<\/li>\n<li style=\"font-weight: 400;\" aria-level=\"1\"><span style=\"font-weight: 400;\">Restri\u00e7\u00f5es adicionais no Canad\u00e1, Austr\u00e1lia e Reino Unido.<\/span>&nbsp;<\/li>\n<\/ul>\n<h3><b>Requisitos de compra<\/b><\/h3>\n<ul>\n<li style=\"font-weight: 400;\" aria-level=\"1\"><b>Autoriza\u00e7\u00f5es ou licen\u00e7as<\/b><span style=\"font-weight: 400;\"> pode ser necess\u00e1rio para a compra, dependendo do pa\u00eds e do caso de utiliza\u00e7\u00e3o.<\/span>&nbsp;<\/li>\n<li style=\"font-weight: 400;\" aria-level=\"1\"><b>Credenciais empresariais ou institucionais<\/b><span style=\"font-weight: 400;\"> s\u00e3o normalmente necess\u00e1rios-<\/span><b>os particulares n\u00e3o podem comprar clorof\u00f3rmio legalmente<\/b><span style=\"font-weight: 400;\"> na maioria das regi\u00f5es.<\/span>&nbsp;<\/li>\n<\/ul>\n<h3><b>Restri\u00e7\u00f5es<\/b><\/h3>\n<ul>\n<li style=\"font-weight: 400;\" aria-level=\"1\"><span style=\"font-weight: 400;\">A utiliza\u00e7\u00e3o n\u00e3o profissional ou recreativa \u00e9 <\/span><b>estritamente proibido<\/b><span style=\"font-weight: 400;\">.<\/span>&nbsp;<\/li>\n<li style=\"font-weight: 400;\" aria-level=\"1\"><span style=\"font-weight: 400;\">A importa\u00e7\u00e3o\/exporta\u00e7\u00e3o e o armazenamento est\u00e3o sujeitos aos regulamentos locais relativos \u00e0 seguran\u00e7a qu\u00edmica e ao ambiente.<\/span>&nbsp;<\/li>\n<\/ul>\n<h3><b>Diretrizes de seguran\u00e7a e manuseamento<\/b><\/h3>\n<p><span style=\"font-weight: 400;\"><a href=\"https:\/\/en.wikipedia.org\/wiki\/Chloroform\">Clorof\u00f3rmio<\/a> deve ser tratado com extremo cuidado devido \u00e0 sua <\/span><b>riscos conhecidos para a sa\u00fade<\/b><span style=\"font-weight: 400;\">, incluindo:<\/span><\/p>\n<ul>\n<li style=\"font-weight: 400;\" aria-level=\"1\"><b>Hepatotoxicidade e nefrotoxicidade<\/b>&nbsp;<\/li>\n<li style=\"font-weight: 400;\" aria-level=\"1\"><b>Poss\u00edveis efeitos carcinog\u00e9nicos<\/b><span style=\"font-weight: 400;\"> (IARC Grupo 2B)<\/span>&nbsp;<\/li>\n<li style=\"font-weight: 400;\" aria-level=\"1\"><span style=\"font-weight: 400;\">Depress\u00e3o do sistema nervoso central em concentra\u00e7\u00f5es elevadas<\/span>&nbsp;<\/li>\n<\/ul>\n<h3><b>Medidas de seguran\u00e7a necess\u00e1rias<\/b><\/h3>\n<ul>\n<li style=\"font-weight: 400;\" aria-level=\"1\"><span style=\"font-weight: 400;\">Utilizar num <\/span><b>hotte bem ventilada<\/b>&nbsp;<\/li>\n<li style=\"font-weight: 400;\" aria-level=\"1\"><span style=\"font-weight: 400;\">Equipamento de prote\u00e7\u00e3o individual (EPI): luvas, \u00f3culos de prote\u00e7\u00e3o, bata de laborat\u00f3rio<\/span>&nbsp;<\/li>\n<li style=\"font-weight: 400;\" aria-level=\"1\"><span style=\"font-weight: 400;\">Armazenamento em <\/span><b>recipientes de vidro \u00e2mbar hermeticamente fechados<\/b><span style=\"font-weight: 400;\">, ao abrigo do calor e da luz<\/span>&nbsp;<\/li>\n<\/ul>\n<h3><b>Protocolo de elimina\u00e7\u00e3o<\/b><\/h3>\n<p><span style=\"font-weight: 400;\">Deve ser eliminado como <\/span><b>res\u00edduos qu\u00edmicos perigosos<\/b><span style=\"font-weight: 400;\"> atrav\u00e9s de servi\u00e7os de elimina\u00e7\u00e3o certificados, nunca atrav\u00e9s de res\u00edduos gerais ou esgotos.<\/span><\/p>\n<h3><b>Onde comprar Clorof\u00f3rmio online<\/b><\/h3>\n<p><span style=\"font-weight: 400;\">Ao comprar clorof\u00f3rmio, \u00e9 fundamental <\/span><b>abastecer-se apenas junto de fornecedores de produtos qu\u00edmicos licenciados e certificados<\/b><span style=\"font-weight: 400;\">. Evite mercados de terceiros ou s\u00edtios Web n\u00e3o regulamentados.<\/span><\/p>\n<h3><b>O que procurar num fornecedor respeit\u00e1vel<\/b><\/h3>\n<ul>\n<li style=\"font-weight: 400;\" aria-level=\"1\"><b>Prova de licenciamento da empresa<\/b>&nbsp;<\/li>\n<li style=\"font-weight: 400;\" aria-level=\"1\"><span style=\"font-weight: 400;\">Disponibilidade de <\/span><b>SDS (Fichas de Dados de Seguran\u00e7a)<\/b><span style=\"font-weight: 400;\"> e <\/span><b>COAs (Certificados de An\u00e1lise)<\/b>&nbsp;<\/li>\n<li style=\"font-weight: 400;\" aria-level=\"1\"><span style=\"font-weight: 400;\">Pol\u00edticas de expedi\u00e7\u00e3o transparentes e conformidade regulamentar<\/span>&nbsp;<\/li>\n<li style=\"font-weight: 400;\" aria-level=\"1\"><span style=\"font-weight: 400;\">Canais dedicados de distribui\u00e7\u00e3o de produtos qu\u00edmicos B2B<\/span>&nbsp;<\/li>\n<\/ul>\n<h3><b>Conclus\u00e3o<\/b><\/h3>\n<p><span style=\"font-weight: 400;\">A compra de clorof\u00f3rmio online requer um <\/span><b>conhecimento profundo das responsabilidades legais e dos protocolos de seguran\u00e7a<\/b><span style=\"font-weight: 400;\">. Apenas <\/span><b>profissionais ou institui\u00e7\u00f5es licenciadas<\/b><span style=\"font-weight: 400;\"> deve tratar este composto, e apenas para <\/span><b>aplica\u00e7\u00f5es industriais ou de investiga\u00e7\u00e3o aprovadas<\/b><span style=\"font-weight: 400;\">.<\/span><\/p>\n<h3><b>Lembretes finais:<\/b><\/h3>\n<ul>\n<li style=\"font-weight: 400;\" aria-level=\"1\"><span style=\"font-weight: 400;\">Verificar sempre a legalidade antes da compra<\/span>&nbsp;<\/li>\n<li style=\"font-weight: 400;\" aria-level=\"1\"><span style=\"font-weight: 400;\">Nunca tentar comprar clorof\u00f3rmio sem as devidas credenciais<\/span>&nbsp;<\/li>\n<\/ul>","protected":false},"excerpt":{"rendered":"<p>O clorof\u00f3rmio, com a f\u00f3rmula qu\u00edmica CHCl\u2083, \u00e9 um l\u00edquido incolor e vol\u00e1til com um odor doce. Tem sido utilizado em v\u00e1rias aplica\u00e7\u00f5es, particularmente em laborat\u00f3rios e ind\u00fastrias, mas tamb\u00e9m apresenta riscos significativos para a sa\u00fade e seguran\u00e7a. Aqui est\u00e1 uma vis\u00e3o geral do clorof\u00f3rmio, incluindo suas propriedades, usos, considera\u00e7\u00f5es de seguran\u00e7a e aspectos regulat\u00f3rios.<\/p>\n<ul>\n<li><strong>Estado f\u00edsico<\/strong>: L\u00edquido incolor \u00e0 temperatura ambiente.<\/li>\n<li><strong>Odor<\/strong>: Odor doce carater\u00edstico, que pode induzir em erro quanto \u00e0 sua toxicidade.<\/li>\n<li><strong>Ponto de ebuli\u00e7\u00e3o<\/strong>: Aproximadamente 61,2 \u00b0C (142,2 \u00b0F).<\/li>\n<li><strong>Solubilidade<\/strong>: Ligeiramente sol\u00favel em \u00e1gua mas misc\u00edvel com solventes org\u00e2nicos.<\/li>\n<\/ul>","protected":false},"featured_media":1436,"comment_status":"open","ping_status":"closed","template":"","meta":{"_kadence_starter_templates_imported_post":false,"_kad_post_transparent":"default","_kad_post_title":"","_kad_post_layout":"default","_kad_post_sidebar_id":"","_kad_post_content_style":"default","_kad_post_vertical_padding":"default","_kad_post_feature":"","_kad_post_feature_position":"","_kad_post_header":false,"_kad_post_footer":false,"_joinchat":[]},"product_brand":[],"product_cat":[126],"product_tag":[],"class_list":{"0":"post-1118","1":"product","2":"type-product","3":"status-publish","4":"has-post-thumbnail","6":"product_cat-environmental-and-health-hazards","8":"first","9":"instock","10":"shipping-taxable","11":"product-type-simple","12":"entry","13":"content-bg","14":"loop-entry"},"yoast_head":"<!-- This site is optimized with the Yoast SEO plugin v25.6 - https:\/\/yoast.com\/wordpress\/plugins\/seo\/ -->\n<title>Buy Chloroform Supplier Online - Chloroform for Sale<\/title>\n<meta name=\"description\" content=\"Do not miss any opportunity to buy chloroform supplier online from our store. We are exclusively dealing with chloroform for sale at cheap rates. We are here to help you. Order now!\" \/>\n<meta name=\"robots\" content=\"index, follow, max-snippet:-1, max-image-preview:large, max-video-preview:-1\" \/>\n<link rel=\"canonical\" href=\"https:\/\/subszone.com\/pt\/product\/cloroformio\/\" \/>\n<meta property=\"og:locale\" content=\"pt_PT\" \/>\n<meta property=\"og:type\" content=\"article\" \/>\n<meta property=\"og:title\" content=\"Buy Chloroform Supplier Online - Chloroform for Sale\" \/>\n<meta property=\"og:description\" content=\"Do not miss any opportunity to buy chloroform supplier online from our store. We are exclusively dealing with chloroform for sale at cheap rates. We are here to help you. Order now!\" \/>\n<meta property=\"og:url\" content=\"https:\/\/subszone.com\/pt\/product\/cloroformio\/\" \/>\n<meta property=\"og:site_name\" content=\"SubsZone\" \/>\n<meta property=\"article:modified_time\" content=\"2025-08-01T08:32:34+00:00\" \/>\n<meta property=\"og:image\" content=\"https:\/\/subszone.com\/wp-content\/uploads\/2024\/10\/Chloroform-2.gif\" \/>\n\t<meta property=\"og:image:width\" content=\"600\" \/>\n\t<meta property=\"og:image:height\" content=\"600\" \/>\n\t<meta property=\"og:image:type\" content=\"image\/gif\" \/>\n<meta name=\"twitter:card\" content=\"summary_large_image\" \/>\n<meta name=\"twitter:label1\" content=\"Tempo estimado de leitura\" \/>\n\t<meta name=\"twitter:data1\" content=\"3 minutos\" \/>\n<script type=\"application\/ld+json\" class=\"yoast-schema-graph\">{\"@context\":\"https:\/\/schema.org\",\"@graph\":[{\"@type\":\"WebPage\",\"@id\":\"https:\/\/subszone.com\/product\/chloroform\/\",\"url\":\"https:\/\/subszone.com\/product\/chloroform\/\",\"name\":\"Buy Chloroform Supplier Online - Chloroform for Sale\",\"isPartOf\":{\"@id\":\"https:\/\/subszone.com\/#website\"},\"primaryImageOfPage\":{\"@id\":\"https:\/\/subszone.com\/product\/chloroform\/#primaryimage\"},\"image\":{\"@id\":\"https:\/\/subszone.com\/product\/chloroform\/#primaryimage\"},\"thumbnailUrl\":\"https:\/\/subszone.com\/wp-content\/uploads\/2024\/10\/Chloroform-2.gif\",\"datePublished\":\"2024-10-23T11:14:05+00:00\",\"dateModified\":\"2025-08-01T08:32:34+00:00\",\"description\":\"Do not miss any opportunity to buy chloroform supplier online from our store. We are exclusively dealing with chloroform for sale at cheap rates. We are here to help you. Order now!\",\"breadcrumb\":{\"@id\":\"https:\/\/subszone.com\/product\/chloroform\/#breadcrumb\"},\"inLanguage\":\"pt-PT\",\"potentialAction\":[{\"@type\":\"ReadAction\",\"target\":[\"https:\/\/subszone.com\/product\/chloroform\/\"]}]},{\"@type\":\"ImageObject\",\"inLanguage\":\"pt-PT\",\"@id\":\"https:\/\/subszone.com\/product\/chloroform\/#primaryimage\",\"url\":\"https:\/\/subszone.com\/wp-content\/uploads\/2024\/10\/Chloroform-2.gif\",\"contentUrl\":\"https:\/\/subszone.com\/wp-content\/uploads\/2024\/10\/Chloroform-2.gif\",\"width\":600,\"height\":600,\"caption\":\"Buy Chloroform Online\"},{\"@type\":\"BreadcrumbList\",\"@id\":\"https:\/\/subszone.com\/product\/chloroform\/#breadcrumb\",\"itemListElement\":[{\"@type\":\"ListItem\",\"position\":1,\"name\":\"Home\",\"item\":\"https:\/\/subszone.com\/\"},{\"@type\":\"ListItem\",\"position\":2,\"name\":\"Shop\",\"item\":\"https:\/\/subszone.com\/shop\/\"},{\"@type\":\"ListItem\",\"position\":3,\"name\":\"Buy Chloroform Online\"}]},{\"@type\":\"WebSite\",\"@id\":\"https:\/\/subszone.com\/#website\",\"url\":\"https:\/\/subszone.com\/\",\"name\":\"SubsZone\",\"description\":\"My WordPress Blog\",\"publisher\":{\"@id\":\"https:\/\/subszone.com\/#organization\"},\"potentialAction\":[{\"@type\":\"SearchAction\",\"target\":{\"@type\":\"EntryPoint\",\"urlTemplate\":\"https:\/\/subszone.com\/?s={search_term_string}\"},\"query-input\":{\"@type\":\"PropertyValueSpecification\",\"valueRequired\":true,\"valueName\":\"search_term_string\"}}],\"inLanguage\":\"pt-PT\"},{\"@type\":\"Organization\",\"@id\":\"https:\/\/subszone.com\/#organization\",\"name\":\"SubsZone\",\"url\":\"https:\/\/subszone.com\/\",\"logo\":{\"@type\":\"ImageObject\",\"inLanguage\":\"pt-PT\",\"@id\":\"https:\/\/subszone.com\/#\/schema\/logo\/image\/\",\"url\":\"https:\/\/subszone.com\/wp-content\/uploads\/2024\/10\/logo.png\",\"contentUrl\":\"https:\/\/subszone.com\/wp-content\/uploads\/2024\/10\/logo.png\",\"width\":193,\"height\":50,\"caption\":\"SubsZone\"},\"image\":{\"@id\":\"https:\/\/subszone.com\/#\/schema\/logo\/image\/\"}}]}<\/script>\n<!-- \/ Yoast SEO plugin. -->","yoast_head_json":{"title":"Comprar Clorof\u00f3rmio Fornecedor Online - Clorof\u00f3rmio para venda","description":"N\u00e3o perca a oportunidade de comprar o fornecedor de clorof\u00f3rmio online na nossa loja. Estamos a lidar exclusivamente com clorof\u00f3rmio para venda a pre\u00e7os baratos. Estamos aqui para o ajudar. Encomendar agora!","robots":{"index":"index","follow":"follow","max-snippet":"max-snippet:-1","max-image-preview":"max-image-preview:large","max-video-preview":"max-video-preview:-1"},"canonical":"https:\/\/subszone.com\/pt\/product\/cloroformio\/","og_locale":"pt_PT","og_type":"article","og_title":"Buy Chloroform Supplier Online - Chloroform for Sale","og_description":"Do not miss any opportunity to buy chloroform supplier online from our store. We are exclusively dealing with chloroform for sale at cheap rates. We are here to help you. Order now!","og_url":"https:\/\/subszone.com\/pt\/product\/cloroformio\/","og_site_name":"SubsZone","article_modified_time":"2025-08-01T08:32:34+00:00","og_image":[{"width":600,"height":600,"url":"https:\/\/subszone.com\/wp-content\/uploads\/2024\/10\/Chloroform-2.gif","type":"image\/gif"}],"twitter_card":"summary_large_image","twitter_misc":{"Tempo estimado de leitura":"3 minutos"},"schema":{"@context":"https:\/\/schema.org","@graph":[{"@type":"WebPage","@id":"https:\/\/subszone.com\/product\/chloroform\/","url":"https:\/\/subszone.com\/product\/chloroform\/","name":"Comprar Clorof\u00f3rmio Fornecedor Online - Clorof\u00f3rmio para venda","isPartOf":{"@id":"https:\/\/subszone.com\/#website"},"primaryImageOfPage":{"@id":"https:\/\/subszone.com\/product\/chloroform\/#primaryimage"},"image":{"@id":"https:\/\/subszone.com\/product\/chloroform\/#primaryimage"},"thumbnailUrl":"https:\/\/subszone.com\/wp-content\/uploads\/2024\/10\/Chloroform-2.gif","datePublished":"2024-10-23T11:14:05+00:00","dateModified":"2025-08-01T08:32:34+00:00","description":"N\u00e3o perca a oportunidade de comprar o fornecedor de clorof\u00f3rmio online na nossa loja. Estamos a lidar exclusivamente com clorof\u00f3rmio para venda a pre\u00e7os baratos. Estamos aqui para o ajudar. Encomendar agora!","breadcrumb":{"@id":"https:\/\/subszone.com\/product\/chloroform\/#breadcrumb"},"inLanguage":"pt-PT","potentialAction":[{"@type":"ReadAction","target":["https:\/\/subszone.com\/product\/chloroform\/"]}]},{"@type":"ImageObject","inLanguage":"pt-PT","@id":"https:\/\/subszone.com\/product\/chloroform\/#primaryimage","url":"https:\/\/subszone.com\/wp-content\/uploads\/2024\/10\/Chloroform-2.gif","contentUrl":"https:\/\/subszone.com\/wp-content\/uploads\/2024\/10\/Chloroform-2.gif","width":600,"height":600,"caption":"Buy Chloroform Online"},{"@type":"BreadcrumbList","@id":"https:\/\/subszone.com\/product\/chloroform\/#breadcrumb","itemListElement":[{"@type":"ListItem","position":1,"name":"Home","item":"https:\/\/subszone.com\/"},{"@type":"ListItem","position":2,"name":"Shop","item":"https:\/\/subszone.com\/shop\/"},{"@type":"ListItem","position":3,"name":"Buy Chloroform Online"}]},{"@type":"WebSite","@id":"https:\/\/subszone.com\/#website","url":"https:\/\/subszone.com\/","name":"SubsZona","description":"O meu blogue WordPress","publisher":{"@id":"https:\/\/subszone.com\/#organization"},"potentialAction":[{"@type":"SearchAction","target":{"@type":"EntryPoint","urlTemplate":"https:\/\/subszone.com\/?s={search_term_string}"},"query-input":{"@type":"PropertyValueSpecification","valueRequired":true,"valueName":"search_term_string"}}],"inLanguage":"pt-PT"},{"@type":"Organization","@id":"https:\/\/subszone.com\/#organization","name":"SubsZona","url":"https:\/\/subszone.com\/","logo":{"@type":"ImageObject","inLanguage":"pt-PT","@id":"https:\/\/subszone.com\/#\/schema\/logo\/image\/","url":"https:\/\/subszone.com\/wp-content\/uploads\/2024\/10\/logo.png","contentUrl":"https:\/\/subszone.com\/wp-content\/uploads\/2024\/10\/logo.png","width":193,"height":50,"caption":"SubsZone"},"image":{"@id":"https:\/\/subszone.com\/#\/schema\/logo\/image\/"}}]}},"_links":{"self":[{"href":"https:\/\/subszone.com\/pt\/wp-json\/wp\/v2\/product\/1118","targetHints":{"allow":["GET"]}}],"collection":[{"href":"https:\/\/subszone.com\/pt\/wp-json\/wp\/v2\/product"}],"about":[{"href":"https:\/\/subszone.com\/pt\/wp-json\/wp\/v2\/types\/product"}],"replies":[{"embeddable":true,"href":"https:\/\/subszone.com\/pt\/wp-json\/wp\/v2\/comments?post=1118"}],"wp:featuredmedia":[{"embeddable":true,"href":"https:\/\/subszone.com\/pt\/wp-json\/wp\/v2\/media\/1436"}],"wp:attachment":[{"href":"https:\/\/subszone.com\/pt\/wp-json\/wp\/v2\/media?parent=1118"}],"wp:term":[{"taxonomy":"product_brand","embeddable":true,"href":"https:\/\/subszone.com\/pt\/wp-json\/wp\/v2\/product_brand?post=1118"},{"taxonomy":"product_cat","embeddable":true,"href":"https:\/\/subszone.com\/pt\/wp-json\/wp\/v2\/product_cat?post=1118"},{"taxonomy":"product_tag","embeddable":true,"href":"https:\/\/subszone.com\/pt\/wp-json\/wp\/v2\/product_tag?post=1118"}],"curies":[{"name":"wp","href":"https:\/\/api.w.org\/{rel}","templated":true}]}}