{"id":1119,"date":"2024-10-23T11:14:09","date_gmt":"2024-10-23T11:14:09","guid":{"rendered":"https:\/\/subszone.com\/?post_type=product&#038;p=1119"},"modified":"2025-05-31T05:05:08","modified_gmt":"2025-05-31T05:05:08","slug":"trioxido-de-cromio","status":"publish","type":"product","link":"https:\/\/subszone.com\/pt\/product\/trioxido-de-cromio\/","title":{"rendered":"Comprar tri\u00f3xido de cr\u00f3mio online"},"content":{"rendered":"<h2><b>Compre tri\u00f3xido de cromo online - CrO\u2083 de alta pureza para aplica\u00e7\u00f5es laboratoriais e industriais<\/b><\/h2>\n<p><span style=\"font-weight: 400;\">Procurando <\/span><a href=\"https:\/\/subszone.com\/pt\/product\/trioxido-de-cromio\/\"><b>comprar Tri\u00f3xido de cr\u00f3mio online<\/b><\/a><span style=\"font-weight: 400;\"> de uma fonte fi\u00e1vel? O nosso tri\u00f3xido de cr\u00f3mio de qualidade superior (CrO\u2083) est\u00e1 agora dispon\u00edvel para laborat\u00f3rios certificados, instala\u00e7\u00f5es industriais e institui\u00e7\u00f5es de investiga\u00e7\u00e3o autorizadas. Conhecido por suas poderosas propriedades oxidantes, o tri\u00f3xido de cromo desempenha um papel vital no acabamento de metais, galvanoplastia, s\u00edntese org\u00e2nica e aplica\u00e7\u00f5es de tratamento de superf\u00edcie.<\/span><\/p>\n<h3><b>O que \u00e9 o tri\u00f3xido de cr\u00f3mio?<\/b><\/h3>\n<p><span style=\"font-weight: 400;\">O tri\u00f3xido de cr\u00f3mio, tamb\u00e9m conhecido como \u00e1cido cr\u00f3mico quando em solu\u00e7\u00e3o, \u00e9 um s\u00f3lido cristalino vermelho-escuro composto por cr\u00f3mio na sua forma hexavalente. \u00c9 um potente oxidante amplamente utilizado no fabrico de produtos qu\u00edmicos e em processos metal\u00fargicos. Devido \u00e0 sua natureza perigosa, est\u00e1 estritamente regulamentado e destina-se exclusivamente a ambientes profissionais e controlados.<\/span><\/p>\n<h3><b>Principais utiliza\u00e7\u00f5es industriais e laboratoriais<\/b><\/h3>\n<ul>\n<li style=\"font-weight: 400;\" aria-level=\"1\"><b>Eletrodeposi\u00e7\u00e3o e acabamento de superf\u00edcies:<\/b><span style=\"font-weight: 400;\"> Utilizado em processos de cromagem para resist\u00eancia \u00e0 corros\u00e3o e acabamentos est\u00e9ticos.<\/span><span style=\"font-weight: 400;\">\n<p><\/span><\/li>\n<li style=\"font-weight: 400;\" aria-level=\"1\"><b>S\u00edntese Org\u00e2nica:<\/b><span style=\"font-weight: 400;\"> Actua como um poderoso agente oxidante em laborat\u00f3rios e na s\u00edntese qu\u00edmica industrial.<\/span><span style=\"font-weight: 400;\">\n<p><\/span><\/li>\n<li style=\"font-weight: 400;\" aria-level=\"1\"><b>Fabrico de vidro e cer\u00e2mica:<\/b><span style=\"font-weight: 400;\"> Melhora a cor e a durabilidade do vidro especial.<\/span><span style=\"font-weight: 400;\">\n<p><\/span><\/li>\n<li style=\"font-weight: 400;\" aria-level=\"1\"><b>Inibidor de corros\u00e3o:<\/b><span style=\"font-weight: 400;\"> Aplicado em aplica\u00e7\u00f5es aeroespaciais e mar\u00edtimas para revestimentos de prote\u00e7\u00e3o.<\/span><span style=\"font-weight: 400;\">\n<p><\/span><\/li>\n<\/ul>\n<h3><b>Porqu\u00ea comprar tri\u00f3xido de cr\u00f3mio online?<\/b><\/h3>\n<p><span style=\"font-weight: 400;\">Encomendar Tri\u00f3xido de Cr\u00f3mio online garante:<\/span><\/p>\n<ul>\n<li style=\"font-weight: 400;\" aria-level=\"1\"><b>Conveni\u00eancia:<\/b><span style=\"font-weight: 400;\"> Entrega direta em instala\u00e7\u00f5es autorizadas<\/span><span style=\"font-weight: 400;\">\n<p><\/span><\/li>\n<li style=\"font-weight: 400;\" aria-level=\"1\"><b>Op\u00e7\u00f5es a granel:<\/b><span style=\"font-weight: 400;\"> Embalagens flex\u00edveis desde frascos de 100 g \u00e0 escala laboratorial at\u00e9 tambores industriais<\/span><span style=\"font-weight: 400;\">\n<p><\/span><\/li>\n<li style=\"font-weight: 400;\" aria-level=\"1\"><b>Pre\u00e7os competitivos:<\/b><span style=\"font-weight: 400;\"> Acesso a <\/span><b>pre\u00e7o do tri\u00f3xido de cr\u00f3mio barato<\/b><span style=\"font-weight: 400;\"> sem comprometer a pureza ou a conformidade<\/span><span style=\"font-weight: 400;\">\n<p><\/span><\/li>\n<li style=\"font-weight: 400;\" aria-level=\"1\"><b>Disponibilidade:<\/b><span style=\"font-weight: 400;\"> Certificado <\/span><b>Tri\u00f3xido de cr\u00f3mio para venda<\/b><span style=\"font-weight: 400;\"> com suporte t\u00e9cnico e documenta\u00e7\u00e3o inclu\u00eddos<\/span><span style=\"font-weight: 400;\">\n<p><\/span><\/li>\n<\/ul>\n<h3><b>Regulamentos a conhecer antes de comprar<\/b><\/h3>\n<p><span style=\"font-weight: 400;\">O tri\u00f3xido de cr\u00f3mio \u00e9 um <\/span><b>subst\u00e2ncia perigosa altamente regulamentada<\/b><span style=\"font-weight: 400;\"> no \u00e2mbito de quadros globais de seguran\u00e7a qu\u00edmica, tais como:<\/span><\/p>\n<ul>\n<li style=\"font-weight: 400;\" aria-level=\"1\"><b>REACH (UE)<\/b><b>\n<p><\/b><\/li>\n<li style=\"font-weight: 400;\" aria-level=\"1\"><b>OSHA E EPA (EUA)<\/b><b>\n<p><\/b><\/li>\n<li style=\"font-weight: 400;\" aria-level=\"1\"><b>Sistemas de rotulagem CLP e GHS<\/b><b>\n<p><\/b><\/li>\n<\/ul>\n<p><span style=\"font-weight: 400;\">Os compradores devem fornecer as certifica\u00e7\u00f5es, autoriza\u00e7\u00f5es e declara\u00e7\u00f5es de utiliza\u00e7\u00e3o final relevantes. N\u00e3o est\u00e1 dispon\u00edvel para uso pessoal ou n\u00e3o industrial.<\/span><\/p>\n<h3><b>Como verificar se um fornecedor de produtos qu\u00edmicos \u00e9 leg\u00edtimo<\/b><\/h3>\n<p><span style=\"font-weight: 400;\">Para garantir a seguran\u00e7a e a conformidade quando <\/span><b>ordem <a href=\"https:\/\/en.wikipedia.org\/wiki\/Chromium_trioxide\">Tri\u00f3xido de cr\u00f3mio<\/a> em linha<\/b><span style=\"font-weight: 400;\">procurar:<\/span><\/p>\n<ul>\n<li style=\"font-weight: 400;\" aria-level=\"1\"><span style=\"font-weight: 400;\">Fornecedores com certifica\u00e7\u00e3o ISO e credibilidade comprovada no sector<\/span><span style=\"font-weight: 400;\">\n<p><\/span><\/li>\n<li style=\"font-weight: 400;\" aria-level=\"1\"><span style=\"font-weight: 400;\">Acesso total \u00e0s Fichas de Dados de Seguran\u00e7a (FDS) e ao COA (Certificado de An\u00e1lise)<\/span><span style=\"font-weight: 400;\">\n<p><\/span><\/li>\n<li style=\"font-weight: 400;\" aria-level=\"1\"><span style=\"font-weight: 400;\">Pagamento seguro e envio rastre\u00e1vel de materiais perigosos<\/span><span style=\"font-weight: 400;\">\n<p><\/span><\/li>\n<li style=\"font-weight: 400;\" aria-level=\"1\"><span style=\"font-weight: 400;\">Servi\u00e7os de apoio e an\u00e1lises de clientes transparentes<\/span><span style=\"font-weight: 400;\">\n<p><\/span><\/li>\n<\/ul>\n<p><span style=\"font-weight: 400;\">Orgulhamo-nos de ser a <\/span><b>melhor s\u00edtio para comprar tri\u00f3xido de cr\u00f3mio<\/b><span style=\"font-weight: 400;\"> em linha, apoiado por conhecimentos regulamentares, documenta\u00e7\u00e3o t\u00e9cnica e protocolos de expedi\u00e7\u00e3o normalizados da ind\u00fastria.<\/span><\/p>\n<h3><b>Protocolos de armazenamento, utiliza\u00e7\u00e3o e elimina\u00e7\u00e3o<\/b><\/h3>\n<p><b>Armazenamento:<\/b><b><br \/>\n<\/b><span style=\"font-weight: 400;\"> Conservar em recipientes hermeticamente fechados e resistentes \u00e0 corros\u00e3o, em local fresco, seco e bem ventilado. Evitar a exposi\u00e7\u00e3o a materiais org\u00e2nicos e subst\u00e2ncias inflam\u00e1veis.<\/span><\/p>\n<p><b>Manuseamento:<\/b><b><br \/>\n<\/b><span style=\"font-weight: 400;\"> Utilizar EPI adequado (luvas, \u00f3culos de prote\u00e7\u00e3o, respiradores) e exaustores de fumos. Apenas profissionais treinados devem manusear este material.<\/span><\/p>\n<p><b>Elimina\u00e7\u00e3o:<\/b><b><br \/>\n<\/b><span style=\"font-weight: 400;\"> Eliminar os res\u00edduos de tri\u00f3xido de cr\u00f3mio de acordo com os regulamentos ambientais locais. Nunca eliminar em sistemas de res\u00edduos gerais ou de \u00e1gua.<\/span><\/p>\n<h3><b>Considera\u00e7\u00f5es finais sobre a contrata\u00e7\u00e3o respons\u00e1vel<\/b><\/h3>\n<p><span style=\"font-weight: 400;\">O tri\u00f3xido de cr\u00f3mio \u00e9 uma subst\u00e2ncia poderosa mas perigosa. A sua aquisi\u00e7\u00e3o online s\u00f3 deve ser efectuada atrav\u00e9s de fornecedores verificados e licenciados, com um compromisso de seguran\u00e7a, legalidade e responsabilidade ambiental.<\/span><\/p>","protected":false},"excerpt":{"rendered":"<p><strong>Sin\u00f3nimo(s): \u00d3xido de cr\u00f3mio(VI), Anidrido cr\u00f3mico<\/strong><br \/>\n<strong>F\u00f3rmula emp\u00edrica (Nota\u00e7\u00e3o de Hill): CrO3<\/strong><br \/>\n<strong>N.\u00ba CAS: 1333-82-0<\/strong><br \/>\n<strong>Peso molecular: 99,99<\/strong><\/p>","protected":false},"featured_media":1435,"comment_status":"open","ping_status":"closed","template":"","meta":{"_kadence_starter_templates_imported_post":false,"_kad_post_transparent":"default","_kad_post_title":"","_kad_post_layout":"default","_kad_post_sidebar_id":"","_kad_post_content_style":"default","_kad_post_vertical_padding":"default","_kad_post_feature":"","_kad_post_feature_position":"","_kad_post_header":false,"_kad_post_footer":false,"_joinchat":[]},"product_brand":[],"product_cat":[129],"product_tag":[1039,1036,1046,1048,1045,1042,1050,1047,1043,1037,1044,1041,1054,1052,1035,1051,1040,1038,1053,1049],"class_list":{"0":"post-1119","1":"product","2":"type-product","3":"status-publish","4":"has-post-thumbnail","6":"product_cat-metal-processing-and-mining","7":"product_tag-bulk-chromium-trioxide-supplier","8":"product_tag-buy-chromium-trioxide","9":"product_tag-chromium-trioxide-as-oxidizing-agent","10":"product_tag-chromium-trioxide-distributor","11":"product_tag-chromium-trioxide-for-chemical-manufacturing","12":"product_tag-chromium-trioxide-for-electroplating","13":"product_tag-chromium-trioxide-for-industrial-applications","14":"product_tag-chromium-trioxide-for-laboratory-use","15":"product_tag-chromium-trioxide-for-metal-finishing","16":"product_tag-chromium-trioxide-for-sale","17":"product_tag-chromium-trioxide-in-chrome-plating","18":"product_tag-chromium-trioxide-price-and-availability","19":"product_tag-chromium-trioxide-procurement","20":"product_tag-chromium-trioxide-safety-and-compliance","21":"product_tag-chromium-trioxide-supplier","22":"product_tag-commercial-chromium-trioxide-supply","23":"product_tag-high-purity-chromium-trioxide","24":"product_tag-industrial-chromium-trioxide-supply","25":"product_tag-reliable-chromium-trioxide-supplier","26":"product_tag-where-to-buy-chromium-trioxide","28":"first","29":"instock","30":"shipping-taxable","31":"product-type-simple","32":"entry","33":"content-bg","34":"loop-entry"},"yoast_head":"<!-- This site is optimized with the Yoast SEO plugin v25.6 - https:\/\/yoast.com\/wordpress\/plugins\/seo\/ -->\n<title>Chromium Trioxide for Sale - Buy Chromium Trioxide Online<\/title>\n<meta name=\"description\" content=\"You can get chromium trioxide industrial for sale at the best rates from our online store. We are here to help you buy chromium trioxide online. Connect with best store in town today!\" \/>\n<meta name=\"robots\" content=\"index, follow, max-snippet:-1, max-image-preview:large, max-video-preview:-1\" \/>\n<link rel=\"canonical\" href=\"https:\/\/subszone.com\/pt\/product\/trioxido-de-cromio\/\" \/>\n<meta property=\"og:locale\" content=\"pt_PT\" \/>\n<meta property=\"og:type\" content=\"article\" \/>\n<meta property=\"og:title\" content=\"Chromium Trioxide for Sale - Buy Chromium Trioxide Online\" \/>\n<meta property=\"og:description\" content=\"You can get chromium trioxide industrial for sale at the best rates from our online store. We are here to help you buy chromium trioxide online. Connect with best store in town today!\" \/>\n<meta property=\"og:url\" content=\"https:\/\/subszone.com\/pt\/product\/trioxido-de-cromio\/\" \/>\n<meta property=\"og:site_name\" content=\"SubsZone\" \/>\n<meta property=\"article:modified_time\" content=\"2025-05-31T05:05:08+00:00\" \/>\n<meta property=\"og:image\" content=\"https:\/\/subszone.com\/wp-content\/uploads\/2024\/10\/Chromium-Trioxide-2.gif\" \/>\n\t<meta property=\"og:image:width\" content=\"600\" \/>\n\t<meta property=\"og:image:height\" content=\"600\" \/>\n\t<meta property=\"og:image:type\" content=\"image\/gif\" \/>\n<meta name=\"twitter:card\" content=\"summary_large_image\" \/>\n<meta name=\"twitter:label1\" content=\"Tempo estimado de leitura\" \/>\n\t<meta name=\"twitter:data1\" content=\"3 minutos\" \/>\n<script type=\"application\/ld+json\" class=\"yoast-schema-graph\">{\"@context\":\"https:\/\/schema.org\",\"@graph\":[{\"@type\":\"WebPage\",\"@id\":\"https:\/\/subszone.com\/product\/chromium-trioxide\/\",\"url\":\"https:\/\/subszone.com\/product\/chromium-trioxide\/\",\"name\":\"Chromium Trioxide for Sale - Buy Chromium Trioxide Online\",\"isPartOf\":{\"@id\":\"https:\/\/subszone.com\/#website\"},\"primaryImageOfPage\":{\"@id\":\"https:\/\/subszone.com\/product\/chromium-trioxide\/#primaryimage\"},\"image\":{\"@id\":\"https:\/\/subszone.com\/product\/chromium-trioxide\/#primaryimage\"},\"thumbnailUrl\":\"https:\/\/subszone.com\/wp-content\/uploads\/2024\/10\/Chromium-Trioxide-2.gif\",\"datePublished\":\"2024-10-23T11:14:09+00:00\",\"dateModified\":\"2025-05-31T05:05:08+00:00\",\"description\":\"You can get chromium trioxide industrial for sale at the best rates from our online store. We are here to help you buy chromium trioxide online. Connect with best store in town today!\",\"breadcrumb\":{\"@id\":\"https:\/\/subszone.com\/product\/chromium-trioxide\/#breadcrumb\"},\"inLanguage\":\"pt-PT\",\"potentialAction\":[{\"@type\":\"ReadAction\",\"target\":[\"https:\/\/subszone.com\/product\/chromium-trioxide\/\"]}]},{\"@type\":\"ImageObject\",\"inLanguage\":\"pt-PT\",\"@id\":\"https:\/\/subszone.com\/product\/chromium-trioxide\/#primaryimage\",\"url\":\"https:\/\/subszone.com\/wp-content\/uploads\/2024\/10\/Chromium-Trioxide-2.gif\",\"contentUrl\":\"https:\/\/subszone.com\/wp-content\/uploads\/2024\/10\/Chromium-Trioxide-2.gif\",\"width\":600,\"height\":600,\"caption\":\"Buy Chromium Trioxide Online\"},{\"@type\":\"BreadcrumbList\",\"@id\":\"https:\/\/subszone.com\/product\/chromium-trioxide\/#breadcrumb\",\"itemListElement\":[{\"@type\":\"ListItem\",\"position\":1,\"name\":\"Home\",\"item\":\"https:\/\/subszone.com\/\"},{\"@type\":\"ListItem\",\"position\":2,\"name\":\"Shop\",\"item\":\"https:\/\/subszone.com\/shop\/\"},{\"@type\":\"ListItem\",\"position\":3,\"name\":\"Buy Chromium Trioxide Online\"}]},{\"@type\":\"WebSite\",\"@id\":\"https:\/\/subszone.com\/#website\",\"url\":\"https:\/\/subszone.com\/\",\"name\":\"SubsZone\",\"description\":\"My WordPress Blog\",\"publisher\":{\"@id\":\"https:\/\/subszone.com\/#organization\"},\"potentialAction\":[{\"@type\":\"SearchAction\",\"target\":{\"@type\":\"EntryPoint\",\"urlTemplate\":\"https:\/\/subszone.com\/?s={search_term_string}\"},\"query-input\":{\"@type\":\"PropertyValueSpecification\",\"valueRequired\":true,\"valueName\":\"search_term_string\"}}],\"inLanguage\":\"pt-PT\"},{\"@type\":\"Organization\",\"@id\":\"https:\/\/subszone.com\/#organization\",\"name\":\"SubsZone\",\"url\":\"https:\/\/subszone.com\/\",\"logo\":{\"@type\":\"ImageObject\",\"inLanguage\":\"pt-PT\",\"@id\":\"https:\/\/subszone.com\/#\/schema\/logo\/image\/\",\"url\":\"https:\/\/subszone.com\/wp-content\/uploads\/2024\/10\/logo.png\",\"contentUrl\":\"https:\/\/subszone.com\/wp-content\/uploads\/2024\/10\/logo.png\",\"width\":193,\"height\":50,\"caption\":\"SubsZone\"},\"image\":{\"@id\":\"https:\/\/subszone.com\/#\/schema\/logo\/image\/\"}}]}<\/script>\n<!-- \/ Yoast SEO plugin. -->","yoast_head_json":{"title":"Tri\u00f3xido de cr\u00f3mio para venda - Comprar tri\u00f3xido de cr\u00f3mio online","description":"Pode obter tri\u00f3xido de cr\u00f3mio industrial para venda aos melhores pre\u00e7os na nossa loja online. Estamos aqui para o ajudar a comprar tri\u00f3xido de cr\u00f3mio online. Ligue-se hoje \u00e0 melhor loja da cidade!","robots":{"index":"index","follow":"follow","max-snippet":"max-snippet:-1","max-image-preview":"max-image-preview:large","max-video-preview":"max-video-preview:-1"},"canonical":"https:\/\/subszone.com\/pt\/product\/trioxido-de-cromio\/","og_locale":"pt_PT","og_type":"article","og_title":"Chromium Trioxide for Sale - Buy Chromium Trioxide Online","og_description":"You can get chromium trioxide industrial for sale at the best rates from our online store. We are here to help you buy chromium trioxide online. Connect with best store in town today!","og_url":"https:\/\/subszone.com\/pt\/product\/trioxido-de-cromio\/","og_site_name":"SubsZone","article_modified_time":"2025-05-31T05:05:08+00:00","og_image":[{"width":600,"height":600,"url":"https:\/\/subszone.com\/wp-content\/uploads\/2024\/10\/Chromium-Trioxide-2.gif","type":"image\/gif"}],"twitter_card":"summary_large_image","twitter_misc":{"Tempo estimado de leitura":"3 minutos"},"schema":{"@context":"https:\/\/schema.org","@graph":[{"@type":"WebPage","@id":"https:\/\/subszone.com\/product\/chromium-trioxide\/","url":"https:\/\/subszone.com\/product\/chromium-trioxide\/","name":"Tri\u00f3xido de cr\u00f3mio para venda - Comprar tri\u00f3xido de cr\u00f3mio online","isPartOf":{"@id":"https:\/\/subszone.com\/#website"},"primaryImageOfPage":{"@id":"https:\/\/subszone.com\/product\/chromium-trioxide\/#primaryimage"},"image":{"@id":"https:\/\/subszone.com\/product\/chromium-trioxide\/#primaryimage"},"thumbnailUrl":"https:\/\/subszone.com\/wp-content\/uploads\/2024\/10\/Chromium-Trioxide-2.gif","datePublished":"2024-10-23T11:14:09+00:00","dateModified":"2025-05-31T05:05:08+00:00","description":"Pode obter tri\u00f3xido de cr\u00f3mio industrial para venda aos melhores pre\u00e7os na nossa loja online. Estamos aqui para o ajudar a comprar tri\u00f3xido de cr\u00f3mio online. Ligue-se hoje \u00e0 melhor loja da cidade!","breadcrumb":{"@id":"https:\/\/subszone.com\/product\/chromium-trioxide\/#breadcrumb"},"inLanguage":"pt-PT","potentialAction":[{"@type":"ReadAction","target":["https:\/\/subszone.com\/product\/chromium-trioxide\/"]}]},{"@type":"ImageObject","inLanguage":"pt-PT","@id":"https:\/\/subszone.com\/product\/chromium-trioxide\/#primaryimage","url":"https:\/\/subszone.com\/wp-content\/uploads\/2024\/10\/Chromium-Trioxide-2.gif","contentUrl":"https:\/\/subszone.com\/wp-content\/uploads\/2024\/10\/Chromium-Trioxide-2.gif","width":600,"height":600,"caption":"Buy Chromium Trioxide Online"},{"@type":"BreadcrumbList","@id":"https:\/\/subszone.com\/product\/chromium-trioxide\/#breadcrumb","itemListElement":[{"@type":"ListItem","position":1,"name":"Home","item":"https:\/\/subszone.com\/"},{"@type":"ListItem","position":2,"name":"Shop","item":"https:\/\/subszone.com\/shop\/"},{"@type":"ListItem","position":3,"name":"Buy Chromium Trioxide Online"}]},{"@type":"WebSite","@id":"https:\/\/subszone.com\/#website","url":"https:\/\/subszone.com\/","name":"SubsZona","description":"O meu blogue WordPress","publisher":{"@id":"https:\/\/subszone.com\/#organization"},"potentialAction":[{"@type":"SearchAction","target":{"@type":"EntryPoint","urlTemplate":"https:\/\/subszone.com\/?s={search_term_string}"},"query-input":{"@type":"PropertyValueSpecification","valueRequired":true,"valueName":"search_term_string"}}],"inLanguage":"pt-PT"},{"@type":"Organization","@id":"https:\/\/subszone.com\/#organization","name":"SubsZona","url":"https:\/\/subszone.com\/","logo":{"@type":"ImageObject","inLanguage":"pt-PT","@id":"https:\/\/subszone.com\/#\/schema\/logo\/image\/","url":"https:\/\/subszone.com\/wp-content\/uploads\/2024\/10\/logo.png","contentUrl":"https:\/\/subszone.com\/wp-content\/uploads\/2024\/10\/logo.png","width":193,"height":50,"caption":"SubsZone"},"image":{"@id":"https:\/\/subszone.com\/#\/schema\/logo\/image\/"}}]}},"_links":{"self":[{"href":"https:\/\/subszone.com\/pt\/wp-json\/wp\/v2\/product\/1119","targetHints":{"allow":["GET"]}}],"collection":[{"href":"https:\/\/subszone.com\/pt\/wp-json\/wp\/v2\/product"}],"about":[{"href":"https:\/\/subszone.com\/pt\/wp-json\/wp\/v2\/types\/product"}],"replies":[{"embeddable":true,"href":"https:\/\/subszone.com\/pt\/wp-json\/wp\/v2\/comments?post=1119"}],"wp:featuredmedia":[{"embeddable":true,"href":"https:\/\/subszone.com\/pt\/wp-json\/wp\/v2\/media\/1435"}],"wp:attachment":[{"href":"https:\/\/subszone.com\/pt\/wp-json\/wp\/v2\/media?parent=1119"}],"wp:term":[{"taxonomy":"product_brand","embeddable":true,"href":"https:\/\/subszone.com\/pt\/wp-json\/wp\/v2\/product_brand?post=1119"},{"taxonomy":"product_cat","embeddable":true,"href":"https:\/\/subszone.com\/pt\/wp-json\/wp\/v2\/product_cat?post=1119"},{"taxonomy":"product_tag","embeddable":true,"href":"https:\/\/subszone.com\/pt\/wp-json\/wp\/v2\/product_tag?post=1119"}],"curies":[{"name":"wp","href":"https:\/\/api.w.org\/{rel}","templated":true}]}}