{"id":1122,"date":"2024-10-23T11:14:17","date_gmt":"2024-10-23T11:14:17","guid":{"rendered":"https:\/\/subszone.com\/?post_type=product&#038;p=1122"},"modified":"2025-08-01T08:01:20","modified_gmt":"2025-08-01T08:01:20","slug":"ciclo-hexanona","status":"publish","type":"product","link":"https:\/\/subszone.com\/pt\/product\/ciclo-hexanona\/","title":{"rendered":"Comprar Cyclohexanone Online"},"content":{"rendered":"<h2><b>Comprar Ciclohexanona Online - Qualidade Premium, Pre\u00e7os Competitivos, Fornecedor de Confian\u00e7a<\/b><\/h2>\n<p><span style=\"font-weight: 400;\">Procurando <\/span><a href=\"https:\/\/subszone.com\/pt\/product\/ciclo-hexanona\/\"><b>comprar cyclohexanone online<\/b><\/a><span style=\"font-weight: 400;\">? A nossa ciclo-hexanona de elevada pureza oferece a solu\u00e7\u00e3o perfeita para as necessidades industriais, laboratoriais e de fabrico. Quer necessite de quantidades a granel ou de embalagens mais pequenas, fornecemos acesso fi\u00e1vel a ciclohexanona de alta qualidade com entrega r\u00e1pida e segura. Descubra porque \u00e9 que somos a <\/span><b>melhor s\u00edtio para comprar ciclohexanona<\/b><span style=\"font-weight: 400;\"> e beneficiar de pre\u00e7os competitivos sem comprometer a qualidade.<\/span><\/p>\n<h3><b>O que \u00e9 a ciclo-hexanona?<\/b><\/h3>\n<p><span style=\"font-weight: 400;\">A ciclo-hexanona \u00e9 um l\u00edquido incolor e oleoso com um odor carater\u00edstico a cetona. Amplamente utilizada como um intermedi\u00e1rio qu\u00edmico essencial, desempenha um papel crucial na produ\u00e7\u00e3o de nylon, pl\u00e1sticos, solventes e produtos farmac\u00eauticos. As suas propriedades qu\u00edmicas vers\u00e1teis tornam-no inestim\u00e1vel para v\u00e1rias aplica\u00e7\u00f5es industriais.<\/span><\/p>\n<h3><b>Aplica\u00e7\u00f5es da ciclo-hexanona<\/b><\/h3>\n<ul>\n<li style=\"font-weight: 400;\" aria-level=\"1\"><b>Produ\u00e7\u00e3o de nylon e pl\u00e1stico:<\/b><span style=\"font-weight: 400;\"> Serve como um precursor chave no fabrico de nylon-6 e outros pol\u00edmeros.<\/span>&nbsp;<\/li>\n<li style=\"font-weight: 400;\" aria-level=\"1\"><b>Fabrico de solventes:<\/b><span style=\"font-weight: 400;\"> Actua como um solvente em removedores de tinta, revestimentos e adesivos.<\/span>&nbsp;<\/li>\n<li style=\"font-weight: 400;\" aria-level=\"1\"><b>Revestimentos e adesivos:<\/b><span style=\"font-weight: 400;\"> Utilizado para melhorar o tempo de secagem e as propriedades de ader\u00eancia.<\/span>&nbsp;<\/li>\n<li style=\"font-weight: 400;\" aria-level=\"1\"><b>Ind\u00fastria farmac\u00eautica:<\/b><span style=\"font-weight: 400;\"> Participa na s\u00edntese de medicamentos e de princ\u00edpios activos.<\/span>&nbsp;<\/li>\n<\/ul>\n<h3><b>Vantagens de comprar ciclo-hexanona online<\/b><\/h3>\n<ul>\n<li style=\"font-weight: 400;\" aria-level=\"1\"><b>Conveni\u00eancia:<\/b><span style=\"font-weight: 400;\"> Encomende a partir do conforto do seu lar ou das suas instala\u00e7\u00f5es e receba a entrega ao domic\u00edlio.<\/span>&nbsp;<\/li>\n<li style=\"font-weight: 400;\" aria-level=\"1\"><b>Pre\u00e7os competitivos:<\/b><span style=\"font-weight: 400;\"> Beneficie de pre\u00e7os acess\u00edveis e de descontos para compras em grandes quantidades.<\/span>&nbsp;<\/li>\n<li style=\"font-weight: 400;\" aria-level=\"1\"><b>Variedade:<\/b><span style=\"font-weight: 400;\"> Escolha entre v\u00e1rios tipos e tamanhos de embalagem adaptados \u00e0s suas necessidades.<\/span>&nbsp;<\/li>\n<\/ul>\n<h3><b>Como escolher um fornecedor fi\u00e1vel<\/b><\/h3>\n<p><span style=\"font-weight: 400;\">Quando <\/span><a href=\"https:\/\/en.wikipedia.org\/wiki\/Cyclohexanone\"><b>order cyclohexanone online<\/b><\/a><span style=\"font-weight: 400;\">, certifique-se de que o seu fornecedor fornece:<\/span><\/p>\n<ul>\n<li style=\"font-weight: 400;\" aria-level=\"1\"><span style=\"font-weight: 400;\">Certifica\u00e7\u00f5es v\u00e1lidas e documentos de garantia de qualidade (SDS, COA)<\/span>&nbsp;<\/li>\n<li style=\"font-weight: 400;\" aria-level=\"1\"><span style=\"font-weight: 400;\">Coment\u00e1rios e classifica\u00e7\u00f5es de clientes verificados<\/span>&nbsp;<\/li>\n<li style=\"font-weight: 400;\" aria-level=\"1\"><span style=\"font-weight: 400;\">Conformidade com os regulamentos de expedi\u00e7\u00e3o de materiais perigosos<\/span>&nbsp;<\/li>\n<\/ul>\n<h3><b>Factores importantes antes da compra<\/b><\/h3>\n<ul>\n<li style=\"font-weight: 400;\" aria-level=\"1\"><span style=\"font-weight: 400;\">Determinar a pureza e o grau adequado para a sua aplica\u00e7\u00e3o.<\/span>&nbsp;<\/li>\n<li style=\"font-weight: 400;\" aria-level=\"1\"><span style=\"font-weight: 400;\">Considerar as necessidades de volume e as op\u00e7\u00f5es de embalagem para um manuseamento seguro.<\/span>&nbsp;<\/li>\n<li style=\"font-weight: 400;\" aria-level=\"1\"><span style=\"font-weight: 400;\">Tenha em conta os custos de envio e os prazos de entrega, especialmente no caso de materiais perigosos.<\/span>&nbsp;<\/li>\n<\/ul>\n<h3><b>Passos f\u00e1ceis para encomendar Cyclohexanone Online<\/b><\/h3>\n<ol>\n<li style=\"font-weight: 400;\" aria-level=\"1\"><span style=\"font-weight: 400;\">Procurar listas de produtos fi\u00e1veis.<\/span>&nbsp;<\/li>\n<li style=\"font-weight: 400;\" aria-level=\"1\"><span style=\"font-weight: 400;\">Compare pre\u00e7os, especifica\u00e7\u00f5es e credenciais do fornecedor.<\/span>&nbsp;<\/li>\n<li style=\"font-weight: 400;\" aria-level=\"1\"><span style=\"font-weight: 400;\">Fa\u00e7a a sua encomenda de forma segura utilizando m\u00e9todos de pagamento fi\u00e1veis.<\/span>&nbsp;<\/li>\n<\/ol>\n<h3><b>Armazenamento, seguran\u00e7a e manuseamento<\/b><\/h3>\n<ul>\n<li style=\"font-weight: 400;\" aria-level=\"1\"><span style=\"font-weight: 400;\">Armazenar a ciclo-hexanona numa \u00e1rea fresca e bem ventilada, longe de fontes de igni\u00e7\u00e3o.<\/span>&nbsp;<\/li>\n<li style=\"font-weight: 400;\" aria-level=\"1\"><span style=\"font-weight: 400;\">Utilizar equipamento de prote\u00e7\u00e3o individual (EPI) adequado durante o manuseamento.<\/span>&nbsp;<\/li>\n<li style=\"font-weight: 400;\" aria-level=\"1\"><span style=\"font-weight: 400;\">Cumprir os regulamentos locais relativos \u00e0 elimina\u00e7\u00e3o e seguran\u00e7a ambiental.<\/span>&nbsp;<\/li>\n<\/ul>\n<h3><b>Compre Cyclohexanone online de um fornecedor de confian\u00e7a hoje!<\/b><\/h3>\n<p><span style=\"font-weight: 400;\">Evite o inc\u00f3modo de fontes n\u00e3o fi\u00e1veis. Escolha a nossa ciclo-hexanona de qualidade superior para obter pureza garantida, um servi\u00e7o excelente e a <\/span><b>melhores pre\u00e7os para ciclo-hexanona para venda<\/b><span style=\"font-weight: 400;\">. Fa\u00e7a a sua encomenda agora e experimente uma compra sem problemas com envio seguro e apoio especializado.<\/span><\/p>","protected":false},"excerpt":{"rendered":"<p>A ciclohexanona \u00e9 um l\u00edquido incolor e inflam\u00e1vel com a f\u00f3rmula qu\u00edmica C\u2086H\u2081\u2080O. \u00c9 um tipo de cetona c\u00edclica, caracterizada por um anel de carbono de seis membros com um grupo carbonilo (C=O). Conhecida por seu distinto odor doce e pungente, a ciclohexanona \u00e9 um composto essencial em v\u00e1rias aplica\u00e7\u00f5es industriais.<\/p>\n<ul>\n<li><strong>F\u00f3rmula qu\u00edmica<\/strong>: C\u2086H\u2081\u2080O<\/li>\n<li><strong>Peso molecular<\/strong>: 98,15 g\/mol<\/li>\n<li><strong>Ponto de ebuli\u00e7\u00e3o<\/strong>: Aproximadamente 155 \u00b0C (311 \u00b0F)<\/li>\n<li><strong>Solubilidade<\/strong>: Moderadamente sol\u00favel em \u00e1gua; muito sol\u00favel em solventes org\u00e2nicos.<\/li>\n<\/ul>","protected":false},"featured_media":1456,"comment_status":"open","ping_status":"closed","template":"","meta":{"_kadence_starter_templates_imported_post":false,"_kad_post_transparent":"default","_kad_post_title":"","_kad_post_layout":"default","_kad_post_sidebar_id":"","_kad_post_content_style":"default","_kad_post_vertical_padding":"default","_kad_post_feature":"","_kad_post_feature_position":"","_kad_post_header":false,"_kad_post_footer":false,"_joinchat":[]},"product_brand":[],"product_cat":[59],"product_tag":[556,543,544,554,558,547,561,559,553,555,545,549,550,557,542,546,552,560,548,551],"class_list":{"0":"post-1122","1":"product","2":"type-product","3":"status-publish","4":"has-post-thumbnail","6":"product_cat-chemical-manufacturing-and-synthesis","7":"product_tag-best-price-cyclohexanone","8":"product_tag-bulk-cyclohexanone-for-manufacturing","9":"product_tag-buy-cyclohexanone-online","10":"product_tag-cyclohexanone-distributor","11":"product_tag-cyclohexanone-for-b2b-buyers","12":"product_tag-cyclohexanone-for-chemical-processing","13":"product_tag-cyclohexanone-for-commercial-use","14":"product_tag-cyclohexanone-for-industrial-applications","15":"product_tag-cyclohexanone-for-large-scale-production","16":"product_tag-cyclohexanone-in-stock","17":"product_tag-cyclohexanone-industrial-supplier","18":"product_tag-cyclohexanone-price-and-availability","19":"product_tag-cyclohexanone-procurement","20":"product_tag-cyclohexanone-purchase-for-factories","21":"product_tag-cyclohexanone-supplier-for-industrial-use","22":"product_tag-high-quality-cyclohexanone","23":"product_tag-industrial-cyclohexanone-supply-chain","24":"product_tag-leading-cyclohexanone-supplier","25":"product_tag-reliable-cyclohexanone-supplier","26":"product_tag-wholesale-cyclohexanone","28":"first","29":"instock","30":"shipping-taxable","31":"product-type-simple","32":"entry","33":"content-bg","34":"loop-entry"},"yoast_head":"<!-- This site is optimized with the Yoast SEO plugin v25.6 - https:\/\/yoast.com\/wordpress\/plugins\/seo\/ -->\n<title>Buy Cyclohexanone Industrial Online - Cyclohexanone for Sale<\/title>\n<meta name=\"description\" content=\"If you want to buy cyclohexanone industrial online and looking for a reliable online store, then buy here. We offer only high-quality cyclohexanone industrial for sale at an affordable price. Order cyclohexanone Now!\" \/>\n<meta name=\"robots\" content=\"index, follow, max-snippet:-1, max-image-preview:large, max-video-preview:-1\" \/>\n<link rel=\"canonical\" href=\"https:\/\/subszone.com\/pt\/product\/ciclo-hexanona\/\" \/>\n<meta property=\"og:locale\" content=\"pt_PT\" \/>\n<meta property=\"og:type\" content=\"article\" \/>\n<meta property=\"og:title\" content=\"Buy Cyclohexanone Industrial Online - Cyclohexanone for Sale\" \/>\n<meta property=\"og:description\" content=\"If you want to buy cyclohexanone industrial online and looking for a reliable online store, then buy here. We offer only high-quality cyclohexanone industrial for sale at an affordable price. Order cyclohexanone Now!\" \/>\n<meta property=\"og:url\" content=\"https:\/\/subszone.com\/pt\/product\/ciclo-hexanona\/\" \/>\n<meta property=\"og:site_name\" content=\"SubsZone\" \/>\n<meta property=\"article:modified_time\" content=\"2025-08-01T08:01:20+00:00\" \/>\n<meta property=\"og:image\" content=\"https:\/\/subszone.com\/wp-content\/uploads\/2024\/10\/b3339c15-34c8-42b9-8e85-9eee8ce5b18e.webp\" \/>\n\t<meta property=\"og:image:width\" content=\"1024\" \/>\n\t<meta property=\"og:image:height\" content=\"1024\" \/>\n\t<meta property=\"og:image:type\" content=\"image\/webp\" \/>\n<meta name=\"twitter:card\" content=\"summary_large_image\" \/>\n<meta name=\"twitter:label1\" content=\"Tempo estimado de leitura\" \/>\n\t<meta name=\"twitter:data1\" content=\"2 minutos\" \/>\n<script type=\"application\/ld+json\" class=\"yoast-schema-graph\">{\"@context\":\"https:\/\/schema.org\",\"@graph\":[{\"@type\":\"WebPage\",\"@id\":\"https:\/\/subszone.com\/product\/cyclohexanone\/\",\"url\":\"https:\/\/subszone.com\/product\/cyclohexanone\/\",\"name\":\"Buy Cyclohexanone Industrial Online - Cyclohexanone for Sale\",\"isPartOf\":{\"@id\":\"https:\/\/subszone.com\/#website\"},\"primaryImageOfPage\":{\"@id\":\"https:\/\/subszone.com\/product\/cyclohexanone\/#primaryimage\"},\"image\":{\"@id\":\"https:\/\/subszone.com\/product\/cyclohexanone\/#primaryimage\"},\"thumbnailUrl\":\"https:\/\/subszone.com\/wp-content\/uploads\/2024\/10\/b3339c15-34c8-42b9-8e85-9eee8ce5b18e.webp\",\"datePublished\":\"2024-10-23T11:14:17+00:00\",\"dateModified\":\"2025-08-01T08:01:20+00:00\",\"description\":\"If you want to buy cyclohexanone industrial online and looking for a reliable online store, then buy here. We offer only high-quality cyclohexanone industrial for sale at an affordable price. Order cyclohexanone Now!\",\"breadcrumb\":{\"@id\":\"https:\/\/subszone.com\/product\/cyclohexanone\/#breadcrumb\"},\"inLanguage\":\"pt-PT\",\"potentialAction\":[{\"@type\":\"ReadAction\",\"target\":[\"https:\/\/subszone.com\/product\/cyclohexanone\/\"]}]},{\"@type\":\"ImageObject\",\"inLanguage\":\"pt-PT\",\"@id\":\"https:\/\/subszone.com\/product\/cyclohexanone\/#primaryimage\",\"url\":\"https:\/\/subszone.com\/wp-content\/uploads\/2024\/10\/b3339c15-34c8-42b9-8e85-9eee8ce5b18e.webp\",\"contentUrl\":\"https:\/\/subszone.com\/wp-content\/uploads\/2024\/10\/b3339c15-34c8-42b9-8e85-9eee8ce5b18e.webp\",\"width\":1024,\"height\":1024,\"caption\":\"Buy Cyclohexanone Online\"},{\"@type\":\"BreadcrumbList\",\"@id\":\"https:\/\/subszone.com\/product\/cyclohexanone\/#breadcrumb\",\"itemListElement\":[{\"@type\":\"ListItem\",\"position\":1,\"name\":\"Home\",\"item\":\"https:\/\/subszone.com\/\"},{\"@type\":\"ListItem\",\"position\":2,\"name\":\"Shop\",\"item\":\"https:\/\/subszone.com\/shop\/\"},{\"@type\":\"ListItem\",\"position\":3,\"name\":\"Buy Cyclohexanone Online\"}]},{\"@type\":\"WebSite\",\"@id\":\"https:\/\/subszone.com\/#website\",\"url\":\"https:\/\/subszone.com\/\",\"name\":\"SubsZone\",\"description\":\"My WordPress Blog\",\"publisher\":{\"@id\":\"https:\/\/subszone.com\/#organization\"},\"potentialAction\":[{\"@type\":\"SearchAction\",\"target\":{\"@type\":\"EntryPoint\",\"urlTemplate\":\"https:\/\/subszone.com\/?s={search_term_string}\"},\"query-input\":{\"@type\":\"PropertyValueSpecification\",\"valueRequired\":true,\"valueName\":\"search_term_string\"}}],\"inLanguage\":\"pt-PT\"},{\"@type\":\"Organization\",\"@id\":\"https:\/\/subszone.com\/#organization\",\"name\":\"SubsZone\",\"url\":\"https:\/\/subszone.com\/\",\"logo\":{\"@type\":\"ImageObject\",\"inLanguage\":\"pt-PT\",\"@id\":\"https:\/\/subszone.com\/#\/schema\/logo\/image\/\",\"url\":\"https:\/\/subszone.com\/wp-content\/uploads\/2024\/10\/logo.png\",\"contentUrl\":\"https:\/\/subszone.com\/wp-content\/uploads\/2024\/10\/logo.png\",\"width\":193,\"height\":50,\"caption\":\"SubsZone\"},\"image\":{\"@id\":\"https:\/\/subszone.com\/#\/schema\/logo\/image\/\"}}]}<\/script>\n<!-- \/ Yoast SEO plugin. -->","yoast_head_json":{"title":"Comprar ciclo-hexanona industrial online - Ciclo-hexanona para venda","description":"Se pretende comprar cyclohexanone industrial online e procura uma loja online de confian\u00e7a, ent\u00e3o compre aqui. Oferecemos apenas ciclohexanona industrial de alta qualidade para venda a um pre\u00e7o acess\u00edvel. Encomendar cyclohexanone agora!","robots":{"index":"index","follow":"follow","max-snippet":"max-snippet:-1","max-image-preview":"max-image-preview:large","max-video-preview":"max-video-preview:-1"},"canonical":"https:\/\/subszone.com\/pt\/product\/ciclo-hexanona\/","og_locale":"pt_PT","og_type":"article","og_title":"Buy Cyclohexanone Industrial Online - Cyclohexanone for Sale","og_description":"If you want to buy cyclohexanone industrial online and looking for a reliable online store, then buy here. We offer only high-quality cyclohexanone industrial for sale at an affordable price. Order cyclohexanone Now!","og_url":"https:\/\/subszone.com\/pt\/product\/ciclo-hexanona\/","og_site_name":"SubsZone","article_modified_time":"2025-08-01T08:01:20+00:00","og_image":[{"width":1024,"height":1024,"url":"https:\/\/subszone.com\/wp-content\/uploads\/2024\/10\/b3339c15-34c8-42b9-8e85-9eee8ce5b18e.webp","type":"image\/webp"}],"twitter_card":"summary_large_image","twitter_misc":{"Tempo estimado de leitura":"2 minutos"},"schema":{"@context":"https:\/\/schema.org","@graph":[{"@type":"WebPage","@id":"https:\/\/subszone.com\/product\/cyclohexanone\/","url":"https:\/\/subszone.com\/product\/cyclohexanone\/","name":"Comprar ciclo-hexanona industrial online - Ciclo-hexanona para venda","isPartOf":{"@id":"https:\/\/subszone.com\/#website"},"primaryImageOfPage":{"@id":"https:\/\/subszone.com\/product\/cyclohexanone\/#primaryimage"},"image":{"@id":"https:\/\/subszone.com\/product\/cyclohexanone\/#primaryimage"},"thumbnailUrl":"https:\/\/subszone.com\/wp-content\/uploads\/2024\/10\/b3339c15-34c8-42b9-8e85-9eee8ce5b18e.webp","datePublished":"2024-10-23T11:14:17+00:00","dateModified":"2025-08-01T08:01:20+00:00","description":"Se pretende comprar cyclohexanone industrial online e procura uma loja online de confian\u00e7a, ent\u00e3o compre aqui. Oferecemos apenas ciclohexanona industrial de alta qualidade para venda a um pre\u00e7o acess\u00edvel. Encomendar cyclohexanone agora!","breadcrumb":{"@id":"https:\/\/subszone.com\/product\/cyclohexanone\/#breadcrumb"},"inLanguage":"pt-PT","potentialAction":[{"@type":"ReadAction","target":["https:\/\/subszone.com\/product\/cyclohexanone\/"]}]},{"@type":"ImageObject","inLanguage":"pt-PT","@id":"https:\/\/subszone.com\/product\/cyclohexanone\/#primaryimage","url":"https:\/\/subszone.com\/wp-content\/uploads\/2024\/10\/b3339c15-34c8-42b9-8e85-9eee8ce5b18e.webp","contentUrl":"https:\/\/subszone.com\/wp-content\/uploads\/2024\/10\/b3339c15-34c8-42b9-8e85-9eee8ce5b18e.webp","width":1024,"height":1024,"caption":"Buy Cyclohexanone Online"},{"@type":"BreadcrumbList","@id":"https:\/\/subszone.com\/product\/cyclohexanone\/#breadcrumb","itemListElement":[{"@type":"ListItem","position":1,"name":"Home","item":"https:\/\/subszone.com\/"},{"@type":"ListItem","position":2,"name":"Shop","item":"https:\/\/subszone.com\/shop\/"},{"@type":"ListItem","position":3,"name":"Buy Cyclohexanone Online"}]},{"@type":"WebSite","@id":"https:\/\/subszone.com\/#website","url":"https:\/\/subszone.com\/","name":"SubsZona","description":"O meu blogue WordPress","publisher":{"@id":"https:\/\/subszone.com\/#organization"},"potentialAction":[{"@type":"SearchAction","target":{"@type":"EntryPoint","urlTemplate":"https:\/\/subszone.com\/?s={search_term_string}"},"query-input":{"@type":"PropertyValueSpecification","valueRequired":true,"valueName":"search_term_string"}}],"inLanguage":"pt-PT"},{"@type":"Organization","@id":"https:\/\/subszone.com\/#organization","name":"SubsZona","url":"https:\/\/subszone.com\/","logo":{"@type":"ImageObject","inLanguage":"pt-PT","@id":"https:\/\/subszone.com\/#\/schema\/logo\/image\/","url":"https:\/\/subszone.com\/wp-content\/uploads\/2024\/10\/logo.png","contentUrl":"https:\/\/subszone.com\/wp-content\/uploads\/2024\/10\/logo.png","width":193,"height":50,"caption":"SubsZone"},"image":{"@id":"https:\/\/subszone.com\/#\/schema\/logo\/image\/"}}]}},"_links":{"self":[{"href":"https:\/\/subszone.com\/pt\/wp-json\/wp\/v2\/product\/1122","targetHints":{"allow":["GET"]}}],"collection":[{"href":"https:\/\/subszone.com\/pt\/wp-json\/wp\/v2\/product"}],"about":[{"href":"https:\/\/subszone.com\/pt\/wp-json\/wp\/v2\/types\/product"}],"replies":[{"embeddable":true,"href":"https:\/\/subszone.com\/pt\/wp-json\/wp\/v2\/comments?post=1122"}],"wp:featuredmedia":[{"embeddable":true,"href":"https:\/\/subszone.com\/pt\/wp-json\/wp\/v2\/media\/1456"}],"wp:attachment":[{"href":"https:\/\/subszone.com\/pt\/wp-json\/wp\/v2\/media?parent=1122"}],"wp:term":[{"taxonomy":"product_brand","embeddable":true,"href":"https:\/\/subszone.com\/pt\/wp-json\/wp\/v2\/product_brand?post=1122"},{"taxonomy":"product_cat","embeddable":true,"href":"https:\/\/subszone.com\/pt\/wp-json\/wp\/v2\/product_cat?post=1122"},{"taxonomy":"product_tag","embeddable":true,"href":"https:\/\/subszone.com\/pt\/wp-json\/wp\/v2\/product_tag?post=1122"}],"curies":[{"name":"wp","href":"https:\/\/api.w.org\/{rel}","templated":true}]}}