{"id":1152,"date":"2024-10-24T04:29:16","date_gmt":"2024-10-24T04:29:16","guid":{"rendered":"https:\/\/subszone.com\/?post_type=product&#038;p=1152"},"modified":"2025-08-01T08:13:08","modified_gmt":"2025-08-01T08:13:08","slug":"dimetilformamida-dmf","status":"publish","type":"product","link":"https:\/\/subszone.com\/pt\/product\/dimetilformamida-dmf\/","title":{"rendered":"Comprar Dimetilformamida (DMF) Online"},"content":{"rendered":"<h2><b>Dimetilformamida (DMF) de elevada pureza para utiliza\u00e7\u00e3o industrial e laboratorial<\/b><\/h2>\n<p><span style=\"font-weight: 400;\">Procurando <\/span><a href=\"https:\/\/subszone.com\/pt\/product\/dimetilformamida-dmf\/\"><b>comprar Dimetilformamida (DMF) online<\/b><\/a><span style=\"font-weight: 400;\"> de uma fonte fi\u00e1vel? Oferecemos DMF de qualidade superior com pureza verificada, envio r\u00e1pido e total conformidade regulamentar - ideal para profissionais das ind\u00fastrias de investiga\u00e7\u00e3o, fabrico e farmac\u00eautica. Quer se trate de aplica\u00e7\u00f5es anal\u00edticas ou de necessidades industriais a granel, o nosso <\/span><b>Dimetilformamida certificada para venda<\/b><span style=\"font-weight: 400;\"> proporciona um desempenho e uma seguran\u00e7a sem compromissos.<\/span><\/p>\n<h3><b>Vis\u00e3o geral do produto: O que \u00e9 Dimetilformamida (DMF)?<\/b><\/h3>\n<p><span style=\"font-weight: 400;\">A dimetilformamida (DMF) \u00e9 um solvente apr\u00f3tico polar, incolor e com elevado ponto de ebuli\u00e7\u00e3o, amplamente utilizado em ambientes industriais e laboratoriais. Conhecido pelo seu excecional poder de solv\u00eancia, miscibilidade com \u00e1gua e solventes org\u00e2nicos e estabilidade qu\u00edmica, o DMF \u00e9 essencial em..:<\/span><\/p>\n<ul>\n<li style=\"font-weight: 400;\" aria-level=\"1\"><b>S\u00edntese farmac\u00eautica<\/b>&nbsp;<\/li>\n<li style=\"font-weight: 400;\" aria-level=\"1\"><b>Processamento de pol\u00edmeros<\/b>&nbsp;<\/li>\n<li style=\"font-weight: 400;\" aria-level=\"1\"><b>Formula\u00e7\u00e3o adesiva<\/b>&nbsp;<\/li>\n<li style=\"font-weight: 400;\" aria-level=\"1\"><b>Produ\u00e7\u00e3o t\u00eaxtil<\/b>&nbsp;<\/li>\n<li style=\"font-weight: 400;\" aria-level=\"1\"><b>Aplica\u00e7\u00f5es electr\u00f3nicas e de limpeza<\/b>&nbsp;<\/li>\n<\/ul>\n<p><span style=\"font-weight: 400;\">Oferecemos v\u00e1rios graus para satisfazer as suas necessidades exactas:<\/span><\/p>\n<ul>\n<li style=\"font-weight: 400;\" aria-level=\"1\"><b>Grau t\u00e9cnico<\/b><span style=\"font-weight: 400;\"> - Para uso industrial geral<\/span>&nbsp;<\/li>\n<li style=\"font-weight: 400;\" aria-level=\"1\"><b>Grau de laborat\u00f3rio<\/b><span style=\"font-weight: 400;\"> - Ideal para ambientes anal\u00edticos e de investiga\u00e7\u00e3o<\/span>&nbsp;<\/li>\n<li style=\"font-weight: 400;\" aria-level=\"1\"><b>Grau ACS<\/b><span style=\"font-weight: 400;\"> - Para ambientes sens\u00edveis \u00e0 precis\u00e3o e de elevada pureza<\/span>&nbsp;<\/li>\n<\/ul>\n<h3><b>Principais carater\u00edsticas e vantagens<\/b><\/h3>\n<p><b>Solv\u00eancia elevada<\/b><span style=\"font-weight: 400;\">: Dissolve eficazmente uma vasta gama de compostos org\u00e2nicos e inorg\u00e2nicos<\/span><span style=\"font-weight: 400;\"><br \/>\n<\/span> <b>Estabilidade t\u00e9rmica<\/b><span style=\"font-weight: 400;\">: Funciona de forma consistente a temperaturas elevadas<\/span><span style=\"font-weight: 400;\"><br \/>\n<\/span> <b>Miscibilidade vers\u00e1til<\/b><span style=\"font-weight: 400;\">: Mistura-se facilmente com \u00e1gua, \u00e1lcoois, cetonas e solventes clorados<\/span><span style=\"font-weight: 400;\"><br \/>\n<\/span> <b>Baixa Volatilidade<\/b><span style=\"font-weight: 400;\">: Permite uma utiliza\u00e7\u00e3o mais segura em sistemas fechados<\/span><span style=\"font-weight: 400;\"><br \/>\n<\/span> <b>Pureza certificada<\/b><span style=\"font-weight: 400;\">: Testado em laborat\u00f3rio para garantir uma qualidade de n\u00edvel industrial para aplica\u00e7\u00f5es cr\u00edticas<\/span><\/p>\n<p><span style=\"font-weight: 400;\">Quer se trate de fabrico de produtos qu\u00edmicos ou de investiga\u00e7\u00e3o laboratorial, o nosso DMF garante um desempenho fi\u00e1vel em todas as \u00e1reas.<\/span><\/p>\n<h3><b>Porqu\u00ea encomendar Dimetilformamida connosco?<\/b><\/h3>\n<p><b>Totalmente em conformidade com os regulamentos relativos a produtos qu\u00edmicos perigosos<\/b><b><br \/>\n<\/b><span style=\"font-weight: 400;\"> Os nossos produtos s\u00e3o expedidos de acordo com normas de seguran\u00e7a globais (incluindo DOT e IATA), garantindo uma entrega segura e um confinamento adequado.<\/span><\/p>\n<p><b>Documenta\u00e7\u00e3o inclu\u00edda<\/b><b><br \/>\n<\/b><span style=\"font-weight: 400;\"> Fornecemos documenta\u00e7\u00e3o completa, incluindo <\/span><b>Fichas de dados de seguran\u00e7a (FDS)<\/b><span style=\"font-weight: 400;\"> e Certificados de An\u00e1lise (COA), para transpar\u00eancia e rastreabilidade.<\/span><\/p>\n<p><b>A confian\u00e7a dos profissionais<\/b><b><br \/>\n<\/b><span style=\"font-weight: 400;\"> Os nossos clientes incluem institui\u00e7\u00f5es de investiga\u00e7\u00e3o, empresas de biotecnologia, fabricantes industriais e laborat\u00f3rios farmac\u00eauticos - prova da nossa fiabilidade comprovada.<\/span><\/p>\n<h3><b>Pol\u00edtica de envio, pagamento e devolu\u00e7\u00e3o<\/b><\/h3>\n<p><b>Embalagem de materiais perigosos<\/b><b><br \/>\n<\/b><span style=\"font-weight: 400;\"> Todas as remessas s\u00e3o embaladas profissionalmente em conformidade com os contentores aprovados pela ONU, evitando fugas e contamina\u00e7\u00e3o durante o transporte.<\/span><\/p>\n<p><b>Pre\u00e7os flex\u00edveis e descontos para grandes quantidades<\/b><b><br \/>\n<\/b><span style=\"font-weight: 400;\"> Precisa de grandes quantidades? Obtenha acesso a <\/span><b>pre\u00e7os baratos da dimetilformamida<\/b><span style=\"font-weight: 400;\"> atrav\u00e9s de op\u00e7\u00f5es de encomenda escal\u00e1veis e or\u00e7amentos personalizados para compradores a granel.<\/span><\/p>\n<p><b>Garantia de satisfa\u00e7\u00e3o<\/b><b><br \/>\n<\/b><span style=\"font-weight: 400;\"> N\u00e3o est\u00e1 satisfeito ou precisa de fazer altera\u00e7\u00f5es? A nossa equipa de apoio ao cliente, que \u00e9 muito recetiva, ajudar\u00e1 com substitui\u00e7\u00f5es ou devolu\u00e7\u00f5es de acordo com a nossa pol\u00edtica de devolu\u00e7\u00f5es sem complica\u00e7\u00f5es.<\/span><\/p>\n<h3><b>Encomendar agora - O seu fornecedor certificado de DMF<\/b><\/h3>\n<p><span style=\"font-weight: 400;\">N\u00e3o se arrisque com fontes qu\u00edmicas n\u00e3o verificadas. Escolha o <\/span><b>melhor s\u00edtio para comprar <a href=\"https:\/\/en.wikipedia.org\/wiki\/Dimethylformamide\">Dimetilformamida (DMF)<\/a><\/b><span style=\"font-weight: 400;\"> online - onde a seguran\u00e7a, a pureza e o servi\u00e7o s\u00e3o garantidos.<\/span><\/p>\n<p><b>Pronto para comprar Dimetilformamida online?<\/b><b><br \/>\n<\/b><span style=\"font-weight: 400;\"> Clique abaixo para efetuar a sua encomenda, solicitar um or\u00e7amento personalizado ou contactar a nossa equipa de apoio para obter mais assist\u00eancia.<\/span><\/p>\n<p><b>Comprar agora | Obter um or\u00e7amento | Contacte-nos hoje<\/b><\/p>","protected":false},"excerpt":{"rendered":"<p>A dimetilformamida (DMF) \u00e9 um solvente org\u00e2nico com a f\u00f3rmula qu\u00edmica C\u2083H\u2087NO. \u00c9 um l\u00edquido incolor, higrosc\u00f3pico, polar e com um elevado ponto de ebuli\u00e7\u00e3o. Conhecido pela sua capacidade de dissolver uma vasta gama de subst\u00e2ncias, o DMF \u00e9 amplamente utilizado em v\u00e1rias aplica\u00e7\u00f5es industriais.<\/p>\n<ul>\n<li><strong>F\u00f3rmula qu\u00edmica<\/strong>: C\u2083H\u2087NO<\/li>\n<li><strong>Peso molecular<\/strong>: 73,09 g\/mol<\/li>\n<li><strong>Ponto de ebuli\u00e7\u00e3o<\/strong>: Aproximadamente 153 \u00b0C (307 \u00b0F)<\/li>\n<li><strong>Densidade<\/strong>: 0,944 g\/cm\u00b3<\/li>\n<li><strong>Solubilidade<\/strong>: Misc\u00edvel com \u00e1gua e muitos solventes org\u00e2nicos.<\/li>\n<\/ul>","protected":false},"featured_media":1459,"comment_status":"open","ping_status":"closed","template":"","meta":{"_kadence_starter_templates_imported_post":false,"_kad_post_transparent":"default","_kad_post_title":"","_kad_post_layout":"default","_kad_post_sidebar_id":"","_kad_post_content_style":"default","_kad_post_vertical_padding":"default","_kad_post_feature":"","_kad_post_feature_position":"","_kad_post_header":false,"_kad_post_footer":false,"_joinchat":[]},"product_brand":[],"product_cat":[59],"product_tag":[626,623,639,635,630,634,624,633,628,640,631,622,632,629,638,636,627,625,641,637],"class_list":{"0":"post-1152","1":"product","2":"type-product","3":"status-publish","4":"has-post-thumbnail","6":"product_cat-chemical-manufacturing-and-synthesis","7":"product_tag-bulk-dmf-supplier","8":"product_tag-buy-dimethylformamide","9":"product_tag-commercial-dimethylformamide-supply","10":"product_tag-dimethylformamide-distributor","11":"product_tag-dimethylformamide-for-chemical-synthesis","12":"product_tag-dimethylformamide-for-resin-production","13":"product_tag-dimethylformamide-for-sale","14":"product_tag-dimethylformamide-in-electronics-industry","15":"product_tag-dimethylformamide-price-and-availability","16":"product_tag-dimethylformamide-safety-and-compliance","17":"product_tag-dimethylformamide-solvent-for-industry","18":"product_tag-dimethylformamide-supplier","19":"product_tag-dmf-for-laboratory-use","20":"product_tag-dmf-for-pharmaceutical-manufacturing","21":"product_tag-dmf-for-polyurethane-production","22":"product_tag-dmf-procurement","23":"product_tag-high-purity-dimethylformamide","24":"product_tag-industrial-dimethylformamide-supply","25":"product_tag-reliable-dmf-supplier","26":"product_tag-where-to-buy-dimethylformamide","28":"first","29":"instock","30":"shipping-taxable","31":"product-type-simple","32":"entry","33":"content-bg","34":"loop-entry"},"yoast_head":"<!-- This site is optimized with the Yoast SEO plugin v25.6 - https:\/\/yoast.com\/wordpress\/plugins\/seo\/ -->\n<title>Buy Dimethylformamide (DMF) Online | Subszone<\/title>\n<meta name=\"description\" content=\"Discover top-notch dimethylformamide dmf for sale at our online store - buy dimethylformamide dmf conveniently and securely to fuel your research. Explore and buy dimethylformamide dmf online, advancing your scientific endeavors with ease. Order Now!\" \/>\n<meta name=\"robots\" content=\"index, follow, max-snippet:-1, max-image-preview:large, max-video-preview:-1\" \/>\n<link rel=\"canonical\" href=\"https:\/\/subszone.com\/pt\/product\/dimetilformamida-dmf\/\" \/>\n<meta property=\"og:locale\" content=\"pt_PT\" \/>\n<meta property=\"og:type\" content=\"article\" \/>\n<meta property=\"og:title\" content=\"Buy Dimethylformamide (DMF) Online | Subszone\" \/>\n<meta property=\"og:description\" content=\"Discover top-notch dimethylformamide dmf for sale at our online store - buy dimethylformamide dmf conveniently and securely to fuel your research. Explore and buy dimethylformamide dmf online, advancing your scientific endeavors with ease. Order Now!\" \/>\n<meta property=\"og:url\" content=\"https:\/\/subszone.com\/pt\/product\/dimetilformamida-dmf\/\" \/>\n<meta property=\"og:site_name\" content=\"SubsZone\" \/>\n<meta property=\"article:modified_time\" content=\"2025-08-01T08:13:08+00:00\" \/>\n<meta property=\"og:image\" content=\"https:\/\/subszone.com\/wp-content\/uploads\/2024\/10\/a6c56a16-d62c-44fb-a7bc-ebc380b151b8.webp\" \/>\n\t<meta property=\"og:image:width\" content=\"1024\" \/>\n\t<meta property=\"og:image:height\" content=\"1024\" \/>\n\t<meta property=\"og:image:type\" content=\"image\/webp\" \/>\n<meta name=\"twitter:card\" content=\"summary_large_image\" \/>\n<meta name=\"twitter:label1\" content=\"Tempo estimado de leitura\" \/>\n\t<meta name=\"twitter:data1\" content=\"3 minutos\" \/>\n<script type=\"application\/ld+json\" class=\"yoast-schema-graph\">{\"@context\":\"https:\/\/schema.org\",\"@graph\":[{\"@type\":\"WebPage\",\"@id\":\"https:\/\/subszone.com\/product\/dimethylformamide-dmf\/\",\"url\":\"https:\/\/subszone.com\/product\/dimethylformamide-dmf\/\",\"name\":\"Buy Dimethylformamide (DMF) Online | Subszone\",\"isPartOf\":{\"@id\":\"https:\/\/subszone.com\/#website\"},\"primaryImageOfPage\":{\"@id\":\"https:\/\/subszone.com\/product\/dimethylformamide-dmf\/#primaryimage\"},\"image\":{\"@id\":\"https:\/\/subszone.com\/product\/dimethylformamide-dmf\/#primaryimage\"},\"thumbnailUrl\":\"https:\/\/subszone.com\/wp-content\/uploads\/2024\/10\/a6c56a16-d62c-44fb-a7bc-ebc380b151b8.webp\",\"datePublished\":\"2024-10-24T04:29:16+00:00\",\"dateModified\":\"2025-08-01T08:13:08+00:00\",\"description\":\"Discover top-notch dimethylformamide dmf for sale at our online store - buy dimethylformamide dmf conveniently and securely to fuel your research. Explore and buy dimethylformamide dmf online, advancing your scientific endeavors with ease. Order Now!\",\"breadcrumb\":{\"@id\":\"https:\/\/subszone.com\/product\/dimethylformamide-dmf\/#breadcrumb\"},\"inLanguage\":\"pt-PT\",\"potentialAction\":[{\"@type\":\"ReadAction\",\"target\":[\"https:\/\/subszone.com\/product\/dimethylformamide-dmf\/\"]}]},{\"@type\":\"ImageObject\",\"inLanguage\":\"pt-PT\",\"@id\":\"https:\/\/subszone.com\/product\/dimethylformamide-dmf\/#primaryimage\",\"url\":\"https:\/\/subszone.com\/wp-content\/uploads\/2024\/10\/a6c56a16-d62c-44fb-a7bc-ebc380b151b8.webp\",\"contentUrl\":\"https:\/\/subszone.com\/wp-content\/uploads\/2024\/10\/a6c56a16-d62c-44fb-a7bc-ebc380b151b8.webp\",\"width\":1024,\"height\":1024,\"caption\":\"Buy Dimethylformamide (DMF) Online\"},{\"@type\":\"BreadcrumbList\",\"@id\":\"https:\/\/subszone.com\/product\/dimethylformamide-dmf\/#breadcrumb\",\"itemListElement\":[{\"@type\":\"ListItem\",\"position\":1,\"name\":\"Home\",\"item\":\"https:\/\/subszone.com\/\"},{\"@type\":\"ListItem\",\"position\":2,\"name\":\"Shop\",\"item\":\"https:\/\/subszone.com\/shop\/\"},{\"@type\":\"ListItem\",\"position\":3,\"name\":\"Buy Dimethylformamide (DMF) Online\"}]},{\"@type\":\"WebSite\",\"@id\":\"https:\/\/subszone.com\/#website\",\"url\":\"https:\/\/subszone.com\/\",\"name\":\"SubsZone\",\"description\":\"My WordPress Blog\",\"publisher\":{\"@id\":\"https:\/\/subszone.com\/#organization\"},\"potentialAction\":[{\"@type\":\"SearchAction\",\"target\":{\"@type\":\"EntryPoint\",\"urlTemplate\":\"https:\/\/subszone.com\/?s={search_term_string}\"},\"query-input\":{\"@type\":\"PropertyValueSpecification\",\"valueRequired\":true,\"valueName\":\"search_term_string\"}}],\"inLanguage\":\"pt-PT\"},{\"@type\":\"Organization\",\"@id\":\"https:\/\/subszone.com\/#organization\",\"name\":\"SubsZone\",\"url\":\"https:\/\/subszone.com\/\",\"logo\":{\"@type\":\"ImageObject\",\"inLanguage\":\"pt-PT\",\"@id\":\"https:\/\/subszone.com\/#\/schema\/logo\/image\/\",\"url\":\"https:\/\/subszone.com\/wp-content\/uploads\/2024\/10\/logo.png\",\"contentUrl\":\"https:\/\/subszone.com\/wp-content\/uploads\/2024\/10\/logo.png\",\"width\":193,\"height\":50,\"caption\":\"SubsZone\"},\"image\":{\"@id\":\"https:\/\/subszone.com\/#\/schema\/logo\/image\/\"}}]}<\/script>\n<!-- \/ Yoast SEO plugin. -->","yoast_head_json":{"title":"Comprar Dimetilformamida (DMF) Online | Subszone","description":"Descubra a dimetilformamida dmf de primeira qualidade para venda na nossa loja online - compre dimetilformamida dmf de forma conveniente e segura para alimentar a sua investiga\u00e7\u00e3o. Explore e compre dimetilformamida dmf online, fazendo avan\u00e7ar os seus esfor\u00e7os cient\u00edficos com facilidade. Encomendar agora!","robots":{"index":"index","follow":"follow","max-snippet":"max-snippet:-1","max-image-preview":"max-image-preview:large","max-video-preview":"max-video-preview:-1"},"canonical":"https:\/\/subszone.com\/pt\/product\/dimetilformamida-dmf\/","og_locale":"pt_PT","og_type":"article","og_title":"Buy Dimethylformamide (DMF) Online | Subszone","og_description":"Discover top-notch dimethylformamide dmf for sale at our online store - buy dimethylformamide dmf conveniently and securely to fuel your research. Explore and buy dimethylformamide dmf online, advancing your scientific endeavors with ease. Order Now!","og_url":"https:\/\/subszone.com\/pt\/product\/dimetilformamida-dmf\/","og_site_name":"SubsZone","article_modified_time":"2025-08-01T08:13:08+00:00","og_image":[{"width":1024,"height":1024,"url":"https:\/\/subszone.com\/wp-content\/uploads\/2024\/10\/a6c56a16-d62c-44fb-a7bc-ebc380b151b8.webp","type":"image\/webp"}],"twitter_card":"summary_large_image","twitter_misc":{"Tempo estimado de leitura":"3 minutos"},"schema":{"@context":"https:\/\/schema.org","@graph":[{"@type":"WebPage","@id":"https:\/\/subszone.com\/product\/dimethylformamide-dmf\/","url":"https:\/\/subszone.com\/product\/dimethylformamide-dmf\/","name":"Comprar Dimetilformamida (DMF) Online | Subszone","isPartOf":{"@id":"https:\/\/subszone.com\/#website"},"primaryImageOfPage":{"@id":"https:\/\/subszone.com\/product\/dimethylformamide-dmf\/#primaryimage"},"image":{"@id":"https:\/\/subszone.com\/product\/dimethylformamide-dmf\/#primaryimage"},"thumbnailUrl":"https:\/\/subszone.com\/wp-content\/uploads\/2024\/10\/a6c56a16-d62c-44fb-a7bc-ebc380b151b8.webp","datePublished":"2024-10-24T04:29:16+00:00","dateModified":"2025-08-01T08:13:08+00:00","description":"Descubra a dimetilformamida dmf de primeira qualidade para venda na nossa loja online - compre dimetilformamida dmf de forma conveniente e segura para alimentar a sua investiga\u00e7\u00e3o. Explore e compre dimetilformamida dmf online, fazendo avan\u00e7ar os seus esfor\u00e7os cient\u00edficos com facilidade. Encomendar agora!","breadcrumb":{"@id":"https:\/\/subszone.com\/product\/dimethylformamide-dmf\/#breadcrumb"},"inLanguage":"pt-PT","potentialAction":[{"@type":"ReadAction","target":["https:\/\/subszone.com\/product\/dimethylformamide-dmf\/"]}]},{"@type":"ImageObject","inLanguage":"pt-PT","@id":"https:\/\/subszone.com\/product\/dimethylformamide-dmf\/#primaryimage","url":"https:\/\/subszone.com\/wp-content\/uploads\/2024\/10\/a6c56a16-d62c-44fb-a7bc-ebc380b151b8.webp","contentUrl":"https:\/\/subszone.com\/wp-content\/uploads\/2024\/10\/a6c56a16-d62c-44fb-a7bc-ebc380b151b8.webp","width":1024,"height":1024,"caption":"Buy Dimethylformamide (DMF) Online"},{"@type":"BreadcrumbList","@id":"https:\/\/subszone.com\/product\/dimethylformamide-dmf\/#breadcrumb","itemListElement":[{"@type":"ListItem","position":1,"name":"Home","item":"https:\/\/subszone.com\/"},{"@type":"ListItem","position":2,"name":"Shop","item":"https:\/\/subszone.com\/shop\/"},{"@type":"ListItem","position":3,"name":"Buy Dimethylformamide (DMF) Online"}]},{"@type":"WebSite","@id":"https:\/\/subszone.com\/#website","url":"https:\/\/subszone.com\/","name":"SubsZona","description":"O meu blogue WordPress","publisher":{"@id":"https:\/\/subszone.com\/#organization"},"potentialAction":[{"@type":"SearchAction","target":{"@type":"EntryPoint","urlTemplate":"https:\/\/subszone.com\/?s={search_term_string}"},"query-input":{"@type":"PropertyValueSpecification","valueRequired":true,"valueName":"search_term_string"}}],"inLanguage":"pt-PT"},{"@type":"Organization","@id":"https:\/\/subszone.com\/#organization","name":"SubsZona","url":"https:\/\/subszone.com\/","logo":{"@type":"ImageObject","inLanguage":"pt-PT","@id":"https:\/\/subszone.com\/#\/schema\/logo\/image\/","url":"https:\/\/subszone.com\/wp-content\/uploads\/2024\/10\/logo.png","contentUrl":"https:\/\/subszone.com\/wp-content\/uploads\/2024\/10\/logo.png","width":193,"height":50,"caption":"SubsZone"},"image":{"@id":"https:\/\/subszone.com\/#\/schema\/logo\/image\/"}}]}},"_links":{"self":[{"href":"https:\/\/subszone.com\/pt\/wp-json\/wp\/v2\/product\/1152","targetHints":{"allow":["GET"]}}],"collection":[{"href":"https:\/\/subszone.com\/pt\/wp-json\/wp\/v2\/product"}],"about":[{"href":"https:\/\/subszone.com\/pt\/wp-json\/wp\/v2\/types\/product"}],"replies":[{"embeddable":true,"href":"https:\/\/subszone.com\/pt\/wp-json\/wp\/v2\/comments?post=1152"}],"wp:featuredmedia":[{"embeddable":true,"href":"https:\/\/subszone.com\/pt\/wp-json\/wp\/v2\/media\/1459"}],"wp:attachment":[{"href":"https:\/\/subszone.com\/pt\/wp-json\/wp\/v2\/media?parent=1152"}],"wp:term":[{"taxonomy":"product_brand","embeddable":true,"href":"https:\/\/subszone.com\/pt\/wp-json\/wp\/v2\/product_brand?post=1152"},{"taxonomy":"product_cat","embeddable":true,"href":"https:\/\/subszone.com\/pt\/wp-json\/wp\/v2\/product_cat?post=1152"},{"taxonomy":"product_tag","embeddable":true,"href":"https:\/\/subszone.com\/pt\/wp-json\/wp\/v2\/product_tag?post=1152"}],"curies":[{"name":"wp","href":"https:\/\/api.w.org\/{rel}","templated":true}]}}