{"id":1154,"date":"2024-10-24T04:29:10","date_gmt":"2024-10-24T04:29:10","guid":{"rendered":"https:\/\/subszone.com\/?post_type=product&#038;p=1154"},"modified":"2025-05-31T05:28:36","modified_gmt":"2025-05-31T05:28:36","slug":"acetato-de-etilo","status":"publish","type":"product","link":"https:\/\/subszone.com\/pt\/product\/acetato-de-etilo\/","title":{"rendered":"Comprar Acetato de Etilo Online"},"content":{"rendered":"<h2><b>Comprar Acetato de Etilo Online - Solvente de Alta Pureza para Utiliza\u00e7\u00e3o Industrial e em Laborat\u00f3rio<\/b><\/h2>\n<h3><b>Acetato de etilo de qualidade superior para venda com envio r\u00e1pido<\/b><\/h3>\n<p><span style=\"font-weight: 400;\">\u00c0 procura de uma fonte fi\u00e1vel para <\/span><a href=\"https:\/\/subszone.com\/pt\/product\/acetato-de-etilo\/\"><b>comprar Acetato de Etilo online<\/b><\/a><span style=\"font-weight: 400;\">? O nosso acetato de etilo de alta pureza, de grau laboratorial, oferece um desempenho excecional para processos industriais, laborat\u00f3rios de investiga\u00e7\u00e3o e aplica\u00e7\u00f5es de fabrico. Quer esteja a aumentar a produ\u00e7\u00e3o ou a realizar trabalhos de extra\u00e7\u00e3o de precis\u00e3o, fornecemos uma qualidade consistente, entrega r\u00e1pida e total conformidade regulamentar.<\/span><\/p>\n<h3><b>Descri\u00e7\u00e3o do produto: O que \u00e9 o Acetato de Etilo?<\/b><\/h3>\n<p><span style=\"font-weight: 400;\">O Acetato de Etilo (C\u2084H\u2088O\u2082) \u00e9 um solvente org\u00e2nico incolor e inflam\u00e1vel conhecido pela sua r\u00e1pida taxa de evapora\u00e7\u00e3o e excelente solv\u00eancia. \u00c9 amplamente utilizado em adesivos, revestimentos, produtos farmac\u00eauticos e qu\u00edmica anal\u00edtica. O nosso Acetato de Etilo est\u00e1 dispon\u00edvel em v\u00e1rias purezas, incluindo:<\/span><\/p>\n<ul>\n<li style=\"font-weight: 400;\" aria-level=\"1\"><b>Grau t\u00e9cnico<\/b><b>\n<p><\/b><\/li>\n<li style=\"font-weight: 400;\" aria-level=\"1\"><b>Grau de reagente<\/b><b>\n<p><\/b><\/li>\n<li style=\"font-weight: 400;\" aria-level=\"1\"><b>Grau ACS<\/b><b>\n<p><\/b><\/li>\n<\/ul>\n<p><span style=\"font-weight: 400;\">Escolha entre uma variedade de tamanhos de embalagens, desde <\/span><b>Frascos de laborat\u00f3rio de 1L<\/b><span style=\"font-weight: 400;\"> para <\/span><b>bid\u00f5es de 200L<\/b><span style=\"font-weight: 400;\"> para aplica\u00e7\u00f5es industriais a granel.<\/span><\/p>\n<h3><b>Aplica\u00e7\u00f5es do Acetato de Etilo<\/b><\/h3>\n<p><span style=\"font-weight: 400;\">O acetato de etilo \u00e9 um solvente vers\u00e1til que funciona de forma fi\u00e1vel em..:<\/span><\/p>\n<ul>\n<li style=\"font-weight: 400;\" aria-level=\"1\"><b>Processos de extra\u00e7\u00e3o<\/b><span style=\"font-weight: 400;\"> (bot\u00e2nica e farmac\u00eautica)<\/span><span style=\"font-weight: 400;\">\n<p><\/span><\/li>\n<li style=\"font-weight: 400;\" aria-level=\"1\"><b>S\u00edntese qu\u00edmica<\/b><span style=\"font-weight: 400;\"> (reac\u00e7\u00f5es de esterifica\u00e7\u00e3o e de condensa\u00e7\u00e3o)<\/span><span style=\"font-weight: 400;\">\n<p><\/span><\/li>\n<li style=\"font-weight: 400;\" aria-level=\"1\"><b>Desengorduramento e limpeza de superf\u00edcies<\/b><b>\n<p><\/b><\/li>\n<li style=\"font-weight: 400;\" aria-level=\"1\"><b>Fabrico de tintas, vernizes e revestimentos<\/b><b>\n<p><\/b><\/li>\n<li style=\"font-weight: 400;\" aria-level=\"1\"><b>Ensaios anal\u00edticos<\/b><span style=\"font-weight: 400;\"> e TLC<\/span><span style=\"font-weight: 400;\">\n<p><\/span><\/li>\n<\/ul>\n<p><span style=\"font-weight: 400;\">A sua miscibilidade com solventes como o etanol, a acetona e o clorof\u00f3rmio torna-o altamente adapt\u00e1vel a formula\u00e7\u00f5es e processos personalizados.<\/span><\/p>\n<h3><b>Porqu\u00ea encomendar acetato de etilo?<\/b><\/h3>\n<p><span style=\"font-weight: 400;\">Quando se est\u00e1 \u00e0 procura do <\/span><b>melhor s\u00edtio para comprar Acetato de Etilo<\/b><span style=\"font-weight: 400;\">A fiabilidade, a seguran\u00e7a e a integridade do produto s\u00e3o importantes. Eis porque \u00e9 que os clientes confiam em n\u00f3s:<\/span><\/p>\n<ul>\n<li style=\"font-weight: 400;\" aria-level=\"1\"><b>Certifica\u00e7\u00f5es de fornecedores verificadas<\/b><span style=\"font-weight: 400;\"> - Todos os produtos prov\u00eam de fabricantes certificados pelas BPF e em conformidade com as normas ISO<\/span><span style=\"font-weight: 400;\">\n<p><\/span><\/li>\n<li style=\"font-weight: 400;\" aria-level=\"1\"><b>FDS e COA fornecidos<\/b><span style=\"font-weight: 400;\"> - Cada lote \u00e9 enviado com uma ficha de dados de seguran\u00e7a completa e um certificado de an\u00e1lise<\/span><span style=\"font-weight: 400;\">\n<p><\/span><\/li>\n<li style=\"font-weight: 400;\" aria-level=\"1\"><b>Pre\u00e7os a granel dispon\u00edveis<\/b><span style=\"font-weight: 400;\"> - Tarifas competitivas para volumes industriais e clientes habituais<\/span><span style=\"font-weight: 400;\">\n<p><\/span><\/li>\n<li style=\"font-weight: 400;\" aria-level=\"1\"><b>Conformidade regulamentar<\/b><span style=\"font-weight: 400;\"> - Cumprimos todas as normas internacionais relativas ao manuseamento e documenta\u00e7\u00e3o de materiais perigosos<\/span><span style=\"font-weight: 400;\">\n<p><\/span><\/li>\n<\/ul>\n<h3><b>Informa\u00e7\u00f5es sobre envio e pagamento<\/b><\/h3>\n<p><span style=\"font-weight: 400;\">Enviamos para todo o mundo com parceiros certificados de log\u00edstica de mercadorias perigosas. Eis o que pode esperar:<\/span><\/p>\n<ul>\n<li style=\"font-weight: 400;\" aria-level=\"1\"><b>Embalagem n\u00e3o aprovada<\/b><span style=\"font-weight: 400;\"> para o transporte seguro de l\u00edquidos inflam\u00e1veis<\/span><span style=\"font-weight: 400;\">\n<p><\/span><\/li>\n<li style=\"font-weight: 400;\" aria-level=\"1\"><b>Entrega global<\/b><span style=\"font-weight: 400;\"> com prazos de entrega estimados no checkout<\/span><span style=\"font-weight: 400;\">\n<p><\/span><\/li>\n<li style=\"font-weight: 400;\" aria-level=\"1\"><b>Op\u00e7\u00f5es de pagamento flex\u00edveis<\/b><span style=\"font-weight: 400;\"> - Cart\u00e3o de cr\u00e9dito, transfer\u00eancia banc\u00e1ria, ordens de compra para contas aprovadas<\/span><span style=\"font-weight: 400;\">\n<p><\/span><\/li>\n<li style=\"font-weight: 400;\" aria-level=\"1\"><b>Pol\u00edtica de devolu\u00e7\u00e3o<\/b><span style=\"font-weight: 400;\"> - Aceitam-se devolu\u00e7\u00f5es de embalagens n\u00e3o abertas e n\u00e3o danificadas no prazo de 14 dias (sujeito a aprova\u00e7\u00e3o)<\/span><span style=\"font-weight: 400;\">\n<p><\/span><\/li>\n<\/ul>\n<h3><b>Encomendar Acetato de Etilo Online Hoje<\/b><\/h3>\n<p><span style=\"font-weight: 400;\">Pronto para come\u00e7ar? Quer necessite de uma pequena garrafa ou de um envio a granel, estamos aqui para o ajudar.<\/span><span style=\"font-weight: 400;\"><br \/>\n<\/span> <b>Clique abaixo para encomendar <a href=\"https:\/\/en.wikipedia.org\/wiki\/Ethyl_acetate\">Acetato de etilo<\/a> em linha<\/b><span style=\"font-weight: 400;\"> e experimente uma entrega r\u00e1pida, segura e em conformidade.<\/span><\/p>","protected":false},"excerpt":{"rendered":"<p>O acetato de etilo \u00e9 um composto org\u00e2nico incolor, com cheiro a fruta, amplamente utilizado em v\u00e1rias ind\u00fastrias. Sendo um solvente vers\u00e1til, desempenha um papel crucial em aplica\u00e7\u00f5es que v\u00e3o desde o processamento de alimentos at\u00e9 ao fabrico. Neste artigo, vamos explorar as propriedades, as principais utiliza\u00e7\u00f5es e as considera\u00e7\u00f5es de seguran\u00e7a associadas ao acetato de etilo.<\/p>\n<p><strong>Sin\u00f3nimo(s): EtOAc, Acetato de etilo<\/strong><br \/>\n<strong>F\u00f3rmula Linear: CH3COOC2H5<\/strong><br \/>\n<strong>N.\u00ba CAS:141-78-6<\/strong><br \/>\n<strong>Peso molecular: 88,11<\/strong><br \/>\n<strong>N.\u00ba Beilstein:506104<\/strong><\/p>","protected":false},"featured_media":1428,"comment_status":"open","ping_status":"closed","template":"","meta":{"_kadence_starter_templates_imported_post":false,"_kad_post_transparent":"default","_kad_post_title":"","_kad_post_layout":"default","_kad_post_sidebar_id":"","_kad_post_content_style":"default","_kad_post_vertical_padding":"default","_kad_post_feature":"","_kad_post_feature_position":"","_kad_post_header":false,"_kad_post_footer":false,"_joinchat":[]},"product_brand":[],"product_cat":[171],"product_tag":[172,173,174,175,176,177,178,179,180,181,182,183,184,185,186,187,188,189,190,191],"class_list":{"0":"post-1154","1":"product","2":"type-product","3":"status-publish","4":"has-post-thumbnail","6":"product_cat-solvents-and-cleaning-agents","7":"product_tag-bulk-ethyl-acetate-supplier","8":"product_tag-buy-ethyl-acetate-in-bulk","9":"product_tag-cas-141-78-6-ethyl-acetate-bulk","10":"product_tag-ethyl-acetate-99-purity-supplier","11":"product_tag-ethyl-acetate-bulk-supplier-usa","12":"product_tag-ethyl-acetate-cas-141-78-6-supplier","13":"product_tag-ethyl-acetate-cas-number-141-78-6","14":"product_tag-ethyl-acetate-chemical-procurement","15":"product_tag-ethyl-acetate-chemical-supplier","16":"product_tag-ethyl-acetate-for-industrial-use","17":"product_tag-ethyl-acetate-for-sale","18":"product_tag-ethyl-acetate-manufacturing-supplier","19":"product_tag-ethyl-acetate-price-per-barrel","20":"product_tag-ethyl-acetate-price-per-gallon","21":"product_tag-ethyl-acetate-price-per-ton","22":"product_tag-ethyl-acetate-solvent-supplier","23":"product_tag-ethyl-acetate-wholesale-distributor","24":"product_tag-high-purity-ethyl-acetate-for-sale","25":"product_tag-industrial-grade-ethyl-acetate","26":"product_tag-where-to-buy-ethyl-acetate","28":"first","29":"instock","30":"shipping-taxable","31":"product-type-simple","32":"entry","33":"content-bg","34":"loop-entry"},"yoast_head":"<!-- This site is optimized with the Yoast SEO plugin v25.6 - https:\/\/yoast.com\/wordpress\/plugins\/seo\/ -->\n<title>Ethyl Acetate for Sale - Buy Ethyl Acetate Online | Subszone<\/title>\n<meta name=\"description\" content=\"Get ethyl acetate for sale at one of the best online stores Subszone. We will help you buy ethyl acetate online of high quality. Don&#039;t delay to place your order and take advantage of the newest discounts!\" \/>\n<meta name=\"robots\" content=\"index, follow, max-snippet:-1, max-image-preview:large, max-video-preview:-1\" \/>\n<link rel=\"canonical\" href=\"https:\/\/subszone.com\/pt\/product\/acetato-de-etilo\/\" \/>\n<meta property=\"og:locale\" content=\"pt_PT\" \/>\n<meta property=\"og:type\" content=\"article\" \/>\n<meta property=\"og:title\" content=\"Ethyl Acetate for Sale - Buy Ethyl Acetate Online | Subszone\" \/>\n<meta property=\"og:description\" content=\"Get ethyl acetate for sale at one of the best online stores Subszone. We will help you buy ethyl acetate online of high quality. Don&#039;t delay to place your order and take advantage of the newest discounts!\" \/>\n<meta property=\"og:url\" content=\"https:\/\/subszone.com\/pt\/product\/acetato-de-etilo\/\" \/>\n<meta property=\"og:site_name\" content=\"SubsZone\" \/>\n<meta property=\"article:modified_time\" content=\"2025-05-31T05:28:36+00:00\" \/>\n<meta property=\"og:image\" content=\"https:\/\/subszone.com\/wp-content\/uploads\/2024\/10\/Ethyl-Acetate-2-2.gif\" \/>\n\t<meta property=\"og:image:width\" content=\"600\" \/>\n\t<meta property=\"og:image:height\" content=\"600\" \/>\n\t<meta property=\"og:image:type\" content=\"image\/gif\" \/>\n<meta name=\"twitter:card\" content=\"summary_large_image\" \/>\n<meta name=\"twitter:label1\" content=\"Tempo estimado de leitura\" \/>\n\t<meta name=\"twitter:data1\" content=\"2 minutos\" \/>\n<script type=\"application\/ld+json\" class=\"yoast-schema-graph\">{\"@context\":\"https:\/\/schema.org\",\"@graph\":[{\"@type\":\"WebPage\",\"@id\":\"https:\/\/subszone.com\/product\/ethyl-acetate\/\",\"url\":\"https:\/\/subszone.com\/product\/ethyl-acetate\/\",\"name\":\"Ethyl Acetate for Sale - Buy Ethyl Acetate Online | Subszone\",\"isPartOf\":{\"@id\":\"https:\/\/subszone.com\/#website\"},\"primaryImageOfPage\":{\"@id\":\"https:\/\/subszone.com\/product\/ethyl-acetate\/#primaryimage\"},\"image\":{\"@id\":\"https:\/\/subszone.com\/product\/ethyl-acetate\/#primaryimage\"},\"thumbnailUrl\":\"https:\/\/subszone.com\/wp-content\/uploads\/2024\/10\/Ethyl-Acetate-2-2.gif\",\"datePublished\":\"2024-10-24T04:29:10+00:00\",\"dateModified\":\"2025-05-31T05:28:36+00:00\",\"description\":\"Get ethyl acetate for sale at one of the best online stores Subszone. We will help you buy ethyl acetate online of high quality. Don't delay to place your order and take advantage of the newest discounts!\",\"breadcrumb\":{\"@id\":\"https:\/\/subszone.com\/product\/ethyl-acetate\/#breadcrumb\"},\"inLanguage\":\"pt-PT\",\"potentialAction\":[{\"@type\":\"ReadAction\",\"target\":[\"https:\/\/subszone.com\/product\/ethyl-acetate\/\"]}]},{\"@type\":\"ImageObject\",\"inLanguage\":\"pt-PT\",\"@id\":\"https:\/\/subszone.com\/product\/ethyl-acetate\/#primaryimage\",\"url\":\"https:\/\/subszone.com\/wp-content\/uploads\/2024\/10\/Ethyl-Acetate-2-2.gif\",\"contentUrl\":\"https:\/\/subszone.com\/wp-content\/uploads\/2024\/10\/Ethyl-Acetate-2-2.gif\",\"width\":600,\"height\":600,\"caption\":\"Buy Ethyl Acetate Online\"},{\"@type\":\"BreadcrumbList\",\"@id\":\"https:\/\/subszone.com\/product\/ethyl-acetate\/#breadcrumb\",\"itemListElement\":[{\"@type\":\"ListItem\",\"position\":1,\"name\":\"Home\",\"item\":\"https:\/\/subszone.com\/\"},{\"@type\":\"ListItem\",\"position\":2,\"name\":\"Shop\",\"item\":\"https:\/\/subszone.com\/shop\/\"},{\"@type\":\"ListItem\",\"position\":3,\"name\":\"Buy Ethyl Acetate Online\"}]},{\"@type\":\"WebSite\",\"@id\":\"https:\/\/subszone.com\/#website\",\"url\":\"https:\/\/subszone.com\/\",\"name\":\"SubsZone\",\"description\":\"My WordPress Blog\",\"publisher\":{\"@id\":\"https:\/\/subszone.com\/#organization\"},\"potentialAction\":[{\"@type\":\"SearchAction\",\"target\":{\"@type\":\"EntryPoint\",\"urlTemplate\":\"https:\/\/subszone.com\/?s={search_term_string}\"},\"query-input\":{\"@type\":\"PropertyValueSpecification\",\"valueRequired\":true,\"valueName\":\"search_term_string\"}}],\"inLanguage\":\"pt-PT\"},{\"@type\":\"Organization\",\"@id\":\"https:\/\/subszone.com\/#organization\",\"name\":\"SubsZone\",\"url\":\"https:\/\/subszone.com\/\",\"logo\":{\"@type\":\"ImageObject\",\"inLanguage\":\"pt-PT\",\"@id\":\"https:\/\/subszone.com\/#\/schema\/logo\/image\/\",\"url\":\"https:\/\/subszone.com\/wp-content\/uploads\/2024\/10\/logo.png\",\"contentUrl\":\"https:\/\/subszone.com\/wp-content\/uploads\/2024\/10\/logo.png\",\"width\":193,\"height\":50,\"caption\":\"SubsZone\"},\"image\":{\"@id\":\"https:\/\/subszone.com\/#\/schema\/logo\/image\/\"}}]}<\/script>\n<!-- \/ Yoast SEO plugin. -->","yoast_head_json":{"title":"Acetato de Etilo para Venda - Comprar Acetato de Etilo Online | Subszone","description":"Obtenha acetato de etilo para venda numa das melhores lojas online Subszone. N\u00f3s ajudamo-lo a comprar acetato de etilo online de alta qualidade. N\u00e3o demore a fazer a sua encomenda e aproveite os mais recentes descontos!","robots":{"index":"index","follow":"follow","max-snippet":"max-snippet:-1","max-image-preview":"max-image-preview:large","max-video-preview":"max-video-preview:-1"},"canonical":"https:\/\/subszone.com\/pt\/product\/acetato-de-etilo\/","og_locale":"pt_PT","og_type":"article","og_title":"Ethyl Acetate for Sale - Buy Ethyl Acetate Online | Subszone","og_description":"Get ethyl acetate for sale at one of the best online stores Subszone. We will help you buy ethyl acetate online of high quality. Don't delay to place your order and take advantage of the newest discounts!","og_url":"https:\/\/subszone.com\/pt\/product\/acetato-de-etilo\/","og_site_name":"SubsZone","article_modified_time":"2025-05-31T05:28:36+00:00","og_image":[{"width":600,"height":600,"url":"https:\/\/subszone.com\/wp-content\/uploads\/2024\/10\/Ethyl-Acetate-2-2.gif","type":"image\/gif"}],"twitter_card":"summary_large_image","twitter_misc":{"Tempo estimado de leitura":"2 minutos"},"schema":{"@context":"https:\/\/schema.org","@graph":[{"@type":"WebPage","@id":"https:\/\/subszone.com\/product\/ethyl-acetate\/","url":"https:\/\/subszone.com\/product\/ethyl-acetate\/","name":"Acetato de Etilo para Venda - Comprar Acetato de Etilo Online | Subszone","isPartOf":{"@id":"https:\/\/subszone.com\/#website"},"primaryImageOfPage":{"@id":"https:\/\/subszone.com\/product\/ethyl-acetate\/#primaryimage"},"image":{"@id":"https:\/\/subszone.com\/product\/ethyl-acetate\/#primaryimage"},"thumbnailUrl":"https:\/\/subszone.com\/wp-content\/uploads\/2024\/10\/Ethyl-Acetate-2-2.gif","datePublished":"2024-10-24T04:29:10+00:00","dateModified":"2025-05-31T05:28:36+00:00","description":"Obtenha acetato de etilo para venda numa das melhores lojas online Subszone. N\u00f3s ajudamo-lo a comprar acetato de etilo online de alta qualidade. N\u00e3o demore a fazer a sua encomenda e aproveite os mais recentes descontos!","breadcrumb":{"@id":"https:\/\/subszone.com\/product\/ethyl-acetate\/#breadcrumb"},"inLanguage":"pt-PT","potentialAction":[{"@type":"ReadAction","target":["https:\/\/subszone.com\/product\/ethyl-acetate\/"]}]},{"@type":"ImageObject","inLanguage":"pt-PT","@id":"https:\/\/subszone.com\/product\/ethyl-acetate\/#primaryimage","url":"https:\/\/subszone.com\/wp-content\/uploads\/2024\/10\/Ethyl-Acetate-2-2.gif","contentUrl":"https:\/\/subszone.com\/wp-content\/uploads\/2024\/10\/Ethyl-Acetate-2-2.gif","width":600,"height":600,"caption":"Buy Ethyl Acetate Online"},{"@type":"BreadcrumbList","@id":"https:\/\/subszone.com\/product\/ethyl-acetate\/#breadcrumb","itemListElement":[{"@type":"ListItem","position":1,"name":"Home","item":"https:\/\/subszone.com\/"},{"@type":"ListItem","position":2,"name":"Shop","item":"https:\/\/subszone.com\/shop\/"},{"@type":"ListItem","position":3,"name":"Buy Ethyl Acetate Online"}]},{"@type":"WebSite","@id":"https:\/\/subszone.com\/#website","url":"https:\/\/subszone.com\/","name":"SubsZona","description":"O meu blogue WordPress","publisher":{"@id":"https:\/\/subszone.com\/#organization"},"potentialAction":[{"@type":"SearchAction","target":{"@type":"EntryPoint","urlTemplate":"https:\/\/subszone.com\/?s={search_term_string}"},"query-input":{"@type":"PropertyValueSpecification","valueRequired":true,"valueName":"search_term_string"}}],"inLanguage":"pt-PT"},{"@type":"Organization","@id":"https:\/\/subszone.com\/#organization","name":"SubsZona","url":"https:\/\/subszone.com\/","logo":{"@type":"ImageObject","inLanguage":"pt-PT","@id":"https:\/\/subszone.com\/#\/schema\/logo\/image\/","url":"https:\/\/subszone.com\/wp-content\/uploads\/2024\/10\/logo.png","contentUrl":"https:\/\/subszone.com\/wp-content\/uploads\/2024\/10\/logo.png","width":193,"height":50,"caption":"SubsZone"},"image":{"@id":"https:\/\/subszone.com\/#\/schema\/logo\/image\/"}}]}},"_links":{"self":[{"href":"https:\/\/subszone.com\/pt\/wp-json\/wp\/v2\/product\/1154","targetHints":{"allow":["GET"]}}],"collection":[{"href":"https:\/\/subszone.com\/pt\/wp-json\/wp\/v2\/product"}],"about":[{"href":"https:\/\/subszone.com\/pt\/wp-json\/wp\/v2\/types\/product"}],"replies":[{"embeddable":true,"href":"https:\/\/subszone.com\/pt\/wp-json\/wp\/v2\/comments?post=1154"}],"wp:featuredmedia":[{"embeddable":true,"href":"https:\/\/subszone.com\/pt\/wp-json\/wp\/v2\/media\/1428"}],"wp:attachment":[{"href":"https:\/\/subszone.com\/pt\/wp-json\/wp\/v2\/media?parent=1154"}],"wp:term":[{"taxonomy":"product_brand","embeddable":true,"href":"https:\/\/subszone.com\/pt\/wp-json\/wp\/v2\/product_brand?post=1154"},{"taxonomy":"product_cat","embeddable":true,"href":"https:\/\/subszone.com\/pt\/wp-json\/wp\/v2\/product_cat?post=1154"},{"taxonomy":"product_tag","embeddable":true,"href":"https:\/\/subszone.com\/pt\/wp-json\/wp\/v2\/product_tag?post=1154"}],"curies":[{"name":"wp","href":"https:\/\/api.w.org\/{rel}","templated":true}]}}