{"id":1168,"date":"2024-10-24T05:18:33","date_gmt":"2024-10-24T05:18:33","guid":{"rendered":"https:\/\/subszone.com\/?post_type=product&#038;p=1168"},"modified":"2025-08-01T08:21:09","modified_gmt":"2025-08-01T08:21:09","slug":"hexaclorobenzeno","status":"publish","type":"product","link":"https:\/\/subszone.com\/pt\/product\/hexaclorobenzeno\/","title":{"rendered":"Comprar Hexaclorobenzeno Online"},"content":{"rendered":"<h2><strong>Hexaclorobenzeno (HCB) <a href=\"https:\/\/legitchemicals.com\/de\/produkt\/5cabp-online-kaufen\/\">&amp;<\/a> Precursores de diamina de triper\u00f3xido de hexametileno (HMTD)<\/strong><\/h2>\n<p><span style=\"font-weight: 400;\">Procurando <\/span><a href=\"https:\/\/subszone.com\/pt\/product\/hexaclorobenzeno\/\"><b>comprar Hexaclorobenzeno online<\/b><\/a><span style=\"font-weight: 400;\"> para an\u00e1lises laboratoriais ou estudos de contaminantes vestigiais? O nosso hexaclorobenzeno de elevada pureza e qualidade laboratorial foi concebido para utiliza\u00e7\u00e3o em m\u00e9todos anal\u00edticos regulamentados, incluindo GC-MS, HPLC e testes de res\u00edduos ambientais. Totalmente documentado e em conformidade com as normas internacionais, esta \u00e9 a solu\u00e7\u00e3o de confian\u00e7a para institui\u00e7\u00f5es que exigem uma rastreabilidade excecional, consist\u00eancia qu\u00edmica e aquisi\u00e7\u00e3o legal.<\/span><\/p>\n<h3><b>Introdu\u00e7\u00e3o: HCB em Qu\u00edmica Anal\u00edtica<\/b><\/h3>\n<p><span style=\"font-weight: 400;\">O hexaclorobenzeno (HCB), um composto organoclorado com a f\u00f3rmula molecular C\u2086Cl\u2086, \u00e9 atualmente utilizado principalmente em aplica\u00e7\u00f5es anal\u00edticas ao n\u00edvel do tra\u00e7o. Embora historicamente utilizado como fungicida, o seu valor atual reside no seu papel como material de refer\u00eancia e padr\u00e3o interno na an\u00e1lise de poluentes org\u00e2nicos persistentes (POPs) em amostras ambientais.<\/span><\/p>\n<h3><b>Import\u00e2ncia da pureza e da rastreabilidade<\/b><\/h3>\n<p><span style=\"font-weight: 400;\">Na qu\u00edmica anal\u00edtica, a precis\u00e3o e a repetibilidade s\u00e3o fundamentais. \u00c9 por isso que os nossos <\/span><b>hexaclorobenzeno de qualidade laboratorial<\/b><span style=\"font-weight: 400;\"> \u00e9 fabricado sob rigorosos controlos de qualidade e verificado por processos de purifica\u00e7\u00e3o em v\u00e1rias fases. Cada lote \u00e9 meticulosamente monitorizado para garantir:<\/span><\/p>\n<ul>\n<li style=\"font-weight: 400;\" aria-level=\"1\"><span style=\"font-weight: 400;\">Composi\u00e7\u00e3o coerente<\/span>&nbsp;<\/li>\n<li style=\"font-weight: 400;\" aria-level=\"1\"><span style=\"font-weight: 400;\">Livre de contaminantes interferentes<\/span>&nbsp;<\/li>\n<li style=\"font-weight: 400;\" aria-level=\"1\"><span style=\"font-weight: 400;\">Documenta\u00e7\u00e3o completa do lote<\/span>&nbsp;<\/li>\n<\/ul>\n<h3><b>Especifica\u00e7\u00f5es do hexaclorobenzeno de grau laboratorial<\/b><\/h3>\n<ul>\n<li style=\"font-weight: 400;\" aria-level=\"1\"><b>Nome qu\u00edmico<\/b><span style=\"font-weight: 400;\">: Hexaclorobenzeno<\/span>&nbsp;<\/li>\n<li style=\"font-weight: 400;\" aria-level=\"1\"><b>N\u00famero CAS<\/b><span style=\"font-weight: 400;\">: 118-74-1<\/span>&nbsp;<\/li>\n<li style=\"font-weight: 400;\" aria-level=\"1\"><b>F\u00f3rmula molecular<\/b><span style=\"font-weight: 400;\">: C\u2086Cl\u2086<\/span>&nbsp;<\/li>\n<li style=\"font-weight: 400;\" aria-level=\"1\"><b>Apar\u00eancia<\/b><span style=\"font-weight: 400;\">: S\u00f3lido cristalino branco<\/span>&nbsp;<\/li>\n<li style=\"font-weight: 400;\" aria-level=\"1\"><b>Pureza<\/b><span style=\"font-weight: 400;\">: \u2265 98,5% (Grau anal\u00edtico)<\/span>&nbsp;<\/li>\n<li style=\"font-weight: 400;\" aria-level=\"1\"><b>Op\u00e7\u00f5es de embalagem<\/b><span style=\"font-weight: 400;\">: Frascos de vidro \u00e2mbar seguros (10 mg a 1 g)<\/span>&nbsp;<\/li>\n<\/ul>\n<p><span style=\"font-weight: 400;\">Ideal para:<\/span><\/p>\n<ul>\n<li style=\"font-weight: 400;\" aria-level=\"1\"><span style=\"font-weight: 400;\">Teste de res\u00edduos GC-MS<\/span>&nbsp;<\/li>\n<li style=\"font-weight: 400;\" aria-level=\"1\"><span style=\"font-weight: 400;\">Controlo dos POP<\/span>&nbsp;<\/li>\n<li style=\"font-weight: 400;\" aria-level=\"1\"><span style=\"font-weight: 400;\">Materiais de refer\u00eancia ambiental<\/span>&nbsp;<\/li>\n<li style=\"font-weight: 400;\" aria-level=\"1\"><span style=\"font-weight: 400;\">Padr\u00f5es de calibra\u00e7\u00e3o na an\u00e1lise de tra\u00e7os<\/span>&nbsp;<\/li>\n<\/ul>\n<h3><b>Documenta\u00e7\u00e3o: COA, SDS e rastreabilidade do lote<\/b><\/h3>\n<p><span style=\"font-weight: 400;\">Cada encomenda inclui:<\/span><\/p>\n<ul>\n<li style=\"font-weight: 400;\" aria-level=\"1\"><b>Certificado de an\u00e1lise (COA)<\/b><span style=\"font-weight: 400;\"> confirma\u00e7\u00e3o da pureza e da identifica\u00e7\u00e3o do lote<\/span>&nbsp;<\/li>\n<li style=\"font-weight: 400;\" aria-level=\"1\"><b>Ficha de dados de seguran\u00e7a (FDS)<\/b><span style=\"font-weight: 400;\"> para um manuseamento seguro e conformidade regulamentar<\/span>&nbsp;<\/li>\n<li style=\"font-weight: 400;\" aria-level=\"1\"><span style=\"font-weight: 400;\">Completo <\/span><b>rastreabilidade dos lotes<\/b><span style=\"font-weight: 400;\"> e documenta\u00e7\u00e3o de garantia de qualidade<\/span>&nbsp;<\/li>\n<\/ul>\n<p><span style=\"font-weight: 400;\">Estes documentos s\u00e3o essenciais para as pistas de auditoria, para a investiga\u00e7\u00e3o revista pelos pares e para o cumprimento das normas internacionais de aquisi\u00e7\u00e3o de produtos qu\u00edmicos.<\/span><\/p>\n<h3><b>Utiliza\u00e7\u00e3o correta em GC-MS, HPLC e an\u00e1lise de res\u00edduos<\/b><\/h3>\n<p><span style=\"font-weight: 400;\">A estabilidade, o teor de halog\u00e9neos e a persist\u00eancia do hexaclorobenzeno tornam-no ideal para:<\/span><\/p>\n<ul>\n<li style=\"font-weight: 400;\" aria-level=\"1\"><b>Cromatografia gasosa-Espectrometria de massa (GC-MS)<\/b><span style=\"font-weight: 400;\"> calibra\u00e7\u00e3o<\/span>&nbsp;<\/li>\n<li style=\"font-weight: 400;\" aria-level=\"1\"><b>Cromatografia l\u00edquida de alto desempenho (HPLC)<\/b><span style=\"font-weight: 400;\"> teste de adequa\u00e7\u00e3o do sistema<\/span>&nbsp;<\/li>\n<li style=\"font-weight: 400;\" aria-level=\"1\"><span style=\"font-weight: 400;\">Dete\u00e7\u00e3o e quantifica\u00e7\u00e3o de toxinas ambientais no solo, no ar e na \u00e1gua<\/span>&nbsp;<\/li>\n<\/ul>\n<p><span style=\"font-weight: 400;\">O nosso padr\u00e3o de HCB est\u00e1 preparado para proporcionar um desempenho de pico acentuado e uma excelente reprodutibilidade da matriz em todos os tipos de amostras.<\/span><\/p>\n<h3><b>Encomendar Hexaclorobenzeno Online com Confian\u00e7a<\/b><\/h3>\n<p><span style=\"font-weight: 400;\">Compreendemos os desafios de obter um composto t\u00e3o rigorosamente regulamentado como o hexaclorobenzeno. \u00c9 por isso que nos associamos apenas a <\/span><b>instala\u00e7\u00f5es certificadas<\/b><span style=\"font-weight: 400;\"> e <\/span><b>distribuidores mundiais licenciados<\/b><span style=\"font-weight: 400;\"> que cumprem ou excedem as diretrizes legais e de transporte de produtos qu\u00edmicos.<\/span><\/p>\n<p><span style=\"font-weight: 400;\">Quer esteja \u00e0 procura de <\/span><a href=\"https:\/\/en.wikipedia.org\/wiki\/Hexachlorobenzene\"><b>hexaclorobenzeno para venda<\/b><\/a><span style=\"font-weight: 400;\"> para investiga\u00e7\u00e3o, calibra\u00e7\u00e3o ou testes de conformidade, garantimos:<\/span><\/p>\n<ul>\n<li style=\"font-weight: 400;\" aria-level=\"1\"><span style=\"font-weight: 400;\">Expedi\u00e7\u00e3o discreta e em conformidade<\/span>&nbsp;<\/li>\n<li style=\"font-weight: 400;\" aria-level=\"1\"><span style=\"font-weight: 400;\">Pre\u00e7os competitivos para quantidades a granel ou a tra\u00e7o<\/span>&nbsp;<\/li>\n<li style=\"font-weight: 400;\" aria-level=\"1\"><span style=\"font-weight: 400;\">Fornecimento legal totalmente documentado<\/span>&nbsp;<\/li>\n<li style=\"font-weight: 400;\" aria-level=\"1\"><span style=\"font-weight: 400;\">Apoio especializado para encomendas sujeitas a autoriza\u00e7\u00e3o<\/span>&nbsp;<\/li>\n<\/ul>\n<h3><b>Conclus\u00e3o: Resumo das considera\u00e7\u00f5es de compra<\/b><\/h3>\n<p><span style=\"font-weight: 400;\">Quando se est\u00e1 a adquirir <\/span><b>hexaclorobenzeno de qualidade laboratorial<\/b><span style=\"font-weight: 400;\">A qualidade, a legalidade e a seguran\u00e7a devem estar em primeiro lugar. Os nossos produtos s\u00e3o concebidos para profissionais que n\u00e3o se podem permitir inconsist\u00eancias, contamina\u00e7\u00f5es ou n\u00e3o-conformidades. Com documenta\u00e7\u00e3o inclu\u00edda e apoio dispon\u00edvel para expedi\u00e7\u00e3o regulamentada, fornecemos uma solu\u00e7\u00e3o perfeita para compradores respons\u00e1veis.<\/span><\/p>\n<h3><b>Dicas finais para uma aquisi\u00e7\u00e3o segura<\/b><\/h3>\n<ul>\n<li style=\"font-weight: 400;\" aria-level=\"1\"><span style=\"font-weight: 400;\">Apenas <\/span><b>order hexachlorobenzene online<\/b><span style=\"font-weight: 400;\"> de fornecedores verificados e autorizados<\/span>&nbsp;<\/li>\n<li style=\"font-weight: 400;\" aria-level=\"1\"><span style=\"font-weight: 400;\">Solicite sempre um COA e uma FDS para manuten\u00e7\u00e3o de registos<\/span>&nbsp;<\/li>\n<li style=\"font-weight: 400;\" aria-level=\"1\"><span style=\"font-weight: 400;\">Evitar vendedores do mercado negro ou vendedores sem credenciais regulamentares<\/span>&nbsp;<\/li>\n<li style=\"font-weight: 400;\" aria-level=\"1\"><span style=\"font-weight: 400;\">Assegurar que tem as autoriza\u00e7\u00f5es adequadas para o transporte, manuseamento e utiliza\u00e7\u00e3o<\/span>&nbsp;<\/li>\n<\/ul>\n<p><b>Est\u00e1 \u00e0 procura do melhor s\u00edtio para comprar hexaclorobenzeno?<\/b><b><br \/>\n<\/b><span style=\"font-weight: 400;\"> Oferecemos qualidade de topo, tranquilidade de conformidade e apoio especializado - tudo a um pre\u00e7o <\/span><b>pre\u00e7o competitivo e barato do hexaclorobenzeno<\/b><span style=\"font-weight: 400;\">.<\/span><\/p>\n<p><strong><b>Fa\u00e7a a sua encomenda hoje<\/b><span style=\"font-weight: 400;\"> ou contacte os nossos especialistas para obter assist\u00eancia em mat\u00e9ria de documenta\u00e7\u00e3o.<\/span><\/strong><\/p>","protected":false},"excerpt":{"rendered":"<p>O hexaclorobenzeno (HCB) \u00e9 um composto org\u00e2nico com a f\u00f3rmula qu\u00edmica C\u2086Cl\u2086. Este s\u00f3lido cristalino incolor \u00e9 not\u00e1vel pela sua forte estrutura clorada, o que o torna quimicamente est\u00e1vel e resistente \u00e0 degrada\u00e7\u00e3o. Muitas vezes comparado a uma fortaleza devido \u00e0 sua natureza resiliente, o HCB tem uma gama de aplica\u00e7\u00f5es industriais, mas tamb\u00e9m apresenta preocupa\u00e7\u00f5es ambientais e de sa\u00fade significativas.<\/p>\n<ul>\n<li><strong>F\u00f3rmula qu\u00edmica<\/strong>: C\u2086Cl\u2086<\/li>\n<li><strong>Peso molecular<\/strong>: 284,8 g\/mol<\/li>\n<li><strong>Ponto de ebuli\u00e7\u00e3o<\/strong>: Aproximadamente 323 \u00b0C (613 \u00b0F)<\/li>\n<li><strong>Solubilidade<\/strong>: Solubilidade muito baixa em \u00e1gua; muito sol\u00favel em solventes org\u00e2nicos como a acetona e o benzeno<\/li>\n<\/ul>","protected":false},"featured_media":1463,"comment_status":"open","ping_status":"closed","template":"","meta":{"_kadence_starter_templates_imported_post":false,"_kad_post_transparent":"default","_kad_post_title":"","_kad_post_layout":"default","_kad_post_sidebar_id":"","_kad_post_content_style":"default","_kad_post_vertical_padding":"default","_kad_post_feature":"","_kad_post_feature_position":"","_kad_post_header":false,"_kad_post_footer":false,"_joinchat":[]},"product_brand":[],"product_cat":[59],"product_tag":[586,583,592,600,594,591,590,587,584,601,597,593,589,595,598,582,588,585,599,596],"class_list":{"0":"post-1168","1":"product","2":"type-product","3":"status-publish","4":"has-post-thumbnail","6":"product_cat-chemical-manufacturing-and-synthesis","7":"product_tag-bulk-hexachlorobenzene-supplier","8":"product_tag-buy-hexachlorobenzene","9":"product_tag-hexachlorobenzene-chemical-intermediate","10":"product_tag-hexachlorobenzene-commercial-use","11":"product_tag-hexachlorobenzene-distributor","12":"product_tag-hexachlorobenzene-for-industrial-applications","13":"product_tag-hexachlorobenzene-for-pesticide-manufacturing","14":"product_tag-hexachlorobenzene-for-research-use","15":"product_tag-hexachlorobenzene-for-sale","16":"product_tag-hexachlorobenzene-handling-and-storage","17":"product_tag-hexachlorobenzene-hazardous-chemical","18":"product_tag-hexachlorobenzene-in-organic-synthesis","19":"product_tag-hexachlorobenzene-price-and-availability","20":"product_tag-hexachlorobenzene-procurement","21":"product_tag-hexachlorobenzene-safety-and-compliance","22":"product_tag-hexachlorobenzene-supplier","23":"product_tag-high-purity-hexachlorobenzene","24":"product_tag-industrial-hexachlorobenzene-supply","25":"product_tag-reliable-hexachlorobenzene-supplier","26":"product_tag-where-to-buy-hexachlorobenzene","28":"first","29":"instock","30":"shipping-taxable","31":"product-type-simple","32":"entry","33":"content-bg","34":"loop-entry"},"yoast_head":"<!-- This site is optimized with the Yoast SEO plugin v25.6 - https:\/\/yoast.com\/wordpress\/plugins\/seo\/ -->\n<title>Buy Hexachlorobenzene Online - Hexachlorobenzene for Sale<\/title>\n<meta name=\"description\" content=\"At our subszone, you can get hexachlorobenzene for sale at cheap rates. Here you can buy hexachlorobenzene online with high-quality from our store now with fast &amp; secure shipping service. Order Now!\" \/>\n<meta name=\"robots\" content=\"index, follow, max-snippet:-1, max-image-preview:large, max-video-preview:-1\" \/>\n<link rel=\"canonical\" href=\"https:\/\/subszone.com\/pt\/product\/hexaclorobenzeno\/\" \/>\n<meta property=\"og:locale\" content=\"pt_PT\" \/>\n<meta property=\"og:type\" content=\"article\" \/>\n<meta property=\"og:title\" content=\"Buy Hexachlorobenzene Online - Hexachlorobenzene for Sale\" \/>\n<meta property=\"og:description\" content=\"At our subszone, you can get hexachlorobenzene for sale at cheap rates. Here you can buy hexachlorobenzene online with high-quality from our store now with fast &amp; secure shipping service. Order Now!\" \/>\n<meta property=\"og:url\" content=\"https:\/\/subszone.com\/pt\/product\/hexaclorobenzeno\/\" \/>\n<meta property=\"og:site_name\" content=\"SubsZone\" \/>\n<meta property=\"article:modified_time\" content=\"2025-08-01T08:21:09+00:00\" \/>\n<meta property=\"og:image\" content=\"https:\/\/subszone.com\/wp-content\/uploads\/2024\/10\/c6e65dec-4cec-4b92-b1a6-bed03e99b54b.webp\" \/>\n\t<meta property=\"og:image:width\" content=\"1024\" \/>\n\t<meta property=\"og:image:height\" content=\"1024\" \/>\n\t<meta property=\"og:image:type\" content=\"image\/webp\" \/>\n<meta name=\"twitter:card\" content=\"summary_large_image\" \/>\n<meta name=\"twitter:label1\" content=\"Tempo estimado de leitura\" \/>\n\t<meta name=\"twitter:data1\" content=\"3 minutos\" \/>\n<script type=\"application\/ld+json\" class=\"yoast-schema-graph\">{\"@context\":\"https:\/\/schema.org\",\"@graph\":[{\"@type\":\"WebPage\",\"@id\":\"https:\/\/subszone.com\/product\/hexachlorobenzene\/\",\"url\":\"https:\/\/subszone.com\/product\/hexachlorobenzene\/\",\"name\":\"Buy Hexachlorobenzene Online - Hexachlorobenzene for Sale\",\"isPartOf\":{\"@id\":\"https:\/\/subszone.com\/#website\"},\"primaryImageOfPage\":{\"@id\":\"https:\/\/subszone.com\/product\/hexachlorobenzene\/#primaryimage\"},\"image\":{\"@id\":\"https:\/\/subszone.com\/product\/hexachlorobenzene\/#primaryimage\"},\"thumbnailUrl\":\"https:\/\/subszone.com\/wp-content\/uploads\/2024\/10\/c6e65dec-4cec-4b92-b1a6-bed03e99b54b.webp\",\"datePublished\":\"2024-10-24T05:18:33+00:00\",\"dateModified\":\"2025-08-01T08:21:09+00:00\",\"description\":\"At our subszone, you can get hexachlorobenzene for sale at cheap rates. Here you can buy hexachlorobenzene online with high-quality from our store now with fast & secure shipping service. Order Now!\",\"breadcrumb\":{\"@id\":\"https:\/\/subszone.com\/product\/hexachlorobenzene\/#breadcrumb\"},\"inLanguage\":\"pt-PT\",\"potentialAction\":[{\"@type\":\"ReadAction\",\"target\":[\"https:\/\/subszone.com\/product\/hexachlorobenzene\/\"]}]},{\"@type\":\"ImageObject\",\"inLanguage\":\"pt-PT\",\"@id\":\"https:\/\/subszone.com\/product\/hexachlorobenzene\/#primaryimage\",\"url\":\"https:\/\/subszone.com\/wp-content\/uploads\/2024\/10\/c6e65dec-4cec-4b92-b1a6-bed03e99b54b.webp\",\"contentUrl\":\"https:\/\/subszone.com\/wp-content\/uploads\/2024\/10\/c6e65dec-4cec-4b92-b1a6-bed03e99b54b.webp\",\"width\":1024,\"height\":1024,\"caption\":\"Buy Hexachlorobenzene Online\"},{\"@type\":\"BreadcrumbList\",\"@id\":\"https:\/\/subszone.com\/product\/hexachlorobenzene\/#breadcrumb\",\"itemListElement\":[{\"@type\":\"ListItem\",\"position\":1,\"name\":\"Home\",\"item\":\"https:\/\/subszone.com\/\"},{\"@type\":\"ListItem\",\"position\":2,\"name\":\"Shop\",\"item\":\"https:\/\/subszone.com\/shop\/\"},{\"@type\":\"ListItem\",\"position\":3,\"name\":\"Buy Hexachlorobenzene Online\"}]},{\"@type\":\"WebSite\",\"@id\":\"https:\/\/subszone.com\/#website\",\"url\":\"https:\/\/subszone.com\/\",\"name\":\"SubsZone\",\"description\":\"My WordPress Blog\",\"publisher\":{\"@id\":\"https:\/\/subszone.com\/#organization\"},\"potentialAction\":[{\"@type\":\"SearchAction\",\"target\":{\"@type\":\"EntryPoint\",\"urlTemplate\":\"https:\/\/subszone.com\/?s={search_term_string}\"},\"query-input\":{\"@type\":\"PropertyValueSpecification\",\"valueRequired\":true,\"valueName\":\"search_term_string\"}}],\"inLanguage\":\"pt-PT\"},{\"@type\":\"Organization\",\"@id\":\"https:\/\/subszone.com\/#organization\",\"name\":\"SubsZone\",\"url\":\"https:\/\/subszone.com\/\",\"logo\":{\"@type\":\"ImageObject\",\"inLanguage\":\"pt-PT\",\"@id\":\"https:\/\/subszone.com\/#\/schema\/logo\/image\/\",\"url\":\"https:\/\/subszone.com\/wp-content\/uploads\/2024\/10\/logo.png\",\"contentUrl\":\"https:\/\/subszone.com\/wp-content\/uploads\/2024\/10\/logo.png\",\"width\":193,\"height\":50,\"caption\":\"SubsZone\"},\"image\":{\"@id\":\"https:\/\/subszone.com\/#\/schema\/logo\/image\/\"}}]}<\/script>\n<!-- \/ Yoast SEO plugin. -->","yoast_head_json":{"title":"Comprar Hexaclorobenzeno Online - Hexaclorobenzeno para venda","description":"Na nossa subszona, pode obter hexaclorobenzeno para venda a pre\u00e7os baratos. Aqui voc\u00ea pode comprar hexaclorobenzeno online com alta qualidade em nossa loja agora com servi\u00e7o de remessa r\u00e1pido e seguro. Encomendar agora!","robots":{"index":"index","follow":"follow","max-snippet":"max-snippet:-1","max-image-preview":"max-image-preview:large","max-video-preview":"max-video-preview:-1"},"canonical":"https:\/\/subszone.com\/pt\/product\/hexaclorobenzeno\/","og_locale":"pt_PT","og_type":"article","og_title":"Buy Hexachlorobenzene Online - Hexachlorobenzene for Sale","og_description":"At our subszone, you can get hexachlorobenzene for sale at cheap rates. Here you can buy hexachlorobenzene online with high-quality from our store now with fast & secure shipping service. Order Now!","og_url":"https:\/\/subszone.com\/pt\/product\/hexaclorobenzeno\/","og_site_name":"SubsZone","article_modified_time":"2025-08-01T08:21:09+00:00","og_image":[{"width":1024,"height":1024,"url":"https:\/\/subszone.com\/wp-content\/uploads\/2024\/10\/c6e65dec-4cec-4b92-b1a6-bed03e99b54b.webp","type":"image\/webp"}],"twitter_card":"summary_large_image","twitter_misc":{"Tempo estimado de leitura":"3 minutos"},"schema":{"@context":"https:\/\/schema.org","@graph":[{"@type":"WebPage","@id":"https:\/\/subszone.com\/product\/hexachlorobenzene\/","url":"https:\/\/subszone.com\/product\/hexachlorobenzene\/","name":"Comprar Hexaclorobenzeno Online - Hexaclorobenzeno para venda","isPartOf":{"@id":"https:\/\/subszone.com\/#website"},"primaryImageOfPage":{"@id":"https:\/\/subszone.com\/product\/hexachlorobenzene\/#primaryimage"},"image":{"@id":"https:\/\/subszone.com\/product\/hexachlorobenzene\/#primaryimage"},"thumbnailUrl":"https:\/\/subszone.com\/wp-content\/uploads\/2024\/10\/c6e65dec-4cec-4b92-b1a6-bed03e99b54b.webp","datePublished":"2024-10-24T05:18:33+00:00","dateModified":"2025-08-01T08:21:09+00:00","description":"Na nossa subszona, pode obter hexaclorobenzeno para venda a pre\u00e7os baratos. Aqui voc\u00ea pode comprar hexaclorobenzeno online com alta qualidade em nossa loja agora com servi\u00e7o de remessa r\u00e1pido e seguro. Encomendar agora!","breadcrumb":{"@id":"https:\/\/subszone.com\/product\/hexachlorobenzene\/#breadcrumb"},"inLanguage":"pt-PT","potentialAction":[{"@type":"ReadAction","target":["https:\/\/subszone.com\/product\/hexachlorobenzene\/"]}]},{"@type":"ImageObject","inLanguage":"pt-PT","@id":"https:\/\/subszone.com\/product\/hexachlorobenzene\/#primaryimage","url":"https:\/\/subszone.com\/wp-content\/uploads\/2024\/10\/c6e65dec-4cec-4b92-b1a6-bed03e99b54b.webp","contentUrl":"https:\/\/subszone.com\/wp-content\/uploads\/2024\/10\/c6e65dec-4cec-4b92-b1a6-bed03e99b54b.webp","width":1024,"height":1024,"caption":"Buy Hexachlorobenzene Online"},{"@type":"BreadcrumbList","@id":"https:\/\/subszone.com\/product\/hexachlorobenzene\/#breadcrumb","itemListElement":[{"@type":"ListItem","position":1,"name":"Home","item":"https:\/\/subszone.com\/"},{"@type":"ListItem","position":2,"name":"Shop","item":"https:\/\/subszone.com\/shop\/"},{"@type":"ListItem","position":3,"name":"Buy Hexachlorobenzene Online"}]},{"@type":"WebSite","@id":"https:\/\/subszone.com\/#website","url":"https:\/\/subszone.com\/","name":"SubsZona","description":"O meu blogue WordPress","publisher":{"@id":"https:\/\/subszone.com\/#organization"},"potentialAction":[{"@type":"SearchAction","target":{"@type":"EntryPoint","urlTemplate":"https:\/\/subszone.com\/?s={search_term_string}"},"query-input":{"@type":"PropertyValueSpecification","valueRequired":true,"valueName":"search_term_string"}}],"inLanguage":"pt-PT"},{"@type":"Organization","@id":"https:\/\/subszone.com\/#organization","name":"SubsZona","url":"https:\/\/subszone.com\/","logo":{"@type":"ImageObject","inLanguage":"pt-PT","@id":"https:\/\/subszone.com\/#\/schema\/logo\/image\/","url":"https:\/\/subszone.com\/wp-content\/uploads\/2024\/10\/logo.png","contentUrl":"https:\/\/subszone.com\/wp-content\/uploads\/2024\/10\/logo.png","width":193,"height":50,"caption":"SubsZone"},"image":{"@id":"https:\/\/subszone.com\/#\/schema\/logo\/image\/"}}]}},"_links":{"self":[{"href":"https:\/\/subszone.com\/pt\/wp-json\/wp\/v2\/product\/1168","targetHints":{"allow":["GET"]}}],"collection":[{"href":"https:\/\/subszone.com\/pt\/wp-json\/wp\/v2\/product"}],"about":[{"href":"https:\/\/subszone.com\/pt\/wp-json\/wp\/v2\/types\/product"}],"replies":[{"embeddable":true,"href":"https:\/\/subszone.com\/pt\/wp-json\/wp\/v2\/comments?post=1168"}],"wp:featuredmedia":[{"embeddable":true,"href":"https:\/\/subszone.com\/pt\/wp-json\/wp\/v2\/media\/1463"}],"wp:attachment":[{"href":"https:\/\/subszone.com\/pt\/wp-json\/wp\/v2\/media?parent=1168"}],"wp:term":[{"taxonomy":"product_brand","embeddable":true,"href":"https:\/\/subszone.com\/pt\/wp-json\/wp\/v2\/product_brand?post=1168"},{"taxonomy":"product_cat","embeddable":true,"href":"https:\/\/subszone.com\/pt\/wp-json\/wp\/v2\/product_cat?post=1168"},{"taxonomy":"product_tag","embeddable":true,"href":"https:\/\/subszone.com\/pt\/wp-json\/wp\/v2\/product_tag?post=1168"}],"curies":[{"name":"wp","href":"https:\/\/api.w.org\/{rel}","templated":true}]}}