{"id":1199,"date":"2024-10-24T06:11:57","date_gmt":"2024-10-24T06:11:57","guid":{"rendered":"https:\/\/subszone.com\/?post_type=product&#038;p=1199"},"modified":"2025-06-02T12:14:43","modified_gmt":"2025-06-02T12:14:43","slug":"isosafrole","status":"publish","type":"product","link":"https:\/\/subszone.com\/pt\/product\/isosafrole\/","title":{"rendered":"Comprar Isosafrole Online"},"content":{"rendered":"<h2><b>Comprar Isosafrole Online | Isosafrole de alta pureza para venda a pre\u00e7os competitivos<\/b><\/h2>\n<h3><b>Introdu\u00e7\u00e3o<\/b><\/h3>\n<p><span style=\"font-weight: 400;\">Procurando <\/span><a href=\"https:\/\/subszone.com\/pt\/product\/isosafrole\/\"><b>comprar Isosafrole online<\/b><\/a><span style=\"font-weight: 400;\">? Quer seja um profissional de investiga\u00e7\u00e3o, um perfumista ou um amador qu\u00edmico, \u00e9 fundamental compreender o que est\u00e1 a comprar. O isosafrole \u00e9 um composto org\u00e2nico \u00fanico com aplica\u00e7\u00f5es cient\u00edficas e industriais leg\u00edtimas. No entanto, devido \u00e0 sua natureza sens\u00edvel, \u00e9 tamb\u00e9m uma subst\u00e2ncia fortemente monitorizada. Este guia tem como objetivo educar e informar - <\/span><b>n\u00e3o encorajar a utiliza\u00e7\u00e3o abusiva<\/b><span style=\"font-weight: 400;\"> - garantir que est\u00e1 a fazer escolhas respons\u00e1veis e conformes quando <\/span><b>order Isosafrole online<\/b><span style=\"font-weight: 400;\">.<\/span><\/p>\n<h3><b>O que \u00e9 o Isosafrole?<\/b><\/h3>\n<p><span style=\"font-weight: 400;\">O isosafrol \u00e9 um composto arom\u00e1tico de origem natural, classificado como um fenilpropeno. Encontra-se normalmente nos \u00f3leos essenciais de sassafr\u00e1s e de outras plantas. Aparece como um \u00f3leo amarelo p\u00e1lido e \u00e9 conhecido pela sua fragr\u00e2ncia subtil e picante. Embora tenha utiliza\u00e7\u00f5es comerciais e de investiga\u00e7\u00e3o de nicho, o seu papel potencial como precursor na s\u00edntese de subst\u00e2ncias restritas coloca-o sob uma supervis\u00e3o regulamentar rigorosa em todo o mundo.<\/span><\/p>\n<h2><b>Compreender o Isosafrole<\/b><\/h2>\n<h3><b>Estrutura qu\u00edmica e classifica\u00e7\u00e3o<\/b><\/h3>\n<ul>\n<li style=\"font-weight: 400;\" aria-level=\"1\"><b>F\u00f3rmula qu\u00edmica<\/b><span style=\"font-weight: 400;\">: C<sub>10<\/sub>H<sub>10<\/sub>O<sub>2<\/sub><\/span><span style=\"font-weight: 400;\">\n<p><\/span><\/li>\n<li style=\"font-weight: 400;\" aria-level=\"1\"><b>Peso molecular<\/b><span style=\"font-weight: 400;\">: 162,19 g\/mol<\/span><span style=\"font-weight: 400;\">\n<p><\/span><\/li>\n<li style=\"font-weight: 400;\" aria-level=\"1\"><b>N\u00famero CAS<\/b><span style=\"font-weight: 400;\">: 120-58-1<\/span><span style=\"font-weight: 400;\">\n<p><\/span><\/li>\n<li style=\"font-weight: 400;\" aria-level=\"1\"><span style=\"font-weight: 400;\">Classificado como um derivado de \u00e9ter com um n\u00facleo de metilenodioxifenilo, o isosafrol est\u00e1 estruturalmente relacionado com o safrol e o eugenol.<\/span><span style=\"font-weight: 400;\">\n<p><\/span><\/li>\n<\/ul>\n<h3><b>Aplica\u00e7\u00f5es leg\u00edtimas<\/b><\/h3>\n<p><span style=\"font-weight: 400;\">Apesar da sua notoriedade, o Isosafrole tem utiliza\u00e7\u00f5es legais em:<\/span><\/p>\n<ul>\n<li style=\"font-weight: 400;\" aria-level=\"1\"><b>Produ\u00e7\u00e3o de fragr\u00e2ncias<\/b><span style=\"font-weight: 400;\">: Utilizado como base em compostos arom\u00e1ticos para perfumes e \u00f3leos perfumados.<\/span><span style=\"font-weight: 400;\">\n<p><\/span><\/li>\n<li style=\"font-weight: 400;\" aria-level=\"1\"><b>S\u00edntese org\u00e2nica<\/b><span style=\"font-weight: 400;\">: Serve como precursor no desenvolvimento de corantes, insecticidas e intermedi\u00e1rios de investiga\u00e7\u00e3o.<\/span><span style=\"font-weight: 400;\">\n<p><\/span><\/li>\n<li style=\"font-weight: 400;\" aria-level=\"1\"><b>Laborat\u00f3rios de ensino<\/b><span style=\"font-weight: 400;\">: Ocasionalmente utilizado em experi\u00eancias de qu\u00edmica a n\u00edvel universit\u00e1rio para demonstrar reac\u00e7\u00f5es de oxida\u00e7\u00e3o.<\/span><span style=\"font-weight: 400;\">\n<p><\/span><\/li>\n<\/ul>\n<h3><b>Porque \u00e9 que \u00e9 controlado<\/b><\/h3>\n<p><span style=\"font-weight: 400;\">O isosafrole \u00e9 classificado como <\/span><b>Produto qu\u00edmico precursor da lista I<\/b><span style=\"font-weight: 400;\"> em muitas jurisdi\u00e7\u00f5es. Isto deve-se \u00e0 sua potencial convers\u00e3o em subst\u00e2ncias proibidas, o que a torna uma subst\u00e2ncia de interesse para as ag\u00eancias reguladoras em todo o mundo.<\/span><\/p>\n<h3><b>Din\u00e2mica do mercado em linha<\/b><\/h3>\n<h3><b>Onde comprar Isosafrole online<\/b><\/h3>\n<p><span style=\"font-weight: 400;\">Os utilizadores normalmente procuram Isosafrole em:<\/span><\/p>\n<ul>\n<li style=\"font-weight: 400;\" aria-level=\"1\"><b>Empresas de fornecimento de produtos qu\u00edmicos<\/b><b>\n<p><\/b><\/li>\n<li style=\"font-weight: 400;\" aria-level=\"1\"><b>S\u00edtios Web de reagentes de investiga\u00e7\u00e3o<\/b><b>\n<p><\/b><\/li>\n<li style=\"font-weight: 400;\" aria-level=\"1\"><b>Mercados cinzentos (n\u00e3o regulamentados, n\u00e3o recomendados)<\/b><b>\n<p><\/b><\/li>\n<\/ul>\n<p><span style=\"font-weight: 400;\">Para garantir a conformidade e a seguran\u00e7a, adquira sempre a partir de <\/span><b>fornecedores id\u00f3neos com as devidas certifica\u00e7\u00f5es<\/b><span style=\"font-weight: 400;\">.<\/span><\/p>\n<h3><b>Formatos dispon\u00edveis<\/b><\/h3>\n<ul>\n<li style=\"font-weight: 400;\" aria-level=\"1\"><b>\u00d3leo de isosafrole<\/b><span style=\"font-weight: 400;\"> (mais comum)<\/span><span style=\"font-weight: 400;\">\n<p><\/span><\/li>\n<li style=\"font-weight: 400;\" aria-level=\"1\"><b>Isosafrole cristalino<\/b><span style=\"font-weight: 400;\"> (menos comum, mais est\u00e1vel em armazenamento a longo prazo)<\/span><span style=\"font-weight: 400;\">\n<p><\/span><\/li>\n<\/ul>\n<h3><b>Tend\u00eancias de pre\u00e7os<\/b><\/h3>\n<p><span style=\"font-weight: 400;\">\u00c0 procura de <\/span><b>pre\u00e7os do Isosafrole barato<\/b><span style=\"font-weight: 400;\">? Embora os pre\u00e7os variem em fun\u00e7\u00e3o da pureza, da regi\u00e3o e das credenciais do fornecedor, espera-se uma gama de:<\/span><\/p>\n<ul>\n<li style=\"font-weight: 400;\" aria-level=\"1\"><b>$100-$300 por 100mL<\/b><span style=\"font-weight: 400;\"> (consoante a pureza e a documenta\u00e7\u00e3o de conformidade)<\/span><span style=\"font-weight: 400;\">\n<p><\/span><\/li>\n<li style=\"font-weight: 400;\" aria-level=\"1\"><span style=\"font-weight: 400;\">Os descontos por volume aplicam-se frequentemente a encomendas em grandes quantidades<\/span><span style=\"font-weight: 400;\">\n<p><\/span><\/li>\n<\/ul>\n<p><span style=\"font-weight: 400;\">A embalagem inclui normalmente frascos \u00e2mbar herm\u00e9ticos para preservar a integridade do composto durante a armazenagem e o transporte.<\/span><\/p>\n<h3><b>Saber antes de encomendar<\/b><\/h3>\n<p><span style=\"font-weight: 400;\">Antes de <\/span><a href=\"https:\/\/en.wikipedia.org\/wiki\/Isosafrole\"><b>order Isosafrole online<\/b><\/a><span style=\"font-weight: 400;\">Verifique com as autoridades locais de seguran\u00e7a qu\u00edmica. A conformidade n\u00e3o \u00e9 opcional - \u00e9 essencial.<\/span><\/p>\n<h3><b>Conclus\u00e3o: Uma compra informada \u00e9 uma compra respons\u00e1vel<\/b><\/h3>\n<p><span style=\"font-weight: 400;\">O isosafrol \u00e9 um composto quimicamente fascinante com aplica\u00e7\u00f5es de nicho mas valiosas. Quer seja um investigador ou um formulador de fragr\u00e2ncias, saber onde e como <\/span><b>comprar Isosafrole online<\/b><span style=\"font-weight: 400;\"> com seguran\u00e7a \u00e9 crucial. D\u00ea sempre prioridade \u00e0 conformidade legal, \u00e0 pureza do produto e \u00e0 transpar\u00eancia do fornecedor. O <\/span><b>melhor s\u00edtio para comprar Isosafrole<\/b><span style=\"font-weight: 400;\"> \u00e9 aquele que cumpre todas as normas regulamentares e fornece a documenta\u00e7\u00e3o adequada para uma utiliza\u00e7\u00e3o leg\u00edtima.<\/span><\/p>","protected":false},"excerpt":{"rendered":"<p>O isosafrol \u00e9 um composto org\u00e2nico conhecido pelas suas propriedades arom\u00e1ticas e \u00e9 utilizado principalmente na ind\u00fastria das fragr\u00e2ncias. Aqui est\u00e1 uma vis\u00e3o geral das suas propriedades, utiliza\u00e7\u00f5es, considera\u00e7\u00f5es de seguran\u00e7a e aspectos regulamentares.<\/p>\n<p><strong>F\u00f3rmula Linear: C24H16F12<\/strong><br \/>\n<strong>N.\u00ba CAS:1023543-40-9<\/strong><br \/>\n<strong>Peso molecular:532.376<\/strong><\/p>","protected":false},"featured_media":1413,"comment_status":"open","ping_status":"closed","template":"","meta":{"_kadence_starter_templates_imported_post":false,"_kad_post_transparent":"default","_kad_post_title":"","_kad_post_layout":"default","_kad_post_sidebar_id":"","_kad_post_content_style":"default","_kad_post_vertical_padding":"default","_kad_post_feature":"","_kad_post_feature_position":"","_kad_post_header":false,"_kad_post_footer":false,"_joinchat":[]},"product_brand":[],"product_cat":[83],"product_tag":[1220,1217,1233,1221,1219,1228,1230,1225,1229,1223,1232,1227,1218,1226,1224,1222,1236,1234,1216,315,316,1235,317,318,319,320,1231,321],"class_list":{"0":"post-1199","1":"product","2":"type-product","3":"status-publish","4":"has-post-thumbnail","6":"product_cat-pharmaceutical-and-medical-uses","7":"product_tag-bulk-isosafrole-supplier","8":"product_tag-buy-isosafrole","9":"product_tag-commercial-isosafrole-supply","10":"product_tag-high-purity-isosafrole","11":"product_tag-industrial-isosafrole-supply","12":"product_tag-isosafrole-as-aroma-compound","13":"product_tag-isosafrole-distributor","14":"product_tag-isosafrole-for-chemical-synthesis","15":"product_tag-isosafrole-for-cosmetics-manufacturing","16":"product_tag-isosafrole-for-fragrance-manufacturing","17":"product_tag-isosafrole-for-industrial-applications","18":"product_tag-isosafrole-for-laboratory-use","19":"product_tag-isosafrole-for-sale","20":"product_tag-isosafrole-in-essential-oils","21":"product_tag-isosafrole-in-flavoring-industry","22":"product_tag-isosafrole-price-and-availability","23":"product_tag-isosafrole-procurement","24":"product_tag-isosafrole-safety-and-compliance","25":"product_tag-isosafrole-supplier","26":"product_tag-isosafrole-synthesis-from-piperonal","27":"product_tag-pure-sassafras-oil-for-sale","28":"product_tag-reliable-isosafrole-supplier","29":"product_tag-sassafras-essential-oil-for-sale","30":"product_tag-sassafras-oil-buy-online","31":"product_tag-sassafras-oil-for-sale","32":"product_tag-sassafras-oil-price","33":"product_tag-where-to-buy-isosafrole","34":"product_tag-where-to-buy-sassafras-oil","36":"first","37":"instock","38":"shipping-taxable","39":"product-type-simple","40":"entry","41":"content-bg","42":"loop-entry"},"yoast_head":"<!-- This site is optimized with the Yoast SEO plugin v25.6 - https:\/\/yoast.com\/wordpress\/plugins\/seo\/ -->\n<title>Industrial Isosafrole for Sale - Buy Isosafrole Online<\/title>\n<meta name=\"description\" content=\"You can now get industrial Isosafrole for sale from our top best store streetchemx. Our staff will assist you to buy Isosafrole online at the best prices. Order Isosafrole online today with worldwide shipping!\" \/>\n<meta name=\"robots\" content=\"index, follow, max-snippet:-1, max-image-preview:large, max-video-preview:-1\" \/>\n<link rel=\"canonical\" href=\"https:\/\/subszone.com\/pt\/product\/isosafrole\/\" \/>\n<meta property=\"og:locale\" content=\"pt_PT\" \/>\n<meta property=\"og:type\" content=\"article\" \/>\n<meta property=\"og:title\" content=\"Industrial Isosafrole for Sale - Buy Isosafrole Online\" \/>\n<meta property=\"og:description\" content=\"You can now get industrial Isosafrole for sale from our top best store streetchemx. Our staff will assist you to buy Isosafrole online at the best prices. Order Isosafrole online today with worldwide shipping!\" \/>\n<meta property=\"og:url\" content=\"https:\/\/subszone.com\/pt\/product\/isosafrole\/\" \/>\n<meta property=\"og:site_name\" content=\"SubsZone\" \/>\n<meta property=\"article:modified_time\" content=\"2025-06-02T12:14:43+00:00\" \/>\n<meta property=\"og:image\" content=\"https:\/\/subszone.com\/wp-content\/uploads\/2024\/10\/Isosafrole-2-2.gif\" \/>\n\t<meta property=\"og:image:width\" content=\"600\" \/>\n\t<meta property=\"og:image:height\" content=\"600\" \/>\n\t<meta property=\"og:image:type\" content=\"image\/gif\" \/>\n<meta name=\"twitter:card\" content=\"summary_large_image\" \/>\n<meta name=\"twitter:label1\" content=\"Tempo estimado de leitura\" \/>\n\t<meta name=\"twitter:data1\" content=\"3 minutos\" \/>\n<script type=\"application\/ld+json\" class=\"yoast-schema-graph\">{\"@context\":\"https:\/\/schema.org\",\"@graph\":[{\"@type\":\"WebPage\",\"@id\":\"https:\/\/subszone.com\/product\/isosafrole\/\",\"url\":\"https:\/\/subszone.com\/product\/isosafrole\/\",\"name\":\"Industrial Isosafrole for Sale - Buy Isosafrole Online\",\"isPartOf\":{\"@id\":\"https:\/\/subszone.com\/#website\"},\"primaryImageOfPage\":{\"@id\":\"https:\/\/subszone.com\/product\/isosafrole\/#primaryimage\"},\"image\":{\"@id\":\"https:\/\/subszone.com\/product\/isosafrole\/#primaryimage\"},\"thumbnailUrl\":\"https:\/\/subszone.com\/wp-content\/uploads\/2024\/10\/Isosafrole-2-2.gif\",\"datePublished\":\"2024-10-24T06:11:57+00:00\",\"dateModified\":\"2025-06-02T12:14:43+00:00\",\"description\":\"You can now get industrial Isosafrole for sale from our top best store streetchemx. Our staff will assist you to buy Isosafrole online at the best prices. Order Isosafrole online today with worldwide shipping!\",\"breadcrumb\":{\"@id\":\"https:\/\/subszone.com\/product\/isosafrole\/#breadcrumb\"},\"inLanguage\":\"pt-PT\",\"potentialAction\":[{\"@type\":\"ReadAction\",\"target\":[\"https:\/\/subszone.com\/product\/isosafrole\/\"]}]},{\"@type\":\"ImageObject\",\"inLanguage\":\"pt-PT\",\"@id\":\"https:\/\/subszone.com\/product\/isosafrole\/#primaryimage\",\"url\":\"https:\/\/subszone.com\/wp-content\/uploads\/2024\/10\/Isosafrole-2-2.gif\",\"contentUrl\":\"https:\/\/subszone.com\/wp-content\/uploads\/2024\/10\/Isosafrole-2-2.gif\",\"width\":600,\"height\":600,\"caption\":\"Buy Isosafrole Online\"},{\"@type\":\"BreadcrumbList\",\"@id\":\"https:\/\/subszone.com\/product\/isosafrole\/#breadcrumb\",\"itemListElement\":[{\"@type\":\"ListItem\",\"position\":1,\"name\":\"Home\",\"item\":\"https:\/\/subszone.com\/\"},{\"@type\":\"ListItem\",\"position\":2,\"name\":\"Shop\",\"item\":\"https:\/\/subszone.com\/shop\/\"},{\"@type\":\"ListItem\",\"position\":3,\"name\":\"Buy Isosafrole Online\"}]},{\"@type\":\"WebSite\",\"@id\":\"https:\/\/subszone.com\/#website\",\"url\":\"https:\/\/subszone.com\/\",\"name\":\"SubsZone\",\"description\":\"My WordPress Blog\",\"publisher\":{\"@id\":\"https:\/\/subszone.com\/#organization\"},\"potentialAction\":[{\"@type\":\"SearchAction\",\"target\":{\"@type\":\"EntryPoint\",\"urlTemplate\":\"https:\/\/subszone.com\/?s={search_term_string}\"},\"query-input\":{\"@type\":\"PropertyValueSpecification\",\"valueRequired\":true,\"valueName\":\"search_term_string\"}}],\"inLanguage\":\"pt-PT\"},{\"@type\":\"Organization\",\"@id\":\"https:\/\/subszone.com\/#organization\",\"name\":\"SubsZone\",\"url\":\"https:\/\/subszone.com\/\",\"logo\":{\"@type\":\"ImageObject\",\"inLanguage\":\"pt-PT\",\"@id\":\"https:\/\/subszone.com\/#\/schema\/logo\/image\/\",\"url\":\"https:\/\/subszone.com\/wp-content\/uploads\/2024\/10\/logo.png\",\"contentUrl\":\"https:\/\/subszone.com\/wp-content\/uploads\/2024\/10\/logo.png\",\"width\":193,\"height\":50,\"caption\":\"SubsZone\"},\"image\":{\"@id\":\"https:\/\/subszone.com\/#\/schema\/logo\/image\/\"}}]}<\/script>\n<!-- \/ Yoast SEO plugin. -->","yoast_head_json":{"title":"Isosafrole industrial para venda - Comprar Isosafrole online","description":"Agora voc\u00ea pode obter Isosafrole industrial para venda em nossa melhor loja streetchemx. A nossa equipa ir\u00e1 ajud\u00e1-lo a comprar Isosafrole online ao melhor pre\u00e7o. Encomende Isosafrole online hoje com envio para todo o mundo!","robots":{"index":"index","follow":"follow","max-snippet":"max-snippet:-1","max-image-preview":"max-image-preview:large","max-video-preview":"max-video-preview:-1"},"canonical":"https:\/\/subszone.com\/pt\/product\/isosafrole\/","og_locale":"pt_PT","og_type":"article","og_title":"Industrial Isosafrole for Sale - Buy Isosafrole Online","og_description":"You can now get industrial Isosafrole for sale from our top best store streetchemx. Our staff will assist you to buy Isosafrole online at the best prices. Order Isosafrole online today with worldwide shipping!","og_url":"https:\/\/subszone.com\/pt\/product\/isosafrole\/","og_site_name":"SubsZone","article_modified_time":"2025-06-02T12:14:43+00:00","og_image":[{"width":600,"height":600,"url":"https:\/\/subszone.com\/wp-content\/uploads\/2024\/10\/Isosafrole-2-2.gif","type":"image\/gif"}],"twitter_card":"summary_large_image","twitter_misc":{"Tempo estimado de leitura":"3 minutos"},"schema":{"@context":"https:\/\/schema.org","@graph":[{"@type":"WebPage","@id":"https:\/\/subszone.com\/product\/isosafrole\/","url":"https:\/\/subszone.com\/product\/isosafrole\/","name":"Isosafrole industrial para venda - Comprar Isosafrole online","isPartOf":{"@id":"https:\/\/subszone.com\/#website"},"primaryImageOfPage":{"@id":"https:\/\/subszone.com\/product\/isosafrole\/#primaryimage"},"image":{"@id":"https:\/\/subszone.com\/product\/isosafrole\/#primaryimage"},"thumbnailUrl":"https:\/\/subszone.com\/wp-content\/uploads\/2024\/10\/Isosafrole-2-2.gif","datePublished":"2024-10-24T06:11:57+00:00","dateModified":"2025-06-02T12:14:43+00:00","description":"Agora voc\u00ea pode obter Isosafrole industrial para venda em nossa melhor loja streetchemx. A nossa equipa ir\u00e1 ajud\u00e1-lo a comprar Isosafrole online ao melhor pre\u00e7o. Encomende Isosafrole online hoje com envio para todo o mundo!","breadcrumb":{"@id":"https:\/\/subszone.com\/product\/isosafrole\/#breadcrumb"},"inLanguage":"pt-PT","potentialAction":[{"@type":"ReadAction","target":["https:\/\/subszone.com\/product\/isosafrole\/"]}]},{"@type":"ImageObject","inLanguage":"pt-PT","@id":"https:\/\/subszone.com\/product\/isosafrole\/#primaryimage","url":"https:\/\/subszone.com\/wp-content\/uploads\/2024\/10\/Isosafrole-2-2.gif","contentUrl":"https:\/\/subszone.com\/wp-content\/uploads\/2024\/10\/Isosafrole-2-2.gif","width":600,"height":600,"caption":"Buy Isosafrole Online"},{"@type":"BreadcrumbList","@id":"https:\/\/subszone.com\/product\/isosafrole\/#breadcrumb","itemListElement":[{"@type":"ListItem","position":1,"name":"Home","item":"https:\/\/subszone.com\/"},{"@type":"ListItem","position":2,"name":"Shop","item":"https:\/\/subszone.com\/shop\/"},{"@type":"ListItem","position":3,"name":"Buy Isosafrole Online"}]},{"@type":"WebSite","@id":"https:\/\/subszone.com\/#website","url":"https:\/\/subszone.com\/","name":"SubsZona","description":"O meu blogue WordPress","publisher":{"@id":"https:\/\/subszone.com\/#organization"},"potentialAction":[{"@type":"SearchAction","target":{"@type":"EntryPoint","urlTemplate":"https:\/\/subszone.com\/?s={search_term_string}"},"query-input":{"@type":"PropertyValueSpecification","valueRequired":true,"valueName":"search_term_string"}}],"inLanguage":"pt-PT"},{"@type":"Organization","@id":"https:\/\/subszone.com\/#organization","name":"SubsZona","url":"https:\/\/subszone.com\/","logo":{"@type":"ImageObject","inLanguage":"pt-PT","@id":"https:\/\/subszone.com\/#\/schema\/logo\/image\/","url":"https:\/\/subszone.com\/wp-content\/uploads\/2024\/10\/logo.png","contentUrl":"https:\/\/subszone.com\/wp-content\/uploads\/2024\/10\/logo.png","width":193,"height":50,"caption":"SubsZone"},"image":{"@id":"https:\/\/subszone.com\/#\/schema\/logo\/image\/"}}]}},"_links":{"self":[{"href":"https:\/\/subszone.com\/pt\/wp-json\/wp\/v2\/product\/1199","targetHints":{"allow":["GET"]}}],"collection":[{"href":"https:\/\/subszone.com\/pt\/wp-json\/wp\/v2\/product"}],"about":[{"href":"https:\/\/subszone.com\/pt\/wp-json\/wp\/v2\/types\/product"}],"replies":[{"embeddable":true,"href":"https:\/\/subszone.com\/pt\/wp-json\/wp\/v2\/comments?post=1199"}],"wp:featuredmedia":[{"embeddable":true,"href":"https:\/\/subszone.com\/pt\/wp-json\/wp\/v2\/media\/1413"}],"wp:attachment":[{"href":"https:\/\/subszone.com\/pt\/wp-json\/wp\/v2\/media?parent=1199"}],"wp:term":[{"taxonomy":"product_brand","embeddable":true,"href":"https:\/\/subszone.com\/pt\/wp-json\/wp\/v2\/product_brand?post=1199"},{"taxonomy":"product_cat","embeddable":true,"href":"https:\/\/subszone.com\/pt\/wp-json\/wp\/v2\/product_cat?post=1199"},{"taxonomy":"product_tag","embeddable":true,"href":"https:\/\/subszone.com\/pt\/wp-json\/wp\/v2\/product_tag?post=1199"}],"curies":[{"name":"wp","href":"https:\/\/api.w.org\/{rel}","templated":true}]}}