{"id":1201,"date":"2024-10-24T06:13:16","date_gmt":"2024-10-24T06:13:16","guid":{"rendered":"https:\/\/subszone.com\/?post_type=product&#038;p=1201"},"modified":"2025-06-02T12:22:51","modified_gmt":"2025-06-02T12:22:51","slug":"magnesio-em-po","status":"publish","type":"product","link":"https:\/\/subszone.com\/pt\/product\/magnesio-em-po\/","title":{"rendered":"Comprar magn\u00e9sio em p\u00f3 online"},"content":{"rendered":"<h2><b>Melhor lugar para comprar magn\u00e9sio em p\u00f3 online: O que precisa de saber<\/b><\/h2>\n<h3><b>Introdu\u00e7\u00e3o: Comprar magn\u00e9sio em p\u00f3 online com confian\u00e7a<\/b><\/h3>\n<p><span style=\"font-weight: 400;\">Quer seja um qu\u00edmico, um entusiasta do fitness, um investigador ou um comprador industrial, a necessidade de <\/span><a href=\"https:\/\/subszone.com\/pt\/product\/magnesio-em-po\/\"><b>comprar magn\u00e9sio em p\u00f3 online<\/b><\/a><span style=\"font-weight: 400;\"> est\u00e1 a crescer. Com o aumento da procura em v\u00e1rios sectores, a procura de produtos de alta qualidade, acess\u00edveis e fi\u00e1veis <\/span><b>p\u00f3 de magn\u00e9sio para venda<\/b><span style=\"font-weight: 400;\"> tornou-se mais importante do que nunca. Mas com tantos fornecedores, como \u00e9 que sabe por onde come\u00e7ar? Este guia foi concebido para o ajudar a fazer uma compra informada e confiante - ao <\/span><b>melhor s\u00edtio para comprar magn\u00e9sio em p\u00f3<\/b><span style=\"font-weight: 400;\">sem comprometer a qualidade ou a seguran\u00e7a.<\/span><\/p>\n<h3><b>Compreender o magn\u00e9sio em p\u00f3<\/b><\/h3>\n<p><span style=\"font-weight: 400;\">O p\u00f3 de magn\u00e9sio \u00e9 um p\u00f3 met\u00e1lico fino e leve derivado do magn\u00e9sio - um dos elementos mais essenciais na biologia humana e na qu\u00edmica industrial. Est\u00e1 dispon\u00edvel em v\u00e1rias formas qu\u00edmicas e purezas, cada uma delas adequada a utiliza\u00e7\u00f5es espec\u00edficas.<\/span><\/p>\n<h4><b>Formas comuns de magn\u00e9sio em p\u00f3:<\/b><\/h4>\n<ul>\n<li style=\"font-weight: 400;\" aria-level=\"1\"><b>\u00d3xido de magn\u00e9sio (MgO):<\/b><span style=\"font-weight: 400;\"> Amplamente utilizado em suplementos, agricultura e cer\u00e2mica.<\/span><\/li>\n<li style=\"font-weight: 400;\" aria-level=\"1\"><b>Citrato de magn\u00e9sio:<\/b><span style=\"font-weight: 400;\"> Comum nos sectores da sa\u00fade e do bem-estar, especialmente para a sa\u00fade digestiva.<\/span><\/li>\n<li style=\"font-weight: 400;\" aria-level=\"1\"><b>Magn\u00e9sio elementar em p\u00f3:<\/b><span style=\"font-weight: 400;\"> Utilizado em pirotecnia, metalurgia e experi\u00eancias laboratoriais devido \u00e0 sua natureza reactiva.<\/span><\/li>\n<li style=\"font-weight: 400;\" aria-level=\"1\"><b>Cloreto de magn\u00e9sio e sulfato de magn\u00e9sio:<\/b><span style=\"font-weight: 400;\"> Formas mais sol\u00faveis para utiliza\u00e7\u00f5es t\u00f3picas e industriais.<\/span><\/li>\n<\/ul>\n<p><span style=\"font-weight: 400;\">Antes de <\/span><b>order magnesium powder online<\/b><span style=\"font-weight: 400;\">\u00c9 crucial identificar o tipo exato que se adequa \u00e0 aplica\u00e7\u00e3o pretendida.<\/span><\/p>\n<h3><b>Porqu\u00ea comprar magn\u00e9sio em p\u00f3 online?<\/b><\/h3>\n<p><span style=\"font-weight: 400;\">A compra de magn\u00e9sio em p\u00f3 online oferece v\u00e1rias vantagens distintas:<\/span><\/p>\n<ul>\n<li style=\"font-weight: 400;\" aria-level=\"1\"><b>Conveni\u00eancia<\/b><span style=\"font-weight: 400;\"> - Entrega r\u00e1pida \u00e0 sua porta sem necessidade de desloca\u00e7\u00f5es a lojas f\u00edsicas<\/span><\/li>\n<li style=\"font-weight: 400;\" aria-level=\"1\"><b>Sele\u00e7\u00e3o mais ampla<\/b><span style=\"font-weight: 400;\"> - Acesso a v\u00e1rios graus, desde o grau alimentar ao industrial<\/span><\/li>\n<li style=\"font-weight: 400;\" aria-level=\"1\"><b>Pre\u00e7os competitivos<\/b><span style=\"font-weight: 400;\"> - Mais f\u00e1cil de encontrar <\/span><b>pre\u00e7os baratos de magn\u00e9sio em p\u00f3<\/b><span style=\"font-weight: 400;\"> sem sacrificar a qualidade<\/span><\/li>\n<li style=\"font-weight: 400;\" aria-level=\"1\"><b>Op\u00e7\u00f5es de encomenda em massa<\/b><span style=\"font-weight: 400;\"> - Ideal para laborat\u00f3rios, fabrico ou formula\u00e7\u00e3o de suplementos<\/span><\/li>\n<li style=\"font-weight: 400;\" aria-level=\"1\"><b>Acesso \u00e0 documenta\u00e7\u00e3o<\/b><span style=\"font-weight: 400;\"> - Os fornecedores de renome fornecem COAs, SDS e certifica\u00e7\u00f5es de pureza<\/span><\/li>\n<\/ul>\n<p><span style=\"font-weight: 400;\">Com apenas alguns cliques, pode comparar pre\u00e7os, consultar cr\u00edticas e <\/span><b>order magnesium powder online<\/b><span style=\"font-weight: 400;\"> que corresponda \u00e0s suas necessidades espec\u00edficas.<\/span><\/p>\n<h3><b>Compara\u00e7\u00e3o de retalhistas online: Quem oferece a melhor qualidade?<\/b><\/h3>\n<p><span style=\"font-weight: 400;\">Quando se trata de <\/span><a href=\"https:\/\/en.wikipedia.org\/wiki\/Magnesium\"><b>p\u00f3 de magn\u00e9sio para venda<\/b><\/a><span style=\"font-weight: 400;\">No entanto, nem todos os retalhistas em linha s\u00e3o iguais. Eis alguns factores a avaliar antes de efetuar a sua compra:<\/span><\/p>\n<table>\n<tbody>\n<tr>\n<td><b>Carater\u00edstica<\/b><\/td>\n<td><b>O que procurar<\/b><\/td>\n<\/tr>\n<tr>\n<td><b>Pureza e grau<\/b><\/td>\n<td><span style=\"font-weight: 400;\">Qualidade alimentar, qualidade de laborat\u00f3rio ou qualidade industrial<\/span><\/td>\n<\/tr>\n<tr>\n<td><b>Transpar\u00eancia dos fornecedores<\/b><\/td>\n<td><span style=\"font-weight: 400;\">COA, MSDS, resultados de testes laboratoriais<\/span><\/td>\n<\/tr>\n<tr>\n<td><b>Coment\u00e1rios de clientes<\/b><\/td>\n<td><span style=\"font-weight: 400;\">Compradores verificados, feedback claro<\/span><\/td>\n<\/tr>\n<tr>\n<td><b>Embalagem e armazenamento<\/b><\/td>\n<td><span style=\"font-weight: 400;\">Recipientes selados e \u00e0 prova de humidade<\/span><\/td>\n<\/tr>\n<tr>\n<td><b>Pol\u00edticas de envio<\/b><\/td>\n<td><span style=\"font-weight: 400;\">R\u00e1pido, rastre\u00e1vel e em conformidade com os regulamentos<\/span><\/td>\n<\/tr>\n<\/tbody>\n<\/table>\n<p><span style=\"font-weight: 400;\">\u00a0<\/span><\/p>\n<p><span style=\"font-weight: 400;\">As principais plataformas incluem lojas de produtos qu\u00edmicos, s\u00edtios especializados em nutri\u00e7\u00e3o e vendedores de equipamento de laborat\u00f3rio. Opte sempre por vendedores que d\u00eaem \u00eanfase a <\/span><b>garantia de qualidade e conformidade<\/b><span style=\"font-weight: 400;\">.<\/span><\/p>\n<h3><b>Como identificar o magn\u00e9sio em p\u00f3 barato e de alta qualidade<\/b><\/h3>\n<p><span style=\"font-weight: 400;\">\u00c0 procura de um <\/span><b>pre\u00e7o do magn\u00e9sio em p\u00f3 barato<\/b><span style=\"font-weight: 400;\"> sem comprometer o desempenho? Eis como encontrar uma boa rela\u00e7\u00e3o qualidade\/pre\u00e7o:<\/span><\/p>\n<ul>\n<li style=\"font-weight: 400;\" aria-level=\"1\"><b>Verificar os n\u00edveis de pureza<\/b><span style=\"font-weight: 400;\"> - Tudo o que for superior a 98% \u00e9 considerado de alta qualidade para a maioria das utiliza\u00e7\u00f5es.<\/span><\/li>\n<li style=\"font-weight: 400;\" aria-level=\"1\"><b>Comprar a granel<\/b><span style=\"font-weight: 400;\"> - Quantidades maiores reduzem frequentemente o custo por grama.<\/span><\/li>\n<li style=\"font-weight: 400;\" aria-level=\"1\"><b>Ler o r\u00f3tulo<\/b><span style=\"font-weight: 400;\"> - Procure informa\u00e7\u00f5es claras e pormenorizadas sobre os ingredientes e o fabrico.<\/span><\/li>\n<li style=\"font-weight: 400;\" aria-level=\"1\"><b>Evitar mercados desconhecidos<\/b><span style=\"font-weight: 400;\"> - Os vendedores do mercado cinzento n\u00e3o disp\u00f5em frequentemente de testes ou garantias dos produtos.<\/span><\/li>\n<li style=\"font-weight: 400;\" aria-level=\"1\"><b>Procurar certifica\u00e7\u00f5es<\/b><span style=\"font-weight: 400;\"> - As normas USP, ISO ou de seguran\u00e7a alimentar podem ser um sinal de legitimidade.<\/span><\/li>\n<\/ul>\n<p><span style=\"font-weight: 400;\">Dica profissional: O <\/span><b>melhor s\u00edtio para comprar magn\u00e9sio em p\u00f3<\/b><span style=\"font-weight: 400;\"> \u00e9 onde <\/span><b>o pre\u00e7o encontra a prova<\/b><span style=\"font-weight: 400;\"> - a transpar\u00eancia, o apoio ao cliente e a verifica\u00e7\u00e3o laboratorial s\u00e3o muito importantes.<\/span><\/p>\n<h3><b>Considera\u00e7\u00f5es finais: Fa\u00e7a hoje uma compra informada<\/b><\/h3>\n<p><span style=\"font-weight: 400;\">O p\u00f3 de magn\u00e9sio \u00e9 um produto vers\u00e1til e muito procurado, com utiliza\u00e7\u00f5es que v\u00e3o desde o bem-estar \u00e0 ind\u00fastria. Com muitos formatos e graus dispon\u00edveis, \u00e9 crucial escolher um fornecedor que compreenda a import\u00e2ncia de <\/span><b>pureza, seguran\u00e7a e valor<\/b><span style=\"font-weight: 400;\">. Ao seguir este guia, pode <\/span><b>order magnesium powder online<\/b><span style=\"font-weight: 400;\"> com confian\u00e7a, sabendo exatamente o que procurar.<\/span><\/p>\n<p data-start=\"325\" data-end=\"395\"><span style=\"font-weight: 400;\">Pronto para fazer a sua compra? Explore fornecedores de confian\u00e7a agora e obtenha as melhores ofertas em <\/span><b>p\u00f3 de magn\u00e9sio para venda<\/b><span style=\"font-weight: 400;\"> - com envio r\u00e1pido, qualidade verificada e pre\u00e7os competitivos.<\/span><\/p>","protected":false},"excerpt":{"rendered":"<p><strong>Sin\u00f3nimo(s): Magn\u00e9sio<\/strong><br \/>\n<strong>F\u00f3rmula emp\u00edrica (Nota\u00e7\u00e3o de Hill): Mg<\/strong><br \/>\n<strong>N.\u00ba CAS:7439-95-4<\/strong><br \/>\n<strong>Peso molecular:24.31<\/strong><br \/>\n<strong>N.\u00ba Beilstein:4948473<\/strong><\/p>","protected":false},"featured_media":1208,"comment_status":"open","ping_status":"closed","template":"","meta":{"_kadence_starter_templates_imported_post":false,"_kad_post_transparent":"default","_kad_post_title":"","_kad_post_layout":"default","_kad_post_sidebar_id":"","_kad_post_content_style":"default","_kad_post_vertical_padding":"default","_kad_post_feature":"","_kad_post_feature_position":"","_kad_post_header":false,"_kad_post_footer":false,"_joinchat":[]},"product_brand":[],"product_cat":[129],"product_tag":[1079,1076,1091,1080,1078,1088,1087,1085,1083,1090,1086,1082,1077,1084,1081,1094,1092,1075,1093,1089],"class_list":{"0":"post-1201","1":"product","2":"type-product","3":"status-publish","4":"has-post-thumbnail","6":"product_cat-metal-processing-and-mining","7":"product_tag-bulk-magnesium-powder-supplier","8":"product_tag-buy-magnesium-powder","9":"product_tag-commercial-magnesium-powder-supply","10":"product_tag-high-purity-magnesium-powder","11":"product_tag-industrial-magnesium-powder-supply","12":"product_tag-magnesium-powder-distributor","13":"product_tag-magnesium-powder-for-automotive-industry","14":"product_tag-magnesium-powder-for-chemical-manufacturing","15":"product_tag-magnesium-powder-for-fireworks","16":"product_tag-magnesium-powder-for-industrial-applications","17":"product_tag-magnesium-powder-for-laboratory-use","18":"product_tag-magnesium-powder-for-pyrotechnics","19":"product_tag-magnesium-powder-for-sale","20":"product_tag-magnesium-powder-in-metal-alloys","21":"product_tag-magnesium-powder-price-and-availability","22":"product_tag-magnesium-powder-procurement","23":"product_tag-magnesium-powder-safety-and-compliance","24":"product_tag-magnesium-powder-supplier","25":"product_tag-reliable-magnesium-powder-supplier","26":"product_tag-where-to-buy-magnesium-powder","28":"first","29":"instock","30":"shipping-taxable","31":"product-type-simple","32":"entry","33":"content-bg","34":"loop-entry"},"yoast_head":"<!-- This site is optimized with the Yoast SEO plugin v25.6 - https:\/\/yoast.com\/wordpress\/plugins\/seo\/ -->\n<title>Buy Magnesium Powder Online - Magnesium Powder for Sale<\/title>\n<meta name=\"description\" content=\"If you have not tried magnesium powder from our store, then you are missing a lot. We will help you buy magnesium powder online at cheap rates. Get magnesium powder for sale today!\" \/>\n<meta name=\"robots\" content=\"index, follow, max-snippet:-1, max-image-preview:large, max-video-preview:-1\" \/>\n<link rel=\"canonical\" href=\"https:\/\/subszone.com\/pt\/product\/magnesio-em-po\/\" \/>\n<meta property=\"og:locale\" content=\"pt_PT\" \/>\n<meta property=\"og:type\" content=\"article\" \/>\n<meta property=\"og:title\" content=\"Buy Magnesium Powder Online - Magnesium Powder for Sale\" \/>\n<meta property=\"og:description\" content=\"If you have not tried magnesium powder from our store, then you are missing a lot. We will help you buy magnesium powder online at cheap rates. Get magnesium powder for sale today!\" \/>\n<meta property=\"og:url\" content=\"https:\/\/subszone.com\/pt\/product\/magnesio-em-po\/\" \/>\n<meta property=\"og:site_name\" content=\"SubsZone\" \/>\n<meta property=\"article:modified_time\" content=\"2025-06-02T12:22:51+00:00\" \/>\n<meta property=\"og:image\" content=\"https:\/\/subszone.com\/wp-content\/uploads\/2024\/10\/Magnesium.gif\" \/>\n\t<meta property=\"og:image:width\" content=\"600\" \/>\n\t<meta property=\"og:image:height\" content=\"600\" \/>\n\t<meta property=\"og:image:type\" content=\"image\/gif\" \/>\n<meta name=\"twitter:card\" content=\"summary_large_image\" \/>\n<meta name=\"twitter:label1\" content=\"Tempo estimado de leitura\" \/>\n\t<meta name=\"twitter:data1\" content=\"3 minutos\" \/>\n<script type=\"application\/ld+json\" class=\"yoast-schema-graph\">{\"@context\":\"https:\/\/schema.org\",\"@graph\":[{\"@type\":\"WebPage\",\"@id\":\"https:\/\/subszone.com\/product\/magnesium-powder\/\",\"url\":\"https:\/\/subszone.com\/product\/magnesium-powder\/\",\"name\":\"Buy Magnesium Powder Online - Magnesium Powder for Sale\",\"isPartOf\":{\"@id\":\"https:\/\/subszone.com\/#website\"},\"primaryImageOfPage\":{\"@id\":\"https:\/\/subszone.com\/product\/magnesium-powder\/#primaryimage\"},\"image\":{\"@id\":\"https:\/\/subszone.com\/product\/magnesium-powder\/#primaryimage\"},\"thumbnailUrl\":\"https:\/\/subszone.com\/wp-content\/uploads\/2024\/10\/Magnesium.gif\",\"datePublished\":\"2024-10-24T06:13:16+00:00\",\"dateModified\":\"2025-06-02T12:22:51+00:00\",\"description\":\"If you have not tried magnesium powder from our store, then you are missing a lot. We will help you buy magnesium powder online at cheap rates. Get magnesium powder for sale today!\",\"breadcrumb\":{\"@id\":\"https:\/\/subszone.com\/product\/magnesium-powder\/#breadcrumb\"},\"inLanguage\":\"pt-PT\",\"potentialAction\":[{\"@type\":\"ReadAction\",\"target\":[\"https:\/\/subszone.com\/product\/magnesium-powder\/\"]}]},{\"@type\":\"ImageObject\",\"inLanguage\":\"pt-PT\",\"@id\":\"https:\/\/subszone.com\/product\/magnesium-powder\/#primaryimage\",\"url\":\"https:\/\/subszone.com\/wp-content\/uploads\/2024\/10\/Magnesium.gif\",\"contentUrl\":\"https:\/\/subszone.com\/wp-content\/uploads\/2024\/10\/Magnesium.gif\",\"width\":600,\"height\":600,\"caption\":\"Buy Magnesium Powder Online\"},{\"@type\":\"BreadcrumbList\",\"@id\":\"https:\/\/subszone.com\/product\/magnesium-powder\/#breadcrumb\",\"itemListElement\":[{\"@type\":\"ListItem\",\"position\":1,\"name\":\"Home\",\"item\":\"https:\/\/subszone.com\/\"},{\"@type\":\"ListItem\",\"position\":2,\"name\":\"Shop\",\"item\":\"https:\/\/subszone.com\/shop\/\"},{\"@type\":\"ListItem\",\"position\":3,\"name\":\"Buy Magnesium Powder Online\"}]},{\"@type\":\"WebSite\",\"@id\":\"https:\/\/subszone.com\/#website\",\"url\":\"https:\/\/subszone.com\/\",\"name\":\"SubsZone\",\"description\":\"My WordPress Blog\",\"publisher\":{\"@id\":\"https:\/\/subszone.com\/#organization\"},\"potentialAction\":[{\"@type\":\"SearchAction\",\"target\":{\"@type\":\"EntryPoint\",\"urlTemplate\":\"https:\/\/subszone.com\/?s={search_term_string}\"},\"query-input\":{\"@type\":\"PropertyValueSpecification\",\"valueRequired\":true,\"valueName\":\"search_term_string\"}}],\"inLanguage\":\"pt-PT\"},{\"@type\":\"Organization\",\"@id\":\"https:\/\/subszone.com\/#organization\",\"name\":\"SubsZone\",\"url\":\"https:\/\/subszone.com\/\",\"logo\":{\"@type\":\"ImageObject\",\"inLanguage\":\"pt-PT\",\"@id\":\"https:\/\/subszone.com\/#\/schema\/logo\/image\/\",\"url\":\"https:\/\/subszone.com\/wp-content\/uploads\/2024\/10\/logo.png\",\"contentUrl\":\"https:\/\/subszone.com\/wp-content\/uploads\/2024\/10\/logo.png\",\"width\":193,\"height\":50,\"caption\":\"SubsZone\"},\"image\":{\"@id\":\"https:\/\/subszone.com\/#\/schema\/logo\/image\/\"}}]}<\/script>\n<!-- \/ Yoast SEO plugin. -->","yoast_head_json":{"title":"Comprar Magn\u00e9sio em P\u00f3 Online - Magn\u00e9sio em P\u00f3 para Venda","description":"Se ainda n\u00e3o experimentou o p\u00f3 de magn\u00e9sio da nossa loja, ent\u00e3o est\u00e1 a perder muito. N\u00f3s vamos ajud\u00e1-lo a comprar p\u00f3 de magn\u00e9sio online a pre\u00e7os baratos. Obter p\u00f3 de magn\u00e9sio para venda hoje!","robots":{"index":"index","follow":"follow","max-snippet":"max-snippet:-1","max-image-preview":"max-image-preview:large","max-video-preview":"max-video-preview:-1"},"canonical":"https:\/\/subszone.com\/pt\/product\/magnesio-em-po\/","og_locale":"pt_PT","og_type":"article","og_title":"Buy Magnesium Powder Online - Magnesium Powder for Sale","og_description":"If you have not tried magnesium powder from our store, then you are missing a lot. We will help you buy magnesium powder online at cheap rates. Get magnesium powder for sale today!","og_url":"https:\/\/subszone.com\/pt\/product\/magnesio-em-po\/","og_site_name":"SubsZone","article_modified_time":"2025-06-02T12:22:51+00:00","og_image":[{"width":600,"height":600,"url":"https:\/\/subszone.com\/wp-content\/uploads\/2024\/10\/Magnesium.gif","type":"image\/gif"}],"twitter_card":"summary_large_image","twitter_misc":{"Tempo estimado de leitura":"3 minutos"},"schema":{"@context":"https:\/\/schema.org","@graph":[{"@type":"WebPage","@id":"https:\/\/subszone.com\/product\/magnesium-powder\/","url":"https:\/\/subszone.com\/product\/magnesium-powder\/","name":"Comprar Magn\u00e9sio em P\u00f3 Online - Magn\u00e9sio em P\u00f3 para Venda","isPartOf":{"@id":"https:\/\/subszone.com\/#website"},"primaryImageOfPage":{"@id":"https:\/\/subszone.com\/product\/magnesium-powder\/#primaryimage"},"image":{"@id":"https:\/\/subszone.com\/product\/magnesium-powder\/#primaryimage"},"thumbnailUrl":"https:\/\/subszone.com\/wp-content\/uploads\/2024\/10\/Magnesium.gif","datePublished":"2024-10-24T06:13:16+00:00","dateModified":"2025-06-02T12:22:51+00:00","description":"Se ainda n\u00e3o experimentou o p\u00f3 de magn\u00e9sio da nossa loja, ent\u00e3o est\u00e1 a perder muito. N\u00f3s vamos ajud\u00e1-lo a comprar p\u00f3 de magn\u00e9sio online a pre\u00e7os baratos. Obter p\u00f3 de magn\u00e9sio para venda hoje!","breadcrumb":{"@id":"https:\/\/subszone.com\/product\/magnesium-powder\/#breadcrumb"},"inLanguage":"pt-PT","potentialAction":[{"@type":"ReadAction","target":["https:\/\/subszone.com\/product\/magnesium-powder\/"]}]},{"@type":"ImageObject","inLanguage":"pt-PT","@id":"https:\/\/subszone.com\/product\/magnesium-powder\/#primaryimage","url":"https:\/\/subszone.com\/wp-content\/uploads\/2024\/10\/Magnesium.gif","contentUrl":"https:\/\/subszone.com\/wp-content\/uploads\/2024\/10\/Magnesium.gif","width":600,"height":600,"caption":"Buy Magnesium Powder Online"},{"@type":"BreadcrumbList","@id":"https:\/\/subszone.com\/product\/magnesium-powder\/#breadcrumb","itemListElement":[{"@type":"ListItem","position":1,"name":"Home","item":"https:\/\/subszone.com\/"},{"@type":"ListItem","position":2,"name":"Shop","item":"https:\/\/subszone.com\/shop\/"},{"@type":"ListItem","position":3,"name":"Buy Magnesium Powder Online"}]},{"@type":"WebSite","@id":"https:\/\/subszone.com\/#website","url":"https:\/\/subszone.com\/","name":"SubsZona","description":"O meu blogue WordPress","publisher":{"@id":"https:\/\/subszone.com\/#organization"},"potentialAction":[{"@type":"SearchAction","target":{"@type":"EntryPoint","urlTemplate":"https:\/\/subszone.com\/?s={search_term_string}"},"query-input":{"@type":"PropertyValueSpecification","valueRequired":true,"valueName":"search_term_string"}}],"inLanguage":"pt-PT"},{"@type":"Organization","@id":"https:\/\/subszone.com\/#organization","name":"SubsZona","url":"https:\/\/subszone.com\/","logo":{"@type":"ImageObject","inLanguage":"pt-PT","@id":"https:\/\/subszone.com\/#\/schema\/logo\/image\/","url":"https:\/\/subszone.com\/wp-content\/uploads\/2024\/10\/logo.png","contentUrl":"https:\/\/subszone.com\/wp-content\/uploads\/2024\/10\/logo.png","width":193,"height":50,"caption":"SubsZone"},"image":{"@id":"https:\/\/subszone.com\/#\/schema\/logo\/image\/"}}]}},"_links":{"self":[{"href":"https:\/\/subszone.com\/pt\/wp-json\/wp\/v2\/product\/1201","targetHints":{"allow":["GET"]}}],"collection":[{"href":"https:\/\/subszone.com\/pt\/wp-json\/wp\/v2\/product"}],"about":[{"href":"https:\/\/subszone.com\/pt\/wp-json\/wp\/v2\/types\/product"}],"replies":[{"embeddable":true,"href":"https:\/\/subszone.com\/pt\/wp-json\/wp\/v2\/comments?post=1201"}],"wp:featuredmedia":[{"embeddable":true,"href":"https:\/\/subszone.com\/pt\/wp-json\/wp\/v2\/media\/1208"}],"wp:attachment":[{"href":"https:\/\/subszone.com\/pt\/wp-json\/wp\/v2\/media?parent=1201"}],"wp:term":[{"taxonomy":"product_brand","embeddable":true,"href":"https:\/\/subszone.com\/pt\/wp-json\/wp\/v2\/product_brand?post=1201"},{"taxonomy":"product_cat","embeddable":true,"href":"https:\/\/subszone.com\/pt\/wp-json\/wp\/v2\/product_cat?post=1201"},{"taxonomy":"product_tag","embeddable":true,"href":"https:\/\/subszone.com\/pt\/wp-json\/wp\/v2\/product_tag?post=1201"}],"curies":[{"name":"wp","href":"https:\/\/api.w.org\/{rel}","templated":true}]}}