{"id":1216,"date":"2024-10-24T06:26:49","date_gmt":"2024-10-24T06:26:49","guid":{"rendered":"https:\/\/subszone.com\/?post_type=product&#038;p=1216"},"modified":"2025-06-02T12:31:30","modified_gmt":"2025-06-02T12:31:30","slug":"metanol","status":"publish","type":"product","link":"https:\/\/subszone.com\/pt\/product\/metanol\/","title":{"rendered":"Comprar metanol online"},"content":{"rendered":"<h2><b>Comprar metanol online: Tudo o que precisa de saber antes de encomendar<\/b><\/h2>\n<h3><b>Introdu\u00e7\u00e3o<\/b><\/h3>\n<p><span style=\"font-weight: 400;\">Num mundo cada vez mais digital, os profissionais de todos os sectores procuram <\/span><a href=\"https:\/\/en.wikipedia.org\/wiki\/Methanol\"><b>comprar metanol online<\/b><\/a><span style=\"font-weight: 400;\"> para um acesso mais r\u00e1pido, pre\u00e7os competitivos e conveni\u00eancia. Dos laborat\u00f3rios aos produtores de biocombust\u00edveis, o metanol \u00e9 um produto qu\u00edmico essencial em in\u00fameras aplica\u00e7\u00f5es. Mas antes de <\/span><b>order methanol online<\/b><span style=\"font-weight: 400;\">Para saber o que \u00e9, como \u00e9 utilizado e as considera\u00e7\u00f5es legais ou de seguran\u00e7a envolvidas. Este guia abrange tudo o que precisa de saber para efetuar uma compra inteligente, segura e em conformidade.<\/span><\/p>\n<h3><b>Crescente procura de metanol<\/b><\/h3>\n<p><span style=\"font-weight: 400;\">O metanol, tamb\u00e9m conhecido como \u00e1lcool de madeira, \u00e9 um composto qu\u00edmico simples, mas vers\u00e1til, cuja procura industrial e cient\u00edfica continua a aumentar. A sua vasta gama de aplica\u00e7\u00f5es - desde a produ\u00e7\u00e3o de energia at\u00e9 ao fabrico - levou os profissionais a procurar <\/span><b><a href=\"https:\/\/subszone.com\/pt\/product\/metanol\/\">metanol para venda<\/a> em linha<\/b><span style=\"font-weight: 400;\">onde \u00e9 frequentemente mais f\u00e1cil comparar classes, pre\u00e7os e fornecedores.<\/span><\/p>\n<h3><b>Porque \u00e9 que as pessoas procuram comprar metanol online<\/b><\/h3>\n<ul>\n<li style=\"font-weight: 400;\" aria-level=\"1\"><b>Conveni\u00eancia<\/b><span style=\"font-weight: 400;\"> - Acesso imediato a v\u00e1rios fornecedores a partir do seu laborat\u00f3rio ou escrit\u00f3rio<\/span><span style=\"font-weight: 400;\">\n<p><\/span><\/li>\n<li style=\"font-weight: 400;\" aria-level=\"1\"><b>Variedades<\/b><span style=\"font-weight: 400;\"> - Encontrar v\u00e1rios tipos e tamanhos de embalagens num \u00fanico local<\/span><span style=\"font-weight: 400;\">\n<p><\/span><\/li>\n<li style=\"font-weight: 400;\" aria-level=\"1\"><b>Efici\u00eancia de custos<\/b><span style=\"font-weight: 400;\"> - Mais f\u00e1cil de encontrar um <\/span><b>pre\u00e7o do metanol barato<\/b><span style=\"font-weight: 400;\"> ao comparar op\u00e7\u00f5es a granel ou por grosso<\/span><span style=\"font-weight: 400;\">\n<p><\/span><\/li>\n<li style=\"font-weight: 400;\" aria-level=\"1\"><b>Documenta\u00e7\u00e3o<\/b><span style=\"font-weight: 400;\"> - Os vendedores fi\u00e1veis em linha fornecem frequentemente Certificados de An\u00e1lise (COA) e Fichas de Dados de Seguran\u00e7a (FDS)<\/span><span style=\"font-weight: 400;\">\n<p><\/span><\/li>\n<\/ul>\n<p><span style=\"font-weight: 400;\">As compras em linha tamb\u00e9m ajudam a simplificar o aprovisionamento de institui\u00e7\u00f5es de investiga\u00e7\u00e3o, produtores de combust\u00edvel e fabricantes de produtos qu\u00edmicos.<\/span><\/p>\n<h3><b>Aviso de seguran\u00e7a e conformidade<\/b><\/h3>\n<p><span style=\"font-weight: 400;\">Embora o metanol seja amplamente utilizado, \u00e9 tamb\u00e9m <\/span><b>t\u00f3xico e inflam\u00e1vel<\/b><span style=\"font-weight: 400;\">O produto \u00e9 um produto de alta qualidade, que requer armazenamento e manuseamento adequados e cumprimento dos regulamentos locais. Compre sempre a fornecedores verificados e certifique-se de que a sua utiliza\u00e7\u00e3o \u00e9 <\/span><b>legal, seguro e adequado<\/b><span style=\"font-weight: 400;\"> para a aplica\u00e7\u00e3o pretendida.<\/span><\/p>\n<h3><b>O que \u00e9 o metanol?<\/b><\/h3>\n<h4><b>Estrutura qu\u00edmica e propriedades<\/b><\/h4>\n<ul>\n<li style=\"font-weight: 400;\" aria-level=\"1\"><b>F\u00f3rmula:<\/b><span style=\"font-weight: 400;\"> CH\u2083OH<\/span><span style=\"font-weight: 400;\">\n<p><\/span><\/li>\n<li style=\"font-weight: 400;\" aria-level=\"1\"><b>Peso molecular:<\/b><span style=\"font-weight: 400;\"> 32,04 g\/mol<\/span><span style=\"font-weight: 400;\">\n<p><\/span><\/li>\n<li style=\"font-weight: 400;\" aria-level=\"1\"><b>Apar\u00eancia:<\/b><span style=\"font-weight: 400;\"> L\u00edquido l\u00edmpido e incolor com um ligeiro odor a \u00e1lcool<\/span><span style=\"font-weight: 400;\">\n<p><\/span><\/li>\n<li style=\"font-weight: 400;\" aria-level=\"1\"><b>Ponto de ebuli\u00e7\u00e3o:<\/b><span style=\"font-weight: 400;\"> ~64,7\u00b0C (148,5\u00b0F)<\/span><span style=\"font-weight: 400;\">\n<p><\/span><\/li>\n<\/ul>\n<p><span style=\"font-weight: 400;\">O metanol \u00e9 um solvente polar e um \u00e1lcool altamente inflam\u00e1vel, amplamente utilizado na s\u00edntese qu\u00edmica e em aplica\u00e7\u00f5es energ\u00e9ticas.<\/span><\/p>\n<h4><b>Utiliza\u00e7\u00f5es industriais e laboratoriais<\/b><\/h4>\n<ul>\n<li style=\"font-weight: 400;\" aria-level=\"1\"><span style=\"font-weight: 400;\">S\u00edntese org\u00e2nica e reac\u00e7\u00f5es qu\u00edmicas<\/span><span style=\"font-weight: 400;\">\n<p><\/span><\/li>\n<li style=\"font-weight: 400;\" aria-level=\"1\"><span style=\"font-weight: 400;\">Processos de extra\u00e7\u00e3o e sistemas de solventes<\/span><span style=\"font-weight: 400;\">\n<p><\/span><\/li>\n<li style=\"font-weight: 400;\" aria-level=\"1\"><span style=\"font-weight: 400;\">Solu\u00e7\u00f5es anticongelantes e de degelo<\/span><span style=\"font-weight: 400;\">\n<p><\/span><\/li>\n<li style=\"font-weight: 400;\" aria-level=\"1\"><span style=\"font-weight: 400;\">Combust\u00edvel alternativo e mat\u00e9ria-prima para biodiesel<\/span><span style=\"font-weight: 400;\">\n<p><\/span><\/li>\n<\/ul>\n<h4><b>Metanol vs. Etanol<\/b><\/h4>\n<p><span style=\"font-weight: 400;\">Embora ambos sejam \u00e1lcoois, <\/span><b>o metanol \u00e9 t\u00f3xico<\/b><span style=\"font-weight: 400;\"> se ingerido e nunca deve ser confundido com o etanol. O metanol tem uma combust\u00e3o mais limpa, o que o torna popular em combust\u00edveis de corrida e aplica\u00e7\u00f5es industriais, enquanto o etanol \u00e9 amplamente utilizado em bebidas e desinfectantes.<\/span><\/p>\n<h3><b>Utiliza\u00e7\u00f5es comuns do metanol<\/b><\/h3>\n<h4><b>Solvente em laborat\u00f3rios e fabrico<\/b><\/h4>\n<p><span style=\"font-weight: 400;\">O metanol \u00e9 um solvente de elei\u00e7\u00e3o devido \u00e0 sua polaridade e r\u00e1pida taxa de evapora\u00e7\u00e3o, ideal para extrac\u00e7\u00f5es, reac\u00e7\u00f5es e lavagem de material de vidro de laborat\u00f3rio.<\/span><\/p>\n<h4><b>Combust\u00edvel e anticongelante<\/b><\/h4>\n<p><span style=\"font-weight: 400;\">O metanol \u00e9 utilizado em motores de combust\u00e3o interna (frequentemente em corridas), bem como em l\u00edquido de lavagem de para-brisas e agentes de degelo para ve\u00edculos e aeronaves.<\/span><\/p>\n<h4><b>Produ\u00e7\u00e3o de biodiesel<\/b><\/h4>\n<p><span style=\"font-weight: 400;\">Como agente metilante, o metanol desempenha um papel fundamental na <\/span><b>transesterifica\u00e7\u00e3o<\/b><span style=\"font-weight: 400;\">O processo qu\u00edmico que produz biodiesel a partir de gorduras ou \u00f3leos.<\/span><\/p>\n<h4><b>Como escolher o tipo certo<\/b><\/h4>\n<ul>\n<li style=\"font-weight: 400;\" aria-level=\"1\"><span style=\"font-weight: 400;\">Para experi\u00eancias de laborat\u00f3rio, escolha <\/span><b>metanol de qualidade anal\u00edtica ou de reagente<\/b><b>\n<p><\/b><\/li>\n<li style=\"font-weight: 400;\" aria-level=\"1\"><span style=\"font-weight: 400;\">Para fabrico ou limpeza, <\/span><b>grau industrial<\/b><span style=\"font-weight: 400;\"> pode ser adequado<\/span><span style=\"font-weight: 400;\">\n<p><\/span><\/li>\n<li style=\"font-weight: 400;\" aria-level=\"1\"><span style=\"font-weight: 400;\">Para aplica\u00e7\u00f5es de biodiesel ou energia, <\/span><b>metanol para combust\u00edvel<\/b><span style=\"font-weight: 400;\"> \u00e9 a escolha mais econ\u00f3mica<\/span><span style=\"font-weight: 400;\">\n<p><\/span><\/li>\n<\/ul>\n<p><span style=\"font-weight: 400;\">Consulte sempre a documenta\u00e7\u00e3o do seu fornecedor antes de a utilizar.<\/span><\/p>\n<h3><b>Onde comprar metanol online<\/b><\/h3>\n<h4><b>Fornecedores de produtos qu\u00edmicos de confian\u00e7a<\/b><\/h4>\n<p><span style=\"font-weight: 400;\">Plataformas respeit\u00e1veis oferecem metanol com rotulagem, COAs e SDSs adequados. Esses vendedores geralmente exigem verifica\u00e7\u00e3o de neg\u00f3cios e documenta\u00e7\u00e3o legal para pedidos em massa.<\/span><\/p>\n<h4><b>Websites de fornecimento industrial<\/b><\/h4>\n<p><span style=\"font-weight: 400;\">Os fornecedores especializados na distribui\u00e7\u00e3o de combust\u00edveis ou produtos qu\u00edmicos fornecem volumes maiores, adequados para a produ\u00e7\u00e3o de energia, fabrico ou aplica\u00e7\u00f5es de limpeza comercial.<\/span><\/p>\n<p><span style=\"font-weight: 400;\">Evitar os mercados an\u00f3nimos sem transpar\u00eancia - o <\/span><b>melhor s\u00edtio para comprar metanol<\/b><span style=\"font-weight: 400;\"> \u00e9 onde a seguran\u00e7a, a conformidade e a qualidade se encontram.<\/span><\/p>\n<h3><b>Considera\u00e7\u00f5es legais e de seguran\u00e7a<\/b><\/h3>\n<h4><b>Armazenamento, manuseamento e transporte<\/b><\/h4>\n<ul>\n<li style=\"font-weight: 400;\" aria-level=\"1\"><span style=\"font-weight: 400;\">Conservar em recipientes hermeticamente fechados, afastados do calor ou de chamas<\/span><span style=\"font-weight: 400;\">\n<p><\/span><\/li>\n<li style=\"font-weight: 400;\" aria-level=\"1\"><span style=\"font-weight: 400;\">Utilizar em \u00e1reas bem ventiladas<\/span><span style=\"font-weight: 400;\">\n<p><\/span><\/li>\n<li style=\"font-weight: 400;\" aria-level=\"1\"><span style=\"font-weight: 400;\">Cumprir com <\/span><b>regulamentos relativos ao transporte de l\u00edquidos inflam\u00e1veis<\/b><span style=\"font-weight: 400;\"> (UN1230)<\/span><span style=\"font-weight: 400;\">\n<p><\/span><\/li>\n<\/ul>\n<h3><b>Conclus\u00e3o: Comprar com intelig\u00eancia, comprar com seguran\u00e7a<\/b><\/h3>\n<p><span style=\"font-weight: 400;\">O metanol \u00e9 um produto qu\u00edmico indispens\u00e1vel em v\u00e1rias ind\u00fastrias - mas a sua compra e utiliza\u00e7\u00e3o implicam responsabilidades. Se estiver pronto para <\/span><b>order methanol online<\/b><span style=\"font-weight: 400;\">, certifique-se de que est\u00e1 a abastecer-se junto de um <\/span><b>fornecedor respeit\u00e1vel e conforme<\/b><span style=\"font-weight: 400;\"> que oferece classifica\u00e7\u00f5es verificadas, documenta\u00e7\u00e3o transparente e um servi\u00e7o de apoio ao cliente reativo.<\/span><\/p>\n<p><span style=\"font-weight: 400;\">Quer esteja \u00e0 procura de <\/span><b>metanol de qualidade laboratorial para investiga\u00e7\u00e3o<\/b><span style=\"font-weight: 400;\">, <\/span><b>grau de combust\u00edvel para biodiesel<\/b><span style=\"font-weight: 400;\">, ou <\/span><b>de qualidade industrial para limpeza<\/b><span style=\"font-weight: 400;\">, o <\/span><b>melhor s\u00edtio para comprar metanol online<\/b><span style=\"font-weight: 400;\"> \u00e9 onde a seguran\u00e7a, a qualidade e o valor se alinham.<\/span><\/p>","protected":false},"excerpt":{"rendered":"<p>O metanol, tamb\u00e9m conhecido como \u00e1lcool de madeira, \u00e9 um l\u00edquido incolor, inflam\u00e1vel e com um odor ligeiramente adocicado. \u00c9 amplamente utilizado em v\u00e1rias aplica\u00e7\u00f5es industriais e tem implica\u00e7\u00f5es importantes para a seguran\u00e7a e a sa\u00fade. Aqui est\u00e1 uma vis\u00e3o abrangente do metanol, incluindo as suas propriedades, utiliza\u00e7\u00f5es, considera\u00e7\u00f5es de seguran\u00e7a e aspectos regulamentares.<\/p>\n<p><strong>Sin\u00f3nimo(s): Metanol, \u00c1lcool met\u00edlico<\/strong><br \/>\n<strong>F\u00f3rmula Linear: CH3OH<\/strong><br \/>\n<strong>N.\u00ba CAS:67-56-1<\/strong><br \/>\n<strong>Peso molecular:32.04<\/strong><br \/>\n<strong>N.\u00ba Beilstein:1098229<\/strong><\/p>","protected":false},"featured_media":1409,"comment_status":"open","ping_status":"closed","template":"","meta":{"_kadence_starter_templates_imported_post":false,"_kad_post_transparent":"default","_kad_post_title":"","_kad_post_layout":"default","_kad_post_sidebar_id":"","_kad_post_content_style":"default","_kad_post_vertical_padding":"default","_kad_post_feature":"","_kad_post_feature_position":"","_kad_post_header":false,"_kad_post_footer":false,"_joinchat":[]},"product_brand":[],"product_cat":[322],"product_tag":[1019,1016,1031,1020,1018,1028,1024,1022,1030,1026,1027,1017,1023,1025,1021,1034,1032,1015,1033,1029],"class_list":{"0":"post-1216","1":"product","2":"type-product","3":"status-publish","4":"has-post-thumbnail","6":"product_cat-fuels-and-energy-production","7":"product_tag-bulk-methanol-supplier","8":"product_tag-buy-methanol","9":"product_tag-commercial-methanol-supply","10":"product_tag-high-purity-methanol","11":"product_tag-industrial-methanol-supply","12":"product_tag-methanol-distributor","13":"product_tag-methanol-for-biodiesel-production","14":"product_tag-methanol-for-chemical-manufacturing","15":"product_tag-methanol-for-industrial-applications","16":"product_tag-methanol-for-laboratory-use","17":"product_tag-methanol-for-pharmaceutical-applications","18":"product_tag-methanol-for-sale","19":"product_tag-methanol-in-fuel-production","20":"product_tag-methanol-in-solvent-applications","21":"product_tag-methanol-price-and-availability","22":"product_tag-methanol-procurement","23":"product_tag-methanol-safety-and-compliance","24":"product_tag-methanol-supplier","25":"product_tag-reliable-methanol-supplier","26":"product_tag-where-to-buy-methanol","28":"first","29":"instock","30":"shipping-taxable","31":"product-type-simple","32":"entry","33":"content-bg","34":"loop-entry"},"yoast_head":"<!-- This site is optimized with the Yoast SEO plugin v25.6 - https:\/\/yoast.com\/wordpress\/plugins\/seo\/ -->\n<title>Buy Methanol Online - Methanol Industrial for Sale | Subszone<\/title>\n<meta name=\"description\" content=\"Do not miss any opportunity to buy industrial methanol online from our store. We are exclusively dealing with methanol for sale at cheap rates. We are here to help you. Order now!\" \/>\n<meta name=\"robots\" content=\"index, follow, max-snippet:-1, max-image-preview:large, max-video-preview:-1\" \/>\n<link rel=\"canonical\" href=\"https:\/\/subszone.com\/pt\/product\/metanol\/\" \/>\n<meta property=\"og:locale\" content=\"pt_PT\" \/>\n<meta property=\"og:type\" content=\"article\" \/>\n<meta property=\"og:title\" content=\"Buy Methanol Online - Methanol Industrial for Sale | Subszone\" \/>\n<meta property=\"og:description\" content=\"Do not miss any opportunity to buy industrial methanol online from our store. We are exclusively dealing with methanol for sale at cheap rates. We are here to help you. Order now!\" \/>\n<meta property=\"og:url\" content=\"https:\/\/subszone.com\/pt\/product\/metanol\/\" \/>\n<meta property=\"og:site_name\" content=\"SubsZone\" \/>\n<meta property=\"article:modified_time\" content=\"2025-06-02T12:31:30+00:00\" \/>\n<meta property=\"og:image\" content=\"https:\/\/subszone.com\/wp-content\/uploads\/2024\/10\/Methanol-2-1.gif\" \/>\n\t<meta property=\"og:image:width\" content=\"600\" \/>\n\t<meta property=\"og:image:height\" content=\"600\" \/>\n\t<meta property=\"og:image:type\" content=\"image\/gif\" \/>\n<meta name=\"twitter:card\" content=\"summary_large_image\" \/>\n<meta name=\"twitter:label1\" content=\"Tempo estimado de leitura\" \/>\n\t<meta name=\"twitter:data1\" content=\"4 minutos\" \/>\n<script type=\"application\/ld+json\" class=\"yoast-schema-graph\">{\"@context\":\"https:\/\/schema.org\",\"@graph\":[{\"@type\":\"WebPage\",\"@id\":\"https:\/\/subszone.com\/product\/methanol\/\",\"url\":\"https:\/\/subszone.com\/product\/methanol\/\",\"name\":\"Buy Methanol Online - Methanol Industrial for Sale | Subszone\",\"isPartOf\":{\"@id\":\"https:\/\/subszone.com\/#website\"},\"primaryImageOfPage\":{\"@id\":\"https:\/\/subszone.com\/product\/methanol\/#primaryimage\"},\"image\":{\"@id\":\"https:\/\/subszone.com\/product\/methanol\/#primaryimage\"},\"thumbnailUrl\":\"https:\/\/subszone.com\/wp-content\/uploads\/2024\/10\/Methanol-2-1.gif\",\"datePublished\":\"2024-10-24T06:26:49+00:00\",\"dateModified\":\"2025-06-02T12:31:30+00:00\",\"description\":\"Do not miss any opportunity to buy industrial methanol online from our store. We are exclusively dealing with methanol for sale at cheap rates. We are here to help you. Order now!\",\"breadcrumb\":{\"@id\":\"https:\/\/subszone.com\/product\/methanol\/#breadcrumb\"},\"inLanguage\":\"pt-PT\",\"potentialAction\":[{\"@type\":\"ReadAction\",\"target\":[\"https:\/\/subszone.com\/product\/methanol\/\"]}]},{\"@type\":\"ImageObject\",\"inLanguage\":\"pt-PT\",\"@id\":\"https:\/\/subszone.com\/product\/methanol\/#primaryimage\",\"url\":\"https:\/\/subszone.com\/wp-content\/uploads\/2024\/10\/Methanol-2-1.gif\",\"contentUrl\":\"https:\/\/subszone.com\/wp-content\/uploads\/2024\/10\/Methanol-2-1.gif\",\"width\":600,\"height\":600,\"caption\":\"Buy Methanol Online\"},{\"@type\":\"BreadcrumbList\",\"@id\":\"https:\/\/subszone.com\/product\/methanol\/#breadcrumb\",\"itemListElement\":[{\"@type\":\"ListItem\",\"position\":1,\"name\":\"Home\",\"item\":\"https:\/\/subszone.com\/\"},{\"@type\":\"ListItem\",\"position\":2,\"name\":\"Shop\",\"item\":\"https:\/\/subszone.com\/shop\/\"},{\"@type\":\"ListItem\",\"position\":3,\"name\":\"Buy Methanol Online\"}]},{\"@type\":\"WebSite\",\"@id\":\"https:\/\/subszone.com\/#website\",\"url\":\"https:\/\/subszone.com\/\",\"name\":\"SubsZone\",\"description\":\"My WordPress Blog\",\"publisher\":{\"@id\":\"https:\/\/subszone.com\/#organization\"},\"potentialAction\":[{\"@type\":\"SearchAction\",\"target\":{\"@type\":\"EntryPoint\",\"urlTemplate\":\"https:\/\/subszone.com\/?s={search_term_string}\"},\"query-input\":{\"@type\":\"PropertyValueSpecification\",\"valueRequired\":true,\"valueName\":\"search_term_string\"}}],\"inLanguage\":\"pt-PT\"},{\"@type\":\"Organization\",\"@id\":\"https:\/\/subszone.com\/#organization\",\"name\":\"SubsZone\",\"url\":\"https:\/\/subszone.com\/\",\"logo\":{\"@type\":\"ImageObject\",\"inLanguage\":\"pt-PT\",\"@id\":\"https:\/\/subszone.com\/#\/schema\/logo\/image\/\",\"url\":\"https:\/\/subszone.com\/wp-content\/uploads\/2024\/10\/logo.png\",\"contentUrl\":\"https:\/\/subszone.com\/wp-content\/uploads\/2024\/10\/logo.png\",\"width\":193,\"height\":50,\"caption\":\"SubsZone\"},\"image\":{\"@id\":\"https:\/\/subszone.com\/#\/schema\/logo\/image\/\"}}]}<\/script>\n<!-- \/ Yoast SEO plugin. -->","yoast_head_json":{"title":"Comprar Metanol Online - Metanol Industrial para Venda | Subszone","description":"N\u00e3o perca a oportunidade de comprar metanol industrial online na nossa loja. Estamos a lidar exclusivamente com metanol para venda a pre\u00e7os baratos. Estamos aqui para o ajudar. Encomendar agora!","robots":{"index":"index","follow":"follow","max-snippet":"max-snippet:-1","max-image-preview":"max-image-preview:large","max-video-preview":"max-video-preview:-1"},"canonical":"https:\/\/subszone.com\/pt\/product\/metanol\/","og_locale":"pt_PT","og_type":"article","og_title":"Buy Methanol Online - Methanol Industrial for Sale | Subszone","og_description":"Do not miss any opportunity to buy industrial methanol online from our store. We are exclusively dealing with methanol for sale at cheap rates. We are here to help you. Order now!","og_url":"https:\/\/subszone.com\/pt\/product\/metanol\/","og_site_name":"SubsZone","article_modified_time":"2025-06-02T12:31:30+00:00","og_image":[{"width":600,"height":600,"url":"https:\/\/subszone.com\/wp-content\/uploads\/2024\/10\/Methanol-2-1.gif","type":"image\/gif"}],"twitter_card":"summary_large_image","twitter_misc":{"Tempo estimado de leitura":"4 minutos"},"schema":{"@context":"https:\/\/schema.org","@graph":[{"@type":"WebPage","@id":"https:\/\/subszone.com\/product\/methanol\/","url":"https:\/\/subszone.com\/product\/methanol\/","name":"Comprar Metanol Online - Metanol Industrial para Venda | Subszone","isPartOf":{"@id":"https:\/\/subszone.com\/#website"},"primaryImageOfPage":{"@id":"https:\/\/subszone.com\/product\/methanol\/#primaryimage"},"image":{"@id":"https:\/\/subszone.com\/product\/methanol\/#primaryimage"},"thumbnailUrl":"https:\/\/subszone.com\/wp-content\/uploads\/2024\/10\/Methanol-2-1.gif","datePublished":"2024-10-24T06:26:49+00:00","dateModified":"2025-06-02T12:31:30+00:00","description":"N\u00e3o perca a oportunidade de comprar metanol industrial online na nossa loja. Estamos a lidar exclusivamente com metanol para venda a pre\u00e7os baratos. Estamos aqui para o ajudar. Encomendar agora!","breadcrumb":{"@id":"https:\/\/subszone.com\/product\/methanol\/#breadcrumb"},"inLanguage":"pt-PT","potentialAction":[{"@type":"ReadAction","target":["https:\/\/subszone.com\/product\/methanol\/"]}]},{"@type":"ImageObject","inLanguage":"pt-PT","@id":"https:\/\/subszone.com\/product\/methanol\/#primaryimage","url":"https:\/\/subszone.com\/wp-content\/uploads\/2024\/10\/Methanol-2-1.gif","contentUrl":"https:\/\/subszone.com\/wp-content\/uploads\/2024\/10\/Methanol-2-1.gif","width":600,"height":600,"caption":"Buy Methanol Online"},{"@type":"BreadcrumbList","@id":"https:\/\/subszone.com\/product\/methanol\/#breadcrumb","itemListElement":[{"@type":"ListItem","position":1,"name":"Home","item":"https:\/\/subszone.com\/"},{"@type":"ListItem","position":2,"name":"Shop","item":"https:\/\/subszone.com\/shop\/"},{"@type":"ListItem","position":3,"name":"Buy Methanol Online"}]},{"@type":"WebSite","@id":"https:\/\/subszone.com\/#website","url":"https:\/\/subszone.com\/","name":"SubsZona","description":"O meu blogue WordPress","publisher":{"@id":"https:\/\/subszone.com\/#organization"},"potentialAction":[{"@type":"SearchAction","target":{"@type":"EntryPoint","urlTemplate":"https:\/\/subszone.com\/?s={search_term_string}"},"query-input":{"@type":"PropertyValueSpecification","valueRequired":true,"valueName":"search_term_string"}}],"inLanguage":"pt-PT"},{"@type":"Organization","@id":"https:\/\/subszone.com\/#organization","name":"SubsZona","url":"https:\/\/subszone.com\/","logo":{"@type":"ImageObject","inLanguage":"pt-PT","@id":"https:\/\/subszone.com\/#\/schema\/logo\/image\/","url":"https:\/\/subszone.com\/wp-content\/uploads\/2024\/10\/logo.png","contentUrl":"https:\/\/subszone.com\/wp-content\/uploads\/2024\/10\/logo.png","width":193,"height":50,"caption":"SubsZone"},"image":{"@id":"https:\/\/subszone.com\/#\/schema\/logo\/image\/"}}]}},"_links":{"self":[{"href":"https:\/\/subszone.com\/pt\/wp-json\/wp\/v2\/product\/1216","targetHints":{"allow":["GET"]}}],"collection":[{"href":"https:\/\/subszone.com\/pt\/wp-json\/wp\/v2\/product"}],"about":[{"href":"https:\/\/subszone.com\/pt\/wp-json\/wp\/v2\/types\/product"}],"replies":[{"embeddable":true,"href":"https:\/\/subszone.com\/pt\/wp-json\/wp\/v2\/comments?post=1216"}],"wp:featuredmedia":[{"embeddable":true,"href":"https:\/\/subszone.com\/pt\/wp-json\/wp\/v2\/media\/1409"}],"wp:attachment":[{"href":"https:\/\/subszone.com\/pt\/wp-json\/wp\/v2\/media?parent=1216"}],"wp:term":[{"taxonomy":"product_brand","embeddable":true,"href":"https:\/\/subszone.com\/pt\/wp-json\/wp\/v2\/product_brand?post=1216"},{"taxonomy":"product_cat","embeddable":true,"href":"https:\/\/subszone.com\/pt\/wp-json\/wp\/v2\/product_cat?post=1216"},{"taxonomy":"product_tag","embeddable":true,"href":"https:\/\/subszone.com\/pt\/wp-json\/wp\/v2\/product_tag?post=1216"}],"curies":[{"name":"wp","href":"https:\/\/api.w.org\/{rel}","templated":true}]}}