{"id":1218,"date":"2024-10-24T06:26:55","date_gmt":"2024-10-24T06:26:55","guid":{"rendered":"https:\/\/subszone.com\/?post_type=product&#038;p=1218"},"modified":"2025-06-03T05:01:53","modified_gmt":"2025-06-03T05:01:53","slug":"metilamina","status":"publish","type":"product","link":"https:\/\/subszone.com\/pt\/product\/metilamina\/","title":{"rendered":"Comprar Methylamine Online"},"content":{"rendered":"<h2><b>Disponibilidade em linha e regulamenta\u00e7\u00e3o da metilamina<\/b><\/h2>\n<p>&nbsp;<\/p>\n<p><span style=\"font-weight: 400;\"><a href=\"https:\/\/en.wikipedia.org\/wiki\/Methylamine\">Metilamina<\/a> \u00e9 um composto qu\u00edmico vers\u00e1til com uma vasta gama de aplica\u00e7\u00f5es industriais e cient\u00edficas leg\u00edtimas. No entanto, devido \u00e0 sua potencial utiliza\u00e7\u00e3o na s\u00edntese il\u00edcita de subst\u00e2ncias controladas, a sua distribui\u00e7\u00e3o e venda s\u00e3o objeto de uma regulamenta\u00e7\u00e3o rigorosa em muitas jurisdi\u00e7\u00f5es. Este artigo explora as dimens\u00f5es legais, cient\u00edficas e de seguran\u00e7a p\u00fablica da disponibilidade online da metilamina.<\/span><\/p>\n<h3><b>Vis\u00e3o geral da metilamina e das suas utiliza\u00e7\u00f5es leg\u00edtimas<\/b><\/h3>\n<p><span style=\"font-weight: 400;\">A metilamina (CH\u2083NH\u2082) \u00e9 um composto org\u00e2nico utilizado como intermedi\u00e1rio na produ\u00e7\u00e3o de produtos farmac\u00eauticos, pesticidas e solventes. \u00c9 vital para sintetizar certos antibi\u00f3ticos e produtos qu\u00edmicos agr\u00edcolas e tamb\u00e9m encontra pap\u00e9is no fabrico de pol\u00edmeros e corantes.<\/span><\/p>\n<h3><b>Import\u00e2ncia da regulamenta\u00e7\u00e3o dos produtos qu\u00edmicos<\/b><\/h3>\n<p><span style=\"font-weight: 400;\">Para evitar a utiliza\u00e7\u00e3o indevida, produtos qu\u00edmicos como <a href=\"https:\/\/subszone.com\/pt\/product\/metilamina\/\">metilamina<\/a> s\u00e3o monitorizados por ag\u00eancias como a DEA dos EUA, a Ag\u00eancia Europeia dos Produtos Qu\u00edmicos (ECHA) e organismos semelhantes em todo o mundo. Estes esfor\u00e7os regulamentares visam estabelecer um equil\u00edbrio entre a utiliza\u00e7\u00e3o industrial leg\u00edtima e a repress\u00e3o de actividades ilegais.<\/span><\/p>\n<h3><b>Propriedades qu\u00edmicas e aplica\u00e7\u00f5es<\/b><\/h3>\n<ul>\n<li style=\"font-weight: 400;\" aria-level=\"1\"><b>F\u00f3rmula qu\u00edmica:<\/b><span style=\"font-weight: 400;\"> CH\u2083NH\u2082<\/span><span style=\"font-weight: 400;\">\n<p><\/span><\/li>\n<li style=\"font-weight: 400;\" aria-level=\"1\"><b>Forma f\u00edsica:<\/b><span style=\"font-weight: 400;\"> G\u00e1s incolor ou solu\u00e7\u00e3o aquosa<\/span><span style=\"font-weight: 400;\">\n<p><\/span><\/li>\n<li style=\"font-weight: 400;\" aria-level=\"1\"><b>Aplica\u00e7\u00f5es:<\/b><span style=\"font-weight: 400;\"> Utilizado na produ\u00e7\u00e3o de medicamentos \u00e0 base de efedrina, resinas, tensioactivos e produtos de limpeza.<\/span><span style=\"font-weight: 400;\">\n<p><\/span><\/li>\n<\/ul>\n<h3><b>Utiliza\u00e7\u00f5es industriais e farmac\u00eauticas<\/b><\/h3>\n<p><span style=\"font-weight: 400;\">No sector farmac\u00eautico, a metilamina \u00e9 utilizada para fabricar anti-histam\u00ednicos e analg\u00e9sicos. O seu papel na qu\u00edmica agr\u00edcola inclui a produ\u00e7\u00e3o de fungicidas e herbicidas. Estas utiliza\u00e7\u00f5es s\u00e3o essenciais para a sa\u00fade p\u00fablica e para a produ\u00e7\u00e3o alimentar mundial.<\/span><\/p>\n<h3><b>Estatuto jur\u00eddico<\/b><\/h3>\n<h4><b>Quadros regulamentares<\/b><\/h4>\n<ul>\n<li style=\"font-weight: 400;\" aria-level=\"1\"><b>Estados Unidos:<\/b><span style=\"font-weight: 400;\"> Controlada ao abrigo da Lei sobre o desvio e o tr\u00e1fico de subst\u00e2ncias qu\u00edmicas (CDTA), aplicada pela DEA.<\/span><span style=\"font-weight: 400;\">\n<p><\/span><\/li>\n<li style=\"font-weight: 400;\" aria-level=\"1\"><b>Uni\u00e3o Europeia:<\/b><span style=\"font-weight: 400;\"> Sujeito a restri\u00e7\u00f5es ao abrigo do REACH (Registo, Avalia\u00e7\u00e3o, Autoriza\u00e7\u00e3o e Restri\u00e7\u00e3o de Produtos Qu\u00edmicos).<\/span><span style=\"font-weight: 400;\">\n<p><\/span><\/li>\n<li style=\"font-weight: 400;\" aria-level=\"1\"><b>Outras na\u00e7\u00f5es:<\/b><span style=\"font-weight: 400;\"> Cada um mant\u00e9m o seu pr\u00f3prio conjunto de regulamentos e controlos de importa\u00e7\u00e3o\/exporta\u00e7\u00e3o.<\/span><span style=\"font-weight: 400;\">\n<p><\/span><\/li>\n<\/ul>\n<h4><b>Licenciamento e restri\u00e7\u00f5es<\/b><\/h4>\n<p><span style=\"font-weight: 400;\">As entidades devem requerer as licen\u00e7as adequadas e manter registos completos das transac\u00e7\u00f5es. A venda ou posse n\u00e3o autorizada pode resultar em san\u00e7\u00f5es legais severas.<\/span><\/p>\n<h3><b>An\u00e1lise do mercado online<\/b><\/h3>\n<p><span style=\"font-weight: 400;\">Embora a metilamina tenha utiliza\u00e7\u00f5es leg\u00edtimas, a sua disponibilidade em linha tem atra\u00eddo a aten\u00e7\u00e3o dos organismos reguladores. As plataformas em linha (tanto leg\u00edtimas como il\u00edcitas) tornaram-se vectores de distribui\u00e7\u00e3o de subst\u00e2ncias qu\u00edmicas sujeitas a restri\u00e7\u00f5es, o que levou a um aumento dos esfor\u00e7os de aplica\u00e7\u00e3o da lei.<\/span><\/p>\n<h3><b>Desafios<\/b><\/h3>\n<h4><b>Preocupa\u00e7\u00f5es com a seguran\u00e7a p\u00fablica<\/b><\/h4>\n<p><span style=\"font-weight: 400;\">As vendas n\u00e3o regulamentadas podem conduzir a crises de sa\u00fade p\u00fablica, nomeadamente quando os produtos qu\u00edmicos s\u00e3o desviados para o fabrico de medicamentos ou para ambientes inseguros.<\/span><\/p>\n<h4><b>Quest\u00f5es de aplica\u00e7\u00e3o e dete\u00e7\u00e3o digitais<\/b><\/h4>\n<p><span style=\"font-weight: 400;\">As autoridades enfrentam dificuldades em controlar as transac\u00e7\u00f5es an\u00f3nimas ou encriptadas em linha, especialmente nos mercados da \"dark web\".<\/span><\/p>\n<h3><b>Conclus\u00e3o<\/b><\/h3>\n<p><span style=\"font-weight: 400;\">A natureza de dupla utiliza\u00e7\u00e3o da metilamina apresenta desafios regulamentares \u00fanicos. Embora seja vital em muitas ind\u00fastrias, os riscos de utiliza\u00e7\u00e3o indevida exigem um controlo e uma supervis\u00e3o rigorosos. Para enfrentar estes desafios \u00e9 necess\u00e1ria uma coopera\u00e7\u00e3o global, ferramentas de monitoriza\u00e7\u00e3o avan\u00e7adas e investiga\u00e7\u00e3o cont\u00ednua para uma distribui\u00e7\u00e3o qu\u00edmica segura e transparente.<\/span><\/p>","protected":false},"excerpt":{"rendered":"<p><strong>Metilamina<\/strong> \u00e9 um g\u00e1s incolor, inflam\u00e1vel, com um forte odor a peixe, representado pela f\u00f3rmula qu\u00edmica CH\u2083NH\u2082. \u00c9 a forma mais simples de amina prim\u00e1ria e \u00e9 amplamente utilizado em v\u00e1rias aplica\u00e7\u00f5es industriais e qu\u00edmicas.<\/p>\n<ul>\n<li><strong>F\u00f3rmula qu\u00edmica<\/strong>: CH\u2083NH\u2082<\/li>\n<li><strong>Peso molecular<\/strong>: 31,06 g\/mol<\/li>\n<li><strong>Ponto de ebuli\u00e7\u00e3o<\/strong>: Aproximadamente 6,7 \u00b0C (44,1 \u00b0F)<\/li>\n<li><strong>Densidade<\/strong>: 0,786 g\/cm\u00b3 (para g\u00e1s)<\/li>\n<li><strong>Solubilidade<\/strong>: Altamente sol\u00favel em \u00e1gua e em solventes org\u00e2nicos.<\/li>\n<\/ul>","protected":false},"featured_media":1407,"comment_status":"open","ping_status":"closed","template":"","meta":{"_kadence_starter_templates_imported_post":false,"_kad_post_transparent":"default","_kad_post_title":"","_kad_post_layout":"default","_kad_post_sidebar_id":"","_kad_post_content_style":"default","_kad_post_vertical_padding":"default","_kad_post_feature":"","_kad_post_feature_position":"","_kad_post_header":false,"_kad_post_footer":false,"_joinchat":[]},"product_brand":[],"product_cat":[59],"product_tag":[],"class_list":{"0":"post-1218","1":"product","2":"type-product","3":"status-publish","4":"has-post-thumbnail","6":"product_cat-chemical-manufacturing-and-synthesis","8":"first","9":"instock","10":"shipping-taxable","11":"product-type-simple","12":"entry","13":"content-bg","14":"loop-entry"},"yoast_head":"<!-- This site is optimized with the Yoast SEO plugin v25.6 - https:\/\/yoast.com\/wordpress\/plugins\/seo\/ -->\n<title>Buy Methylamine Online - Methylamine for Sale<\/title>\n<meta name=\"description\" content=\"If you want to buy methylamine online, then visit our online store streetchemx. We have high-quality products like methylamine for sale. Place your order now!\" \/>\n<meta name=\"robots\" content=\"index, follow, max-snippet:-1, max-image-preview:large, max-video-preview:-1\" \/>\n<link rel=\"canonical\" href=\"https:\/\/subszone.com\/pt\/product\/metilamina\/\" \/>\n<meta property=\"og:locale\" content=\"pt_PT\" \/>\n<meta property=\"og:type\" content=\"article\" \/>\n<meta property=\"og:title\" content=\"Buy Methylamine Online - Methylamine for Sale\" \/>\n<meta property=\"og:description\" content=\"If you want to buy methylamine online, then visit our online store streetchemx. We have high-quality products like methylamine for sale. Place your order now!\" \/>\n<meta property=\"og:url\" content=\"https:\/\/subszone.com\/pt\/product\/metilamina\/\" \/>\n<meta property=\"og:site_name\" content=\"SubsZone\" \/>\n<meta property=\"article:modified_time\" content=\"2025-06-03T05:01:53+00:00\" \/>\n<meta property=\"og:image\" content=\"https:\/\/subszone.com\/wp-content\/uploads\/2024\/10\/Methylamine-2.gif\" \/>\n\t<meta property=\"og:image:width\" content=\"600\" \/>\n\t<meta property=\"og:image:height\" content=\"600\" \/>\n\t<meta property=\"og:image:type\" content=\"image\/gif\" \/>\n<meta name=\"twitter:card\" content=\"summary_large_image\" \/>\n<meta name=\"twitter:label1\" content=\"Tempo estimado de leitura\" \/>\n\t<meta name=\"twitter:data1\" content=\"2 minutos\" \/>\n<script type=\"application\/ld+json\" class=\"yoast-schema-graph\">{\"@context\":\"https:\/\/schema.org\",\"@graph\":[{\"@type\":\"WebPage\",\"@id\":\"https:\/\/subszone.com\/product\/methylamine\/\",\"url\":\"https:\/\/subszone.com\/product\/methylamine\/\",\"name\":\"Buy Methylamine Online - Methylamine for Sale\",\"isPartOf\":{\"@id\":\"https:\/\/subszone.com\/#website\"},\"primaryImageOfPage\":{\"@id\":\"https:\/\/subszone.com\/product\/methylamine\/#primaryimage\"},\"image\":{\"@id\":\"https:\/\/subszone.com\/product\/methylamine\/#primaryimage\"},\"thumbnailUrl\":\"https:\/\/subszone.com\/wp-content\/uploads\/2024\/10\/Methylamine-2.gif\",\"datePublished\":\"2024-10-24T06:26:55+00:00\",\"dateModified\":\"2025-06-03T05:01:53+00:00\",\"description\":\"If you want to buy methylamine online, then visit our online store streetchemx. We have high-quality products like methylamine for sale. Place your order now!\",\"breadcrumb\":{\"@id\":\"https:\/\/subszone.com\/product\/methylamine\/#breadcrumb\"},\"inLanguage\":\"pt-PT\",\"potentialAction\":[{\"@type\":\"ReadAction\",\"target\":[\"https:\/\/subszone.com\/product\/methylamine\/\"]}]},{\"@type\":\"ImageObject\",\"inLanguage\":\"pt-PT\",\"@id\":\"https:\/\/subszone.com\/product\/methylamine\/#primaryimage\",\"url\":\"https:\/\/subszone.com\/wp-content\/uploads\/2024\/10\/Methylamine-2.gif\",\"contentUrl\":\"https:\/\/subszone.com\/wp-content\/uploads\/2024\/10\/Methylamine-2.gif\",\"width\":600,\"height\":600,\"caption\":\"Buy Methylamine Online\"},{\"@type\":\"BreadcrumbList\",\"@id\":\"https:\/\/subszone.com\/product\/methylamine\/#breadcrumb\",\"itemListElement\":[{\"@type\":\"ListItem\",\"position\":1,\"name\":\"Home\",\"item\":\"https:\/\/subszone.com\/\"},{\"@type\":\"ListItem\",\"position\":2,\"name\":\"Shop\",\"item\":\"https:\/\/subszone.com\/shop\/\"},{\"@type\":\"ListItem\",\"position\":3,\"name\":\"Buy Methylamine Online\"}]},{\"@type\":\"WebSite\",\"@id\":\"https:\/\/subszone.com\/#website\",\"url\":\"https:\/\/subszone.com\/\",\"name\":\"SubsZone\",\"description\":\"My WordPress Blog\",\"publisher\":{\"@id\":\"https:\/\/subszone.com\/#organization\"},\"potentialAction\":[{\"@type\":\"SearchAction\",\"target\":{\"@type\":\"EntryPoint\",\"urlTemplate\":\"https:\/\/subszone.com\/?s={search_term_string}\"},\"query-input\":{\"@type\":\"PropertyValueSpecification\",\"valueRequired\":true,\"valueName\":\"search_term_string\"}}],\"inLanguage\":\"pt-PT\"},{\"@type\":\"Organization\",\"@id\":\"https:\/\/subszone.com\/#organization\",\"name\":\"SubsZone\",\"url\":\"https:\/\/subszone.com\/\",\"logo\":{\"@type\":\"ImageObject\",\"inLanguage\":\"pt-PT\",\"@id\":\"https:\/\/subszone.com\/#\/schema\/logo\/image\/\",\"url\":\"https:\/\/subszone.com\/wp-content\/uploads\/2024\/10\/logo.png\",\"contentUrl\":\"https:\/\/subszone.com\/wp-content\/uploads\/2024\/10\/logo.png\",\"width\":193,\"height\":50,\"caption\":\"SubsZone\"},\"image\":{\"@id\":\"https:\/\/subszone.com\/#\/schema\/logo\/image\/\"}}]}<\/script>\n<!-- \/ Yoast SEO plugin. -->","yoast_head_json":{"title":"Comprar Metilamina Online - Metilamina para venda","description":"Se pretende comprar metilamina online, ent\u00e3o visite a nossa loja online streetchemx. Temos produtos de alta qualidade como a metilamina para venda. Fa\u00e7a j\u00e1 a sua encomenda!","robots":{"index":"index","follow":"follow","max-snippet":"max-snippet:-1","max-image-preview":"max-image-preview:large","max-video-preview":"max-video-preview:-1"},"canonical":"https:\/\/subszone.com\/pt\/product\/metilamina\/","og_locale":"pt_PT","og_type":"article","og_title":"Buy Methylamine Online - Methylamine for Sale","og_description":"If you want to buy methylamine online, then visit our online store streetchemx. We have high-quality products like methylamine for sale. Place your order now!","og_url":"https:\/\/subszone.com\/pt\/product\/metilamina\/","og_site_name":"SubsZone","article_modified_time":"2025-06-03T05:01:53+00:00","og_image":[{"width":600,"height":600,"url":"https:\/\/subszone.com\/wp-content\/uploads\/2024\/10\/Methylamine-2.gif","type":"image\/gif"}],"twitter_card":"summary_large_image","twitter_misc":{"Tempo estimado de leitura":"2 minutos"},"schema":{"@context":"https:\/\/schema.org","@graph":[{"@type":"WebPage","@id":"https:\/\/subszone.com\/product\/methylamine\/","url":"https:\/\/subszone.com\/product\/methylamine\/","name":"Comprar Metilamina Online - Metilamina para venda","isPartOf":{"@id":"https:\/\/subszone.com\/#website"},"primaryImageOfPage":{"@id":"https:\/\/subszone.com\/product\/methylamine\/#primaryimage"},"image":{"@id":"https:\/\/subszone.com\/product\/methylamine\/#primaryimage"},"thumbnailUrl":"https:\/\/subszone.com\/wp-content\/uploads\/2024\/10\/Methylamine-2.gif","datePublished":"2024-10-24T06:26:55+00:00","dateModified":"2025-06-03T05:01:53+00:00","description":"Se pretende comprar metilamina online, ent\u00e3o visite a nossa loja online streetchemx. Temos produtos de alta qualidade como a metilamina para venda. Fa\u00e7a j\u00e1 a sua encomenda!","breadcrumb":{"@id":"https:\/\/subszone.com\/product\/methylamine\/#breadcrumb"},"inLanguage":"pt-PT","potentialAction":[{"@type":"ReadAction","target":["https:\/\/subszone.com\/product\/methylamine\/"]}]},{"@type":"ImageObject","inLanguage":"pt-PT","@id":"https:\/\/subszone.com\/product\/methylamine\/#primaryimage","url":"https:\/\/subszone.com\/wp-content\/uploads\/2024\/10\/Methylamine-2.gif","contentUrl":"https:\/\/subszone.com\/wp-content\/uploads\/2024\/10\/Methylamine-2.gif","width":600,"height":600,"caption":"Buy Methylamine Online"},{"@type":"BreadcrumbList","@id":"https:\/\/subszone.com\/product\/methylamine\/#breadcrumb","itemListElement":[{"@type":"ListItem","position":1,"name":"Home","item":"https:\/\/subszone.com\/"},{"@type":"ListItem","position":2,"name":"Shop","item":"https:\/\/subszone.com\/shop\/"},{"@type":"ListItem","position":3,"name":"Buy Methylamine Online"}]},{"@type":"WebSite","@id":"https:\/\/subszone.com\/#website","url":"https:\/\/subszone.com\/","name":"SubsZona","description":"O meu blogue WordPress","publisher":{"@id":"https:\/\/subszone.com\/#organization"},"potentialAction":[{"@type":"SearchAction","target":{"@type":"EntryPoint","urlTemplate":"https:\/\/subszone.com\/?s={search_term_string}"},"query-input":{"@type":"PropertyValueSpecification","valueRequired":true,"valueName":"search_term_string"}}],"inLanguage":"pt-PT"},{"@type":"Organization","@id":"https:\/\/subszone.com\/#organization","name":"SubsZona","url":"https:\/\/subszone.com\/","logo":{"@type":"ImageObject","inLanguage":"pt-PT","@id":"https:\/\/subszone.com\/#\/schema\/logo\/image\/","url":"https:\/\/subszone.com\/wp-content\/uploads\/2024\/10\/logo.png","contentUrl":"https:\/\/subszone.com\/wp-content\/uploads\/2024\/10\/logo.png","width":193,"height":50,"caption":"SubsZone"},"image":{"@id":"https:\/\/subszone.com\/#\/schema\/logo\/image\/"}}]}},"_links":{"self":[{"href":"https:\/\/subszone.com\/pt\/wp-json\/wp\/v2\/product\/1218","targetHints":{"allow":["GET"]}}],"collection":[{"href":"https:\/\/subszone.com\/pt\/wp-json\/wp\/v2\/product"}],"about":[{"href":"https:\/\/subszone.com\/pt\/wp-json\/wp\/v2\/types\/product"}],"replies":[{"embeddable":true,"href":"https:\/\/subszone.com\/pt\/wp-json\/wp\/v2\/comments?post=1218"}],"wp:featuredmedia":[{"embeddable":true,"href":"https:\/\/subszone.com\/pt\/wp-json\/wp\/v2\/media\/1407"}],"wp:attachment":[{"href":"https:\/\/subszone.com\/pt\/wp-json\/wp\/v2\/media?parent=1218"}],"wp:term":[{"taxonomy":"product_brand","embeddable":true,"href":"https:\/\/subszone.com\/pt\/wp-json\/wp\/v2\/product_brand?post=1218"},{"taxonomy":"product_cat","embeddable":true,"href":"https:\/\/subszone.com\/pt\/wp-json\/wp\/v2\/product_cat?post=1218"},{"taxonomy":"product_tag","embeddable":true,"href":"https:\/\/subszone.com\/pt\/wp-json\/wp\/v2\/product_tag?post=1218"}],"curies":[{"name":"wp","href":"https:\/\/api.w.org\/{rel}","templated":true}]}}