{"id":1243,"date":"2024-10-24T07:03:33","date_gmt":"2024-10-24T07:03:33","guid":{"rendered":"https:\/\/subszone.com\/?post_type=product&#038;p=1243"},"modified":"2025-06-03T07:05:38","modified_gmt":"2025-06-03T07:05:38","slug":"tricloreto-de-fosforo","status":"publish","type":"product","link":"https:\/\/subszone.com\/pt\/product\/tricloreto-de-fosforo\/","title":{"rendered":"Comprar tricloreto de f\u00f3sforo online"},"content":{"rendered":"<h2><b>Comprar Tricloreto de F\u00f3sforo Online - Alta Pureza para Uso Industrial e Laboratorial<\/b><\/h2>\n<p><span style=\"font-weight: 400;\">Procurando <\/span><a href=\"https:\/\/subszone.com\/pt\/product\/tricloreto-de-fosforo\/\"><b>comprar Tricloreto de F\u00f3sforo online<\/b><\/a><span style=\"font-weight: 400;\"> de um fornecedor fi\u00e1vel e certificado? N\u00f3s oferecemos <\/span><b>tricloreto de f\u00f3sforo (PCl\u2083) de alta qualidade<\/b><span style=\"font-weight: 400;\"> O nosso tricloreto de f\u00f3sforo \u00e9 a escolha preferida dos profissionais no fabrico de produtos qu\u00edmicos, na produ\u00e7\u00e3o de agroqu\u00edmicos e na s\u00edntese farmac\u00eautica. Com um rigoroso controlo de qualidade, documenta\u00e7\u00e3o completa e conformidade com a expedi\u00e7\u00e3o global, o nosso tricloreto de f\u00f3sforo \u00e9 a escolha preferida dos profissionais no fabrico de produtos qu\u00edmicos, na produ\u00e7\u00e3o de agroqu\u00edmicos e na s\u00edntese farmac\u00eautica.<\/span><\/p>\n<h3><b>O que \u00e9 o Tricloreto de F\u00f3sforo (PCl\u2083)?<\/b><\/h3>\n<p><span style=\"font-weight: 400;\">O Tricloreto de F\u00f3sforo \u00e9 um l\u00edquido fumegante altamente reativo, incolor a amarelo, com um odor forte e pungente. Classificado como um <\/span><b>produto qu\u00edmico inorg\u00e2nico t\u00f3xico e corrosivo<\/b><span style=\"font-weight: 400;\">, o PCl\u2083 \u00e9 amplamente utilizado como um <\/span><b>agente clorante e produto interm\u00e9dio<\/b><span style=\"font-weight: 400;\"> em s\u00edntese org\u00e2nica e inorg\u00e2nica.<\/span><\/p>\n<ul>\n<li style=\"font-weight: 400;\" aria-level=\"1\"><b>F\u00f3rmula qu\u00edmica<\/b><span style=\"font-weight: 400;\">: PCl\u2083<\/span><span style=\"font-weight: 400;\">\n<p><\/span><\/li>\n<li style=\"font-weight: 400;\" aria-level=\"1\"><b>Peso molecular<\/b><span style=\"font-weight: 400;\">: 137,33 g\/mol<\/span><span style=\"font-weight: 400;\">\n<p><\/span><\/li>\n<li style=\"font-weight: 400;\" aria-level=\"1\"><b>N\u00famero CAS<\/b><span style=\"font-weight: 400;\">: 7719-12-2<\/span><span style=\"font-weight: 400;\">\n<p><\/span><\/li>\n<li style=\"font-weight: 400;\" aria-level=\"1\"><b>N\u00famero ONU<\/b><span style=\"font-weight: 400;\">: UN 1809 (Classe de perigo 8)<\/span><span style=\"font-weight: 400;\">\n<p><\/span><\/li>\n<\/ul>\n<h3><b>Principais propriedades qu\u00edmicas<\/b><\/h3>\n<ul>\n<li style=\"font-weight: 400;\" aria-level=\"1\"><b>Apar\u00eancia<\/b><span style=\"font-weight: 400;\">: L\u00edquido l\u00edmpido a ligeiramente amarelo<\/span><span style=\"font-weight: 400;\">\n<p><\/span><\/li>\n<li style=\"font-weight: 400;\" aria-level=\"1\"><b>Ponto de ebuli\u00e7\u00e3o<\/b><span style=\"font-weight: 400;\">: ~76\u00b0C (169\u00b0F)<\/span><span style=\"font-weight: 400;\">\n<p><\/span><\/li>\n<li style=\"font-weight: 400;\" aria-level=\"1\"><b>Ponto de fus\u00e3o<\/b><span style=\"font-weight: 400;\">: -93.6\u00b0C<\/span><span style=\"font-weight: 400;\">\n<p><\/span><\/li>\n<li style=\"font-weight: 400;\" aria-level=\"1\"><b>Odor<\/b><span style=\"font-weight: 400;\">: Pungente, sufocante<\/span><span style=\"font-weight: 400;\">\n<p><\/span><\/li>\n<li style=\"font-weight: 400;\" aria-level=\"1\"><b>Reatividade<\/b><span style=\"font-weight: 400;\">: Reage violentamente com \u00e1gua, \u00e1lcoois e oxidantes fortes<\/span><span style=\"font-weight: 400;\">\n<p><\/span><\/li>\n<li style=\"font-weight: 400;\" aria-level=\"1\"><b>Estabilidade<\/b><span style=\"font-weight: 400;\">: Deve ser armazenado em recipientes herm\u00e9ticos e sem humidade<\/span><span style=\"font-weight: 400;\">\n<p><\/span><\/li>\n<\/ul>\n<p><span style=\"font-weight: 400;\">Devido \u00e0 sua <\/span><b>elevada reatividade com humidade e compostos org\u00e2nicos<\/b><span style=\"font-weight: 400;\">O PCl\u2083 exige um manuseamento especializado e condi\u00e7\u00f5es de armazenamento especiais.<\/span><\/p>\n<h3><b>Aplica\u00e7\u00f5es industriais e laboratoriais comuns<\/b><\/h3>\n<p><span style=\"font-weight: 400;\"><a href=\"https:\/\/en.wikipedia.org\/wiki\/Phosphorus_trichloride\">Tricloreto de f\u00f3sforo<\/a> desempenha um papel fundamental em m\u00faltiplos sectores:<\/span><\/p>\n<ul>\n<li style=\"font-weight: 400;\" aria-level=\"1\"><b>Ind\u00fastria agroqu\u00edmica<\/b><span style=\"font-weight: 400;\">: S\u00edntese de pesticidas, herbicidas (por exemplo, glifosato) e insecticidas<\/span><span style=\"font-weight: 400;\">\n<p><\/span><\/li>\n<li style=\"font-weight: 400;\" aria-level=\"1\"><b>Pl\u00e1stico e retardadores de chama<\/b><span style=\"font-weight: 400;\">: Intermedi\u00e1rio para compostos \u00e0 base de f\u00f3sforo utilizados em plastificantes e agentes \u00e0 prova de fogo<\/span><span style=\"font-weight: 400;\">\n<p><\/span><\/li>\n<li style=\"font-weight: 400;\" aria-level=\"1\"><b>Tratamento da \u00e1gua<\/b><span style=\"font-weight: 400;\">: Produz \u00e1cidos fosf\u00f3nicos e derivados utilizados no controlo da incrusta\u00e7\u00e3o e da corros\u00e3o<\/span><span style=\"font-weight: 400;\">\n<p><\/span><\/li>\n<li style=\"font-weight: 400;\" aria-level=\"1\"><b>Farmac\u00eautica e Qu\u00edmica Org\u00e2nica<\/b><span style=\"font-weight: 400;\">: Utilizado em reac\u00e7\u00f5es de clora\u00e7\u00e3o, na s\u00edntese de cloretos \u00e1cidos e no fabrico de APIs<\/span><span style=\"font-weight: 400;\">\n<p><\/span><\/li>\n<\/ul>\n<h3><b>Graus dispon\u00edveis e op\u00e7\u00f5es de embalagem<\/b><\/h3>\n<p><span style=\"font-weight: 400;\">Escolha entre v\u00e1rios n\u00edveis de pureza e configura\u00e7\u00f5es de embalagem, consoante a sua aplica\u00e7\u00e3o:<\/span><\/p>\n<ul>\n<li style=\"font-weight: 400;\" aria-level=\"1\"><b>Notas<\/b><span style=\"font-weight: 400;\">:<\/span><span style=\"font-weight: 400;\">\n<p><\/span><\/p>\n<ul>\n<li style=\"font-weight: 400;\" aria-level=\"2\"><b>Grau Reagent<\/b><span style=\"font-weight: 400;\"> para utiliza\u00e7\u00e3o em laborat\u00f3rio e I&amp;D<\/span><span style=\"font-weight: 400;\">\n<p><\/span><\/li>\n<li style=\"font-weight: 400;\" aria-level=\"2\"><b>De n\u00edvel industrial<\/b><span style=\"font-weight: 400;\"> para fabrico a granel e processamento qu\u00edmico<\/span><span style=\"font-weight: 400;\">\n<p><\/span><\/li>\n<\/ul>\n<\/li>\n<li style=\"font-weight: 400;\" aria-level=\"1\"><b>Embalagem<\/b><span style=\"font-weight: 400;\">:<\/span><span style=\"font-weight: 400;\">\n<p><\/span><\/p>\n<ul>\n<li style=\"font-weight: 400;\" aria-level=\"2\"><span style=\"font-weight: 400;\">Ampolas de vidro ou garrafas de alum\u00ednio seladas para pequenas quantidades<\/span><span style=\"font-weight: 400;\">\n<p><\/span><\/li>\n<li style=\"font-weight: 400;\" aria-level=\"2\"><span style=\"font-weight: 400;\">Tambores resistentes \u00e0 corros\u00e3o ou cilindros de a\u00e7o para fornecimento a granel<\/span><span style=\"font-weight: 400;\">\n<p><\/span><\/li>\n<li style=\"font-weight: 400;\" aria-level=\"2\"><span style=\"font-weight: 400;\">Op\u00e7\u00f5es de embalagem personalizadas dispon\u00edveis mediante pedido<\/span><span style=\"font-weight: 400;\"><br \/>\n<\/span><span style=\"font-weight: 400;\"><\/p>\n<p><\/span><\/li>\n<\/ul>\n<\/li>\n<\/ul>\n<p><span style=\"font-weight: 400;\">Todas as embalagens cumprem as normas de transporte de produtos qu\u00edmicos perigosos por terra, ar e mar.<\/span><\/p>\n<h3><b>Considera\u00e7\u00f5es regulamentares e jur\u00eddicas<\/b><\/h3>\n<p><span style=\"font-weight: 400;\">O tricloreto de f\u00f3sforo \u00e9 classificado como <\/span><b>material perigoso<\/b><span style=\"font-weight: 400;\"> devido \u00e0 sua toxicidade e corrosividade. Quando <\/span><b>encomendar Tricloreto de F\u00f3sforo online<\/b><span style=\"font-weight: 400;\">O cumprimento dos regulamentos locais, nacionais e internacionais \u00e9 essencial:<\/span><\/p>\n<ul>\n<li style=\"font-weight: 400;\" aria-level=\"1\"><b>Transporte<\/b><span style=\"font-weight: 400;\">: Em conformidade com os c\u00f3digos de transporte UN 1809 (HazMat), IATA, IMDG e DOT<\/span><span style=\"font-weight: 400;\">\n<p><\/span><\/li>\n<li style=\"font-weight: 400;\" aria-level=\"1\"><b>Licenciamento<\/b><span style=\"font-weight: 400;\">: Podem ser necess\u00e1rias licen\u00e7as de compra para encomendas a granel ou autoriza\u00e7\u00f5es de exporta\u00e7\u00e3o\/importa\u00e7\u00e3o<\/span><span style=\"font-weight: 400;\">\n<p><\/span><\/li>\n<li style=\"font-weight: 400;\" aria-level=\"1\"><b>Restri\u00e7\u00f5es de manuseamento<\/b><span style=\"font-weight: 400;\">: Apenas dispon\u00edvel para laborat\u00f3rios certificados, fabricantes ou agentes autorizados<\/span><span style=\"font-weight: 400;\">\n<p><\/span><\/li>\n<li style=\"font-weight: 400;\" aria-level=\"1\"><b>Documenta\u00e7\u00e3o fornecida<\/b><span style=\"font-weight: 400;\">: FDS, COA, relat\u00f3rio de pureza e documenta\u00e7\u00e3o de conformidade de expedi\u00e7\u00e3o<\/span><span style=\"font-weight: 400;\">\n<p><\/span><\/li>\n<\/ul>\n<h3><b>Tricloreto de F\u00f3sforo para venda - Aprovado por profissionais em todo o mundo<\/b><\/h3>\n<p><span style=\"font-weight: 400;\">Temos orgulho em oferecer <\/span><b>Tricloreto de f\u00f3sforo para venda<\/b><span style=\"font-weight: 400;\"> em <\/span><b>pre\u00e7os competitivos<\/b><span style=\"font-weight: 400;\"> sem comprometer a seguran\u00e7a, a pureza ou a conformidade. Quer se trate de um laborat\u00f3rio de investiga\u00e7\u00e3o que procura material de grau de reagente de pequeno volume ou de um comprador industrial que necessita de tambores a granel, fornecemos globalmente com qualidade garantida.<\/span><\/p>\n<p><span style=\"font-weight: 400;\">\u00c0 procura de um <\/span><b>pre\u00e7o do tricloreto de f\u00f3sforo barato<\/b><span style=\"font-weight: 400;\"> sem comprometer a qualidade? Os nossos pre\u00e7os escal\u00e1veis e descontos por volume fazem de n\u00f3s a <\/span><b>melhor s\u00edtio para comprar Tricloreto de F\u00f3sforo online<\/b><span style=\"font-weight: 400;\"> para uso profissional e industrial.<\/span><\/p>\n<h3><b>Conclus\u00e3o: Aquisi\u00e7\u00f5es seguras, conformes e fi\u00e1veis<\/b><\/h3>\n<p><span style=\"font-weight: 400;\">A compra de Tricloreto de F\u00f3sforo exige mais do que apenas efici\u00eancia de custos - exige responsabilidade legal, seguran\u00e7a e transpar\u00eancia do fornecedor. Certifique-se de que est\u00e1 a trabalhar com um fornecedor que d\u00e1 prioridade:<\/span><b><\/p>\n<p><\/b><\/p>\n<ul>\n<li style=\"font-weight: 400;\" aria-level=\"1\"><b>Armazenamento e expedi\u00e7\u00e3o seguros<\/b><b>\n<p><\/b><\/li>\n<li style=\"font-weight: 400;\" aria-level=\"1\"><b>Conformidade regulamentar entre jurisdi\u00e7\u00f5es<\/b><b>\n<p><\/b><\/li>\n<\/ul>\n<p><span style=\"font-weight: 400;\">Pronto para <\/span><b>encomendar Tricloreto de F\u00f3sforo online<\/b><span style=\"font-weight: 400;\">?<\/span><span style=\"font-weight: 400;\"><br \/>\n<\/span><span style=\"font-weight: 400;\">Contacte hoje mesmo os nossos especialistas em aprovisionamento de produtos qu\u00edmicos para obter uma cota\u00e7\u00e3o ou uma solu\u00e7\u00e3o de envio personalizada.<\/span><\/p>","protected":false},"excerpt":{"rendered":"<p><strong>Tricloreto de f\u00f3sforo (PCl\u2083)<\/strong> \u00e9 um l\u00edquido incolor, fumegante e com um odor pungente. \u00c9 um composto reativo de f\u00f3sforo amplamente utilizado em v\u00e1rios processos qu\u00edmicos. Devido \u00e0 sua reatividade, o tricloreto de f\u00f3sforo desempenha um papel crucial na s\u00edntese org\u00e2nica e nas aplica\u00e7\u00f5es industriais.<\/p>\n<ul>\n<li><strong>F\u00f3rmula qu\u00edmica<\/strong>: PCl\u2083<\/li>\n<li><strong>Peso molecular<\/strong>: 137,33 g\/mol<\/li>\n<li><strong>Ponto de ebuli\u00e7\u00e3o<\/strong>: Aproximadamente 76,1 \u00b0C (169 \u00b0F)<\/li>\n<li><strong>Densidade<\/strong>: 1,57 g\/cm\u00b3<\/li>\n<li><strong>Solubilidade<\/strong>: Reage com a \u00e1gua para formar \u00e1cido fosf\u00f3rico e \u00e1cido clor\u00eddrico; ligeiramente sol\u00favel em solventes org\u00e2nicos.<\/li>\n<\/ul>","protected":false},"featured_media":1472,"comment_status":"open","ping_status":"closed","template":"","meta":{"_kadence_starter_templates_imported_post":false,"_kad_post_transparent":"default","_kad_post_title":"","_kad_post_layout":"default","_kad_post_sidebar_id":"","_kad_post_content_style":"default","_kad_post_vertical_padding":"default","_kad_post_feature":"","_kad_post_feature_position":"","_kad_post_header":false,"_kad_post_footer":false,"_joinchat":[]},"product_brand":[],"product_cat":[59],"product_tag":[],"class_list":{"0":"post-1243","1":"product","2":"type-product","3":"status-publish","4":"has-post-thumbnail","6":"product_cat-chemical-manufacturing-and-synthesis","8":"first","9":"instock","10":"shipping-taxable","11":"product-type-simple","12":"entry","13":"content-bg","14":"loop-entry"},"yoast_head":"<!-- This site is optimized with the Yoast SEO plugin v25.6 - https:\/\/yoast.com\/wordpress\/plugins\/seo\/ -->\n<title>Buy Phosphorus Trichloride online - Phosphorus Trichloride for sale<\/title>\n<meta name=\"description\" content=\"Your order for phosphorus trichlorides supplier for sale is our responsibility. We will take your request to buy phosphorus trichlorides online into consideration and reach you in a short period. Place bulk orders now!\" \/>\n<meta name=\"robots\" content=\"index, follow, max-snippet:-1, max-image-preview:large, max-video-preview:-1\" \/>\n<link rel=\"canonical\" href=\"https:\/\/subszone.com\/pt\/product\/tricloreto-de-fosforo\/\" \/>\n<meta property=\"og:locale\" content=\"pt_PT\" \/>\n<meta property=\"og:type\" content=\"article\" \/>\n<meta property=\"og:title\" content=\"Buy Phosphorus Trichloride online - Phosphorus Trichloride for sale\" \/>\n<meta property=\"og:description\" content=\"Your order for phosphorus trichlorides supplier for sale is our responsibility. We will take your request to buy phosphorus trichlorides online into consideration and reach you in a short period. Place bulk orders now!\" \/>\n<meta property=\"og:url\" content=\"https:\/\/subszone.com\/pt\/product\/tricloreto-de-fosforo\/\" \/>\n<meta property=\"og:site_name\" content=\"SubsZone\" \/>\n<meta property=\"article:modified_time\" content=\"2025-06-03T07:05:38+00:00\" \/>\n<meta property=\"og:image\" content=\"https:\/\/subszone.com\/wp-content\/uploads\/2024\/10\/c56f8616-083d-4340-81ea-7f4978bf4d05.webp\" \/>\n\t<meta property=\"og:image:width\" content=\"1024\" \/>\n\t<meta property=\"og:image:height\" content=\"1024\" \/>\n\t<meta property=\"og:image:type\" content=\"image\/webp\" \/>\n<meta name=\"twitter:card\" content=\"summary_large_image\" \/>\n<meta name=\"twitter:label1\" content=\"Tempo estimado de leitura\" \/>\n\t<meta name=\"twitter:data1\" content=\"3 minutos\" \/>\n<script type=\"application\/ld+json\" class=\"yoast-schema-graph\">{\"@context\":\"https:\/\/schema.org\",\"@graph\":[{\"@type\":\"WebPage\",\"@id\":\"https:\/\/subszone.com\/product\/phosphorus-trichloride\/\",\"url\":\"https:\/\/subszone.com\/product\/phosphorus-trichloride\/\",\"name\":\"Buy Phosphorus Trichloride online - Phosphorus Trichloride for sale\",\"isPartOf\":{\"@id\":\"https:\/\/subszone.com\/#website\"},\"primaryImageOfPage\":{\"@id\":\"https:\/\/subszone.com\/product\/phosphorus-trichloride\/#primaryimage\"},\"image\":{\"@id\":\"https:\/\/subszone.com\/product\/phosphorus-trichloride\/#primaryimage\"},\"thumbnailUrl\":\"https:\/\/subszone.com\/wp-content\/uploads\/2024\/10\/c56f8616-083d-4340-81ea-7f4978bf4d05.webp\",\"datePublished\":\"2024-10-24T07:03:33+00:00\",\"dateModified\":\"2025-06-03T07:05:38+00:00\",\"description\":\"Your order for phosphorus trichlorides supplier for sale is our responsibility. We will take your request to buy phosphorus trichlorides online into consideration and reach you in a short period. Place bulk orders now!\",\"breadcrumb\":{\"@id\":\"https:\/\/subszone.com\/product\/phosphorus-trichloride\/#breadcrumb\"},\"inLanguage\":\"pt-PT\",\"potentialAction\":[{\"@type\":\"ReadAction\",\"target\":[\"https:\/\/subszone.com\/product\/phosphorus-trichloride\/\"]}]},{\"@type\":\"ImageObject\",\"inLanguage\":\"pt-PT\",\"@id\":\"https:\/\/subszone.com\/product\/phosphorus-trichloride\/#primaryimage\",\"url\":\"https:\/\/subszone.com\/wp-content\/uploads\/2024\/10\/c56f8616-083d-4340-81ea-7f4978bf4d05.webp\",\"contentUrl\":\"https:\/\/subszone.com\/wp-content\/uploads\/2024\/10\/c56f8616-083d-4340-81ea-7f4978bf4d05.webp\",\"width\":1024,\"height\":1024,\"caption\":\"Buy Phosphorus Trichloride online\"},{\"@type\":\"BreadcrumbList\",\"@id\":\"https:\/\/subszone.com\/product\/phosphorus-trichloride\/#breadcrumb\",\"itemListElement\":[{\"@type\":\"ListItem\",\"position\":1,\"name\":\"Home\",\"item\":\"https:\/\/subszone.com\/\"},{\"@type\":\"ListItem\",\"position\":2,\"name\":\"Shop\",\"item\":\"https:\/\/subszone.com\/shop\/\"},{\"@type\":\"ListItem\",\"position\":3,\"name\":\"Buy Phosphorus Trichloride Online\"}]},{\"@type\":\"WebSite\",\"@id\":\"https:\/\/subszone.com\/#website\",\"url\":\"https:\/\/subszone.com\/\",\"name\":\"SubsZone\",\"description\":\"My WordPress Blog\",\"publisher\":{\"@id\":\"https:\/\/subszone.com\/#organization\"},\"potentialAction\":[{\"@type\":\"SearchAction\",\"target\":{\"@type\":\"EntryPoint\",\"urlTemplate\":\"https:\/\/subszone.com\/?s={search_term_string}\"},\"query-input\":{\"@type\":\"PropertyValueSpecification\",\"valueRequired\":true,\"valueName\":\"search_term_string\"}}],\"inLanguage\":\"pt-PT\"},{\"@type\":\"Organization\",\"@id\":\"https:\/\/subszone.com\/#organization\",\"name\":\"SubsZone\",\"url\":\"https:\/\/subszone.com\/\",\"logo\":{\"@type\":\"ImageObject\",\"inLanguage\":\"pt-PT\",\"@id\":\"https:\/\/subszone.com\/#\/schema\/logo\/image\/\",\"url\":\"https:\/\/subszone.com\/wp-content\/uploads\/2024\/10\/logo.png\",\"contentUrl\":\"https:\/\/subszone.com\/wp-content\/uploads\/2024\/10\/logo.png\",\"width\":193,\"height\":50,\"caption\":\"SubsZone\"},\"image\":{\"@id\":\"https:\/\/subszone.com\/#\/schema\/logo\/image\/\"}}]}<\/script>\n<!-- \/ Yoast SEO plugin. -->","yoast_head_json":{"title":"Comprar Tricloreto de F\u00f3sforo online - Tricloreto de F\u00f3sforo para venda","description":"A sua encomenda de fornecedor de tricloretos de f\u00f3sforo para venda \u00e9 da nossa responsabilidade. Tomaremos em considera\u00e7\u00e3o o seu pedido de compra de tricloretos de f\u00f3sforo online e entraremos em contacto consigo num curto espa\u00e7o de tempo. Fa\u00e7a j\u00e1 as suas encomendas por grosso!","robots":{"index":"index","follow":"follow","max-snippet":"max-snippet:-1","max-image-preview":"max-image-preview:large","max-video-preview":"max-video-preview:-1"},"canonical":"https:\/\/subszone.com\/pt\/product\/tricloreto-de-fosforo\/","og_locale":"pt_PT","og_type":"article","og_title":"Buy Phosphorus Trichloride online - Phosphorus Trichloride for sale","og_description":"Your order for phosphorus trichlorides supplier for sale is our responsibility. We will take your request to buy phosphorus trichlorides online into consideration and reach you in a short period. Place bulk orders now!","og_url":"https:\/\/subszone.com\/pt\/product\/tricloreto-de-fosforo\/","og_site_name":"SubsZone","article_modified_time":"2025-06-03T07:05:38+00:00","og_image":[{"width":1024,"height":1024,"url":"https:\/\/subszone.com\/wp-content\/uploads\/2024\/10\/c56f8616-083d-4340-81ea-7f4978bf4d05.webp","type":"image\/webp"}],"twitter_card":"summary_large_image","twitter_misc":{"Tempo estimado de leitura":"3 minutos"},"schema":{"@context":"https:\/\/schema.org","@graph":[{"@type":"WebPage","@id":"https:\/\/subszone.com\/product\/phosphorus-trichloride\/","url":"https:\/\/subszone.com\/product\/phosphorus-trichloride\/","name":"Comprar Tricloreto de F\u00f3sforo online - Tricloreto de F\u00f3sforo para venda","isPartOf":{"@id":"https:\/\/subszone.com\/#website"},"primaryImageOfPage":{"@id":"https:\/\/subszone.com\/product\/phosphorus-trichloride\/#primaryimage"},"image":{"@id":"https:\/\/subszone.com\/product\/phosphorus-trichloride\/#primaryimage"},"thumbnailUrl":"https:\/\/subszone.com\/wp-content\/uploads\/2024\/10\/c56f8616-083d-4340-81ea-7f4978bf4d05.webp","datePublished":"2024-10-24T07:03:33+00:00","dateModified":"2025-06-03T07:05:38+00:00","description":"A sua encomenda de fornecedor de tricloretos de f\u00f3sforo para venda \u00e9 da nossa responsabilidade. Tomaremos em considera\u00e7\u00e3o o seu pedido de compra de tricloretos de f\u00f3sforo online e entraremos em contacto consigo num curto espa\u00e7o de tempo. Fa\u00e7a j\u00e1 as suas encomendas por grosso!","breadcrumb":{"@id":"https:\/\/subszone.com\/product\/phosphorus-trichloride\/#breadcrumb"},"inLanguage":"pt-PT","potentialAction":[{"@type":"ReadAction","target":["https:\/\/subszone.com\/product\/phosphorus-trichloride\/"]}]},{"@type":"ImageObject","inLanguage":"pt-PT","@id":"https:\/\/subszone.com\/product\/phosphorus-trichloride\/#primaryimage","url":"https:\/\/subszone.com\/wp-content\/uploads\/2024\/10\/c56f8616-083d-4340-81ea-7f4978bf4d05.webp","contentUrl":"https:\/\/subszone.com\/wp-content\/uploads\/2024\/10\/c56f8616-083d-4340-81ea-7f4978bf4d05.webp","width":1024,"height":1024,"caption":"Buy Phosphorus Trichloride online"},{"@type":"BreadcrumbList","@id":"https:\/\/subszone.com\/product\/phosphorus-trichloride\/#breadcrumb","itemListElement":[{"@type":"ListItem","position":1,"name":"Home","item":"https:\/\/subszone.com\/"},{"@type":"ListItem","position":2,"name":"Shop","item":"https:\/\/subszone.com\/shop\/"},{"@type":"ListItem","position":3,"name":"Buy Phosphorus Trichloride Online"}]},{"@type":"WebSite","@id":"https:\/\/subszone.com\/#website","url":"https:\/\/subszone.com\/","name":"SubsZona","description":"O meu blogue WordPress","publisher":{"@id":"https:\/\/subszone.com\/#organization"},"potentialAction":[{"@type":"SearchAction","target":{"@type":"EntryPoint","urlTemplate":"https:\/\/subszone.com\/?s={search_term_string}"},"query-input":{"@type":"PropertyValueSpecification","valueRequired":true,"valueName":"search_term_string"}}],"inLanguage":"pt-PT"},{"@type":"Organization","@id":"https:\/\/subszone.com\/#organization","name":"SubsZona","url":"https:\/\/subszone.com\/","logo":{"@type":"ImageObject","inLanguage":"pt-PT","@id":"https:\/\/subszone.com\/#\/schema\/logo\/image\/","url":"https:\/\/subszone.com\/wp-content\/uploads\/2024\/10\/logo.png","contentUrl":"https:\/\/subszone.com\/wp-content\/uploads\/2024\/10\/logo.png","width":193,"height":50,"caption":"SubsZone"},"image":{"@id":"https:\/\/subszone.com\/#\/schema\/logo\/image\/"}}]}},"_links":{"self":[{"href":"https:\/\/subszone.com\/pt\/wp-json\/wp\/v2\/product\/1243","targetHints":{"allow":["GET"]}}],"collection":[{"href":"https:\/\/subszone.com\/pt\/wp-json\/wp\/v2\/product"}],"about":[{"href":"https:\/\/subszone.com\/pt\/wp-json\/wp\/v2\/types\/product"}],"replies":[{"embeddable":true,"href":"https:\/\/subszone.com\/pt\/wp-json\/wp\/v2\/comments?post=1243"}],"wp:featuredmedia":[{"embeddable":true,"href":"https:\/\/subszone.com\/pt\/wp-json\/wp\/v2\/media\/1472"}],"wp:attachment":[{"href":"https:\/\/subszone.com\/pt\/wp-json\/wp\/v2\/media?parent=1243"}],"wp:term":[{"taxonomy":"product_brand","embeddable":true,"href":"https:\/\/subszone.com\/pt\/wp-json\/wp\/v2\/product_brand?post=1243"},{"taxonomy":"product_cat","embeddable":true,"href":"https:\/\/subszone.com\/pt\/wp-json\/wp\/v2\/product_cat?post=1243"},{"taxonomy":"product_tag","embeddable":true,"href":"https:\/\/subszone.com\/pt\/wp-json\/wp\/v2\/product_tag?post=1243"}],"curies":[{"name":"wp","href":"https:\/\/api.w.org\/{rel}","templated":true}]}}