{"id":1612,"date":"2024-11-08T04:46:58","date_gmt":"2024-11-08T04:46:58","guid":{"rendered":"https:\/\/subszone.com\/?post_type=product&#038;p=1612"},"modified":"2025-05-31T05:50:18","modified_gmt":"2025-05-31T05:50:18","slug":"hexametileno-triperoxido-diamina-hmtd-precursores-2","status":"publish","type":"product","link":"https:\/\/subszone.com\/pt\/product\/hexametileno-triperoxido-diamina-hmtd-precursores-2\/","title":{"rendered":"Comprar Hexametileno Triper\u00f3xido Diamina (precursores HMTD) Online"},"content":{"rendered":"<h2><strong>Diamina de triper\u00f3xido de hexametileno (HMTD) de elevada pureza para utiliza\u00e7\u00e3o industrial e na investiga\u00e7\u00e3o<\/strong><\/h2>\n<p><a href=\"https:\/\/en.wikipedia.org\/wiki\/Hexamethylene_triperoxide_diamine\"><b>Diamina de triper\u00f3xido de hexamina (precursores de HMTD)<\/b><\/a><span style=\"font-weight: 400;\">, tamb\u00e9m conhecido por <\/span><b>metenamina<\/b><span style=\"font-weight: 400;\"> ou <\/span><b>urotropina<\/b><span style=\"font-weight: 400;\">\u00e9 um composto org\u00e2nico vers\u00e1til, comummente utilizado em ambientes dom\u00e9sticos, industriais e laboratoriais. Reconhecido pela sua <\/span><b>aspeto cristalino branco<\/b><span style=\"font-weight: 400;\"> e <\/span><b>elevada inflamabilidade<\/b><span style=\"font-weight: 400;\">A hexamina serve uma variedade de objectivos pr\u00e1ticos - desde <\/span><b>pastilhas de combust\u00edvel s\u00f3lido para fog\u00f5es de campismo<\/b><span style=\"font-weight: 400;\"> para <\/span><b>um intermedi\u00e1rio qu\u00edmico<\/b><span style=\"font-weight: 400;\"> em resinas e produtos farmac\u00eauticos.<\/span><\/p>\n<p><span style=\"font-weight: 400;\">Quer seja um campista \u00e0 procura de pastilhas de combust\u00edvel fi\u00e1veis ou um investigador \u00e0 procura de um reagente qu\u00edmico, saber como e onde <\/span><b>comprar hexamina Triper\u00f3xido de Diamina (precursores HMTD) online<\/b><span style=\"font-weight: 400;\"> de forma segura e legal \u00e9 fundamental.<\/span><\/p>\n<h3><b>Utiliza\u00e7\u00f5es legais e seguras da hexamina<\/b><\/h3>\n<p><span style=\"font-weight: 400;\">A hexamina \u00e9 amplamente aprovada para utiliza\u00e7\u00e3o em:<\/span><\/p>\n<ul>\n<li style=\"font-weight: 400;\" aria-level=\"1\"><b>Campismo e actividades ao ar livre<\/b><span style=\"font-weight: 400;\"> como <\/span><b>combust\u00edvel s\u00f3lido<\/b><b>\n<p><\/b><\/li>\n<li style=\"font-weight: 400;\" aria-level=\"1\"><b>Fabrico industrial<\/b><span style=\"font-weight: 400;\"> (por exemplo, pl\u00e1sticos, produtos farmac\u00eauticos, precursores de explosivos em ambientes controlados)<\/span><span style=\"font-weight: 400;\">\n<p><\/span><\/li>\n<li style=\"font-weight: 400;\" aria-level=\"1\"><b>Laborat\u00f3rios e instala\u00e7\u00f5es de investiga\u00e7\u00e3o<\/b><span style=\"font-weight: 400;\"> para s\u00edntese qu\u00edmica<\/span><span style=\"font-weight: 400;\">\n<p><\/span><\/li>\n<\/ul>\n<p><span style=\"font-weight: 400;\">Devido \u00e0s suas potenciais aplica\u00e7\u00f5es de dupla utiliza\u00e7\u00e3o, <\/span><b>os regulamentos s\u00e3o importantes<\/b><span style=\"font-weight: 400;\">. Os vendedores de renome cumprem a legisla\u00e7\u00e3o regional e asseguram que os seus clientes cumprem as normas de seguran\u00e7a.<\/span><\/p>\n<h3><b>Como escolher um fornecedor fi\u00e1vel<\/b><\/h3>\n<p><span style=\"font-weight: 400;\">Quando <\/span><b>encomendar hexamina Triper\u00f3xido de Diamina (precursores HMTD) online<\/b><span style=\"font-weight: 400;\">, d\u00ea prioridade a fornecedores que ofere\u00e7am:<\/span><\/p>\n<ul>\n<li style=\"font-weight: 400;\" aria-level=\"1\"><b>Certifica\u00e7\u00f5es adequadas e documenta\u00e7\u00e3o de conformidade<\/b><b>\n<p><\/b><\/li>\n<li style=\"font-weight: 400;\" aria-level=\"1\"><b>Fichas de dados de seguran\u00e7a de materiais (MSDS\/SDS)<\/b><b>\n<p><\/b><\/li>\n<li style=\"font-weight: 400;\" aria-level=\"1\"><b>Avalia\u00e7\u00f5es transparentes e apoio ao cliente reativo<\/b><b>\n<p><\/b><\/li>\n<\/ul>\n<p><b>Fornecedores nacionais<\/b><span style=\"font-weight: 400;\"> podem oferecer envios mais r\u00e1pidos e devolu\u00e7\u00f5es mais f\u00e1ceis, enquanto <\/span><b>fornecedores internacionais<\/b><span style=\"font-weight: 400;\"> podem oferecer melhores pre\u00e7os, mas exigem o desalfandegamento e controlos de conformidade.<\/span><\/p>\n<h2><b>Dicas para comprar Hexamine com seguran\u00e7a online<\/b><\/h2>\n<p><span style=\"font-weight: 400;\">Eis o que procurar:<\/span><\/p>\n<ul>\n<li style=\"font-weight: 400;\" aria-level=\"1\"><b>Rotulagem clara do produto<\/b><span style=\"font-weight: 400;\"> - Verificar o n\u00famero CAS, a pureza e a designa\u00e7\u00e3o qu\u00edmica<\/span><span style=\"font-weight: 400;\">\n<p><\/span><\/li>\n<li style=\"font-weight: 400;\" aria-level=\"1\"><b>Embalagem adequada<\/b><span style=\"font-weight: 400;\"> - Assegurar que est\u00e1 selado, etiquetado e \u00e0 prova de adultera\u00e7\u00e3o<\/span><span style=\"font-weight: 400;\">\n<p><\/span><\/li>\n<li style=\"font-weight: 400;\" aria-level=\"1\"><b>Conselhos para uma armazenagem segura<\/b><span style=\"font-weight: 400;\"> - Armazenar num local seco, fresco e bem ventilado, afastado de chamas abertas ou de materiais incompat\u00edveis<\/span><span style=\"font-weight: 400;\">\n<p><\/span><\/li>\n<\/ul>\n<p><span style=\"font-weight: 400;\">A <\/span><b>fornecedor leg\u00edtimo<\/b><span style=\"font-weight: 400;\"> n\u00e3o se co\u00edbe de fornecer documenta\u00e7\u00e3o ou de responder a quest\u00f5es de seguran\u00e7a.<\/span><\/p>\n<h3><b>Restri\u00e7\u00f5es e regulamentos potenciais<\/b><\/h3>\n<p><span style=\"font-weight: 400;\">Dependendo do seu pa\u00eds, <\/span><b>a hexamina pode ser regulamentada<\/b><span style=\"font-weight: 400;\"> devido \u00e0 sua utiliza\u00e7\u00e3o em reac\u00e7\u00f5es qu\u00edmicas controladas. Por exemplo:<\/span><\/p>\n<ul>\n<li style=\"font-weight: 400;\" aria-level=\"1\"><span style=\"font-weight: 400;\">No <\/span><b>EUA<\/b><span style=\"font-weight: 400;\">\u00c9 legal comprar para uso pessoal ou para investiga\u00e7\u00e3o, mas grandes quantidades podem ser objeto de escrut\u00ednio.<\/span><span style=\"font-weight: 400;\">\n<p><\/span><\/li>\n<li style=\"font-weight: 400;\" aria-level=\"1\"><span style=\"font-weight: 400;\">No <\/span><b>UE e Reino Unido<\/b><span style=\"font-weight: 400;\">As vendas podem exigir declara\u00e7\u00f5es do utilizador final ou verifica\u00e7\u00e3o da empresa.<\/span><span style=\"font-weight: 400;\">\n<p><\/span><\/li>\n<li style=\"font-weight: 400;\" aria-level=\"1\"><b>Restri\u00e7\u00f5es de idade<\/b><span style=\"font-weight: 400;\"> ou <\/span><b>licen\u00e7as comerciais<\/b><span style=\"font-weight: 400;\"> pode ser necess\u00e1rio em algumas regi\u00f5es.<\/span><span style=\"font-weight: 400;\">\n<p><\/span><\/li>\n<\/ul>\n<p><span style=\"font-weight: 400;\">Verifique sempre o seu <\/span><b>leis locais<\/b><span style=\"font-weight: 400;\"> antes de efetuar uma encomenda.<\/span><\/p>\n<h3><b>Conclus\u00e3o<\/b><\/h3>\n<p><span style=\"font-weight: 400;\">Comprar hexamina online \u00e9 pr\u00e1tico e c\u00f3modo.<\/span><b>se for feito de forma respons\u00e1vel<\/b><span style=\"font-weight: 400;\">. Escolha vendedores com boa reputa\u00e7\u00e3o, cumpra os regulamentos locais e guarde-o em seguran\u00e7a. Quer esteja \u00e0 procura de <\/span><b>pre\u00e7os baratos da hexamina<\/b><span style=\"font-weight: 400;\">comparar fornecedores, ou simplesmente encontrar o <\/span><b>melhor s\u00edtio para comprar <a href=\"https:\/\/subszone.com\/pt\/product\/precursores-hmtd-de-diamina-de-triperoxido-de-hexametileno\/\">Diamina de triper\u00f3xido de hexamina (precursores HMTD)<\/a><\/b><span style=\"font-weight: 400;\">, dar prioridade <\/span><b>legalidade, seguran\u00e7a e qualidade<\/b><span style=\"font-weight: 400;\">.<\/span><\/p>","protected":false},"excerpt":{"rendered":"<p><strong>Sin\u00f3nimo(s): Diisocianato de hexametileno, 1,6-diisocianatohexano<\/strong><br \/>\n<strong>F\u00f3rmula linear: OCN(CH2)6NCO<\/strong><br \/>\n<strong>N.\u00ba CAS:822-06-0<\/strong><br \/>\n<strong>Peso molecular: 168,19<\/strong><br \/>\n<strong>N.\u00ba CE: 212-485-8<\/strong><br \/>\n<strong>N.\u00ba Beilstein:956709<\/strong><\/p>","protected":false},"featured_media":1421,"comment_status":"open","ping_status":"closed","template":"","meta":{"_kadence_starter_templates_imported_post":false,"_kad_post_transparent":"default","_kad_post_title":"","_kad_post_layout":"default","_kad_post_sidebar_id":"","_kad_post_content_style":"default","_kad_post_vertical_padding":"default","_kad_post_feature":"","_kad_post_feature_position":"","_kad_post_header":false,"_kad_post_footer":false,"_joinchat":[]},"product_brand":[],"product_cat":[60],"product_tag":[234,235,236,237,238,239,240,241,242,243,244,245,246,247,248,249,250,251,252,253],"class_list":{"0":"post-1612","1":"product","2":"type-product","3":"status-publish","4":"has-post-thumbnail","6":"product_cat-fire-retardants-and-protective-coatings","7":"product_tag-buy-hexamethylene-triperoxide-diamine","8":"product_tag-buy-hmtd-online","9":"product_tag-buy-nitro-compounds","10":"product_tag-buy-peroxide-explosives","11":"product_tag-diamine-precursors-for-purchase","12":"product_tag-explosive-chemicals-for-sale","13":"product_tag-hexamethylenetetramine-suppliers","14":"product_tag-hmtd-applications-for-purchase","15":"product_tag-hmtd-chemical-properties","16":"product_tag-hmtd-formulation-supplies","17":"product_tag-hmtd-precursors-for-sale","18":"product_tag-hmtd-production-kits","19":"product_tag-hmtd-safety-data-sheets","20":"product_tag-hmtd-synthesis-materials","21":"product_tag-laboratory-synthesis-of-hmtd-supplies","22":"product_tag-organic-peroxide-suppliers","23":"product_tag-purchase-hexamine","24":"product_tag-stability-testing-for-hmtd","25":"product_tag-where-to-buy-hmtd","26":"product_tag-wholesale-hmtd-suppliers","28":"first","29":"instock","30":"shipping-taxable","31":"product-type-simple","32":"entry","33":"content-bg","34":"loop-entry"},"yoast_head":"<!-- This site is optimized with the Yoast SEO plugin v25.6 - https:\/\/yoast.com\/wordpress\/plugins\/seo\/ -->\n<title>Buy Hexamethylene Triperoxide Diamine Online | Subszone<\/title>\n<meta name=\"description\" content=\"If you have not tried hexamethylene triperoxide diamine from our store, then you are missing a lot. We will help you buy hexamethylene triperoxide diamine online at cheap rates. Get hexamethylene triperoxide diamine for sale today!\" \/>\n<meta name=\"robots\" content=\"index, follow, max-snippet:-1, max-image-preview:large, max-video-preview:-1\" \/>\n<link rel=\"canonical\" href=\"https:\/\/subszone.com\/pt\/product\/hexametileno-triperoxido-diamina-hmtd-precursores-2\/\" \/>\n<meta property=\"og:locale\" content=\"pt_PT\" \/>\n<meta property=\"og:type\" content=\"article\" \/>\n<meta property=\"og:title\" content=\"Buy Hexamethylene Triperoxide Diamine Online | Subszone\" \/>\n<meta property=\"og:description\" content=\"If you have not tried hexamethylene triperoxide diamine from our store, then you are missing a lot. We will help you buy hexamethylene triperoxide diamine online at cheap rates. Get hexamethylene triperoxide diamine for sale today!\" \/>\n<meta property=\"og:url\" content=\"https:\/\/subszone.com\/pt\/product\/hexametileno-triperoxido-diamina-hmtd-precursores-2\/\" \/>\n<meta property=\"og:site_name\" content=\"SubsZone\" \/>\n<meta property=\"article:modified_time\" content=\"2025-05-31T05:50:18+00:00\" \/>\n<meta property=\"og:image\" content=\"https:\/\/subszone.com\/wp-content\/uploads\/2024\/10\/Hexamethylene-Triperoxide-Diamine-HMTD-precursors-2.gif\" \/>\n\t<meta property=\"og:image:width\" content=\"600\" \/>\n\t<meta property=\"og:image:height\" content=\"600\" \/>\n\t<meta property=\"og:image:type\" content=\"image\/gif\" \/>\n<meta name=\"twitter:card\" content=\"summary_large_image\" \/>\n<meta name=\"twitter:label1\" content=\"Tempo estimado de leitura\" \/>\n\t<meta name=\"twitter:data1\" content=\"2 minutos\" \/>\n<script type=\"application\/ld+json\" class=\"yoast-schema-graph\">{\"@context\":\"https:\/\/schema.org\",\"@graph\":[{\"@type\":\"WebPage\",\"@id\":\"https:\/\/subszone.com\/product\/hexamethylene-triperoxide-diamine-hmtd-precursors-2\/\",\"url\":\"https:\/\/subszone.com\/product\/hexamethylene-triperoxide-diamine-hmtd-precursors-2\/\",\"name\":\"Buy Hexamethylene Triperoxide Diamine Online | Subszone\",\"isPartOf\":{\"@id\":\"https:\/\/subszone.com\/#website\"},\"primaryImageOfPage\":{\"@id\":\"https:\/\/subszone.com\/product\/hexamethylene-triperoxide-diamine-hmtd-precursors-2\/#primaryimage\"},\"image\":{\"@id\":\"https:\/\/subszone.com\/product\/hexamethylene-triperoxide-diamine-hmtd-precursors-2\/#primaryimage\"},\"thumbnailUrl\":\"https:\/\/subszone.com\/wp-content\/uploads\/2024\/10\/Hexamethylene-Triperoxide-Diamine-HMTD-precursors-2.gif\",\"datePublished\":\"2024-11-08T04:46:58+00:00\",\"dateModified\":\"2025-05-31T05:50:18+00:00\",\"description\":\"If you have not tried hexamethylene triperoxide diamine from our store, then you are missing a lot. We will help you buy hexamethylene triperoxide diamine online at cheap rates. Get hexamethylene triperoxide diamine for sale today!\",\"breadcrumb\":{\"@id\":\"https:\/\/subszone.com\/product\/hexamethylene-triperoxide-diamine-hmtd-precursors-2\/#breadcrumb\"},\"inLanguage\":\"pt-PT\",\"potentialAction\":[{\"@type\":\"ReadAction\",\"target\":[\"https:\/\/subszone.com\/product\/hexamethylene-triperoxide-diamine-hmtd-precursors-2\/\"]}]},{\"@type\":\"ImageObject\",\"inLanguage\":\"pt-PT\",\"@id\":\"https:\/\/subszone.com\/product\/hexamethylene-triperoxide-diamine-hmtd-precursors-2\/#primaryimage\",\"url\":\"https:\/\/subszone.com\/wp-content\/uploads\/2024\/10\/Hexamethylene-Triperoxide-Diamine-HMTD-precursors-2.gif\",\"contentUrl\":\"https:\/\/subszone.com\/wp-content\/uploads\/2024\/10\/Hexamethylene-Triperoxide-Diamine-HMTD-precursors-2.gif\",\"width\":600,\"height\":600,\"caption\":\"Buy Hexamethylene Triperoxide Diamine (HMTD precursors) Online\"},{\"@type\":\"BreadcrumbList\",\"@id\":\"https:\/\/subszone.com\/product\/hexamethylene-triperoxide-diamine-hmtd-precursors-2\/#breadcrumb\",\"itemListElement\":[{\"@type\":\"ListItem\",\"position\":1,\"name\":\"Home\",\"item\":\"https:\/\/subszone.com\/\"},{\"@type\":\"ListItem\",\"position\":2,\"name\":\"Shop\",\"item\":\"https:\/\/subszone.com\/shop\/\"},{\"@type\":\"ListItem\",\"position\":3,\"name\":\"Buy Hexamethylene Triperoxide Diamine (HMTD precursors) Online\"}]},{\"@type\":\"WebSite\",\"@id\":\"https:\/\/subszone.com\/#website\",\"url\":\"https:\/\/subszone.com\/\",\"name\":\"SubsZone\",\"description\":\"My WordPress Blog\",\"publisher\":{\"@id\":\"https:\/\/subszone.com\/#organization\"},\"potentialAction\":[{\"@type\":\"SearchAction\",\"target\":{\"@type\":\"EntryPoint\",\"urlTemplate\":\"https:\/\/subszone.com\/?s={search_term_string}\"},\"query-input\":{\"@type\":\"PropertyValueSpecification\",\"valueRequired\":true,\"valueName\":\"search_term_string\"}}],\"inLanguage\":\"pt-PT\"},{\"@type\":\"Organization\",\"@id\":\"https:\/\/subszone.com\/#organization\",\"name\":\"SubsZone\",\"url\":\"https:\/\/subszone.com\/\",\"logo\":{\"@type\":\"ImageObject\",\"inLanguage\":\"pt-PT\",\"@id\":\"https:\/\/subszone.com\/#\/schema\/logo\/image\/\",\"url\":\"https:\/\/subszone.com\/wp-content\/uploads\/2024\/10\/logo.png\",\"contentUrl\":\"https:\/\/subszone.com\/wp-content\/uploads\/2024\/10\/logo.png\",\"width\":193,\"height\":50,\"caption\":\"SubsZone\"},\"image\":{\"@id\":\"https:\/\/subszone.com\/#\/schema\/logo\/image\/\"}}]}<\/script>\n<!-- \/ Yoast SEO plugin. -->","yoast_head_json":{"title":"Comprar Hexametileno Triper\u00f3xido Diamina Online | Subszone","description":"Se ainda n\u00e3o experimentou o hexametileno triper\u00f3xido de diamina da nossa loja, ent\u00e3o est\u00e1 a perder muito. Ajudamo-lo a comprar hexametileno triper\u00f3xido de diamina online a pre\u00e7os baratos. Obtenha hexametileno triper\u00f3xido de diamina para venda hoje!","robots":{"index":"index","follow":"follow","max-snippet":"max-snippet:-1","max-image-preview":"max-image-preview:large","max-video-preview":"max-video-preview:-1"},"canonical":"https:\/\/subszone.com\/pt\/product\/hexametileno-triperoxido-diamina-hmtd-precursores-2\/","og_locale":"pt_PT","og_type":"article","og_title":"Buy Hexamethylene Triperoxide Diamine Online | Subszone","og_description":"If you have not tried hexamethylene triperoxide diamine from our store, then you are missing a lot. We will help you buy hexamethylene triperoxide diamine online at cheap rates. Get hexamethylene triperoxide diamine for sale today!","og_url":"https:\/\/subszone.com\/pt\/product\/hexametileno-triperoxido-diamina-hmtd-precursores-2\/","og_site_name":"SubsZone","article_modified_time":"2025-05-31T05:50:18+00:00","og_image":[{"width":600,"height":600,"url":"https:\/\/subszone.com\/wp-content\/uploads\/2024\/10\/Hexamethylene-Triperoxide-Diamine-HMTD-precursors-2.gif","type":"image\/gif"}],"twitter_card":"summary_large_image","twitter_misc":{"Tempo estimado de leitura":"2 minutos"},"schema":{"@context":"https:\/\/schema.org","@graph":[{"@type":"WebPage","@id":"https:\/\/subszone.com\/product\/hexamethylene-triperoxide-diamine-hmtd-precursors-2\/","url":"https:\/\/subszone.com\/product\/hexamethylene-triperoxide-diamine-hmtd-precursors-2\/","name":"Comprar Hexametileno Triper\u00f3xido Diamina Online | Subszone","isPartOf":{"@id":"https:\/\/subszone.com\/#website"},"primaryImageOfPage":{"@id":"https:\/\/subszone.com\/product\/hexamethylene-triperoxide-diamine-hmtd-precursors-2\/#primaryimage"},"image":{"@id":"https:\/\/subszone.com\/product\/hexamethylene-triperoxide-diamine-hmtd-precursors-2\/#primaryimage"},"thumbnailUrl":"https:\/\/subszone.com\/wp-content\/uploads\/2024\/10\/Hexamethylene-Triperoxide-Diamine-HMTD-precursors-2.gif","datePublished":"2024-11-08T04:46:58+00:00","dateModified":"2025-05-31T05:50:18+00:00","description":"Se ainda n\u00e3o experimentou o hexametileno triper\u00f3xido de diamina da nossa loja, ent\u00e3o est\u00e1 a perder muito. Ajudamo-lo a comprar hexametileno triper\u00f3xido de diamina online a pre\u00e7os baratos. Obtenha hexametileno triper\u00f3xido de diamina para venda hoje!","breadcrumb":{"@id":"https:\/\/subszone.com\/product\/hexamethylene-triperoxide-diamine-hmtd-precursors-2\/#breadcrumb"},"inLanguage":"pt-PT","potentialAction":[{"@type":"ReadAction","target":["https:\/\/subszone.com\/product\/hexamethylene-triperoxide-diamine-hmtd-precursors-2\/"]}]},{"@type":"ImageObject","inLanguage":"pt-PT","@id":"https:\/\/subszone.com\/product\/hexamethylene-triperoxide-diamine-hmtd-precursors-2\/#primaryimage","url":"https:\/\/subszone.com\/wp-content\/uploads\/2024\/10\/Hexamethylene-Triperoxide-Diamine-HMTD-precursors-2.gif","contentUrl":"https:\/\/subszone.com\/wp-content\/uploads\/2024\/10\/Hexamethylene-Triperoxide-Diamine-HMTD-precursors-2.gif","width":600,"height":600,"caption":"Buy Hexamethylene Triperoxide Diamine (HMTD precursors) Online"},{"@type":"BreadcrumbList","@id":"https:\/\/subszone.com\/product\/hexamethylene-triperoxide-diamine-hmtd-precursors-2\/#breadcrumb","itemListElement":[{"@type":"ListItem","position":1,"name":"Home","item":"https:\/\/subszone.com\/"},{"@type":"ListItem","position":2,"name":"Shop","item":"https:\/\/subszone.com\/shop\/"},{"@type":"ListItem","position":3,"name":"Buy Hexamethylene Triperoxide Diamine (HMTD precursors) Online"}]},{"@type":"WebSite","@id":"https:\/\/subszone.com\/#website","url":"https:\/\/subszone.com\/","name":"SubsZona","description":"O meu blogue WordPress","publisher":{"@id":"https:\/\/subszone.com\/#organization"},"potentialAction":[{"@type":"SearchAction","target":{"@type":"EntryPoint","urlTemplate":"https:\/\/subszone.com\/?s={search_term_string}"},"query-input":{"@type":"PropertyValueSpecification","valueRequired":true,"valueName":"search_term_string"}}],"inLanguage":"pt-PT"},{"@type":"Organization","@id":"https:\/\/subszone.com\/#organization","name":"SubsZona","url":"https:\/\/subszone.com\/","logo":{"@type":"ImageObject","inLanguage":"pt-PT","@id":"https:\/\/subszone.com\/#\/schema\/logo\/image\/","url":"https:\/\/subszone.com\/wp-content\/uploads\/2024\/10\/logo.png","contentUrl":"https:\/\/subszone.com\/wp-content\/uploads\/2024\/10\/logo.png","width":193,"height":50,"caption":"SubsZone"},"image":{"@id":"https:\/\/subszone.com\/#\/schema\/logo\/image\/"}}]}},"_links":{"self":[{"href":"https:\/\/subszone.com\/pt\/wp-json\/wp\/v2\/product\/1612","targetHints":{"allow":["GET"]}}],"collection":[{"href":"https:\/\/subszone.com\/pt\/wp-json\/wp\/v2\/product"}],"about":[{"href":"https:\/\/subszone.com\/pt\/wp-json\/wp\/v2\/types\/product"}],"replies":[{"embeddable":true,"href":"https:\/\/subszone.com\/pt\/wp-json\/wp\/v2\/comments?post=1612"}],"wp:featuredmedia":[{"embeddable":true,"href":"https:\/\/subszone.com\/pt\/wp-json\/wp\/v2\/media\/1421"}],"wp:attachment":[{"href":"https:\/\/subszone.com\/pt\/wp-json\/wp\/v2\/media?parent=1612"}],"wp:term":[{"taxonomy":"product_brand","embeddable":true,"href":"https:\/\/subszone.com\/pt\/wp-json\/wp\/v2\/product_brand?post=1612"},{"taxonomy":"product_cat","embeddable":true,"href":"https:\/\/subszone.com\/pt\/wp-json\/wp\/v2\/product_cat?post=1612"},{"taxonomy":"product_tag","embeddable":true,"href":"https:\/\/subszone.com\/pt\/wp-json\/wp\/v2\/product_tag?post=1612"}],"curies":[{"name":"wp","href":"https:\/\/api.w.org\/{rel}","templated":true}]}}