{"id":1613,"date":"2024-11-08T04:48:25","date_gmt":"2024-11-08T04:48:25","guid":{"rendered":"https:\/\/subszone.com\/?post_type=product&#038;p=1613"},"modified":"2025-02-20T06:54:24","modified_gmt":"2025-02-20T06:54:24","slug":"acido-cloridrico-de-alta-concentracao-2","status":"publish","type":"product","link":"https:\/\/subszone.com\/pt\/product\/acido-cloridrico-de-alta-concentracao-2\/","title":{"rendered":"Comprar \u00e1cido clor\u00eddrico (alta concentra\u00e7\u00e3o) online"},"content":{"rendered":"<h2><strong>\u00c1cido clor\u00eddrico (HCl) <a href=\"https:\/\/subszone.com\/pt\/product\/ureia\/\">-<\/a> Fornecedor industrial e laboratorial de alta pureza<\/strong><\/h2>\n<p>\u00c1cido clor\u00eddrico de alta pureza, At <a href=\"https:\/\/subszone.com\/pt\/\"><strong>Subszone.com<\/strong><\/a>, fornecemos produtos de qualidade superior <a href=\"https:\/\/subszone.com\/pt\/product\/acido-cloridrico-de-alta-concentracao-2\/\"><strong>\u00c1cido clor\u00eddrico (HCl)<\/strong><\/a> adaptado para aplica\u00e7\u00f5es industriais, qu\u00edmicas e laboratoriais em todo o mundo. Conhecido pela sua reatividade e versatilidade, o \u00e1cido clor\u00eddrico \u00e9 essencial em ind\u00fastrias como <strong>processamento qu\u00edmico<\/strong>, <strong>tratamento da \u00e1gua<\/strong>, <strong>produtos farmac\u00eauticos<\/strong>e <strong>refina\u00e7\u00e3o de metais<\/strong>. Com op\u00e7\u00f5es em v\u00e1rias concentra\u00e7\u00f5es e quantidades, o Subszone.com garante um fornecimento seguro, compat\u00edvel e fi\u00e1vel para profissionais em <strong>Am\u00e9rica do Norte<\/strong>, <strong>Europa<\/strong>, <strong>\u00c1sia<\/strong>e <strong>Am\u00e9rica do Sul<\/strong><a href=\"https:\/\/legitchemicals.com\/de\/produkt\/ghb-gamma-hydroxybutyrat-zum-verkauf\/\">.<\/a><\/p>\n<h3><strong>Porqu\u00ea escolher a Subszone para o \u00e1cido clor\u00eddrico de alta pureza?<\/strong><\/h3>\n<ol>\n<li><strong>Pureza excecional e garantia de qualidade<\/strong><br \/>\nO nosso <a href=\"https:\/\/en.wikipedia.org\/wiki\/Hydrochloric_acid\">\u00e1cido clor\u00eddrico<\/a> cumpre rigorosos padr\u00f5es de pureza, proporcionando um desempenho fi\u00e1vel e consistente em aplica\u00e7\u00f5es que requerem propriedades qu\u00edmicas espec\u00edficas. O compromisso da Subszone com a qualidade garante que o nosso HCl \u00e9 ideal para ambientes industriais e laboratoriais de elevada exig\u00eancia.<\/li>\n<li><strong>Op\u00e7\u00f5es flex\u00edveis de quantidade - desde a escala de laborat\u00f3rio at\u00e9 ao fornecimento a granel<\/strong><br \/>\nA Subszone oferece \u00e1cido clor\u00eddrico em quantidades flex\u00edveis, desde pequenos contentores \u00e0 escala laboratorial at\u00e9 encomendas a granel para grandes necessidades industriais. Os nossos pre\u00e7os competitivos e op\u00e7\u00f5es personalizadas apoiam empresas de todas as escalas, desde laborat\u00f3rios a grandes fabricantes.<\/li>\n<li><strong>Envio global seguro e embalagem em conformidade com a regulamenta\u00e7\u00e3o<\/strong><br \/>\nEnviamos \u00e1cido clor\u00eddrico para todo o mundo com embalagens especializadas para garantir um tr\u00e2nsito seguro e em conformidade. Servindo os principais mercados em <strong>Am\u00e9rica do Norte<\/strong>, <strong>Europa<\/strong>, <strong>\u00c1sia<\/strong>e <strong>Am\u00e9rica do Sul<\/strong>A Subszone mant\u00e9m a integridade do produto e est\u00e1 em conformidade com os regulamentos de seguran\u00e7a internacionais para uma entrega r\u00e1pida e fi\u00e1vel.<\/li>\n<\/ol>\n<h3><strong>Aplica\u00e7\u00f5es do \u00e1cido clor\u00eddrico na ind\u00fastria e na investiga\u00e7\u00e3o<\/strong><\/h3>\n<p>A versatilidade do \u00e1cido clor\u00eddrico torna-o indispens\u00e1vel em numerosos dom\u00ednios:<\/p>\n<ul>\n<li><strong>Tratamento da \u00e1gua<\/strong>: O HCl desempenha um papel crucial no ajuste do pH nas esta\u00e7\u00f5es de tratamento de \u00e1gua a n\u00edvel mundial, ajudando a manter os padr\u00f5es de qualidade da \u00e1gua segura.<\/li>\n<li><strong>Refina\u00e7\u00e3o de metais e limpeza de superf\u00edcies<\/strong>: Conhecido pela sua reatividade, o \u00e1cido clor\u00eddrico \u00e9 amplamente utilizado em <strong>decapagem de a\u00e7o<\/strong>, <strong>limpeza de metais<\/strong>e outros processos de refina\u00e7\u00e3o para remover impurezas e preparar superf\u00edcies.<\/li>\n<li><strong>Processamento de alimentos e bebidas<\/strong>: Utilizado para regular o pH, o HCl \u00e9 um importante aditivo alimentar em condi\u00e7\u00f5es regulamentares rigorosas.<\/li>\n<li><strong>Produ\u00e7\u00e3o farmac\u00eautica<\/strong>: No sector farmac\u00eautico, o \u00e1cido clor\u00eddrico \u00e9 essencial para as reac\u00e7\u00f5es qu\u00edmicas controladas no fabrico de certos medicamentos.<\/li>\n<\/ul>\n<p>O \u00e1cido clor\u00eddrico de alta pureza da Subszone.com apoia estas aplica\u00e7\u00f5es, cumprindo os rigorosos requisitos de qualidade exigidos pelos sectores industrial, qu\u00edmico e de investiga\u00e7\u00e3o em todo o mundo.<\/p>\n<h3><strong>Fornecimento global e conformidade para \u00e1cido clor\u00eddrico<\/strong><\/h3>\n<p>A Subszone.com fornece \u00e1cido clor\u00eddrico em total conformidade com os regulamentos locais e internacionais, com o apoio de <strong>Fichas de dados de seguran\u00e7a de materiais (MSDS)<\/strong> e <strong>Certificados de an\u00e1lise (COA)<\/strong> para rastreabilidade e garantia de qualidade. O nosso compromisso com a distribui\u00e7\u00e3o respons\u00e1vel fez da Subszone um fornecedor de confian\u00e7a para as ind\u00fastrias que requerem um fornecimento de HCl seguro e em conformidade.<\/p>\n<h4><strong>Porque \u00e9 que os profissionais confiam em Subszone.com para o \u00e1cido clor\u00eddrico:<\/strong><\/h4>\n<ul>\n<li><strong>Alta pureza consistente<\/strong>: O nosso HCl \u00e9 submetido a testes rigorosos para cumprir as normas industriais e laboratoriais globais.<\/li>\n<li><strong>Conformidade, embalagem segura<\/strong>: As embalagens da Subszone cumprem os requisitos internacionais de seguran\u00e7a, garantindo um manuseamento seguro e preservando a qualidade do produto.<\/li>\n<li><strong>Distribui\u00e7\u00e3o global eficiente<\/strong>: Com uma rede log\u00edstica robusta, entregamos de forma segura e r\u00e1pida nos principais mercados mundiais.<\/li>\n<\/ul>\n<h3><strong>Comprar \u00c1cido Clor\u00eddrico em Subszone.com - Com a confian\u00e7a de ind\u00fastrias em todo o mundo<\/strong><\/h3>\n<p>Quando encomenda na Subszone.com, est\u00e1 a fazer uma parceria com um fornecedor empenhado na excel\u00eancia, seguran\u00e7a e conformidade global. O nosso \u00e1cido clor\u00eddrico de alta pureza suporta aplica\u00e7\u00f5es essenciais em <strong>s\u00edntese qu\u00edmica<\/strong>, <strong>tratamento da \u00e1gua<\/strong>, <strong>fabrico de produtos farmac\u00eauticos<\/strong>e <strong>refina\u00e7\u00e3o de metais<\/strong>. Subszone.com \u00e9 a escolha dos profissionais que valorizam a qualidade e o servi\u00e7o fi\u00e1vel.<\/p>\n<h4><strong>Fa\u00e7a a sua encomenda hoje<\/strong><\/h4>\n<p>Explore as nossas op\u00e7\u00f5es de \u00e1cido clor\u00eddrico em <strong>Subszone.com<\/strong>dispon\u00edvel em concentra\u00e7\u00f5es e quantidades que correspondem aos requisitos da sua ind\u00fastria. Descubra porque \u00e9 que os profissionais de todo o mundo confiam na Subszone para o seu fornecimento de \u00e1cido clor\u00eddrico e descubra a diferen\u00e7a em termos de qualidade, conformidade e servi\u00e7o.<\/p>","protected":false},"excerpt":{"rendered":"<p>O \u00e1cido clor\u00eddrico (HCl) \u00e9 um \u00e1cido forte, incolor e com um odor pungente. \u00c9 uma solu\u00e7\u00e3o de cloreto de hidrog\u00e9nio gasoso em \u00e1gua e \u00e9 amplamente utilizado em v\u00e1rias aplica\u00e7\u00f5es industriais e laboratoriais. O \u00e1cido clor\u00eddrico \u00e9 conhecido pelas suas propriedades corrosivas e pela sua capacidade de reagir com uma vasta gama de subst\u00e2ncias.<\/p>\n<ul>\n<li><strong>F\u00f3rmula qu\u00edmica<\/strong>: HCl<\/li>\n<li><strong>Peso molecular<\/strong>: 36,46 g\/mol<\/li>\n<li><strong>Ponto de ebuli\u00e7\u00e3o<\/strong>: Aproximadamente 110 \u00b0C (230 \u00b0F)<\/li>\n<li><strong>Densidade<\/strong>: 1,18 g\/cm\u00b3 (para solu\u00e7\u00e3o concentrada)<\/li>\n<li><strong>pH<\/strong>: Fortemente \u00e1cido, com um pH inferior a 1 em solu\u00e7\u00f5es concentradas.<\/li>\n<\/ul>\n<p><strong>N.\u00ba CAS:7647-01-0<\/strong><br \/>\n<strong>Peso molecular:36.46<\/strong><\/p>","protected":false},"featured_media":1464,"comment_status":"open","ping_status":"closed","template":"","meta":{"_kadence_starter_templates_imported_post":false,"_kad_post_transparent":"default","_kad_post_title":"","_kad_post_layout":"default","_kad_post_sidebar_id":"","_kad_post_content_style":"default","_kad_post_vertical_padding":"default","_kad_post_feature":"","_kad_post_feature_position":"","_kad_post_header":false,"_kad_post_footer":false,"_joinchat":[]},"product_brand":[],"product_cat":[59],"product_tag":[],"class_list":{"0":"post-1613","1":"product","2":"type-product","3":"status-publish","4":"has-post-thumbnail","6":"product_cat-chemical-manufacturing-and-synthesis","8":"first","9":"instock","10":"shipping-taxable","11":"product-type-simple","12":"entry","13":"content-bg","14":"loop-entry"},"yoast_head":"<!-- This site is optimized with the Yoast SEO plugin v25.6 - https:\/\/yoast.com\/wordpress\/plugins\/seo\/ -->\n<title>Buy Hydrochloric Acid (High Concentration) Online | Subszone<\/title>\n<meta name=\"description\" content=\"If you are passionate about hydrochloric acid high concentration, then our store is the best place to buy hydrochloric acid high concentration online. You can have hydrochloric acid high concentration for sale at lowest price. Order now\" \/>\n<meta name=\"robots\" content=\"index, follow, max-snippet:-1, max-image-preview:large, max-video-preview:-1\" \/>\n<link rel=\"canonical\" href=\"https:\/\/subszone.com\/pt\/product\/acido-cloridrico-de-alta-concentracao-2\/\" \/>\n<meta property=\"og:locale\" content=\"pt_PT\" \/>\n<meta property=\"og:type\" content=\"article\" \/>\n<meta property=\"og:title\" content=\"Buy Hydrochloric Acid (High Concentration) Online | Subszone\" \/>\n<meta property=\"og:description\" content=\"If you are passionate about hydrochloric acid high concentration, then our store is the best place to buy hydrochloric acid high concentration online. You can have hydrochloric acid high concentration for sale at lowest price. Order now\" \/>\n<meta property=\"og:url\" content=\"https:\/\/subszone.com\/pt\/product\/acido-cloridrico-de-alta-concentracao-2\/\" \/>\n<meta property=\"og:site_name\" content=\"SubsZone\" \/>\n<meta property=\"article:modified_time\" content=\"2025-02-20T06:54:24+00:00\" \/>\n<meta property=\"og:image\" content=\"https:\/\/subszone.com\/wp-content\/uploads\/2024\/10\/05450db6-07fb-4824-9e15-0483430efa4d.webp\" \/>\n\t<meta property=\"og:image:width\" content=\"1024\" \/>\n\t<meta property=\"og:image:height\" content=\"1024\" \/>\n\t<meta property=\"og:image:type\" content=\"image\/webp\" \/>\n<meta name=\"twitter:card\" content=\"summary_large_image\" \/>\n<meta name=\"twitter:label1\" content=\"Tempo estimado de leitura\" \/>\n\t<meta name=\"twitter:data1\" content=\"3 minutos\" \/>\n<script type=\"application\/ld+json\" class=\"yoast-schema-graph\">{\"@context\":\"https:\/\/schema.org\",\"@graph\":[{\"@type\":\"WebPage\",\"@id\":\"https:\/\/subszone.com\/product\/hydrochloric-acid-high-concentration-2\/\",\"url\":\"https:\/\/subszone.com\/product\/hydrochloric-acid-high-concentration-2\/\",\"name\":\"Buy Hydrochloric Acid (High Concentration) Online | Subszone\",\"isPartOf\":{\"@id\":\"https:\/\/subszone.com\/#website\"},\"primaryImageOfPage\":{\"@id\":\"https:\/\/subszone.com\/product\/hydrochloric-acid-high-concentration-2\/#primaryimage\"},\"image\":{\"@id\":\"https:\/\/subszone.com\/product\/hydrochloric-acid-high-concentration-2\/#primaryimage\"},\"thumbnailUrl\":\"https:\/\/subszone.com\/wp-content\/uploads\/2024\/10\/05450db6-07fb-4824-9e15-0483430efa4d.webp\",\"datePublished\":\"2024-11-08T04:48:25+00:00\",\"dateModified\":\"2025-02-20T06:54:24+00:00\",\"description\":\"If you are passionate about hydrochloric acid high concentration, then our store is the best place to buy hydrochloric acid high concentration online. You can have hydrochloric acid high concentration for sale at lowest price. Order now\",\"breadcrumb\":{\"@id\":\"https:\/\/subszone.com\/product\/hydrochloric-acid-high-concentration-2\/#breadcrumb\"},\"inLanguage\":\"pt-PT\",\"potentialAction\":[{\"@type\":\"ReadAction\",\"target\":[\"https:\/\/subszone.com\/product\/hydrochloric-acid-high-concentration-2\/\"]}]},{\"@type\":\"ImageObject\",\"inLanguage\":\"pt-PT\",\"@id\":\"https:\/\/subszone.com\/product\/hydrochloric-acid-high-concentration-2\/#primaryimage\",\"url\":\"https:\/\/subszone.com\/wp-content\/uploads\/2024\/10\/05450db6-07fb-4824-9e15-0483430efa4d.webp\",\"contentUrl\":\"https:\/\/subszone.com\/wp-content\/uploads\/2024\/10\/05450db6-07fb-4824-9e15-0483430efa4d.webp\",\"width\":1024,\"height\":1024,\"caption\":\"Buy Hydrochloric Acid (High Concentration) Online\"},{\"@type\":\"BreadcrumbList\",\"@id\":\"https:\/\/subszone.com\/product\/hydrochloric-acid-high-concentration-2\/#breadcrumb\",\"itemListElement\":[{\"@type\":\"ListItem\",\"position\":1,\"name\":\"Home\",\"item\":\"https:\/\/subszone.com\/\"},{\"@type\":\"ListItem\",\"position\":2,\"name\":\"Shop\",\"item\":\"https:\/\/subszone.com\/shop\/\"},{\"@type\":\"ListItem\",\"position\":3,\"name\":\"Buy Hydrochloric Acid (High Concentration) Online\"}]},{\"@type\":\"WebSite\",\"@id\":\"https:\/\/subszone.com\/#website\",\"url\":\"https:\/\/subszone.com\/\",\"name\":\"SubsZone\",\"description\":\"My WordPress Blog\",\"publisher\":{\"@id\":\"https:\/\/subszone.com\/#organization\"},\"potentialAction\":[{\"@type\":\"SearchAction\",\"target\":{\"@type\":\"EntryPoint\",\"urlTemplate\":\"https:\/\/subszone.com\/?s={search_term_string}\"},\"query-input\":{\"@type\":\"PropertyValueSpecification\",\"valueRequired\":true,\"valueName\":\"search_term_string\"}}],\"inLanguage\":\"pt-PT\"},{\"@type\":\"Organization\",\"@id\":\"https:\/\/subszone.com\/#organization\",\"name\":\"SubsZone\",\"url\":\"https:\/\/subszone.com\/\",\"logo\":{\"@type\":\"ImageObject\",\"inLanguage\":\"pt-PT\",\"@id\":\"https:\/\/subszone.com\/#\/schema\/logo\/image\/\",\"url\":\"https:\/\/subszone.com\/wp-content\/uploads\/2024\/10\/logo.png\",\"contentUrl\":\"https:\/\/subszone.com\/wp-content\/uploads\/2024\/10\/logo.png\",\"width\":193,\"height\":50,\"caption\":\"SubsZone\"},\"image\":{\"@id\":\"https:\/\/subszone.com\/#\/schema\/logo\/image\/\"}}]}<\/script>\n<!-- \/ Yoast SEO plugin. -->","yoast_head_json":{"title":"Comprar \u00c1cido Clor\u00eddrico (Alta Concentra\u00e7\u00e3o) Online | Subszone","description":"Se \u00e9 um apaixonado pelo \u00e1cido clor\u00eddrico de alta concentra\u00e7\u00e3o, ent\u00e3o a nossa loja \u00e9 o melhor s\u00edtio para comprar \u00e1cido clor\u00eddrico de alta concentra\u00e7\u00e3o online. Pode obter \u00e1cido clor\u00eddrico de alta concentra\u00e7\u00e3o para venda ao pre\u00e7o mais baixo. Encomendar agora","robots":{"index":"index","follow":"follow","max-snippet":"max-snippet:-1","max-image-preview":"max-image-preview:large","max-video-preview":"max-video-preview:-1"},"canonical":"https:\/\/subszone.com\/pt\/product\/acido-cloridrico-de-alta-concentracao-2\/","og_locale":"pt_PT","og_type":"article","og_title":"Buy Hydrochloric Acid (High Concentration) Online | Subszone","og_description":"If you are passionate about hydrochloric acid high concentration, then our store is the best place to buy hydrochloric acid high concentration online. You can have hydrochloric acid high concentration for sale at lowest price. Order now","og_url":"https:\/\/subszone.com\/pt\/product\/acido-cloridrico-de-alta-concentracao-2\/","og_site_name":"SubsZone","article_modified_time":"2025-02-20T06:54:24+00:00","og_image":[{"width":1024,"height":1024,"url":"https:\/\/subszone.com\/wp-content\/uploads\/2024\/10\/05450db6-07fb-4824-9e15-0483430efa4d.webp","type":"image\/webp"}],"twitter_card":"summary_large_image","twitter_misc":{"Tempo estimado de leitura":"3 minutos"},"schema":{"@context":"https:\/\/schema.org","@graph":[{"@type":"WebPage","@id":"https:\/\/subszone.com\/product\/hydrochloric-acid-high-concentration-2\/","url":"https:\/\/subszone.com\/product\/hydrochloric-acid-high-concentration-2\/","name":"Comprar \u00c1cido Clor\u00eddrico (Alta Concentra\u00e7\u00e3o) Online | Subszone","isPartOf":{"@id":"https:\/\/subszone.com\/#website"},"primaryImageOfPage":{"@id":"https:\/\/subszone.com\/product\/hydrochloric-acid-high-concentration-2\/#primaryimage"},"image":{"@id":"https:\/\/subszone.com\/product\/hydrochloric-acid-high-concentration-2\/#primaryimage"},"thumbnailUrl":"https:\/\/subszone.com\/wp-content\/uploads\/2024\/10\/05450db6-07fb-4824-9e15-0483430efa4d.webp","datePublished":"2024-11-08T04:48:25+00:00","dateModified":"2025-02-20T06:54:24+00:00","description":"Se \u00e9 um apaixonado pelo \u00e1cido clor\u00eddrico de alta concentra\u00e7\u00e3o, ent\u00e3o a nossa loja \u00e9 o melhor s\u00edtio para comprar \u00e1cido clor\u00eddrico de alta concentra\u00e7\u00e3o online. Pode obter \u00e1cido clor\u00eddrico de alta concentra\u00e7\u00e3o para venda ao pre\u00e7o mais baixo. Encomendar agora","breadcrumb":{"@id":"https:\/\/subszone.com\/product\/hydrochloric-acid-high-concentration-2\/#breadcrumb"},"inLanguage":"pt-PT","potentialAction":[{"@type":"ReadAction","target":["https:\/\/subszone.com\/product\/hydrochloric-acid-high-concentration-2\/"]}]},{"@type":"ImageObject","inLanguage":"pt-PT","@id":"https:\/\/subszone.com\/product\/hydrochloric-acid-high-concentration-2\/#primaryimage","url":"https:\/\/subszone.com\/wp-content\/uploads\/2024\/10\/05450db6-07fb-4824-9e15-0483430efa4d.webp","contentUrl":"https:\/\/subszone.com\/wp-content\/uploads\/2024\/10\/05450db6-07fb-4824-9e15-0483430efa4d.webp","width":1024,"height":1024,"caption":"Buy Hydrochloric Acid (High Concentration) Online"},{"@type":"BreadcrumbList","@id":"https:\/\/subszone.com\/product\/hydrochloric-acid-high-concentration-2\/#breadcrumb","itemListElement":[{"@type":"ListItem","position":1,"name":"Home","item":"https:\/\/subszone.com\/"},{"@type":"ListItem","position":2,"name":"Shop","item":"https:\/\/subszone.com\/shop\/"},{"@type":"ListItem","position":3,"name":"Buy Hydrochloric Acid (High Concentration) Online"}]},{"@type":"WebSite","@id":"https:\/\/subszone.com\/#website","url":"https:\/\/subszone.com\/","name":"SubsZona","description":"O meu blogue WordPress","publisher":{"@id":"https:\/\/subszone.com\/#organization"},"potentialAction":[{"@type":"SearchAction","target":{"@type":"EntryPoint","urlTemplate":"https:\/\/subszone.com\/?s={search_term_string}"},"query-input":{"@type":"PropertyValueSpecification","valueRequired":true,"valueName":"search_term_string"}}],"inLanguage":"pt-PT"},{"@type":"Organization","@id":"https:\/\/subszone.com\/#organization","name":"SubsZona","url":"https:\/\/subszone.com\/","logo":{"@type":"ImageObject","inLanguage":"pt-PT","@id":"https:\/\/subszone.com\/#\/schema\/logo\/image\/","url":"https:\/\/subszone.com\/wp-content\/uploads\/2024\/10\/logo.png","contentUrl":"https:\/\/subszone.com\/wp-content\/uploads\/2024\/10\/logo.png","width":193,"height":50,"caption":"SubsZone"},"image":{"@id":"https:\/\/subszone.com\/#\/schema\/logo\/image\/"}}]}},"_links":{"self":[{"href":"https:\/\/subszone.com\/pt\/wp-json\/wp\/v2\/product\/1613","targetHints":{"allow":["GET"]}}],"collection":[{"href":"https:\/\/subszone.com\/pt\/wp-json\/wp\/v2\/product"}],"about":[{"href":"https:\/\/subszone.com\/pt\/wp-json\/wp\/v2\/types\/product"}],"replies":[{"embeddable":true,"href":"https:\/\/subszone.com\/pt\/wp-json\/wp\/v2\/comments?post=1613"}],"wp:featuredmedia":[{"embeddable":true,"href":"https:\/\/subszone.com\/pt\/wp-json\/wp\/v2\/media\/1464"}],"wp:attachment":[{"href":"https:\/\/subszone.com\/pt\/wp-json\/wp\/v2\/media?parent=1613"}],"wp:term":[{"taxonomy":"product_brand","embeddable":true,"href":"https:\/\/subszone.com\/pt\/wp-json\/wp\/v2\/product_brand?post=1613"},{"taxonomy":"product_cat","embeddable":true,"href":"https:\/\/subszone.com\/pt\/wp-json\/wp\/v2\/product_cat?post=1613"},{"taxonomy":"product_tag","embeddable":true,"href":"https:\/\/subszone.com\/pt\/wp-json\/wp\/v2\/product_tag?post=1613"}],"curies":[{"name":"wp","href":"https:\/\/api.w.org\/{rel}","templated":true}]}}