{"id":1119,"date":"2024-10-23T11:14:09","date_gmt":"2024-10-23T11:14:09","guid":{"rendered":"https:\/\/subszone.com\/?post_type=product&#038;p=1119"},"modified":"2025-05-31T05:05:08","modified_gmt":"2025-05-31T05:05:08","slug":"kromtrioxid","status":"publish","type":"product","link":"https:\/\/subszone.com\/sv\/product\/kromtrioxid\/","title":{"rendered":"K\u00f6p kromtrioxid online"},"content":{"rendered":"<h2><b>K\u00f6p kromtrioxid online - CrO\u2083 med h\u00f6g renhet f\u00f6r laboratorie- och industritill\u00e4mpningar<\/b><\/h2>\n<p><span style=\"font-weight: 400;\">Ser till <\/span><a href=\"https:\/\/subszone.com\/sv\/product\/kromtrioxid\/\"><b>k\u00f6pa kromtrioxid online<\/b><\/a><span style=\"font-weight: 400;\"> fr\u00e5n en tillf\u00f6rlitlig k\u00e4lla? V\u00e5r premiumklassade kromtrioxid (CrO\u2083) \u00e4r nu tillg\u00e4nglig f\u00f6r certifierade laboratorier, industrianl\u00e4ggningar och auktoriserade forskningsinstitutioner. Kromtrioxid \u00e4r k\u00e4nt f\u00f6r sina kraftfulla oxiderande egenskaper och spelar en viktig roll i applikationer f\u00f6r metallfinish, galvanisering, organisk syntes och ytbehandling.<\/span><\/p>\n<h3><b>Vad \u00e4r kromtrioxid?<\/b><\/h3>\n<p><span style=\"font-weight: 400;\">Kromtrioxid, \u00e4ven k\u00e4nd som kromsyra n\u00e4r den \u00e4r i l\u00f6sning, \u00e4r ett m\u00f6rkr\u00f6tt, kristallint fast \u00e4mne som best\u00e5r av krom i dess sexv\u00e4rda form. Det \u00e4r ett starkt oxidationsmedel som anv\u00e4nds i stor utstr\u00e4ckning vid kemisk tillverkning och metallurgiska processer. P\u00e5 grund av dess farliga natur \u00e4r det strikt reglerat och endast avsett f\u00f6r professionella och kontrollerade milj\u00f6er.<\/span><\/p>\n<h3><b>Huvudsakliga industri- och laboratorieanv\u00e4ndningar<\/b><\/h3>\n<ul>\n<li style=\"font-weight: 400;\" aria-level=\"1\"><b>Galvanisering och ytbehandling:<\/b><span style=\"font-weight: 400;\"> Anv\u00e4nds i f\u00f6rkromningsprocesser f\u00f6r korrosionsbest\u00e4ndighet och estetiska ytbehandlingar.<\/span><span style=\"font-weight: 400;\">\n<p><\/span><\/li>\n<li style=\"font-weight: 400;\" aria-level=\"1\"><b>Organisk syntes:<\/b><span style=\"font-weight: 400;\"> Fungerar som ett kraftfullt oxidationsmedel i laboratorier och vid industriell kemisk syntes.<\/span><span style=\"font-weight: 400;\">\n<p><\/span><\/li>\n<li style=\"font-weight: 400;\" aria-level=\"1\"><b>Glas- och keramiktillverkning:<\/b><span style=\"font-weight: 400;\"> F\u00f6rb\u00e4ttrar f\u00e4rg och h\u00e5llbarhet i specialglas.<\/span><span style=\"font-weight: 400;\">\n<p><\/span><\/li>\n<li style=\"font-weight: 400;\" aria-level=\"1\"><b>Korrosionsinhibitor:<\/b><span style=\"font-weight: 400;\"> Anv\u00e4nds i flyg- och marina applikationer f\u00f6r skyddsbel\u00e4ggningar.<\/span><span style=\"font-weight: 400;\">\n<p><\/span><\/li>\n<\/ul>\n<h3><b>Varf\u00f6r k\u00f6pa kromtrioxid online?<\/b><\/h3>\n<p><span style=\"font-weight: 400;\">Best\u00e4llning av kromtrioxid online s\u00e4kerst\u00e4ller:<\/span><\/p>\n<ul>\n<li style=\"font-weight: 400;\" aria-level=\"1\"><b>Bekv\u00e4mlighet:<\/b><span style=\"font-weight: 400;\"> Direktleverans till licensierade anl\u00e4ggningar<\/span><span style=\"font-weight: 400;\">\n<p><\/span><\/li>\n<li style=\"font-weight: 400;\" aria-level=\"1\"><b>Bulk Alternativ:<\/b><span style=\"font-weight: 400;\"> Flexibla f\u00f6rpackningar fr\u00e5n 100 g flaskor i labbskala till industriella fat<\/span><span style=\"font-weight: 400;\">\n<p><\/span><\/li>\n<li style=\"font-weight: 400;\" aria-level=\"1\"><b>Konkurrenskraftiga priser:<\/b><span style=\"font-weight: 400;\"> Tillg\u00e5ng till <\/span><b>billigt kromtrioxid pris<\/b><span style=\"font-weight: 400;\"> utan att kompromissa med renhet eller efterlevnad<\/span><span style=\"font-weight: 400;\">\n<p><\/span><\/li>\n<li style=\"font-weight: 400;\" aria-level=\"1\"><b>Tillg\u00e4nglighet:<\/b><span style=\"font-weight: 400;\"> Certifierad <\/span><b>Kromtrioxid till salu<\/b><span style=\"font-weight: 400;\"> med teknisk support och dokumentation inkluderad<\/span><span style=\"font-weight: 400;\">\n<p><\/span><\/li>\n<\/ul>\n<h3><b>F\u00f6reskrifter att k\u00e4nna till innan du k\u00f6per<\/b><\/h3>\n<p><span style=\"font-weight: 400;\">Kromtrioxid \u00e4r en <\/span><b>mycket reglerat farligt \u00e4mne<\/b><span style=\"font-weight: 400;\"> under globala ramverk f\u00f6r kemikalies\u00e4kerhet som t.ex:<\/span><\/p>\n<ul>\n<li style=\"font-weight: 400;\" aria-level=\"1\"><b>REACH (EU)<\/b><b>\n<p><\/b><\/li>\n<li style=\"font-weight: 400;\" aria-level=\"1\"><b>OSHA &amp; EPA (USA)<\/b><b>\n<p><\/b><\/li>\n<li style=\"font-weight: 400;\" aria-level=\"1\"><b>CLP &amp; GHS-m\u00e4rkningssystem<\/b><b>\n<p><\/b><\/li>\n<\/ul>\n<p><span style=\"font-weight: 400;\">K\u00f6pare m\u00e5ste tillhandah\u00e5lla relevanta certifieringar, tillst\u00e5nd och slutanv\u00e4ndningsdeklarationer. Den \u00e4r inte tillg\u00e4nglig f\u00f6r personligt eller icke-industriellt bruk.<\/span><\/p>\n<h3><b>Hur man verifierar en legitim kemikalieleverant\u00f6r<\/b><\/h3>\n<p><span style=\"font-weight: 400;\">F\u00f6r att s\u00e4kerst\u00e4lla s\u00e4kerhet och efterlevnad n\u00e4r du <\/span><b>ordning <a href=\"https:\/\/en.wikipedia.org\/wiki\/Chromium_trioxide\">Kromtrioxid<\/a> p\u00e5 n\u00e4tet<\/b><span style=\"font-weight: 400;\">...leta efter:<\/span><\/p>\n<ul>\n<li style=\"font-weight: 400;\" aria-level=\"1\"><span style=\"font-weight: 400;\">ISO-certifierade leverant\u00f6rer med bevisad trov\u00e4rdighet i branschen<\/span><span style=\"font-weight: 400;\">\n<p><\/span><\/li>\n<li style=\"font-weight: 400;\" aria-level=\"1\"><span style=\"font-weight: 400;\">Full tillg\u00e5ng till s\u00e4kerhetsdatablad (SDS) och COA (Certificate of Analysis)<\/span><span style=\"font-weight: 400;\">\n<p><\/span><\/li>\n<li style=\"font-weight: 400;\" aria-level=\"1\"><span style=\"font-weight: 400;\">S\u00e4ker betalning och sp\u00e5rbar frakt av farligt material<\/span><span style=\"font-weight: 400;\">\n<p><\/span><\/li>\n<li style=\"font-weight: 400;\" aria-level=\"1\"><span style=\"font-weight: 400;\">Transparenta kundrecensioner och supporttj\u00e4nster<\/span><span style=\"font-weight: 400;\">\n<p><\/span><\/li>\n<\/ul>\n<p><span style=\"font-weight: 400;\">Vi \u00e4r stolta \u00f6ver att vara den <\/span><b>b\u00e4sta st\u00e4llet att k\u00f6pa Kromtrioxid p\u00e5<\/b><span style=\"font-weight: 400;\"> online - med st\u00f6d av kunskap om regelverk, teknisk dokumentation och leveransprotokoll enligt industristandard.<\/span><\/p>\n<h3><b>Protokoll f\u00f6r lagring, anv\u00e4ndning och avfallshantering<\/b><\/h3>\n<p><b>F\u00f6rvaring:<\/b><b><br \/>\n<\/b><span style=\"font-weight: 400;\"> F\u00f6rvaras i t\u00e4tt tillslutna, korrosionsbest\u00e4ndiga beh\u00e5llare p\u00e5 en sval, torr och v\u00e4l ventilerad plats. Undvik exponering f\u00f6r organiska material och brandfarliga \u00e4mnen.<\/span><\/p>\n<p><b>Hantering:<\/b><b><br \/>\n<\/b><span style=\"font-weight: 400;\"> Anv\u00e4nd l\u00e4mplig personlig skyddsutrustning (handskar, skyddsglas\u00f6gon, andningsskydd) och dragsk\u00e5p. Endast utbildad personal f\u00e5r hantera detta material.<\/span><\/p>\n<p><b>Avfallshantering:<\/b><b><br \/>\n<\/b><span style=\"font-weight: 400;\"> Kassera kromtrioxidavfall i enlighet med lokala milj\u00f6best\u00e4mmelser. Sl\u00e4ng aldrig i allm\u00e4nna avfalls- eller vattensystem.<\/span><\/p>\n<h3><b>Avslutande tankar om ansvarsfull upphandling<\/b><\/h3>\n<p><span style=\"font-weight: 400;\">Kromtrioxid \u00e4r ett kraftfullt men farligt \u00e4mne. Att k\u00f6pa det online b\u00f6r endast ske genom verifierade, licensierade leverant\u00f6rer med ett \u00e5tagande om s\u00e4kerhet, laglighet och milj\u00f6ansvar.<\/span><\/p>","protected":false},"excerpt":{"rendered":"<p><strong>Synonym(er): Krom(VI)oxid, kromsyraanhydrid<\/strong><br \/>\n<strong>Empirisk formel (Hill-notation): CrO3<\/strong><br \/>\n<strong>CAS-nr: 1333-82-0<\/strong><br \/>\n<strong>Molekylvikt: 99,99<\/strong><\/p>","protected":false},"featured_media":1435,"comment_status":"open","ping_status":"closed","template":"","meta":{"_kadence_starter_templates_imported_post":false,"_kad_post_transparent":"default","_kad_post_title":"","_kad_post_layout":"default","_kad_post_sidebar_id":"","_kad_post_content_style":"default","_kad_post_vertical_padding":"default","_kad_post_feature":"","_kad_post_feature_position":"","_kad_post_header":false,"_kad_post_footer":false,"_joinchat":[]},"product_brand":[],"product_cat":[129],"product_tag":[1039,1036,1046,1048,1045,1042,1050,1047,1043,1037,1044,1041,1054,1052,1035,1051,1040,1038,1053,1049],"class_list":{"0":"post-1119","1":"product","2":"type-product","3":"status-publish","4":"has-post-thumbnail","6":"product_cat-metal-processing-and-mining","7":"product_tag-bulk-chromium-trioxide-supplier","8":"product_tag-buy-chromium-trioxide","9":"product_tag-chromium-trioxide-as-oxidizing-agent","10":"product_tag-chromium-trioxide-distributor","11":"product_tag-chromium-trioxide-for-chemical-manufacturing","12":"product_tag-chromium-trioxide-for-electroplating","13":"product_tag-chromium-trioxide-for-industrial-applications","14":"product_tag-chromium-trioxide-for-laboratory-use","15":"product_tag-chromium-trioxide-for-metal-finishing","16":"product_tag-chromium-trioxide-for-sale","17":"product_tag-chromium-trioxide-in-chrome-plating","18":"product_tag-chromium-trioxide-price-and-availability","19":"product_tag-chromium-trioxide-procurement","20":"product_tag-chromium-trioxide-safety-and-compliance","21":"product_tag-chromium-trioxide-supplier","22":"product_tag-commercial-chromium-trioxide-supply","23":"product_tag-high-purity-chromium-trioxide","24":"product_tag-industrial-chromium-trioxide-supply","25":"product_tag-reliable-chromium-trioxide-supplier","26":"product_tag-where-to-buy-chromium-trioxide","28":"first","29":"instock","30":"shipping-taxable","31":"product-type-simple","32":"entry","33":"content-bg","34":"loop-entry"},"yoast_head":"<!-- This site is optimized with the Yoast SEO plugin v25.6 - https:\/\/yoast.com\/wordpress\/plugins\/seo\/ -->\n<title>Chromium Trioxide for Sale - Buy Chromium Trioxide Online<\/title>\n<meta name=\"description\" content=\"You can get chromium trioxide industrial for sale at the best rates from our online store. We are here to help you buy chromium trioxide online. Connect with best store in town today!\" \/>\n<meta name=\"robots\" content=\"index, follow, max-snippet:-1, max-image-preview:large, max-video-preview:-1\" \/>\n<link rel=\"canonical\" href=\"https:\/\/subszone.com\/sv\/product\/kromtrioxid\/\" \/>\n<meta property=\"og:locale\" content=\"sv_SE\" \/>\n<meta property=\"og:type\" content=\"article\" \/>\n<meta property=\"og:title\" content=\"Chromium Trioxide for Sale - Buy Chromium Trioxide Online\" \/>\n<meta property=\"og:description\" content=\"You can get chromium trioxide industrial for sale at the best rates from our online store. We are here to help you buy chromium trioxide online. Connect with best store in town today!\" \/>\n<meta property=\"og:url\" content=\"https:\/\/subszone.com\/sv\/product\/kromtrioxid\/\" \/>\n<meta property=\"og:site_name\" content=\"SubsZone\" \/>\n<meta property=\"article:modified_time\" content=\"2025-05-31T05:05:08+00:00\" \/>\n<meta property=\"og:image\" content=\"https:\/\/subszone.com\/wp-content\/uploads\/2024\/10\/Chromium-Trioxide-2.gif\" \/>\n\t<meta property=\"og:image:width\" content=\"600\" \/>\n\t<meta property=\"og:image:height\" content=\"600\" \/>\n\t<meta property=\"og:image:type\" content=\"image\/gif\" \/>\n<meta name=\"twitter:card\" content=\"summary_large_image\" \/>\n<meta name=\"twitter:label1\" content=\"Ber\u00e4knad l\u00e4stid\" \/>\n\t<meta name=\"twitter:data1\" content=\"3 minuter\" \/>\n<script type=\"application\/ld+json\" class=\"yoast-schema-graph\">{\"@context\":\"https:\/\/schema.org\",\"@graph\":[{\"@type\":\"WebPage\",\"@id\":\"https:\/\/subszone.com\/product\/chromium-trioxide\/\",\"url\":\"https:\/\/subszone.com\/product\/chromium-trioxide\/\",\"name\":\"Chromium Trioxide for Sale - Buy Chromium Trioxide Online\",\"isPartOf\":{\"@id\":\"https:\/\/subszone.com\/#website\"},\"primaryImageOfPage\":{\"@id\":\"https:\/\/subszone.com\/product\/chromium-trioxide\/#primaryimage\"},\"image\":{\"@id\":\"https:\/\/subszone.com\/product\/chromium-trioxide\/#primaryimage\"},\"thumbnailUrl\":\"https:\/\/subszone.com\/wp-content\/uploads\/2024\/10\/Chromium-Trioxide-2.gif\",\"datePublished\":\"2024-10-23T11:14:09+00:00\",\"dateModified\":\"2025-05-31T05:05:08+00:00\",\"description\":\"You can get chromium trioxide industrial for sale at the best rates from our online store. We are here to help you buy chromium trioxide online. Connect with best store in town today!\",\"breadcrumb\":{\"@id\":\"https:\/\/subszone.com\/product\/chromium-trioxide\/#breadcrumb\"},\"inLanguage\":\"sv-SE\",\"potentialAction\":[{\"@type\":\"ReadAction\",\"target\":[\"https:\/\/subszone.com\/product\/chromium-trioxide\/\"]}]},{\"@type\":\"ImageObject\",\"inLanguage\":\"sv-SE\",\"@id\":\"https:\/\/subszone.com\/product\/chromium-trioxide\/#primaryimage\",\"url\":\"https:\/\/subszone.com\/wp-content\/uploads\/2024\/10\/Chromium-Trioxide-2.gif\",\"contentUrl\":\"https:\/\/subszone.com\/wp-content\/uploads\/2024\/10\/Chromium-Trioxide-2.gif\",\"width\":600,\"height\":600,\"caption\":\"Buy Chromium Trioxide Online\"},{\"@type\":\"BreadcrumbList\",\"@id\":\"https:\/\/subszone.com\/product\/chromium-trioxide\/#breadcrumb\",\"itemListElement\":[{\"@type\":\"ListItem\",\"position\":1,\"name\":\"Home\",\"item\":\"https:\/\/subszone.com\/\"},{\"@type\":\"ListItem\",\"position\":2,\"name\":\"Shop\",\"item\":\"https:\/\/subszone.com\/shop\/\"},{\"@type\":\"ListItem\",\"position\":3,\"name\":\"Buy Chromium Trioxide Online\"}]},{\"@type\":\"WebSite\",\"@id\":\"https:\/\/subszone.com\/#website\",\"url\":\"https:\/\/subszone.com\/\",\"name\":\"SubsZone\",\"description\":\"My WordPress Blog\",\"publisher\":{\"@id\":\"https:\/\/subszone.com\/#organization\"},\"potentialAction\":[{\"@type\":\"SearchAction\",\"target\":{\"@type\":\"EntryPoint\",\"urlTemplate\":\"https:\/\/subszone.com\/?s={search_term_string}\"},\"query-input\":{\"@type\":\"PropertyValueSpecification\",\"valueRequired\":true,\"valueName\":\"search_term_string\"}}],\"inLanguage\":\"sv-SE\"},{\"@type\":\"Organization\",\"@id\":\"https:\/\/subszone.com\/#organization\",\"name\":\"SubsZone\",\"url\":\"https:\/\/subszone.com\/\",\"logo\":{\"@type\":\"ImageObject\",\"inLanguage\":\"sv-SE\",\"@id\":\"https:\/\/subszone.com\/#\/schema\/logo\/image\/\",\"url\":\"https:\/\/subszone.com\/wp-content\/uploads\/2024\/10\/logo.png\",\"contentUrl\":\"https:\/\/subszone.com\/wp-content\/uploads\/2024\/10\/logo.png\",\"width\":193,\"height\":50,\"caption\":\"SubsZone\"},\"image\":{\"@id\":\"https:\/\/subszone.com\/#\/schema\/logo\/image\/\"}}]}<\/script>\n<!-- \/ Yoast SEO plugin. -->","yoast_head_json":{"title":"Kromtrioxid till salu - K\u00f6p kromtrioxid online","description":"Du kan f\u00e5 kromtrioxid industriell till salu till de b\u00e4sta priserna fr\u00e5n v\u00e5r onlinebutik. Vi \u00e4r h\u00e4r f\u00f6r att hj\u00e4lpa dig att k\u00f6pa kromtrioxid online. Anslut till den b\u00e4sta butiken i stan idag!","robots":{"index":"index","follow":"follow","max-snippet":"max-snippet:-1","max-image-preview":"max-image-preview:large","max-video-preview":"max-video-preview:-1"},"canonical":"https:\/\/subszone.com\/sv\/product\/kromtrioxid\/","og_locale":"sv_SE","og_type":"article","og_title":"Chromium Trioxide for Sale - Buy Chromium Trioxide Online","og_description":"You can get chromium trioxide industrial for sale at the best rates from our online store. We are here to help you buy chromium trioxide online. Connect with best store in town today!","og_url":"https:\/\/subszone.com\/sv\/product\/kromtrioxid\/","og_site_name":"SubsZone","article_modified_time":"2025-05-31T05:05:08+00:00","og_image":[{"width":600,"height":600,"url":"https:\/\/subszone.com\/wp-content\/uploads\/2024\/10\/Chromium-Trioxide-2.gif","type":"image\/gif"}],"twitter_card":"summary_large_image","twitter_misc":{"Ber\u00e4knad l\u00e4stid":"3 minuter"},"schema":{"@context":"https:\/\/schema.org","@graph":[{"@type":"WebPage","@id":"https:\/\/subszone.com\/product\/chromium-trioxide\/","url":"https:\/\/subszone.com\/product\/chromium-trioxide\/","name":"Kromtrioxid till salu - K\u00f6p kromtrioxid online","isPartOf":{"@id":"https:\/\/subszone.com\/#website"},"primaryImageOfPage":{"@id":"https:\/\/subszone.com\/product\/chromium-trioxide\/#primaryimage"},"image":{"@id":"https:\/\/subszone.com\/product\/chromium-trioxide\/#primaryimage"},"thumbnailUrl":"https:\/\/subszone.com\/wp-content\/uploads\/2024\/10\/Chromium-Trioxide-2.gif","datePublished":"2024-10-23T11:14:09+00:00","dateModified":"2025-05-31T05:05:08+00:00","description":"Du kan f\u00e5 kromtrioxid industriell till salu till de b\u00e4sta priserna fr\u00e5n v\u00e5r onlinebutik. Vi \u00e4r h\u00e4r f\u00f6r att hj\u00e4lpa dig att k\u00f6pa kromtrioxid online. Anslut till den b\u00e4sta butiken i stan idag!","breadcrumb":{"@id":"https:\/\/subszone.com\/product\/chromium-trioxide\/#breadcrumb"},"inLanguage":"sv-SE","potentialAction":[{"@type":"ReadAction","target":["https:\/\/subszone.com\/product\/chromium-trioxide\/"]}]},{"@type":"ImageObject","inLanguage":"sv-SE","@id":"https:\/\/subszone.com\/product\/chromium-trioxide\/#primaryimage","url":"https:\/\/subszone.com\/wp-content\/uploads\/2024\/10\/Chromium-Trioxide-2.gif","contentUrl":"https:\/\/subszone.com\/wp-content\/uploads\/2024\/10\/Chromium-Trioxide-2.gif","width":600,"height":600,"caption":"Buy Chromium Trioxide Online"},{"@type":"BreadcrumbList","@id":"https:\/\/subszone.com\/product\/chromium-trioxide\/#breadcrumb","itemListElement":[{"@type":"ListItem","position":1,"name":"Home","item":"https:\/\/subszone.com\/"},{"@type":"ListItem","position":2,"name":"Shop","item":"https:\/\/subszone.com\/shop\/"},{"@type":"ListItem","position":3,"name":"Buy Chromium Trioxide Online"}]},{"@type":"WebSite","@id":"https:\/\/subszone.com\/#website","url":"https:\/\/subszone.com\/","name":"SubsZone","description":"Min WordPress-blogg","publisher":{"@id":"https:\/\/subszone.com\/#organization"},"potentialAction":[{"@type":"SearchAction","target":{"@type":"EntryPoint","urlTemplate":"https:\/\/subszone.com\/?s={search_term_string}"},"query-input":{"@type":"PropertyValueSpecification","valueRequired":true,"valueName":"search_term_string"}}],"inLanguage":"sv-SE"},{"@type":"Organization","@id":"https:\/\/subszone.com\/#organization","name":"SubsZone","url":"https:\/\/subszone.com\/","logo":{"@type":"ImageObject","inLanguage":"sv-SE","@id":"https:\/\/subszone.com\/#\/schema\/logo\/image\/","url":"https:\/\/subszone.com\/wp-content\/uploads\/2024\/10\/logo.png","contentUrl":"https:\/\/subszone.com\/wp-content\/uploads\/2024\/10\/logo.png","width":193,"height":50,"caption":"SubsZone"},"image":{"@id":"https:\/\/subszone.com\/#\/schema\/logo\/image\/"}}]}},"_links":{"self":[{"href":"https:\/\/subszone.com\/sv\/wp-json\/wp\/v2\/product\/1119","targetHints":{"allow":["GET"]}}],"collection":[{"href":"https:\/\/subszone.com\/sv\/wp-json\/wp\/v2\/product"}],"about":[{"href":"https:\/\/subszone.com\/sv\/wp-json\/wp\/v2\/types\/product"}],"replies":[{"embeddable":true,"href":"https:\/\/subszone.com\/sv\/wp-json\/wp\/v2\/comments?post=1119"}],"wp:featuredmedia":[{"embeddable":true,"href":"https:\/\/subszone.com\/sv\/wp-json\/wp\/v2\/media\/1435"}],"wp:attachment":[{"href":"https:\/\/subszone.com\/sv\/wp-json\/wp\/v2\/media?parent=1119"}],"wp:term":[{"taxonomy":"product_brand","embeddable":true,"href":"https:\/\/subszone.com\/sv\/wp-json\/wp\/v2\/product_brand?post=1119"},{"taxonomy":"product_cat","embeddable":true,"href":"https:\/\/subszone.com\/sv\/wp-json\/wp\/v2\/product_cat?post=1119"},{"taxonomy":"product_tag","embeddable":true,"href":"https:\/\/subszone.com\/sv\/wp-json\/wp\/v2\/product_tag?post=1119"}],"curies":[{"name":"wp","href":"https:\/\/api.w.org\/{rel}","templated":true}]}}