{"id":1123,"date":"2024-10-23T11:14:19","date_gmt":"2024-10-23T11:14:19","guid":{"rendered":"https:\/\/subszone.com\/?post_type=product&#038;p=1123"},"modified":"2025-05-31T05:15:48","modified_gmt":"2025-05-31T05:15:48","slug":"diklormetan","status":"publish","type":"product","link":"https:\/\/subszone.com\/sv\/product\/diklormetan\/","title":{"rendered":"K\u00f6p diklormetan online"},"content":{"rendered":"<h2><b>Allt du beh\u00f6ver veta innan du k\u00f6per diklormetan online<\/b><\/h2>\n<p><span style=\"font-weight: 400;\">Om du planerar att <\/span><a href=\"https:\/\/subszone.com\/sv\/product\/diklormetan\/\"><b>k\u00f6pa Dichloromethane online<\/b><\/a><span style=\"font-weight: 400;\">\u00e4r det viktigt att f\u00f6rst\u00e5 vad det \u00e4r, hur det anv\u00e4nds och hur man k\u00f6per det p\u00e5 ett s\u00e4kert och lagligt s\u00e4tt. Oavsett om du \u00e4r laboratorietekniker, industriell ink\u00f6pare eller forskningspersonal, kommer den h\u00e4r guiden att g\u00e5 igenom de viktigaste \u00f6verv\u00e4gandena innan du g\u00f6r din best\u00e4llning.<\/span><\/p>\n<h3><b>Vad \u00e4r diklormetan (DCM)?<\/b><\/h3>\n<p><span style=\"font-weight: 400;\">Diklormetan - \u00e4ven k\u00e4nd som metylenklorid eller helt enkelt DCM - \u00e4r en <\/span><b>f\u00e4rgl\u00f6s, flyktig v\u00e4tska<\/b><span style=\"font-weight: 400;\"> med en n\u00e5got s\u00f6t arom. K\u00e4nd f\u00f6r sin h\u00f6ga l\u00f6sningsf\u00f6rm\u00e5ga och snabba avdunstning \u00e4r det en f\u00f6redragen <\/span><b>l\u00f6sningsmedel<\/b><span style=\"font-weight: 400;\"> inom m\u00e5nga olika branscher. Trots sin styrka \u00e4r DCM inte brandfarligt, vilket g\u00f6r det s\u00e4rskilt v\u00e4rdefullt i kemiska processer d\u00e4r s\u00e4kerhet och effektivitet \u00e4r avg\u00f6rande.<\/span><\/p>\n<h3><b>Varf\u00f6r k\u00f6ps diklormetan ofta online?<\/b><\/h3>\n<p><span style=\"font-weight: 400;\">Med \u00f6kad reglering och minskad lokal tillg\u00e4nglighet v\u00e4ljer m\u00e5nga yrkesverksamma nu att <\/span><b>Best\u00e4ll diklormetan online<\/b><span style=\"font-weight: 400;\"> p\u00e5 grund av:<\/span><\/p>\n<ul>\n<li style=\"font-weight: 400;\" aria-level=\"1\"><span style=\"font-weight: 400;\">L\u00e4ttare tillg\u00e5ng till stora kvantiteter<\/span><span style=\"font-weight: 400;\">\n<p><\/span><\/li>\n<li style=\"font-weight: 400;\" aria-level=\"1\"><span style=\"font-weight: 400;\">Konkurrenskraftiga priser fr\u00e5n verifierade leverant\u00f6rer<\/span><span style=\"font-weight: 400;\">\n<p><\/span><\/li>\n<li style=\"font-weight: 400;\" aria-level=\"1\"><span style=\"font-weight: 400;\">Bekv\u00e4mlighet med leverans direkt till d\u00f6rren<\/span><span style=\"font-weight: 400;\">\n<p><\/span><\/li>\n<li style=\"font-weight: 400;\" aria-level=\"1\"><span style=\"font-weight: 400;\">Dokumentation som <\/span><b>S\u00e4kerhetsdatablad (SDS)<\/b><span style=\"font-weight: 400;\"> tillhandah\u00e5lls p\u00e5 beg\u00e4ran<\/span><span style=\"font-weight: 400;\">\n<p><\/span><\/li>\n<\/ul>\n<p><span style=\"font-weight: 400;\">Men den enkla tillg\u00e5ngen medf\u00f6r ocks\u00e5 risker, vilket g\u00f6r det viktigt att endast k\u00f6pa fr\u00e5n <\/span><b>v\u00e4lrenommerade och kompatibla k\u00e4llor<\/b><span style=\"font-weight: 400;\">.<\/span><\/p>\n<h3><b>Vad anv\u00e4nds diklormetan f\u00f6r?<\/b><\/h3>\n<p><span style=\"font-weight: 400;\">DCM \u00e4r otroligt m\u00e5ngsidigt och anv\u00e4nds ofta i:<\/span><\/p>\n<ul>\n<li style=\"font-weight: 400;\" aria-level=\"1\"><b>Industriella till\u00e4mpningar:<\/b><span style=\"font-weight: 400;\"> F\u00e4rgborttagning, borttagning av lim och plastbearbetning<\/span><span style=\"font-weight: 400;\">\n<p><\/span><\/li>\n<li style=\"font-weight: 400;\" aria-level=\"1\"><b>Anv\u00e4ndning i laboratorium:<\/b><span style=\"font-weight: 400;\"> Extrahering av prov, kromatografi och rening av f\u00f6reningar<\/span><span style=\"font-weight: 400;\">\n<p><\/span><\/li>\n<li style=\"font-weight: 400;\" aria-level=\"1\"><b>L\u00e4kemedelstillverkning:<\/b><span style=\"font-weight: 400;\"> Som reaktionsmedium eller l\u00f6sningsmedel<\/span><span style=\"font-weight: 400;\">\n<p><\/span><\/li>\n<li style=\"font-weight: 400;\" aria-level=\"1\"><b>Reng\u00f6ring av elektronik och avfettning av metallkomponenter<\/b><b>\n<p><\/b><\/li>\n<\/ul>\n<p><span style=\"font-weight: 400;\">Dess effektivitet som <\/span><b>kraftfullt l\u00f6sningsmedel<\/b><span style=\"font-weight: 400;\"> g\u00f6r den oumb\u00e4rlig inom vetenskaps- och tillverkningssektorerna.<\/span><\/p>\n<h3><b>Juridiska och s\u00e4kerhetsm\u00e4ssiga \u00f6verv\u00e4ganden<\/b><\/h3>\n<p><span style=\"font-weight: 400;\">Innan du s\u00f6ker efter <\/span><a href=\"https:\/\/en.wikipedia.org\/wiki\/Dichloromethane\"><b>Dichloromethane till salu<\/b><\/a><span style=\"font-weight: 400;\">m\u00e5ste du vara medveten om de juridiska begr\u00e4nsningarna i ditt land eller din region.<\/span><\/p>\n<ul>\n<li style=\"font-weight: 400;\" aria-level=\"1\"><span style=\"font-weight: 400;\">I <\/span><b>F\u00f6renta staterna<\/b><span style=\"font-weight: 400;\">, den <\/span><b>EPA har f\u00f6rbjudit DCM f\u00f6r konsumentanv\u00e4ndning i f\u00e4rgborttagningsmedel<\/b><span style=\"font-weight: 400;\">men den \u00e4r fortfarande tillg\u00e4nglig f\u00f6r kommersiell och industriell anv\u00e4ndning med korrekt dokumentation.<\/span><span style=\"font-weight: 400;\">\n<p><\/span><\/li>\n<li style=\"font-weight: 400;\" aria-level=\"1\"><span style=\"font-weight: 400;\">I <\/span><b>EU<\/b><span style=\"font-weight: 400;\">\u00e4r det reglerat under <\/span><b>REACH<\/b><span style=\"font-weight: 400;\"> och \u00e4r endast till\u00e5tet f\u00f6r professionell anv\u00e4ndning under kontrollerade f\u00f6rh\u00e5llanden.<\/span><span style=\"font-weight: 400;\">\n<p><\/span><\/li>\n<\/ul>\n<p><b>F\u00f6rsiktighets\u00e5tg\u00e4rder f\u00f6r h\u00e4lsa inkluderar:<\/b><\/p>\n<ul>\n<li style=\"font-weight: 400;\" aria-level=\"1\"><span style=\"font-weight: 400;\">Anv\u00e4nd endast i <\/span><b>v\u00e4l ventilerad<\/b><span style=\"font-weight: 400;\"> milj\u00f6er<\/span><span style=\"font-weight: 400;\">\n<p><\/span><\/li>\n<li style=\"font-weight: 400;\" aria-level=\"1\"><span style=\"font-weight: 400;\">B\u00e4r alltid <\/span><b>PPE<\/b><span style=\"font-weight: 400;\">: handskar, skyddsglas\u00f6gon och andningsskydd<\/span><span style=\"font-weight: 400;\">\n<p><\/span><\/li>\n<li style=\"font-weight: 400;\" aria-level=\"1\"><span style=\"font-weight: 400;\">Undvik l\u00e5ngvarig exponering p\u00e5 grund av potentiell toxicitet (t.ex. CNS-effekter)<\/span><span style=\"font-weight: 400;\">\n<p><\/span><\/li>\n<\/ul>\n<h3><b>Var kan jag k\u00f6pa diklormetan online<\/b><\/h3>\n<p><span style=\"font-weight: 400;\">F\u00f6r att s\u00e4kerst\u00e4lla att du k\u00f6per \u00e4kta, h\u00f6gkvalitativ diklormetan:<\/span><\/p>\n<ul>\n<li style=\"font-weight: 400;\" aria-level=\"1\"><span style=\"font-weight: 400;\">V\u00e4lj <\/span><b>licensierade kemikalieleverant\u00f6rer<\/b><span style=\"font-weight: 400;\"> som erbjuder st\u00f6d f\u00f6r SDS, COA (Certificate of Analysis) och efterlevnad av regelverk.<\/span><span style=\"font-weight: 400;\">\n<p><\/span><\/li>\n<li style=\"font-weight: 400;\" aria-level=\"1\"><span style=\"font-weight: 400;\">Undvik marknadsplatser med vaga eller saknade produktspecifikationer.<\/span><span style=\"font-weight: 400;\">\n<p><\/span><\/li>\n<li style=\"font-weight: 400;\" aria-level=\"1\"><span style=\"font-weight: 400;\">S\u00e4kerst\u00e4lla att leverant\u00f6ren f\u00f6ljer <\/span><b>standarder f\u00f6r f\u00f6rpackning och transport av farligt material<\/b><span style=\"font-weight: 400;\">.<\/span><span style=\"font-weight: 400;\">\n<p><\/span><\/li>\n<\/ul>\n<h3><b>Hur man f\u00f6rvarar och hanterar diklormetan p\u00e5 ett s\u00e4kert s\u00e4tt<\/b><\/h3>\n<p><span style=\"font-weight: 400;\">Korrekt f\u00f6rvaring \u00e4r avg\u00f6rande f\u00f6r s\u00e4kerheten och produktens livsl\u00e4ngd:<\/span><\/p>\n<ul>\n<li style=\"font-weight: 400;\" aria-level=\"1\"><span style=\"font-weight: 400;\">Butik i <\/span><b>luftt\u00e4ta, korrosionsbest\u00e4ndiga beh\u00e5llare<\/b><span style=\"font-weight: 400;\"> i en <\/span><b>svalt, torrt och ventilerat<\/b><span style=\"font-weight: 400;\"> omr\u00e5de<\/span><span style=\"font-weight: 400;\">\n<p><\/span><\/li>\n<li style=\"font-weight: 400;\" aria-level=\"1\"><span style=\"font-weight: 400;\">F\u00f6rvaras \u00e5tskilt fr\u00e5n \u00f6ppen eld, of\u00f6renliga material och direkt solljus<\/span><span style=\"font-weight: 400;\">\n<p><\/span><\/li>\n<li style=\"font-weight: 400;\" aria-level=\"1\"><span style=\"font-weight: 400;\">F\u00f6lj <\/span><b>lokala milj\u00f6best\u00e4mmelser<\/b><span style=\"font-weight: 400;\"> f\u00f6r bortskaffande av kemiskt avfall<\/span><span style=\"font-weight: 400;\">\n<p><\/span><\/li>\n<\/ul>\n<h3><b>Slutsats<\/b><\/h3>\n<p><span style=\"font-weight: 400;\">N\u00e4r du \u00e4r redo att g\u00f6ra ett k\u00f6p erbjuder vi <\/span><b>Dichlormetan med h\u00f6g renhet till salu<\/b><span style=\"font-weight: 400;\"> p\u00e5 en <\/span><b>billigt pris<\/b><span style=\"font-weight: 400;\"> utan att kompromissa med kvalitet eller efterlevnad. Med <\/span><b>snabb leverans<\/b><span style=\"font-weight: 400;\">expertst\u00f6d och dokumentation i branschklass kan du vara s\u00e4ker p\u00e5 att <\/span><b>Best\u00e4ll diklormetan online<\/b><span style=\"font-weight: 400;\"> fr\u00e5n en p\u00e5litlig k\u00e4lla.<\/span><\/p>","protected":false},"excerpt":{"rendered":"<p><strong>Synonym(er): Metylenklorid, diklormetan<\/strong><br \/>\n<strong>Empirisk formel (Hill-notation): CH2Cl2<\/strong><br \/>\n<strong>CAS-nr: 75-09-2<\/strong><br \/>\n<strong>Molekylvikt: 84,93<\/strong><br \/>\n<strong>EG-nr: 200-838-9<\/strong><br \/>\n<strong>Beilstein Nr: 1730800<\/strong><\/p>","protected":false},"featured_media":1431,"comment_status":"open","ping_status":"closed","template":"","meta":{"_kadence_starter_templates_imported_post":false,"_kad_post_transparent":"default","_kad_post_title":"","_kad_post_layout":"default","_kad_post_sidebar_id":"","_kad_post_content_style":"default","_kad_post_vertical_padding":"default","_kad_post_feature":"","_kad_post_feature_position":"","_kad_post_header":false,"_kad_post_footer":false,"_joinchat":[]},"product_brand":[],"product_cat":[48],"product_tag":[],"class_list":{"0":"post-1123","1":"product","2":"type-product","3":"status-publish","4":"has-post-thumbnail","6":"product_cat-laboratory-reagents","8":"first","9":"instock","10":"shipping-taxable","11":"product-type-simple","12":"entry","13":"content-bg","14":"loop-entry"},"yoast_head":"<!-- This site is optimized with the Yoast SEO plugin v25.6 - https:\/\/yoast.com\/wordpress\/plugins\/seo\/ -->\n<title>Buy Dichloromethane Online - Dichloromethane for sale | Subszone<\/title>\n<meta name=\"description\" content=\"Looking to further your research? Buy industrial dichloromethane conveniently and securely online, with a straightforward ordering process for dichloromethane for sale. Explore the possibilities and buy dichloromethane online for your research endeavors today.\" \/>\n<meta name=\"robots\" content=\"index, follow, max-snippet:-1, max-image-preview:large, max-video-preview:-1\" \/>\n<link rel=\"canonical\" href=\"https:\/\/subszone.com\/sv\/product\/diklormetan\/\" \/>\n<meta property=\"og:locale\" content=\"sv_SE\" \/>\n<meta property=\"og:type\" content=\"article\" \/>\n<meta property=\"og:title\" content=\"Buy Dichloromethane Online - Dichloromethane for sale | Subszone\" \/>\n<meta property=\"og:description\" content=\"Looking to further your research? Buy industrial dichloromethane conveniently and securely online, with a straightforward ordering process for dichloromethane for sale. Explore the possibilities and buy dichloromethane online for your research endeavors today.\" \/>\n<meta property=\"og:url\" content=\"https:\/\/subszone.com\/sv\/product\/diklormetan\/\" \/>\n<meta property=\"og:site_name\" content=\"SubsZone\" \/>\n<meta property=\"article:modified_time\" content=\"2025-05-31T05:15:48+00:00\" \/>\n<meta property=\"og:image\" content=\"https:\/\/subszone.com\/wp-content\/uploads\/2024\/10\/Dichloromethane-4.gif\" \/>\n\t<meta property=\"og:image:width\" content=\"600\" \/>\n\t<meta property=\"og:image:height\" content=\"600\" \/>\n\t<meta property=\"og:image:type\" content=\"image\/gif\" \/>\n<meta name=\"twitter:card\" content=\"summary_large_image\" \/>\n<meta name=\"twitter:label1\" content=\"Ber\u00e4knad l\u00e4stid\" \/>\n\t<meta name=\"twitter:data1\" content=\"3 minuter\" \/>\n<script type=\"application\/ld+json\" class=\"yoast-schema-graph\">{\"@context\":\"https:\/\/schema.org\",\"@graph\":[{\"@type\":\"WebPage\",\"@id\":\"https:\/\/subszone.com\/product\/dichloromethane\/\",\"url\":\"https:\/\/subszone.com\/product\/dichloromethane\/\",\"name\":\"Buy Dichloromethane Online - Dichloromethane for sale | Subszone\",\"isPartOf\":{\"@id\":\"https:\/\/subszone.com\/#website\"},\"primaryImageOfPage\":{\"@id\":\"https:\/\/subszone.com\/product\/dichloromethane\/#primaryimage\"},\"image\":{\"@id\":\"https:\/\/subszone.com\/product\/dichloromethane\/#primaryimage\"},\"thumbnailUrl\":\"https:\/\/subszone.com\/wp-content\/uploads\/2024\/10\/Dichloromethane-4.gif\",\"datePublished\":\"2024-10-23T11:14:19+00:00\",\"dateModified\":\"2025-05-31T05:15:48+00:00\",\"description\":\"Looking to further your research? Buy industrial dichloromethane conveniently and securely online, with a straightforward ordering process for dichloromethane for sale. Explore the possibilities and buy dichloromethane online for your research endeavors today.\",\"breadcrumb\":{\"@id\":\"https:\/\/subszone.com\/product\/dichloromethane\/#breadcrumb\"},\"inLanguage\":\"sv-SE\",\"potentialAction\":[{\"@type\":\"ReadAction\",\"target\":[\"https:\/\/subszone.com\/product\/dichloromethane\/\"]}]},{\"@type\":\"ImageObject\",\"inLanguage\":\"sv-SE\",\"@id\":\"https:\/\/subszone.com\/product\/dichloromethane\/#primaryimage\",\"url\":\"https:\/\/subszone.com\/wp-content\/uploads\/2024\/10\/Dichloromethane-4.gif\",\"contentUrl\":\"https:\/\/subszone.com\/wp-content\/uploads\/2024\/10\/Dichloromethane-4.gif\",\"width\":600,\"height\":600,\"caption\":\"Buy Dichloromethane Online\"},{\"@type\":\"BreadcrumbList\",\"@id\":\"https:\/\/subszone.com\/product\/dichloromethane\/#breadcrumb\",\"itemListElement\":[{\"@type\":\"ListItem\",\"position\":1,\"name\":\"Home\",\"item\":\"https:\/\/subszone.com\/\"},{\"@type\":\"ListItem\",\"position\":2,\"name\":\"Shop\",\"item\":\"https:\/\/subszone.com\/shop\/\"},{\"@type\":\"ListItem\",\"position\":3,\"name\":\"Buy Dichloromethane Online\"}]},{\"@type\":\"WebSite\",\"@id\":\"https:\/\/subszone.com\/#website\",\"url\":\"https:\/\/subszone.com\/\",\"name\":\"SubsZone\",\"description\":\"My WordPress Blog\",\"publisher\":{\"@id\":\"https:\/\/subszone.com\/#organization\"},\"potentialAction\":[{\"@type\":\"SearchAction\",\"target\":{\"@type\":\"EntryPoint\",\"urlTemplate\":\"https:\/\/subszone.com\/?s={search_term_string}\"},\"query-input\":{\"@type\":\"PropertyValueSpecification\",\"valueRequired\":true,\"valueName\":\"search_term_string\"}}],\"inLanguage\":\"sv-SE\"},{\"@type\":\"Organization\",\"@id\":\"https:\/\/subszone.com\/#organization\",\"name\":\"SubsZone\",\"url\":\"https:\/\/subszone.com\/\",\"logo\":{\"@type\":\"ImageObject\",\"inLanguage\":\"sv-SE\",\"@id\":\"https:\/\/subszone.com\/#\/schema\/logo\/image\/\",\"url\":\"https:\/\/subszone.com\/wp-content\/uploads\/2024\/10\/logo.png\",\"contentUrl\":\"https:\/\/subszone.com\/wp-content\/uploads\/2024\/10\/logo.png\",\"width\":193,\"height\":50,\"caption\":\"SubsZone\"},\"image\":{\"@id\":\"https:\/\/subszone.com\/#\/schema\/logo\/image\/\"}}]}<\/script>\n<!-- \/ Yoast SEO plugin. -->","yoast_head_json":{"title":"K\u00f6p Dichloromethane Online - Dichloromethane till salu | Subszone","description":"Vill du g\u00e5 vidare med din forskning? K\u00f6p industriell diklormetan bekv\u00e4mt och s\u00e4kert online, med en enkel best\u00e4llningsprocess f\u00f6r diklormetan till salu. Utforska m\u00f6jligheterna och k\u00f6p diklormetan online f\u00f6r dina forskningsstudier redan idag.","robots":{"index":"index","follow":"follow","max-snippet":"max-snippet:-1","max-image-preview":"max-image-preview:large","max-video-preview":"max-video-preview:-1"},"canonical":"https:\/\/subszone.com\/sv\/product\/diklormetan\/","og_locale":"sv_SE","og_type":"article","og_title":"Buy Dichloromethane Online - Dichloromethane for sale | Subszone","og_description":"Looking to further your research? Buy industrial dichloromethane conveniently and securely online, with a straightforward ordering process for dichloromethane for sale. Explore the possibilities and buy dichloromethane online for your research endeavors today.","og_url":"https:\/\/subszone.com\/sv\/product\/diklormetan\/","og_site_name":"SubsZone","article_modified_time":"2025-05-31T05:15:48+00:00","og_image":[{"width":600,"height":600,"url":"https:\/\/subszone.com\/wp-content\/uploads\/2024\/10\/Dichloromethane-4.gif","type":"image\/gif"}],"twitter_card":"summary_large_image","twitter_misc":{"Ber\u00e4knad l\u00e4stid":"3 minuter"},"schema":{"@context":"https:\/\/schema.org","@graph":[{"@type":"WebPage","@id":"https:\/\/subszone.com\/product\/dichloromethane\/","url":"https:\/\/subszone.com\/product\/dichloromethane\/","name":"K\u00f6p Dichloromethane Online - Dichloromethane till salu | Subszone","isPartOf":{"@id":"https:\/\/subszone.com\/#website"},"primaryImageOfPage":{"@id":"https:\/\/subszone.com\/product\/dichloromethane\/#primaryimage"},"image":{"@id":"https:\/\/subszone.com\/product\/dichloromethane\/#primaryimage"},"thumbnailUrl":"https:\/\/subszone.com\/wp-content\/uploads\/2024\/10\/Dichloromethane-4.gif","datePublished":"2024-10-23T11:14:19+00:00","dateModified":"2025-05-31T05:15:48+00:00","description":"Vill du g\u00e5 vidare med din forskning? K\u00f6p industriell diklormetan bekv\u00e4mt och s\u00e4kert online, med en enkel best\u00e4llningsprocess f\u00f6r diklormetan till salu. Utforska m\u00f6jligheterna och k\u00f6p diklormetan online f\u00f6r dina forskningsstudier redan idag.","breadcrumb":{"@id":"https:\/\/subszone.com\/product\/dichloromethane\/#breadcrumb"},"inLanguage":"sv-SE","potentialAction":[{"@type":"ReadAction","target":["https:\/\/subszone.com\/product\/dichloromethane\/"]}]},{"@type":"ImageObject","inLanguage":"sv-SE","@id":"https:\/\/subszone.com\/product\/dichloromethane\/#primaryimage","url":"https:\/\/subszone.com\/wp-content\/uploads\/2024\/10\/Dichloromethane-4.gif","contentUrl":"https:\/\/subszone.com\/wp-content\/uploads\/2024\/10\/Dichloromethane-4.gif","width":600,"height":600,"caption":"Buy Dichloromethane Online"},{"@type":"BreadcrumbList","@id":"https:\/\/subszone.com\/product\/dichloromethane\/#breadcrumb","itemListElement":[{"@type":"ListItem","position":1,"name":"Home","item":"https:\/\/subszone.com\/"},{"@type":"ListItem","position":2,"name":"Shop","item":"https:\/\/subszone.com\/shop\/"},{"@type":"ListItem","position":3,"name":"Buy Dichloromethane Online"}]},{"@type":"WebSite","@id":"https:\/\/subszone.com\/#website","url":"https:\/\/subszone.com\/","name":"SubsZone","description":"Min WordPress-blogg","publisher":{"@id":"https:\/\/subszone.com\/#organization"},"potentialAction":[{"@type":"SearchAction","target":{"@type":"EntryPoint","urlTemplate":"https:\/\/subszone.com\/?s={search_term_string}"},"query-input":{"@type":"PropertyValueSpecification","valueRequired":true,"valueName":"search_term_string"}}],"inLanguage":"sv-SE"},{"@type":"Organization","@id":"https:\/\/subszone.com\/#organization","name":"SubsZone","url":"https:\/\/subszone.com\/","logo":{"@type":"ImageObject","inLanguage":"sv-SE","@id":"https:\/\/subszone.com\/#\/schema\/logo\/image\/","url":"https:\/\/subszone.com\/wp-content\/uploads\/2024\/10\/logo.png","contentUrl":"https:\/\/subszone.com\/wp-content\/uploads\/2024\/10\/logo.png","width":193,"height":50,"caption":"SubsZone"},"image":{"@id":"https:\/\/subszone.com\/#\/schema\/logo\/image\/"}}]}},"_links":{"self":[{"href":"https:\/\/subszone.com\/sv\/wp-json\/wp\/v2\/product\/1123","targetHints":{"allow":["GET"]}}],"collection":[{"href":"https:\/\/subszone.com\/sv\/wp-json\/wp\/v2\/product"}],"about":[{"href":"https:\/\/subszone.com\/sv\/wp-json\/wp\/v2\/types\/product"}],"replies":[{"embeddable":true,"href":"https:\/\/subszone.com\/sv\/wp-json\/wp\/v2\/comments?post=1123"}],"wp:featuredmedia":[{"embeddable":true,"href":"https:\/\/subszone.com\/sv\/wp-json\/wp\/v2\/media\/1431"}],"wp:attachment":[{"href":"https:\/\/subszone.com\/sv\/wp-json\/wp\/v2\/media?parent=1123"}],"wp:term":[{"taxonomy":"product_brand","embeddable":true,"href":"https:\/\/subszone.com\/sv\/wp-json\/wp\/v2\/product_brand?post=1123"},{"taxonomy":"product_cat","embeddable":true,"href":"https:\/\/subszone.com\/sv\/wp-json\/wp\/v2\/product_cat?post=1123"},{"taxonomy":"product_tag","embeddable":true,"href":"https:\/\/subszone.com\/sv\/wp-json\/wp\/v2\/product_tag?post=1123"}],"curies":[{"name":"wp","href":"https:\/\/api.w.org\/{rel}","templated":true}]}}