{"id":1153,"date":"2024-10-24T04:29:13","date_gmt":"2024-10-24T04:29:13","guid":{"rendered":"https:\/\/subszone.com\/?post_type=product&#038;p=1153"},"modified":"2025-05-31T05:26:46","modified_gmt":"2025-05-31T05:26:46","slug":"efedrin","status":"publish","type":"product","link":"https:\/\/subszone.com\/sv\/product\/efedrin\/","title":{"rendered":"K\u00f6p efedrin online"},"content":{"rendered":"<h2><b>Allt du beh\u00f6ver veta innan du k\u00f6per efedrin online<\/b><\/h2>\n<h3><b>Introduktion: Varf\u00f6r efedrin fortfarande \u00e4r mycket efterfr\u00e5gat<\/b><\/h3>\n<p><span style=\"font-weight: 400;\">Efedrin \u00e4r en v\u00e4lk\u00e4nd sympatomimetisk f\u00f6rening som traditionellt anv\u00e4nds som bronkdilaterare och avsv\u00e4llande medel i n\u00e4san. Dess stimulerande effekter och m\u00e5ngsidighet g\u00f6r det till en eftertraktad ingrediens i l\u00e4kemedel, kosttillskott och vetenskaplig forskning. Med begr\u00e4nsad tillg\u00e5ng till receptfria l\u00e4kemedel i m\u00e5nga regioner v\u00e4ljer fler individer och institutioner att <\/span><a href=\"https:\/\/subszone.com\/sv\/product\/efedrin\/\"><b>k\u00f6pa Efedrin online<\/b><\/a><span style=\"font-weight: 400;\">-men inte utan viktiga \u00f6verv\u00e4ganden.<\/span><\/p>\n<h3><b>Vad \u00e4r efedrin?<\/b><\/h3>\n<p><span style=\"font-weight: 400;\">Efedrin \u00e4r en naturligt framst\u00e4lld alkaloid som finns i v\u00e4xter av sl\u00e4ktet <\/span><i><span style=\"font-weight: 400;\">Efedra<\/span><\/i><span style=\"font-weight: 400;\"> genus. Det efterliknar adrenalinets verkan i kroppen, vilket g\u00f6r det effektivt f\u00f6r:<\/span><\/p>\n<ul>\n<li style=\"font-weight: 400;\" aria-level=\"1\"><b>F\u00f6rb\u00e4ttrat luftfl\u00f6de i andningsv\u00e4garna<\/b><b>\n<p><\/b><\/li>\n<li style=\"font-weight: 400;\" aria-level=\"1\"><b>Stimulerar det centrala nervsystemet<\/b><b>\n<p><\/b><\/li>\n<li style=\"font-weight: 400;\" aria-level=\"1\"><b>Tillf\u00e4llig \u00f6kning av \u00e4mnesoms\u00e4ttningen<\/b><b>\n<p><\/b><\/li>\n<\/ul>\n<p><span style=\"font-weight: 400;\">Det \u00e4r vanligt f\u00f6rekommande i former som <\/span><b>Efedrin HCl<\/b><span style=\"font-weight: 400;\"> eller <\/span><b>Efedrinsulfat<\/b><span style=\"font-weight: 400;\">ofta blandade i formuleringar f\u00f6r kliniska eller forskningsbaserade till\u00e4mpningar.<\/span><\/p>\n<h3><b>Varf\u00f6r vill folk k\u00f6pa efedrin online?<\/b><\/h3>\n<p><span style=\"font-weight: 400;\">P\u00e5 grund av \u00f6kande myndighetskontroller av fysiska apotek f\u00f6redrar kunderna ofta att <\/span><b>Best\u00e4ll efedrin online<\/b><span style=\"font-weight: 400;\"> f\u00f6r bekv\u00e4mlighet, tillg\u00e4nglighet och ibland mer konkurrenskraftiga priser. Onlineplattformar till\u00e5ter ofta:<\/span><\/p>\n<ul>\n<li style=\"font-weight: 400;\" aria-level=\"1\"><span style=\"font-weight: 400;\">L\u00e4ttare tillg\u00e5ng till stora kvantiteter<\/span><span style=\"font-weight: 400;\">\n<p><\/span><\/li>\n<li style=\"font-weight: 400;\" aria-level=\"1\"><span style=\"font-weight: 400;\">Direktink\u00f6p fr\u00e5n tillverkare eller auktoriserade kemikalieleverant\u00f6rer<\/span><span style=\"font-weight: 400;\">\n<p><\/span><\/li>\n<li style=\"font-weight: 400;\" aria-level=\"1\"><span style=\"font-weight: 400;\">Bredare alternativ n\u00e4r det g\u00e4ller kvaliteter (farmaceutisk kvalitet, laboratoriekvalitet etc.)<\/span><span style=\"font-weight: 400;\">\n<p><\/span><\/li>\n<\/ul>\n<h3><b>Vanliga anv\u00e4ndningsomr\u00e5den f\u00f6r efedrin<\/b><\/h3>\n<h4><b>Idrottslig prestation och viktminskning (varning f\u00f6r laglighet)<\/b><\/h4>\n<p><span style=\"font-weight: 400;\">Efedrin har historiskt anv\u00e4nts i sport- och fitnesskretsar f\u00f6r sina termogena effekter, vilket hj\u00e4lper till med fettf\u00f6rlust och \u00f6kad energiproduktion. Emellertid, <\/span><b>m\u00e5nga idrottsorganisationer och l\u00e4nder f\u00f6rbjuder dess anv\u00e4ndning<\/b><span style=\"font-weight: 400;\"> f\u00f6r prestationsf\u00f6rb\u00e4ttring p\u00e5 grund av potentiella h\u00e4lsorisker och missbruk.<\/span><\/p>\n<h4><b>Vetenskaplig forskning och laboratorieforskning<\/b><\/h4>\n<p><span style=\"font-weight: 400;\">Efedrin i labbkvalitet anv\u00e4nds ofta i farmakologiska studier, toxikologisk forskning och biokemisk syntes p\u00e5 grund av dess stimulerande profil och interaktion med adrenerga receptorer.<\/span><\/p>\n<h3><b>Efedrins r\u00e4ttsliga status: Vad du b\u00f6r veta<\/b><\/h3>\n<p><span style=\"font-weight: 400;\">Efedrins juridiska klassificering varierar avsev\u00e4rt mellan olika regioner:<\/span><\/p>\n<ul>\n<li style=\"font-weight: 400;\" aria-level=\"1\"><b>F\u00f6renta staterna<\/b><span style=\"font-weight: 400;\">: Strikt reglerad under <\/span><b>Lag om bek\u00e4mpning av metamfetaminepidemin<\/b><span style=\"font-weight: 400;\">. F\u00f6rs\u00e4ljningen \u00e4r begr\u00e4nsad, sp\u00e5rad och kr\u00e4ver ofta identifiering och k\u00f6pbegr\u00e4nsningar.<\/span><span style=\"font-weight: 400;\">\n<p><\/span><\/li>\n<li style=\"font-weight: 400;\" aria-level=\"1\"><b>Europeiska unionen och Storbritannien<\/b><span style=\"font-weight: 400;\">: I allm\u00e4nhet receptbelagda och f\u00f6rem\u00e5l f\u00f6r strikta riktlinjer f\u00f6r l\u00e4kemedel.<\/span><span style=\"font-weight: 400;\">\n<p><\/span><\/li>\n<li style=\"font-weight: 400;\" aria-level=\"1\"><b>Kanada &amp; Australien<\/b><span style=\"font-weight: 400;\">: Behandlas som en kontrollerad substans; f\u00f6rs\u00e4ljning och import kr\u00e4ver licens eller medicinskt tillst\u00e5nd.<\/span><span style=\"font-weight: 400;\">\n<p><\/span><\/li>\n<\/ul>\n<p><span style=\"font-weight: 400;\">Om du letar efter <\/span><b>Efedrin till salu<\/b><span style=\"font-weight: 400;\">alltid kontrollera om det \u00e4r lagligt att <\/span><b>importera eller inneha efedrin<\/b><span style=\"font-weight: 400;\"> i ditt land.<\/span><\/p>\n<h3><b>Frakt- och tullfr\u00e5gor<\/b><\/h3>\n<p><span style=\"font-weight: 400;\">Efedrin \u00e4r klassificerat som en <\/span><b>reglerad kemikalie<\/b><span style=\"font-weight: 400;\">, vilket inneb\u00e4r att internationell frakt ofta kr\u00e4vs:<\/span><\/p>\n<ul>\n<li style=\"font-weight: 400;\" aria-level=\"1\"><span style=\"font-weight: 400;\">Importlicenser eller tillst\u00e5nd<\/span><span style=\"font-weight: 400;\">\n<p><\/span><\/li>\n<li style=\"font-weight: 400;\" aria-level=\"1\"><span style=\"font-weight: 400;\">Bevis p\u00e5 slutanv\u00e4ndning (f\u00f6r forskning eller tillverkning)<\/span><span style=\"font-weight: 400;\">\n<p><\/span><\/li>\n<li style=\"font-weight: 400;\" aria-level=\"1\"><span style=\"font-weight: 400;\">Tullklarering<\/span><span style=\"font-weight: 400;\">\n<p><\/span><\/li>\n<\/ul>\n<p><span style=\"font-weight: 400;\">R\u00e4kna med eventuella f\u00f6rseningar eller krav p\u00e5 dokumentation n\u00e4r du best\u00e4ller \u00f6ver gr\u00e4nserna. Se alltid till att din best\u00e4llning st\u00e4mmer \u00f6verens med <\/span><b>ditt lokala regelverk<\/b><span style=\"font-weight: 400;\"> f\u00f6r att undvika beslag eller r\u00e4ttsliga p\u00e5f\u00f6ljder.<\/span><\/p>\n<h3><b>Slutsats: K\u00f6p smart, h\u00e5ll dig till reglerna<\/b><\/h3>\n<p><span style=\"font-weight: 400;\">K\u00f6pa <a href=\"https:\/\/en.wikipedia.org\/wiki\/Ephedrine\">Efedrin<\/a> online kan vara snabbt och bekv\u00e4mt - men bara om det g\u00f6rs p\u00e5 ett ansvarsfullt s\u00e4tt. H\u00e4r \u00e4r en sista checklista innan du best\u00e4ller:<\/span><\/p>\n<ul>\n<li style=\"font-weight: 400;\" aria-level=\"1\"><span style=\"font-weight: 400;\">Bekr\u00e4fta lagligheten i din region<\/span><span style=\"font-weight: 400;\">\n<p><\/span><\/li>\n<li style=\"font-weight: 400;\" aria-level=\"1\"><span style=\"font-weight: 400;\">V\u00e4lj en certifierad, transparent leverant\u00f6r<\/span><span style=\"font-weight: 400;\">\n<p><\/span><\/li>\n<li style=\"font-weight: 400;\" aria-level=\"1\"><span style=\"font-weight: 400;\">Anv\u00e4nd endast f\u00f6r auktoriserade \u00e4ndam\u00e5l<\/span><span style=\"font-weight: 400;\">\n<p><\/span><\/li>\n<\/ul>\n<p><span style=\"font-weight: 400;\">Oavsett om du s\u00f6ker efedrin f\u00f6r forskning eller reglerad tillverkning, se till att du k\u00f6per fr\u00e5n <\/span><b>b\u00e4sta st\u00e4llet att k\u00f6pa Ephedrine p\u00e5<\/b><span style=\"font-weight: 400;\">-Ett f\u00f6retag som prioriterar efterlevnad, kvalitet och kundf\u00f6rtroende.<\/span><\/p>","protected":false},"excerpt":{"rendered":"<p><strong>Efedrin<\/strong> \u00e4r en naturligt f\u00f6rekommande alkaloid som vanligtvis extraheras fr\u00e5n Ephedra-v\u00e4xten och syntetiseras f\u00f6r farmaceutisk anv\u00e4ndning. Efedrin \u00e4r k\u00e4nt f\u00f6r sina stimulerande och bronkdilaterande effekter och anv\u00e4nds ofta i <strong>Behandling av andningsbesv\u00e4r<\/strong>, <strong>avsv\u00e4llande medel<\/strong>, och vissa <strong>forskningsapplikationer<\/strong>. Nedan beskriver vi efedrins prim\u00e4ra anv\u00e4ndningsomr\u00e5den, f\u00f6rdelar och s\u00e4kerhetsaspekter f\u00f6r medicinsk anv\u00e4ndning och laboratorieanv\u00e4ndning.<\/p>\n<p><strong>Synonym(er): (+)-Pseudoefedrin, (+)-\u03c8-Efedrin, (1S,2S)-2-metylamino-1-fenyl-1-propanol, d-Isoefedrin, d-Pseudoefedrin<\/strong><br \/>\n<strong>Empirisk formel (Hill-notation): C10H15NO<\/strong><br \/>\n<strong>CAS-nr: 90-82-4<\/strong><br \/>\n<strong>Molekylvikt: 165,23<\/strong><br \/>\n<strong>EG-nr: 202-018-6<\/strong><br \/>\n<strong>Beilstein nr:2414132<\/strong><\/p>","protected":false},"featured_media":1427,"comment_status":"open","ping_status":"closed","template":"","meta":{"_kadence_starter_templates_imported_post":false,"_kad_post_transparent":"default","_kad_post_title":"","_kad_post_layout":"default","_kad_post_sidebar_id":"","_kad_post_content_style":"default","_kad_post_vertical_padding":"default","_kad_post_feature":"","_kad_post_feature_position":"","_kad_post_header":false,"_kad_post_footer":false,"_joinchat":[]},"product_brand":[],"product_cat":[83],"product_tag":[192,193,194,195,196,197,198,199,200,201,202,203,204,205,206,207,208,209,210,211,212,213,214,215,216],"class_list":{"0":"post-1153","1":"product","2":"type-product","3":"status-publish","4":"has-post-thumbnail","6":"product_cat-pharmaceutical-and-medical-uses","7":"product_tag-bulk-ephedrine-supplier","8":"product_tag-buy-ephedrine-hcl-powder","9":"product_tag-buy-ephedrine-in-bulk","10":"product_tag-ephedrine-bulk-chemical-distributor","11":"product_tag-ephedrine-cas-299-42-3","12":"product_tag-ephedrine-chemical-compound-for-sale","13":"product_tag-ephedrine-chemical-for-bronchodilator-applications","14":"product_tag-ephedrine-chemical-procurement","15":"product_tag-ephedrine-for-decongestant-production","16":"product_tag-ephedrine-for-pharmaceutical-manufacturing","17":"product_tag-ephedrine-for-stimulant-production","18":"product_tag-ephedrine-hcl-cas-50-98-6","19":"product_tag-ephedrine-hcl-powder-supplier","20":"product_tag-ephedrine-hydrochloride-bulk-supplier","21":"product_tag-ephedrine-hydrochloride-for-sale","22":"product_tag-ephedrine-hydrochloride-powder-for-sale","23":"product_tag-ephedrine-hydrochloride-price-per-kilogram","24":"product_tag-ephedrine-industrial-grade-supplier","25":"product_tag-ephedrine-powder-for-research-use","26":"product_tag-ephedrine-sulfate-cas-134-72-5","27":"product_tag-ephedrine-sulfate-for-pharmaceutical-use","28":"product_tag-ephedrine-sulfate-supplier","29":"product_tag-ephedrine-wholesale-distributor","30":"product_tag-high-purity-ephedrine-supplier","31":"product_tag-industrial-grade-ephedrine-hcl-supplier","33":"first","34":"instock","35":"shipping-taxable","36":"product-type-simple","37":"entry","38":"content-bg","39":"loop-entry"},"yoast_head":"<!-- This site is optimized with the Yoast SEO plugin v25.6 - https:\/\/yoast.com\/wordpress\/plugins\/seo\/ -->\n<title>Buy Ephedrine in Bulk Online - Ephedrine for Sale | Subszone<\/title>\n<meta name=\"description\" content=\"Looking to buy ephedrine online? Discover a seamless platform at our online store where you can ephedrine for sale, ensuring top-grade quality for your research needs.\" \/>\n<meta name=\"robots\" content=\"index, follow, max-snippet:-1, max-image-preview:large, max-video-preview:-1\" \/>\n<link rel=\"canonical\" href=\"https:\/\/subszone.com\/sv\/product\/efedrin\/\" \/>\n<meta property=\"og:locale\" content=\"sv_SE\" \/>\n<meta property=\"og:type\" content=\"article\" \/>\n<meta property=\"og:title\" content=\"Buy Ephedrine in Bulk Online - Ephedrine for Sale | Subszone\" \/>\n<meta property=\"og:description\" content=\"Looking to buy ephedrine online? Discover a seamless platform at our online store where you can ephedrine for sale, ensuring top-grade quality for your research needs.\" \/>\n<meta property=\"og:url\" content=\"https:\/\/subszone.com\/sv\/product\/efedrin\/\" \/>\n<meta property=\"og:site_name\" content=\"SubsZone\" \/>\n<meta property=\"article:modified_time\" content=\"2025-05-31T05:26:46+00:00\" \/>\n<meta property=\"og:image\" content=\"https:\/\/subszone.com\/wp-content\/uploads\/2024\/10\/Ephedrine-2-1.gif\" \/>\n\t<meta property=\"og:image:width\" content=\"600\" \/>\n\t<meta property=\"og:image:height\" content=\"600\" \/>\n\t<meta property=\"og:image:type\" content=\"image\/gif\" \/>\n<meta name=\"twitter:card\" content=\"summary_large_image\" \/>\n<meta name=\"twitter:label1\" content=\"Ber\u00e4knad l\u00e4stid\" \/>\n\t<meta name=\"twitter:data1\" content=\"3 minuter\" \/>\n<script type=\"application\/ld+json\" class=\"yoast-schema-graph\">{\"@context\":\"https:\/\/schema.org\",\"@graph\":[{\"@type\":\"WebPage\",\"@id\":\"https:\/\/subszone.com\/product\/ephedrine\/\",\"url\":\"https:\/\/subszone.com\/product\/ephedrine\/\",\"name\":\"Buy Ephedrine in Bulk Online - Ephedrine for Sale | Subszone\",\"isPartOf\":{\"@id\":\"https:\/\/subszone.com\/#website\"},\"primaryImageOfPage\":{\"@id\":\"https:\/\/subszone.com\/product\/ephedrine\/#primaryimage\"},\"image\":{\"@id\":\"https:\/\/subszone.com\/product\/ephedrine\/#primaryimage\"},\"thumbnailUrl\":\"https:\/\/subszone.com\/wp-content\/uploads\/2024\/10\/Ephedrine-2-1.gif\",\"datePublished\":\"2024-10-24T04:29:13+00:00\",\"dateModified\":\"2025-05-31T05:26:46+00:00\",\"description\":\"Looking to buy ephedrine online? Discover a seamless platform at our online store where you can ephedrine for sale, ensuring top-grade quality for your research needs.\",\"breadcrumb\":{\"@id\":\"https:\/\/subszone.com\/product\/ephedrine\/#breadcrumb\"},\"inLanguage\":\"sv-SE\",\"potentialAction\":[{\"@type\":\"ReadAction\",\"target\":[\"https:\/\/subszone.com\/product\/ephedrine\/\"]}]},{\"@type\":\"ImageObject\",\"inLanguage\":\"sv-SE\",\"@id\":\"https:\/\/subszone.com\/product\/ephedrine\/#primaryimage\",\"url\":\"https:\/\/subszone.com\/wp-content\/uploads\/2024\/10\/Ephedrine-2-1.gif\",\"contentUrl\":\"https:\/\/subszone.com\/wp-content\/uploads\/2024\/10\/Ephedrine-2-1.gif\",\"width\":600,\"height\":600,\"caption\":\"Buy Ephedrine Online\"},{\"@type\":\"BreadcrumbList\",\"@id\":\"https:\/\/subszone.com\/product\/ephedrine\/#breadcrumb\",\"itemListElement\":[{\"@type\":\"ListItem\",\"position\":1,\"name\":\"Home\",\"item\":\"https:\/\/subszone.com\/\"},{\"@type\":\"ListItem\",\"position\":2,\"name\":\"Shop\",\"item\":\"https:\/\/subszone.com\/shop\/\"},{\"@type\":\"ListItem\",\"position\":3,\"name\":\"Buy Ephedrine Online\"}]},{\"@type\":\"WebSite\",\"@id\":\"https:\/\/subszone.com\/#website\",\"url\":\"https:\/\/subszone.com\/\",\"name\":\"SubsZone\",\"description\":\"My WordPress Blog\",\"publisher\":{\"@id\":\"https:\/\/subszone.com\/#organization\"},\"potentialAction\":[{\"@type\":\"SearchAction\",\"target\":{\"@type\":\"EntryPoint\",\"urlTemplate\":\"https:\/\/subszone.com\/?s={search_term_string}\"},\"query-input\":{\"@type\":\"PropertyValueSpecification\",\"valueRequired\":true,\"valueName\":\"search_term_string\"}}],\"inLanguage\":\"sv-SE\"},{\"@type\":\"Organization\",\"@id\":\"https:\/\/subszone.com\/#organization\",\"name\":\"SubsZone\",\"url\":\"https:\/\/subszone.com\/\",\"logo\":{\"@type\":\"ImageObject\",\"inLanguage\":\"sv-SE\",\"@id\":\"https:\/\/subszone.com\/#\/schema\/logo\/image\/\",\"url\":\"https:\/\/subszone.com\/wp-content\/uploads\/2024\/10\/logo.png\",\"contentUrl\":\"https:\/\/subszone.com\/wp-content\/uploads\/2024\/10\/logo.png\",\"width\":193,\"height\":50,\"caption\":\"SubsZone\"},\"image\":{\"@id\":\"https:\/\/subszone.com\/#\/schema\/logo\/image\/\"}}]}<\/script>\n<!-- \/ Yoast SEO plugin. -->","yoast_head_json":{"title":"K\u00f6p efedrin i bulk online - efedrin till salu | Subszone","description":"Vill du k\u00f6pa efedrin online? Uppt\u00e4ck en s\u00f6ml\u00f6s plattform i v\u00e5r onlinebutik d\u00e4r du kan efedrin till salu, vilket garanterar h\u00f6gsta kvalitet f\u00f6r dina forskningsbehov.","robots":{"index":"index","follow":"follow","max-snippet":"max-snippet:-1","max-image-preview":"max-image-preview:large","max-video-preview":"max-video-preview:-1"},"canonical":"https:\/\/subszone.com\/sv\/product\/efedrin\/","og_locale":"sv_SE","og_type":"article","og_title":"Buy Ephedrine in Bulk Online - Ephedrine for Sale | Subszone","og_description":"Looking to buy ephedrine online? Discover a seamless platform at our online store where you can ephedrine for sale, ensuring top-grade quality for your research needs.","og_url":"https:\/\/subszone.com\/sv\/product\/efedrin\/","og_site_name":"SubsZone","article_modified_time":"2025-05-31T05:26:46+00:00","og_image":[{"width":600,"height":600,"url":"https:\/\/subszone.com\/wp-content\/uploads\/2024\/10\/Ephedrine-2-1.gif","type":"image\/gif"}],"twitter_card":"summary_large_image","twitter_misc":{"Ber\u00e4knad l\u00e4stid":"3 minuter"},"schema":{"@context":"https:\/\/schema.org","@graph":[{"@type":"WebPage","@id":"https:\/\/subszone.com\/product\/ephedrine\/","url":"https:\/\/subszone.com\/product\/ephedrine\/","name":"K\u00f6p efedrin i bulk online - efedrin till salu | Subszone","isPartOf":{"@id":"https:\/\/subszone.com\/#website"},"primaryImageOfPage":{"@id":"https:\/\/subszone.com\/product\/ephedrine\/#primaryimage"},"image":{"@id":"https:\/\/subszone.com\/product\/ephedrine\/#primaryimage"},"thumbnailUrl":"https:\/\/subszone.com\/wp-content\/uploads\/2024\/10\/Ephedrine-2-1.gif","datePublished":"2024-10-24T04:29:13+00:00","dateModified":"2025-05-31T05:26:46+00:00","description":"Vill du k\u00f6pa efedrin online? Uppt\u00e4ck en s\u00f6ml\u00f6s plattform i v\u00e5r onlinebutik d\u00e4r du kan efedrin till salu, vilket garanterar h\u00f6gsta kvalitet f\u00f6r dina forskningsbehov.","breadcrumb":{"@id":"https:\/\/subszone.com\/product\/ephedrine\/#breadcrumb"},"inLanguage":"sv-SE","potentialAction":[{"@type":"ReadAction","target":["https:\/\/subszone.com\/product\/ephedrine\/"]}]},{"@type":"ImageObject","inLanguage":"sv-SE","@id":"https:\/\/subszone.com\/product\/ephedrine\/#primaryimage","url":"https:\/\/subszone.com\/wp-content\/uploads\/2024\/10\/Ephedrine-2-1.gif","contentUrl":"https:\/\/subszone.com\/wp-content\/uploads\/2024\/10\/Ephedrine-2-1.gif","width":600,"height":600,"caption":"Buy Ephedrine Online"},{"@type":"BreadcrumbList","@id":"https:\/\/subszone.com\/product\/ephedrine\/#breadcrumb","itemListElement":[{"@type":"ListItem","position":1,"name":"Home","item":"https:\/\/subszone.com\/"},{"@type":"ListItem","position":2,"name":"Shop","item":"https:\/\/subszone.com\/shop\/"},{"@type":"ListItem","position":3,"name":"Buy Ephedrine Online"}]},{"@type":"WebSite","@id":"https:\/\/subszone.com\/#website","url":"https:\/\/subszone.com\/","name":"SubsZone","description":"Min WordPress-blogg","publisher":{"@id":"https:\/\/subszone.com\/#organization"},"potentialAction":[{"@type":"SearchAction","target":{"@type":"EntryPoint","urlTemplate":"https:\/\/subszone.com\/?s={search_term_string}"},"query-input":{"@type":"PropertyValueSpecification","valueRequired":true,"valueName":"search_term_string"}}],"inLanguage":"sv-SE"},{"@type":"Organization","@id":"https:\/\/subszone.com\/#organization","name":"SubsZone","url":"https:\/\/subszone.com\/","logo":{"@type":"ImageObject","inLanguage":"sv-SE","@id":"https:\/\/subszone.com\/#\/schema\/logo\/image\/","url":"https:\/\/subszone.com\/wp-content\/uploads\/2024\/10\/logo.png","contentUrl":"https:\/\/subszone.com\/wp-content\/uploads\/2024\/10\/logo.png","width":193,"height":50,"caption":"SubsZone"},"image":{"@id":"https:\/\/subszone.com\/#\/schema\/logo\/image\/"}}]}},"_links":{"self":[{"href":"https:\/\/subszone.com\/sv\/wp-json\/wp\/v2\/product\/1153","targetHints":{"allow":["GET"]}}],"collection":[{"href":"https:\/\/subszone.com\/sv\/wp-json\/wp\/v2\/product"}],"about":[{"href":"https:\/\/subszone.com\/sv\/wp-json\/wp\/v2\/types\/product"}],"replies":[{"embeddable":true,"href":"https:\/\/subszone.com\/sv\/wp-json\/wp\/v2\/comments?post=1153"}],"wp:featuredmedia":[{"embeddable":true,"href":"https:\/\/subszone.com\/sv\/wp-json\/wp\/v2\/media\/1427"}],"wp:attachment":[{"href":"https:\/\/subszone.com\/sv\/wp-json\/wp\/v2\/media?parent=1153"}],"wp:term":[{"taxonomy":"product_brand","embeddable":true,"href":"https:\/\/subszone.com\/sv\/wp-json\/wp\/v2\/product_brand?post=1153"},{"taxonomy":"product_cat","embeddable":true,"href":"https:\/\/subszone.com\/sv\/wp-json\/wp\/v2\/product_cat?post=1153"},{"taxonomy":"product_tag","embeddable":true,"href":"https:\/\/subszone.com\/sv\/wp-json\/wp\/v2\/product_tag?post=1153"}],"curies":[{"name":"wp","href":"https:\/\/api.w.org\/{rel}","templated":true}]}}