{"id":1170,"date":"2024-10-24T05:19:07","date_gmt":"2024-10-24T05:19:07","guid":{"rendered":"https:\/\/subszone.com\/?post_type=product&#038;p=1170"},"modified":"2025-08-01T08:54:24","modified_gmt":"2025-08-01T08:54:24","slug":"hexamin","status":"publish","type":"product","link":"https:\/\/subszone.com\/sv\/product\/hexamin\/","title":{"rendered":"K\u00f6p hexamin online"},"content":{"rendered":"<h2><b>Omfattande guide: K\u00f6p hydrazin online s\u00e4kert och lagligt<\/b><\/h2>\n<h3><b>Vad \u00e4r hydrazin och vem beh\u00f6ver det?<\/b><\/h3>\n<p><a href=\"https:\/\/subszone.com\/sv\/product\/hexamin\/\"><b>Hydrazin<\/b><\/a><span style=\"font-weight: 400;\"> (N\u2082H\u2084) \u00e4r en mycket reaktiv, f\u00e4rgl\u00f6s v\u00e4tska med kraftigt reducerande egenskaper. K\u00e4nd f\u00f6r sin roll i <\/span><b>framdrivning av flyg- och rymdindustrin<\/b><span style=\"font-weight: 400;\">, <\/span><b>kemisk syntes<\/b><span style=\"font-weight: 400;\">, och <\/span><b>vattenrening<\/b><span style=\"font-weight: 400;\">hydrazin anv\u00e4nds inom ett brett spektrum av <\/span><b>Industrier<\/b><span style=\"font-weight: 400;\">, <\/span><b>forskningslaboratorier<\/b><span style=\"font-weight: 400;\">, och <\/span><b>statliga sektorer<\/b><span style=\"font-weight: 400;\">.<\/span><\/p>\n<h4><b>Prim\u00e4ra anv\u00e4ndningsomr\u00e5den:<\/b><\/h4>\n<ul>\n<li style=\"font-weight: 400;\" aria-level=\"1\"><b>Industri:<\/b><span style=\"font-weight: 400;\"> Raketbr\u00e4nsle, korrosionsinhibitorer, polymer- och plasttillverkning<\/span>&nbsp;<\/li>\n<li style=\"font-weight: 400;\" aria-level=\"1\"><b>Forskning:<\/b><span style=\"font-weight: 400;\"> Reduktionsmedel vid organisk syntes och farmaceutisk FoU<\/span>&nbsp;<\/li>\n<li style=\"font-weight: 400;\" aria-level=\"1\"><b>Utbildning och laboratorier:<\/b><span style=\"font-weight: 400;\"> Kontrollerade, sm\u00e5skaliga experiment i avancerade kemiprogram<\/span>&nbsp;<\/li>\n<\/ul>\n<p><span style=\"font-weight: 400;\">Med tanke p\u00e5 dess <\/span><b>giftig och flyktig natur<\/b><span style=\"font-weight: 400;\">, hydrazin m\u00e5ste hanteras p\u00e5 ett ansvarsfullt s\u00e4tt och anskaffas genom <\/span><b>lagligt auktoriserade f\u00f6rs\u00e4ljare<\/b><span style=\"font-weight: 400;\"> bara.<\/span><\/p>\n<h3><b>Hur man identifierar de b\u00e4sta leverant\u00f6rerna<\/b><\/h3>\n<p><span style=\"font-weight: 400;\">N\u00e4r du funderar p\u00e5 att <\/span><a href=\"https:\/\/en.wikipedia.org\/wiki\/Hydrazine\"><b>k\u00f6pa hydrazin online<\/b><\/a><span style=\"font-weight: 400;\">\u00e4r det viktigt att v\u00e4lja en leverant\u00f6r som uppfyller strikta <\/span><b>standarder f\u00f6r s\u00e4kerhet och efterlevnad<\/b><span style=\"font-weight: 400;\">. H\u00e4r \u00e4r vad du ska leta efter:<\/span><\/p>\n<ul>\n<li style=\"font-weight: 400;\" aria-level=\"1\"><b>Verifierade f\u00f6retagsuppgifter och licenser<\/b>&nbsp;<\/li>\n<li style=\"font-weight: 400;\" aria-level=\"1\"><b>Tillg\u00e5ng till s\u00e4kerhetsdatablad (SDS\/MSDS)<\/b>&nbsp;<\/li>\n<li style=\"font-weight: 400;\" aria-level=\"1\"><b>Kundrecensioner och branschrykte<\/b>&nbsp;<\/li>\n<li style=\"font-weight: 400;\" aria-level=\"1\"><b>Tydlig m\u00e4rkning, dokumentation och tekniska specifikationer<\/b>&nbsp;<\/li>\n<li style=\"font-weight: 400;\" aria-level=\"1\"><b>Certifieringar f\u00f6r farliga material (DOT, REACH, OSHA, ISO)<\/b>&nbsp;<\/li>\n<\/ul>\n<p><span style=\"font-weight: 400;\">Den <\/span><b>b\u00e4sta st\u00e4llet att k\u00f6pa hydrazin<\/b><span style=\"font-weight: 400;\"> \u00e4r en som prioriterar <\/span><b>transparens<\/b><span style=\"font-weight: 400;\">, <\/span><b>efterlevnad av regelverk<\/b><span style=\"font-weight: 400;\">, och <\/span><b>s\u00e4kra leveransmetoder<\/b><span style=\"font-weight: 400;\">.<\/span><\/p>\n<h3><b>Riktlinjer f\u00f6r hantering, transport och f\u00f6rvaring<\/b><\/h3>\n<p><span style=\"font-weight: 400;\">P\u00e5 grund av sin <\/span><b>toxicitet och explosionsrisk<\/b><span style=\"font-weight: 400;\">m\u00e5ste hydrazin vara det:<\/span><\/p>\n<ul>\n<li style=\"font-weight: 400;\" aria-level=\"1\"><b>Skickas i UN-godk\u00e4nda containrar<\/b>&nbsp;<\/li>\n<li style=\"font-weight: 400;\" aria-level=\"1\"><b>F\u00f6rvaras i en sval, v\u00e4l ventilerad och brands\u00e4ker lokal<\/b>&nbsp;<\/li>\n<li style=\"font-weight: 400;\" aria-level=\"1\"><b>Hanteras med personlig skyddsutrustning (handskar, skyddsglas\u00f6gon, labbrock)<\/b>&nbsp;<\/li>\n<li style=\"font-weight: 400;\" aria-level=\"1\"><b>Tydligt m\u00e4rkt med varningstexter<\/b>&nbsp;<\/li>\n<\/ul>\n<p><span style=\"font-weight: 400;\">Se till att din leverant\u00f6r tillhandah\u00e5ller <\/span><b>detaljerade hanteringsanvisningar<\/b><span style=\"font-weight: 400;\"> och f\u00f6ljer <\/span><b>protokoll f\u00f6r transport av farligt gods<\/b><span style=\"font-weight: 400;\">.<\/span><\/p>\n<h3><b>Juridiska \u00f6verv\u00e4ganden och licensiering<\/b><\/h3>\n<p><span style=\"font-weight: 400;\">Hydrazin klassificeras som en <\/span><b>farliga och kontrollerade \u00e4mnen<\/b><span style=\"font-weight: 400;\"> i de flesta l\u00e4nder, inklusive USA, Kanada, EU och Australien. Innan du l\u00e4gger en best\u00e4llning, var beredd p\u00e5 att:<\/span><\/p>\n<ul>\n<li style=\"font-weight: 400;\" aria-level=\"1\"><b>Tillhandah\u00e5lla referenser f\u00f6r f\u00f6retag eller institutioner<\/b>&nbsp;<\/li>\n<li style=\"font-weight: 400;\" aria-level=\"1\"><b>Fyll i en deklaration om slutanv\u00e4ndning<\/b>&nbsp;<\/li>\n<li style=\"font-weight: 400;\" aria-level=\"1\"><b>Erh\u00e5lla relevanta import-\/exportlicenser<\/b>&nbsp;<\/li>\n<li style=\"font-weight: 400;\" aria-level=\"1\"><b>F\u00f6lja EPA, DOT, REACH eller liknande myndigheter<\/b>&nbsp;<\/li>\n<\/ul>\n<p><span style=\"font-weight: 400;\">Obeh\u00f6rigt k\u00f6p eller felaktig anv\u00e4ndning kan leda till <\/span><b>r\u00e4ttsliga p\u00e5f\u00f6ljder<\/b><span style=\"font-weight: 400;\">, inklusive b\u00f6ter eller straffr\u00e4ttsliga p\u00e5f\u00f6ljder.<\/span><\/p>\n<h3><b>Avslutande tankar om ansvarsfulla ink\u00f6p<\/b><\/h3>\n<p data-start=\"542\" data-end=\"602\"><span style=\"font-weight: 400;\">Oavsett om du \u00e4r kemiingenj\u00f6r, laboratoriechef eller ink\u00f6psansvarig \u00e4r det viktigt att du v\u00e4ljer att <\/span><b>Best\u00e4ll hydrazin online<\/b><span style=\"font-weight: 400;\"> m\u00e5ste komma med en f\u00f6rst\u00e5else f\u00f6r dess <\/span><b>risker och regleringar<\/b><span style=\"font-weight: 400;\">. K\u00f6p alltid fr\u00e5n <\/span><b>v\u00e4lrenommerade k\u00e4llor<\/b><span style=\"font-weight: 400;\">f\u00f6lja alla juridiska protokoll och f\u00f6rbinda sig att <\/span><b>s\u00e4ker hantering och etisk anv\u00e4ndning<\/b><span style=\"font-weight: 400;\">.<\/span><\/p>","protected":false},"excerpt":{"rendered":"<p>Hexamin, \u00e4ven k\u00e4nt som hexametylentetramin, \u00e4r en organisk f\u00f6rening med den kemiska formeln <span class=\"katex\"><span class=\"katex-mathml\">C6H12N4C_6H_{12}N_4<\/span><span class=\"katex-html\" aria-hidden=\"true\"><span class=\"base\"><span class=\"mord\"><span class=\"mord mathnormal\">C<\/span><span class=\"msupsub\"><span class=\"vlist-t vlist-t2\"><span class=\"vlist-r\"><span class=\"vlist\"><span class=\"sizing reset-size6 size3 mtight\"><span class=\"mord mtight\">6<\/span><\/span><\/span><span class=\"vlist-s\">\u200b<\/span><\/span><\/span><\/span><\/span><span class=\"mord\"><span class=\"mord mathnormal\">H<\/span><span class=\"msupsub\"><span class=\"vlist-t vlist-t2\"><span class=\"vlist-r\"><span class=\"vlist\"><span class=\"sizing reset-size6 size3 mtight\"><span class=\"mord mtight\">12<\/span><\/span><\/span><span class=\"vlist-s\">\u200b<\/span><\/span><\/span><\/span><\/span><span class=\"mord\"><span class=\"mord mathnormal\">N<\/span><span class=\"msupsub\"><span class=\"vlist-t vlist-t2\"><span class=\"vlist-r\"><span class=\"vlist\"><span class=\"sizing reset-size6 size3 mtight\"><span class=\"mord mtight\">4<\/span><\/span><\/span><span class=\"vlist-s\">\u200b<\/span><\/span><\/span><\/span><\/span><\/span><\/span><\/span>. Detta vita kristallina pulver \u00e4r mycket l\u00f6sligt i vatten och \u00e4r k\u00e4nt f\u00f6r sin m\u00e5ngsidighet i olika applikationer, fr\u00e5n l\u00e4kemedel till industriella anv\u00e4ndningsomr\u00e5den.<\/p>\n<ul>\n<li><strong>Kemisk formel<\/strong>: <span class=\"katex\"><span class=\"katex-mathml\">C6H12N4C_6H_{12}N_4<\/span><span class=\"katex-html\" aria-hidden=\"true\"><span class=\"base\"><span class=\"mord\"><span class=\"mord mathnormal\">C<\/span><span class=\"msupsub\"><span class=\"vlist-t vlist-t2\"><span class=\"vlist-r\"><span class=\"vlist\"><span class=\"sizing reset-size6 size3 mtight\"><span class=\"mord mtight\">6<\/span><\/span><\/span><span class=\"vlist-s\">\u200b<\/span><\/span><\/span><\/span><\/span><span class=\"mord\"><span class=\"mord mathnormal\">H<\/span><span class=\"msupsub\"><span class=\"vlist-t vlist-t2\"><span class=\"vlist-r\"><span class=\"vlist\"><span class=\"sizing reset-size6 size3 mtight\"><span class=\"mord mtight\">12<\/span><\/span><\/span><span class=\"vlist-s\">\u200b<\/span><\/span><\/span><\/span><\/span><span class=\"mord\"><span class=\"mord mathnormal\">N<\/span><span class=\"msupsub\"><span class=\"vlist-t vlist-t2\"><span class=\"vlist-r\"><span class=\"vlist\"><span class=\"sizing reset-size6 size3 mtight\"><span class=\"mord mtight\">4<\/span><\/span><\/span><span class=\"vlist-s\">\u200b<\/span><\/span><\/span><\/span><\/span><\/span><\/span><\/span><\/li>\n<li><strong>Molekyl\u00e4r struktur<\/strong>: Hexamin best\u00e5r av en hexaminryggrad, d\u00e4r sex kolatomer \u00e4r kopplade till kv\u00e4veatomer och bildar en stabil struktur.<\/li>\n<li><strong>Fysiskt tillst\u00e5nd<\/strong>: Vitt kristallint fast \u00e4mne vid rumstemperatur.<\/li>\n<li><strong>Sm\u00e4ltpunkt<\/strong>: Cirka 280 \u00b0C (536 \u00b0F).<\/li>\n<li><strong>L\u00f6slighet<\/strong>: L\u00f6slig i vatten och alkohol; ol\u00f6slig i icke-pol\u00e4ra l\u00f6sningsmedel.<\/li>\n<\/ul>","protected":false},"featured_media":1339,"comment_status":"open","ping_status":"closed","template":"","meta":{"_kadence_starter_templates_imported_post":false,"_kad_post_transparent":"default","_kad_post_title":"","_kad_post_layout":"default","_kad_post_sidebar_id":"","_kad_post_content_style":"default","_kad_post_vertical_padding":"default","_kad_post_feature":"","_kad_post_feature_position":"","_kad_post_header":false,"_kad_post_footer":false,"_joinchat":[]},"product_brand":[],"product_cat":[82],"product_tag":[820,817,833,829,830,823,825,826,832,828,818,827,824,822,834,816,821,819,835,831],"class_list":{"0":"post-1170","1":"product","2":"type-product","3":"status-publish","4":"has-post-thumbnail","6":"product_cat-explosives-and-pyrotechnics","7":"product_tag-bulk-hexamine-supplier","8":"product_tag-buy-hexamine","9":"product_tag-commercial-hexamine-supply","10":"product_tag-hexamine-as-curing-agent","11":"product_tag-hexamine-distributor","12":"product_tag-hexamine-for-chemical-manufacturing","13":"product_tag-hexamine-for-explosives","14":"product_tag-hexamine-for-fuel-tablets","15":"product_tag-hexamine-for-industrial-applications","16":"product_tag-hexamine-for-laboratory-use","17":"product_tag-hexamine-for-sale","18":"product_tag-hexamine-in-pharmaceutical-industry","19":"product_tag-hexamine-in-resin-production","20":"product_tag-hexamine-price-and-availability","21":"product_tag-hexamine-safety-and-compliance","22":"product_tag-hexamine-supplier","23":"product_tag-high-purity-hexamine","24":"product_tag-industrial-hexamine-supply","25":"product_tag-reliable-hexamine-supplier","26":"product_tag-where-to-buy-hexamine","28":"first","29":"instock","30":"shipping-taxable","31":"product-type-simple","32":"entry","33":"content-bg","34":"loop-entry"},"yoast_head":"<!-- This site is optimized with the Yoast SEO plugin v25.6 - https:\/\/yoast.com\/wordpress\/plugins\/seo\/ -->\n<title>Buy Hexamine Supplier Online - Hexamine for Sale<\/title>\n<meta name=\"description\" content=\"Do not miss any opportunity to buy hexamine supplier online from our store. We are exclusively dealing with hexamine for sale at cheap rates. We are here to help you. Order now!\" \/>\n<meta name=\"robots\" content=\"index, follow, max-snippet:-1, max-image-preview:large, max-video-preview:-1\" \/>\n<link rel=\"canonical\" href=\"https:\/\/subszone.com\/sv\/product\/hexamin\/\" \/>\n<meta property=\"og:locale\" content=\"sv_SE\" \/>\n<meta property=\"og:type\" content=\"article\" \/>\n<meta property=\"og:title\" content=\"Buy Hexamine Supplier Online - Hexamine for Sale\" \/>\n<meta property=\"og:description\" content=\"Do not miss any opportunity to buy hexamine supplier online from our store. We are exclusively dealing with hexamine for sale at cheap rates. We are here to help you. Order now!\" \/>\n<meta property=\"og:url\" content=\"https:\/\/subszone.com\/sv\/product\/hexamin\/\" \/>\n<meta property=\"og:site_name\" content=\"SubsZone\" \/>\n<meta property=\"article:modified_time\" content=\"2025-08-01T08:54:24+00:00\" \/>\n<meta property=\"og:image\" content=\"https:\/\/subszone.com\/wp-content\/uploads\/2024\/10\/Hexamine.webp\" \/>\n\t<meta property=\"og:image:width\" content=\"1024\" \/>\n\t<meta property=\"og:image:height\" content=\"1024\" \/>\n\t<meta property=\"og:image:type\" content=\"image\/webp\" \/>\n<meta name=\"twitter:card\" content=\"summary_large_image\" \/>\n<meta name=\"twitter:label1\" content=\"Ber\u00e4knad l\u00e4stid\" \/>\n\t<meta name=\"twitter:data1\" content=\"2 minuter\" \/>\n<script type=\"application\/ld+json\" class=\"yoast-schema-graph\">{\"@context\":\"https:\/\/schema.org\",\"@graph\":[{\"@type\":\"WebPage\",\"@id\":\"https:\/\/subszone.com\/product\/hexamine\/\",\"url\":\"https:\/\/subszone.com\/product\/hexamine\/\",\"name\":\"Buy Hexamine Supplier Online - Hexamine for Sale\",\"isPartOf\":{\"@id\":\"https:\/\/subszone.com\/#website\"},\"primaryImageOfPage\":{\"@id\":\"https:\/\/subszone.com\/product\/hexamine\/#primaryimage\"},\"image\":{\"@id\":\"https:\/\/subszone.com\/product\/hexamine\/#primaryimage\"},\"thumbnailUrl\":\"https:\/\/subszone.com\/wp-content\/uploads\/2024\/10\/Hexamine.webp\",\"datePublished\":\"2024-10-24T05:19:07+00:00\",\"dateModified\":\"2025-08-01T08:54:24+00:00\",\"description\":\"Do not miss any opportunity to buy hexamine supplier online from our store. We are exclusively dealing with hexamine for sale at cheap rates. We are here to help you. Order now!\",\"breadcrumb\":{\"@id\":\"https:\/\/subszone.com\/product\/hexamine\/#breadcrumb\"},\"inLanguage\":\"sv-SE\",\"potentialAction\":[{\"@type\":\"ReadAction\",\"target\":[\"https:\/\/subszone.com\/product\/hexamine\/\"]}]},{\"@type\":\"ImageObject\",\"inLanguage\":\"sv-SE\",\"@id\":\"https:\/\/subszone.com\/product\/hexamine\/#primaryimage\",\"url\":\"https:\/\/subszone.com\/wp-content\/uploads\/2024\/10\/Hexamine.webp\",\"contentUrl\":\"https:\/\/subszone.com\/wp-content\/uploads\/2024\/10\/Hexamine.webp\",\"width\":1024,\"height\":1024,\"caption\":\"Buy Hexamine Supplier Online\"},{\"@type\":\"BreadcrumbList\",\"@id\":\"https:\/\/subszone.com\/product\/hexamine\/#breadcrumb\",\"itemListElement\":[{\"@type\":\"ListItem\",\"position\":1,\"name\":\"Home\",\"item\":\"https:\/\/subszone.com\/\"},{\"@type\":\"ListItem\",\"position\":2,\"name\":\"Shop\",\"item\":\"https:\/\/subszone.com\/shop\/\"},{\"@type\":\"ListItem\",\"position\":3,\"name\":\"Buy Hexamine Online\"}]},{\"@type\":\"WebSite\",\"@id\":\"https:\/\/subszone.com\/#website\",\"url\":\"https:\/\/subszone.com\/\",\"name\":\"SubsZone\",\"description\":\"My WordPress Blog\",\"publisher\":{\"@id\":\"https:\/\/subszone.com\/#organization\"},\"potentialAction\":[{\"@type\":\"SearchAction\",\"target\":{\"@type\":\"EntryPoint\",\"urlTemplate\":\"https:\/\/subszone.com\/?s={search_term_string}\"},\"query-input\":{\"@type\":\"PropertyValueSpecification\",\"valueRequired\":true,\"valueName\":\"search_term_string\"}}],\"inLanguage\":\"sv-SE\"},{\"@type\":\"Organization\",\"@id\":\"https:\/\/subszone.com\/#organization\",\"name\":\"SubsZone\",\"url\":\"https:\/\/subszone.com\/\",\"logo\":{\"@type\":\"ImageObject\",\"inLanguage\":\"sv-SE\",\"@id\":\"https:\/\/subszone.com\/#\/schema\/logo\/image\/\",\"url\":\"https:\/\/subszone.com\/wp-content\/uploads\/2024\/10\/logo.png\",\"contentUrl\":\"https:\/\/subszone.com\/wp-content\/uploads\/2024\/10\/logo.png\",\"width\":193,\"height\":50,\"caption\":\"SubsZone\"},\"image\":{\"@id\":\"https:\/\/subszone.com\/#\/schema\/logo\/image\/\"}}]}<\/script>\n<!-- \/ Yoast SEO plugin. -->","yoast_head_json":{"title":"K\u00f6p Hexamine Supplier Online - Hexamine till salu","description":"Missa inte chansen att k\u00f6pa hexaminleverant\u00f6r online fr\u00e5n v\u00e5r butik. Vi arbetar uteslutande med hexamin till salu till billiga priser. Vi \u00e4r h\u00e4r f\u00f6r att hj\u00e4lpa dig. Best\u00e4ll nu!","robots":{"index":"index","follow":"follow","max-snippet":"max-snippet:-1","max-image-preview":"max-image-preview:large","max-video-preview":"max-video-preview:-1"},"canonical":"https:\/\/subszone.com\/sv\/product\/hexamin\/","og_locale":"sv_SE","og_type":"article","og_title":"Buy Hexamine Supplier Online - Hexamine for Sale","og_description":"Do not miss any opportunity to buy hexamine supplier online from our store. We are exclusively dealing with hexamine for sale at cheap rates. We are here to help you. Order now!","og_url":"https:\/\/subszone.com\/sv\/product\/hexamin\/","og_site_name":"SubsZone","article_modified_time":"2025-08-01T08:54:24+00:00","og_image":[{"width":1024,"height":1024,"url":"https:\/\/subszone.com\/wp-content\/uploads\/2024\/10\/Hexamine.webp","type":"image\/webp"}],"twitter_card":"summary_large_image","twitter_misc":{"Ber\u00e4knad l\u00e4stid":"2 minuter"},"schema":{"@context":"https:\/\/schema.org","@graph":[{"@type":"WebPage","@id":"https:\/\/subszone.com\/product\/hexamine\/","url":"https:\/\/subszone.com\/product\/hexamine\/","name":"K\u00f6p Hexamine Supplier Online - Hexamine till salu","isPartOf":{"@id":"https:\/\/subszone.com\/#website"},"primaryImageOfPage":{"@id":"https:\/\/subszone.com\/product\/hexamine\/#primaryimage"},"image":{"@id":"https:\/\/subszone.com\/product\/hexamine\/#primaryimage"},"thumbnailUrl":"https:\/\/subszone.com\/wp-content\/uploads\/2024\/10\/Hexamine.webp","datePublished":"2024-10-24T05:19:07+00:00","dateModified":"2025-08-01T08:54:24+00:00","description":"Missa inte chansen att k\u00f6pa hexaminleverant\u00f6r online fr\u00e5n v\u00e5r butik. Vi arbetar uteslutande med hexamin till salu till billiga priser. Vi \u00e4r h\u00e4r f\u00f6r att hj\u00e4lpa dig. Best\u00e4ll nu!","breadcrumb":{"@id":"https:\/\/subszone.com\/product\/hexamine\/#breadcrumb"},"inLanguage":"sv-SE","potentialAction":[{"@type":"ReadAction","target":["https:\/\/subszone.com\/product\/hexamine\/"]}]},{"@type":"ImageObject","inLanguage":"sv-SE","@id":"https:\/\/subszone.com\/product\/hexamine\/#primaryimage","url":"https:\/\/subszone.com\/wp-content\/uploads\/2024\/10\/Hexamine.webp","contentUrl":"https:\/\/subszone.com\/wp-content\/uploads\/2024\/10\/Hexamine.webp","width":1024,"height":1024,"caption":"Buy Hexamine Supplier Online"},{"@type":"BreadcrumbList","@id":"https:\/\/subszone.com\/product\/hexamine\/#breadcrumb","itemListElement":[{"@type":"ListItem","position":1,"name":"Home","item":"https:\/\/subszone.com\/"},{"@type":"ListItem","position":2,"name":"Shop","item":"https:\/\/subszone.com\/shop\/"},{"@type":"ListItem","position":3,"name":"Buy Hexamine Online"}]},{"@type":"WebSite","@id":"https:\/\/subszone.com\/#website","url":"https:\/\/subszone.com\/","name":"SubsZone","description":"Min WordPress-blogg","publisher":{"@id":"https:\/\/subszone.com\/#organization"},"potentialAction":[{"@type":"SearchAction","target":{"@type":"EntryPoint","urlTemplate":"https:\/\/subszone.com\/?s={search_term_string}"},"query-input":{"@type":"PropertyValueSpecification","valueRequired":true,"valueName":"search_term_string"}}],"inLanguage":"sv-SE"},{"@type":"Organization","@id":"https:\/\/subszone.com\/#organization","name":"SubsZone","url":"https:\/\/subszone.com\/","logo":{"@type":"ImageObject","inLanguage":"sv-SE","@id":"https:\/\/subszone.com\/#\/schema\/logo\/image\/","url":"https:\/\/subszone.com\/wp-content\/uploads\/2024\/10\/logo.png","contentUrl":"https:\/\/subszone.com\/wp-content\/uploads\/2024\/10\/logo.png","width":193,"height":50,"caption":"SubsZone"},"image":{"@id":"https:\/\/subszone.com\/#\/schema\/logo\/image\/"}}]}},"_links":{"self":[{"href":"https:\/\/subszone.com\/sv\/wp-json\/wp\/v2\/product\/1170","targetHints":{"allow":["GET"]}}],"collection":[{"href":"https:\/\/subszone.com\/sv\/wp-json\/wp\/v2\/product"}],"about":[{"href":"https:\/\/subszone.com\/sv\/wp-json\/wp\/v2\/types\/product"}],"replies":[{"embeddable":true,"href":"https:\/\/subszone.com\/sv\/wp-json\/wp\/v2\/comments?post=1170"}],"wp:featuredmedia":[{"embeddable":true,"href":"https:\/\/subszone.com\/sv\/wp-json\/wp\/v2\/media\/1339"}],"wp:attachment":[{"href":"https:\/\/subszone.com\/sv\/wp-json\/wp\/v2\/media?parent=1170"}],"wp:term":[{"taxonomy":"product_brand","embeddable":true,"href":"https:\/\/subszone.com\/sv\/wp-json\/wp\/v2\/product_brand?post=1170"},{"taxonomy":"product_cat","embeddable":true,"href":"https:\/\/subszone.com\/sv\/wp-json\/wp\/v2\/product_cat?post=1170"},{"taxonomy":"product_tag","embeddable":true,"href":"https:\/\/subszone.com\/sv\/wp-json\/wp\/v2\/product_tag?post=1170"}],"curies":[{"name":"wp","href":"https:\/\/api.w.org\/{rel}","templated":true}]}}