{"id":1182,"date":"2024-10-24T05:47:26","date_gmt":"2024-10-24T05:47:26","guid":{"rendered":"https:\/\/subszone.com\/?post_type=product&#038;p=1182"},"modified":"2025-06-02T11:36:32","modified_gmt":"2025-06-02T11:36:32","slug":"hydrofluoric-acid","status":"publish","type":"product","link":"https:\/\/subszone.com\/sv\/product\/hydrofluoric-acid\/","title":{"rendered":"K\u00f6p fluorv\u00e4tesyra online"},"content":{"rendered":"<h2><b>Hur man k\u00f6per fluorv\u00e4tesyra online s\u00e4kert och lagligt<\/b><\/h2>\n<h3><b>Inledning<\/b><\/h3>\n<p><span style=\"font-weight: 400;\"><a href=\"https:\/\/subszone.com\/sv\/product\/hydrofluoric-acid\/\">Fluorv\u00e4tesyra (HF)<\/a> \u00e4r en <\/span><b>mycket fr\u00e4tande och kraftfull oorganisk syra<\/b><span style=\"font-weight: 400;\"> anv\u00e4nds ofta inom industriella, kommersiella och laboratoriem\u00e4ssiga sektorer. Om du \u00e4r ute efter att <\/span><b>k\u00f6pa fluorv\u00e4tesyra online<\/b><span style=\"font-weight: 400;\">D\u00e4rf\u00f6r \u00e4r det viktigt att f\u00f6rst\u00e5 de juridiska, s\u00e4kerhets- och ink\u00f6psm\u00e4ssiga aspekterna. Fr\u00e5n metalletsning till halvledartillverkning och avancerad forskning spelar HF en avg\u00f6rande roll - men det kr\u00e4ver ansvarsfull hantering och reglerade ink\u00f6p.<\/span><\/p>\n<h3><b>F\u00f6rst\u00e5 fluorv\u00e4tesyra<\/b><\/h3>\n<p><span style=\"font-weight: 400;\">Fluorv\u00e4tesyra, som vanligtvis s\u00e4ljs som en vattenl\u00f6sning (vanligen 48%), \u00e4r <\/span><b>inte som andra syror<\/b><span style=\"font-weight: 400;\">. Det har unika egenskaper, t.ex. f\u00f6rm\u00e5gan att l\u00f6sa upp glas och reagera starkt med m\u00e5nga metaller.<\/span><\/p>\n<h4><b>Viktiga kemiska egenskaper:<\/b><\/h4>\n<ul>\n<li style=\"font-weight: 400;\" aria-level=\"1\"><b>Molekyl\u00e4r formel:<\/b><span style=\"font-weight: 400;\"> HF<\/span><span style=\"font-weight: 400;\">\n<p><\/span><\/li>\n<li style=\"font-weight: 400;\" aria-level=\"1\"><b>Utseende:<\/b><span style=\"font-weight: 400;\"> F\u00e4rgl\u00f6s, rykande v\u00e4tska med stark, irriterande lukt<\/span><span style=\"font-weight: 400;\">\n<p><\/span><\/li>\n<li style=\"font-weight: 400;\" aria-level=\"1\"><b>Reaktivitet:<\/b><span style=\"font-weight: 400;\"> Angriper glas, keramik och de flesta oxider<\/span><span style=\"font-weight: 400;\">\n<p><\/span><\/li>\n<\/ul>\n<h4><b>Typiska f\u00f6rpackningsformat:<\/b><\/h4>\n<p><span style=\"font-weight: 400;\">F\u00f6r att s\u00e4kerst\u00e4lla s\u00e4ker transport och f\u00f6rvaring levereras HF vanligtvis i:<\/span><\/p>\n<ul>\n<li style=\"font-weight: 400;\" aria-level=\"1\"><b>Beh\u00e5llare av polyeten med h\u00f6g densitet (HDPE)<\/b><b>\n<p><\/b><\/li>\n<li style=\"font-weight: 400;\" aria-level=\"1\"><b>UN-dimensionerade fat eller flaskor<\/b><span style=\"font-weight: 400;\"> med korrosionsbest\u00e4ndiga t\u00e4tningar<\/span><span style=\"font-weight: 400;\">\n<p><\/span><\/li>\n<li style=\"font-weight: 400;\" aria-level=\"1\"><span style=\"font-weight: 400;\">Mindre flaskor i laboratoriestorlek (under 1 liter) f\u00f6r kontrollerade forskningsmilj\u00f6er<\/span><span style=\"font-weight: 400;\">\n<p><\/span><\/li>\n<\/ul>\n<h3><b>Regulatorisk efterlevnad<\/b><\/h3>\n<p><span style=\"font-weight: 400;\">Innan du <\/span><b>Best\u00e4ll fluorv\u00e4tesyra online<\/b><span style=\"font-weight: 400;\">\u00e4r det viktigt att kontrollera om ditt land eller din jurisdiktion begr\u00e4nsar HF-k\u00f6p.<\/span><\/p>\n<h4><b>Licensiering och juridiska begr\u00e4nsningar:<\/b><\/h4>\n<ul>\n<li style=\"font-weight: 400;\" aria-level=\"1\"><b>F\u00f6renta staterna:<\/b><span style=\"font-weight: 400;\"> Kr\u00e4ver aff\u00e4rsverifiering och kan bli f\u00f6rem\u00e5l f\u00f6r tillsyn av DEA eller EPA.<\/span><span style=\"font-weight: 400;\">\n<p><\/span><\/li>\n<li style=\"font-weight: 400;\" aria-level=\"1\"><b>Europeiska unionen:<\/b><span style=\"font-weight: 400;\"> Kontrolleras enligt REACH-f\u00f6rordningen.<\/span><span style=\"font-weight: 400;\">\n<p><\/span><\/li>\n<li style=\"font-weight: 400;\" aria-level=\"1\"><b>Regioner i Asien och Stillahavsomr\u00e5det:<\/b><span style=\"font-weight: 400;\"> Kan kr\u00e4va industri- eller forskningslicenser f\u00f6r import eller anv\u00e4ndning.<\/span><span style=\"font-weight: 400;\">\n<p><\/span><\/li>\n<\/ul>\n<p><span style=\"font-weight: 400;\">Om du \u00e4r en privat k\u00f6pare eller en olicensierad enhet, <\/span><b>du kan bli begr\u00e4nsad eller nekad k\u00f6p<\/b><span style=\"font-weight: 400;\"> helt och h\u00e5llet p\u00e5 grund av den farliga klassificeringen av detta \u00e4mne.<\/span><\/p>\n<h3><b>Hur man v\u00e4ljer en p\u00e5litlig leverant\u00f6r<\/b><\/h3>\n<p><span style=\"font-weight: 400;\">Med m\u00e5nga s\u00e4ljare som h\u00e4vdar <\/span><a href=\"https:\/\/en.wikipedia.org\/wiki\/Hydrofluoric_acid\"><b>fluorv\u00e4tesyra till salu<\/b><\/a><span style=\"font-weight: 400;\">Det \u00e4r inte alla leverant\u00f6rer som uppfyller de s\u00e4kerhets- och kvalitetsstandarder som kr\u00e4vs. Granska din leverant\u00f6r noggrant.<\/span><\/p>\n<h4><b>Leta efter..:<\/b><\/h4>\n<ul>\n<li style=\"font-weight: 400;\" aria-level=\"1\"><b>Certifieringar:<\/b><span style=\"font-weight: 400;\"> ISO 9001, OSHA-efterlevnad, HazMat-utbildad sj\u00f6fart<\/span><span style=\"font-weight: 400;\">\n<p><\/span><\/li>\n<li style=\"font-weight: 400;\" aria-level=\"1\"><b>MSDS-\u00e5tkomst:<\/b><span style=\"font-weight: 400;\"> Beg\u00e4r alltid ett s\u00e4kerhetsdatablad (MSDS) vid k\u00f6p<\/span><span style=\"font-weight: 400;\">\n<p><\/span><\/li>\n<li style=\"font-weight: 400;\" aria-level=\"1\"><b>Renhetsgaranti:<\/b><span style=\"font-weight: 400;\"> Tydligt m\u00e4rkt HF-koncentration (t.ex. 48%, 55%)<\/span><span style=\"font-weight: 400;\">\n<p><\/span><\/li>\n<\/ul>\n<h4><b>Labbkvalitet kontra industriell kvalitet:<\/b><\/h4>\n<ul>\n<li style=\"font-weight: 400;\" aria-level=\"1\"><b>HF i laboratorieklass<\/b><span style=\"font-weight: 400;\"> \u00e4r l\u00e4mplig f\u00f6r sm\u00e5skaliga applikationer med h\u00f6g renhet<\/span><span style=\"font-weight: 400;\">\n<p><\/span><\/li>\n<li style=\"font-weight: 400;\" aria-level=\"1\"><b>HF av industriell kvalitet<\/b><span style=\"font-weight: 400;\"> kan komma i st\u00f6rre volymer f\u00f6r kommersiell anv\u00e4ndning som etsning, betning och tillverkning<\/span><span style=\"font-weight: 400;\">\n<p><\/span><\/li>\n<\/ul>\n<h3><b>L\u00e4gga en order online<\/b><\/h3>\n<p><span style=\"font-weight: 400;\">N\u00e4r du har identifierat en verifierad s\u00e4ljare \u00e4r n\u00e4sta steg att se till att best\u00e4llningsprocessen \u00f6verensst\u00e4mmer med best\u00e4mmelserna f\u00f6r farligt gods.<\/span><\/p>\n<h4><b>S\u00e4ker best\u00e4llning ing\u00e5r:<\/b><\/h4>\n<ul>\n<li style=\"font-weight: 400;\" aria-level=\"1\"><span style=\"font-weight: 400;\">Identitets- och f\u00f6retagslicensverifiering<\/span><span style=\"font-weight: 400;\">\n<p><\/span><\/li>\n<li style=\"font-weight: 400;\" aria-level=\"1\"><span style=\"font-weight: 400;\">Accepterade betalningsalternativ (kryptovaluta, f\u00f6retags\u00f6verf\u00f6ring eller verifierat kort)<\/span><span style=\"font-weight: 400;\">\n<p><\/span><\/li>\n<li style=\"font-weight: 400;\" aria-level=\"1\"><span style=\"font-weight: 400;\">Ordergranskning f\u00f6re leverans f\u00f6r begr\u00e4nsade artiklar<\/span><span style=\"font-weight: 400;\">\n<p><\/span><\/li>\n<\/ul>\n<h4><b>Frakt och leverans:<\/b><\/h4>\n<ul>\n<li style=\"font-weight: 400;\" aria-level=\"1\"><b>Protokoll f\u00f6r transport av farligt gods<\/b><b>\n<p><\/b><\/li>\n<li style=\"font-weight: 400;\" aria-level=\"1\"><b>Diskret, l\u00e4ckages\u00e4ker f\u00f6rpackning<\/b><b>\n<p><\/b><\/li>\n<li style=\"font-weight: 400;\" aria-level=\"1\"><b>Sp\u00e5rning, f\u00f6rs\u00e4kring och n\u00f6dv\u00e4ndig dokumentation<\/b><span style=\"font-weight: 400;\"> (s\u00e4kerhetsdatablad, faktura, FN-fraktsedlar)<\/span><span style=\"font-weight: 400;\">\n<p><\/span><\/li>\n<\/ul>\n<h3><b>B\u00e4sta praxis f\u00f6r s\u00e4ker hantering<\/b><\/h3>\n<p><span style=\"font-weight: 400;\">HF \u00e4r <\/span><b>extremt farligt<\/b><span style=\"font-weight: 400;\"> och kan tr\u00e4nga igenom huden, vilket leder till djup v\u00e4vnadsskada och systemisk toxicitet.<\/span><\/p>\n<h4><b>Krav p\u00e5 hantering:<\/b><\/h4>\n<ul>\n<li style=\"font-weight: 400;\" aria-level=\"1\"><b>Personlig skyddsutrustning (PPE):<\/b><span style=\"font-weight: 400;\"> Kemikaliebest\u00e4ndiga handskar, st\u00e4nkskyddsglas\u00f6gon, ansiktsskydd, labbrockar<\/span><span style=\"font-weight: 400;\">\n<p><\/span><\/li>\n<li style=\"font-weight: 400;\" aria-level=\"1\"><b>F\u00f6rvaring:<\/b><span style=\"font-weight: 400;\"> I korrosionsbest\u00e4ndiga beh\u00e5llare i ett s\u00e4kert, ventilerat sk\u00e5p<\/span><span style=\"font-weight: 400;\">\n<p><\/span><\/li>\n<li style=\"font-weight: 400;\" aria-level=\"1\"><b>Beredskap f\u00f6r n\u00f6dsituationer:<\/b><span style=\"font-weight: 400;\"> H\u00e5ll <\/span><b>Kalciumglukonatgel<\/b><span style=\"font-weight: 400;\"> finns till hands f\u00f6r att behandla HF-hudexponering<\/span><span style=\"font-weight: 400;\">\n<p><\/span><\/li>\n<\/ul>\n<h4><b>Avfallshantering:<\/b><\/h4>\n<ul>\n<li style=\"font-weight: 400;\" aria-level=\"1\"><span style=\"font-weight: 400;\">F\u00f6lj best\u00e4mmelserna f\u00f6r farligt avfall i din region<\/span><span style=\"font-weight: 400;\">\n<p><\/span><\/li>\n<li style=\"font-weight: 400;\" aria-level=\"1\"><span style=\"font-weight: 400;\">Neutralisering b\u00f6r endast utf\u00f6ras av utbildad personal<\/span><span style=\"font-weight: 400;\">\n<p><\/span><\/li>\n<\/ul>\n<h3><b>Slutsats<\/b><\/h3>\n<p><span style=\"font-weight: 400;\">Oavsett om du k\u00f6per HF f\u00f6r industriella till\u00e4mpningar eller forskning \u00e4r det viktigt att <\/span><b>k\u00f6pa fluorv\u00e4tesyra online<\/b><span style=\"font-weight: 400;\"> endast fr\u00e5n certifierade leverant\u00f6rer som f\u00f6rst\u00e5r de regulatoriska och s\u00e4kerhetsm\u00e4ssiga konsekvenserna. Kontrollera alltid lagligheten p\u00e5 din ort, kr\u00e4v korrekt dokumentation och f\u00f6lj b\u00e4sta praxis f\u00f6r hantering.<\/span><\/p>","protected":false},"excerpt":{"rendered":"<p><strong>Fluorv\u00e4tesyra (HF)<\/strong> \u00e4r en mycket reaktiv, f\u00e4rgl\u00f6s l\u00f6sning som \u00e4r k\u00e4nd f\u00f6r sin f\u00f6rm\u00e5ga att l\u00f6sa upp m\u00e5nga material, inklusive glas. Denna kraftfulla syra anv\u00e4nds ofta i industri- och tillverkningsprocesser, s\u00e4rskilt i applikationer som kr\u00e4ver etsning, reng\u00f6ring och ytbehandling. Nedan f\u00f6ljer en guide till fluorv\u00e4tesyrans prim\u00e4ra anv\u00e4ndningsomr\u00e5den, f\u00f6rdelar och s\u00e4kerhets\u00e5tg\u00e4rder.<\/p>\n<p><strong>Synonym(er): HF<\/strong><br \/>\n<strong>Empirisk formel (Hill-notation): HF<\/strong><br \/>\n<strong>CAS-nr:7664-39-3<\/strong><br \/>\n<strong>Molekylvikt: 20,01<\/strong><\/p>","protected":false},"featured_media":1416,"comment_status":"open","ping_status":"closed","template":"","meta":{"_kadence_starter_templates_imported_post":false,"_kad_post_transparent":"default","_kad_post_title":"","_kad_post_layout":"default","_kad_post_sidebar_id":"","_kad_post_content_style":"default","_kad_post_vertical_padding":"default","_kad_post_feature":"","_kad_post_feature_position":"","_kad_post_header":false,"_kad_post_footer":false,"_joinchat":[]},"product_brand":[],"product_cat":[126],"product_tag":[684,682,274,275,696,685,692,688,695,699,687,689,276,691,690,277,278,686,693,279,697,681,280,683,698,694,281],"class_list":{"0":"post-1182","1":"product","2":"type-product","3":"status-publish","4":"has-post-thumbnail","6":"product_cat-environmental-and-health-hazards","7":"product_tag-bulk-hydrofluoric-acid-supplier","8":"product_tag-buy-hydrofluoric-acid","9":"product_tag-buy-hydrofluoric-acid-online","10":"product_tag-can-you-buy-hydrofluoric-acid","11":"product_tag-commercial-hydrofluoric-acid-supply","12":"product_tag-high-purity-hydrofluoric-acid","13":"product_tag-hydrofluoric-acid-distributor","14":"product_tag-hydrofluoric-acid-for-chemical-manufacturing","15":"product_tag-hydrofluoric-acid-for-industrial-applications","16":"product_tag-hydrofluoric-acid-for-laboratory-use","17":"product_tag-hydrofluoric-acid-for-metal-etching","18":"product_tag-hydrofluoric-acid-for-oil-refining","19":"product_tag-hydrofluoric-acid-for-sale","20":"product_tag-hydrofluoric-acid-for-semiconductor-industry","21":"product_tag-hydrofluoric-acid-in-glass-production","22":"product_tag-hydrofluoric-acid-near-me","23":"product_tag-hydrofluoric-acid-price","24":"product_tag-hydrofluoric-acid-price-and-availability","25":"product_tag-hydrofluoric-acid-procurement","26":"product_tag-hydrofluoric-acid-purchase","27":"product_tag-hydrofluoric-acid-safety-and-compliance","28":"product_tag-hydrofluoric-acid-supplier","29":"product_tag-hydrofluoric-acid-suppliers","30":"product_tag-industrial-hydrofluoric-acid-supply","31":"product_tag-reliable-hydrofluoric-acid-supplier","32":"product_tag-where-to-buy-hydrofluoric-acid","33":"product_tag-where-to-get-hydrofluoric-acid","35":"first","36":"instock","37":"shipping-taxable","38":"product-type-simple","39":"entry","40":"content-bg","41":"loop-entry"},"yoast_head":"<!-- This site is optimized with the Yoast SEO plugin v25.6 - https:\/\/yoast.com\/wordpress\/plugins\/seo\/ -->\n<title>Buy Hydrofluoric Acid Online - Hydrofluoric Acid for Sale<\/title>\n<meta name=\"description\" content=\"At our Subszone, you can get industrial hydrofluoric acid for sale at cheap rates. Here you can buy hydrofluoric acid online with high-quality from our store now with fast &amp; secure shipping service. Order Now!\" \/>\n<meta name=\"robots\" content=\"index, follow, max-snippet:-1, max-image-preview:large, max-video-preview:-1\" \/>\n<link rel=\"canonical\" href=\"https:\/\/subszone.com\/sv\/product\/hydrofluoric-acid\/\" \/>\n<meta property=\"og:locale\" content=\"sv_SE\" \/>\n<meta property=\"og:type\" content=\"article\" \/>\n<meta property=\"og:title\" content=\"Buy Hydrofluoric Acid Online - Hydrofluoric Acid for Sale\" \/>\n<meta property=\"og:description\" content=\"At our Subszone, you can get industrial hydrofluoric acid for sale at cheap rates. Here you can buy hydrofluoric acid online with high-quality from our store now with fast &amp; secure shipping service. Order Now!\" \/>\n<meta property=\"og:url\" content=\"https:\/\/subszone.com\/sv\/product\/hydrofluoric-acid\/\" \/>\n<meta property=\"og:site_name\" content=\"SubsZone\" \/>\n<meta property=\"article:modified_time\" content=\"2025-06-02T11:36:32+00:00\" \/>\n<meta property=\"og:image\" content=\"https:\/\/subszone.com\/wp-content\/uploads\/2024\/10\/Hydrofluoric-Acid-2-1.gif\" \/>\n\t<meta property=\"og:image:width\" content=\"600\" \/>\n\t<meta property=\"og:image:height\" content=\"600\" \/>\n\t<meta property=\"og:image:type\" content=\"image\/gif\" \/>\n<meta name=\"twitter:card\" content=\"summary_large_image\" \/>\n<meta name=\"twitter:label1\" content=\"Ber\u00e4knad l\u00e4stid\" \/>\n\t<meta name=\"twitter:data1\" content=\"3 minuter\" \/>\n<script type=\"application\/ld+json\" class=\"yoast-schema-graph\">{\"@context\":\"https:\/\/schema.org\",\"@graph\":[{\"@type\":\"WebPage\",\"@id\":\"https:\/\/subszone.com\/product\/hydrofluoric-acid\/\",\"url\":\"https:\/\/subszone.com\/product\/hydrofluoric-acid\/\",\"name\":\"Buy Hydrofluoric Acid Online - Hydrofluoric Acid for Sale\",\"isPartOf\":{\"@id\":\"https:\/\/subszone.com\/#website\"},\"primaryImageOfPage\":{\"@id\":\"https:\/\/subszone.com\/product\/hydrofluoric-acid\/#primaryimage\"},\"image\":{\"@id\":\"https:\/\/subszone.com\/product\/hydrofluoric-acid\/#primaryimage\"},\"thumbnailUrl\":\"https:\/\/subszone.com\/wp-content\/uploads\/2024\/10\/Hydrofluoric-Acid-2-1.gif\",\"datePublished\":\"2024-10-24T05:47:26+00:00\",\"dateModified\":\"2025-06-02T11:36:32+00:00\",\"description\":\"At our Subszone, you can get industrial hydrofluoric acid for sale at cheap rates. Here you can buy hydrofluoric acid online with high-quality from our store now with fast & secure shipping service. Order Now!\",\"breadcrumb\":{\"@id\":\"https:\/\/subszone.com\/product\/hydrofluoric-acid\/#breadcrumb\"},\"inLanguage\":\"sv-SE\",\"potentialAction\":[{\"@type\":\"ReadAction\",\"target\":[\"https:\/\/subszone.com\/product\/hydrofluoric-acid\/\"]}]},{\"@type\":\"ImageObject\",\"inLanguage\":\"sv-SE\",\"@id\":\"https:\/\/subszone.com\/product\/hydrofluoric-acid\/#primaryimage\",\"url\":\"https:\/\/subszone.com\/wp-content\/uploads\/2024\/10\/Hydrofluoric-Acid-2-1.gif\",\"contentUrl\":\"https:\/\/subszone.com\/wp-content\/uploads\/2024\/10\/Hydrofluoric-Acid-2-1.gif\",\"width\":600,\"height\":600,\"caption\":\"Buy Hydrofluoric Acid Online\"},{\"@type\":\"BreadcrumbList\",\"@id\":\"https:\/\/subszone.com\/product\/hydrofluoric-acid\/#breadcrumb\",\"itemListElement\":[{\"@type\":\"ListItem\",\"position\":1,\"name\":\"Home\",\"item\":\"https:\/\/subszone.com\/\"},{\"@type\":\"ListItem\",\"position\":2,\"name\":\"Shop\",\"item\":\"https:\/\/subszone.com\/shop\/\"},{\"@type\":\"ListItem\",\"position\":3,\"name\":\"Buy Hydrofluoric Acid Online\"}]},{\"@type\":\"WebSite\",\"@id\":\"https:\/\/subszone.com\/#website\",\"url\":\"https:\/\/subszone.com\/\",\"name\":\"SubsZone\",\"description\":\"My WordPress Blog\",\"publisher\":{\"@id\":\"https:\/\/subszone.com\/#organization\"},\"potentialAction\":[{\"@type\":\"SearchAction\",\"target\":{\"@type\":\"EntryPoint\",\"urlTemplate\":\"https:\/\/subszone.com\/?s={search_term_string}\"},\"query-input\":{\"@type\":\"PropertyValueSpecification\",\"valueRequired\":true,\"valueName\":\"search_term_string\"}}],\"inLanguage\":\"sv-SE\"},{\"@type\":\"Organization\",\"@id\":\"https:\/\/subszone.com\/#organization\",\"name\":\"SubsZone\",\"url\":\"https:\/\/subszone.com\/\",\"logo\":{\"@type\":\"ImageObject\",\"inLanguage\":\"sv-SE\",\"@id\":\"https:\/\/subszone.com\/#\/schema\/logo\/image\/\",\"url\":\"https:\/\/subszone.com\/wp-content\/uploads\/2024\/10\/logo.png\",\"contentUrl\":\"https:\/\/subszone.com\/wp-content\/uploads\/2024\/10\/logo.png\",\"width\":193,\"height\":50,\"caption\":\"SubsZone\"},\"image\":{\"@id\":\"https:\/\/subszone.com\/#\/schema\/logo\/image\/\"}}]}<\/script>\n<!-- \/ Yoast SEO plugin. -->","yoast_head_json":{"title":"K\u00f6p fluorv\u00e4tesyra online - Fluorv\u00e4tesyra till salu","description":"P\u00e5 v\u00e5r Subszone kan du f\u00e5 industriell fluorv\u00e4tesyra till salu till billiga priser. H\u00e4r kan du k\u00f6pa fluorv\u00e4tesyra online med h\u00f6g kvalitet fr\u00e5n v\u00e5r butik nu med snabb och s\u00e4ker leveransservice. Best\u00e4ll nu!","robots":{"index":"index","follow":"follow","max-snippet":"max-snippet:-1","max-image-preview":"max-image-preview:large","max-video-preview":"max-video-preview:-1"},"canonical":"https:\/\/subszone.com\/sv\/product\/hydrofluoric-acid\/","og_locale":"sv_SE","og_type":"article","og_title":"Buy Hydrofluoric Acid Online - Hydrofluoric Acid for Sale","og_description":"At our Subszone, you can get industrial hydrofluoric acid for sale at cheap rates. Here you can buy hydrofluoric acid online with high-quality from our store now with fast & secure shipping service. Order Now!","og_url":"https:\/\/subszone.com\/sv\/product\/hydrofluoric-acid\/","og_site_name":"SubsZone","article_modified_time":"2025-06-02T11:36:32+00:00","og_image":[{"width":600,"height":600,"url":"https:\/\/subszone.com\/wp-content\/uploads\/2024\/10\/Hydrofluoric-Acid-2-1.gif","type":"image\/gif"}],"twitter_card":"summary_large_image","twitter_misc":{"Ber\u00e4knad l\u00e4stid":"3 minuter"},"schema":{"@context":"https:\/\/schema.org","@graph":[{"@type":"WebPage","@id":"https:\/\/subszone.com\/product\/hydrofluoric-acid\/","url":"https:\/\/subszone.com\/product\/hydrofluoric-acid\/","name":"K\u00f6p fluorv\u00e4tesyra online - Fluorv\u00e4tesyra till salu","isPartOf":{"@id":"https:\/\/subszone.com\/#website"},"primaryImageOfPage":{"@id":"https:\/\/subszone.com\/product\/hydrofluoric-acid\/#primaryimage"},"image":{"@id":"https:\/\/subszone.com\/product\/hydrofluoric-acid\/#primaryimage"},"thumbnailUrl":"https:\/\/subszone.com\/wp-content\/uploads\/2024\/10\/Hydrofluoric-Acid-2-1.gif","datePublished":"2024-10-24T05:47:26+00:00","dateModified":"2025-06-02T11:36:32+00:00","description":"P\u00e5 v\u00e5r Subszone kan du f\u00e5 industriell fluorv\u00e4tesyra till salu till billiga priser. H\u00e4r kan du k\u00f6pa fluorv\u00e4tesyra online med h\u00f6g kvalitet fr\u00e5n v\u00e5r butik nu med snabb och s\u00e4ker leveransservice. Best\u00e4ll nu!","breadcrumb":{"@id":"https:\/\/subszone.com\/product\/hydrofluoric-acid\/#breadcrumb"},"inLanguage":"sv-SE","potentialAction":[{"@type":"ReadAction","target":["https:\/\/subszone.com\/product\/hydrofluoric-acid\/"]}]},{"@type":"ImageObject","inLanguage":"sv-SE","@id":"https:\/\/subszone.com\/product\/hydrofluoric-acid\/#primaryimage","url":"https:\/\/subszone.com\/wp-content\/uploads\/2024\/10\/Hydrofluoric-Acid-2-1.gif","contentUrl":"https:\/\/subszone.com\/wp-content\/uploads\/2024\/10\/Hydrofluoric-Acid-2-1.gif","width":600,"height":600,"caption":"Buy Hydrofluoric Acid Online"},{"@type":"BreadcrumbList","@id":"https:\/\/subszone.com\/product\/hydrofluoric-acid\/#breadcrumb","itemListElement":[{"@type":"ListItem","position":1,"name":"Home","item":"https:\/\/subszone.com\/"},{"@type":"ListItem","position":2,"name":"Shop","item":"https:\/\/subszone.com\/shop\/"},{"@type":"ListItem","position":3,"name":"Buy Hydrofluoric Acid Online"}]},{"@type":"WebSite","@id":"https:\/\/subszone.com\/#website","url":"https:\/\/subszone.com\/","name":"SubsZone","description":"Min WordPress-blogg","publisher":{"@id":"https:\/\/subszone.com\/#organization"},"potentialAction":[{"@type":"SearchAction","target":{"@type":"EntryPoint","urlTemplate":"https:\/\/subszone.com\/?s={search_term_string}"},"query-input":{"@type":"PropertyValueSpecification","valueRequired":true,"valueName":"search_term_string"}}],"inLanguage":"sv-SE"},{"@type":"Organization","@id":"https:\/\/subszone.com\/#organization","name":"SubsZone","url":"https:\/\/subszone.com\/","logo":{"@type":"ImageObject","inLanguage":"sv-SE","@id":"https:\/\/subszone.com\/#\/schema\/logo\/image\/","url":"https:\/\/subszone.com\/wp-content\/uploads\/2024\/10\/logo.png","contentUrl":"https:\/\/subszone.com\/wp-content\/uploads\/2024\/10\/logo.png","width":193,"height":50,"caption":"SubsZone"},"image":{"@id":"https:\/\/subszone.com\/#\/schema\/logo\/image\/"}}]}},"_links":{"self":[{"href":"https:\/\/subszone.com\/sv\/wp-json\/wp\/v2\/product\/1182","targetHints":{"allow":["GET"]}}],"collection":[{"href":"https:\/\/subszone.com\/sv\/wp-json\/wp\/v2\/product"}],"about":[{"href":"https:\/\/subszone.com\/sv\/wp-json\/wp\/v2\/types\/product"}],"replies":[{"embeddable":true,"href":"https:\/\/subszone.com\/sv\/wp-json\/wp\/v2\/comments?post=1182"}],"wp:featuredmedia":[{"embeddable":true,"href":"https:\/\/subszone.com\/sv\/wp-json\/wp\/v2\/media\/1416"}],"wp:attachment":[{"href":"https:\/\/subszone.com\/sv\/wp-json\/wp\/v2\/media?parent=1182"}],"wp:term":[{"taxonomy":"product_brand","embeddable":true,"href":"https:\/\/subszone.com\/sv\/wp-json\/wp\/v2\/product_brand?post=1182"},{"taxonomy":"product_cat","embeddable":true,"href":"https:\/\/subszone.com\/sv\/wp-json\/wp\/v2\/product_cat?post=1182"},{"taxonomy":"product_tag","embeddable":true,"href":"https:\/\/subszone.com\/sv\/wp-json\/wp\/v2\/product_tag?post=1182"}],"curies":[{"name":"wp","href":"https:\/\/api.w.org\/{rel}","templated":true}]}}