{"id":1199,"date":"2024-10-24T06:11:57","date_gmt":"2024-10-24T06:11:57","guid":{"rendered":"https:\/\/subszone.com\/?post_type=product&#038;p=1199"},"modified":"2025-06-02T12:14:43","modified_gmt":"2025-06-02T12:14:43","slug":"isosafrol","status":"publish","type":"product","link":"https:\/\/subszone.com\/sv\/product\/isosafrol\/","title":{"rendered":"K\u00f6p Isosafrole online"},"content":{"rendered":"<h2><b>K\u00f6p Isosafrole Online | Isosafrole med h\u00f6g renhet till salu till konkurrenskraftiga priser<\/b><\/h2>\n<h3><b>Inledning<\/b><\/h3>\n<p><span style=\"font-weight: 400;\">Ser till <\/span><a href=\"https:\/\/subszone.com\/sv\/product\/isosafrol\/\"><b>k\u00f6pa Isosafrole online<\/b><\/a><span style=\"font-weight: 400;\">? Oavsett om du \u00e4r en professionell forskare, parfym\u00f6r eller kemisk hobbyist \u00e4r det viktigt att f\u00f6rst\u00e5 vad du k\u00f6per. Isosafrol \u00e4r en unik organisk f\u00f6rening med legitima vetenskapliga och industriella till\u00e4mpningar. Men p\u00e5 grund av dess k\u00e4nsliga natur \u00e4r det ocks\u00e5 ett starkt \u00f6vervakat \u00e4mne. Denna guide syftar till att utbilda och informera - <\/span><b>inte uppmuntra till missbruk<\/b><span style=\"font-weight: 400;\"> - s\u00e4kerst\u00e4lla att du g\u00f6r ansvarsfulla och kompatibla val n\u00e4r du <\/span><b>Best\u00e4ll Isosafrole online<\/b><span style=\"font-weight: 400;\">.<\/span><\/p>\n<h3><b>Vad \u00e4r Isosafrole?<\/b><\/h3>\n<p><span style=\"font-weight: 400;\">Isosafrol \u00e4r en naturligt framst\u00e4lld aromatisk f\u00f6rening som klassificeras som en fenylpropen. Det finns vanligtvis i eteriska oljor av sassafras och andra v\u00e4xter. Den framtr\u00e4der som en ljusgul olja och \u00e4r k\u00e4nd f\u00f6r sin subtila, kryddiga doft. \u00c4ven om den har nischade kommersiella och forskningsm\u00e4ssiga anv\u00e4ndningsomr\u00e5den, g\u00f6r dess potentiella roll som en prekursor i syntesen av begr\u00e4nsade \u00e4mnen att den st\u00e5r under strikt tillsyn \u00f6ver hela v\u00e4rlden.<\/span><\/p>\n<h2><b>F\u00f6rst\u00e5else av Isosafrole<\/b><\/h2>\n<h3><b>Kemisk struktur och klassificering<\/b><\/h3>\n<ul>\n<li style=\"font-weight: 400;\" aria-level=\"1\"><b>Kemisk formel<\/b><span style=\"font-weight: 400;\">: C<sub>10<\/sub>H<sub>10<\/sub>O<sub>2<\/sub><\/span><span style=\"font-weight: 400;\">\n<p><\/span><\/li>\n<li style=\"font-weight: 400;\" aria-level=\"1\"><b>Molekylvikt<\/b><span style=\"font-weight: 400;\">: 162,19 g\/mol<\/span><span style=\"font-weight: 400;\">\n<p><\/span><\/li>\n<li style=\"font-weight: 400;\" aria-level=\"1\"><b>CAS-nummer<\/b><span style=\"font-weight: 400;\">: 120-58-1<\/span><span style=\"font-weight: 400;\">\n<p><\/span><\/li>\n<li style=\"font-weight: 400;\" aria-level=\"1\"><span style=\"font-weight: 400;\">Isosafrol klassificeras som ett eterderivat med en metylendioxifenylk\u00e4rna och \u00e4r strukturellt relaterad till safrol och eugenol.<\/span><span style=\"font-weight: 400;\">\n<p><\/span><\/li>\n<\/ul>\n<h3><b>Legitima applikationer<\/b><\/h3>\n<p><span style=\"font-weight: 400;\">Trots sin beryktadhet har Isosafrole lagliga anv\u00e4ndningar i:<\/span><\/p>\n<ul>\n<li style=\"font-weight: 400;\" aria-level=\"1\"><b>Produktion av doft\u00e4mnen<\/b><span style=\"font-weight: 400;\">: Anv\u00e4nds som bas i aromatiska f\u00f6reningar f\u00f6r parfymer och doftande oljor.<\/span><span style=\"font-weight: 400;\">\n<p><\/span><\/li>\n<li style=\"font-weight: 400;\" aria-level=\"1\"><b>Organisk syntes<\/b><span style=\"font-weight: 400;\">: Fungerar som en prekursor vid utveckling av f\u00e4rg\u00e4mnen, insekticider och forskningsintermedi\u00e4rer.<\/span><span style=\"font-weight: 400;\">\n<p><\/span><\/li>\n<li style=\"font-weight: 400;\" aria-level=\"1\"><b>Utbildningslaboratorier<\/b><span style=\"font-weight: 400;\">: Anv\u00e4nds ibland i kemiexperiment p\u00e5 universitetsniv\u00e5 f\u00f6r att demonstrera oxidationsreaktioner.<\/span><span style=\"font-weight: 400;\">\n<p><\/span><\/li>\n<\/ul>\n<h3><b>Varf\u00f6r det \u00e4r kontrollerat<\/b><\/h3>\n<p><span style=\"font-weight: 400;\">Isosafrol \u00e4r kategoriserad som en <\/span><b>Prekursorkemikalie i f\u00f6rteckning I<\/b><span style=\"font-weight: 400;\"> i m\u00e5nga jurisdiktioner. Detta beror p\u00e5 dess potentiella omvandling till f\u00f6rbjudna \u00e4mnen, vilket g\u00f6r det till ett \u00e4mne av intresse f\u00f6r tillsynsmyndigheter \u00f6ver hela v\u00e4rlden.<\/span><\/p>\n<h3><b>Dynamik p\u00e5 onlinemarknaden<\/b><\/h3>\n<h3><b>Var kan jag k\u00f6pa Isosafrole online<\/b><\/h3>\n<p><span style=\"font-weight: 400;\">Anv\u00e4ndare letar vanligtvis efter Isosafrole i:<\/span><\/p>\n<ul>\n<li style=\"font-weight: 400;\" aria-level=\"1\"><b>F\u00f6retag som levererar kemikalier<\/b><b>\n<p><\/b><\/li>\n<li style=\"font-weight: 400;\" aria-level=\"1\"><b>Webbplatser f\u00f6r forskningsreagens<\/b><b>\n<p><\/b><\/li>\n<li style=\"font-weight: 400;\" aria-level=\"1\"><b>Gr\u00e5 marknadsplatser (oreglerade, rekommenderas inte)<\/b><b>\n<p><\/b><\/li>\n<\/ul>\n<p><span style=\"font-weight: 400;\">F\u00f6r att s\u00e4kerst\u00e4lla efterlevnad och s\u00e4kerhet ska du alltid k\u00f6pa fr\u00e5n <\/span><b>v\u00e4lrenommerade leverant\u00f6rer med korrekta certifieringar<\/b><span style=\"font-weight: 400;\">.<\/span><\/p>\n<h3><b>Tillg\u00e4ngliga format<\/b><\/h3>\n<ul>\n<li style=\"font-weight: 400;\" aria-level=\"1\"><b>Isosafrololja<\/b><span style=\"font-weight: 400;\"> (vanligast)<\/span><span style=\"font-weight: 400;\">\n<p><\/span><\/li>\n<li style=\"font-weight: 400;\" aria-level=\"1\"><b>Isosafrol, kristallin<\/b><span style=\"font-weight: 400;\"> (mindre vanligt, mer stabilt vid l\u00e5ngtidslagring)<\/span><span style=\"font-weight: 400;\">\n<p><\/span><\/li>\n<\/ul>\n<h3><b>Priss\u00e4ttningstrender<\/b><\/h3>\n<p><span style=\"font-weight: 400;\">Letar du efter <\/span><b>billiga Isosafrole priser<\/b><span style=\"font-weight: 400;\">? Medan priss\u00e4ttningen fluktuerar beroende p\u00e5 renhet, region och leverant\u00f6rsreferenser, f\u00f6rv\u00e4nta dig ett intervall p\u00e5:<\/span><\/p>\n<ul>\n<li style=\"font-weight: 400;\" aria-level=\"1\"><b>$100-$300 per 100mL<\/b><span style=\"font-weight: 400;\"> (beroende p\u00e5 renhetsgrad och dokumentation av efterlevnad)<\/span><span style=\"font-weight: 400;\">\n<p><\/span><\/li>\n<li style=\"font-weight: 400;\" aria-level=\"1\"><span style=\"font-weight: 400;\">Volymrabatter g\u00e4ller ofta f\u00f6r bulkbest\u00e4llningar<\/span><span style=\"font-weight: 400;\">\n<p><\/span><\/li>\n<\/ul>\n<p><span style=\"font-weight: 400;\">F\u00f6rpackningen inneh\u00e5ller vanligtvis luftt\u00e4ta b\u00e4rnstensf\u00e4rgade flaskor f\u00f6r att bevara sammans\u00e4ttningen under lagring och transport.<\/span><\/p>\n<h3><b>Vet innan du best\u00e4ller<\/b><\/h3>\n<p><span style=\"font-weight: 400;\">Innan du <\/span><a href=\"https:\/\/en.wikipedia.org\/wiki\/Isosafrole\"><b>Best\u00e4ll Isosafrole online<\/b><\/a><span style=\"font-weight: 400;\">kontrollera med lokala myndigheter f\u00f6r kemikalies\u00e4kerhet. Efterlevnad \u00e4r inte valfritt - det \u00e4r n\u00f6dv\u00e4ndigt.<\/span><\/p>\n<h3><b>Slutsats: Ett v\u00e4linformerat k\u00f6p \u00e4r ett ansvarsfullt k\u00f6p<\/b><\/h3>\n<p><span style=\"font-weight: 400;\">Isosafrol \u00e4r en kemiskt fascinerande f\u00f6rening med nischade men v\u00e4rdefulla till\u00e4mpningar. Oavsett om du \u00e4r forskare eller doftformulerare \u00e4r det viktigt att veta var och hur du ska <\/span><b>k\u00f6pa Isosafrole online<\/b><span style=\"font-weight: 400;\"> s\u00e4kert \u00e4r avg\u00f6rande. Prioritera alltid juridisk efterlevnad, produktrenhet och leverant\u00f6rstransparens. Det <\/span><b>b\u00e4sta st\u00e4llet att k\u00f6pa Isosafrole p\u00e5<\/b><span style=\"font-weight: 400;\"> \u00e4r en som uppfyller alla lagstadgade standarder och tillhandah\u00e5ller korrekt dokumentation f\u00f6r legitim anv\u00e4ndning.<\/span><\/p>","protected":false},"excerpt":{"rendered":"<p>Isosafrol \u00e4r en organisk f\u00f6rening som \u00e4r k\u00e4nd f\u00f6r sina aromatiska egenskaper och anv\u00e4nds fr\u00e4mst inom doftindustrin. H\u00e4r \u00e4r en \u00f6versikt \u00f6ver dess egenskaper, anv\u00e4ndningsomr\u00e5den, s\u00e4kerhetsaspekter och regleringsaspekter.<\/p>\n<p><strong>Linj\u00e4r formel: C24H16F12<\/strong><br \/>\n<strong>CAS-nr:1023543-40-9<\/strong><br \/>\n<strong>Molekylvikt: 532,376<\/strong><\/p>","protected":false},"featured_media":1413,"comment_status":"open","ping_status":"closed","template":"","meta":{"_kadence_starter_templates_imported_post":false,"_kad_post_transparent":"default","_kad_post_title":"","_kad_post_layout":"default","_kad_post_sidebar_id":"","_kad_post_content_style":"default","_kad_post_vertical_padding":"default","_kad_post_feature":"","_kad_post_feature_position":"","_kad_post_header":false,"_kad_post_footer":false,"_joinchat":[]},"product_brand":[],"product_cat":[83],"product_tag":[1220,1217,1233,1221,1219,1228,1230,1225,1229,1223,1232,1227,1218,1226,1224,1222,1236,1234,1216,315,316,1235,317,318,319,320,1231,321],"class_list":{"0":"post-1199","1":"product","2":"type-product","3":"status-publish","4":"has-post-thumbnail","6":"product_cat-pharmaceutical-and-medical-uses","7":"product_tag-bulk-isosafrole-supplier","8":"product_tag-buy-isosafrole","9":"product_tag-commercial-isosafrole-supply","10":"product_tag-high-purity-isosafrole","11":"product_tag-industrial-isosafrole-supply","12":"product_tag-isosafrole-as-aroma-compound","13":"product_tag-isosafrole-distributor","14":"product_tag-isosafrole-for-chemical-synthesis","15":"product_tag-isosafrole-for-cosmetics-manufacturing","16":"product_tag-isosafrole-for-fragrance-manufacturing","17":"product_tag-isosafrole-for-industrial-applications","18":"product_tag-isosafrole-for-laboratory-use","19":"product_tag-isosafrole-for-sale","20":"product_tag-isosafrole-in-essential-oils","21":"product_tag-isosafrole-in-flavoring-industry","22":"product_tag-isosafrole-price-and-availability","23":"product_tag-isosafrole-procurement","24":"product_tag-isosafrole-safety-and-compliance","25":"product_tag-isosafrole-supplier","26":"product_tag-isosafrole-synthesis-from-piperonal","27":"product_tag-pure-sassafras-oil-for-sale","28":"product_tag-reliable-isosafrole-supplier","29":"product_tag-sassafras-essential-oil-for-sale","30":"product_tag-sassafras-oil-buy-online","31":"product_tag-sassafras-oil-for-sale","32":"product_tag-sassafras-oil-price","33":"product_tag-where-to-buy-isosafrole","34":"product_tag-where-to-buy-sassafras-oil","36":"first","37":"instock","38":"shipping-taxable","39":"product-type-simple","40":"entry","41":"content-bg","42":"loop-entry"},"yoast_head":"<!-- This site is optimized with the Yoast SEO plugin v25.6 - https:\/\/yoast.com\/wordpress\/plugins\/seo\/ -->\n<title>Industrial Isosafrole for Sale - Buy Isosafrole Online<\/title>\n<meta name=\"description\" content=\"You can now get industrial Isosafrole for sale from our top best store streetchemx. Our staff will assist you to buy Isosafrole online at the best prices. Order Isosafrole online today with worldwide shipping!\" \/>\n<meta name=\"robots\" content=\"index, follow, max-snippet:-1, max-image-preview:large, max-video-preview:-1\" \/>\n<link rel=\"canonical\" href=\"https:\/\/subszone.com\/sv\/product\/isosafrol\/\" \/>\n<meta property=\"og:locale\" content=\"sv_SE\" \/>\n<meta property=\"og:type\" content=\"article\" \/>\n<meta property=\"og:title\" content=\"Industrial Isosafrole for Sale - Buy Isosafrole Online\" \/>\n<meta property=\"og:description\" content=\"You can now get industrial Isosafrole for sale from our top best store streetchemx. Our staff will assist you to buy Isosafrole online at the best prices. Order Isosafrole online today with worldwide shipping!\" \/>\n<meta property=\"og:url\" content=\"https:\/\/subszone.com\/sv\/product\/isosafrol\/\" \/>\n<meta property=\"og:site_name\" content=\"SubsZone\" \/>\n<meta property=\"article:modified_time\" content=\"2025-06-02T12:14:43+00:00\" \/>\n<meta property=\"og:image\" content=\"https:\/\/subszone.com\/wp-content\/uploads\/2024\/10\/Isosafrole-2-2.gif\" \/>\n\t<meta property=\"og:image:width\" content=\"600\" \/>\n\t<meta property=\"og:image:height\" content=\"600\" \/>\n\t<meta property=\"og:image:type\" content=\"image\/gif\" \/>\n<meta name=\"twitter:card\" content=\"summary_large_image\" \/>\n<meta name=\"twitter:label1\" content=\"Ber\u00e4knad l\u00e4stid\" \/>\n\t<meta name=\"twitter:data1\" content=\"3 minuter\" \/>\n<script type=\"application\/ld+json\" class=\"yoast-schema-graph\">{\"@context\":\"https:\/\/schema.org\",\"@graph\":[{\"@type\":\"WebPage\",\"@id\":\"https:\/\/subszone.com\/product\/isosafrole\/\",\"url\":\"https:\/\/subszone.com\/product\/isosafrole\/\",\"name\":\"Industrial Isosafrole for Sale - Buy Isosafrole Online\",\"isPartOf\":{\"@id\":\"https:\/\/subszone.com\/#website\"},\"primaryImageOfPage\":{\"@id\":\"https:\/\/subszone.com\/product\/isosafrole\/#primaryimage\"},\"image\":{\"@id\":\"https:\/\/subszone.com\/product\/isosafrole\/#primaryimage\"},\"thumbnailUrl\":\"https:\/\/subszone.com\/wp-content\/uploads\/2024\/10\/Isosafrole-2-2.gif\",\"datePublished\":\"2024-10-24T06:11:57+00:00\",\"dateModified\":\"2025-06-02T12:14:43+00:00\",\"description\":\"You can now get industrial Isosafrole for sale from our top best store streetchemx. Our staff will assist you to buy Isosafrole online at the best prices. Order Isosafrole online today with worldwide shipping!\",\"breadcrumb\":{\"@id\":\"https:\/\/subszone.com\/product\/isosafrole\/#breadcrumb\"},\"inLanguage\":\"sv-SE\",\"potentialAction\":[{\"@type\":\"ReadAction\",\"target\":[\"https:\/\/subszone.com\/product\/isosafrole\/\"]}]},{\"@type\":\"ImageObject\",\"inLanguage\":\"sv-SE\",\"@id\":\"https:\/\/subszone.com\/product\/isosafrole\/#primaryimage\",\"url\":\"https:\/\/subszone.com\/wp-content\/uploads\/2024\/10\/Isosafrole-2-2.gif\",\"contentUrl\":\"https:\/\/subszone.com\/wp-content\/uploads\/2024\/10\/Isosafrole-2-2.gif\",\"width\":600,\"height\":600,\"caption\":\"Buy Isosafrole Online\"},{\"@type\":\"BreadcrumbList\",\"@id\":\"https:\/\/subszone.com\/product\/isosafrole\/#breadcrumb\",\"itemListElement\":[{\"@type\":\"ListItem\",\"position\":1,\"name\":\"Home\",\"item\":\"https:\/\/subszone.com\/\"},{\"@type\":\"ListItem\",\"position\":2,\"name\":\"Shop\",\"item\":\"https:\/\/subszone.com\/shop\/\"},{\"@type\":\"ListItem\",\"position\":3,\"name\":\"Buy Isosafrole Online\"}]},{\"@type\":\"WebSite\",\"@id\":\"https:\/\/subszone.com\/#website\",\"url\":\"https:\/\/subszone.com\/\",\"name\":\"SubsZone\",\"description\":\"My WordPress Blog\",\"publisher\":{\"@id\":\"https:\/\/subszone.com\/#organization\"},\"potentialAction\":[{\"@type\":\"SearchAction\",\"target\":{\"@type\":\"EntryPoint\",\"urlTemplate\":\"https:\/\/subszone.com\/?s={search_term_string}\"},\"query-input\":{\"@type\":\"PropertyValueSpecification\",\"valueRequired\":true,\"valueName\":\"search_term_string\"}}],\"inLanguage\":\"sv-SE\"},{\"@type\":\"Organization\",\"@id\":\"https:\/\/subszone.com\/#organization\",\"name\":\"SubsZone\",\"url\":\"https:\/\/subszone.com\/\",\"logo\":{\"@type\":\"ImageObject\",\"inLanguage\":\"sv-SE\",\"@id\":\"https:\/\/subszone.com\/#\/schema\/logo\/image\/\",\"url\":\"https:\/\/subszone.com\/wp-content\/uploads\/2024\/10\/logo.png\",\"contentUrl\":\"https:\/\/subszone.com\/wp-content\/uploads\/2024\/10\/logo.png\",\"width\":193,\"height\":50,\"caption\":\"SubsZone\"},\"image\":{\"@id\":\"https:\/\/subszone.com\/#\/schema\/logo\/image\/\"}}]}<\/script>\n<!-- \/ Yoast SEO plugin. -->","yoast_head_json":{"title":"Industriell Isosafrole till salu - K\u00f6p Isosafrole online","description":"Du kan nu f\u00e5 industriell Isosafrole till salu fr\u00e5n v\u00e5r b\u00e4sta b\u00e4sta butik streetchemx. V\u00e5r personal hj\u00e4lper dig att k\u00f6pa Isosafrole online till b\u00e4sta m\u00f6jliga priser. Best\u00e4ll Isosafrole online idag med v\u00e4rldsomsp\u00e4nnande frakt!","robots":{"index":"index","follow":"follow","max-snippet":"max-snippet:-1","max-image-preview":"max-image-preview:large","max-video-preview":"max-video-preview:-1"},"canonical":"https:\/\/subszone.com\/sv\/product\/isosafrol\/","og_locale":"sv_SE","og_type":"article","og_title":"Industrial Isosafrole for Sale - Buy Isosafrole Online","og_description":"You can now get industrial Isosafrole for sale from our top best store streetchemx. Our staff will assist you to buy Isosafrole online at the best prices. Order Isosafrole online today with worldwide shipping!","og_url":"https:\/\/subszone.com\/sv\/product\/isosafrol\/","og_site_name":"SubsZone","article_modified_time":"2025-06-02T12:14:43+00:00","og_image":[{"width":600,"height":600,"url":"https:\/\/subszone.com\/wp-content\/uploads\/2024\/10\/Isosafrole-2-2.gif","type":"image\/gif"}],"twitter_card":"summary_large_image","twitter_misc":{"Ber\u00e4knad l\u00e4stid":"3 minuter"},"schema":{"@context":"https:\/\/schema.org","@graph":[{"@type":"WebPage","@id":"https:\/\/subszone.com\/product\/isosafrole\/","url":"https:\/\/subszone.com\/product\/isosafrole\/","name":"Industriell Isosafrole till salu - K\u00f6p Isosafrole online","isPartOf":{"@id":"https:\/\/subszone.com\/#website"},"primaryImageOfPage":{"@id":"https:\/\/subszone.com\/product\/isosafrole\/#primaryimage"},"image":{"@id":"https:\/\/subszone.com\/product\/isosafrole\/#primaryimage"},"thumbnailUrl":"https:\/\/subszone.com\/wp-content\/uploads\/2024\/10\/Isosafrole-2-2.gif","datePublished":"2024-10-24T06:11:57+00:00","dateModified":"2025-06-02T12:14:43+00:00","description":"Du kan nu f\u00e5 industriell Isosafrole till salu fr\u00e5n v\u00e5r b\u00e4sta b\u00e4sta butik streetchemx. V\u00e5r personal hj\u00e4lper dig att k\u00f6pa Isosafrole online till b\u00e4sta m\u00f6jliga priser. Best\u00e4ll Isosafrole online idag med v\u00e4rldsomsp\u00e4nnande frakt!","breadcrumb":{"@id":"https:\/\/subszone.com\/product\/isosafrole\/#breadcrumb"},"inLanguage":"sv-SE","potentialAction":[{"@type":"ReadAction","target":["https:\/\/subszone.com\/product\/isosafrole\/"]}]},{"@type":"ImageObject","inLanguage":"sv-SE","@id":"https:\/\/subszone.com\/product\/isosafrole\/#primaryimage","url":"https:\/\/subszone.com\/wp-content\/uploads\/2024\/10\/Isosafrole-2-2.gif","contentUrl":"https:\/\/subszone.com\/wp-content\/uploads\/2024\/10\/Isosafrole-2-2.gif","width":600,"height":600,"caption":"Buy Isosafrole Online"},{"@type":"BreadcrumbList","@id":"https:\/\/subszone.com\/product\/isosafrole\/#breadcrumb","itemListElement":[{"@type":"ListItem","position":1,"name":"Home","item":"https:\/\/subszone.com\/"},{"@type":"ListItem","position":2,"name":"Shop","item":"https:\/\/subszone.com\/shop\/"},{"@type":"ListItem","position":3,"name":"Buy Isosafrole Online"}]},{"@type":"WebSite","@id":"https:\/\/subszone.com\/#website","url":"https:\/\/subszone.com\/","name":"SubsZone","description":"Min WordPress-blogg","publisher":{"@id":"https:\/\/subszone.com\/#organization"},"potentialAction":[{"@type":"SearchAction","target":{"@type":"EntryPoint","urlTemplate":"https:\/\/subszone.com\/?s={search_term_string}"},"query-input":{"@type":"PropertyValueSpecification","valueRequired":true,"valueName":"search_term_string"}}],"inLanguage":"sv-SE"},{"@type":"Organization","@id":"https:\/\/subszone.com\/#organization","name":"SubsZone","url":"https:\/\/subszone.com\/","logo":{"@type":"ImageObject","inLanguage":"sv-SE","@id":"https:\/\/subszone.com\/#\/schema\/logo\/image\/","url":"https:\/\/subszone.com\/wp-content\/uploads\/2024\/10\/logo.png","contentUrl":"https:\/\/subszone.com\/wp-content\/uploads\/2024\/10\/logo.png","width":193,"height":50,"caption":"SubsZone"},"image":{"@id":"https:\/\/subszone.com\/#\/schema\/logo\/image\/"}}]}},"_links":{"self":[{"href":"https:\/\/subszone.com\/sv\/wp-json\/wp\/v2\/product\/1199","targetHints":{"allow":["GET"]}}],"collection":[{"href":"https:\/\/subszone.com\/sv\/wp-json\/wp\/v2\/product"}],"about":[{"href":"https:\/\/subszone.com\/sv\/wp-json\/wp\/v2\/types\/product"}],"replies":[{"embeddable":true,"href":"https:\/\/subszone.com\/sv\/wp-json\/wp\/v2\/comments?post=1199"}],"wp:featuredmedia":[{"embeddable":true,"href":"https:\/\/subszone.com\/sv\/wp-json\/wp\/v2\/media\/1413"}],"wp:attachment":[{"href":"https:\/\/subszone.com\/sv\/wp-json\/wp\/v2\/media?parent=1199"}],"wp:term":[{"taxonomy":"product_brand","embeddable":true,"href":"https:\/\/subszone.com\/sv\/wp-json\/wp\/v2\/product_brand?post=1199"},{"taxonomy":"product_cat","embeddable":true,"href":"https:\/\/subszone.com\/sv\/wp-json\/wp\/v2\/product_cat?post=1199"},{"taxonomy":"product_tag","embeddable":true,"href":"https:\/\/subszone.com\/sv\/wp-json\/wp\/v2\/product_tag?post=1199"}],"curies":[{"name":"wp","href":"https:\/\/api.w.org\/{rel}","templated":true}]}}