{"id":1201,"date":"2024-10-24T06:13:16","date_gmt":"2024-10-24T06:13:16","guid":{"rendered":"https:\/\/subszone.com\/?post_type=product&#038;p=1201"},"modified":"2025-06-02T12:22:51","modified_gmt":"2025-06-02T12:22:51","slug":"magnesiumpulver","status":"publish","type":"product","link":"https:\/\/subszone.com\/sv\/product\/magnesiumpulver\/","title":{"rendered":"K\u00f6p magnesiumpulver online"},"content":{"rendered":"<h2><b>B\u00e4sta st\u00e4llet att k\u00f6pa magnesiumpulver online: Vad du beh\u00f6ver veta<\/b><\/h2>\n<h3><b>Introduktion: K\u00f6p magnesiumpulver online med tillf\u00f6rsikt<\/b><\/h3>\n<p><span style=\"font-weight: 400;\">Oavsett om du \u00e4r kemist, tr\u00e4ningsentusiast, forskare eller industriell ink\u00f6pare \u00e4r behovet av att <\/span><a href=\"https:\/\/subszone.com\/sv\/product\/magnesiumpulver\/\"><b>k\u00f6pa magnesiumpulver online<\/b><\/a><span style=\"font-weight: 400;\"> v\u00e4xer. Med en \u00f6kande efterfr\u00e5gan inom flera branscher \u00f6kar s\u00f6kandet efter h\u00f6gkvalitativa, prisv\u00e4rda och tillf\u00f6rlitliga <\/span><b>Magnesiumpulver till salu<\/b><span style=\"font-weight: 400;\"> har blivit viktigare \u00e4n n\u00e5gonsin. Men med s\u00e5 m\u00e5nga leverant\u00f6rer, hur vet du var du ska b\u00f6rja? Den h\u00e4r guiden \u00e4r utformad f\u00f6r att hj\u00e4lpa dig att g\u00f6ra ett v\u00e4lgrundat och s\u00e4kert k\u00f6p - p\u00e5 <\/span><b>b\u00e4sta st\u00e4llet att k\u00f6pa magnesiumpulver<\/b><span style=\"font-weight: 400;\">utan att kompromissa med kvalitet eller s\u00e4kerhet.<\/span><\/p>\n<h3><b>F\u00f6rst\u00e5else av magnesiumpulver<\/b><\/h3>\n<p><span style=\"font-weight: 400;\">Magnesiumpulver \u00e4r ett fint, l\u00e4tt metallpulver som h\u00e4rr\u00f6r fr\u00e5n magnesium - ett av de mest v\u00e4sentliga elementen i m\u00e4nsklig biologi och industriell kemi. Det finns i olika kemiska former och renheter, var och en l\u00e4mpad f\u00f6r specifika anv\u00e4ndningsomr\u00e5den.<\/span><\/p>\n<h4><b>Vanliga former av magnesiumpulver:<\/b><\/h4>\n<ul>\n<li style=\"font-weight: 400;\" aria-level=\"1\"><b>Magnesiumoxid (MgO):<\/b><span style=\"font-weight: 400;\"> Anv\u00e4nds ofta inom kosttillskott, jordbruk och keramik.<\/span><\/li>\n<li style=\"font-weight: 400;\" aria-level=\"1\"><b>Magnesiumcitrat:<\/b><span style=\"font-weight: 400;\"> Vanligt inom h\u00e4lso- och friskv\u00e5rdsindustrin, s\u00e4rskilt f\u00f6r matsm\u00e4ltningsh\u00e4lsa.<\/span><\/li>\n<li style=\"font-weight: 400;\" aria-level=\"1\"><b>Element\u00e4rt magnesiumpulver:<\/b><span style=\"font-weight: 400;\"> Anv\u00e4nds inom pyroteknik, metallurgi och laboratorieexperiment p\u00e5 grund av sin reaktiva natur.<\/span><\/li>\n<li style=\"font-weight: 400;\" aria-level=\"1\"><b>Magnesiumklorid och magnesiumsulfat:<\/b><span style=\"font-weight: 400;\"> Mer l\u00f6sliga former f\u00f6r topikal och industriell anv\u00e4ndning.<\/span><\/li>\n<\/ul>\n<p><span style=\"font-weight: 400;\">Innan du <\/span><b>Best\u00e4ll magnesiumpulver online<\/b><span style=\"font-weight: 400;\">\u00e4r det viktigt att identifiera den exakta typ som passar din avsedda applikation.<\/span><\/p>\n<h3><b>Varf\u00f6r k\u00f6pa magnesiumpulver online?<\/b><\/h3>\n<p><span style=\"font-weight: 400;\">Att k\u00f6pa magnesiumpulver online erbjuder flera tydliga f\u00f6rdelar:<\/span><\/p>\n<ul>\n<li style=\"font-weight: 400;\" aria-level=\"1\"><b>Bekv\u00e4mlighet<\/b><span style=\"font-weight: 400;\"> - Snabb leverans till din d\u00f6rr utan att du beh\u00f6ver bes\u00f6ka en fysisk butik<\/span><\/li>\n<li style=\"font-weight: 400;\" aria-level=\"1\"><b>Bredare urval<\/b><span style=\"font-weight: 400;\"> - Tillg\u00e5ng till flera olika kvaliteter, fr\u00e5n livsmedelskvalitet till industriell kvalitet<\/span><\/li>\n<li style=\"font-weight: 400;\" aria-level=\"1\"><b>Konkurrenskraftig priss\u00e4ttning<\/b><span style=\"font-weight: 400;\"> - L\u00e4ttare att hitta <\/span><b>billiga priser p\u00e5 magnesiumpulver<\/b><span style=\"font-weight: 400;\"> utan att offra kvaliteten<\/span><\/li>\n<li style=\"font-weight: 400;\" aria-level=\"1\"><b>Alternativ f\u00f6r bulkbest\u00e4llning<\/b><span style=\"font-weight: 400;\"> - Idealisk f\u00f6r laboratorier, tillverkning eller formulering av kosttillskott<\/span><\/li>\n<li style=\"font-weight: 400;\" aria-level=\"1\"><b>Tillg\u00e5ng till dokumentation<\/b><span style=\"font-weight: 400;\"> - Seri\u00f6sa leverant\u00f6rer tillhandah\u00e5ller COA, SDS och renhetscertifieringar<\/span><\/li>\n<\/ul>\n<p><span style=\"font-weight: 400;\">Med bara n\u00e5gra f\u00e5 klick kan du j\u00e4mf\u00f6ra priser, l\u00e4sa recensioner och <\/span><b>Best\u00e4ll magnesiumpulver online<\/b><span style=\"font-weight: 400;\"> som matchar dina specifika behov.<\/span><\/p>\n<h3><b>J\u00e4mf\u00f6relse av online-\u00e5terf\u00f6rs\u00e4ljare: Vem erbjuder b\u00e4st kvalitet?<\/b><\/h3>\n<p><span style=\"font-weight: 400;\">N\u00e4r det g\u00e4ller <\/span><a href=\"https:\/\/en.wikipedia.org\/wiki\/Magnesium\"><b>Magnesiumpulver till salu<\/b><\/a><span style=\"font-weight: 400;\">, inte alla online-\u00e5terf\u00f6rs\u00e4ljare \u00e4r skapade lika. H\u00e4r \u00e4r n\u00e5gra faktorer som du b\u00f6r utv\u00e4rdera innan du g\u00f6r ditt k\u00f6p:<\/span><\/p>\n<table>\n<tbody>\n<tr>\n<td><b>Funktion<\/b><\/td>\n<td><b>Vad ska man leta efter?<\/b><\/td>\n<\/tr>\n<tr>\n<td><b>Renhet och kvalitet<\/b><\/td>\n<td><span style=\"font-weight: 400;\">Livsmedelsklassad, laboratorieklassad eller industriklassad<\/span><\/td>\n<\/tr>\n<tr>\n<td><b>\u00d6ppenhet f\u00f6r leverant\u00f6rer<\/b><\/td>\n<td><span style=\"font-weight: 400;\">COA, MSDS, resultat fr\u00e5n laboratorietester<\/span><\/td>\n<\/tr>\n<tr>\n<td><b>Kundrecensioner<\/b><\/td>\n<td><span style=\"font-weight: 400;\">Verifierade k\u00f6pare, tydlig feedback<\/span><\/td>\n<\/tr>\n<tr>\n<td><b>F\u00f6rpackning och f\u00f6rvaring<\/b><\/td>\n<td><span style=\"font-weight: 400;\">Fukts\u00e4kra, f\u00f6rslutna beh\u00e5llare<\/span><\/td>\n<\/tr>\n<tr>\n<td><b>Leveranspolicyer<\/b><\/td>\n<td><span style=\"font-weight: 400;\">Snabb, sp\u00e5rbar och i enlighet med g\u00e4llande regler<\/span><\/td>\n<\/tr>\n<\/tbody>\n<\/table>\n<p><span style=\"font-weight: 400;\">\u00a0<\/span><\/p>\n<p><span style=\"font-weight: 400;\">De b\u00e4sta plattformarna inkluderar kemikaliebutiker, webbplatser f\u00f6r specialn\u00e4ring och leverant\u00f6rer av laboratorieutrustning. G\u00e5 alltid efter s\u00e4ljare som betonar <\/span><b>kvalitetss\u00e4kring och efterlevnad<\/b><span style=\"font-weight: 400;\">.<\/span><\/p>\n<h3><b>Hur man identifierar billigt men \u00e4nd\u00e5 h\u00f6gkvalitativt magnesiumpulver<\/b><\/h3>\n<p><span style=\"font-weight: 400;\">Letar du efter en <\/span><b>billigt pris p\u00e5 magnesiumpulver<\/b><span style=\"font-weight: 400;\"> utan att kompromissa med prestandan? S\u00e5 h\u00e4r g\u00f6r du f\u00f6r att hitta ett bra pris:<\/span><\/p>\n<ul>\n<li style=\"font-weight: 400;\" aria-level=\"1\"><b>Kontrollera renhetsniv\u00e5er<\/b><span style=\"font-weight: 400;\"> - Allt \u00f6ver 98% anses vara av h\u00f6g kvalitet f\u00f6r de flesta anv\u00e4ndningsomr\u00e5den.<\/span><\/li>\n<li style=\"font-weight: 400;\" aria-level=\"1\"><b>K\u00f6p i bulk<\/b><span style=\"font-weight: 400;\"> - St\u00f6rre kvantiteter s\u00e4nker ofta kostnaden per gram.<\/span><\/li>\n<li style=\"font-weight: 400;\" aria-level=\"1\"><b>L\u00e4s etiketten<\/b><span style=\"font-weight: 400;\"> - Leta efter tydlig och detaljerad information om ingredienser och tillverkning.<\/span><\/li>\n<li style=\"font-weight: 400;\" aria-level=\"1\"><b>Undvik ok\u00e4nda marknadsplatser<\/b><span style=\"font-weight: 400;\"> - S\u00e4ljare p\u00e5 den gr\u00e5 marknaden saknar ofta produkttester eller garantier.<\/span><\/li>\n<li style=\"font-weight: 400;\" aria-level=\"1\"><b>Leta efter certifieringar<\/b><span style=\"font-weight: 400;\"> - USP-, ISO- eller livsmedelss\u00e4kerhetsstandarder kan signalera legitimitet.<\/span><\/li>\n<\/ul>\n<p><span style=\"font-weight: 400;\">Proffstips: Den <\/span><b>b\u00e4sta st\u00e4llet att k\u00f6pa magnesiumpulver<\/b><span style=\"font-weight: 400;\"> \u00e4r d\u00e4r <\/span><b>pris m\u00f6ter bevis<\/b><span style=\"font-weight: 400;\"> - transparens, kundsupport och laboratorieverifiering r\u00e4cker l\u00e5ngt.<\/span><\/p>\n<h3><b>Slutliga tankar: G\u00f6r ett informerat k\u00f6p idag<\/b><\/h3>\n<p><span style=\"font-weight: 400;\">Magnesiumpulver \u00e4r en m\u00e5ngsidig och efterfr\u00e5gad produkt med anv\u00e4ndningsomr\u00e5den som str\u00e4cker sig fr\u00e5n friskv\u00e5rd till industri. Med m\u00e5nga tillg\u00e4ngliga format och kvaliteter \u00e4r det viktigt att v\u00e4lja en leverant\u00f6r som f\u00f6rst\u00e5r vikten av att <\/span><b>renhet, s\u00e4kerhet och v\u00e4rde<\/b><span style=\"font-weight: 400;\">. Genom att f\u00f6lja denna guide kan du <\/span><b>Best\u00e4ll magnesiumpulver online<\/b><span style=\"font-weight: 400;\"> med sj\u00e4lvf\u00f6rtroende, och vet exakt vad de ska leta efter.<\/span><\/p>\n<p data-start=\"325\" data-end=\"395\"><span style=\"font-weight: 400;\">Redo att g\u00f6ra ditt k\u00f6p? Utforska p\u00e5litliga leverant\u00f6rer nu och f\u00e5 de b\u00e4sta erbjudandena p\u00e5 <\/span><b>Magnesiumpulver till salu<\/b><span style=\"font-weight: 400;\"> - med snabb leverans, verifierad kvalitet och konkurrenskraftiga priser.<\/span><\/p>","protected":false},"excerpt":{"rendered":"<p><strong>Synonym(er): Magnesium<\/strong><br \/>\n<strong>Empirisk formel (Hill-notation): Mg<\/strong><br \/>\n<strong>CAS-nr:7439-95-4<\/strong><br \/>\n<strong>Molekylvikt: 24,31<\/strong><br \/>\n<strong>Beilstein nr:4948473<\/strong><\/p>","protected":false},"featured_media":1208,"comment_status":"open","ping_status":"closed","template":"","meta":{"_kadence_starter_templates_imported_post":false,"_kad_post_transparent":"default","_kad_post_title":"","_kad_post_layout":"default","_kad_post_sidebar_id":"","_kad_post_content_style":"default","_kad_post_vertical_padding":"default","_kad_post_feature":"","_kad_post_feature_position":"","_kad_post_header":false,"_kad_post_footer":false,"_joinchat":[]},"product_brand":[],"product_cat":[129],"product_tag":[1079,1076,1091,1080,1078,1088,1087,1085,1083,1090,1086,1082,1077,1084,1081,1094,1092,1075,1093,1089],"class_list":{"0":"post-1201","1":"product","2":"type-product","3":"status-publish","4":"has-post-thumbnail","6":"product_cat-metal-processing-and-mining","7":"product_tag-bulk-magnesium-powder-supplier","8":"product_tag-buy-magnesium-powder","9":"product_tag-commercial-magnesium-powder-supply","10":"product_tag-high-purity-magnesium-powder","11":"product_tag-industrial-magnesium-powder-supply","12":"product_tag-magnesium-powder-distributor","13":"product_tag-magnesium-powder-for-automotive-industry","14":"product_tag-magnesium-powder-for-chemical-manufacturing","15":"product_tag-magnesium-powder-for-fireworks","16":"product_tag-magnesium-powder-for-industrial-applications","17":"product_tag-magnesium-powder-for-laboratory-use","18":"product_tag-magnesium-powder-for-pyrotechnics","19":"product_tag-magnesium-powder-for-sale","20":"product_tag-magnesium-powder-in-metal-alloys","21":"product_tag-magnesium-powder-price-and-availability","22":"product_tag-magnesium-powder-procurement","23":"product_tag-magnesium-powder-safety-and-compliance","24":"product_tag-magnesium-powder-supplier","25":"product_tag-reliable-magnesium-powder-supplier","26":"product_tag-where-to-buy-magnesium-powder","28":"first","29":"instock","30":"shipping-taxable","31":"product-type-simple","32":"entry","33":"content-bg","34":"loop-entry"},"yoast_head":"<!-- This site is optimized with the Yoast SEO plugin v25.6 - https:\/\/yoast.com\/wordpress\/plugins\/seo\/ -->\n<title>Buy Magnesium Powder Online - Magnesium Powder for Sale<\/title>\n<meta name=\"description\" content=\"If you have not tried magnesium powder from our store, then you are missing a lot. We will help you buy magnesium powder online at cheap rates. Get magnesium powder for sale today!\" \/>\n<meta name=\"robots\" content=\"index, follow, max-snippet:-1, max-image-preview:large, max-video-preview:-1\" \/>\n<link rel=\"canonical\" href=\"https:\/\/subszone.com\/sv\/product\/magnesiumpulver\/\" \/>\n<meta property=\"og:locale\" content=\"sv_SE\" \/>\n<meta property=\"og:type\" content=\"article\" \/>\n<meta property=\"og:title\" content=\"Buy Magnesium Powder Online - Magnesium Powder for Sale\" \/>\n<meta property=\"og:description\" content=\"If you have not tried magnesium powder from our store, then you are missing a lot. We will help you buy magnesium powder online at cheap rates. Get magnesium powder for sale today!\" \/>\n<meta property=\"og:url\" content=\"https:\/\/subszone.com\/sv\/product\/magnesiumpulver\/\" \/>\n<meta property=\"og:site_name\" content=\"SubsZone\" \/>\n<meta property=\"article:modified_time\" content=\"2025-06-02T12:22:51+00:00\" \/>\n<meta property=\"og:image\" content=\"https:\/\/subszone.com\/wp-content\/uploads\/2024\/10\/Magnesium.gif\" \/>\n\t<meta property=\"og:image:width\" content=\"600\" \/>\n\t<meta property=\"og:image:height\" content=\"600\" \/>\n\t<meta property=\"og:image:type\" content=\"image\/gif\" \/>\n<meta name=\"twitter:card\" content=\"summary_large_image\" \/>\n<meta name=\"twitter:label1\" content=\"Ber\u00e4knad l\u00e4stid\" \/>\n\t<meta name=\"twitter:data1\" content=\"3 minuter\" \/>\n<script type=\"application\/ld+json\" class=\"yoast-schema-graph\">{\"@context\":\"https:\/\/schema.org\",\"@graph\":[{\"@type\":\"WebPage\",\"@id\":\"https:\/\/subszone.com\/product\/magnesium-powder\/\",\"url\":\"https:\/\/subszone.com\/product\/magnesium-powder\/\",\"name\":\"Buy Magnesium Powder Online - Magnesium Powder for Sale\",\"isPartOf\":{\"@id\":\"https:\/\/subszone.com\/#website\"},\"primaryImageOfPage\":{\"@id\":\"https:\/\/subszone.com\/product\/magnesium-powder\/#primaryimage\"},\"image\":{\"@id\":\"https:\/\/subszone.com\/product\/magnesium-powder\/#primaryimage\"},\"thumbnailUrl\":\"https:\/\/subszone.com\/wp-content\/uploads\/2024\/10\/Magnesium.gif\",\"datePublished\":\"2024-10-24T06:13:16+00:00\",\"dateModified\":\"2025-06-02T12:22:51+00:00\",\"description\":\"If you have not tried magnesium powder from our store, then you are missing a lot. We will help you buy magnesium powder online at cheap rates. Get magnesium powder for sale today!\",\"breadcrumb\":{\"@id\":\"https:\/\/subszone.com\/product\/magnesium-powder\/#breadcrumb\"},\"inLanguage\":\"sv-SE\",\"potentialAction\":[{\"@type\":\"ReadAction\",\"target\":[\"https:\/\/subszone.com\/product\/magnesium-powder\/\"]}]},{\"@type\":\"ImageObject\",\"inLanguage\":\"sv-SE\",\"@id\":\"https:\/\/subszone.com\/product\/magnesium-powder\/#primaryimage\",\"url\":\"https:\/\/subszone.com\/wp-content\/uploads\/2024\/10\/Magnesium.gif\",\"contentUrl\":\"https:\/\/subszone.com\/wp-content\/uploads\/2024\/10\/Magnesium.gif\",\"width\":600,\"height\":600,\"caption\":\"Buy Magnesium Powder Online\"},{\"@type\":\"BreadcrumbList\",\"@id\":\"https:\/\/subszone.com\/product\/magnesium-powder\/#breadcrumb\",\"itemListElement\":[{\"@type\":\"ListItem\",\"position\":1,\"name\":\"Home\",\"item\":\"https:\/\/subszone.com\/\"},{\"@type\":\"ListItem\",\"position\":2,\"name\":\"Shop\",\"item\":\"https:\/\/subszone.com\/shop\/\"},{\"@type\":\"ListItem\",\"position\":3,\"name\":\"Buy Magnesium Powder Online\"}]},{\"@type\":\"WebSite\",\"@id\":\"https:\/\/subszone.com\/#website\",\"url\":\"https:\/\/subszone.com\/\",\"name\":\"SubsZone\",\"description\":\"My WordPress Blog\",\"publisher\":{\"@id\":\"https:\/\/subszone.com\/#organization\"},\"potentialAction\":[{\"@type\":\"SearchAction\",\"target\":{\"@type\":\"EntryPoint\",\"urlTemplate\":\"https:\/\/subszone.com\/?s={search_term_string}\"},\"query-input\":{\"@type\":\"PropertyValueSpecification\",\"valueRequired\":true,\"valueName\":\"search_term_string\"}}],\"inLanguage\":\"sv-SE\"},{\"@type\":\"Organization\",\"@id\":\"https:\/\/subszone.com\/#organization\",\"name\":\"SubsZone\",\"url\":\"https:\/\/subszone.com\/\",\"logo\":{\"@type\":\"ImageObject\",\"inLanguage\":\"sv-SE\",\"@id\":\"https:\/\/subszone.com\/#\/schema\/logo\/image\/\",\"url\":\"https:\/\/subszone.com\/wp-content\/uploads\/2024\/10\/logo.png\",\"contentUrl\":\"https:\/\/subszone.com\/wp-content\/uploads\/2024\/10\/logo.png\",\"width\":193,\"height\":50,\"caption\":\"SubsZone\"},\"image\":{\"@id\":\"https:\/\/subszone.com\/#\/schema\/logo\/image\/\"}}]}<\/script>\n<!-- \/ Yoast SEO plugin. -->","yoast_head_json":{"title":"K\u00f6p magnesiumpulver online - Magnesiumpulver till salu","description":"Om du inte har provat magnesiumpulver fr\u00e5n v\u00e5r butik saknar du mycket. Vi hj\u00e4lper dig att k\u00f6pa magnesiumpulver online till billiga priser. F\u00e5 magnesiumpulver till salu idag!","robots":{"index":"index","follow":"follow","max-snippet":"max-snippet:-1","max-image-preview":"max-image-preview:large","max-video-preview":"max-video-preview:-1"},"canonical":"https:\/\/subszone.com\/sv\/product\/magnesiumpulver\/","og_locale":"sv_SE","og_type":"article","og_title":"Buy Magnesium Powder Online - Magnesium Powder for Sale","og_description":"If you have not tried magnesium powder from our store, then you are missing a lot. We will help you buy magnesium powder online at cheap rates. Get magnesium powder for sale today!","og_url":"https:\/\/subszone.com\/sv\/product\/magnesiumpulver\/","og_site_name":"SubsZone","article_modified_time":"2025-06-02T12:22:51+00:00","og_image":[{"width":600,"height":600,"url":"https:\/\/subszone.com\/wp-content\/uploads\/2024\/10\/Magnesium.gif","type":"image\/gif"}],"twitter_card":"summary_large_image","twitter_misc":{"Ber\u00e4knad l\u00e4stid":"3 minuter"},"schema":{"@context":"https:\/\/schema.org","@graph":[{"@type":"WebPage","@id":"https:\/\/subszone.com\/product\/magnesium-powder\/","url":"https:\/\/subszone.com\/product\/magnesium-powder\/","name":"K\u00f6p magnesiumpulver online - Magnesiumpulver till salu","isPartOf":{"@id":"https:\/\/subszone.com\/#website"},"primaryImageOfPage":{"@id":"https:\/\/subszone.com\/product\/magnesium-powder\/#primaryimage"},"image":{"@id":"https:\/\/subszone.com\/product\/magnesium-powder\/#primaryimage"},"thumbnailUrl":"https:\/\/subszone.com\/wp-content\/uploads\/2024\/10\/Magnesium.gif","datePublished":"2024-10-24T06:13:16+00:00","dateModified":"2025-06-02T12:22:51+00:00","description":"Om du inte har provat magnesiumpulver fr\u00e5n v\u00e5r butik saknar du mycket. Vi hj\u00e4lper dig att k\u00f6pa magnesiumpulver online till billiga priser. F\u00e5 magnesiumpulver till salu idag!","breadcrumb":{"@id":"https:\/\/subszone.com\/product\/magnesium-powder\/#breadcrumb"},"inLanguage":"sv-SE","potentialAction":[{"@type":"ReadAction","target":["https:\/\/subszone.com\/product\/magnesium-powder\/"]}]},{"@type":"ImageObject","inLanguage":"sv-SE","@id":"https:\/\/subszone.com\/product\/magnesium-powder\/#primaryimage","url":"https:\/\/subszone.com\/wp-content\/uploads\/2024\/10\/Magnesium.gif","contentUrl":"https:\/\/subszone.com\/wp-content\/uploads\/2024\/10\/Magnesium.gif","width":600,"height":600,"caption":"Buy Magnesium Powder Online"},{"@type":"BreadcrumbList","@id":"https:\/\/subszone.com\/product\/magnesium-powder\/#breadcrumb","itemListElement":[{"@type":"ListItem","position":1,"name":"Home","item":"https:\/\/subszone.com\/"},{"@type":"ListItem","position":2,"name":"Shop","item":"https:\/\/subszone.com\/shop\/"},{"@type":"ListItem","position":3,"name":"Buy Magnesium Powder Online"}]},{"@type":"WebSite","@id":"https:\/\/subszone.com\/#website","url":"https:\/\/subszone.com\/","name":"SubsZone","description":"Min WordPress-blogg","publisher":{"@id":"https:\/\/subszone.com\/#organization"},"potentialAction":[{"@type":"SearchAction","target":{"@type":"EntryPoint","urlTemplate":"https:\/\/subszone.com\/?s={search_term_string}"},"query-input":{"@type":"PropertyValueSpecification","valueRequired":true,"valueName":"search_term_string"}}],"inLanguage":"sv-SE"},{"@type":"Organization","@id":"https:\/\/subszone.com\/#organization","name":"SubsZone","url":"https:\/\/subszone.com\/","logo":{"@type":"ImageObject","inLanguage":"sv-SE","@id":"https:\/\/subszone.com\/#\/schema\/logo\/image\/","url":"https:\/\/subszone.com\/wp-content\/uploads\/2024\/10\/logo.png","contentUrl":"https:\/\/subszone.com\/wp-content\/uploads\/2024\/10\/logo.png","width":193,"height":50,"caption":"SubsZone"},"image":{"@id":"https:\/\/subszone.com\/#\/schema\/logo\/image\/"}}]}},"_links":{"self":[{"href":"https:\/\/subszone.com\/sv\/wp-json\/wp\/v2\/product\/1201","targetHints":{"allow":["GET"]}}],"collection":[{"href":"https:\/\/subszone.com\/sv\/wp-json\/wp\/v2\/product"}],"about":[{"href":"https:\/\/subszone.com\/sv\/wp-json\/wp\/v2\/types\/product"}],"replies":[{"embeddable":true,"href":"https:\/\/subszone.com\/sv\/wp-json\/wp\/v2\/comments?post=1201"}],"wp:featuredmedia":[{"embeddable":true,"href":"https:\/\/subszone.com\/sv\/wp-json\/wp\/v2\/media\/1208"}],"wp:attachment":[{"href":"https:\/\/subszone.com\/sv\/wp-json\/wp\/v2\/media?parent=1201"}],"wp:term":[{"taxonomy":"product_brand","embeddable":true,"href":"https:\/\/subszone.com\/sv\/wp-json\/wp\/v2\/product_brand?post=1201"},{"taxonomy":"product_cat","embeddable":true,"href":"https:\/\/subszone.com\/sv\/wp-json\/wp\/v2\/product_cat?post=1201"},{"taxonomy":"product_tag","embeddable":true,"href":"https:\/\/subszone.com\/sv\/wp-json\/wp\/v2\/product_tag?post=1201"}],"curies":[{"name":"wp","href":"https:\/\/api.w.org\/{rel}","templated":true}]}}