{"id":1216,"date":"2024-10-24T06:26:49","date_gmt":"2024-10-24T06:26:49","guid":{"rendered":"https:\/\/subszone.com\/?post_type=product&#038;p=1216"},"modified":"2025-06-02T12:31:30","modified_gmt":"2025-06-02T12:31:30","slug":"metanol","status":"publish","type":"product","link":"https:\/\/subszone.com\/sv\/product\/metanol\/","title":{"rendered":"K\u00f6p metanol online"},"content":{"rendered":"<h2><b>K\u00f6p Metanol Online: Allt du beh\u00f6ver veta innan du best\u00e4ller<\/b><\/h2>\n<h3><b>Inledning<\/b><\/h3>\n<p><span style=\"font-weight: 400;\">I en alltmer digital v\u00e4rld s\u00f6ker sig yrkesverksamma inom alla branscher till <\/span><a href=\"https:\/\/en.wikipedia.org\/wiki\/Methanol\"><b>k\u00f6pa metanol online<\/b><\/a><span style=\"font-weight: 400;\"> f\u00f6r snabbare tillg\u00e5ng, konkurrenskraftiga priser och bekv\u00e4mlighet. Fr\u00e5n laboratorier till biobr\u00e4nsleproducenter, metanol fungerar som en kritisk kemikalie i otaliga applikationer. Men innan du <\/span><b>Best\u00e4ll metanol online<\/b><span style=\"font-weight: 400;\">\u00e4r det viktigt att f\u00f6rst\u00e5 vad det \u00e4r, hur det anv\u00e4nds och vilka juridiska eller s\u00e4kerhetsm\u00e4ssiga \u00f6verv\u00e4ganden som \u00e4r inblandade. Den h\u00e4r guiden inneh\u00e5ller allt du beh\u00f6ver veta f\u00f6r att g\u00f6ra ett smart och s\u00e4kert k\u00f6p som uppfyller kraven.<\/span><\/p>\n<h3><b>V\u00e4xande efterfr\u00e5gan p\u00e5 metanol<\/b><\/h3>\n<p><span style=\"font-weight: 400;\">Metanol, \u00e4ven k\u00e4nd som tr\u00e4alkohol, \u00e4r en enkel men m\u00e5ngsidig kemisk f\u00f6rening som forts\u00e4tter att v\u00e4xa i industriell och vetenskaplig efterfr\u00e5gan. Dess breda anv\u00e4ndningsomr\u00e5den - fr\u00e5n energiproduktion till tillverkning - har f\u00e5tt yrkesverksamma att s\u00f6ka efter <\/span><b><a href=\"https:\/\/subszone.com\/sv\/product\/metanol\/\">metanol till salu<\/a> p\u00e5 n\u00e4tet<\/b><span style=\"font-weight: 400;\">d\u00e4r det ofta \u00e4r l\u00e4ttare att j\u00e4mf\u00f6ra kvaliteter, priser och leverant\u00f6rer.<\/span><\/p>\n<h3><b>Varf\u00f6r m\u00e4nniskor s\u00f6ker f\u00f6r att k\u00f6pa metanol online<\/b><\/h3>\n<ul>\n<li style=\"font-weight: 400;\" aria-level=\"1\"><b>Bekv\u00e4mlighet<\/b><span style=\"font-weight: 400;\"> - Omedelbar tillg\u00e5ng till flera leverant\u00f6rer fr\u00e5n ditt laboratorium eller kontor<\/span><span style=\"font-weight: 400;\">\n<p><\/span><\/li>\n<li style=\"font-weight: 400;\" aria-level=\"1\"><b>Variationsrikedom<\/b><span style=\"font-weight: 400;\"> - Hitta flera kvaliteter och f\u00f6rpackningsstorlekar p\u00e5 ett och samma st\u00e4lle<\/span><span style=\"font-weight: 400;\">\n<p><\/span><\/li>\n<li style=\"font-weight: 400;\" aria-level=\"1\"><b>Kostnadseffektivitet<\/b><span style=\"font-weight: 400;\"> - L\u00e4ttare att hitta en <\/span><b>billigt metanolpris<\/b><span style=\"font-weight: 400;\"> n\u00e4r du j\u00e4mf\u00f6r bulk- eller grossistalternativ<\/span><span style=\"font-weight: 400;\">\n<p><\/span><\/li>\n<li style=\"font-weight: 400;\" aria-level=\"1\"><b>Dokumentation<\/b><span style=\"font-weight: 400;\"> - Tillf\u00f6rlitliga onlinef\u00f6rs\u00e4ljare tillhandah\u00e5ller ofta analyscertifikat (COA) och s\u00e4kerhetsdatablad (SDS)<\/span><span style=\"font-weight: 400;\">\n<p><\/span><\/li>\n<\/ul>\n<p><span style=\"font-weight: 400;\">Onlineink\u00f6p bidrar ocks\u00e5 till att effektivisera upphandlingen f\u00f6r forskningsinstitutioner, br\u00e4nsleproducenter och kemikalietillverkare.<\/span><\/p>\n<h3><b>Meddelande om s\u00e4kerhet och efterlevnad<\/b><\/h3>\n<p><span style=\"font-weight: 400;\">\u00c4ven om metanol anv\u00e4nds i stor utstr\u00e4ckning \u00e4r det ocks\u00e5 <\/span><b>giftig och brandfarlig<\/b><span style=\"font-weight: 400;\">som kr\u00e4ver korrekt f\u00f6rvaring, hantering och efterlevnad av lokala f\u00f6reskrifter. K\u00f6p alltid fr\u00e5n verifierade leverant\u00f6rer och se till att din anv\u00e4ndning \u00e4r <\/span><b>lagligt, s\u00e4kert och l\u00e4mpligt<\/b><span style=\"font-weight: 400;\"> f\u00f6r den avsedda till\u00e4mpningen.<\/span><\/p>\n<h3><b>Vad \u00e4r metanol?<\/b><\/h3>\n<h4><b>Kemisk struktur och egenskaper<\/b><\/h4>\n<ul>\n<li style=\"font-weight: 400;\" aria-level=\"1\"><b>Formel:<\/b><span style=\"font-weight: 400;\"> CH\u2083OH<\/span><span style=\"font-weight: 400;\">\n<p><\/span><\/li>\n<li style=\"font-weight: 400;\" aria-level=\"1\"><b>Molekylvikt:<\/b><span style=\"font-weight: 400;\"> 32,04 g\/mol<\/span><span style=\"font-weight: 400;\">\n<p><\/span><\/li>\n<li style=\"font-weight: 400;\" aria-level=\"1\"><b>Utseende:<\/b><span style=\"font-weight: 400;\"> Klar, f\u00e4rgl\u00f6s v\u00e4tska med en mild alkohollukt<\/span><span style=\"font-weight: 400;\">\n<p><\/span><\/li>\n<li style=\"font-weight: 400;\" aria-level=\"1\"><b>Kokpunkt:<\/b><span style=\"font-weight: 400;\"> ~64,7\u00b0C (148,5\u00b0F)<\/span><span style=\"font-weight: 400;\">\n<p><\/span><\/li>\n<\/ul>\n<p><span style=\"font-weight: 400;\">Metanol \u00e4r ett pol\u00e4rt l\u00f6sningsmedel och en mycket brandfarlig alkohol som anv\u00e4nds i stor utstr\u00e4ckning inom kemisk syntes och energitill\u00e4mpningar.<\/span><\/p>\n<h4><b>Industri- och laboratorieanv\u00e4ndning<\/b><\/h4>\n<ul>\n<li style=\"font-weight: 400;\" aria-level=\"1\"><span style=\"font-weight: 400;\">Organisk syntes och kemiska reaktioner<\/span><span style=\"font-weight: 400;\">\n<p><\/span><\/li>\n<li style=\"font-weight: 400;\" aria-level=\"1\"><span style=\"font-weight: 400;\">Extraktionsprocesser och l\u00f6sningsmedelssystem<\/span><span style=\"font-weight: 400;\">\n<p><\/span><\/li>\n<li style=\"font-weight: 400;\" aria-level=\"1\"><span style=\"font-weight: 400;\">Frostskyddsmedel och avisningsl\u00f6sningar<\/span><span style=\"font-weight: 400;\">\n<p><\/span><\/li>\n<li style=\"font-weight: 400;\" aria-level=\"1\"><span style=\"font-weight: 400;\">Alternativa br\u00e4nslen och r\u00e5varor f\u00f6r biodiesel<\/span><span style=\"font-weight: 400;\">\n<p><\/span><\/li>\n<\/ul>\n<h4><b>Metanol j\u00e4mf\u00f6rt med etanol<\/b><\/h4>\n<p><span style=\"font-weight: 400;\">B\u00e5da \u00e4r alkoholer, <\/span><b>metanol \u00e4r giftigt<\/b><span style=\"font-weight: 400;\"> om den intas och ska aldrig f\u00f6rv\u00e4xlas med etanol. Metanol brinner renare, vilket g\u00f6r den popul\u00e4r i t\u00e4vlingsbr\u00e4nslen och industriella applikationer, medan etanol anv\u00e4nds i stor utstr\u00e4ckning i drycker och desinfektionsmedel.<\/span><\/p>\n<h3><b>Vanliga anv\u00e4ndningsomr\u00e5den f\u00f6r metanol<\/b><\/h3>\n<h4><b>L\u00f6sningsmedel i laboratorier och tillverkning<\/b><\/h4>\n<p><span style=\"font-weight: 400;\">Metanol \u00e4r ett vanligt l\u00f6sningsmedel p\u00e5 grund av dess polaritet och snabba avdunstningshastighet, perfekt f\u00f6r extraktioner, reaktioner och sk\u00f6ljning av labbglasvaror.<\/span><\/p>\n<h4><b>Br\u00e4nsle och frostskyddsmedel<\/b><\/h4>\n<p><span style=\"font-weight: 400;\">Metanol anv\u00e4nds i f\u00f6rbr\u00e4nningsmotorer (ofta inom racing) samt i spolarv\u00e4tska f\u00f6r vindrutor och avisningsmedel f\u00f6r fordon och flygplan.<\/span><\/p>\n<h4><b>Produktion av biodiesel<\/b><\/h4>\n<p><span style=\"font-weight: 400;\">Som metyleringsmedel spelar metanol en avg\u00f6rande roll i <\/span><b>transesterifiering<\/b><span style=\"font-weight: 400;\">, den kemiska process som producerar biodiesel fr\u00e5n fetter eller oljor.<\/span><\/p>\n<h4><b>Hur man v\u00e4ljer r\u00e4tt typ<\/b><\/h4>\n<ul>\n<li style=\"font-weight: 400;\" aria-level=\"1\"><span style=\"font-weight: 400;\">F\u00f6r laboratorieexperiment, v\u00e4lj <\/span><b>Metanol av analytisk eller reagens kvalitet<\/b><b>\n<p><\/b><\/li>\n<li style=\"font-weight: 400;\" aria-level=\"1\"><span style=\"font-weight: 400;\">F\u00f6r tillverkning eller reng\u00f6ring, <\/span><b>industriell kvalitet<\/b><span style=\"font-weight: 400;\"> kan vara l\u00e4mplig<\/span><span style=\"font-weight: 400;\">\n<p><\/span><\/li>\n<li style=\"font-weight: 400;\" aria-level=\"1\"><span style=\"font-weight: 400;\">F\u00f6r biodiesel- eller energitill\u00e4mpningar, <\/span><b>metanol av br\u00e4nslekvalitet<\/b><span style=\"font-weight: 400;\"> \u00e4r det mest ekonomiska valet<\/span><span style=\"font-weight: 400;\">\n<p><\/span><\/li>\n<\/ul>\n<p><span style=\"font-weight: 400;\">L\u00e4s alltid igenom leverant\u00f6rens dokumentation f\u00f6re anv\u00e4ndning.<\/span><\/p>\n<h3><b>Var kan man k\u00f6pa metanol online<\/b><\/h3>\n<h4><b>Betrodda kemikalieleverant\u00f6rer<\/b><\/h4>\n<p><span style=\"font-weight: 400;\">Ansedda plattformar erbjuder metanol med korrekt m\u00e4rkning, COA och SDS. Dessa s\u00e4ljare kr\u00e4ver ofta f\u00f6retagsverifiering och juridisk dokumentation f\u00f6r bulkbest\u00e4llningar.<\/span><\/p>\n<h4><b>Webbplatser f\u00f6r industritillbeh\u00f6r<\/b><\/h4>\n<p><span style=\"font-weight: 400;\">Leverant\u00f6rer som specialiserar sig p\u00e5 br\u00e4nsle- eller kemikaliedistribution tillhandah\u00e5ller st\u00f6rre volymer som l\u00e4mpar sig f\u00f6r energiproduktion, tillverkning eller kommersiell reng\u00f6ring.<\/span><\/p>\n<p><span style=\"font-weight: 400;\">Undvik anonyma marknadsplatser utan insyn - the <\/span><b>b\u00e4sta st\u00e4llet att k\u00f6pa metanol<\/b><span style=\"font-weight: 400;\"> \u00e4r d\u00e4r s\u00e4kerhet, efterlevnad och kvalitet m\u00f6ts.<\/span><\/p>\n<h3><b>Juridiska och s\u00e4kerhetsm\u00e4ssiga \u00f6verv\u00e4ganden<\/b><\/h3>\n<h4><b>F\u00f6rvaring, hantering och transport<\/b><\/h4>\n<ul>\n<li style=\"font-weight: 400;\" aria-level=\"1\"><span style=\"font-weight: 400;\">F\u00f6rvaras i t\u00e4tt tillslutna beh\u00e5llare p\u00e5 avst\u00e5nd fr\u00e5n v\u00e4rme och l\u00e5gor<\/span><span style=\"font-weight: 400;\">\n<p><\/span><\/li>\n<li style=\"font-weight: 400;\" aria-level=\"1\"><span style=\"font-weight: 400;\">Anv\u00e4nd i v\u00e4l ventilerade utrymmen<\/span><span style=\"font-weight: 400;\">\n<p><\/span><\/li>\n<li style=\"font-weight: 400;\" aria-level=\"1\"><span style=\"font-weight: 400;\">Uppfylla kraven <\/span><b>Transportbest\u00e4mmelser f\u00f6r brandfarliga v\u00e4tskor<\/b><span style=\"font-weight: 400;\"> (UN1230)<\/span><span style=\"font-weight: 400;\">\n<p><\/span><\/li>\n<\/ul>\n<h3><b>Slutsats: K\u00f6p smart, k\u00f6p s\u00e4kert<\/b><\/h3>\n<p><span style=\"font-weight: 400;\">Metanol \u00e4r en oumb\u00e4rlig kemikalie inom m\u00e5nga olika branscher - men ink\u00f6p och anv\u00e4ndning av metanol medf\u00f6r ansvar. Om du \u00e4r redo att <\/span><b>Best\u00e4ll metanol online<\/b><span style=\"font-weight: 400;\">se till att du k\u00f6per fr\u00e5n en <\/span><b>v\u00e4lrenommerad leverant\u00f6r som uppfyller kraven<\/b><span style=\"font-weight: 400;\"> som erbjuder verifierade betyg, transparent dokumentation och en lyh\u00f6rd kundservice.<\/span><\/p>\n<p><span style=\"font-weight: 400;\">Oavsett om du s\u00f6ker efter <\/span><b>Metanol av laboratoriekvalitet f\u00f6r forskning<\/b><span style=\"font-weight: 400;\">, <\/span><b>br\u00e4nslekvalitet f\u00f6r biodiesel<\/b><span style=\"font-weight: 400;\">, eller <\/span><b>industriell kvalitet f\u00f6r reng\u00f6ring<\/b><span style=\"font-weight: 400;\">, den <\/span><b>b\u00e4sta st\u00e4llet att k\u00f6pa metanol online<\/b><span style=\"font-weight: 400;\"> \u00e4r d\u00e4r s\u00e4kerhet, kvalitet och v\u00e4rde g\u00e5r hand i hand.<\/span><\/p>","protected":false},"excerpt":{"rendered":"<p>Metanol, \u00e4ven k\u00e4nd som tr\u00e4alkohol, \u00e4r en f\u00e4rgl\u00f6s, brandfarlig v\u00e4tska med en n\u00e5got s\u00f6t lukt. Den anv\u00e4nds ofta i olika industriella till\u00e4mpningar och har viktiga konsekvenser f\u00f6r s\u00e4kerhet och h\u00e4lsa. H\u00e4r \u00e4r en omfattande \u00f6versikt \u00f6ver metanol, inklusive dess egenskaper, anv\u00e4ndningsomr\u00e5den, s\u00e4kerhets\u00f6verv\u00e4ganden och regleringsaspekter.<\/p>\n<p><strong>Synonym(er): Metanol, Metylalkohol<\/strong><br \/>\n<strong>Linj\u00e4r formel: CH3OH<\/strong><br \/>\n<strong>CAS-nr: 67-56-1<\/strong><br \/>\n<strong>Molekylvikt: 32,04<\/strong><br \/>\n<strong>Beilstein nr:1098229<\/strong><\/p>","protected":false},"featured_media":1409,"comment_status":"open","ping_status":"closed","template":"","meta":{"_kadence_starter_templates_imported_post":false,"_kad_post_transparent":"default","_kad_post_title":"","_kad_post_layout":"default","_kad_post_sidebar_id":"","_kad_post_content_style":"default","_kad_post_vertical_padding":"default","_kad_post_feature":"","_kad_post_feature_position":"","_kad_post_header":false,"_kad_post_footer":false,"_joinchat":[]},"product_brand":[],"product_cat":[322],"product_tag":[1019,1016,1031,1020,1018,1028,1024,1022,1030,1026,1027,1017,1023,1025,1021,1034,1032,1015,1033,1029],"class_list":{"0":"post-1216","1":"product","2":"type-product","3":"status-publish","4":"has-post-thumbnail","6":"product_cat-fuels-and-energy-production","7":"product_tag-bulk-methanol-supplier","8":"product_tag-buy-methanol","9":"product_tag-commercial-methanol-supply","10":"product_tag-high-purity-methanol","11":"product_tag-industrial-methanol-supply","12":"product_tag-methanol-distributor","13":"product_tag-methanol-for-biodiesel-production","14":"product_tag-methanol-for-chemical-manufacturing","15":"product_tag-methanol-for-industrial-applications","16":"product_tag-methanol-for-laboratory-use","17":"product_tag-methanol-for-pharmaceutical-applications","18":"product_tag-methanol-for-sale","19":"product_tag-methanol-in-fuel-production","20":"product_tag-methanol-in-solvent-applications","21":"product_tag-methanol-price-and-availability","22":"product_tag-methanol-procurement","23":"product_tag-methanol-safety-and-compliance","24":"product_tag-methanol-supplier","25":"product_tag-reliable-methanol-supplier","26":"product_tag-where-to-buy-methanol","28":"first","29":"instock","30":"shipping-taxable","31":"product-type-simple","32":"entry","33":"content-bg","34":"loop-entry"},"yoast_head":"<!-- This site is optimized with the Yoast SEO plugin v25.6 - https:\/\/yoast.com\/wordpress\/plugins\/seo\/ -->\n<title>Buy Methanol Online - Methanol Industrial for Sale | Subszone<\/title>\n<meta name=\"description\" content=\"Do not miss any opportunity to buy industrial methanol online from our store. We are exclusively dealing with methanol for sale at cheap rates. We are here to help you. Order now!\" \/>\n<meta name=\"robots\" content=\"index, follow, max-snippet:-1, max-image-preview:large, max-video-preview:-1\" \/>\n<link rel=\"canonical\" href=\"https:\/\/subszone.com\/sv\/product\/metanol\/\" \/>\n<meta property=\"og:locale\" content=\"sv_SE\" \/>\n<meta property=\"og:type\" content=\"article\" \/>\n<meta property=\"og:title\" content=\"Buy Methanol Online - Methanol Industrial for Sale | Subszone\" \/>\n<meta property=\"og:description\" content=\"Do not miss any opportunity to buy industrial methanol online from our store. We are exclusively dealing with methanol for sale at cheap rates. We are here to help you. Order now!\" \/>\n<meta property=\"og:url\" content=\"https:\/\/subszone.com\/sv\/product\/metanol\/\" \/>\n<meta property=\"og:site_name\" content=\"SubsZone\" \/>\n<meta property=\"article:modified_time\" content=\"2025-06-02T12:31:30+00:00\" \/>\n<meta property=\"og:image\" content=\"https:\/\/subszone.com\/wp-content\/uploads\/2024\/10\/Methanol-2-1.gif\" \/>\n\t<meta property=\"og:image:width\" content=\"600\" \/>\n\t<meta property=\"og:image:height\" content=\"600\" \/>\n\t<meta property=\"og:image:type\" content=\"image\/gif\" \/>\n<meta name=\"twitter:card\" content=\"summary_large_image\" \/>\n<meta name=\"twitter:label1\" content=\"Ber\u00e4knad l\u00e4stid\" \/>\n\t<meta name=\"twitter:data1\" content=\"4 minuter\" \/>\n<script type=\"application\/ld+json\" class=\"yoast-schema-graph\">{\"@context\":\"https:\/\/schema.org\",\"@graph\":[{\"@type\":\"WebPage\",\"@id\":\"https:\/\/subszone.com\/product\/methanol\/\",\"url\":\"https:\/\/subszone.com\/product\/methanol\/\",\"name\":\"Buy Methanol Online - Methanol Industrial for Sale | Subszone\",\"isPartOf\":{\"@id\":\"https:\/\/subszone.com\/#website\"},\"primaryImageOfPage\":{\"@id\":\"https:\/\/subszone.com\/product\/methanol\/#primaryimage\"},\"image\":{\"@id\":\"https:\/\/subszone.com\/product\/methanol\/#primaryimage\"},\"thumbnailUrl\":\"https:\/\/subszone.com\/wp-content\/uploads\/2024\/10\/Methanol-2-1.gif\",\"datePublished\":\"2024-10-24T06:26:49+00:00\",\"dateModified\":\"2025-06-02T12:31:30+00:00\",\"description\":\"Do not miss any opportunity to buy industrial methanol online from our store. We are exclusively dealing with methanol for sale at cheap rates. We are here to help you. Order now!\",\"breadcrumb\":{\"@id\":\"https:\/\/subszone.com\/product\/methanol\/#breadcrumb\"},\"inLanguage\":\"sv-SE\",\"potentialAction\":[{\"@type\":\"ReadAction\",\"target\":[\"https:\/\/subszone.com\/product\/methanol\/\"]}]},{\"@type\":\"ImageObject\",\"inLanguage\":\"sv-SE\",\"@id\":\"https:\/\/subszone.com\/product\/methanol\/#primaryimage\",\"url\":\"https:\/\/subszone.com\/wp-content\/uploads\/2024\/10\/Methanol-2-1.gif\",\"contentUrl\":\"https:\/\/subszone.com\/wp-content\/uploads\/2024\/10\/Methanol-2-1.gif\",\"width\":600,\"height\":600,\"caption\":\"Buy Methanol Online\"},{\"@type\":\"BreadcrumbList\",\"@id\":\"https:\/\/subszone.com\/product\/methanol\/#breadcrumb\",\"itemListElement\":[{\"@type\":\"ListItem\",\"position\":1,\"name\":\"Home\",\"item\":\"https:\/\/subszone.com\/\"},{\"@type\":\"ListItem\",\"position\":2,\"name\":\"Shop\",\"item\":\"https:\/\/subszone.com\/shop\/\"},{\"@type\":\"ListItem\",\"position\":3,\"name\":\"Buy Methanol Online\"}]},{\"@type\":\"WebSite\",\"@id\":\"https:\/\/subszone.com\/#website\",\"url\":\"https:\/\/subszone.com\/\",\"name\":\"SubsZone\",\"description\":\"My WordPress Blog\",\"publisher\":{\"@id\":\"https:\/\/subszone.com\/#organization\"},\"potentialAction\":[{\"@type\":\"SearchAction\",\"target\":{\"@type\":\"EntryPoint\",\"urlTemplate\":\"https:\/\/subszone.com\/?s={search_term_string}\"},\"query-input\":{\"@type\":\"PropertyValueSpecification\",\"valueRequired\":true,\"valueName\":\"search_term_string\"}}],\"inLanguage\":\"sv-SE\"},{\"@type\":\"Organization\",\"@id\":\"https:\/\/subszone.com\/#organization\",\"name\":\"SubsZone\",\"url\":\"https:\/\/subszone.com\/\",\"logo\":{\"@type\":\"ImageObject\",\"inLanguage\":\"sv-SE\",\"@id\":\"https:\/\/subszone.com\/#\/schema\/logo\/image\/\",\"url\":\"https:\/\/subszone.com\/wp-content\/uploads\/2024\/10\/logo.png\",\"contentUrl\":\"https:\/\/subszone.com\/wp-content\/uploads\/2024\/10\/logo.png\",\"width\":193,\"height\":50,\"caption\":\"SubsZone\"},\"image\":{\"@id\":\"https:\/\/subszone.com\/#\/schema\/logo\/image\/\"}}]}<\/script>\n<!-- \/ Yoast SEO plugin. -->","yoast_head_json":{"title":"K\u00f6p metanol online - Metanol Industrial till salu | Subszone","description":"Missa inte chansen att k\u00f6pa industriell metanol online fr\u00e5n v\u00e5r butik. Vi handlar uteslutande med metanol till salu till billiga priser. Vi \u00e4r h\u00e4r f\u00f6r att hj\u00e4lpa dig. Best\u00e4ll nu!","robots":{"index":"index","follow":"follow","max-snippet":"max-snippet:-1","max-image-preview":"max-image-preview:large","max-video-preview":"max-video-preview:-1"},"canonical":"https:\/\/subszone.com\/sv\/product\/metanol\/","og_locale":"sv_SE","og_type":"article","og_title":"Buy Methanol Online - Methanol Industrial for Sale | Subszone","og_description":"Do not miss any opportunity to buy industrial methanol online from our store. We are exclusively dealing with methanol for sale at cheap rates. We are here to help you. Order now!","og_url":"https:\/\/subszone.com\/sv\/product\/metanol\/","og_site_name":"SubsZone","article_modified_time":"2025-06-02T12:31:30+00:00","og_image":[{"width":600,"height":600,"url":"https:\/\/subszone.com\/wp-content\/uploads\/2024\/10\/Methanol-2-1.gif","type":"image\/gif"}],"twitter_card":"summary_large_image","twitter_misc":{"Ber\u00e4knad l\u00e4stid":"4 minuter"},"schema":{"@context":"https:\/\/schema.org","@graph":[{"@type":"WebPage","@id":"https:\/\/subszone.com\/product\/methanol\/","url":"https:\/\/subszone.com\/product\/methanol\/","name":"K\u00f6p metanol online - Metanol Industrial till salu | Subszone","isPartOf":{"@id":"https:\/\/subszone.com\/#website"},"primaryImageOfPage":{"@id":"https:\/\/subszone.com\/product\/methanol\/#primaryimage"},"image":{"@id":"https:\/\/subszone.com\/product\/methanol\/#primaryimage"},"thumbnailUrl":"https:\/\/subszone.com\/wp-content\/uploads\/2024\/10\/Methanol-2-1.gif","datePublished":"2024-10-24T06:26:49+00:00","dateModified":"2025-06-02T12:31:30+00:00","description":"Missa inte chansen att k\u00f6pa industriell metanol online fr\u00e5n v\u00e5r butik. Vi handlar uteslutande med metanol till salu till billiga priser. Vi \u00e4r h\u00e4r f\u00f6r att hj\u00e4lpa dig. Best\u00e4ll nu!","breadcrumb":{"@id":"https:\/\/subszone.com\/product\/methanol\/#breadcrumb"},"inLanguage":"sv-SE","potentialAction":[{"@type":"ReadAction","target":["https:\/\/subszone.com\/product\/methanol\/"]}]},{"@type":"ImageObject","inLanguage":"sv-SE","@id":"https:\/\/subszone.com\/product\/methanol\/#primaryimage","url":"https:\/\/subszone.com\/wp-content\/uploads\/2024\/10\/Methanol-2-1.gif","contentUrl":"https:\/\/subszone.com\/wp-content\/uploads\/2024\/10\/Methanol-2-1.gif","width":600,"height":600,"caption":"Buy Methanol Online"},{"@type":"BreadcrumbList","@id":"https:\/\/subszone.com\/product\/methanol\/#breadcrumb","itemListElement":[{"@type":"ListItem","position":1,"name":"Home","item":"https:\/\/subszone.com\/"},{"@type":"ListItem","position":2,"name":"Shop","item":"https:\/\/subszone.com\/shop\/"},{"@type":"ListItem","position":3,"name":"Buy Methanol Online"}]},{"@type":"WebSite","@id":"https:\/\/subszone.com\/#website","url":"https:\/\/subszone.com\/","name":"SubsZone","description":"Min WordPress-blogg","publisher":{"@id":"https:\/\/subszone.com\/#organization"},"potentialAction":[{"@type":"SearchAction","target":{"@type":"EntryPoint","urlTemplate":"https:\/\/subszone.com\/?s={search_term_string}"},"query-input":{"@type":"PropertyValueSpecification","valueRequired":true,"valueName":"search_term_string"}}],"inLanguage":"sv-SE"},{"@type":"Organization","@id":"https:\/\/subszone.com\/#organization","name":"SubsZone","url":"https:\/\/subszone.com\/","logo":{"@type":"ImageObject","inLanguage":"sv-SE","@id":"https:\/\/subszone.com\/#\/schema\/logo\/image\/","url":"https:\/\/subszone.com\/wp-content\/uploads\/2024\/10\/logo.png","contentUrl":"https:\/\/subszone.com\/wp-content\/uploads\/2024\/10\/logo.png","width":193,"height":50,"caption":"SubsZone"},"image":{"@id":"https:\/\/subszone.com\/#\/schema\/logo\/image\/"}}]}},"_links":{"self":[{"href":"https:\/\/subszone.com\/sv\/wp-json\/wp\/v2\/product\/1216","targetHints":{"allow":["GET"]}}],"collection":[{"href":"https:\/\/subszone.com\/sv\/wp-json\/wp\/v2\/product"}],"about":[{"href":"https:\/\/subszone.com\/sv\/wp-json\/wp\/v2\/types\/product"}],"replies":[{"embeddable":true,"href":"https:\/\/subszone.com\/sv\/wp-json\/wp\/v2\/comments?post=1216"}],"wp:featuredmedia":[{"embeddable":true,"href":"https:\/\/subszone.com\/sv\/wp-json\/wp\/v2\/media\/1409"}],"wp:attachment":[{"href":"https:\/\/subszone.com\/sv\/wp-json\/wp\/v2\/media?parent=1216"}],"wp:term":[{"taxonomy":"product_brand","embeddable":true,"href":"https:\/\/subszone.com\/sv\/wp-json\/wp\/v2\/product_brand?post=1216"},{"taxonomy":"product_cat","embeddable":true,"href":"https:\/\/subszone.com\/sv\/wp-json\/wp\/v2\/product_cat?post=1216"},{"taxonomy":"product_tag","embeddable":true,"href":"https:\/\/subszone.com\/sv\/wp-json\/wp\/v2\/product_tag?post=1216"}],"curies":[{"name":"wp","href":"https:\/\/api.w.org\/{rel}","templated":true}]}}