{"id":1218,"date":"2024-10-24T06:26:55","date_gmt":"2024-10-24T06:26:55","guid":{"rendered":"https:\/\/subszone.com\/?post_type=product&#038;p=1218"},"modified":"2025-06-03T05:01:53","modified_gmt":"2025-06-03T05:01:53","slug":"metylamin","status":"publish","type":"product","link":"https:\/\/subszone.com\/sv\/product\/metylamin\/","title":{"rendered":"K\u00f6p metylamin online"},"content":{"rendered":"<h2><b>Online-tillg\u00e4nglighet och reglering av metylamin<\/b><\/h2>\n<p>&nbsp;<\/p>\n<p><span style=\"font-weight: 400;\"><a href=\"https:\/\/en.wikipedia.org\/wiki\/Methylamine\">Metylamin<\/a> \u00e4r en m\u00e5ngsidig kemisk f\u00f6rening med ett brett spektrum av legitima industriella och vetenskapliga till\u00e4mpningar. P\u00e5 grund av dess potentiella anv\u00e4ndning vid olaglig syntes av kontrollerade \u00e4mnen \u00e4r distribution och f\u00f6rs\u00e4ljning dock strikt reglerad i m\u00e5nga jurisdiktioner. I den h\u00e4r artikeln unders\u00f6ks de juridiska, vetenskapliga och allm\u00e4nna s\u00e4kerhetsaspekterna av metylamins tillg\u00e4nglighet online.<\/span><\/p>\n<h3><b>\u00d6versikt \u00f6ver metylamin och dess legitima anv\u00e4ndningsomr\u00e5den<\/b><\/h3>\n<p><span style=\"font-weight: 400;\">Metylamin (CH\u2083NH\u2082) \u00e4r en organisk f\u00f6rening som anv\u00e4nds som mellanprodukt vid framst\u00e4llning av l\u00e4kemedel, bek\u00e4mpningsmedel och l\u00f6sningsmedel. Det \u00e4r viktigt f\u00f6r att syntetisera vissa antibiotika och jordbrukskemikalier och har ocks\u00e5 roller i polymer- och f\u00e4rg\u00e4mnestillverkning.<\/span><\/p>\n<h3><b>Betydelsen av kemikaliereglering<\/b><\/h3>\n<p><span style=\"font-weight: 400;\">F\u00f6r att f\u00f6rhindra felaktig anv\u00e4ndning anv\u00e4nds kemikalier som <a href=\"https:\/\/subszone.com\/sv\/product\/metylamin\/\">metylamin<\/a> \u00f6vervakas av organ som amerikanska DEA, Europeiska kemikaliemyndigheten (ECHA) och liknande organ v\u00e4rlden \u00f6ver. Syftet med dessa regleringar \u00e4r att hitta en balans mellan att m\u00f6jligg\u00f6ra legitim industriell anv\u00e4ndning och att st\u00e4vja olaglig verksamhet.<\/span><\/p>\n<h3><b>Kemiska egenskaper och till\u00e4mpningar<\/b><\/h3>\n<ul>\n<li style=\"font-weight: 400;\" aria-level=\"1\"><b>Kemisk formel:<\/b><span style=\"font-weight: 400;\"> CH\u2083NH\u2082<\/span><span style=\"font-weight: 400;\">\n<p><\/span><\/li>\n<li style=\"font-weight: 400;\" aria-level=\"1\"><b>Fysisk form:<\/b><span style=\"font-weight: 400;\"> F\u00e4rgl\u00f6s gas eller vattenl\u00f6sning<\/span><span style=\"font-weight: 400;\">\n<p><\/span><\/li>\n<li style=\"font-weight: 400;\" aria-level=\"1\"><b>Applikationer:<\/b><span style=\"font-weight: 400;\"> Anv\u00e4nds vid framst\u00e4llning av efedrinbaserade l\u00e4kemedel, hartser, ytaktiva \u00e4mnen och reng\u00f6ringsprodukter.<\/span><span style=\"font-weight: 400;\">\n<p><\/span><\/li>\n<\/ul>\n<h3><b>Industriella och farmaceutiska anv\u00e4ndningsomr\u00e5den<\/b><\/h3>\n<p><span style=\"font-weight: 400;\">Inom l\u00e4kemedelssektorn anv\u00e4nds metylamin f\u00f6r att tillverka antihistaminer och sm\u00e4rtstillande medel. Dess roll inom jordbrukskemi inkluderar produktion av fungicider och herbicider. Dessa anv\u00e4ndningsomr\u00e5den \u00e4r viktiga f\u00f6r folkh\u00e4lsan och den globala livsmedelsproduktionen.<\/span><\/p>\n<h3><b>R\u00e4ttslig status<\/b><\/h3>\n<h4><b>Reglerande ramverk<\/b><\/h4>\n<ul>\n<li style=\"font-weight: 400;\" aria-level=\"1\"><b>F\u00f6renta staterna:<\/b><span style=\"font-weight: 400;\"> Kontrolleras enligt Chemical Diversion and Trafficking Act (CDTA), som verkst\u00e4lls av DEA.<\/span><span style=\"font-weight: 400;\">\n<p><\/span><\/li>\n<li style=\"font-weight: 400;\" aria-level=\"1\"><b>Europeiska unionen:<\/b><span style=\"font-weight: 400;\"> Underkastad restriktioner enligt REACH (registrering, utv\u00e4rdering, godk\u00e4nnande och begr\u00e4nsning av kemikalier).<\/span><span style=\"font-weight: 400;\">\n<p><\/span><\/li>\n<li style=\"font-weight: 400;\" aria-level=\"1\"><b>\u00d6vriga nationer:<\/b><span style=\"font-weight: 400;\"> Varje land har sina egna regleringar och import- och exportkontroller.<\/span><span style=\"font-weight: 400;\">\n<p><\/span><\/li>\n<\/ul>\n<h4><b>Licensiering och begr\u00e4nsningar<\/b><\/h4>\n<p><span style=\"font-weight: 400;\">Enheter m\u00e5ste ans\u00f6ka om l\u00e4mpliga licenser och f\u00f6ra noggranna transaktionsregister. Otill\u00e5ten f\u00f6rs\u00e4ljning eller innehav kan leda till allvarliga r\u00e4ttsliga p\u00e5f\u00f6ljder.<\/span><\/p>\n<h3><b>Analys av onlinemarknadsplats<\/b><\/h3>\n<p><span style=\"font-weight: 400;\">\u00c4ven om metylamin har legitima anv\u00e4ndningsomr\u00e5den har dess tillg\u00e4nglighet p\u00e5 n\u00e4tet uppm\u00e4rksammats av tillsynsorgan. Onlineplattformar (b\u00e5de lagliga och olagliga) har blivit vektorer f\u00f6r distribution av kemikalier som omfattas av restriktioner, vilket har lett till \u00f6kade tillsynsinsatser.<\/span><\/p>\n<h3><b>Utmaningar<\/b><\/h3>\n<h4><b>Fr\u00e5gor om allm\u00e4n s\u00e4kerhet<\/b><\/h4>\n<p><span style=\"font-weight: 400;\">Oreglerad f\u00f6rs\u00e4ljning kan leda till folkh\u00e4lsokriser, s\u00e4rskilt n\u00e4r kemikalier avleds till l\u00e4kemedelstillverkning eller os\u00e4kra milj\u00f6er.<\/span><\/p>\n<h4><b>Fr\u00e5gor om digital verkst\u00e4llighet och detektering<\/b><\/h4>\n<p><span style=\"font-weight: 400;\">Myndigheterna har sv\u00e5rt att kontrollera anonyma eller krypterade transaktioner p\u00e5 n\u00e4tet, s\u00e4rskilt p\u00e5 marknadsplatser p\u00e5 dark web.<\/span><\/p>\n<h3><b>Slutsats<\/b><\/h3>\n<p><span style=\"font-weight: 400;\">Metylamins dubbla anv\u00e4ndningsomr\u00e5den inneb\u00e4r unika utmaningar n\u00e4r det g\u00e4ller reglering. \u00c4ven om det \u00e4r viktigt i m\u00e5nga branscher kr\u00e4ver riskerna f\u00f6r missbruk strikt kontroll och tillsyn. F\u00f6r att hantera dessa utmaningar kr\u00e4vs globalt samarbete, avancerade \u00f6vervakningsverktyg och fortsatt forskning om s\u00e4ker och transparent kemikaliedistribution.<\/span><\/p>","protected":false},"excerpt":{"rendered":"<p><strong>Metylamin<\/strong> \u00e4r en f\u00e4rgl\u00f6s, brandfarlig gas med en stark fisklukt, representerad av den kemiska formeln CH\u2083NH\u2082. Det \u00e4r den enklaste formen av prim\u00e4r amin och anv\u00e4nds ofta i olika industriella och kemiska till\u00e4mpningar.<\/p>\n<ul>\n<li><strong>Kemisk formel<\/strong>: CH\u2083NH\u2082<\/li>\n<li><strong>Molekylvikt<\/strong>: 31,06 g\/mol<\/li>\n<li><strong>Kokpunkt<\/strong>: Cirka 6,7 \u00b0C (44,1 \u00b0F)<\/li>\n<li><strong>T\u00e4thet<\/strong>: 0,786 g\/cm\u00b3 (f\u00f6r gas)<\/li>\n<li><strong>L\u00f6slighet<\/strong>: Mycket l\u00f6slig i vatten och organiska l\u00f6sningsmedel.<\/li>\n<\/ul>","protected":false},"featured_media":1407,"comment_status":"open","ping_status":"closed","template":"","meta":{"_kadence_starter_templates_imported_post":false,"_kad_post_transparent":"default","_kad_post_title":"","_kad_post_layout":"default","_kad_post_sidebar_id":"","_kad_post_content_style":"default","_kad_post_vertical_padding":"default","_kad_post_feature":"","_kad_post_feature_position":"","_kad_post_header":false,"_kad_post_footer":false,"_joinchat":[]},"product_brand":[],"product_cat":[59],"product_tag":[],"class_list":{"0":"post-1218","1":"product","2":"type-product","3":"status-publish","4":"has-post-thumbnail","6":"product_cat-chemical-manufacturing-and-synthesis","8":"first","9":"instock","10":"shipping-taxable","11":"product-type-simple","12":"entry","13":"content-bg","14":"loop-entry"},"yoast_head":"<!-- This site is optimized with the Yoast SEO plugin v25.6 - https:\/\/yoast.com\/wordpress\/plugins\/seo\/ -->\n<title>Buy Methylamine Online - Methylamine for Sale<\/title>\n<meta name=\"description\" content=\"If you want to buy methylamine online, then visit our online store streetchemx. We have high-quality products like methylamine for sale. Place your order now!\" \/>\n<meta name=\"robots\" content=\"index, follow, max-snippet:-1, max-image-preview:large, max-video-preview:-1\" \/>\n<link rel=\"canonical\" href=\"https:\/\/subszone.com\/sv\/product\/metylamin\/\" \/>\n<meta property=\"og:locale\" content=\"sv_SE\" \/>\n<meta property=\"og:type\" content=\"article\" \/>\n<meta property=\"og:title\" content=\"Buy Methylamine Online - Methylamine for Sale\" \/>\n<meta property=\"og:description\" content=\"If you want to buy methylamine online, then visit our online store streetchemx. We have high-quality products like methylamine for sale. Place your order now!\" \/>\n<meta property=\"og:url\" content=\"https:\/\/subszone.com\/sv\/product\/metylamin\/\" \/>\n<meta property=\"og:site_name\" content=\"SubsZone\" \/>\n<meta property=\"article:modified_time\" content=\"2025-06-03T05:01:53+00:00\" \/>\n<meta property=\"og:image\" content=\"https:\/\/subszone.com\/wp-content\/uploads\/2024\/10\/Methylamine-2.gif\" \/>\n\t<meta property=\"og:image:width\" content=\"600\" \/>\n\t<meta property=\"og:image:height\" content=\"600\" \/>\n\t<meta property=\"og:image:type\" content=\"image\/gif\" \/>\n<meta name=\"twitter:card\" content=\"summary_large_image\" \/>\n<meta name=\"twitter:label1\" content=\"Ber\u00e4knad l\u00e4stid\" \/>\n\t<meta name=\"twitter:data1\" content=\"2 minuter\" \/>\n<script type=\"application\/ld+json\" class=\"yoast-schema-graph\">{\"@context\":\"https:\/\/schema.org\",\"@graph\":[{\"@type\":\"WebPage\",\"@id\":\"https:\/\/subszone.com\/product\/methylamine\/\",\"url\":\"https:\/\/subszone.com\/product\/methylamine\/\",\"name\":\"Buy Methylamine Online - Methylamine for Sale\",\"isPartOf\":{\"@id\":\"https:\/\/subszone.com\/#website\"},\"primaryImageOfPage\":{\"@id\":\"https:\/\/subszone.com\/product\/methylamine\/#primaryimage\"},\"image\":{\"@id\":\"https:\/\/subszone.com\/product\/methylamine\/#primaryimage\"},\"thumbnailUrl\":\"https:\/\/subszone.com\/wp-content\/uploads\/2024\/10\/Methylamine-2.gif\",\"datePublished\":\"2024-10-24T06:26:55+00:00\",\"dateModified\":\"2025-06-03T05:01:53+00:00\",\"description\":\"If you want to buy methylamine online, then visit our online store streetchemx. We have high-quality products like methylamine for sale. Place your order now!\",\"breadcrumb\":{\"@id\":\"https:\/\/subszone.com\/product\/methylamine\/#breadcrumb\"},\"inLanguage\":\"sv-SE\",\"potentialAction\":[{\"@type\":\"ReadAction\",\"target\":[\"https:\/\/subszone.com\/product\/methylamine\/\"]}]},{\"@type\":\"ImageObject\",\"inLanguage\":\"sv-SE\",\"@id\":\"https:\/\/subszone.com\/product\/methylamine\/#primaryimage\",\"url\":\"https:\/\/subszone.com\/wp-content\/uploads\/2024\/10\/Methylamine-2.gif\",\"contentUrl\":\"https:\/\/subszone.com\/wp-content\/uploads\/2024\/10\/Methylamine-2.gif\",\"width\":600,\"height\":600,\"caption\":\"Buy Methylamine Online\"},{\"@type\":\"BreadcrumbList\",\"@id\":\"https:\/\/subszone.com\/product\/methylamine\/#breadcrumb\",\"itemListElement\":[{\"@type\":\"ListItem\",\"position\":1,\"name\":\"Home\",\"item\":\"https:\/\/subszone.com\/\"},{\"@type\":\"ListItem\",\"position\":2,\"name\":\"Shop\",\"item\":\"https:\/\/subszone.com\/shop\/\"},{\"@type\":\"ListItem\",\"position\":3,\"name\":\"Buy Methylamine Online\"}]},{\"@type\":\"WebSite\",\"@id\":\"https:\/\/subszone.com\/#website\",\"url\":\"https:\/\/subszone.com\/\",\"name\":\"SubsZone\",\"description\":\"My WordPress Blog\",\"publisher\":{\"@id\":\"https:\/\/subszone.com\/#organization\"},\"potentialAction\":[{\"@type\":\"SearchAction\",\"target\":{\"@type\":\"EntryPoint\",\"urlTemplate\":\"https:\/\/subszone.com\/?s={search_term_string}\"},\"query-input\":{\"@type\":\"PropertyValueSpecification\",\"valueRequired\":true,\"valueName\":\"search_term_string\"}}],\"inLanguage\":\"sv-SE\"},{\"@type\":\"Organization\",\"@id\":\"https:\/\/subszone.com\/#organization\",\"name\":\"SubsZone\",\"url\":\"https:\/\/subszone.com\/\",\"logo\":{\"@type\":\"ImageObject\",\"inLanguage\":\"sv-SE\",\"@id\":\"https:\/\/subszone.com\/#\/schema\/logo\/image\/\",\"url\":\"https:\/\/subszone.com\/wp-content\/uploads\/2024\/10\/logo.png\",\"contentUrl\":\"https:\/\/subszone.com\/wp-content\/uploads\/2024\/10\/logo.png\",\"width\":193,\"height\":50,\"caption\":\"SubsZone\"},\"image\":{\"@id\":\"https:\/\/subszone.com\/#\/schema\/logo\/image\/\"}}]}<\/script>\n<!-- \/ Yoast SEO plugin. -->","yoast_head_json":{"title":"K\u00f6p metylamin online - Metylamin till salu","description":"Om du vill k\u00f6pa metylamin online, bes\u00f6k sedan v\u00e5r onlinebutik streetchemx. Vi har h\u00f6gkvalitativa produkter som metylamin till salu. G\u00f6r din best\u00e4llning nu!","robots":{"index":"index","follow":"follow","max-snippet":"max-snippet:-1","max-image-preview":"max-image-preview:large","max-video-preview":"max-video-preview:-1"},"canonical":"https:\/\/subszone.com\/sv\/product\/metylamin\/","og_locale":"sv_SE","og_type":"article","og_title":"Buy Methylamine Online - Methylamine for Sale","og_description":"If you want to buy methylamine online, then visit our online store streetchemx. We have high-quality products like methylamine for sale. Place your order now!","og_url":"https:\/\/subszone.com\/sv\/product\/metylamin\/","og_site_name":"SubsZone","article_modified_time":"2025-06-03T05:01:53+00:00","og_image":[{"width":600,"height":600,"url":"https:\/\/subszone.com\/wp-content\/uploads\/2024\/10\/Methylamine-2.gif","type":"image\/gif"}],"twitter_card":"summary_large_image","twitter_misc":{"Ber\u00e4knad l\u00e4stid":"2 minuter"},"schema":{"@context":"https:\/\/schema.org","@graph":[{"@type":"WebPage","@id":"https:\/\/subszone.com\/product\/methylamine\/","url":"https:\/\/subszone.com\/product\/methylamine\/","name":"K\u00f6p metylamin online - Metylamin till salu","isPartOf":{"@id":"https:\/\/subszone.com\/#website"},"primaryImageOfPage":{"@id":"https:\/\/subszone.com\/product\/methylamine\/#primaryimage"},"image":{"@id":"https:\/\/subszone.com\/product\/methylamine\/#primaryimage"},"thumbnailUrl":"https:\/\/subszone.com\/wp-content\/uploads\/2024\/10\/Methylamine-2.gif","datePublished":"2024-10-24T06:26:55+00:00","dateModified":"2025-06-03T05:01:53+00:00","description":"Om du vill k\u00f6pa metylamin online, bes\u00f6k sedan v\u00e5r onlinebutik streetchemx. Vi har h\u00f6gkvalitativa produkter som metylamin till salu. G\u00f6r din best\u00e4llning nu!","breadcrumb":{"@id":"https:\/\/subszone.com\/product\/methylamine\/#breadcrumb"},"inLanguage":"sv-SE","potentialAction":[{"@type":"ReadAction","target":["https:\/\/subszone.com\/product\/methylamine\/"]}]},{"@type":"ImageObject","inLanguage":"sv-SE","@id":"https:\/\/subszone.com\/product\/methylamine\/#primaryimage","url":"https:\/\/subszone.com\/wp-content\/uploads\/2024\/10\/Methylamine-2.gif","contentUrl":"https:\/\/subszone.com\/wp-content\/uploads\/2024\/10\/Methylamine-2.gif","width":600,"height":600,"caption":"Buy Methylamine Online"},{"@type":"BreadcrumbList","@id":"https:\/\/subszone.com\/product\/methylamine\/#breadcrumb","itemListElement":[{"@type":"ListItem","position":1,"name":"Home","item":"https:\/\/subszone.com\/"},{"@type":"ListItem","position":2,"name":"Shop","item":"https:\/\/subszone.com\/shop\/"},{"@type":"ListItem","position":3,"name":"Buy Methylamine Online"}]},{"@type":"WebSite","@id":"https:\/\/subszone.com\/#website","url":"https:\/\/subszone.com\/","name":"SubsZone","description":"Min WordPress-blogg","publisher":{"@id":"https:\/\/subszone.com\/#organization"},"potentialAction":[{"@type":"SearchAction","target":{"@type":"EntryPoint","urlTemplate":"https:\/\/subszone.com\/?s={search_term_string}"},"query-input":{"@type":"PropertyValueSpecification","valueRequired":true,"valueName":"search_term_string"}}],"inLanguage":"sv-SE"},{"@type":"Organization","@id":"https:\/\/subszone.com\/#organization","name":"SubsZone","url":"https:\/\/subszone.com\/","logo":{"@type":"ImageObject","inLanguage":"sv-SE","@id":"https:\/\/subszone.com\/#\/schema\/logo\/image\/","url":"https:\/\/subszone.com\/wp-content\/uploads\/2024\/10\/logo.png","contentUrl":"https:\/\/subszone.com\/wp-content\/uploads\/2024\/10\/logo.png","width":193,"height":50,"caption":"SubsZone"},"image":{"@id":"https:\/\/subszone.com\/#\/schema\/logo\/image\/"}}]}},"_links":{"self":[{"href":"https:\/\/subszone.com\/sv\/wp-json\/wp\/v2\/product\/1218","targetHints":{"allow":["GET"]}}],"collection":[{"href":"https:\/\/subszone.com\/sv\/wp-json\/wp\/v2\/product"}],"about":[{"href":"https:\/\/subszone.com\/sv\/wp-json\/wp\/v2\/types\/product"}],"replies":[{"embeddable":true,"href":"https:\/\/subszone.com\/sv\/wp-json\/wp\/v2\/comments?post=1218"}],"wp:featuredmedia":[{"embeddable":true,"href":"https:\/\/subszone.com\/sv\/wp-json\/wp\/v2\/media\/1407"}],"wp:attachment":[{"href":"https:\/\/subszone.com\/sv\/wp-json\/wp\/v2\/media?parent=1218"}],"wp:term":[{"taxonomy":"product_brand","embeddable":true,"href":"https:\/\/subszone.com\/sv\/wp-json\/wp\/v2\/product_brand?post=1218"},{"taxonomy":"product_cat","embeddable":true,"href":"https:\/\/subszone.com\/sv\/wp-json\/wp\/v2\/product_cat?post=1218"},{"taxonomy":"product_tag","embeddable":true,"href":"https:\/\/subszone.com\/sv\/wp-json\/wp\/v2\/product_tag?post=1218"}],"curies":[{"name":"wp","href":"https:\/\/api.w.org\/{rel}","templated":true}]}}