{"id":1220,"date":"2024-10-24T06:27:10","date_gmt":"2024-10-24T06:27:10","guid":{"rendered":"https:\/\/subszone.com\/?post_type=product&#038;p=1220"},"modified":"2025-06-03T05:23:47","modified_gmt":"2025-06-03T05:23:47","slug":"salpetersyra-hog-koncentration","status":"publish","type":"product","link":"https:\/\/subszone.com\/sv\/product\/salpetersyra-hog-koncentration\/","title":{"rendered":"K\u00f6p salpetersyra (h\u00f6gkoncentrerad) online"},"content":{"rendered":"<h2><b>H\u00f6gkoncentrerad salpetersyra - Premium industrikvalitet f\u00f6r precisionstill\u00e4mpningar<\/b><\/h2>\n<p><span style=\"font-weight: 400;\">Letar du efter en p\u00e5litlig k\u00e4lla f\u00f6r att <\/span><a href=\"https:\/\/en.wikipedia.org\/wiki\/Nitric_acid\"><b>k\u00f6pa salpetersyra (h\u00f6g koncentration) online<\/b><\/a><span style=\"font-weight: 400;\">? V\u00e5r salpetersyra med h\u00f6g renhet tillverkas f\u00f6r att uppfylla de str\u00e4ngaste industri- och laboratoriestandarderna, vilket g\u00f6r den till det perfekta valet f\u00f6r yrkesverksamma inom metallurgi, kemisk syntes, halvledarbearbetning och analytisk forskning.<\/span><\/p>\n<h3><b>Produkt\u00f6versikt:<\/b><\/h3>\n<ul>\n<li style=\"font-weight: 400;\" aria-level=\"1\"><b>Koncentration:<\/b><span style=\"font-weight: 400;\"> 68-70% HNO\u2083 (reagens- och industrikvaliteter finns tillg\u00e4ngliga)<\/span><span style=\"font-weight: 400;\">\n<p><\/span><\/li>\n<li style=\"font-weight: 400;\" aria-level=\"1\"><b>F\u00f6rpackning:<\/b><span style=\"font-weight: 400;\"> Certifierade syrafasta beh\u00e5llare (1L, 5L, 25L, bulkfat)<\/span><span style=\"font-weight: 400;\">\n<p><\/span><\/li>\n<li style=\"font-weight: 400;\" aria-level=\"1\"><b>Renhet:<\/b><span style=\"font-weight: 400;\"> Verifierad med analyscertifikat (COA) och s\u00e4kerhetsdatablad (SDS)<\/span><span style=\"font-weight: 400;\">\n<p><\/span><\/li>\n<li style=\"font-weight: 400;\" aria-level=\"1\"><b>Form:<\/b><span style=\"font-weight: 400;\"> Klar, f\u00e4rgl\u00f6s till svagt gul rykande v\u00e4tska<\/span><span style=\"font-weight: 400;\">\n<p><\/span><\/li>\n<\/ul>\n<h3><b>Varf\u00f6r v\u00e4lja v\u00e5r h\u00f6gkoncentrerade salpetersyra?<\/b><\/h3>\n<p><span style=\"font-weight: 400;\">Denna salpetersyral\u00f6sning \u00e4r avsedd f\u00f6r <\/span><b>h\u00f6gprecisionstill\u00e4mpningar<\/b><span style=\"font-weight: 400;\"> d\u00e4r <\/span><b>renhet, konsistens och s\u00e4kerhet<\/b><span style=\"font-weight: 400;\"> \u00e4r kritiska:<\/span><\/p>\n<ul>\n<li style=\"font-weight: 400;\" aria-level=\"1\"><b>Etsning &amp; reng\u00f6ring inom elektroniktillverkning<\/b><b>\n<p><\/b><\/li>\n<li style=\"font-weight: 400;\" aria-level=\"1\"><b>Metallbehandling och ytpassivering inom metallurgi<\/b><b>\n<p><\/b><\/li>\n<li style=\"font-weight: 400;\" aria-level=\"1\"><b>Reagens i laboratorier f\u00f6r nitrering, oxidation och kemisk analys<\/b><b>\n<p><\/b><\/li>\n<li style=\"font-weight: 400;\" aria-level=\"1\"><b>Produktion av g\u00f6dselmedel och syntes av specialkemikalier<\/b><b>\n<p><\/b><\/li>\n<\/ul>\n<p><span style=\"font-weight: 400;\">Varje parti testas f\u00f6r att uppfylla <\/span><b>ISO- och branschspecifika standarder<\/b><span style=\"font-weight: 400;\">vilket s\u00e4kerst\u00e4ller tillf\u00f6rlitlig prestanda i alla applikationer.<\/span><\/p>\n<h3><b>Best\u00e4ll salpetersyra (h\u00f6g koncentration) online med fullst\u00e4ndig \u00f6verensst\u00e4mmelse<\/b><\/h3>\n<p><span style=\"font-weight: 400;\">Vi erbjuder <\/span><a href=\"https:\/\/subszone.com\/sv\/product\/salpetersyra-hog-koncentration\/\"><b>Salpetersyra (h\u00f6g koncentration) till salu<\/b><\/a><span style=\"font-weight: 400;\"> till verifierade kommersiella och forskningsinstitutioner. Som en ansvarsfull leverant\u00f6r prioriterar vi <\/span><b>s\u00e4kerhet, sp\u00e5rbarhet och efterlevnad av lagar och f\u00f6rordningar<\/b><span style=\"font-weight: 400;\"> f\u00f6r alla f\u00f6rs\u00e4ndelser.<\/span><\/p>\n<ul>\n<li style=\"font-weight: 400;\" aria-level=\"1\"><span style=\"font-weight: 400;\">Snabb och s\u00e4ker leverans med korrekta protokoll f\u00f6r kemikalietransport<\/span><span style=\"font-weight: 400;\">\n<p><\/span><\/li>\n<li style=\"font-weight: 400;\" aria-level=\"1\"><span style=\"font-weight: 400;\">Dokumentation ing\u00e5r: SDS, COA och m\u00e4rkning av farligt material<\/span><span style=\"font-weight: 400;\">\n<p><\/span><\/li>\n<li style=\"font-weight: 400;\" aria-level=\"1\"><span style=\"font-weight: 400;\">Teknisk konsultation och riktlinjer f\u00f6r lagring tillg\u00e4ngliga<\/span><span style=\"font-weight: 400;\">\n<p><\/span><\/li>\n<li style=\"font-weight: 400;\" aria-level=\"1\"><span style=\"font-weight: 400;\">Bulkpriser f\u00f6r industriella best\u00e4llningar<\/span><span style=\"font-weight: 400;\">\n<p><\/span><\/li>\n<\/ul>\n<p><span style=\"font-weight: 400;\">Om du s\u00f6ker efter <\/span><b>b\u00e4sta st\u00e4llet att k\u00f6pa salpetersyra (h\u00f6g koncentration)<\/b><span style=\"font-weight: 400;\"> online erbjuder v\u00e5r plattform en s\u00e4ker, kompatibel och effektiv l\u00f6sning som \u00e4r skr\u00e4ddarsydd f\u00f6r reglerade k\u00f6pare.<\/span><\/p>\n<h3><b>Information om h\u00e4lsa, s\u00e4kerhet och regleringar<\/b><\/h3>\n<p><span style=\"font-weight: 400;\">P\u00e5 grund av sin <\/span><b>mycket fr\u00e4tande<\/b><span style=\"font-weight: 400;\"> och <\/span><b>oxiderande natur<\/b><span style=\"font-weight: 400;\">m\u00e5ste salpetersyra hanteras med yttersta f\u00f6rsiktighet. Personlig skyddsutrustning (PPE), korrekt ventilation och godk\u00e4nda f\u00f6rvaringsbeh\u00e5llare kr\u00e4vs. Denna produkt \u00e4r klassificerad enligt <\/span><b>Farliga material<\/b><span style=\"font-weight: 400;\"> och f\u00f6rem\u00e5l f\u00f6r:<\/span><\/p>\n<ul>\n<li style=\"font-weight: 400;\" aria-level=\"1\"><b>OSHA<\/b><span style=\"font-weight: 400;\"> S\u00e4kerhetsf\u00f6reskrifter<\/span><span style=\"font-weight: 400;\">\n<p><\/span><\/li>\n<li style=\"font-weight: 400;\" aria-level=\"1\"><b>EPA<\/b><span style=\"font-weight: 400;\"> milj\u00f6lagstiftning f\u00f6r transporter<\/span><span style=\"font-weight: 400;\">\n<p><\/span><\/li>\n<li style=\"font-weight: 400;\" aria-level=\"1\"><b>REACH<\/b><span style=\"font-weight: 400;\"> och <\/span><b>CLP<\/b><span style=\"font-weight: 400;\"> efterlevnad i EU<\/span><span style=\"font-weight: 400;\">\n<p><\/span><\/li>\n<\/ul>\n<p><span style=\"font-weight: 400;\">Leverans kan endast ske till licensierade eller godk\u00e4nda anl\u00e4ggningar. Vi g\u00f6r <\/span><b>inte<\/b><span style=\"font-weight: 400;\"> s\u00e4lja till obeh\u00f6riga personer eller obekr\u00e4ftade enheter.<\/span><\/p>\n<h3><b>Efterlevnad och etiska ink\u00f6p<\/b><\/h3>\n<p><span style=\"font-weight: 400;\">Vi k\u00f6per salpetersyra uteslutande fr\u00e5n <\/span><b>certifierade kemikalietillverkare<\/b><span style=\"font-weight: 400;\"> med etablerat rykte f\u00f6r kvalitet och s\u00e4kerhet. V\u00e5rt \u00e5tagande att <\/span><b>etiska metoder i leveranskedjan<\/b><span style=\"font-weight: 400;\"> omfattar strikt efterlevnad av lokala och internationella lagar som reglerar f\u00f6rs\u00e4ljning och transport av reglerade \u00e4mnen.<\/span><\/p>\n<h3><b>Letar du efter ett billigt Salpetersyra (h\u00f6g koncentration) pris?<\/b><\/h3>\n<p><span style=\"font-weight: 400;\">Vi erbjuder konkurrenskraftiga priser utan att g\u00f6ra avkall p\u00e5 kvalitet eller efterlevnad. Oavsett om du beh\u00f6ver en liten m\u00e4ngd f\u00f6r laboratoriebruk eller en bulkleverans f\u00f6r produktion i industriell skala, erbjuder vi skr\u00e4ddarsydda priser och logistiskt st\u00f6d.<\/span><\/p>","protected":false},"excerpt":{"rendered":"<p>H\u00f6gkoncentrerad salpetersyra \u00e4r en kraftfull mineralsyra med ett brett spektrum av industriella och laboratoriem\u00e4ssiga till\u00e4mpningar. Denna syra \u00e4r k\u00e4nd f\u00f6r sin fr\u00e4tande natur och f\u00f6rm\u00e5ga att fungera som ett starkt oxidationsmedel och \u00e4r n\u00f6dv\u00e4ndig i olika kemiska processer.<\/p>\n<ul>\n<li><strong>Kemisk formel<\/strong>: <span class=\"katex\"><span class=\"katex-mathml\">HNO3HNO_3<\/span><span class=\"katex-html\" aria-hidden=\"true\"><span class=\"base\"><span class=\"mord mathnormal\">H<\/span><span class=\"mord mathnormal\">N<\/span><span class=\"mord\"><span class=\"mord mathnormal\">O<\/span><span class=\"msupsub\"><span class=\"vlist-t vlist-t2\"><span class=\"vlist-r\"><span class=\"vlist\"><span class=\"sizing reset-size6 size3 mtight\"><span class=\"mord mtight\">3<\/span><\/span><\/span><span class=\"vlist-s\">\u200b<\/span><\/span><\/span><\/span><\/span><\/span><\/span><\/span><\/li>\n<li><strong>Molekyl\u00e4r struktur<\/strong>: Salpetersyra best\u00e5r av en kv\u00e4veatom bunden till tre syreatomer, med en v\u00e4teatom.<\/li>\n<li><strong>Fysiskt tillst\u00e5nd<\/strong>: F\u00e4rgl\u00f6s v\u00e4tska.<\/li>\n<li><strong>Kokpunkt<\/strong>: Cirka 83 \u00b0C (181 \u00b0F) f\u00f6r koncentrerad salpetersyra (cirka 68% koncentration).<\/li>\n<li><strong>T\u00e4thet<\/strong>: Ca 1,51 g\/cm\u00b3 f\u00f6r koncentrerad salpetersyra.<\/li>\n<li><strong>L\u00f6slighet<\/strong>: Mycket l\u00e4ttl\u00f6slig i vatten, med en exoterm reaktion vid blandning.<\/li>\n<\/ul>","protected":false},"featured_media":1341,"comment_status":"open","ping_status":"closed","template":"","meta":{"_kadence_starter_templates_imported_post":false,"_kad_post_transparent":"default","_kad_post_title":"","_kad_post_layout":"default","_kad_post_sidebar_id":"","_kad_post_content_style":"default","_kad_post_vertical_padding":"default","_kad_post_feature":"","_kad_post_feature_position":"","_kad_post_header":false,"_kad_post_footer":false,"_joinchat":[]},"product_brand":[],"product_cat":[82],"product_tag":[840,837,852,841,839,849,843,845,851,847,846,838,848,844,842,855,853,836,854,850],"class_list":{"0":"post-1220","1":"product","2":"type-product","3":"status-publish","4":"has-post-thumbnail","6":"product_cat-explosives-and-pyrotechnics","7":"product_tag-bulk-nitric-acid-supplier","8":"product_tag-buy-nitric-acid","9":"product_tag-commercial-nitric-acid-supply","10":"product_tag-high-purity-nitric-acid","11":"product_tag-industrial-nitric-acid-supply","12":"product_tag-nitric-acid-distributor","13":"product_tag-nitric-acid-for-chemical-manufacturing","14":"product_tag-nitric-acid-for-explosives","15":"product_tag-nitric-acid-for-industrial-applications","16":"product_tag-nitric-acid-for-laboratory-use","17":"product_tag-nitric-acid-for-metal-treatment","18":"product_tag-nitric-acid-for-sale","19":"product_tag-nitric-acid-in-electronics-industry","20":"product_tag-nitric-acid-in-fertilizer-production","21":"product_tag-nitric-acid-price-and-availability","22":"product_tag-nitric-acid-procurement","23":"product_tag-nitric-acid-safety-and-compliance","24":"product_tag-nitric-acid-supplier","25":"product_tag-reliable-nitric-acid-supplier","26":"product_tag-where-to-buy-nitric-acid","28":"first","29":"instock","30":"shipping-taxable","31":"product-type-simple","32":"entry","33":"content-bg","34":"loop-entry"},"yoast_head":"<!-- This site is optimized with the Yoast SEO plugin v25.6 - https:\/\/yoast.com\/wordpress\/plugins\/seo\/ -->\n<title>Buy Nitric Acid (High Concentration) Online - Nitric Acid for Sale<\/title>\n<meta name=\"description\" content=\"Your order for nitric acid high concentration for sale is our responsibility. We will take your order to buy nitric acid high concentration online and reach you in a short period. Place bulk orders now!\" \/>\n<meta name=\"robots\" content=\"index, follow, max-snippet:-1, max-image-preview:large, max-video-preview:-1\" \/>\n<link rel=\"canonical\" href=\"https:\/\/subszone.com\/sv\/product\/salpetersyra-hog-koncentration\/\" \/>\n<meta property=\"og:locale\" content=\"sv_SE\" \/>\n<meta property=\"og:type\" content=\"article\" \/>\n<meta property=\"og:title\" content=\"Buy Nitric Acid (High Concentration) Online - Nitric Acid for Sale\" \/>\n<meta property=\"og:description\" content=\"Your order for nitric acid high concentration for sale is our responsibility. We will take your order to buy nitric acid high concentration online and reach you in a short period. Place bulk orders now!\" \/>\n<meta property=\"og:url\" content=\"https:\/\/subszone.com\/sv\/product\/salpetersyra-hog-koncentration\/\" \/>\n<meta property=\"og:site_name\" content=\"SubsZone\" \/>\n<meta property=\"article:modified_time\" content=\"2025-06-03T05:23:47+00:00\" \/>\n<meta property=\"og:image\" content=\"https:\/\/subszone.com\/wp-content\/uploads\/2024\/10\/Nitric-Acid-High-Concentration.webp\" \/>\n\t<meta property=\"og:image:width\" content=\"1024\" \/>\n\t<meta property=\"og:image:height\" content=\"1024\" \/>\n\t<meta property=\"og:image:type\" content=\"image\/webp\" \/>\n<meta name=\"twitter:card\" content=\"summary_large_image\" \/>\n<meta name=\"twitter:label1\" content=\"Ber\u00e4knad l\u00e4stid\" \/>\n\t<meta name=\"twitter:data1\" content=\"2 minuter\" \/>\n<script type=\"application\/ld+json\" class=\"yoast-schema-graph\">{\"@context\":\"https:\/\/schema.org\",\"@graph\":[{\"@type\":\"WebPage\",\"@id\":\"https:\/\/subszone.com\/product\/nitric-acid-high-concentration\/\",\"url\":\"https:\/\/subszone.com\/product\/nitric-acid-high-concentration\/\",\"name\":\"Buy Nitric Acid (High Concentration) Online - Nitric Acid for Sale\",\"isPartOf\":{\"@id\":\"https:\/\/subszone.com\/#website\"},\"primaryImageOfPage\":{\"@id\":\"https:\/\/subszone.com\/product\/nitric-acid-high-concentration\/#primaryimage\"},\"image\":{\"@id\":\"https:\/\/subszone.com\/product\/nitric-acid-high-concentration\/#primaryimage\"},\"thumbnailUrl\":\"https:\/\/subszone.com\/wp-content\/uploads\/2024\/10\/Nitric-Acid-High-Concentration.webp\",\"datePublished\":\"2024-10-24T06:27:10+00:00\",\"dateModified\":\"2025-06-03T05:23:47+00:00\",\"description\":\"Your order for nitric acid high concentration for sale is our responsibility. We will take your order to buy nitric acid high concentration online and reach you in a short period. Place bulk orders now!\",\"breadcrumb\":{\"@id\":\"https:\/\/subszone.com\/product\/nitric-acid-high-concentration\/#breadcrumb\"},\"inLanguage\":\"sv-SE\",\"potentialAction\":[{\"@type\":\"ReadAction\",\"target\":[\"https:\/\/subszone.com\/product\/nitric-acid-high-concentration\/\"]}]},{\"@type\":\"ImageObject\",\"inLanguage\":\"sv-SE\",\"@id\":\"https:\/\/subszone.com\/product\/nitric-acid-high-concentration\/#primaryimage\",\"url\":\"https:\/\/subszone.com\/wp-content\/uploads\/2024\/10\/Nitric-Acid-High-Concentration.webp\",\"contentUrl\":\"https:\/\/subszone.com\/wp-content\/uploads\/2024\/10\/Nitric-Acid-High-Concentration.webp\",\"width\":1024,\"height\":1024,\"caption\":\"Buy Nitric Acid (High Concentration) Online\"},{\"@type\":\"BreadcrumbList\",\"@id\":\"https:\/\/subszone.com\/product\/nitric-acid-high-concentration\/#breadcrumb\",\"itemListElement\":[{\"@type\":\"ListItem\",\"position\":1,\"name\":\"Home\",\"item\":\"https:\/\/subszone.com\/\"},{\"@type\":\"ListItem\",\"position\":2,\"name\":\"Shop\",\"item\":\"https:\/\/subszone.com\/shop\/\"},{\"@type\":\"ListItem\",\"position\":3,\"name\":\"Buy Nitric Acid (High Concentration) Online\"}]},{\"@type\":\"WebSite\",\"@id\":\"https:\/\/subszone.com\/#website\",\"url\":\"https:\/\/subszone.com\/\",\"name\":\"SubsZone\",\"description\":\"My WordPress Blog\",\"publisher\":{\"@id\":\"https:\/\/subszone.com\/#organization\"},\"potentialAction\":[{\"@type\":\"SearchAction\",\"target\":{\"@type\":\"EntryPoint\",\"urlTemplate\":\"https:\/\/subszone.com\/?s={search_term_string}\"},\"query-input\":{\"@type\":\"PropertyValueSpecification\",\"valueRequired\":true,\"valueName\":\"search_term_string\"}}],\"inLanguage\":\"sv-SE\"},{\"@type\":\"Organization\",\"@id\":\"https:\/\/subszone.com\/#organization\",\"name\":\"SubsZone\",\"url\":\"https:\/\/subszone.com\/\",\"logo\":{\"@type\":\"ImageObject\",\"inLanguage\":\"sv-SE\",\"@id\":\"https:\/\/subszone.com\/#\/schema\/logo\/image\/\",\"url\":\"https:\/\/subszone.com\/wp-content\/uploads\/2024\/10\/logo.png\",\"contentUrl\":\"https:\/\/subszone.com\/wp-content\/uploads\/2024\/10\/logo.png\",\"width\":193,\"height\":50,\"caption\":\"SubsZone\"},\"image\":{\"@id\":\"https:\/\/subszone.com\/#\/schema\/logo\/image\/\"}}]}<\/script>\n<!-- \/ Yoast SEO plugin. -->","yoast_head_json":{"title":"K\u00f6p salpetersyra (h\u00f6gkoncentrerad) online - Salpetersyra till salu","description":"Din best\u00e4llning av salpetersyra h\u00f6g koncentration till salu \u00e4r v\u00e5rt ansvar. Vi tar din best\u00e4llning f\u00f6r att k\u00f6pa salpetersyra h\u00f6g koncentration online och n\u00e5r dig p\u00e5 kort tid. G\u00f6r bulkbest\u00e4llningar nu!","robots":{"index":"index","follow":"follow","max-snippet":"max-snippet:-1","max-image-preview":"max-image-preview:large","max-video-preview":"max-video-preview:-1"},"canonical":"https:\/\/subszone.com\/sv\/product\/salpetersyra-hog-koncentration\/","og_locale":"sv_SE","og_type":"article","og_title":"Buy Nitric Acid (High Concentration) Online - Nitric Acid for Sale","og_description":"Your order for nitric acid high concentration for sale is our responsibility. We will take your order to buy nitric acid high concentration online and reach you in a short period. Place bulk orders now!","og_url":"https:\/\/subszone.com\/sv\/product\/salpetersyra-hog-koncentration\/","og_site_name":"SubsZone","article_modified_time":"2025-06-03T05:23:47+00:00","og_image":[{"width":1024,"height":1024,"url":"https:\/\/subszone.com\/wp-content\/uploads\/2024\/10\/Nitric-Acid-High-Concentration.webp","type":"image\/webp"}],"twitter_card":"summary_large_image","twitter_misc":{"Ber\u00e4knad l\u00e4stid":"2 minuter"},"schema":{"@context":"https:\/\/schema.org","@graph":[{"@type":"WebPage","@id":"https:\/\/subszone.com\/product\/nitric-acid-high-concentration\/","url":"https:\/\/subszone.com\/product\/nitric-acid-high-concentration\/","name":"K\u00f6p salpetersyra (h\u00f6gkoncentrerad) online - Salpetersyra till salu","isPartOf":{"@id":"https:\/\/subszone.com\/#website"},"primaryImageOfPage":{"@id":"https:\/\/subszone.com\/product\/nitric-acid-high-concentration\/#primaryimage"},"image":{"@id":"https:\/\/subszone.com\/product\/nitric-acid-high-concentration\/#primaryimage"},"thumbnailUrl":"https:\/\/subszone.com\/wp-content\/uploads\/2024\/10\/Nitric-Acid-High-Concentration.webp","datePublished":"2024-10-24T06:27:10+00:00","dateModified":"2025-06-03T05:23:47+00:00","description":"Din best\u00e4llning av salpetersyra h\u00f6g koncentration till salu \u00e4r v\u00e5rt ansvar. Vi tar din best\u00e4llning f\u00f6r att k\u00f6pa salpetersyra h\u00f6g koncentration online och n\u00e5r dig p\u00e5 kort tid. G\u00f6r bulkbest\u00e4llningar nu!","breadcrumb":{"@id":"https:\/\/subszone.com\/product\/nitric-acid-high-concentration\/#breadcrumb"},"inLanguage":"sv-SE","potentialAction":[{"@type":"ReadAction","target":["https:\/\/subszone.com\/product\/nitric-acid-high-concentration\/"]}]},{"@type":"ImageObject","inLanguage":"sv-SE","@id":"https:\/\/subszone.com\/product\/nitric-acid-high-concentration\/#primaryimage","url":"https:\/\/subszone.com\/wp-content\/uploads\/2024\/10\/Nitric-Acid-High-Concentration.webp","contentUrl":"https:\/\/subszone.com\/wp-content\/uploads\/2024\/10\/Nitric-Acid-High-Concentration.webp","width":1024,"height":1024,"caption":"Buy Nitric Acid (High Concentration) Online"},{"@type":"BreadcrumbList","@id":"https:\/\/subszone.com\/product\/nitric-acid-high-concentration\/#breadcrumb","itemListElement":[{"@type":"ListItem","position":1,"name":"Home","item":"https:\/\/subszone.com\/"},{"@type":"ListItem","position":2,"name":"Shop","item":"https:\/\/subszone.com\/shop\/"},{"@type":"ListItem","position":3,"name":"Buy Nitric Acid (High Concentration) Online"}]},{"@type":"WebSite","@id":"https:\/\/subszone.com\/#website","url":"https:\/\/subszone.com\/","name":"SubsZone","description":"Min WordPress-blogg","publisher":{"@id":"https:\/\/subszone.com\/#organization"},"potentialAction":[{"@type":"SearchAction","target":{"@type":"EntryPoint","urlTemplate":"https:\/\/subszone.com\/?s={search_term_string}"},"query-input":{"@type":"PropertyValueSpecification","valueRequired":true,"valueName":"search_term_string"}}],"inLanguage":"sv-SE"},{"@type":"Organization","@id":"https:\/\/subszone.com\/#organization","name":"SubsZone","url":"https:\/\/subszone.com\/","logo":{"@type":"ImageObject","inLanguage":"sv-SE","@id":"https:\/\/subszone.com\/#\/schema\/logo\/image\/","url":"https:\/\/subszone.com\/wp-content\/uploads\/2024\/10\/logo.png","contentUrl":"https:\/\/subszone.com\/wp-content\/uploads\/2024\/10\/logo.png","width":193,"height":50,"caption":"SubsZone"},"image":{"@id":"https:\/\/subszone.com\/#\/schema\/logo\/image\/"}}]}},"_links":{"self":[{"href":"https:\/\/subszone.com\/sv\/wp-json\/wp\/v2\/product\/1220","targetHints":{"allow":["GET"]}}],"collection":[{"href":"https:\/\/subszone.com\/sv\/wp-json\/wp\/v2\/product"}],"about":[{"href":"https:\/\/subszone.com\/sv\/wp-json\/wp\/v2\/types\/product"}],"replies":[{"embeddable":true,"href":"https:\/\/subszone.com\/sv\/wp-json\/wp\/v2\/comments?post=1220"}],"wp:featuredmedia":[{"embeddable":true,"href":"https:\/\/subszone.com\/sv\/wp-json\/wp\/v2\/media\/1341"}],"wp:attachment":[{"href":"https:\/\/subszone.com\/sv\/wp-json\/wp\/v2\/media?parent=1220"}],"wp:term":[{"taxonomy":"product_brand","embeddable":true,"href":"https:\/\/subszone.com\/sv\/wp-json\/wp\/v2\/product_brand?post=1220"},{"taxonomy":"product_cat","embeddable":true,"href":"https:\/\/subszone.com\/sv\/wp-json\/wp\/v2\/product_cat?post=1220"},{"taxonomy":"product_tag","embeddable":true,"href":"https:\/\/subszone.com\/sv\/wp-json\/wp\/v2\/product_tag?post=1220"}],"curies":[{"name":"wp","href":"https:\/\/api.w.org\/{rel}","templated":true}]}}