{"id":1229,"date":"2024-10-24T06:45:10","date_gmt":"2024-10-24T06:45:10","guid":{"rendered":"https:\/\/subszone.com\/?post_type=product&#038;p=1229"},"modified":"2025-06-03T05:42:05","modified_gmt":"2025-06-03T05:42:05","slug":"palladiumklorid","status":"publish","type":"product","link":"https:\/\/subszone.com\/sv\/product\/palladiumklorid\/","title":{"rendered":"K\u00f6p palladiumklorid online"},"content":{"rendered":"<h2><b>Var man kan k\u00f6pa palladiumklorid online - Vad du ska veta innan du best\u00e4ller<\/b><\/h2>\n<p><span style=\"font-weight: 400;\">Palladiumklorid (PdCl\u2082) \u00e4r en h\u00f6gkvalitativ f\u00f6rening som anv\u00e4nds i stor utstr\u00e4ckning i <\/span><b>organisk syntes<\/b><span style=\"font-weight: 400;\">, <\/span><b>katalys<\/b><span style=\"font-weight: 400;\">, och <\/span><b>tillverkning av elektroniska komponenter<\/b><span style=\"font-weight: 400;\">. N\u00e4r efterfr\u00e5gan \u00f6kar i olika branscher \u00e4r det sv\u00e5rt att hitta en <\/span><b>p\u00e5litlig k\u00e4lla till <a href=\"https:\/\/subszone.com\/sv\/product\/palladiumklorid\/\">k\u00f6pa Palladiumklorid online<\/a><\/b><span style=\"font-weight: 400;\"> blir avg\u00f6rande - inte bara f\u00f6r kvaliteten utan ocks\u00e5 f\u00f6r efterlevnad av regelverk och s\u00e4ker hantering.<\/span><\/p>\n<h3><b>D\u00e4rf\u00f6r \u00e4r efterfr\u00e5gan p\u00e5 palladiumklorid h\u00f6g<\/b><\/h3>\n<p><span style=\"font-weight: 400;\">Palladiumklorid \u00e4r uppskattad f\u00f6r sin <\/span><b>katalytisk aktivitet i korskopplingsreaktioner<\/b><span style=\"font-weight: 400;\"> som Suzuki, Heck och Stille, vilket g\u00f6r den oumb\u00e4rlig i <\/span><b>gr\u00f6n kemi och farmaceutisk forskning<\/b><span style=\"font-weight: 400;\">. Dess <\/span><b>h\u00f6g reaktivitet, renhet och m\u00e5ngsidighet<\/b><span style=\"font-weight: 400;\"> g\u00f6r den idealisk b\u00e5de f\u00f6r syntes i laboratorieskala och f\u00f6r till\u00e4mpningar i industriell skala. P\u00e5 grund av dess <\/span><b>\u00e4delmetallbas<\/b><span style=\"font-weight: 400;\">har PdCl\u2082 ocks\u00e5 ett v\u00e4rde i <\/span><b>elektronik- och nanotekniksektorerna<\/b><span style=\"font-weight: 400;\">d\u00e4r man inte kan kompromissa med kvaliteten.<\/span><\/p>\n<h3><b>Utmaningar inom ink\u00f6p<\/b><\/h3>\n<p><span style=\"font-weight: 400;\">Trots sin anv\u00e4ndbarhet inneb\u00e4r det utmaningar att k\u00f6pa Palladiumklorid online:<\/span><\/p>\n<ul>\n<li style=\"font-weight: 400;\" aria-level=\"1\"><b>Fluktuerande priser p\u00e5 palladium<\/b><span style=\"font-weight: 400;\"> drivs av efterfr\u00e5gan p\u00e5 den globala marknaden<\/span><span style=\"font-weight: 400;\">\n<p><\/span><\/li>\n<li style=\"font-weight: 400;\" aria-level=\"1\"><span style=\"font-weight: 400;\">Risk f\u00f6r <\/span><b>overifierade produkter eller produkter med l\u00e5g renhetsgrad<\/b><b>\n<p><\/b><\/li>\n<li style=\"font-weight: 400;\" aria-level=\"1\"><b>Transportbest\u00e4mmelser och importrestriktioner<\/b><span style=\"font-weight: 400;\"> f\u00f6r farliga material<\/span><span style=\"font-weight: 400;\">\n<p><\/span><\/li>\n<\/ul>\n<p><span style=\"font-weight: 400;\">F\u00f6r att \u00f6vervinna dessa hinder kr\u00e4vs att man k\u00f6per fr\u00e5n leverant\u00f6rer som \u00e4r <\/span><b>tillf\u00f6rlitlig, kompatibel och transparent<\/b><span style=\"font-weight: 400;\">.<\/span><\/p>\n<h3><b>Checklista f\u00f6r att hitta en p\u00e5litlig leverant\u00f6r<\/b><\/h3>\n<p><span style=\"font-weight: 400;\">Innan du l\u00e4gger en order ska du se till att leverant\u00f6ren uppfyller f\u00f6ljande standarder:<\/span><\/p>\n<ul>\n<li style=\"font-weight: 400;\" aria-level=\"1\"><b>COA (certifikat f\u00f6r analys)<\/b><span style=\"font-weight: 400;\"> bekr\u00e4ftelse av renhet och sammans\u00e4ttning<\/span><span style=\"font-weight: 400;\">\n<p><\/span><\/li>\n<li style=\"font-weight: 400;\" aria-level=\"1\"><b>MSDS (s\u00e4kerhetsdatablad f\u00f6r material)<\/b><span style=\"font-weight: 400;\"> detaljerade riktlinjer f\u00f6r s\u00e4kerhet och hantering<\/span><span style=\"font-weight: 400;\">\n<p><\/span><\/li>\n<li style=\"font-weight: 400;\" aria-level=\"1\"><b>Lyh\u00f6rd teknisk support<\/b><span style=\"font-weight: 400;\"> f\u00f6r professionella f\u00f6rfr\u00e5gningar<\/span><span style=\"font-weight: 400;\">\n<p><\/span><\/li>\n<li style=\"font-weight: 400;\" aria-level=\"1\"><b>Tydlig priss\u00e4ttning<\/b><span style=\"font-weight: 400;\"> och skalbara kvantitetsalternativ (1 g till bulk)<\/span><span style=\"font-weight: 400;\">\n<p><\/span><\/li>\n<li style=\"font-weight: 400;\" aria-level=\"1\"><b>S\u00e4ker utcheckning och flera betalningsmetoder<\/b><span style=\"font-weight: 400;\"> (inklusive kryptovaluta eller f\u00f6retagsfakturering)<\/span><span style=\"font-weight: 400;\">\n<p><\/span><\/li>\n<li style=\"font-weight: 400;\" aria-level=\"1\"><b>HAZMAT-kompatibel frakt<\/b><span style=\"font-weight: 400;\"> och sp\u00e5rning f\u00f6r laglig leverans<\/span><span style=\"font-weight: 400;\">\n<p><\/span><\/li>\n<\/ul>\n<p><span style=\"font-weight: 400;\">Att v\u00e4lja den <\/span><b>b\u00e4sta st\u00e4llet att k\u00f6pa Palladium Chloride p\u00e5<\/b><span style=\"font-weight: 400;\"> handlar ofta om f\u00f6rtroende, dokumentation och bepr\u00f6vad kundsupport.<\/span><\/p>\n<h3><b>J\u00e4mf\u00f6r priser utan att offra kvalitet<\/b><\/h3>\n<p><span style=\"font-weight: 400;\">Att hitta en <\/span><b>billig <a href=\"https:\/\/en.wikipedia.org\/wiki\/Palladium(II)_chloride\">Palladiumklorid<\/a> pris<\/b><span style=\"font-weight: 400;\"> \u00e4r m\u00f6jligt - men aldrig p\u00e5 bekostnad av kvaliteten. L\u00e5gkvalitativ PdCl\u2082 kan \u00e4ventyra dina experiment eller produktionsutbyten. Leta efter leverant\u00f6rer som erbjuder:<\/span><\/p>\n<ul>\n<li style=\"font-weight: 400;\" aria-level=\"1\"><b>Rabatter p\u00e5 stora partier<\/b><span style=\"font-weight: 400;\"> f\u00f6r forskningslaboratorier eller industriella k\u00f6pare<\/span><span style=\"font-weight: 400;\">\n<p><\/span><\/li>\n<li style=\"font-weight: 400;\" aria-level=\"1\"><b>Prenumerationsmodeller<\/b><span style=\"font-weight: 400;\"> eller \u00e5terkommande orderf\u00f6rm\u00e5ner<\/span><span style=\"font-weight: 400;\">\n<p><\/span><\/li>\n<li style=\"font-weight: 400;\" aria-level=\"1\"><span style=\"font-weight: 400;\">Transparenta fraktpriser och ledtider<\/span><span style=\"font-weight: 400;\">\n<p><\/span><\/li>\n<\/ul>\n<p><span style=\"font-weight: 400;\">V\u00e4lrenommerade leverant\u00f6rer ger konkurrenskraftiga priser <\/span><b>utan att ta genv\u00e4gar n\u00e4r det g\u00e4ller s\u00e4kerhet, certifiering eller kvalitetskontroll<\/b><span style=\"font-weight: 400;\">.<\/span><\/p>\n<h3><b>B\u00e4sta praxis f\u00f6r f\u00f6rvaring och anv\u00e4ndning<\/b><\/h3>\n<p><span style=\"font-weight: 400;\">N\u00e4r du best\u00e4ller Palladium Chloride online \u00e4r korrekt hantering avg\u00f6rande:<\/span><\/p>\n<ul>\n<li style=\"font-weight: 400;\" aria-level=\"1\"><b>F\u00f6rvaras p\u00e5 en sval och torr plats<\/b><span style=\"font-weight: 400;\">, skyddas fr\u00e5n fukt och reaktiva material<\/span><span style=\"font-weight: 400;\">\n<p><\/span><\/li>\n<li style=\"font-weight: 400;\" aria-level=\"1\"><span style=\"font-weight: 400;\">Anv\u00e4ndning <\/span><b>Personlig skyddsutrustning (handskar, skyddsglas\u00f6gon, labbrock)<\/b><span style=\"font-weight: 400;\"> under hantering<\/span><span style=\"font-weight: 400;\">\n<p><\/span><\/li>\n<li style=\"font-weight: 400;\" aria-level=\"1\"><span style=\"font-weight: 400;\">F\u00f6lj <\/span><b>lokala f\u00f6reskrifter f\u00f6r avfallshantering<\/b><span style=\"font-weight: 400;\"> och avfallshantering<\/span><span style=\"font-weight: 400;\">\n<p><\/span><\/li>\n<li style=\"font-weight: 400;\" aria-level=\"1\"><span style=\"font-weight: 400;\">H\u00e5ll s\u00e4kerhetsdatabladet tillg\u00e4ngligt f\u00f6r beredskapsplanering och labbrevisioner<\/span><span style=\"font-weight: 400;\">\n<p><\/span><\/li>\n<\/ul>\n<p><span style=\"font-weight: 400;\">Genom att f\u00f6lja dessa riktlinjer s\u00e4kerst\u00e4ller du s\u00e4kerhet och efterlevnad samtidigt som du bibeh\u00e5ller f\u00f6reningens integritet.<\/span><\/p>\n<h3><b>Slutliga tankar<\/b><\/h3>\n<p><span style=\"font-weight: 400;\">N\u00e4r du s\u00f6ker efter <\/span><b>Palladiumklorid till salu<\/b><span style=\"font-weight: 400;\">fokuserar p\u00e5 kvalitet, certifiering och leverant\u00f6rens tillf\u00f6rlitlighet - inte bara p\u00e5 priset. De <\/span><b>b\u00e4sta st\u00e4llet att k\u00f6pa Palladium Chloride p\u00e5 n\u00e4tet<\/b><span style=\"font-weight: 400;\"> \u00e4r en certifierad leverant\u00f6r som prioriterar s\u00e4kerhet, renhet och snabb support.<\/span><\/p>\n<p><span style=\"font-weight: 400;\">K\u00f6p alltid fr\u00e5n en k\u00e4lla som erbjuder fullst\u00e4ndig dokumentation, <\/span><b>s\u00e4ker internationell frakt<\/b><span style=\"font-weight: 400;\">och kunskap om regelverk. P\u00e5 s\u00e5 s\u00e4tt s\u00e4kerst\u00e4ller vi att din forskning eller industriella till\u00e4mpning fungerar smidigt och s\u00e4kert.<\/span><\/p>","protected":false},"excerpt":{"rendered":"<p><strong>Palladiumklorid<\/strong> (PdCl\u2082) \u00e4r en m\u00e5ngsidig och v\u00e4rdefull f\u00f6rening inom kemi, s\u00e4rskilt inom katalys och organisk syntes. Palladiumklorid \u00e4r k\u00e4nd f\u00f6r sina katalytiska egenskaper och f\u00f6rm\u00e5ga att underl\u00e4tta olika kemiska reaktioner och spelar en avg\u00f6rande roll i flera industri- och laboratorieprocesser. Denna artikel kommer att f\u00f6rdjupa sig i dess anv\u00e4ndningsomr\u00e5den, egenskaper och s\u00e4kerhets\u00f6verv\u00e4ganden.<\/p>\n<p><strong>Synonym(er): Palladium(II)klorid (59% Pd)<\/strong><br \/>\n<strong>Empirisk formel (Hill-notation): Cl2Pd<\/strong><br \/>\n<strong>CAS-nr:7647-10-1<\/strong><br \/>\n<strong>Molekylvikt: 177,33<\/strong><br \/>\n<strong>EG-nr:231-596-2<\/strong><\/p>","protected":false},"featured_media":1402,"comment_status":"open","ping_status":"closed","template":"","meta":{"_kadence_starter_templates_imported_post":false,"_kad_post_transparent":"default","_kad_post_title":"","_kad_post_layout":"default","_kad_post_sidebar_id":"","_kad_post_content_style":"default","_kad_post_vertical_padding":"default","_kad_post_feature":"","_kad_post_feature_position":"","_kad_post_header":false,"_kad_post_footer":false,"_joinchat":[]},"product_brand":[],"product_cat":[150],"product_tag":[343,344,345,346,347,348,349,350,351,352],"class_list":{"0":"post-1229","1":"product","2":"type-product","3":"status-publish","4":"has-post-thumbnail","6":"product_cat-specialty-chemicals","7":"product_tag-bulk-palladium-chloride","8":"product_tag-buy-palladium-chloride","9":"product_tag-commercial-palladium-catalyst","10":"product_tag-high-purity-palladium-chloride","11":"product_tag-industrial-grade-palladium-chloride","12":"product_tag-palladium-chloride-cas-7647-10-1","13":"product_tag-palladium-chloride-exporter","14":"product_tag-palladium-chloride-pricing","15":"product_tag-palladium-chloride-supplier","16":"product_tag-wholesale-palladium-chloride","18":"first","19":"instock","20":"shipping-taxable","21":"product-type-simple","22":"entry","23":"content-bg","24":"loop-entry"},"yoast_head":"<!-- This site is optimized with the Yoast SEO plugin v25.6 - https:\/\/yoast.com\/wordpress\/plugins\/seo\/ -->\n<title>Buy Palladium Chloride in Bulk Online - Palladium Chloride for Sale<\/title>\n<meta name=\"description\" content=\"You can get in touch with our online store and buy palladium chloride in bulk online. We have palladium chloride for sale at cheap prices. Get yours at your place right away!\" \/>\n<meta name=\"robots\" content=\"index, follow, max-snippet:-1, max-image-preview:large, max-video-preview:-1\" \/>\n<link rel=\"canonical\" href=\"https:\/\/subszone.com\/sv\/product\/palladiumklorid\/\" \/>\n<meta property=\"og:locale\" content=\"sv_SE\" \/>\n<meta property=\"og:type\" content=\"article\" \/>\n<meta property=\"og:title\" content=\"Buy Palladium Chloride in Bulk Online - Palladium Chloride for Sale\" \/>\n<meta property=\"og:description\" content=\"You can get in touch with our online store and buy palladium chloride in bulk online. We have palladium chloride for sale at cheap prices. Get yours at your place right away!\" \/>\n<meta property=\"og:url\" content=\"https:\/\/subszone.com\/sv\/product\/palladiumklorid\/\" \/>\n<meta property=\"og:site_name\" content=\"SubsZone\" \/>\n<meta property=\"article:modified_time\" content=\"2025-06-03T05:42:05+00:00\" \/>\n<meta property=\"og:image\" content=\"https:\/\/subszone.com\/wp-content\/uploads\/2024\/10\/Palladium-Chloride-2-1.gif\" \/>\n\t<meta property=\"og:image:width\" content=\"600\" \/>\n\t<meta property=\"og:image:height\" content=\"600\" \/>\n\t<meta property=\"og:image:type\" content=\"image\/gif\" \/>\n<meta name=\"twitter:card\" content=\"summary_large_image\" \/>\n<meta name=\"twitter:label1\" content=\"Ber\u00e4knad l\u00e4stid\" \/>\n\t<meta name=\"twitter:data1\" content=\"3 minuter\" \/>\n<script type=\"application\/ld+json\" class=\"yoast-schema-graph\">{\"@context\":\"https:\/\/schema.org\",\"@graph\":[{\"@type\":\"WebPage\",\"@id\":\"https:\/\/subszone.com\/product\/palladium-chloride\/\",\"url\":\"https:\/\/subszone.com\/product\/palladium-chloride\/\",\"name\":\"Buy Palladium Chloride in Bulk Online - Palladium Chloride for Sale\",\"isPartOf\":{\"@id\":\"https:\/\/subszone.com\/#website\"},\"primaryImageOfPage\":{\"@id\":\"https:\/\/subszone.com\/product\/palladium-chloride\/#primaryimage\"},\"image\":{\"@id\":\"https:\/\/subszone.com\/product\/palladium-chloride\/#primaryimage\"},\"thumbnailUrl\":\"https:\/\/subszone.com\/wp-content\/uploads\/2024\/10\/Palladium-Chloride-2-1.gif\",\"datePublished\":\"2024-10-24T06:45:10+00:00\",\"dateModified\":\"2025-06-03T05:42:05+00:00\",\"description\":\"You can get in touch with our online store and buy palladium chloride in bulk online. We have palladium chloride for sale at cheap prices. Get yours at your place right away!\",\"breadcrumb\":{\"@id\":\"https:\/\/subszone.com\/product\/palladium-chloride\/#breadcrumb\"},\"inLanguage\":\"sv-SE\",\"potentialAction\":[{\"@type\":\"ReadAction\",\"target\":[\"https:\/\/subszone.com\/product\/palladium-chloride\/\"]}]},{\"@type\":\"ImageObject\",\"inLanguage\":\"sv-SE\",\"@id\":\"https:\/\/subszone.com\/product\/palladium-chloride\/#primaryimage\",\"url\":\"https:\/\/subszone.com\/wp-content\/uploads\/2024\/10\/Palladium-Chloride-2-1.gif\",\"contentUrl\":\"https:\/\/subszone.com\/wp-content\/uploads\/2024\/10\/Palladium-Chloride-2-1.gif\",\"width\":600,\"height\":600,\"caption\":\"Buy Palladium Chloride in Bulk Online\"},{\"@type\":\"BreadcrumbList\",\"@id\":\"https:\/\/subszone.com\/product\/palladium-chloride\/#breadcrumb\",\"itemListElement\":[{\"@type\":\"ListItem\",\"position\":1,\"name\":\"Home\",\"item\":\"https:\/\/subszone.com\/\"},{\"@type\":\"ListItem\",\"position\":2,\"name\":\"Shop\",\"item\":\"https:\/\/subszone.com\/shop\/\"},{\"@type\":\"ListItem\",\"position\":3,\"name\":\"Buy Palladium Chloride Online\"}]},{\"@type\":\"WebSite\",\"@id\":\"https:\/\/subszone.com\/#website\",\"url\":\"https:\/\/subszone.com\/\",\"name\":\"SubsZone\",\"description\":\"My WordPress Blog\",\"publisher\":{\"@id\":\"https:\/\/subszone.com\/#organization\"},\"potentialAction\":[{\"@type\":\"SearchAction\",\"target\":{\"@type\":\"EntryPoint\",\"urlTemplate\":\"https:\/\/subszone.com\/?s={search_term_string}\"},\"query-input\":{\"@type\":\"PropertyValueSpecification\",\"valueRequired\":true,\"valueName\":\"search_term_string\"}}],\"inLanguage\":\"sv-SE\"},{\"@type\":\"Organization\",\"@id\":\"https:\/\/subszone.com\/#organization\",\"name\":\"SubsZone\",\"url\":\"https:\/\/subszone.com\/\",\"logo\":{\"@type\":\"ImageObject\",\"inLanguage\":\"sv-SE\",\"@id\":\"https:\/\/subszone.com\/#\/schema\/logo\/image\/\",\"url\":\"https:\/\/subszone.com\/wp-content\/uploads\/2024\/10\/logo.png\",\"contentUrl\":\"https:\/\/subszone.com\/wp-content\/uploads\/2024\/10\/logo.png\",\"width\":193,\"height\":50,\"caption\":\"SubsZone\"},\"image\":{\"@id\":\"https:\/\/subszone.com\/#\/schema\/logo\/image\/\"}}]}<\/script>\n<!-- \/ Yoast SEO plugin. -->","yoast_head_json":{"title":"K\u00f6p palladiumklorid i bulk online - Palladiumklorid till salu","description":"Du kan komma i kontakt med v\u00e5r onlinebutik och k\u00f6pa palladiumklorid i bulk online. Vi har palladiumklorid till salu till billiga priser. F\u00e5 din p\u00e5 din plats direkt!","robots":{"index":"index","follow":"follow","max-snippet":"max-snippet:-1","max-image-preview":"max-image-preview:large","max-video-preview":"max-video-preview:-1"},"canonical":"https:\/\/subszone.com\/sv\/product\/palladiumklorid\/","og_locale":"sv_SE","og_type":"article","og_title":"Buy Palladium Chloride in Bulk Online - Palladium Chloride for Sale","og_description":"You can get in touch with our online store and buy palladium chloride in bulk online. We have palladium chloride for sale at cheap prices. Get yours at your place right away!","og_url":"https:\/\/subszone.com\/sv\/product\/palladiumklorid\/","og_site_name":"SubsZone","article_modified_time":"2025-06-03T05:42:05+00:00","og_image":[{"width":600,"height":600,"url":"https:\/\/subszone.com\/wp-content\/uploads\/2024\/10\/Palladium-Chloride-2-1.gif","type":"image\/gif"}],"twitter_card":"summary_large_image","twitter_misc":{"Ber\u00e4knad l\u00e4stid":"3 minuter"},"schema":{"@context":"https:\/\/schema.org","@graph":[{"@type":"WebPage","@id":"https:\/\/subszone.com\/product\/palladium-chloride\/","url":"https:\/\/subszone.com\/product\/palladium-chloride\/","name":"K\u00f6p palladiumklorid i bulk online - Palladiumklorid till salu","isPartOf":{"@id":"https:\/\/subszone.com\/#website"},"primaryImageOfPage":{"@id":"https:\/\/subszone.com\/product\/palladium-chloride\/#primaryimage"},"image":{"@id":"https:\/\/subszone.com\/product\/palladium-chloride\/#primaryimage"},"thumbnailUrl":"https:\/\/subszone.com\/wp-content\/uploads\/2024\/10\/Palladium-Chloride-2-1.gif","datePublished":"2024-10-24T06:45:10+00:00","dateModified":"2025-06-03T05:42:05+00:00","description":"Du kan komma i kontakt med v\u00e5r onlinebutik och k\u00f6pa palladiumklorid i bulk online. Vi har palladiumklorid till salu till billiga priser. F\u00e5 din p\u00e5 din plats direkt!","breadcrumb":{"@id":"https:\/\/subszone.com\/product\/palladium-chloride\/#breadcrumb"},"inLanguage":"sv-SE","potentialAction":[{"@type":"ReadAction","target":["https:\/\/subszone.com\/product\/palladium-chloride\/"]}]},{"@type":"ImageObject","inLanguage":"sv-SE","@id":"https:\/\/subszone.com\/product\/palladium-chloride\/#primaryimage","url":"https:\/\/subszone.com\/wp-content\/uploads\/2024\/10\/Palladium-Chloride-2-1.gif","contentUrl":"https:\/\/subszone.com\/wp-content\/uploads\/2024\/10\/Palladium-Chloride-2-1.gif","width":600,"height":600,"caption":"Buy Palladium Chloride in Bulk Online"},{"@type":"BreadcrumbList","@id":"https:\/\/subszone.com\/product\/palladium-chloride\/#breadcrumb","itemListElement":[{"@type":"ListItem","position":1,"name":"Home","item":"https:\/\/subszone.com\/"},{"@type":"ListItem","position":2,"name":"Shop","item":"https:\/\/subszone.com\/shop\/"},{"@type":"ListItem","position":3,"name":"Buy Palladium Chloride Online"}]},{"@type":"WebSite","@id":"https:\/\/subszone.com\/#website","url":"https:\/\/subszone.com\/","name":"SubsZone","description":"Min WordPress-blogg","publisher":{"@id":"https:\/\/subszone.com\/#organization"},"potentialAction":[{"@type":"SearchAction","target":{"@type":"EntryPoint","urlTemplate":"https:\/\/subszone.com\/?s={search_term_string}"},"query-input":{"@type":"PropertyValueSpecification","valueRequired":true,"valueName":"search_term_string"}}],"inLanguage":"sv-SE"},{"@type":"Organization","@id":"https:\/\/subszone.com\/#organization","name":"SubsZone","url":"https:\/\/subszone.com\/","logo":{"@type":"ImageObject","inLanguage":"sv-SE","@id":"https:\/\/subszone.com\/#\/schema\/logo\/image\/","url":"https:\/\/subszone.com\/wp-content\/uploads\/2024\/10\/logo.png","contentUrl":"https:\/\/subszone.com\/wp-content\/uploads\/2024\/10\/logo.png","width":193,"height":50,"caption":"SubsZone"},"image":{"@id":"https:\/\/subszone.com\/#\/schema\/logo\/image\/"}}]}},"_links":{"self":[{"href":"https:\/\/subszone.com\/sv\/wp-json\/wp\/v2\/product\/1229","targetHints":{"allow":["GET"]}}],"collection":[{"href":"https:\/\/subszone.com\/sv\/wp-json\/wp\/v2\/product"}],"about":[{"href":"https:\/\/subszone.com\/sv\/wp-json\/wp\/v2\/types\/product"}],"replies":[{"embeddable":true,"href":"https:\/\/subszone.com\/sv\/wp-json\/wp\/v2\/comments?post=1229"}],"wp:featuredmedia":[{"embeddable":true,"href":"https:\/\/subszone.com\/sv\/wp-json\/wp\/v2\/media\/1402"}],"wp:attachment":[{"href":"https:\/\/subszone.com\/sv\/wp-json\/wp\/v2\/media?parent=1229"}],"wp:term":[{"taxonomy":"product_brand","embeddable":true,"href":"https:\/\/subszone.com\/sv\/wp-json\/wp\/v2\/product_brand?post=1229"},{"taxonomy":"product_cat","embeddable":true,"href":"https:\/\/subszone.com\/sv\/wp-json\/wp\/v2\/product_cat?post=1229"},{"taxonomy":"product_tag","embeddable":true,"href":"https:\/\/subszone.com\/sv\/wp-json\/wp\/v2\/product_tag?post=1229"}],"curies":[{"name":"wp","href":"https:\/\/api.w.org\/{rel}","templated":true}]}}