{"id":1231,"date":"2024-10-24T06:44:11","date_gmt":"2024-10-24T06:44:11","guid":{"rendered":"https:\/\/subszone.com\/?post_type=product&#038;p=1231"},"modified":"2025-06-03T06:04:44","modified_gmt":"2025-06-03T06:04:44","slug":"fenol","status":"publish","type":"product","link":"https:\/\/subszone.com\/sv\/product\/fenol\/","title":{"rendered":"K\u00f6p fenol online"},"content":{"rendered":"<h2><b>Fenol - Industri- och laboratoriekvalitet med h\u00f6g renhet<\/b><\/h2>\n<p><span style=\"font-weight: 400;\">Ser till <\/span><a href=\"https:\/\/subszone.com\/sv\/product\/fenol\/\"><b>k\u00f6pa fenol online<\/b><\/a><span style=\"font-weight: 400;\"> f\u00f6r forskning, industriell bearbetning eller analytiska till\u00e4mpningar? V\u00e5r premium-klassade <\/span><b>Fenol<\/b><span style=\"font-weight: 400;\"> erbjuder konsekvent kvalitet och tillf\u00f6rlitlighet f\u00f6r yrkesverksamma som kr\u00e4ver noggrannhet, renhet och s\u00e4ker hantering.<\/span><\/p>\n<h3><b>Produkt\u00f6versikt<\/b><\/h3>\n<p><span style=\"font-weight: 400;\">Fenol (C\u2086H\u2085OH) \u00e4r en aromatisk organisk f\u00f6rening med en hydroxylgrupp kopplad till en bensenring. Den upptr\u00e4der som ett kristallint fast \u00e4mne eller v\u00e4tska beroende p\u00e5 temperatur och renhet. Fenol \u00e4r k\u00e4nt f\u00f6r sin starka antiseptiska och kemiska reaktivitet och anv\u00e4nds i stor utstr\u00e4ckning inom olika branscher, fr\u00e5n <\/span><b>tillverkning av harts<\/b><span style=\"font-weight: 400;\"> och <\/span><b>farmaceutisk syntes<\/b><span style=\"font-weight: 400;\"> till <\/span><b>laboratorieforskning<\/b><span style=\"font-weight: 400;\"> och <\/span><b>kosmetiska formuleringar<\/b><span style=\"font-weight: 400;\">.<\/span><\/p>\n<h3><b>Viktiga funktioner och f\u00f6rdelar<\/b><\/h3>\n<ul>\n<li style=\"font-weight: 400;\" aria-level=\"1\"><b>H\u00f6g renhet och standarder av laboratoriekvalitet<\/b><span style=\"font-weight: 400;\"> - L\u00e4mplig f\u00f6r analytisk forskning, organisk syntes och industriella till\u00e4mpningar<\/span><span style=\"font-weight: 400;\">\n<p><\/span><\/li>\n<li style=\"font-weight: 400;\" aria-level=\"1\"><b>Tillg\u00e4nglig i flera format<\/b><span style=\"font-weight: 400;\"> - V\u00e4lj mellan kristallin eller flytande fenol, s\u00e4kert f\u00f6rseglade och m\u00e4rkta med SDS-dokumentation<\/span><span style=\"font-weight: 400;\">\n<p><\/span><\/li>\n<li style=\"font-weight: 400;\" aria-level=\"1\"><b>M\u00e5ngsidiga till\u00e4mpningar<\/b><span style=\"font-weight: 400;\"> - Anv\u00e4nds vid tillverkning av plast, f\u00e4rg\u00e4mnen, antioxidanter och som reagens vid kemisk analys<\/span><span style=\"font-weight: 400;\">\n<p><\/span><\/li>\n<li style=\"font-weight: 400;\" aria-level=\"1\"><b>S\u00e4kra f\u00f6rpackningar och efterlevnad<\/b><span style=\"font-weight: 400;\"> - Levereras i enlighet med g\u00e4llande best\u00e4mmelser f\u00f6r kemikalietransporter och inkluderar fullst\u00e4ndigt s\u00e4kerhetsdatablad f\u00f6r s\u00e4ker hantering<\/span><span style=\"font-weight: 400;\">\n<p><\/span><\/li>\n<li style=\"font-weight: 400;\" aria-level=\"1\"><b>Betrodda av forskare och branschfolk \u00f6ver hela v\u00e4rlden<\/b><b>\n<p><\/b><\/li>\n<\/ul>\n<h3><b>Varf\u00f6r best\u00e4lla Phenol online hos oss?<\/b><\/h3>\n<p><span style=\"font-weight: 400;\">Vi g\u00f6r det enkelt att <\/span><a href=\"https:\/\/en.wikipedia.org\/wiki\/Phenol\"><b>Best\u00e4ll fenol online<\/b><\/a><span style=\"font-weight: 400;\"> p\u00e5 ett s\u00e4kert och lagligt s\u00e4tt. Alla f\u00f6rs\u00e4ndelser hanteras av verifierade partners i leveranskedjan, vilket s\u00e4kerst\u00e4ller att det du f\u00e5r uppfyller dina f\u00f6rv\u00e4ntningar p\u00e5 <\/span><b>renhet, f\u00f6rpackning och dokumentation<\/b><span style=\"font-weight: 400;\">. Oavsett om du s\u00f6ker material till ett laboratorium, ett universitet eller en industrianl\u00e4ggning ger v\u00e5r plattform dig en <\/span><b>s\u00e4kert och kompatibelt s\u00e4tt att f\u00e5 tillg\u00e5ng till fenol f\u00f6r legitimt bruk<\/b><span style=\"font-weight: 400;\">.<\/span><\/p>\n<h3><b>\u00d6verkomliga priser och m\u00e4ngdrabatter<\/b><\/h3>\n<p><span style=\"font-weight: 400;\">Letar du efter <\/span><b>fenol till salu<\/b><span style=\"font-weight: 400;\"> till konkurrenskraftiga priser? Vi erbjuder <\/span><b>billiga fenolpriser<\/b><span style=\"font-weight: 400;\"> utan att kompromissa med kvaliteten. Stora kvantiteter finns tillg\u00e4ngliga till rabatterade priser, med flexibla orderstorlekar som skr\u00e4ddarsys efter dina verksamhetsbehov.<\/span><\/p>\n<h3><b>Juridisk information och s\u00e4kerhetsinformation<\/b><\/h3>\n<p><span style=\"font-weight: 400;\">Observera: Fenol \u00e4r klassificerat som ett farligt \u00e4mne i m\u00e5nga jurisdiktioner. K\u00f6pare \u00e4r ansvariga f\u00f6r att f\u00f6rst\u00e5 de <\/span><b>r\u00e4ttslig status<\/b><span style=\"font-weight: 400;\"> av denna f\u00f6rening i sitt land eller sin stat och f\u00f6r att f\u00f6lja alla <\/span><b>best\u00e4mmelser om import, lagring och hantering<\/b><span style=\"font-weight: 400;\">. En giltig aff\u00e4rs- eller forskningslicens kan kr\u00e4vas f\u00f6re leverans.<\/span><\/p>\n<h3><b>Best\u00e4ll med tillf\u00f6rsikt<\/b><\/h3>\n<p><span style=\"font-weight: 400;\">Om du s\u00f6ker efter den <\/span><b>b\u00e4sta st\u00e4llet att k\u00f6pa phenol online<\/b><span style=\"font-weight: 400;\">beh\u00f6ver du inte leta l\u00e4ngre. Vi kombinerar <\/span><b>kvalitetss\u00e4kring<\/b><span style=\"font-weight: 400;\">, transparent dokumentation och professionell support f\u00f6r att hj\u00e4lpa dig att f\u00e5 det material du beh\u00f6ver - p\u00e5 ett tillf\u00f6rlitligt och ansvarsfullt s\u00e4tt.<\/span><\/p>","protected":false},"excerpt":{"rendered":"<p><strong>Fenol<\/strong>, \u00e4ven k\u00e4nd som karbolsyra, \u00e4r en aromatisk organisk f\u00f6rening med den kemiska formeln C\u2086H\u2085OH. Det \u00e4r ett f\u00e4rgl\u00f6st till vitt fast \u00e4mne vid rumstemperatur, k\u00e4nt f\u00f6r sin distinkta s\u00f6ta, medicinska lukt. Fenol anv\u00e4nds ofta i olika industriella applikationer p\u00e5 grund av dess kemiska egenskaper.<\/p>\n<ul>\n<li><strong>Kemisk formel<\/strong>: C\u2086H\u2085OH<\/li>\n<li><strong>Molekylvikt<\/strong>: 94,11 g\/mol<\/li>\n<li><strong>Kokpunkt<\/strong>: Cirka 182 \u00b0C (360 \u00b0F)<\/li>\n<li><strong>Sm\u00e4ltpunkt<\/strong>: 40,7 \u00b0C (105,3 \u00b0F)<\/li>\n<li><strong>T\u00e4thet<\/strong>: 1,07 g\/cm\u00b3<\/li>\n<li><strong>L\u00f6slighet<\/strong>: L\u00f6slig i vatten, etanol och eter.<\/li>\n<\/ul>","protected":false},"featured_media":1404,"comment_status":"open","ping_status":"closed","template":"","meta":{"_kadence_starter_templates_imported_post":false,"_kad_post_transparent":"default","_kad_post_title":"","_kad_post_layout":"default","_kad_post_sidebar_id":"","_kad_post_content_style":"default","_kad_post_vertical_padding":"default","_kad_post_feature":"","_kad_post_feature_position":"","_kad_post_header":false,"_kad_post_footer":false,"_joinchat":[]},"product_brand":[],"product_cat":[59],"product_tag":[],"class_list":{"0":"post-1231","1":"product","2":"type-product","3":"status-publish","4":"has-post-thumbnail","6":"product_cat-chemical-manufacturing-and-synthesis","8":"first","9":"instock","10":"shipping-taxable","11":"product-type-simple","12":"entry","13":"content-bg","14":"loop-entry"},"yoast_head":"<!-- This site is optimized with the Yoast SEO plugin v25.6 - https:\/\/yoast.com\/wordpress\/plugins\/seo\/ -->\n<title>Buy Phenol Supplier Online - Phenol for Sale<\/title>\n<meta name=\"description\" content=\"You can get high-purity phenol Industrial for sale at our online store and get it at your doorstep without any hassle. We help you buy phenol Industrial online. Just place your order now!\" \/>\n<meta name=\"robots\" content=\"index, follow, max-snippet:-1, max-image-preview:large, max-video-preview:-1\" \/>\n<link rel=\"canonical\" href=\"https:\/\/subszone.com\/sv\/product\/fenol\/\" \/>\n<meta property=\"og:locale\" content=\"sv_SE\" \/>\n<meta property=\"og:type\" content=\"article\" \/>\n<meta property=\"og:title\" content=\"Buy Phenol Supplier Online - Phenol for Sale\" \/>\n<meta property=\"og:description\" content=\"You can get high-purity phenol Industrial for sale at our online store and get it at your doorstep without any hassle. We help you buy phenol Industrial online. Just place your order now!\" \/>\n<meta property=\"og:url\" content=\"https:\/\/subszone.com\/sv\/product\/fenol\/\" \/>\n<meta property=\"og:site_name\" content=\"SubsZone\" \/>\n<meta property=\"article:modified_time\" content=\"2025-06-03T06:04:44+00:00\" \/>\n<meta property=\"og:image\" content=\"https:\/\/subszone.com\/wp-content\/uploads\/2024\/10\/Phenol-2-1.gif\" \/>\n\t<meta property=\"og:image:width\" content=\"600\" \/>\n\t<meta property=\"og:image:height\" content=\"600\" \/>\n\t<meta property=\"og:image:type\" content=\"image\/gif\" \/>\n<meta name=\"twitter:card\" content=\"summary_large_image\" \/>\n<meta name=\"twitter:label1\" content=\"Ber\u00e4knad l\u00e4stid\" \/>\n\t<meta name=\"twitter:data1\" content=\"2 minuter\" \/>\n<script type=\"application\/ld+json\" class=\"yoast-schema-graph\">{\"@context\":\"https:\/\/schema.org\",\"@graph\":[{\"@type\":\"WebPage\",\"@id\":\"https:\/\/subszone.com\/product\/phenol\/\",\"url\":\"https:\/\/subszone.com\/product\/phenol\/\",\"name\":\"Buy Phenol Supplier Online - Phenol for Sale\",\"isPartOf\":{\"@id\":\"https:\/\/subszone.com\/#website\"},\"primaryImageOfPage\":{\"@id\":\"https:\/\/subszone.com\/product\/phenol\/#primaryimage\"},\"image\":{\"@id\":\"https:\/\/subszone.com\/product\/phenol\/#primaryimage\"},\"thumbnailUrl\":\"https:\/\/subszone.com\/wp-content\/uploads\/2024\/10\/Phenol-2-1.gif\",\"datePublished\":\"2024-10-24T06:44:11+00:00\",\"dateModified\":\"2025-06-03T06:04:44+00:00\",\"description\":\"You can get high-purity phenol Industrial for sale at our online store and get it at your doorstep without any hassle. We help you buy phenol Industrial online. Just place your order now!\",\"breadcrumb\":{\"@id\":\"https:\/\/subszone.com\/product\/phenol\/#breadcrumb\"},\"inLanguage\":\"sv-SE\",\"potentialAction\":[{\"@type\":\"ReadAction\",\"target\":[\"https:\/\/subszone.com\/product\/phenol\/\"]}]},{\"@type\":\"ImageObject\",\"inLanguage\":\"sv-SE\",\"@id\":\"https:\/\/subszone.com\/product\/phenol\/#primaryimage\",\"url\":\"https:\/\/subszone.com\/wp-content\/uploads\/2024\/10\/Phenol-2-1.gif\",\"contentUrl\":\"https:\/\/subszone.com\/wp-content\/uploads\/2024\/10\/Phenol-2-1.gif\",\"width\":600,\"height\":600,\"caption\":\"Buy Phenol Supplier Online\"},{\"@type\":\"BreadcrumbList\",\"@id\":\"https:\/\/subszone.com\/product\/phenol\/#breadcrumb\",\"itemListElement\":[{\"@type\":\"ListItem\",\"position\":1,\"name\":\"Home\",\"item\":\"https:\/\/subszone.com\/\"},{\"@type\":\"ListItem\",\"position\":2,\"name\":\"Shop\",\"item\":\"https:\/\/subszone.com\/shop\/\"},{\"@type\":\"ListItem\",\"position\":3,\"name\":\"Buy Phenol Online\"}]},{\"@type\":\"WebSite\",\"@id\":\"https:\/\/subszone.com\/#website\",\"url\":\"https:\/\/subszone.com\/\",\"name\":\"SubsZone\",\"description\":\"My WordPress Blog\",\"publisher\":{\"@id\":\"https:\/\/subszone.com\/#organization\"},\"potentialAction\":[{\"@type\":\"SearchAction\",\"target\":{\"@type\":\"EntryPoint\",\"urlTemplate\":\"https:\/\/subszone.com\/?s={search_term_string}\"},\"query-input\":{\"@type\":\"PropertyValueSpecification\",\"valueRequired\":true,\"valueName\":\"search_term_string\"}}],\"inLanguage\":\"sv-SE\"},{\"@type\":\"Organization\",\"@id\":\"https:\/\/subszone.com\/#organization\",\"name\":\"SubsZone\",\"url\":\"https:\/\/subszone.com\/\",\"logo\":{\"@type\":\"ImageObject\",\"inLanguage\":\"sv-SE\",\"@id\":\"https:\/\/subszone.com\/#\/schema\/logo\/image\/\",\"url\":\"https:\/\/subszone.com\/wp-content\/uploads\/2024\/10\/logo.png\",\"contentUrl\":\"https:\/\/subszone.com\/wp-content\/uploads\/2024\/10\/logo.png\",\"width\":193,\"height\":50,\"caption\":\"SubsZone\"},\"image\":{\"@id\":\"https:\/\/subszone.com\/#\/schema\/logo\/image\/\"}}]}<\/script>\n<!-- \/ Yoast SEO plugin. -->","yoast_head_json":{"title":"K\u00f6p fenolleverant\u00f6r online - fenol till salu","description":"Du kan f\u00e5 fenol Industrial med h\u00f6g renhet till salu i v\u00e5r onlinebutik och f\u00e5 den vid din tr\u00f6skel utan kr\u00e5ngel. Vi hj\u00e4lper dig att k\u00f6pa fenol Industrial online. G\u00f6r bara din best\u00e4llning nu!","robots":{"index":"index","follow":"follow","max-snippet":"max-snippet:-1","max-image-preview":"max-image-preview:large","max-video-preview":"max-video-preview:-1"},"canonical":"https:\/\/subszone.com\/sv\/product\/fenol\/","og_locale":"sv_SE","og_type":"article","og_title":"Buy Phenol Supplier Online - Phenol for Sale","og_description":"You can get high-purity phenol Industrial for sale at our online store and get it at your doorstep without any hassle. We help you buy phenol Industrial online. Just place your order now!","og_url":"https:\/\/subszone.com\/sv\/product\/fenol\/","og_site_name":"SubsZone","article_modified_time":"2025-06-03T06:04:44+00:00","og_image":[{"width":600,"height":600,"url":"https:\/\/subszone.com\/wp-content\/uploads\/2024\/10\/Phenol-2-1.gif","type":"image\/gif"}],"twitter_card":"summary_large_image","twitter_misc":{"Ber\u00e4knad l\u00e4stid":"2 minuter"},"schema":{"@context":"https:\/\/schema.org","@graph":[{"@type":"WebPage","@id":"https:\/\/subszone.com\/product\/phenol\/","url":"https:\/\/subszone.com\/product\/phenol\/","name":"K\u00f6p fenolleverant\u00f6r online - fenol till salu","isPartOf":{"@id":"https:\/\/subszone.com\/#website"},"primaryImageOfPage":{"@id":"https:\/\/subszone.com\/product\/phenol\/#primaryimage"},"image":{"@id":"https:\/\/subszone.com\/product\/phenol\/#primaryimage"},"thumbnailUrl":"https:\/\/subszone.com\/wp-content\/uploads\/2024\/10\/Phenol-2-1.gif","datePublished":"2024-10-24T06:44:11+00:00","dateModified":"2025-06-03T06:04:44+00:00","description":"Du kan f\u00e5 fenol Industrial med h\u00f6g renhet till salu i v\u00e5r onlinebutik och f\u00e5 den vid din tr\u00f6skel utan kr\u00e5ngel. Vi hj\u00e4lper dig att k\u00f6pa fenol Industrial online. G\u00f6r bara din best\u00e4llning nu!","breadcrumb":{"@id":"https:\/\/subszone.com\/product\/phenol\/#breadcrumb"},"inLanguage":"sv-SE","potentialAction":[{"@type":"ReadAction","target":["https:\/\/subszone.com\/product\/phenol\/"]}]},{"@type":"ImageObject","inLanguage":"sv-SE","@id":"https:\/\/subszone.com\/product\/phenol\/#primaryimage","url":"https:\/\/subszone.com\/wp-content\/uploads\/2024\/10\/Phenol-2-1.gif","contentUrl":"https:\/\/subszone.com\/wp-content\/uploads\/2024\/10\/Phenol-2-1.gif","width":600,"height":600,"caption":"Buy Phenol Supplier Online"},{"@type":"BreadcrumbList","@id":"https:\/\/subszone.com\/product\/phenol\/#breadcrumb","itemListElement":[{"@type":"ListItem","position":1,"name":"Home","item":"https:\/\/subszone.com\/"},{"@type":"ListItem","position":2,"name":"Shop","item":"https:\/\/subszone.com\/shop\/"},{"@type":"ListItem","position":3,"name":"Buy Phenol Online"}]},{"@type":"WebSite","@id":"https:\/\/subszone.com\/#website","url":"https:\/\/subszone.com\/","name":"SubsZone","description":"Min WordPress-blogg","publisher":{"@id":"https:\/\/subszone.com\/#organization"},"potentialAction":[{"@type":"SearchAction","target":{"@type":"EntryPoint","urlTemplate":"https:\/\/subszone.com\/?s={search_term_string}"},"query-input":{"@type":"PropertyValueSpecification","valueRequired":true,"valueName":"search_term_string"}}],"inLanguage":"sv-SE"},{"@type":"Organization","@id":"https:\/\/subszone.com\/#organization","name":"SubsZone","url":"https:\/\/subszone.com\/","logo":{"@type":"ImageObject","inLanguage":"sv-SE","@id":"https:\/\/subszone.com\/#\/schema\/logo\/image\/","url":"https:\/\/subszone.com\/wp-content\/uploads\/2024\/10\/logo.png","contentUrl":"https:\/\/subszone.com\/wp-content\/uploads\/2024\/10\/logo.png","width":193,"height":50,"caption":"SubsZone"},"image":{"@id":"https:\/\/subszone.com\/#\/schema\/logo\/image\/"}}]}},"_links":{"self":[{"href":"https:\/\/subszone.com\/sv\/wp-json\/wp\/v2\/product\/1231","targetHints":{"allow":["GET"]}}],"collection":[{"href":"https:\/\/subszone.com\/sv\/wp-json\/wp\/v2\/product"}],"about":[{"href":"https:\/\/subszone.com\/sv\/wp-json\/wp\/v2\/types\/product"}],"replies":[{"embeddable":true,"href":"https:\/\/subszone.com\/sv\/wp-json\/wp\/v2\/comments?post=1231"}],"wp:featuredmedia":[{"embeddable":true,"href":"https:\/\/subszone.com\/sv\/wp-json\/wp\/v2\/media\/1404"}],"wp:attachment":[{"href":"https:\/\/subszone.com\/sv\/wp-json\/wp\/v2\/media?parent=1231"}],"wp:term":[{"taxonomy":"product_brand","embeddable":true,"href":"https:\/\/subszone.com\/sv\/wp-json\/wp\/v2\/product_brand?post=1231"},{"taxonomy":"product_cat","embeddable":true,"href":"https:\/\/subszone.com\/sv\/wp-json\/wp\/v2\/product_cat?post=1231"},{"taxonomy":"product_tag","embeddable":true,"href":"https:\/\/subszone.com\/sv\/wp-json\/wp\/v2\/product_tag?post=1231"}],"curies":[{"name":"wp","href":"https:\/\/api.w.org\/{rel}","templated":true}]}}