{"id":1245,"date":"2024-10-24T07:03:42","date_gmt":"2024-10-24T07:03:42","guid":{"rendered":"https:\/\/subszone.com\/?post_type=product&#038;p=1245"},"modified":"2025-06-04T06:32:54","modified_gmt":"2025-06-04T06:32:54","slug":"piperonal","status":"publish","type":"product","link":"https:\/\/subszone.com\/sv\/product\/piperonal\/","title":{"rendered":"K\u00f6p Piperonal online"},"content":{"rendered":"<h2><b>K\u00f6p Piperonal Online - H\u00f6gkvalitativ, ren Piperonal till salu till konkurrenskraftiga priser<\/b><\/h2>\n<p><span style=\"font-weight: 400;\">Uppt\u00e4ck de finaste <\/span><a href=\"https:\/\/en.wikipedia.org\/wiki\/Piperonal\"><b>Piperonal<\/b><\/a><span style=\"font-weight: 400;\"> tillg\u00e4nglig f\u00f6r k\u00f6p online, en m\u00e5ngsidig kemisk f\u00f6rening som \u00e4r mycket uppskattad inom doft-, smak- och forskningsindustrin. Oavsett om du letar efter <\/span><b>Best\u00e4ll Piperonal online<\/b><span style=\"font-weight: 400;\"> f\u00f6r industriella applikationer eller specialiserad laboratorieanv\u00e4ndning, erbjuder vi f\u00f6rstklassig produktkvalitet i kombination med konkurrenskraftiga priser, vilket g\u00f6r oss till den <\/span><b>b\u00e4sta st\u00e4llet att k\u00f6pa Piperonal p\u00e5<\/b><span style=\"font-weight: 400;\"> p\u00e5 ett s\u00e4kert och tillf\u00f6rlitligt s\u00e4tt.<\/span><\/p>\n<h3><b>Vad \u00e4r Piperonal?<\/b><\/h3>\n<p><span style=\"font-weight: 400;\">Piperonal, \u00e4ven k\u00e4nd som heliotropin, \u00e4r en aromatisk organisk f\u00f6rening som k\u00e4nnetecknas av sin behagliga vanilj- och blommiga doft. Den spelar en avg\u00f6rande roll som en viktig ingrediens i parfym- och smaktillverkning samt inom kemisk forskning och syntes. Dess unika kemiska egenskaper g\u00f6r den oumb\u00e4rlig f\u00f6r yrkesverksamma som s\u00f6ker konsistens och renhet i sina formuleringar.<\/span><\/p>\n<h3><b>Varf\u00f6r v\u00e4lja v\u00e5r Piperonal?<\/b><\/h3>\n<ul>\n<li style=\"font-weight: 400;\" aria-level=\"1\"><b>Garanterad renhet:<\/b><span style=\"font-weight: 400;\"> V\u00e5r Piperonal kommer fr\u00e5n p\u00e5litliga tillverkare, vilket s\u00e4kerst\u00e4ller att du f\u00e5r en produkt som uppfyller str\u00e4nga kvalitetsstandarder.<\/span>&nbsp;<\/li>\n<li style=\"font-weight: 400;\" aria-level=\"1\"><b>\u00d6verkomlig priss\u00e4ttning:<\/b><span style=\"font-weight: 400;\"> Vi erbjuder <\/span><b>billigaste Piperonal pris<\/b><span style=\"font-weight: 400;\"> p\u00e5 marknaden utan att kompromissa med kvaliteten, vilket hj\u00e4lper dig att maximera din budget.<\/span>&nbsp;<\/li>\n<li style=\"font-weight: 400;\" aria-level=\"1\"><b>Snabb och s\u00e4ker leverans:<\/b><span style=\"font-weight: 400;\"> Best\u00e4ll Piperonal online med f\u00f6rtroende, med st\u00f6d av s\u00e4ker f\u00f6rpackning och snabb leverans till din d\u00f6rr.<\/span>&nbsp;<\/li>\n<li style=\"font-weight: 400;\" aria-level=\"1\"><b>P\u00e5litlig leverant\u00f6r:<\/b><span style=\"font-weight: 400;\"> Med m\u00e5nga \u00e5rs erfarenhet av att betj\u00e4na branschfolk och forskare \u00e4r vi din p\u00e5litliga partner f\u00f6r att k\u00f6pa Piperonal online.<\/span>&nbsp;<\/li>\n<\/ul>\n<h3><b>Juridik och s\u00e4kerhet<\/b><\/h3>\n<p><span style=\"font-weight: 400;\">Innan du k\u00f6per n\u00e5got \u00e4r det viktigt att du f\u00f6rst\u00e5r <\/span><b>r\u00e4ttslig status f\u00f6r <a href=\"https:\/\/subszone.com\/sv\/product\/piperonal\/\">Piperonal<\/a><\/b><span style=\"font-weight: 400;\">, vilket varierar beroende p\u00e5 region. Vi ser till att alla internationella fraktbest\u00e4mmelser f\u00f6ljs och tillhandah\u00e5ller tydliga riktlinjer och dokumentation f\u00f6r s\u00e4kra och lagliga transaktioner. V\u00e5r produkt levereras med detaljerade hanteringsanvisningar som betonar s\u00e4ker f\u00f6rvaring och anv\u00e4ndning f\u00f6r att minimera potentiella faror.<\/span><\/p>\n<h3><b>Anv\u00e4ndningsomr\u00e5den f\u00f6r Piperonal<\/b><\/h3>\n<ul>\n<li style=\"font-weight: 400;\" aria-level=\"1\"><b>Dofter och parfymer:<\/b><span style=\"font-weight: 400;\"> F\u00f6rst\u00e4rker dofter av blommor, vanilj och heliotrop.<\/span>&nbsp;<\/li>\n<li style=\"font-weight: 400;\" aria-level=\"1\"><b>Smaks\u00e4ttare:<\/b><span style=\"font-weight: 400;\"> Ger komplexitet till smakprofiler f\u00f6r mat och dryck.<\/span>&nbsp;<\/li>\n<li style=\"font-weight: 400;\" aria-level=\"1\"><b>Forskning och syntes:<\/b><span style=\"font-weight: 400;\"> Anv\u00e4nds ofta i kemiska laboratorier f\u00f6r olika organiska synteser.<\/span>&nbsp;<\/li>\n<li style=\"font-weight: 400;\" aria-level=\"1\"><b>Industriell anv\u00e4ndning:<\/b><span style=\"font-weight: 400;\"> Anv\u00e4nds i tillverkningsprocesser som kr\u00e4ver aromatiska f\u00f6reningar.<\/span>&nbsp;<\/li>\n<\/ul>\n<h3><b>K\u00f6p Piperonal online - enkelt, s\u00e4kert och p\u00e5litligt<\/b><\/h3>\n<p><span style=\"font-weight: 400;\">Att best\u00e4lla Piperonal online har aldrig varit enklare. Navigera p\u00e5 v\u00e5r anv\u00e4ndarv\u00e4nliga plattform f\u00f6r att g\u00f6ra din best\u00e4llning p\u00e5 ett s\u00e4kert s\u00e4tt, dra nytta av transparent priss\u00e4ttning och kundsupport som \u00e4r redo att hj\u00e4lpa dig. Oavsett om du beh\u00f6ver Piperonal f\u00f6r kommersiella eller forsknings\u00e4ndam\u00e5l, tillhandah\u00e5ller vi en o\u00f6vertr\u00e4ffad kombination av kvalitet, pris och service.<\/span><\/p>\n<p><b>\u00c4r du redo att k\u00f6pa Piperonal online?<\/b><span style=\"font-weight: 400;\">\u00a0<\/span><\/p>\n<p><span style=\"font-weight: 400;\">Bes\u00f6k v\u00e5r butik f\u00f6r att utforska prisalternativ, g\u00f6ra din best\u00e4llning och uppleva det b\u00e4sta inom produktkvalitet och service. N\u00f6j dig inte med mindre - v\u00e4lj <\/span><b>b\u00e4sta st\u00e4llet att k\u00f6pa Piperonal p\u00e5<\/b><span style=\"font-weight: 400;\"> och f\u00e5 den renaste produkten levererad direkt till dig.<\/span><\/p>\n<h2><\/h2>","protected":false},"excerpt":{"rendered":"<p>Piperonal, \u00e4ven k\u00e4nd som 3,4-metylendioxybensaldehyd, \u00e4r en organisk f\u00f6rening som anv\u00e4nds i stor utstr\u00e4ckning inom doft- och smakindustrin samt i olika kemiska synteser. H\u00e4r \u00e4r en detaljerad \u00f6versikt \u00f6ver dess egenskaper, anv\u00e4ndningsomr\u00e5den, s\u00e4kerhetsaspekter och regleringsaspekter.<\/p>\n<ul>\n<li><strong>Kemisk formel<\/strong>: C\u2088H\u2088O\u2083<\/li>\n<li><strong>Molekylvikt<\/strong>: 168,15 g\/mol<\/li>\n<li><strong>Fysiskt tillst\u00e5nd<\/strong>: F\u00e4rgl\u00f6s till blekgul v\u00e4tska eller kristallint fast \u00e4mne.<\/li>\n<li><strong>Kokpunkt<\/strong>: Cirka 253 \u00b0C (487 \u00b0F).<\/li>\n<li><strong>L\u00f6slighet<\/strong>: L\u00f6slig i organiska l\u00f6sningsmedel s\u00e5som etanol och eter, men endast sv\u00e5rl\u00f6slig i vatten.<\/li>\n<li><strong>Lukt<\/strong>: K\u00e4nnetecknas av en behaglig, blommig och n\u00e5got s\u00f6t doft.<\/li>\n<\/ul>","protected":false},"featured_media":1396,"comment_status":"open","ping_status":"closed","template":"","meta":{"_kadence_starter_templates_imported_post":false,"_kad_post_transparent":"default","_kad_post_title":"","_kad_post_layout":"default","_kad_post_sidebar_id":"","_kad_post_content_style":"default","_kad_post_vertical_padding":"default","_kad_post_feature":"","_kad_post_feature_position":"","_kad_post_header":false,"_kad_post_footer":false,"_joinchat":[]},"product_brand":[],"product_cat":[83],"product_tag":[371,372,1199,1196,1212,373,1200,1198,315,1205,1209,374,1204,1208,1202,1211,1206,1197,1203,1207,375,1201,1215,1213,1195,376,377,1214,1210],"class_list":{"0":"post-1245","1":"product","2":"type-product","3":"status-publish","4":"has-post-thumbnail","6":"product_cat-pharmaceutical-and-medical-uses","7":"product_tag-3-4-methylenedioxy-benzaldehyde","8":"product_tag-benzyl-piperonal-450-price","9":"product_tag-bulk-piperonal-supplier","10":"product_tag-buy-piperonal","11":"product_tag-commercial-piperonal-supply","12":"product_tag-heliotropin-price-per-kg","13":"product_tag-high-purity-piperonal","14":"product_tag-industrial-piperonal-supply","15":"product_tag-isosafrole-synthesis-from-piperonal","16":"product_tag-piperonal-as-fragrance-ingredient","17":"product_tag-piperonal-distributor","18":"product_tag-piperonal-distributors-usa","19":"product_tag-piperonal-for-chemical-synthesis","20":"product_tag-piperonal-for-cosmetics-manufacturing","21":"product_tag-piperonal-for-fragrance-industry","22":"product_tag-piperonal-for-industrial-applications","23":"product_tag-piperonal-for-laboratory-use","24":"product_tag-piperonal-for-sale","25":"product_tag-piperonal-in-flavoring","26":"product_tag-piperonal-in-perfumery","27":"product_tag-piperonal-melting-and-boiling-point","28":"product_tag-piperonal-price-and-availability","29":"product_tag-piperonal-procurement","30":"product_tag-piperonal-safety-and-compliance","31":"product_tag-piperonal-supplier","32":"product_tag-piperonal-suppliers-usa","33":"product_tag-piperonaldehyde-hazards","34":"product_tag-reliable-piperonal-supplier","35":"product_tag-where-to-buy-piperonal","37":"first","38":"instock","39":"shipping-taxable","40":"product-type-simple","41":"entry","42":"content-bg","43":"loop-entry"},"yoast_head":"<!-- This site is optimized with the Yoast SEO plugin v25.6 - https:\/\/yoast.com\/wordpress\/plugins\/seo\/ -->\n<title>Buy Piperonal Online - Piperonal Industrial for Sale<\/title>\n<meta name=\"description\" content=\"You can get in touch with our online subszone store and buy piperonal Industrial online. You can get piperonal Industrial for sale at cheap prices. Place order right away!\" \/>\n<meta name=\"robots\" content=\"index, follow, max-snippet:-1, max-image-preview:large, max-video-preview:-1\" \/>\n<link rel=\"canonical\" href=\"https:\/\/subszone.com\/sv\/product\/piperonal\/\" \/>\n<meta property=\"og:locale\" content=\"sv_SE\" \/>\n<meta property=\"og:type\" content=\"article\" \/>\n<meta property=\"og:title\" content=\"Buy Piperonal Online - Piperonal Industrial for Sale\" \/>\n<meta property=\"og:description\" content=\"You can get in touch with our online subszone store and buy piperonal Industrial online. You can get piperonal Industrial for sale at cheap prices. Place order right away!\" \/>\n<meta property=\"og:url\" content=\"https:\/\/subszone.com\/sv\/product\/piperonal\/\" \/>\n<meta property=\"og:site_name\" content=\"SubsZone\" \/>\n<meta property=\"article:modified_time\" content=\"2025-06-04T06:32:54+00:00\" \/>\n<meta property=\"og:image\" content=\"https:\/\/subszone.com\/wp-content\/uploads\/2024\/10\/Piperonal-2-1.gif\" \/>\n\t<meta property=\"og:image:width\" content=\"600\" \/>\n\t<meta property=\"og:image:height\" content=\"600\" \/>\n\t<meta property=\"og:image:type\" content=\"image\/gif\" \/>\n<meta name=\"twitter:card\" content=\"summary_large_image\" \/>\n<meta name=\"twitter:label1\" content=\"Ber\u00e4knad l\u00e4stid\" \/>\n\t<meta name=\"twitter:data1\" content=\"2 minuter\" \/>\n<script type=\"application\/ld+json\" class=\"yoast-schema-graph\">{\"@context\":\"https:\/\/schema.org\",\"@graph\":[{\"@type\":\"WebPage\",\"@id\":\"https:\/\/subszone.com\/product\/piperonal\/\",\"url\":\"https:\/\/subszone.com\/product\/piperonal\/\",\"name\":\"Buy Piperonal Online - Piperonal Industrial for Sale\",\"isPartOf\":{\"@id\":\"https:\/\/subszone.com\/#website\"},\"primaryImageOfPage\":{\"@id\":\"https:\/\/subszone.com\/product\/piperonal\/#primaryimage\"},\"image\":{\"@id\":\"https:\/\/subszone.com\/product\/piperonal\/#primaryimage\"},\"thumbnailUrl\":\"https:\/\/subszone.com\/wp-content\/uploads\/2024\/10\/Piperonal-2-1.gif\",\"datePublished\":\"2024-10-24T07:03:42+00:00\",\"dateModified\":\"2025-06-04T06:32:54+00:00\",\"description\":\"You can get in touch with our online subszone store and buy piperonal Industrial online. You can get piperonal Industrial for sale at cheap prices. Place order right away!\",\"breadcrumb\":{\"@id\":\"https:\/\/subszone.com\/product\/piperonal\/#breadcrumb\"},\"inLanguage\":\"sv-SE\",\"potentialAction\":[{\"@type\":\"ReadAction\",\"target\":[\"https:\/\/subszone.com\/product\/piperonal\/\"]}]},{\"@type\":\"ImageObject\",\"inLanguage\":\"sv-SE\",\"@id\":\"https:\/\/subszone.com\/product\/piperonal\/#primaryimage\",\"url\":\"https:\/\/subszone.com\/wp-content\/uploads\/2024\/10\/Piperonal-2-1.gif\",\"contentUrl\":\"https:\/\/subszone.com\/wp-content\/uploads\/2024\/10\/Piperonal-2-1.gif\",\"width\":600,\"height\":600,\"caption\":\"Buy Piperonal Online\"},{\"@type\":\"BreadcrumbList\",\"@id\":\"https:\/\/subszone.com\/product\/piperonal\/#breadcrumb\",\"itemListElement\":[{\"@type\":\"ListItem\",\"position\":1,\"name\":\"Home\",\"item\":\"https:\/\/subszone.com\/\"},{\"@type\":\"ListItem\",\"position\":2,\"name\":\"Shop\",\"item\":\"https:\/\/subszone.com\/shop\/\"},{\"@type\":\"ListItem\",\"position\":3,\"name\":\"Buy Piperonal Online\"}]},{\"@type\":\"WebSite\",\"@id\":\"https:\/\/subszone.com\/#website\",\"url\":\"https:\/\/subszone.com\/\",\"name\":\"SubsZone\",\"description\":\"My WordPress Blog\",\"publisher\":{\"@id\":\"https:\/\/subszone.com\/#organization\"},\"potentialAction\":[{\"@type\":\"SearchAction\",\"target\":{\"@type\":\"EntryPoint\",\"urlTemplate\":\"https:\/\/subszone.com\/?s={search_term_string}\"},\"query-input\":{\"@type\":\"PropertyValueSpecification\",\"valueRequired\":true,\"valueName\":\"search_term_string\"}}],\"inLanguage\":\"sv-SE\"},{\"@type\":\"Organization\",\"@id\":\"https:\/\/subszone.com\/#organization\",\"name\":\"SubsZone\",\"url\":\"https:\/\/subszone.com\/\",\"logo\":{\"@type\":\"ImageObject\",\"inLanguage\":\"sv-SE\",\"@id\":\"https:\/\/subszone.com\/#\/schema\/logo\/image\/\",\"url\":\"https:\/\/subszone.com\/wp-content\/uploads\/2024\/10\/logo.png\",\"contentUrl\":\"https:\/\/subszone.com\/wp-content\/uploads\/2024\/10\/logo.png\",\"width\":193,\"height\":50,\"caption\":\"SubsZone\"},\"image\":{\"@id\":\"https:\/\/subszone.com\/#\/schema\/logo\/image\/\"}}]}<\/script>\n<!-- \/ Yoast SEO plugin. -->","yoast_head_json":{"title":"K\u00f6p Piperonal online - Piperonal Industrial till salu","description":"Du kan komma i kontakt med v\u00e5r onlinebutik i subszone och k\u00f6pa piperonal Industrial online. Du kan f\u00e5 piperonal Industrial till salu till billiga priser. G\u00f6r en best\u00e4llning direkt!","robots":{"index":"index","follow":"follow","max-snippet":"max-snippet:-1","max-image-preview":"max-image-preview:large","max-video-preview":"max-video-preview:-1"},"canonical":"https:\/\/subszone.com\/sv\/product\/piperonal\/","og_locale":"sv_SE","og_type":"article","og_title":"Buy Piperonal Online - Piperonal Industrial for Sale","og_description":"You can get in touch with our online subszone store and buy piperonal Industrial online. You can get piperonal Industrial for sale at cheap prices. Place order right away!","og_url":"https:\/\/subszone.com\/sv\/product\/piperonal\/","og_site_name":"SubsZone","article_modified_time":"2025-06-04T06:32:54+00:00","og_image":[{"width":600,"height":600,"url":"https:\/\/subszone.com\/wp-content\/uploads\/2024\/10\/Piperonal-2-1.gif","type":"image\/gif"}],"twitter_card":"summary_large_image","twitter_misc":{"Ber\u00e4knad l\u00e4stid":"2 minuter"},"schema":{"@context":"https:\/\/schema.org","@graph":[{"@type":"WebPage","@id":"https:\/\/subszone.com\/product\/piperonal\/","url":"https:\/\/subszone.com\/product\/piperonal\/","name":"K\u00f6p Piperonal online - Piperonal Industrial till salu","isPartOf":{"@id":"https:\/\/subszone.com\/#website"},"primaryImageOfPage":{"@id":"https:\/\/subszone.com\/product\/piperonal\/#primaryimage"},"image":{"@id":"https:\/\/subszone.com\/product\/piperonal\/#primaryimage"},"thumbnailUrl":"https:\/\/subszone.com\/wp-content\/uploads\/2024\/10\/Piperonal-2-1.gif","datePublished":"2024-10-24T07:03:42+00:00","dateModified":"2025-06-04T06:32:54+00:00","description":"Du kan komma i kontakt med v\u00e5r onlinebutik i subszone och k\u00f6pa piperonal Industrial online. Du kan f\u00e5 piperonal Industrial till salu till billiga priser. G\u00f6r en best\u00e4llning direkt!","breadcrumb":{"@id":"https:\/\/subszone.com\/product\/piperonal\/#breadcrumb"},"inLanguage":"sv-SE","potentialAction":[{"@type":"ReadAction","target":["https:\/\/subszone.com\/product\/piperonal\/"]}]},{"@type":"ImageObject","inLanguage":"sv-SE","@id":"https:\/\/subszone.com\/product\/piperonal\/#primaryimage","url":"https:\/\/subszone.com\/wp-content\/uploads\/2024\/10\/Piperonal-2-1.gif","contentUrl":"https:\/\/subszone.com\/wp-content\/uploads\/2024\/10\/Piperonal-2-1.gif","width":600,"height":600,"caption":"Buy Piperonal Online"},{"@type":"BreadcrumbList","@id":"https:\/\/subszone.com\/product\/piperonal\/#breadcrumb","itemListElement":[{"@type":"ListItem","position":1,"name":"Home","item":"https:\/\/subszone.com\/"},{"@type":"ListItem","position":2,"name":"Shop","item":"https:\/\/subszone.com\/shop\/"},{"@type":"ListItem","position":3,"name":"Buy Piperonal Online"}]},{"@type":"WebSite","@id":"https:\/\/subszone.com\/#website","url":"https:\/\/subszone.com\/","name":"SubsZone","description":"Min WordPress-blogg","publisher":{"@id":"https:\/\/subszone.com\/#organization"},"potentialAction":[{"@type":"SearchAction","target":{"@type":"EntryPoint","urlTemplate":"https:\/\/subszone.com\/?s={search_term_string}"},"query-input":{"@type":"PropertyValueSpecification","valueRequired":true,"valueName":"search_term_string"}}],"inLanguage":"sv-SE"},{"@type":"Organization","@id":"https:\/\/subszone.com\/#organization","name":"SubsZone","url":"https:\/\/subszone.com\/","logo":{"@type":"ImageObject","inLanguage":"sv-SE","@id":"https:\/\/subszone.com\/#\/schema\/logo\/image\/","url":"https:\/\/subszone.com\/wp-content\/uploads\/2024\/10\/logo.png","contentUrl":"https:\/\/subszone.com\/wp-content\/uploads\/2024\/10\/logo.png","width":193,"height":50,"caption":"SubsZone"},"image":{"@id":"https:\/\/subszone.com\/#\/schema\/logo\/image\/"}}]}},"_links":{"self":[{"href":"https:\/\/subszone.com\/sv\/wp-json\/wp\/v2\/product\/1245","targetHints":{"allow":["GET"]}}],"collection":[{"href":"https:\/\/subszone.com\/sv\/wp-json\/wp\/v2\/product"}],"about":[{"href":"https:\/\/subszone.com\/sv\/wp-json\/wp\/v2\/types\/product"}],"replies":[{"embeddable":true,"href":"https:\/\/subszone.com\/sv\/wp-json\/wp\/v2\/comments?post=1245"}],"wp:featuredmedia":[{"embeddable":true,"href":"https:\/\/subszone.com\/sv\/wp-json\/wp\/v2\/media\/1396"}],"wp:attachment":[{"href":"https:\/\/subszone.com\/sv\/wp-json\/wp\/v2\/media?parent=1245"}],"wp:term":[{"taxonomy":"product_brand","embeddable":true,"href":"https:\/\/subszone.com\/sv\/wp-json\/wp\/v2\/product_brand?post=1245"},{"taxonomy":"product_cat","embeddable":true,"href":"https:\/\/subszone.com\/sv\/wp-json\/wp\/v2\/product_cat?post=1245"},{"taxonomy":"product_tag","embeddable":true,"href":"https:\/\/subszone.com\/sv\/wp-json\/wp\/v2\/product_tag?post=1245"}],"curies":[{"name":"wp","href":"https:\/\/api.w.org\/{rel}","templated":true}]}}