{"id":1255,"date":"2024-10-24T07:20:14","date_gmt":"2024-10-24T07:20:14","guid":{"rendered":"https:\/\/subszone.com\/?post_type=product&#038;p=1255"},"modified":"2025-06-04T07:17:07","modified_gmt":"2025-06-04T07:17:07","slug":"kaliumnitrat","status":"publish","type":"product","link":"https:\/\/subszone.com\/sv\/product\/kaliumnitrat\/","title":{"rendered":"K\u00f6p kaliumnitrat online"},"content":{"rendered":"<h2><b>K\u00f6p kaliumnitrat online - m\u00e5ngsidig f\u00f6rening med h\u00f6g renhet f\u00f6r anv\u00e4ndning inom jordbruk, industri och vetenskap<\/b><\/h2>\n<p><span style=\"font-weight: 400;\">Ser till <\/span><a href=\"https:\/\/subszone.com\/sv\/product\/kaliumnitrat\/\"><b>k\u00f6pa kaliumnitrat online<\/b><\/a><span style=\"font-weight: 400;\"> f\u00f6r ditt n\u00e4sta projekt eller verksamhet? Vi erbjuder kaliumnitrat av h\u00f6gsta kvalitet som \u00e4r perfekt f\u00f6r ett brett spektrum av till\u00e4mpningar - fr\u00e5n jordbruksg\u00f6dsel till industriell tillverkning och vetenskaplig forskning. Med hj\u00e4lp av str\u00e4ng kvalitetskontroll, s\u00e4ker f\u00f6rpackning och snabb leverans \u00e4r v\u00e5r produkt ett p\u00e5litligt val f\u00f6r yrkesverksamma \u00f6ver hela v\u00e4rlden.<\/span><\/p>\n<h3><b>Vad \u00e4r kaliumnitrat?<\/b><\/h3>\n<p><span style=\"font-weight: 400;\">Kaliumnitrat (KNO\u2083) \u00e4r en vit kristallin f\u00f6rening som \u00e4r k\u00e4nd f\u00f6r sina starka oxiderande egenskaper och vattenl\u00f6slighet. Detta oorganiska salt best\u00e5r av kalium (K), kv\u00e4ve (N) och syre (O) och spelar en viktig roll i m\u00e5nga kemiska, jordbruks- och industriella till\u00e4mpningar. Det \u00e4r stabilt under normala lagringsf\u00f6rh\u00e5llanden och l\u00e4tt att l\u00f6sa upp och applicera.<\/span><\/p>\n<h3><b>Vanliga anv\u00e4ndningsomr\u00e5den f\u00f6r kaliumnitrat<\/b><\/h3>\n<ul>\n<li style=\"font-weight: 400;\" aria-level=\"1\"><b>Jordbruk:<\/b><span style=\"font-weight: 400;\"> Kaliumnitrat \u00e4r en viktig komponent i NPK-g\u00f6dselmedel och tillf\u00f6r viktiga n\u00e4rings\u00e4mnen till gr\u00f6dorna, vilket f\u00f6rb\u00e4ttrar avkastningen och v\u00e4xth\u00e4lsan.<\/span><span style=\"font-weight: 400;\">\n<p><\/span><\/li>\n<li style=\"font-weight: 400;\" aria-level=\"1\"><b>Industriell tillverkning:<\/b><span style=\"font-weight: 400;\"> Anv\u00e4nds i glasproduktion, keramik och emaljformuleringar tack vare sin v\u00e4rmestabilitet och sina kemiska egenskaper.<\/span><span style=\"font-weight: 400;\">\n<p><\/span><\/li>\n<li style=\"font-weight: 400;\" aria-level=\"1\"><b>Pyroteknik och drivmedel:<\/b><span style=\"font-weight: 400;\"> Viktig i fyrverkerier, spr\u00e4ng\u00e4mnen och raketdrivmedel p\u00e5 grund av sin roll som p\u00e5litlig oxidationsmedel.<\/span><span style=\"font-weight: 400;\">\n<p><\/span><\/li>\n<li style=\"font-weight: 400;\" aria-level=\"1\"><b>Laboratorie- och utbildningsanv\u00e4ndning:<\/b><span style=\"font-weight: 400;\"> Idealisk f\u00f6r kontrollerade kemiska reaktioner, demonstrationer och akademiska experiment.<\/span><span style=\"font-weight: 400;\">\n<p><\/span><\/li>\n<\/ul>\n<h3><b>Juridiska och s\u00e4kerhetsm\u00e4ssiga \u00f6verv\u00e4ganden<\/b><\/h3>\n<p><span style=\"font-weight: 400;\">Kaliumnitrat \u00e4r i allm\u00e4nhet lagligt att k\u00f6pa i m\u00e5nga l\u00e4nder f\u00f6r godk\u00e4nd anv\u00e4ndning inom industri, jordbruk eller utbildning. Vissa regioner kan dock kr\u00e4va det:<\/span><\/p>\n<ul>\n<li style=\"font-weight: 400;\" aria-level=\"1\"><span style=\"font-weight: 400;\">Dokumentation eller deklaration av avsedd anv\u00e4ndning<\/span><span style=\"font-weight: 400;\">\n<p><\/span><\/li>\n<li style=\"font-weight: 400;\" aria-level=\"1\"><span style=\"font-weight: 400;\">Efterlevnad av riktlinjer f\u00f6r hantering av farligt material<\/span><span style=\"font-weight: 400;\">\n<p><\/span><\/li>\n<li style=\"font-weight: 400;\" aria-level=\"1\"><span style=\"font-weight: 400;\">F\u00f6rvaring och transport enligt lokala lagar (klassificerad som oxidationsmedel)<\/span><span style=\"font-weight: 400;\">\n<p><\/span><\/li>\n<\/ul>\n<p><span style=\"font-weight: 400;\">Vi tillhandah\u00e5ller alla n\u00f6dv\u00e4ndiga <\/span><b>S\u00e4kerhetsdatablad (SDS)<\/b><span style=\"font-weight: 400;\"> och kan hj\u00e4lpa till med fr\u00e5gor om regelverk f\u00f6r att s\u00e4kerst\u00e4lla full efterlevnad.<\/span><\/p>\n<h3><b>Var kan jag k\u00f6pa kaliumnitrat online<\/b><\/h3>\n<p><span style=\"font-weight: 400;\">Vi \u00e4r din <\/span><b>b\u00e4sta st\u00e4llet att k\u00f6pa Kaliumnitrat p\u00e5<\/b><span style=\"font-weight: 400;\">-...som kombinerar kvalitet, prisv\u00e4rdhet och tillf\u00f6rlitlighet.<\/span><\/p>\n<p><b>Betrodda kemikalieleverant\u00f6rer<\/b><b><br \/>\n<\/b><b>Verifierad renhet och laboratorietestning<\/b><b><br \/>\n<\/b><b>Lantbruks- och laboratorieklasser tillg\u00e4ngliga<\/b><b><br \/>\n<\/b><b>S\u00e4kra transaktioner och global frakt<\/b><\/p>\n<p><span style=\"font-weight: 400;\">N\u00e4r du <\/span><b>Best\u00e4ll kaliumnitrat online<\/b><span style=\"font-weight: 400;\"> Genom oss v\u00e4ljer du en leverant\u00f6r med ett v\u00e4lk\u00e4nt rykte och ett starkt engagemang f\u00f6r kemikalies\u00e4kerhet och kundn\u00f6jdhet.<\/span><\/p>\n<h3><b>S\u00e4ker hantering och f\u00f6rvaring<\/b><\/h3>\n<p><span style=\"font-weight: 400;\">Kaliumnitrat b\u00f6r hanteras med f\u00f6rsiktighet:<\/span><\/p>\n<ul>\n<li style=\"font-weight: 400;\" aria-level=\"1\"><b>Etikett klart och tydligt<\/b><span style=\"font-weight: 400;\"> och f\u00f6rvara i luftt\u00e4ta originalf\u00f6rpackningar<\/span><span style=\"font-weight: 400;\">\n<p><\/span><\/li>\n<li style=\"font-weight: 400;\" aria-level=\"1\"><b>H\u00e5ll dig torr<\/b><span style=\"font-weight: 400;\"> och undvik kontakt med brandfarliga eller reducerande \u00e4mnen<\/span><span style=\"font-weight: 400;\">\n<p><\/span><\/li>\n<li style=\"font-weight: 400;\" aria-level=\"1\"><span style=\"font-weight: 400;\">Anv\u00e4nd l\u00e4mplig <\/span><b>Personlig skyddsutrustning (PPE)<\/b><span style=\"font-weight: 400;\">: handskar, skyddsglas\u00f6gon och labbrock<\/span><span style=\"font-weight: 400;\">\n<p><\/span><\/li>\n<li style=\"font-weight: 400;\" aria-level=\"1\"><span style=\"font-weight: 400;\">F\u00f6lj anvisningarna f\u00f6r f\u00f6rsta hj\u00e4lpen och n\u00f6dsituationer i s\u00e4kerhetsdatabladet<\/span><span style=\"font-weight: 400;\">\n<p><\/span><\/li>\n<\/ul>\n<p><span style=\"font-weight: 400;\">Korrekt utbildning och efterlevnad av riktlinjer bidrar till s\u00e4ker anv\u00e4ndning i b\u00e5de professionella och akademiska milj\u00f6er.<\/span><\/p>\n<h3><b>Varf\u00f6r v\u00e4lja oss?<\/b><\/h3>\n<ul>\n<li style=\"font-weight: 400;\" aria-level=\"1\"><b>Renhet av h\u00f6gsta klass<\/b><b>\n<p><\/b><\/li>\n<li style=\"font-weight: 400;\" aria-level=\"1\"><b>Bulk- och detaljhandelskvantiteter tillg\u00e4ngliga<\/b><b>\n<p><\/b><\/li>\n<li style=\"font-weight: 400;\" aria-level=\"1\"><b>Billigt kaliumnitratpris<\/b><span style=\"font-weight: 400;\"> utan att kompromissa med kvaliteten<\/span><span style=\"font-weight: 400;\">\n<p><\/span><\/li>\n<li style=\"font-weight: 400;\" aria-level=\"1\"><b>Utm\u00e4rkt kundsupport<\/b><b>\n<p><\/b><\/li>\n<li style=\"font-weight: 400;\" aria-level=\"1\"><b>Snabb och diskret leverans<\/b><b>\n<p><\/b><\/li>\n<\/ul>\n<p><span style=\"font-weight: 400;\">Vi arbetar med certifierade leverant\u00f6rer och skickar \u00f6ver hela v\u00e4rlden, vilket s\u00e4kerst\u00e4ller att du f\u00e5r din produkt snabbt och s\u00e4kert, oavsett var du befinner dig.<\/span><\/p>\n<h3><b>Kaliumnitrat till salu - Best\u00e4ll idag<\/b><\/h3>\n<p><span style=\"font-weight: 400;\">Oavsett om du \u00e4r odlare, tillverkare, laboratorietekniker eller forskare har vi <\/span><a href=\"https:\/\/en.wikipedia.org\/wiki\/Potassium_nitrate\"><b>Kaliumnitrat till salu<\/b><\/a><span style=\"font-weight: 400;\"> i den form och m\u00e4ngd du beh\u00f6ver. K\u00f6p med tillf\u00f6rsikt, eftersom du vet att du f\u00e5r en s\u00e4ker, h\u00f6gkvalitativ produkt fr\u00e5n en verifierad k\u00e4lla.<\/span><\/p>","protected":false},"excerpt":{"rendered":"<p><strong>Kaliumnitrat<\/strong>, med den kemiska formeln <span class=\"katex\"><span class=\"katex-mathml\">KNO3\\text{KNO}_3<\/span><span class=\"katex-html\" aria-hidden=\"true\"><span class=\"base\"><span class=\"mord\"><span class=\"mord text\">KNO<\/span><span class=\"msupsub\"><span class=\"vlist-t vlist-t2\"><span class=\"vlist-r\"><span class=\"vlist\"><span class=\"sizing reset-size6 size3 mtight\"><span class=\"mord mtight\">3<\/span><\/span><\/span><span class=\"vlist-s\">\u200b<\/span><\/span><\/span><\/span><\/span><\/span><\/span><\/span>\u00e4r en oorganisk f\u00f6rening som framtr\u00e4der som ett vitt kristallint fast \u00e4mne. Den anv\u00e4nds ofta i g\u00f6dningsmedel, f\u00f6r konservering av livsmedel och i olika industriella till\u00e4mpningar p\u00e5 grund av sin h\u00f6ga l\u00f6slighet och sitt n\u00e4ringsinneh\u00e5ll.<\/p>\n<ul>\n<li><strong>Kemisk formel<\/strong>: <span class=\"katex\"><span class=\"katex-mathml\">KNO3\\text{KNO}_3<\/span><span class=\"katex-html\" aria-hidden=\"true\"><span class=\"base\"><span class=\"mord\"><span class=\"mord text\">KNO<\/span><span class=\"msupsub\"><span class=\"vlist-t vlist-t2\"><span class=\"vlist-r\"><span class=\"vlist\"><span class=\"sizing reset-size6 size3 mtight\"><span class=\"mord mtight\">3<\/span><\/span><\/span><span class=\"vlist-s\">\u200b<\/span><\/span><\/span><\/span><\/span><\/span><\/span><\/span><\/li>\n<li><strong>Molekylvikt<\/strong>: 101,10 g\/mol<\/li>\n<li><strong>Utseende<\/strong>: Vitt kristallint pulver<\/li>\n<li><strong>Sm\u00e4ltpunkt<\/strong>: 334 \u00b0C (633 \u00b0F)<\/li>\n<li><strong>L\u00f6slighet<\/strong>: Mycket l\u00f6slig i vatten<\/li>\n<\/ul>","protected":false},"featured_media":1329,"comment_status":"open","ping_status":"closed","template":"","meta":{"_kadence_starter_templates_imported_post":false,"_kad_post_transparent":"default","_kad_post_title":"","_kad_post_layout":"default","_kad_post_sidebar_id":"","_kad_post_content_style":"default","_kad_post_vertical_padding":"default","_kad_post_feature":"","_kad_post_feature_position":"","_kad_post_header":false,"_kad_post_footer":false,"_joinchat":[]},"product_brand":[],"product_cat":[81],"product_tag":[939,936,951,940,938,948,945,942,947,944,950,937,943,946,941,954,952,935,953,949],"class_list":{"0":"post-1255","1":"product","2":"type-product","3":"status-publish","4":"has-post-thumbnail","6":"product_cat-fertilizers-and-agriculture","7":"product_tag-bulk-potassium-nitrate-supplier","8":"product_tag-buy-potassium-nitrate","9":"product_tag-commercial-potassium-nitrate-supply","10":"product_tag-high-purity-potassium-nitrate","11":"product_tag-industrial-potassium-nitrate-supply","12":"product_tag-potassium-nitrate-distributor","13":"product_tag-potassium-nitrate-for-explosives","14":"product_tag-potassium-nitrate-for-fertilizer","15":"product_tag-potassium-nitrate-for-food-preservation","16":"product_tag-potassium-nitrate-for-hydroponics","17":"product_tag-potassium-nitrate-for-industrial-applications","18":"product_tag-potassium-nitrate-for-sale","19":"product_tag-potassium-nitrate-in-agriculture","20":"product_tag-potassium-nitrate-in-pyrotechnics","21":"product_tag-potassium-nitrate-price-and-availability","22":"product_tag-potassium-nitrate-procurement","23":"product_tag-potassium-nitrate-safety-and-compliance","24":"product_tag-potassium-nitrate-supplier","25":"product_tag-reliable-potassium-nitrate-supplier","26":"product_tag-where-to-buy-potassium-nitrate","28":"first","29":"instock","30":"shipping-taxable","31":"product-type-simple","32":"entry","33":"content-bg","34":"loop-entry"},"yoast_head":"<!-- This site is optimized with the Yoast SEO plugin v25.6 - https:\/\/yoast.com\/wordpress\/plugins\/seo\/ -->\n<title>Buy Potassium Nitrate Online - Potassium Nitrate for Sale<\/title>\n<meta name=\"description\" content=\"Here is the chance to grab potassium nitrate for sale at cheap prices. Our online subszone store is selling potassium nitrate worldwide. Order to buy potassium nitrate online soon.\" \/>\n<meta name=\"robots\" content=\"index, follow, max-snippet:-1, max-image-preview:large, max-video-preview:-1\" \/>\n<link rel=\"canonical\" href=\"https:\/\/subszone.com\/sv\/product\/kaliumnitrat\/\" \/>\n<meta property=\"og:locale\" content=\"sv_SE\" \/>\n<meta property=\"og:type\" content=\"article\" \/>\n<meta property=\"og:title\" content=\"Buy Potassium Nitrate Online - Potassium Nitrate for Sale\" \/>\n<meta property=\"og:description\" content=\"Here is the chance to grab potassium nitrate for sale at cheap prices. Our online subszone store is selling potassium nitrate worldwide. Order to buy potassium nitrate online soon.\" \/>\n<meta property=\"og:url\" content=\"https:\/\/subszone.com\/sv\/product\/kaliumnitrat\/\" \/>\n<meta property=\"og:site_name\" content=\"SubsZone\" \/>\n<meta property=\"article:modified_time\" content=\"2025-06-04T07:17:07+00:00\" \/>\n<meta property=\"og:image\" content=\"https:\/\/subszone.com\/wp-content\/uploads\/2024\/10\/Potassium-Nitrate-Fertilizer.webp\" \/>\n\t<meta property=\"og:image:width\" content=\"1024\" \/>\n\t<meta property=\"og:image:height\" content=\"1024\" \/>\n\t<meta property=\"og:image:type\" content=\"image\/webp\" \/>\n<meta name=\"twitter:card\" content=\"summary_large_image\" \/>\n<meta name=\"twitter:label1\" content=\"Ber\u00e4knad l\u00e4stid\" \/>\n\t<meta name=\"twitter:data1\" content=\"3 minuter\" \/>\n<script type=\"application\/ld+json\" class=\"yoast-schema-graph\">{\"@context\":\"https:\/\/schema.org\",\"@graph\":[{\"@type\":\"WebPage\",\"@id\":\"https:\/\/subszone.com\/product\/potassium-nitrate\/\",\"url\":\"https:\/\/subszone.com\/product\/potassium-nitrate\/\",\"name\":\"Buy Potassium Nitrate Online - Potassium Nitrate for Sale\",\"isPartOf\":{\"@id\":\"https:\/\/subszone.com\/#website\"},\"primaryImageOfPage\":{\"@id\":\"https:\/\/subszone.com\/product\/potassium-nitrate\/#primaryimage\"},\"image\":{\"@id\":\"https:\/\/subszone.com\/product\/potassium-nitrate\/#primaryimage\"},\"thumbnailUrl\":\"https:\/\/subszone.com\/wp-content\/uploads\/2024\/10\/Potassium-Nitrate-Fertilizer.webp\",\"datePublished\":\"2024-10-24T07:20:14+00:00\",\"dateModified\":\"2025-06-04T07:17:07+00:00\",\"description\":\"Here is the chance to grab potassium nitrate for sale at cheap prices. Our online subszone store is selling potassium nitrate worldwide. Order to buy potassium nitrate online soon.\",\"breadcrumb\":{\"@id\":\"https:\/\/subszone.com\/product\/potassium-nitrate\/#breadcrumb\"},\"inLanguage\":\"sv-SE\",\"potentialAction\":[{\"@type\":\"ReadAction\",\"target\":[\"https:\/\/subszone.com\/product\/potassium-nitrate\/\"]}]},{\"@type\":\"ImageObject\",\"inLanguage\":\"sv-SE\",\"@id\":\"https:\/\/subszone.com\/product\/potassium-nitrate\/#primaryimage\",\"url\":\"https:\/\/subszone.com\/wp-content\/uploads\/2024\/10\/Potassium-Nitrate-Fertilizer.webp\",\"contentUrl\":\"https:\/\/subszone.com\/wp-content\/uploads\/2024\/10\/Potassium-Nitrate-Fertilizer.webp\",\"width\":1024,\"height\":1024,\"caption\":\"Buy Potassium Nitrate Online\"},{\"@type\":\"BreadcrumbList\",\"@id\":\"https:\/\/subszone.com\/product\/potassium-nitrate\/#breadcrumb\",\"itemListElement\":[{\"@type\":\"ListItem\",\"position\":1,\"name\":\"Home\",\"item\":\"https:\/\/subszone.com\/\"},{\"@type\":\"ListItem\",\"position\":2,\"name\":\"Shop\",\"item\":\"https:\/\/subszone.com\/shop\/\"},{\"@type\":\"ListItem\",\"position\":3,\"name\":\"Buy Potassium Nitrate Online\"}]},{\"@type\":\"WebSite\",\"@id\":\"https:\/\/subszone.com\/#website\",\"url\":\"https:\/\/subszone.com\/\",\"name\":\"SubsZone\",\"description\":\"My WordPress Blog\",\"publisher\":{\"@id\":\"https:\/\/subszone.com\/#organization\"},\"potentialAction\":[{\"@type\":\"SearchAction\",\"target\":{\"@type\":\"EntryPoint\",\"urlTemplate\":\"https:\/\/subszone.com\/?s={search_term_string}\"},\"query-input\":{\"@type\":\"PropertyValueSpecification\",\"valueRequired\":true,\"valueName\":\"search_term_string\"}}],\"inLanguage\":\"sv-SE\"},{\"@type\":\"Organization\",\"@id\":\"https:\/\/subszone.com\/#organization\",\"name\":\"SubsZone\",\"url\":\"https:\/\/subszone.com\/\",\"logo\":{\"@type\":\"ImageObject\",\"inLanguage\":\"sv-SE\",\"@id\":\"https:\/\/subszone.com\/#\/schema\/logo\/image\/\",\"url\":\"https:\/\/subszone.com\/wp-content\/uploads\/2024\/10\/logo.png\",\"contentUrl\":\"https:\/\/subszone.com\/wp-content\/uploads\/2024\/10\/logo.png\",\"width\":193,\"height\":50,\"caption\":\"SubsZone\"},\"image\":{\"@id\":\"https:\/\/subszone.com\/#\/schema\/logo\/image\/\"}}]}<\/script>\n<!-- \/ Yoast SEO plugin. -->","yoast_head_json":{"title":"K\u00f6p kaliumnitrat online - Kaliumnitrat till salu","description":"H\u00e4r \u00e4r chansen att ta tag i kaliumnitrat till salu till billiga priser. V\u00e5r online subszone-butik s\u00e4ljer kaliumnitrat \u00f6ver hela v\u00e4rlden. Best\u00e4ll f\u00f6r att k\u00f6pa kaliumnitrat online snart.","robots":{"index":"index","follow":"follow","max-snippet":"max-snippet:-1","max-image-preview":"max-image-preview:large","max-video-preview":"max-video-preview:-1"},"canonical":"https:\/\/subszone.com\/sv\/product\/kaliumnitrat\/","og_locale":"sv_SE","og_type":"article","og_title":"Buy Potassium Nitrate Online - Potassium Nitrate for Sale","og_description":"Here is the chance to grab potassium nitrate for sale at cheap prices. Our online subszone store is selling potassium nitrate worldwide. Order to buy potassium nitrate online soon.","og_url":"https:\/\/subszone.com\/sv\/product\/kaliumnitrat\/","og_site_name":"SubsZone","article_modified_time":"2025-06-04T07:17:07+00:00","og_image":[{"width":1024,"height":1024,"url":"https:\/\/subszone.com\/wp-content\/uploads\/2024\/10\/Potassium-Nitrate-Fertilizer.webp","type":"image\/webp"}],"twitter_card":"summary_large_image","twitter_misc":{"Ber\u00e4knad l\u00e4stid":"3 minuter"},"schema":{"@context":"https:\/\/schema.org","@graph":[{"@type":"WebPage","@id":"https:\/\/subszone.com\/product\/potassium-nitrate\/","url":"https:\/\/subszone.com\/product\/potassium-nitrate\/","name":"K\u00f6p kaliumnitrat online - Kaliumnitrat till salu","isPartOf":{"@id":"https:\/\/subszone.com\/#website"},"primaryImageOfPage":{"@id":"https:\/\/subszone.com\/product\/potassium-nitrate\/#primaryimage"},"image":{"@id":"https:\/\/subszone.com\/product\/potassium-nitrate\/#primaryimage"},"thumbnailUrl":"https:\/\/subszone.com\/wp-content\/uploads\/2024\/10\/Potassium-Nitrate-Fertilizer.webp","datePublished":"2024-10-24T07:20:14+00:00","dateModified":"2025-06-04T07:17:07+00:00","description":"H\u00e4r \u00e4r chansen att ta tag i kaliumnitrat till salu till billiga priser. V\u00e5r online subszone-butik s\u00e4ljer kaliumnitrat \u00f6ver hela v\u00e4rlden. Best\u00e4ll f\u00f6r att k\u00f6pa kaliumnitrat online snart.","breadcrumb":{"@id":"https:\/\/subszone.com\/product\/potassium-nitrate\/#breadcrumb"},"inLanguage":"sv-SE","potentialAction":[{"@type":"ReadAction","target":["https:\/\/subszone.com\/product\/potassium-nitrate\/"]}]},{"@type":"ImageObject","inLanguage":"sv-SE","@id":"https:\/\/subszone.com\/product\/potassium-nitrate\/#primaryimage","url":"https:\/\/subszone.com\/wp-content\/uploads\/2024\/10\/Potassium-Nitrate-Fertilizer.webp","contentUrl":"https:\/\/subszone.com\/wp-content\/uploads\/2024\/10\/Potassium-Nitrate-Fertilizer.webp","width":1024,"height":1024,"caption":"Buy Potassium Nitrate Online"},{"@type":"BreadcrumbList","@id":"https:\/\/subszone.com\/product\/potassium-nitrate\/#breadcrumb","itemListElement":[{"@type":"ListItem","position":1,"name":"Home","item":"https:\/\/subszone.com\/"},{"@type":"ListItem","position":2,"name":"Shop","item":"https:\/\/subszone.com\/shop\/"},{"@type":"ListItem","position":3,"name":"Buy Potassium Nitrate Online"}]},{"@type":"WebSite","@id":"https:\/\/subszone.com\/#website","url":"https:\/\/subszone.com\/","name":"SubsZone","description":"Min WordPress-blogg","publisher":{"@id":"https:\/\/subszone.com\/#organization"},"potentialAction":[{"@type":"SearchAction","target":{"@type":"EntryPoint","urlTemplate":"https:\/\/subszone.com\/?s={search_term_string}"},"query-input":{"@type":"PropertyValueSpecification","valueRequired":true,"valueName":"search_term_string"}}],"inLanguage":"sv-SE"},{"@type":"Organization","@id":"https:\/\/subszone.com\/#organization","name":"SubsZone","url":"https:\/\/subszone.com\/","logo":{"@type":"ImageObject","inLanguage":"sv-SE","@id":"https:\/\/subszone.com\/#\/schema\/logo\/image\/","url":"https:\/\/subszone.com\/wp-content\/uploads\/2024\/10\/logo.png","contentUrl":"https:\/\/subszone.com\/wp-content\/uploads\/2024\/10\/logo.png","width":193,"height":50,"caption":"SubsZone"},"image":{"@id":"https:\/\/subszone.com\/#\/schema\/logo\/image\/"}}]}},"_links":{"self":[{"href":"https:\/\/subszone.com\/sv\/wp-json\/wp\/v2\/product\/1255","targetHints":{"allow":["GET"]}}],"collection":[{"href":"https:\/\/subszone.com\/sv\/wp-json\/wp\/v2\/product"}],"about":[{"href":"https:\/\/subszone.com\/sv\/wp-json\/wp\/v2\/types\/product"}],"replies":[{"embeddable":true,"href":"https:\/\/subszone.com\/sv\/wp-json\/wp\/v2\/comments?post=1255"}],"wp:featuredmedia":[{"embeddable":true,"href":"https:\/\/subszone.com\/sv\/wp-json\/wp\/v2\/media\/1329"}],"wp:attachment":[{"href":"https:\/\/subszone.com\/sv\/wp-json\/wp\/v2\/media?parent=1255"}],"wp:term":[{"taxonomy":"product_brand","embeddable":true,"href":"https:\/\/subszone.com\/sv\/wp-json\/wp\/v2\/product_brand?post=1255"},{"taxonomy":"product_cat","embeddable":true,"href":"https:\/\/subszone.com\/sv\/wp-json\/wp\/v2\/product_cat?post=1255"},{"taxonomy":"product_tag","embeddable":true,"href":"https:\/\/subszone.com\/sv\/wp-json\/wp\/v2\/product_tag?post=1255"}],"curies":[{"name":"wp","href":"https:\/\/api.w.org\/{rel}","templated":true}]}}