{"id":1265,"date":"2024-10-24T07:50:05","date_gmt":"2024-10-24T07:50:05","guid":{"rendered":"https:\/\/subszone.com\/?post_type=product&#038;p=1265"},"modified":"2025-06-04T07:35:07","modified_gmt":"2025-06-04T07:35:07","slug":"pseudoefedrin","status":"publish","type":"product","link":"https:\/\/subszone.com\/sv\/product\/pseudoefedrin\/","title":{"rendered":"K\u00f6p Pseudoephedrine online"},"content":{"rendered":"<h2><b>K\u00f6p Pseudoephedrine Online - Snabb, effektiv lindring av n\u00e4st\u00e4ppa<\/b><\/h2>\n<p><span style=\"font-weight: 400;\">K\u00e4mpar du med n\u00e4st\u00e4ppa fr\u00e5n en f\u00f6rkylning, allergier eller bih\u00e5letryck? Hitta snabbverkande lindring med <\/span><a href=\"https:\/\/en.wikipedia.org\/wiki\/Pseudoephedrine\"><b>Pseudoefedrin<\/b><\/a><span style=\"font-weight: 400;\"> - ett kraftfullt receptfritt avsv\u00e4llande medel som miljontals m\u00e4nniskor litar p\u00e5. Oavsett om du har att g\u00f6ra med s\u00e4songsallergier eller k\u00e4mpar mot en sv\u00e5r f\u00f6rkylning, hj\u00e4lper pseudoefedrin till att \u00f6ppna luftv\u00e4garna och \u00e5terst\u00e4lla l\u00e4tt andning.<\/span><\/p>\n<p><span style=\"font-weight: 400;\">Nu kan du <\/span><b>Best\u00e4ll pseudoefedrin online<\/b><span style=\"font-weight: 400;\"> bekv\u00e4mt, s\u00e4kert och prisv\u00e4rt fr\u00e5n verifierade, licensierade apotek. Hoppa \u00f6ver k\u00f6erna p\u00e5 apoteket och f\u00e5 det diskret skickat till din d\u00f6rr.<\/span><\/p>\n<h3><b>Vad \u00e4r Pseudoephedrine?<\/b><\/h3>\n<p><span style=\"font-weight: 400;\"><a href=\"https:\/\/subszone.com\/sv\/product\/pseudoefedrin\/\">Pseudoefedrin<\/a> \u00e4r ett kraftigt avsv\u00e4llande medel som verkar genom att krympa svullna blodk\u00e4rl i n\u00e4sg\u00e5ngarna, vilket g\u00f6r att luften kan fl\u00f6da fritt. Det anv\u00e4nds vanligen f\u00f6r att lindra symtom i samband med:<\/span><\/p>\n<ul>\n<li style=\"font-weight: 400;\" aria-level=\"1\"><span style=\"font-weight: 400;\">Vanlig f\u00f6rkylning<\/span><span style=\"font-weight: 400;\">\n<p><\/span><\/li>\n<li style=\"font-weight: 400;\" aria-level=\"1\"><span style=\"font-weight: 400;\">Allergisk rinit (h\u00f6snuva)<\/span><span style=\"font-weight: 400;\">\n<p><\/span><\/li>\n<li style=\"font-weight: 400;\" aria-level=\"1\"><span style=\"font-weight: 400;\">Bih\u00e5leinflammation eller tryck i bih\u00e5lorna<\/span><span style=\"font-weight: 400;\">\n<p><\/span><\/li>\n<li style=\"font-weight: 400;\" aria-level=\"1\"><span style=\"font-weight: 400;\">Tr\u00e4ngsel i \u00f6vre luftv\u00e4garna<\/span><span style=\"font-weight: 400;\">\n<p><\/span><\/li>\n<\/ul>\n<p><span style=\"font-weight: 400;\">Den snabbverkande formulan ger l\u00e5ngvarig lindring s\u00e5 att du kan andas l\u00e4ttare och m\u00e5 b\u00e4ttre - utan att bli d\u00e5sig.<\/span><\/p>\n<h3><b>Varf\u00f6r k\u00f6pa Pseudoephedrine online?<\/b><\/h3>\n<p><span style=\"font-weight: 400;\">Med en v\u00e4xande efterfr\u00e5gan och begr\u00e4nsad tillg\u00e4nglighet i butik f\u00f6redrar m\u00e5nga konsumenter nu att <\/span><b>k\u00f6pa pseudoefedrin online<\/b><span style=\"font-weight: 400;\"> f\u00f6r bekv\u00e4mlighet, integritet och prisbesparingar. Onlinebest\u00e4llningar g\u00f6r att du kan:<\/span><\/p>\n<ul>\n<li style=\"font-weight: 400;\" aria-level=\"1\"><span style=\"font-weight: 400;\">Handla diskret fr\u00e5n hemmet<\/span><span style=\"font-weight: 400;\">\n<p><\/span><\/li>\n<li style=\"font-weight: 400;\" aria-level=\"1\"><span style=\"font-weight: 400;\">Enkelt att j\u00e4mf\u00f6ra varum\u00e4rken och doser<\/span><span style=\"font-weight: 400;\">\n<p><\/span><\/li>\n<li style=\"font-weight: 400;\" aria-level=\"1\"><span style=\"font-weight: 400;\">Dra nytta av <\/span><b>billiga pseudoefedrinpriser<\/b><b>\n<p><\/b><\/li>\n<li style=\"font-weight: 400;\" aria-level=\"1\"><span style=\"font-weight: 400;\">Undvik l\u00e5nga v\u00e4ntetider p\u00e5 apoteket<\/span><span style=\"font-weight: 400;\">\n<p><\/span><\/li>\n<\/ul>\n<p><span style=\"font-weight: 400;\">V\u00e5ra rekommenderade plattformar erbjuder s\u00e4kra transaktioner, verifierade ink\u00f6p och snabb leverans.<\/span><\/p>\n<h3><b>Juridiska riktlinjer och tips f\u00f6r s\u00e4kra k\u00f6p<\/b><\/h3>\n<p><span style=\"font-weight: 400;\">P\u00e5 grund av dess reglerade status enligt <\/span><b>Lag om bek\u00e4mpning av metamfetaminepidemin<\/b><span style=\"font-weight: 400;\">att k\u00f6pa pseudoefedrin i USA kommer med juridiska riktlinjer:<\/span><\/p>\n<ul>\n<li style=\"font-weight: 400;\" aria-level=\"1\"><span style=\"font-weight: 400;\">M\u00e5ste vara 18+ med giltig fotolegitimation<\/span><span style=\"font-weight: 400;\">\n<p><\/span><\/li>\n<li style=\"font-weight: 400;\" aria-level=\"1\"><span style=\"font-weight: 400;\">Ink\u00f6psgr\u00e4nser (vanligtvis 3,6 gram\/dag, 9 gram\/m\u00e5nad)<\/span><span style=\"font-weight: 400;\">\n<p><\/span><\/li>\n<li style=\"font-weight: 400;\" aria-level=\"1\"><span style=\"font-weight: 400;\">F\u00f6rs\u00e4ljningen f\u00f6ljs upp f\u00f6r att f\u00f6rhindra missbruk<\/span><span style=\"font-weight: 400;\">\n<p><\/span><\/li>\n<\/ul>\n<p><span style=\"font-weight: 400;\">Till <\/span><b>best\u00e4lla pseudoefedrin online lagligt<\/b><span style=\"font-weight: 400;\">alltid v\u00e4lja apotek som \u00e4r certifierade av <\/span><b>NABP<\/b><span style=\"font-weight: 400;\"> (National Association of Boards of Pharmacy) eller visa upp <\/span><b>VIPPS<\/b><span style=\"font-weight: 400;\"> t\u00e4tning.<\/span><\/p>\n<h3><b>B\u00e4sta st\u00e4llet att k\u00f6pa Pseudoephedrine p\u00e5 n\u00e4tet<\/b><\/h3>\n<p><span style=\"font-weight: 400;\">Letar du efter <\/span><b>b\u00e4sta st\u00e4llet att k\u00f6pa pseudoefedrin<\/b><span style=\"font-weight: 400;\">? V\u00e4lj licensierade, USA-baserade apotek med transparenta policyer, produktrecensioner och s\u00e4ker kassa. Tillf\u00f6rlitliga onlinek\u00e4llor erbjuder:<\/span><\/p>\n<ul>\n<li style=\"font-weight: 400;\" aria-level=\"1\"><span style=\"font-weight: 400;\">\u00c4kta m\u00e4rken som Sudafed eller generiska motsvarigheter<\/span><span style=\"font-weight: 400;\">\n<p><\/span><\/li>\n<li style=\"font-weight: 400;\" aria-level=\"1\"><span style=\"font-weight: 400;\">Konkurrenskraftiga priser och m\u00e4ngdrabatter<\/span><span style=\"font-weight: 400;\">\n<p><\/span><\/li>\n<li style=\"font-weight: 400;\" aria-level=\"1\"><span style=\"font-weight: 400;\">Enkla p\u00e5fyllningsalternativ och kundsupport<\/span><span style=\"font-weight: 400;\">\n<p><\/span><\/li>\n<\/ul>\n<h3><b>Best\u00e4ll Pseudoefedrin online - s\u00e4kert, enkelt, smart<\/b><\/h3>\n<p><span style=\"font-weight: 400;\">Oavsett om du vill lindra tr\u00e4ngsel i bih\u00e5lorna eller fylla p\u00e5 med ett p\u00e5litligt avsv\u00e4llande medel f\u00f6r s\u00e4songsbruk, <\/span><b>pseudoefedrin till salu online<\/b><span style=\"font-weight: 400;\"> \u00e4r en praktisk och effektiv l\u00f6sning. Med r\u00e4tt verifiering och omsorg kan du njuta av bekv\u00e4mligheten med onlinebest\u00e4llningar utan att kompromissa med s\u00e4kerhet eller laglighet.<\/span><\/p>","protected":false},"excerpt":{"rendered":"<p>Pseudoefedrin \u00e4r ett vanligt avsv\u00e4llande medel som ofta anv\u00e4nds i receptfria l\u00e4kemedel f\u00f6r att lindra n\u00e4s- eller bih\u00e5letr\u00e4ngsel p\u00e5 grund av f\u00f6rkylningar, allergier eller h\u00f6snuva. H\u00e4r f\u00f6ljer en \u00f6versikt \u00f6ver dess egenskaper, anv\u00e4ndningsomr\u00e5den, s\u00e4kerhetsaspekter och regelverk.<\/p>\n<ul>\n<li><strong>Kemisk formel<\/strong>: C\u2081\u2080H\u2081\u2083NO<\/li>\n<li><strong>Molekylvikt<\/strong>: 169,23 g\/mol<\/li>\n<li><strong>Fysiskt tillst\u00e5nd<\/strong>: Vitt kristallint pulver.<\/li>\n<li><strong>Sm\u00e4ltpunkt<\/strong>: Cirka 170 \u00b0C (338 \u00b0F).<\/li>\n<li><\/li>\n<\/ul>","protected":false},"featured_media":1390,"comment_status":"open","ping_status":"closed","template":"","meta":{"_kadence_starter_templates_imported_post":false,"_kad_post_transparent":"default","_kad_post_title":"","_kad_post_layout":"default","_kad_post_sidebar_id":"","_kad_post_content_style":"default","_kad_post_vertical_padding":"default","_kad_post_feature":"","_kad_post_feature_position":"","_kad_post_header":false,"_kad_post_footer":false,"_joinchat":[]},"product_brand":[],"product_cat":[83],"product_tag":[400,401,402,403,404,405,406,407,408,409,410,411,412,413,414,415,416,417,418,419,420,421,422,423,424],"class_list":{"0":"post-1265","1":"product","2":"type-product","3":"status-publish","4":"has-post-thumbnail","6":"product_cat-pharmaceutical-and-medical-uses","7":"product_tag-bulk-pseudoephedrine-supplier","8":"product_tag-buy-pseudoephedrine-for-research-and-development","9":"product_tag-buy-pseudoephedrine-in-bulk","10":"product_tag-buy-pseudoephedrine-sulfate-online","11":"product_tag-cas-90-82-4-chemical-suppliers","12":"product_tag-cas-90-82-4-pseudoephedrine-price","13":"product_tag-high-purity-pseudoephedrine-hcl","14":"product_tag-industrial-grade-pseudoephedrine","15":"product_tag-pharmaceutical-grade-pseudoephedrine-hcl","16":"product_tag-pseudoephedrine-bulk-chemical-supplier","17":"product_tag-pseudoephedrine-cas-number-90-82-4","18":"product_tag-pseudoephedrine-chemical-procurement","19":"product_tag-pseudoephedrine-chemical-suppliers","20":"product_tag-pseudoephedrine-for-drug-manufacturing","21":"product_tag-pseudoephedrine-for-pharmaceutical-use","22":"product_tag-pseudoephedrine-hcl-for-research","23":"product_tag-pseudoephedrine-hydrochloride-bulk-supplier","24":"product_tag-pseudoephedrine-hydrochloride-cas-345-78-8","25":"product_tag-pseudoephedrine-hydrochloride-for-sale","26":"product_tag-pseudoephedrine-hydrochloride-powder","27":"product_tag-pseudoephedrine-price-per-kilogram","28":"product_tag-pseudoephedrine-sulfate-cas-134-72-5","29":"product_tag-pseudoephedrine-sulfate-price-per-kilogram","30":"product_tag-pseudoephedrine-sulfate-wholesale","31":"product_tag-wholesale-pseudoephedrine-hcl-supplier","33":"first","34":"instock","35":"shipping-taxable","36":"product-type-simple","37":"entry","38":"content-bg","39":"loop-entry"},"yoast_head":"<!-- This site is optimized with the Yoast SEO plugin v25.6 - https:\/\/yoast.com\/wordpress\/plugins\/seo\/ -->\n<title>Buy Pseudoephedrine Online - Pseudoephedrine for Sale<\/title>\n<meta name=\"description\" content=\"Looking high-quality pseudoephedrine for sale online? subszone is a leading store where you can buy pseudoephedrine online at the best price. Order Now with Discreet Shipping!\" \/>\n<meta name=\"robots\" content=\"index, follow, max-snippet:-1, max-image-preview:large, max-video-preview:-1\" \/>\n<link rel=\"canonical\" href=\"https:\/\/subszone.com\/sv\/product\/pseudoefedrin\/\" \/>\n<meta property=\"og:locale\" content=\"sv_SE\" \/>\n<meta property=\"og:type\" content=\"article\" \/>\n<meta property=\"og:title\" content=\"Buy Pseudoephedrine Online - Pseudoephedrine for Sale\" \/>\n<meta property=\"og:description\" content=\"Looking high-quality pseudoephedrine for sale online? subszone is a leading store where you can buy pseudoephedrine online at the best price. Order Now with Discreet Shipping!\" \/>\n<meta property=\"og:url\" content=\"https:\/\/subszone.com\/sv\/product\/pseudoefedrin\/\" \/>\n<meta property=\"og:site_name\" content=\"SubsZone\" \/>\n<meta property=\"article:modified_time\" content=\"2025-06-04T07:35:07+00:00\" \/>\n<meta property=\"og:image\" content=\"https:\/\/subszone.com\/wp-content\/uploads\/2024\/10\/Acetyl-Chloride-1.gif\" \/>\n\t<meta property=\"og:image:width\" content=\"600\" \/>\n\t<meta property=\"og:image:height\" content=\"600\" \/>\n\t<meta property=\"og:image:type\" content=\"image\/gif\" \/>\n<meta name=\"twitter:card\" content=\"summary_large_image\" \/>\n<meta name=\"twitter:label1\" content=\"Ber\u00e4knad l\u00e4stid\" \/>\n\t<meta name=\"twitter:data1\" content=\"2 minuter\" \/>\n<script type=\"application\/ld+json\" class=\"yoast-schema-graph\">{\"@context\":\"https:\/\/schema.org\",\"@graph\":[{\"@type\":\"WebPage\",\"@id\":\"https:\/\/subszone.com\/product\/pseudoephedrine\/\",\"url\":\"https:\/\/subszone.com\/product\/pseudoephedrine\/\",\"name\":\"Buy Pseudoephedrine Online - Pseudoephedrine for Sale\",\"isPartOf\":{\"@id\":\"https:\/\/subszone.com\/#website\"},\"primaryImageOfPage\":{\"@id\":\"https:\/\/subszone.com\/product\/pseudoephedrine\/#primaryimage\"},\"image\":{\"@id\":\"https:\/\/subszone.com\/product\/pseudoephedrine\/#primaryimage\"},\"thumbnailUrl\":\"https:\/\/subszone.com\/wp-content\/uploads\/2024\/10\/Acetyl-Chloride-1.gif\",\"datePublished\":\"2024-10-24T07:50:05+00:00\",\"dateModified\":\"2025-06-04T07:35:07+00:00\",\"description\":\"Looking high-quality pseudoephedrine for sale online? subszone is a leading store where you can buy pseudoephedrine online at the best price. Order Now with Discreet Shipping!\",\"breadcrumb\":{\"@id\":\"https:\/\/subszone.com\/product\/pseudoephedrine\/#breadcrumb\"},\"inLanguage\":\"sv-SE\",\"potentialAction\":[{\"@type\":\"ReadAction\",\"target\":[\"https:\/\/subszone.com\/product\/pseudoephedrine\/\"]}]},{\"@type\":\"ImageObject\",\"inLanguage\":\"sv-SE\",\"@id\":\"https:\/\/subszone.com\/product\/pseudoephedrine\/#primaryimage\",\"url\":\"https:\/\/subszone.com\/wp-content\/uploads\/2024\/10\/Acetyl-Chloride-1.gif\",\"contentUrl\":\"https:\/\/subszone.com\/wp-content\/uploads\/2024\/10\/Acetyl-Chloride-1.gif\",\"width\":600,\"height\":600,\"caption\":\"Buy Pseudoephedrine Online\"},{\"@type\":\"BreadcrumbList\",\"@id\":\"https:\/\/subszone.com\/product\/pseudoephedrine\/#breadcrumb\",\"itemListElement\":[{\"@type\":\"ListItem\",\"position\":1,\"name\":\"Home\",\"item\":\"https:\/\/subszone.com\/\"},{\"@type\":\"ListItem\",\"position\":2,\"name\":\"Shop\",\"item\":\"https:\/\/subszone.com\/shop\/\"},{\"@type\":\"ListItem\",\"position\":3,\"name\":\"Buy Pseudoephedrine Online\"}]},{\"@type\":\"WebSite\",\"@id\":\"https:\/\/subszone.com\/#website\",\"url\":\"https:\/\/subszone.com\/\",\"name\":\"SubsZone\",\"description\":\"My WordPress Blog\",\"publisher\":{\"@id\":\"https:\/\/subszone.com\/#organization\"},\"potentialAction\":[{\"@type\":\"SearchAction\",\"target\":{\"@type\":\"EntryPoint\",\"urlTemplate\":\"https:\/\/subszone.com\/?s={search_term_string}\"},\"query-input\":{\"@type\":\"PropertyValueSpecification\",\"valueRequired\":true,\"valueName\":\"search_term_string\"}}],\"inLanguage\":\"sv-SE\"},{\"@type\":\"Organization\",\"@id\":\"https:\/\/subszone.com\/#organization\",\"name\":\"SubsZone\",\"url\":\"https:\/\/subszone.com\/\",\"logo\":{\"@type\":\"ImageObject\",\"inLanguage\":\"sv-SE\",\"@id\":\"https:\/\/subszone.com\/#\/schema\/logo\/image\/\",\"url\":\"https:\/\/subszone.com\/wp-content\/uploads\/2024\/10\/logo.png\",\"contentUrl\":\"https:\/\/subszone.com\/wp-content\/uploads\/2024\/10\/logo.png\",\"width\":193,\"height\":50,\"caption\":\"SubsZone\"},\"image\":{\"@id\":\"https:\/\/subszone.com\/#\/schema\/logo\/image\/\"}}]}<\/script>\n<!-- \/ Yoast SEO plugin. -->","yoast_head_json":{"title":"K\u00f6p Pseudoephedrine Online - Pseudoephedrine till salu","description":"Letar du efter h\u00f6gkvalitativ pseudoefedrin till salu online? subszone \u00e4r en ledande butik d\u00e4r du kan k\u00f6pa pseudoefedrin online till b\u00e4sta pris. Best\u00e4ll nu med diskret frakt!","robots":{"index":"index","follow":"follow","max-snippet":"max-snippet:-1","max-image-preview":"max-image-preview:large","max-video-preview":"max-video-preview:-1"},"canonical":"https:\/\/subszone.com\/sv\/product\/pseudoefedrin\/","og_locale":"sv_SE","og_type":"article","og_title":"Buy Pseudoephedrine Online - Pseudoephedrine for Sale","og_description":"Looking high-quality pseudoephedrine for sale online? subszone is a leading store where you can buy pseudoephedrine online at the best price. Order Now with Discreet Shipping!","og_url":"https:\/\/subszone.com\/sv\/product\/pseudoefedrin\/","og_site_name":"SubsZone","article_modified_time":"2025-06-04T07:35:07+00:00","og_image":[{"width":600,"height":600,"url":"https:\/\/subszone.com\/wp-content\/uploads\/2024\/10\/Acetyl-Chloride-1.gif","type":"image\/gif"}],"twitter_card":"summary_large_image","twitter_misc":{"Ber\u00e4knad l\u00e4stid":"2 minuter"},"schema":{"@context":"https:\/\/schema.org","@graph":[{"@type":"WebPage","@id":"https:\/\/subszone.com\/product\/pseudoephedrine\/","url":"https:\/\/subszone.com\/product\/pseudoephedrine\/","name":"K\u00f6p Pseudoephedrine Online - Pseudoephedrine till salu","isPartOf":{"@id":"https:\/\/subszone.com\/#website"},"primaryImageOfPage":{"@id":"https:\/\/subszone.com\/product\/pseudoephedrine\/#primaryimage"},"image":{"@id":"https:\/\/subszone.com\/product\/pseudoephedrine\/#primaryimage"},"thumbnailUrl":"https:\/\/subszone.com\/wp-content\/uploads\/2024\/10\/Acetyl-Chloride-1.gif","datePublished":"2024-10-24T07:50:05+00:00","dateModified":"2025-06-04T07:35:07+00:00","description":"Letar du efter h\u00f6gkvalitativ pseudoefedrin till salu online? subszone \u00e4r en ledande butik d\u00e4r du kan k\u00f6pa pseudoefedrin online till b\u00e4sta pris. Best\u00e4ll nu med diskret frakt!","breadcrumb":{"@id":"https:\/\/subszone.com\/product\/pseudoephedrine\/#breadcrumb"},"inLanguage":"sv-SE","potentialAction":[{"@type":"ReadAction","target":["https:\/\/subszone.com\/product\/pseudoephedrine\/"]}]},{"@type":"ImageObject","inLanguage":"sv-SE","@id":"https:\/\/subszone.com\/product\/pseudoephedrine\/#primaryimage","url":"https:\/\/subszone.com\/wp-content\/uploads\/2024\/10\/Acetyl-Chloride-1.gif","contentUrl":"https:\/\/subszone.com\/wp-content\/uploads\/2024\/10\/Acetyl-Chloride-1.gif","width":600,"height":600,"caption":"Buy Pseudoephedrine Online"},{"@type":"BreadcrumbList","@id":"https:\/\/subszone.com\/product\/pseudoephedrine\/#breadcrumb","itemListElement":[{"@type":"ListItem","position":1,"name":"Home","item":"https:\/\/subszone.com\/"},{"@type":"ListItem","position":2,"name":"Shop","item":"https:\/\/subszone.com\/shop\/"},{"@type":"ListItem","position":3,"name":"Buy Pseudoephedrine Online"}]},{"@type":"WebSite","@id":"https:\/\/subszone.com\/#website","url":"https:\/\/subszone.com\/","name":"SubsZone","description":"Min WordPress-blogg","publisher":{"@id":"https:\/\/subszone.com\/#organization"},"potentialAction":[{"@type":"SearchAction","target":{"@type":"EntryPoint","urlTemplate":"https:\/\/subszone.com\/?s={search_term_string}"},"query-input":{"@type":"PropertyValueSpecification","valueRequired":true,"valueName":"search_term_string"}}],"inLanguage":"sv-SE"},{"@type":"Organization","@id":"https:\/\/subszone.com\/#organization","name":"SubsZone","url":"https:\/\/subszone.com\/","logo":{"@type":"ImageObject","inLanguage":"sv-SE","@id":"https:\/\/subszone.com\/#\/schema\/logo\/image\/","url":"https:\/\/subszone.com\/wp-content\/uploads\/2024\/10\/logo.png","contentUrl":"https:\/\/subszone.com\/wp-content\/uploads\/2024\/10\/logo.png","width":193,"height":50,"caption":"SubsZone"},"image":{"@id":"https:\/\/subszone.com\/#\/schema\/logo\/image\/"}}]}},"_links":{"self":[{"href":"https:\/\/subszone.com\/sv\/wp-json\/wp\/v2\/product\/1265","targetHints":{"allow":["GET"]}}],"collection":[{"href":"https:\/\/subszone.com\/sv\/wp-json\/wp\/v2\/product"}],"about":[{"href":"https:\/\/subszone.com\/sv\/wp-json\/wp\/v2\/types\/product"}],"replies":[{"embeddable":true,"href":"https:\/\/subszone.com\/sv\/wp-json\/wp\/v2\/comments?post=1265"}],"wp:featuredmedia":[{"embeddable":true,"href":"https:\/\/subszone.com\/sv\/wp-json\/wp\/v2\/media\/1390"}],"wp:attachment":[{"href":"https:\/\/subszone.com\/sv\/wp-json\/wp\/v2\/media?parent=1265"}],"wp:term":[{"taxonomy":"product_brand","embeddable":true,"href":"https:\/\/subszone.com\/sv\/wp-json\/wp\/v2\/product_brand?post=1265"},{"taxonomy":"product_cat","embeddable":true,"href":"https:\/\/subszone.com\/sv\/wp-json\/wp\/v2\/product_cat?post=1265"},{"taxonomy":"product_tag","embeddable":true,"href":"https:\/\/subszone.com\/sv\/wp-json\/wp\/v2\/product_tag?post=1265"}],"curies":[{"name":"wp","href":"https:\/\/api.w.org\/{rel}","templated":true}]}}