{"id":1610,"date":"2024-11-08T04:45:06","date_gmt":"2024-11-08T04:45:06","guid":{"rendered":"https:\/\/subszone.com\/?post_type=product&#038;p=1610"},"modified":"2025-08-01T08:04:33","modified_gmt":"2025-08-01T08:04:33","slug":"dichloromethane-methylene-chloride-2","status":"publish","type":"product","link":"https:\/\/subszone.com\/sv\/product\/dichloromethane-methylene-chloride-2\/","title":{"rendered":"K\u00f6p diklormetan (metylenklorid) online"},"content":{"rendered":"<h2><b>K\u00f6p Dichloromethane (Methylene Chloride) online - p\u00e5litlig k\u00e4lla, h\u00f6gsta kvalitet<\/b><\/h2>\n<p><b>Ser till <a href=\"https:\/\/subszone.com\/sv\/product\/diklormetan-metylenklorid\/\">k\u00f6pa diklormetan (metylenklorid) online<\/a> med sj\u00e4lvf\u00f6rtroende?<\/b><span style=\"font-weight: 400;\"> Oavsett om du bedriver forskning, hanterar industriella processer eller s\u00f6ker ett tillf\u00f6rlitligt l\u00f6sningsmedel f\u00f6r specialiserade till\u00e4mpningar \u00e4r v\u00e5r h\u00f6gkvalitativa diklormetan (DCM) det perfekta valet. Denna produkt, som erbjuds till ett konkurrenskraftigt pris och kommer fr\u00e5n certifierade leverant\u00f6rer, uppfyller de h\u00f6gsta standarderna f\u00f6r renhet, s\u00e4kerhet och prestanda.<\/span><\/p>\n<h3><b>Vad \u00e4r diklormetan (metylenklorid)?<\/b><\/h3>\n<p><span style=\"font-weight: 400;\">Diklormetan, \u00e4ven k\u00e4nd som metylenklorid eller DCM, \u00e4r en f\u00e4rgl\u00f6s, flyktig v\u00e4tska som ofta anv\u00e4nds som l\u00f6sningsmedel i en rad olika branscher - fr\u00e5n l\u00e4kemedel och f\u00e4rgborttagning till laboratorieforskning och kemisk syntes. DCM \u00e4r k\u00e4nt f\u00f6r sin exceptionella l\u00f6sningsf\u00f6rm\u00e5ga och snabba avdunstningshastighet och \u00e4r fortfarande en stapelvara i b\u00e5de kommersiella och akademiska milj\u00f6er.<\/span><\/p>\n<h3><b>Vanliga industri- och laboratorieanv\u00e4ndningar<\/b><\/h3>\n<ul>\n<li style=\"font-weight: 400;\" aria-level=\"1\"><b>L\u00f6sningsmedel f\u00f6r kemiska reaktioner och extraktioner<\/b>&nbsp;<\/li>\n<li style=\"font-weight: 400;\" aria-level=\"1\"><b>F\u00e4rg- och bel\u00e4ggningsborttagningsmedel<\/b>&nbsp;<\/li>\n<li style=\"font-weight: 400;\" aria-level=\"1\"><b>Reng\u00f6ring av flyg- och elektronikindustrin<\/b>&nbsp;<\/li>\n<li style=\"font-weight: 400;\" aria-level=\"1\"><b>Polymer- och limbearbetning<\/b>&nbsp;<\/li>\n<li style=\"font-weight: 400;\" aria-level=\"1\"><b>Provberedning i laboratorieklass<\/b>&nbsp;<\/li>\n<\/ul>\n<p><span style=\"font-weight: 400;\">Oavsett om du best\u00e4ller till ett professionellt laboratorium eller en industrianl\u00e4ggning, <a href=\"https:\/\/en.wikipedia.org\/wiki\/Dichloromethane\">Diklormetan<\/a> ger m\u00e5ngsidighet och prestanda som du kan lita p\u00e5.<\/span><\/p>\n<h3><b>Varf\u00f6r k\u00f6pa fr\u00e5n oss? Vad ska man leta efter hos en v\u00e4lrenommerad leverant\u00f6r?<\/b><\/h3>\n<p><span style=\"font-weight: 400;\">N\u00e4r du best\u00e4ller Dichloromethane (Methylene Chloride) online via v\u00e5r plattform f\u00e5r du mer \u00e4n bara en kemikalie - du s\u00e4krar s\u00e4kerhet, efterlevnad och sinnesfrid.<\/span><\/p>\n<p><b>Verifierade certifieringar<\/b><b><br \/>\n<\/b><span style=\"font-weight: 400;\"> Alla produkter kommer fr\u00e5n tillverkare som uppfyller ISO:s och industrins s\u00e4kerhetsstandarder, vilket garanterar en kvalitet som uppfyller lagstadgade krav.<\/span><\/p>\n<p><b>S\u00e4ker f\u00f6rpackning och transport<\/b><b><br \/>\n<\/b><span style=\"font-weight: 400;\"> Din best\u00e4llning skickas med UN-godk\u00e4nda beh\u00e5llare och m\u00e4rkning, enligt alla protokoll f\u00f6r transport av farligt material f\u00f6r s\u00e4ker transport.<\/span><\/p>\n<p><b>Detaljerad s\u00e4kerhetsdokumentation (SDS)<\/b><b><br \/>\n<\/b><span style=\"font-weight: 400;\"> Varje k\u00f6p inkluderar ett fullst\u00e4ndigt s\u00e4kerhetsdatablad (SDS) med information om hantering, f\u00f6rvaring och n\u00f6dsituationer.<\/span><\/p>\n<p><b>Dedikerad support<\/b><b><br \/>\n<\/b><span style=\"font-weight: 400;\"> Har du n\u00e5gra fr\u00e5gor? V\u00e5ra kemikaliespecialister finns tillg\u00e4ngliga f\u00f6r att v\u00e4gleda dig genom efterlevnad, anv\u00e4ndning och produktval.<\/span><\/p>\n<h3><b>Tips f\u00f6r att k\u00f6pa diklormetan online<\/b><\/h3>\n<p><b>B\u00e4sta plattformarna att k\u00f6pa<\/b><b><br \/>\n<\/b><span style=\"font-weight: 400;\"> Vi \u00e4r bland de h\u00f6gst rankade plattformarna som erbjuder Dichloromethane (Methylene Chloride) till salu med s\u00e4ker kassa och verifierade recensioner.<\/span><\/p>\n<p><b>Flexibla betalnings- och leveransalternativ<\/b><b><br \/>\n<\/b><span style=\"font-weight: 400;\"> Vi erbjuder flera betalningsmetoder, snabb leverans och en transparent returpolicy som \u00e4r skr\u00e4ddarsydd f\u00f6r B2B- och forskningsk\u00f6pare.<\/span><\/p>\n<p><b>Undvik f\u00f6rfalskade eller olagliga s\u00e4ljare<\/b><b><br \/>\n<\/b><span style=\"font-weight: 400;\"> Med \u00f6kande regler f\u00f6r f\u00f6rs\u00e4ljning av kemikalier \u00e4r det viktigt att endast k\u00f6pa fr\u00e5n p\u00e5litliga leverant\u00f6rer. Vi s\u00e4kerst\u00e4ller full sp\u00e5rbarhet och efterlevnad av lagar och regler f\u00f6r alla leveranser.<\/span><\/p>\n<h3><b>F\u00f6rvaring och s\u00e4ker hantering<\/b><\/h3>\n<p><span style=\"font-weight: 400;\">F\u00f6rvara diklormetan i ett svalt, v\u00e4lventilerat utrymme, \u00e5tskilt fr\u00e5n v\u00e4rmek\u00e4llor och of\u00f6renliga \u00e4mnen. Anv\u00e4nd alltid personlig skyddsutrustning (PPE), inklusive handskar och skyddsglas\u00f6gon, under hanteringen. F\u00f6lj alla lokala och nationella riktlinjer f\u00f6r bortskaffande av farliga l\u00f6sningsmedel.<\/span><\/p>\n<h3><b>Slutsats: Ansvarsfulla ink\u00f6p, o\u00f6vertr\u00e4ffad kvalitet<\/b><\/h3>\n<p><span style=\"font-weight: 400;\">P\u00e5 marknaden f\u00f6r <\/span><b>Dichloromethane (Methylene Chloride) till salu<\/b><span style=\"font-weight: 400;\">? D\u00e5 beh\u00f6ver du inte leta l\u00e4ngre. Vi erbjuder <\/span><b>b\u00e4sta st\u00e4llet att k\u00f6pa Dichloromethane (Methylene Chloride)<\/b><span style=\"font-weight: 400;\"> online - p\u00e5 en <\/span><b>billigt pris<\/b><span style=\"font-weight: 400;\"> utan att kompromissa med kvalitet eller efterlevnad.<\/span><\/p>\n<p><span style=\"font-weight: 400;\">Best\u00e4ll idag och upplev:<\/span><\/p>\n<ul>\n<li style=\"font-weight: 400;\" aria-level=\"1\"><span style=\"font-weight: 400;\">DCM med h\u00f6g renhet<\/span>&nbsp;<\/li>\n<li style=\"font-weight: 400;\" aria-level=\"1\"><span style=\"font-weight: 400;\">Snabb och p\u00e5litlig leverans<\/span>&nbsp;<\/li>\n<li style=\"font-weight: 400;\" aria-level=\"1\"><span style=\"font-weight: 400;\">Expertst\u00f6d<\/span>&nbsp;<\/li>\n<li style=\"font-weight: 400;\" aria-level=\"1\"><span style=\"font-weight: 400;\">100% kundn\u00f6jdhet<\/span><\/li>\n<\/ul>","protected":false},"excerpt":{"rendered":"<p>Diklormetan, allm\u00e4nt k\u00e4nd som metylenklorid, \u00e4r en f\u00e4rgl\u00f6s, flyktig v\u00e4tska med en s\u00f6t, kloroformliknande lukt. Dess kemiska formel \u00e4r CH\u2082Cl\u2082. Detta l\u00f6sningsmedel anv\u00e4nds ofta i olika industriella applikationer p\u00e5 grund av dess effektiva l\u00f6sningsmedelsegenskaper.<\/p>\n<ul>\n<li><strong>Kemisk formel<\/strong>: CH\u2082Cl\u2082<\/li>\n<li><strong>Molekylvikt<\/strong>: 84,93 g\/mol<\/li>\n<li><strong>Kokpunkt<\/strong>: Cirka 39,6 \u00b0C (103,3 \u00b0F)<\/li>\n<li><strong>T\u00e4thet<\/strong>: 1,33 g\/cm\u00b3<\/li>\n<li><strong>L\u00f6slighet<\/strong>: Ol\u00f6slig i vatten men blandbar med organiska l\u00f6sningsmedel.<\/li>\n<\/ul>","protected":false},"featured_media":1425,"comment_status":"open","ping_status":"closed","template":"","meta":{"_kadence_starter_templates_imported_post":false,"_kad_post_transparent":"default","_kad_post_title":"","_kad_post_layout":"default","_kad_post_sidebar_id":"","_kad_post_content_style":"default","_kad_post_vertical_padding":"default","_kad_post_feature":"","_kad_post_feature_position":"","_kad_post_header":false,"_kad_post_footer":false,"_joinchat":[]},"product_brand":[],"product_cat":[59],"product_tag":[],"class_list":{"0":"post-1610","1":"product","2":"type-product","3":"status-publish","4":"has-post-thumbnail","6":"product_cat-chemical-manufacturing-and-synthesis","8":"first","9":"instock","10":"shipping-taxable","11":"product-type-simple","12":"entry","13":"content-bg","14":"loop-entry"},"yoast_head":"<!-- This site is optimized with the Yoast SEO plugin v25.6 - https:\/\/yoast.com\/wordpress\/plugins\/seo\/ -->\n<title>Buy Dichloromethane (Methylene Chloride) Online | Subszone<\/title>\n<meta name=\"description\" content=\"Explore our online store for dichloromethane methylene chloride for sale, offering high-quality dichloromethane methylene chloride. Buy dichloromethane methylene chloride online. Order now\" \/>\n<meta name=\"robots\" content=\"index, follow, max-snippet:-1, max-image-preview:large, max-video-preview:-1\" \/>\n<link rel=\"canonical\" href=\"https:\/\/subszone.com\/sv\/product\/dichloromethane-methylene-chloride-2\/\" \/>\n<meta property=\"og:locale\" content=\"sv_SE\" \/>\n<meta property=\"og:type\" content=\"article\" \/>\n<meta property=\"og:title\" content=\"Buy Dichloromethane (Methylene Chloride) Online | Subszone\" \/>\n<meta property=\"og:description\" content=\"Explore our online store for dichloromethane methylene chloride for sale, offering high-quality dichloromethane methylene chloride. Buy dichloromethane methylene chloride online. Order now\" \/>\n<meta property=\"og:url\" content=\"https:\/\/subszone.com\/sv\/product\/dichloromethane-methylene-chloride-2\/\" \/>\n<meta property=\"og:site_name\" content=\"SubsZone\" \/>\n<meta property=\"article:modified_time\" content=\"2025-08-01T08:04:33+00:00\" \/>\n<meta property=\"og:image\" content=\"https:\/\/subszone.com\/wp-content\/uploads\/2024\/10\/Dichloromethane-Methylene-Chloride-2.gif\" \/>\n\t<meta property=\"og:image:width\" content=\"600\" \/>\n\t<meta property=\"og:image:height\" content=\"600\" \/>\n\t<meta property=\"og:image:type\" content=\"image\/gif\" \/>\n<meta name=\"twitter:card\" content=\"summary_large_image\" \/>\n<meta name=\"twitter:label1\" content=\"Ber\u00e4knad l\u00e4stid\" \/>\n\t<meta name=\"twitter:data1\" content=\"3 minuter\" \/>\n<script type=\"application\/ld+json\" class=\"yoast-schema-graph\">{\"@context\":\"https:\/\/schema.org\",\"@graph\":[{\"@type\":\"WebPage\",\"@id\":\"https:\/\/subszone.com\/product\/dichloromethane-methylene-chloride-2\/\",\"url\":\"https:\/\/subszone.com\/product\/dichloromethane-methylene-chloride-2\/\",\"name\":\"Buy Dichloromethane (Methylene Chloride) Online | Subszone\",\"isPartOf\":{\"@id\":\"https:\/\/subszone.com\/#website\"},\"primaryImageOfPage\":{\"@id\":\"https:\/\/subszone.com\/product\/dichloromethane-methylene-chloride-2\/#primaryimage\"},\"image\":{\"@id\":\"https:\/\/subszone.com\/product\/dichloromethane-methylene-chloride-2\/#primaryimage\"},\"thumbnailUrl\":\"https:\/\/subszone.com\/wp-content\/uploads\/2024\/10\/Dichloromethane-Methylene-Chloride-2.gif\",\"datePublished\":\"2024-11-08T04:45:06+00:00\",\"dateModified\":\"2025-08-01T08:04:33+00:00\",\"description\":\"Explore our online store for dichloromethane methylene chloride for sale, offering high-quality dichloromethane methylene chloride. Buy dichloromethane methylene chloride online. Order now\",\"breadcrumb\":{\"@id\":\"https:\/\/subszone.com\/product\/dichloromethane-methylene-chloride-2\/#breadcrumb\"},\"inLanguage\":\"sv-SE\",\"potentialAction\":[{\"@type\":\"ReadAction\",\"target\":[\"https:\/\/subszone.com\/product\/dichloromethane-methylene-chloride-2\/\"]}]},{\"@type\":\"ImageObject\",\"inLanguage\":\"sv-SE\",\"@id\":\"https:\/\/subszone.com\/product\/dichloromethane-methylene-chloride-2\/#primaryimage\",\"url\":\"https:\/\/subszone.com\/wp-content\/uploads\/2024\/10\/Dichloromethane-Methylene-Chloride-2.gif\",\"contentUrl\":\"https:\/\/subszone.com\/wp-content\/uploads\/2024\/10\/Dichloromethane-Methylene-Chloride-2.gif\",\"width\":600,\"height\":600,\"caption\":\"Buy Dichloromethane (Methylene Chloride) Online\"},{\"@type\":\"BreadcrumbList\",\"@id\":\"https:\/\/subszone.com\/product\/dichloromethane-methylene-chloride-2\/#breadcrumb\",\"itemListElement\":[{\"@type\":\"ListItem\",\"position\":1,\"name\":\"Home\",\"item\":\"https:\/\/subszone.com\/\"},{\"@type\":\"ListItem\",\"position\":2,\"name\":\"Shop\",\"item\":\"https:\/\/subszone.com\/shop\/\"},{\"@type\":\"ListItem\",\"position\":3,\"name\":\"Buy Dichloromethane (Methylene Chloride) Online\"}]},{\"@type\":\"WebSite\",\"@id\":\"https:\/\/subszone.com\/#website\",\"url\":\"https:\/\/subszone.com\/\",\"name\":\"SubsZone\",\"description\":\"My WordPress Blog\",\"publisher\":{\"@id\":\"https:\/\/subszone.com\/#organization\"},\"potentialAction\":[{\"@type\":\"SearchAction\",\"target\":{\"@type\":\"EntryPoint\",\"urlTemplate\":\"https:\/\/subszone.com\/?s={search_term_string}\"},\"query-input\":{\"@type\":\"PropertyValueSpecification\",\"valueRequired\":true,\"valueName\":\"search_term_string\"}}],\"inLanguage\":\"sv-SE\"},{\"@type\":\"Organization\",\"@id\":\"https:\/\/subszone.com\/#organization\",\"name\":\"SubsZone\",\"url\":\"https:\/\/subszone.com\/\",\"logo\":{\"@type\":\"ImageObject\",\"inLanguage\":\"sv-SE\",\"@id\":\"https:\/\/subszone.com\/#\/schema\/logo\/image\/\",\"url\":\"https:\/\/subszone.com\/wp-content\/uploads\/2024\/10\/logo.png\",\"contentUrl\":\"https:\/\/subszone.com\/wp-content\/uploads\/2024\/10\/logo.png\",\"width\":193,\"height\":50,\"caption\":\"SubsZone\"},\"image\":{\"@id\":\"https:\/\/subszone.com\/#\/schema\/logo\/image\/\"}}]}<\/script>\n<!-- \/ Yoast SEO plugin. -->","yoast_head_json":{"title":"K\u00f6p Dichloromethane (Methylene Chloride) online | Subszone","description":"Utforska v\u00e5r onlinebutik f\u00f6r diklormetanmetylenklorid till salu, som erbjuder h\u00f6gkvalitativ diklormetanmetylenklorid. K\u00f6p diklormetanmetylenklorid online. Best\u00e4ll nu","robots":{"index":"index","follow":"follow","max-snippet":"max-snippet:-1","max-image-preview":"max-image-preview:large","max-video-preview":"max-video-preview:-1"},"canonical":"https:\/\/subszone.com\/sv\/product\/dichloromethane-methylene-chloride-2\/","og_locale":"sv_SE","og_type":"article","og_title":"Buy Dichloromethane (Methylene Chloride) Online | Subszone","og_description":"Explore our online store for dichloromethane methylene chloride for sale, offering high-quality dichloromethane methylene chloride. Buy dichloromethane methylene chloride online. Order now","og_url":"https:\/\/subszone.com\/sv\/product\/dichloromethane-methylene-chloride-2\/","og_site_name":"SubsZone","article_modified_time":"2025-08-01T08:04:33+00:00","og_image":[{"width":600,"height":600,"url":"https:\/\/subszone.com\/wp-content\/uploads\/2024\/10\/Dichloromethane-Methylene-Chloride-2.gif","type":"image\/gif"}],"twitter_card":"summary_large_image","twitter_misc":{"Ber\u00e4knad l\u00e4stid":"3 minuter"},"schema":{"@context":"https:\/\/schema.org","@graph":[{"@type":"WebPage","@id":"https:\/\/subszone.com\/product\/dichloromethane-methylene-chloride-2\/","url":"https:\/\/subszone.com\/product\/dichloromethane-methylene-chloride-2\/","name":"K\u00f6p Dichloromethane (Methylene Chloride) online | Subszone","isPartOf":{"@id":"https:\/\/subszone.com\/#website"},"primaryImageOfPage":{"@id":"https:\/\/subszone.com\/product\/dichloromethane-methylene-chloride-2\/#primaryimage"},"image":{"@id":"https:\/\/subszone.com\/product\/dichloromethane-methylene-chloride-2\/#primaryimage"},"thumbnailUrl":"https:\/\/subszone.com\/wp-content\/uploads\/2024\/10\/Dichloromethane-Methylene-Chloride-2.gif","datePublished":"2024-11-08T04:45:06+00:00","dateModified":"2025-08-01T08:04:33+00:00","description":"Utforska v\u00e5r onlinebutik f\u00f6r diklormetanmetylenklorid till salu, som erbjuder h\u00f6gkvalitativ diklormetanmetylenklorid. K\u00f6p diklormetanmetylenklorid online. Best\u00e4ll nu","breadcrumb":{"@id":"https:\/\/subszone.com\/product\/dichloromethane-methylene-chloride-2\/#breadcrumb"},"inLanguage":"sv-SE","potentialAction":[{"@type":"ReadAction","target":["https:\/\/subszone.com\/product\/dichloromethane-methylene-chloride-2\/"]}]},{"@type":"ImageObject","inLanguage":"sv-SE","@id":"https:\/\/subszone.com\/product\/dichloromethane-methylene-chloride-2\/#primaryimage","url":"https:\/\/subszone.com\/wp-content\/uploads\/2024\/10\/Dichloromethane-Methylene-Chloride-2.gif","contentUrl":"https:\/\/subszone.com\/wp-content\/uploads\/2024\/10\/Dichloromethane-Methylene-Chloride-2.gif","width":600,"height":600,"caption":"Buy Dichloromethane (Methylene Chloride) Online"},{"@type":"BreadcrumbList","@id":"https:\/\/subszone.com\/product\/dichloromethane-methylene-chloride-2\/#breadcrumb","itemListElement":[{"@type":"ListItem","position":1,"name":"Home","item":"https:\/\/subszone.com\/"},{"@type":"ListItem","position":2,"name":"Shop","item":"https:\/\/subszone.com\/shop\/"},{"@type":"ListItem","position":3,"name":"Buy Dichloromethane (Methylene Chloride) Online"}]},{"@type":"WebSite","@id":"https:\/\/subszone.com\/#website","url":"https:\/\/subszone.com\/","name":"SubsZone","description":"Min WordPress-blogg","publisher":{"@id":"https:\/\/subszone.com\/#organization"},"potentialAction":[{"@type":"SearchAction","target":{"@type":"EntryPoint","urlTemplate":"https:\/\/subszone.com\/?s={search_term_string}"},"query-input":{"@type":"PropertyValueSpecification","valueRequired":true,"valueName":"search_term_string"}}],"inLanguage":"sv-SE"},{"@type":"Organization","@id":"https:\/\/subszone.com\/#organization","name":"SubsZone","url":"https:\/\/subszone.com\/","logo":{"@type":"ImageObject","inLanguage":"sv-SE","@id":"https:\/\/subszone.com\/#\/schema\/logo\/image\/","url":"https:\/\/subszone.com\/wp-content\/uploads\/2024\/10\/logo.png","contentUrl":"https:\/\/subszone.com\/wp-content\/uploads\/2024\/10\/logo.png","width":193,"height":50,"caption":"SubsZone"},"image":{"@id":"https:\/\/subszone.com\/#\/schema\/logo\/image\/"}}]}},"_links":{"self":[{"href":"https:\/\/subszone.com\/sv\/wp-json\/wp\/v2\/product\/1610","targetHints":{"allow":["GET"]}}],"collection":[{"href":"https:\/\/subszone.com\/sv\/wp-json\/wp\/v2\/product"}],"about":[{"href":"https:\/\/subszone.com\/sv\/wp-json\/wp\/v2\/types\/product"}],"replies":[{"embeddable":true,"href":"https:\/\/subszone.com\/sv\/wp-json\/wp\/v2\/comments?post=1610"}],"wp:featuredmedia":[{"embeddable":true,"href":"https:\/\/subszone.com\/sv\/wp-json\/wp\/v2\/media\/1425"}],"wp:attachment":[{"href":"https:\/\/subszone.com\/sv\/wp-json\/wp\/v2\/media?parent=1610"}],"wp:term":[{"taxonomy":"product_brand","embeddable":true,"href":"https:\/\/subszone.com\/sv\/wp-json\/wp\/v2\/product_brand?post=1610"},{"taxonomy":"product_cat","embeddable":true,"href":"https:\/\/subszone.com\/sv\/wp-json\/wp\/v2\/product_cat?post=1610"},{"taxonomy":"product_tag","embeddable":true,"href":"https:\/\/subszone.com\/sv\/wp-json\/wp\/v2\/product_tag?post=1610"}],"curies":[{"name":"wp","href":"https:\/\/api.w.org\/{rel}","templated":true}]}}