{"id":1612,"date":"2024-11-08T04:46:58","date_gmt":"2024-11-08T04:46:58","guid":{"rendered":"https:\/\/subszone.com\/?post_type=product&#038;p=1612"},"modified":"2025-05-31T05:50:18","modified_gmt":"2025-05-31T05:50:18","slug":"hexamethylene-triperoxide-diamine-hmtd-precursors-2","status":"publish","type":"product","link":"https:\/\/subszone.com\/sv\/product\/hexamethylene-triperoxide-diamine-hmtd-precursors-2\/","title":{"rendered":"K\u00f6p Hexametylentriperoxiddiamin (HMTD-prekursorer) online"},"content":{"rendered":"<h2><strong>Hexametylentriperoxiddiamin (HMTD) med h\u00f6g renhet f\u00f6r industri- och forskningsbruk<\/strong><\/h2>\n<p><a href=\"https:\/\/en.wikipedia.org\/wiki\/Hexamethylene_triperoxide_diamine\"><b>Hexamin triperoxid diamine (HMTD-prekursorer)<\/b><\/a><span style=\"font-weight: 400;\">, \u00e4ven k\u00e4nd som <\/span><b>metenamin<\/b><span style=\"font-weight: 400;\"> eller <\/span><b>urotropin<\/b><span style=\"font-weight: 400;\">\u00e4r en m\u00e5ngsidig organisk f\u00f6rening som ofta anv\u00e4nds i hush\u00e5ll, industri och laboratorier. Erk\u00e4nd f\u00f6r sin <\/span><b>vitt kristallint utseende<\/b><span style=\"font-weight: 400;\"> och <\/span><b>h\u00f6g brandfarlighet<\/b><span style=\"font-weight: 400;\">tj\u00e4nar hexamin en m\u00e4ngd olika praktiska \u00e4ndam\u00e5l - fr\u00e5n <\/span><b>Fastbr\u00e4nsletabletter f\u00f6r campingk\u00f6k<\/b><span style=\"font-weight: 400;\"> till <\/span><b>en kemisk mellanprodukt<\/b><span style=\"font-weight: 400;\"> i hartser och l\u00e4kemedel.<\/span><\/p>\n<p><span style=\"font-weight: 400;\">Oavsett om du \u00e4r en campare som letar efter p\u00e5litliga br\u00e4nsletabletter eller en forskare som letar efter ett kemiskt reagens \u00e4r det viktigt att veta hur och var du ska <\/span><b>k\u00f6pa hexamin Triperoxide Diamine (HMTD-prekursorer) online<\/b><span style=\"font-weight: 400;\"> p\u00e5 ett s\u00e4kert och lagligt s\u00e4tt \u00e4r nyckeln.<\/span><\/p>\n<h3><b>Lagliga och s\u00e4kra anv\u00e4ndningar av hexamin<\/b><\/h3>\n<p><span style=\"font-weight: 400;\">Hexamin \u00e4r allm\u00e4nt godk\u00e4nt f\u00f6r anv\u00e4ndning i:<\/span><\/p>\n<ul>\n<li style=\"font-weight: 400;\" aria-level=\"1\"><b>Camping och utomhusaktiviteter<\/b><span style=\"font-weight: 400;\"> som en <\/span><b>fast br\u00e4nsle<\/b><b>\n<p><\/b><\/li>\n<li style=\"font-weight: 400;\" aria-level=\"1\"><b>Industriell tillverkning<\/b><span style=\"font-weight: 400;\"> (t.ex. plast, l\u00e4kemedel, spr\u00e4ng\u00e4mnesprekursorer under kontrollerade milj\u00f6er)<\/span><span style=\"font-weight: 400;\">\n<p><\/span><\/li>\n<li style=\"font-weight: 400;\" aria-level=\"1\"><b>Laboratorier och forskningsanl\u00e4ggningar<\/b><span style=\"font-weight: 400;\"> f\u00f6r kemisk syntes<\/span><span style=\"font-weight: 400;\">\n<p><\/span><\/li>\n<\/ul>\n<p><span style=\"font-weight: 400;\">P\u00e5 grund av dess potentiella till\u00e4mpningar med dubbla anv\u00e4ndningsomr\u00e5den, <\/span><b>regelverk spelar roll<\/b><span style=\"font-weight: 400;\">. Seri\u00f6sa leverant\u00f6rer f\u00f6ljer regionala lagar och ser till att deras kunder uppfyller s\u00e4kerhetsstandarderna.<\/span><\/p>\n<h3><b>Hur man v\u00e4ljer en p\u00e5litlig leverant\u00f6r<\/b><\/h3>\n<p><span style=\"font-weight: 400;\">N\u00e4r du <\/span><b>Best\u00e4ll hexamin Triperoxide Diamine (HMTD-prekursorer) online<\/b><span style=\"font-weight: 400;\">, prioritera leverant\u00f6rer som erbjuder:<\/span><\/p>\n<ul>\n<li style=\"font-weight: 400;\" aria-level=\"1\"><b>Korrekta certifieringar och dokumentation av efterlevnad<\/b><b>\n<p><\/b><\/li>\n<li style=\"font-weight: 400;\" aria-level=\"1\"><b>S\u00e4kerhetsdatablad f\u00f6r material (MSDS\/SDS)<\/b><b>\n<p><\/b><\/li>\n<li style=\"font-weight: 400;\" aria-level=\"1\"><b>Transparenta recensioner och lyh\u00f6rd kundsupport<\/b><b>\n<p><\/b><\/li>\n<\/ul>\n<p><b>Inhemska leverant\u00f6rer<\/b><span style=\"font-weight: 400;\"> kan erbjuda snabbare leverans och enklare returer, medan <\/span><b>internationella leverant\u00f6rer<\/b><span style=\"font-weight: 400;\"> kan erbjuda b\u00e4ttre priser men kr\u00e4ver tullklarering och efterlevnadskontroller.<\/span><\/p>\n<h2><b>Tips f\u00f6r att k\u00f6pa hexamin s\u00e4kert online<\/b><\/h2>\n<p><span style=\"font-weight: 400;\">H\u00e4r \u00e4r vad du ska leta efter:<\/span><\/p>\n<ul>\n<li style=\"font-weight: 400;\" aria-level=\"1\"><b>Tydlig produktm\u00e4rkning<\/b><span style=\"font-weight: 400;\"> - Kontrollera CAS-nummer, renhetsgrad och kemiskt namn<\/span><span style=\"font-weight: 400;\">\n<p><\/span><\/li>\n<li style=\"font-weight: 400;\" aria-level=\"1\"><b>Korrekt f\u00f6rpackning<\/b><span style=\"font-weight: 400;\"> - Se till att det \u00e4r f\u00f6rseglat, m\u00e4rkt och manipuleringss\u00e4kert<\/span><span style=\"font-weight: 400;\">\n<p><\/span><\/li>\n<li style=\"font-weight: 400;\" aria-level=\"1\"><b>R\u00e5d om s\u00e4ker f\u00f6rvaring<\/b><span style=\"font-weight: 400;\"> - F\u00f6rvaras i ett torrt, svalt och v\u00e4lventilerat utrymme, \u00e5tskilt fr\u00e5n \u00f6ppen eld eller of\u00f6renliga material<\/span><span style=\"font-weight: 400;\">\n<p><\/span><\/li>\n<\/ul>\n<p><span style=\"font-weight: 400;\">A <\/span><b>legitim leverant\u00f6r<\/b><span style=\"font-weight: 400;\"> inte drar sig f\u00f6r att tillhandah\u00e5lla dokumentation eller svara p\u00e5 s\u00e4kerhetsfr\u00e5gor.<\/span><\/p>\n<h3><b>Potentiella begr\u00e4nsningar och regleringar<\/b><\/h3>\n<p><span style=\"font-weight: 400;\">Beroende p\u00e5 ditt land, <\/span><b>hexamin kan vara reglerat<\/b><span style=\"font-weight: 400;\"> p\u00e5 grund av dess anv\u00e4ndning i kontrollerade kemiska reaktioner. Till exempel:<\/span><\/p>\n<ul>\n<li style=\"font-weight: 400;\" aria-level=\"1\"><span style=\"font-weight: 400;\">I <\/span><b>U.S.A.<\/b><span style=\"font-weight: 400;\">\u00e4r det lagligt att k\u00f6pa f\u00f6r personligt bruk eller forskning, men stora m\u00e4ngder kan bli f\u00f6rem\u00e5l f\u00f6r granskning.<\/span><span style=\"font-weight: 400;\">\n<p><\/span><\/li>\n<li style=\"font-weight: 400;\" aria-level=\"1\"><span style=\"font-weight: 400;\">I <\/span><b>EU och Storbritannien<\/b><span style=\"font-weight: 400;\">, kan f\u00f6rs\u00e4ljning kr\u00e4va slutanv\u00e4ndardeklarationer eller aff\u00e4rsverifiering.<\/span><span style=\"font-weight: 400;\">\n<p><\/span><\/li>\n<li style=\"font-weight: 400;\" aria-level=\"1\"><b>\u00c5ldersbegr\u00e4nsningar<\/b><span style=\"font-weight: 400;\"> eller <\/span><b>f\u00f6retagslicenser<\/b><span style=\"font-weight: 400;\"> kan kr\u00e4vas i vissa regioner.<\/span><span style=\"font-weight: 400;\">\n<p><\/span><\/li>\n<\/ul>\n<p><span style=\"font-weight: 400;\">Kontrollera alltid din <\/span><b>lokala lagar<\/b><span style=\"font-weight: 400;\"> innan du l\u00e4gger en order.<\/span><\/p>\n<h3><b>Slutsats<\/b><\/h3>\n<p><span style=\"font-weight: 400;\">Att k\u00f6pa hexamin online \u00e4r b\u00e5de praktiskt och bekv\u00e4mt<\/span><b>om det g\u00f6rs p\u00e5 ett ansvarsfullt s\u00e4tt<\/b><span style=\"font-weight: 400;\">. V\u00e4lj seri\u00f6sa s\u00e4ljare, f\u00f6lj lokala best\u00e4mmelser och f\u00f6rvara den p\u00e5 ett s\u00e4kert s\u00e4tt. Oavsett om du s\u00f6ker <\/span><b>billiga hexaminpriser<\/b><span style=\"font-weight: 400;\">j\u00e4mf\u00f6ra leverant\u00f6rer eller helt enkelt hitta den <\/span><b>b\u00e4sta st\u00e4llet att k\u00f6pa <a href=\"https:\/\/subszone.com\/sv\/product\/hexametylentriperoxiddiamin-hmtd-prekursorer\/\">hexamin Triperoxid Diamine (HMTD-prekursorer)<\/a><\/b><span style=\"font-weight: 400;\">, prioritera <\/span><b>laglighet, s\u00e4kerhet och kvalitet<\/b><span style=\"font-weight: 400;\">.<\/span><\/p>","protected":false},"excerpt":{"rendered":"<p><strong>Synonym(er): Hexametylendiisocyanat, 1,6-Diisocyanatohexan<\/strong><br \/>\n<strong>Linj\u00e4r formel: OCN(CH2)6NCO<\/strong><br \/>\n<strong>CAS-nr: 822-06-0<\/strong><br \/>\n<strong>Molekylvikt: 168,19<\/strong><br \/>\n<strong>EG-nr:212-485-8<\/strong><br \/>\n<strong>Beilstein nr:956709<\/strong><\/p>","protected":false},"featured_media":1421,"comment_status":"open","ping_status":"closed","template":"","meta":{"_kadence_starter_templates_imported_post":false,"_kad_post_transparent":"default","_kad_post_title":"","_kad_post_layout":"default","_kad_post_sidebar_id":"","_kad_post_content_style":"default","_kad_post_vertical_padding":"default","_kad_post_feature":"","_kad_post_feature_position":"","_kad_post_header":false,"_kad_post_footer":false,"_joinchat":[]},"product_brand":[],"product_cat":[60],"product_tag":[234,235,236,237,238,239,240,241,242,243,244,245,246,247,248,249,250,251,252,253],"class_list":{"0":"post-1612","1":"product","2":"type-product","3":"status-publish","4":"has-post-thumbnail","6":"product_cat-fire-retardants-and-protective-coatings","7":"product_tag-buy-hexamethylene-triperoxide-diamine","8":"product_tag-buy-hmtd-online","9":"product_tag-buy-nitro-compounds","10":"product_tag-buy-peroxide-explosives","11":"product_tag-diamine-precursors-for-purchase","12":"product_tag-explosive-chemicals-for-sale","13":"product_tag-hexamethylenetetramine-suppliers","14":"product_tag-hmtd-applications-for-purchase","15":"product_tag-hmtd-chemical-properties","16":"product_tag-hmtd-formulation-supplies","17":"product_tag-hmtd-precursors-for-sale","18":"product_tag-hmtd-production-kits","19":"product_tag-hmtd-safety-data-sheets","20":"product_tag-hmtd-synthesis-materials","21":"product_tag-laboratory-synthesis-of-hmtd-supplies","22":"product_tag-organic-peroxide-suppliers","23":"product_tag-purchase-hexamine","24":"product_tag-stability-testing-for-hmtd","25":"product_tag-where-to-buy-hmtd","26":"product_tag-wholesale-hmtd-suppliers","28":"first","29":"instock","30":"shipping-taxable","31":"product-type-simple","32":"entry","33":"content-bg","34":"loop-entry"},"yoast_head":"<!-- This site is optimized with the Yoast SEO plugin v25.6 - https:\/\/yoast.com\/wordpress\/plugins\/seo\/ -->\n<title>Buy Hexamethylene Triperoxide Diamine Online | Subszone<\/title>\n<meta name=\"description\" content=\"If you have not tried hexamethylene triperoxide diamine from our store, then you are missing a lot. We will help you buy hexamethylene triperoxide diamine online at cheap rates. Get hexamethylene triperoxide diamine for sale today!\" \/>\n<meta name=\"robots\" content=\"index, follow, max-snippet:-1, max-image-preview:large, max-video-preview:-1\" \/>\n<link rel=\"canonical\" href=\"https:\/\/subszone.com\/sv\/product\/hexamethylene-triperoxide-diamine-hmtd-precursors-2\/\" \/>\n<meta property=\"og:locale\" content=\"sv_SE\" \/>\n<meta property=\"og:type\" content=\"article\" \/>\n<meta property=\"og:title\" content=\"Buy Hexamethylene Triperoxide Diamine Online | Subszone\" \/>\n<meta property=\"og:description\" content=\"If you have not tried hexamethylene triperoxide diamine from our store, then you are missing a lot. We will help you buy hexamethylene triperoxide diamine online at cheap rates. Get hexamethylene triperoxide diamine for sale today!\" \/>\n<meta property=\"og:url\" content=\"https:\/\/subszone.com\/sv\/product\/hexamethylene-triperoxide-diamine-hmtd-precursors-2\/\" \/>\n<meta property=\"og:site_name\" content=\"SubsZone\" \/>\n<meta property=\"article:modified_time\" content=\"2025-05-31T05:50:18+00:00\" \/>\n<meta property=\"og:image\" content=\"https:\/\/subszone.com\/wp-content\/uploads\/2024\/10\/Hexamethylene-Triperoxide-Diamine-HMTD-precursors-2.gif\" \/>\n\t<meta property=\"og:image:width\" content=\"600\" \/>\n\t<meta property=\"og:image:height\" content=\"600\" \/>\n\t<meta property=\"og:image:type\" content=\"image\/gif\" \/>\n<meta name=\"twitter:card\" content=\"summary_large_image\" \/>\n<meta name=\"twitter:label1\" content=\"Ber\u00e4knad l\u00e4stid\" \/>\n\t<meta name=\"twitter:data1\" content=\"2 minuter\" \/>\n<script type=\"application\/ld+json\" class=\"yoast-schema-graph\">{\"@context\":\"https:\/\/schema.org\",\"@graph\":[{\"@type\":\"WebPage\",\"@id\":\"https:\/\/subszone.com\/product\/hexamethylene-triperoxide-diamine-hmtd-precursors-2\/\",\"url\":\"https:\/\/subszone.com\/product\/hexamethylene-triperoxide-diamine-hmtd-precursors-2\/\",\"name\":\"Buy Hexamethylene Triperoxide Diamine Online | Subszone\",\"isPartOf\":{\"@id\":\"https:\/\/subszone.com\/#website\"},\"primaryImageOfPage\":{\"@id\":\"https:\/\/subszone.com\/product\/hexamethylene-triperoxide-diamine-hmtd-precursors-2\/#primaryimage\"},\"image\":{\"@id\":\"https:\/\/subszone.com\/product\/hexamethylene-triperoxide-diamine-hmtd-precursors-2\/#primaryimage\"},\"thumbnailUrl\":\"https:\/\/subszone.com\/wp-content\/uploads\/2024\/10\/Hexamethylene-Triperoxide-Diamine-HMTD-precursors-2.gif\",\"datePublished\":\"2024-11-08T04:46:58+00:00\",\"dateModified\":\"2025-05-31T05:50:18+00:00\",\"description\":\"If you have not tried hexamethylene triperoxide diamine from our store, then you are missing a lot. We will help you buy hexamethylene triperoxide diamine online at cheap rates. Get hexamethylene triperoxide diamine for sale today!\",\"breadcrumb\":{\"@id\":\"https:\/\/subszone.com\/product\/hexamethylene-triperoxide-diamine-hmtd-precursors-2\/#breadcrumb\"},\"inLanguage\":\"sv-SE\",\"potentialAction\":[{\"@type\":\"ReadAction\",\"target\":[\"https:\/\/subszone.com\/product\/hexamethylene-triperoxide-diamine-hmtd-precursors-2\/\"]}]},{\"@type\":\"ImageObject\",\"inLanguage\":\"sv-SE\",\"@id\":\"https:\/\/subszone.com\/product\/hexamethylene-triperoxide-diamine-hmtd-precursors-2\/#primaryimage\",\"url\":\"https:\/\/subszone.com\/wp-content\/uploads\/2024\/10\/Hexamethylene-Triperoxide-Diamine-HMTD-precursors-2.gif\",\"contentUrl\":\"https:\/\/subszone.com\/wp-content\/uploads\/2024\/10\/Hexamethylene-Triperoxide-Diamine-HMTD-precursors-2.gif\",\"width\":600,\"height\":600,\"caption\":\"Buy Hexamethylene Triperoxide Diamine (HMTD precursors) Online\"},{\"@type\":\"BreadcrumbList\",\"@id\":\"https:\/\/subszone.com\/product\/hexamethylene-triperoxide-diamine-hmtd-precursors-2\/#breadcrumb\",\"itemListElement\":[{\"@type\":\"ListItem\",\"position\":1,\"name\":\"Home\",\"item\":\"https:\/\/subszone.com\/\"},{\"@type\":\"ListItem\",\"position\":2,\"name\":\"Shop\",\"item\":\"https:\/\/subszone.com\/shop\/\"},{\"@type\":\"ListItem\",\"position\":3,\"name\":\"Buy Hexamethylene Triperoxide Diamine (HMTD precursors) Online\"}]},{\"@type\":\"WebSite\",\"@id\":\"https:\/\/subszone.com\/#website\",\"url\":\"https:\/\/subszone.com\/\",\"name\":\"SubsZone\",\"description\":\"My WordPress Blog\",\"publisher\":{\"@id\":\"https:\/\/subszone.com\/#organization\"},\"potentialAction\":[{\"@type\":\"SearchAction\",\"target\":{\"@type\":\"EntryPoint\",\"urlTemplate\":\"https:\/\/subszone.com\/?s={search_term_string}\"},\"query-input\":{\"@type\":\"PropertyValueSpecification\",\"valueRequired\":true,\"valueName\":\"search_term_string\"}}],\"inLanguage\":\"sv-SE\"},{\"@type\":\"Organization\",\"@id\":\"https:\/\/subszone.com\/#organization\",\"name\":\"SubsZone\",\"url\":\"https:\/\/subszone.com\/\",\"logo\":{\"@type\":\"ImageObject\",\"inLanguage\":\"sv-SE\",\"@id\":\"https:\/\/subszone.com\/#\/schema\/logo\/image\/\",\"url\":\"https:\/\/subszone.com\/wp-content\/uploads\/2024\/10\/logo.png\",\"contentUrl\":\"https:\/\/subszone.com\/wp-content\/uploads\/2024\/10\/logo.png\",\"width\":193,\"height\":50,\"caption\":\"SubsZone\"},\"image\":{\"@id\":\"https:\/\/subszone.com\/#\/schema\/logo\/image\/\"}}]}<\/script>\n<!-- \/ Yoast SEO plugin. -->","yoast_head_json":{"title":"K\u00f6p Hexamethylene Triperoxide Diamine online | Subszone","description":"Om du inte har provat hexametylentriperoxiddiamin fr\u00e5n v\u00e5r butik saknar du mycket. Vi hj\u00e4lper dig att k\u00f6pa hexametylentriperoxiddiamin online till billigt pris. F\u00e5 hexametylentriperoxiddiamin till salu idag!","robots":{"index":"index","follow":"follow","max-snippet":"max-snippet:-1","max-image-preview":"max-image-preview:large","max-video-preview":"max-video-preview:-1"},"canonical":"https:\/\/subszone.com\/sv\/product\/hexamethylene-triperoxide-diamine-hmtd-precursors-2\/","og_locale":"sv_SE","og_type":"article","og_title":"Buy Hexamethylene Triperoxide Diamine Online | Subszone","og_description":"If you have not tried hexamethylene triperoxide diamine from our store, then you are missing a lot. We will help you buy hexamethylene triperoxide diamine online at cheap rates. Get hexamethylene triperoxide diamine for sale today!","og_url":"https:\/\/subszone.com\/sv\/product\/hexamethylene-triperoxide-diamine-hmtd-precursors-2\/","og_site_name":"SubsZone","article_modified_time":"2025-05-31T05:50:18+00:00","og_image":[{"width":600,"height":600,"url":"https:\/\/subszone.com\/wp-content\/uploads\/2024\/10\/Hexamethylene-Triperoxide-Diamine-HMTD-precursors-2.gif","type":"image\/gif"}],"twitter_card":"summary_large_image","twitter_misc":{"Ber\u00e4knad l\u00e4stid":"2 minuter"},"schema":{"@context":"https:\/\/schema.org","@graph":[{"@type":"WebPage","@id":"https:\/\/subszone.com\/product\/hexamethylene-triperoxide-diamine-hmtd-precursors-2\/","url":"https:\/\/subszone.com\/product\/hexamethylene-triperoxide-diamine-hmtd-precursors-2\/","name":"K\u00f6p Hexamethylene Triperoxide Diamine online | Subszone","isPartOf":{"@id":"https:\/\/subszone.com\/#website"},"primaryImageOfPage":{"@id":"https:\/\/subszone.com\/product\/hexamethylene-triperoxide-diamine-hmtd-precursors-2\/#primaryimage"},"image":{"@id":"https:\/\/subszone.com\/product\/hexamethylene-triperoxide-diamine-hmtd-precursors-2\/#primaryimage"},"thumbnailUrl":"https:\/\/subszone.com\/wp-content\/uploads\/2024\/10\/Hexamethylene-Triperoxide-Diamine-HMTD-precursors-2.gif","datePublished":"2024-11-08T04:46:58+00:00","dateModified":"2025-05-31T05:50:18+00:00","description":"Om du inte har provat hexametylentriperoxiddiamin fr\u00e5n v\u00e5r butik saknar du mycket. Vi hj\u00e4lper dig att k\u00f6pa hexametylentriperoxiddiamin online till billigt pris. F\u00e5 hexametylentriperoxiddiamin till salu idag!","breadcrumb":{"@id":"https:\/\/subszone.com\/product\/hexamethylene-triperoxide-diamine-hmtd-precursors-2\/#breadcrumb"},"inLanguage":"sv-SE","potentialAction":[{"@type":"ReadAction","target":["https:\/\/subszone.com\/product\/hexamethylene-triperoxide-diamine-hmtd-precursors-2\/"]}]},{"@type":"ImageObject","inLanguage":"sv-SE","@id":"https:\/\/subszone.com\/product\/hexamethylene-triperoxide-diamine-hmtd-precursors-2\/#primaryimage","url":"https:\/\/subszone.com\/wp-content\/uploads\/2024\/10\/Hexamethylene-Triperoxide-Diamine-HMTD-precursors-2.gif","contentUrl":"https:\/\/subszone.com\/wp-content\/uploads\/2024\/10\/Hexamethylene-Triperoxide-Diamine-HMTD-precursors-2.gif","width":600,"height":600,"caption":"Buy Hexamethylene Triperoxide Diamine (HMTD precursors) Online"},{"@type":"BreadcrumbList","@id":"https:\/\/subszone.com\/product\/hexamethylene-triperoxide-diamine-hmtd-precursors-2\/#breadcrumb","itemListElement":[{"@type":"ListItem","position":1,"name":"Home","item":"https:\/\/subszone.com\/"},{"@type":"ListItem","position":2,"name":"Shop","item":"https:\/\/subszone.com\/shop\/"},{"@type":"ListItem","position":3,"name":"Buy Hexamethylene Triperoxide Diamine (HMTD precursors) Online"}]},{"@type":"WebSite","@id":"https:\/\/subszone.com\/#website","url":"https:\/\/subszone.com\/","name":"SubsZone","description":"Min WordPress-blogg","publisher":{"@id":"https:\/\/subszone.com\/#organization"},"potentialAction":[{"@type":"SearchAction","target":{"@type":"EntryPoint","urlTemplate":"https:\/\/subszone.com\/?s={search_term_string}"},"query-input":{"@type":"PropertyValueSpecification","valueRequired":true,"valueName":"search_term_string"}}],"inLanguage":"sv-SE"},{"@type":"Organization","@id":"https:\/\/subszone.com\/#organization","name":"SubsZone","url":"https:\/\/subszone.com\/","logo":{"@type":"ImageObject","inLanguage":"sv-SE","@id":"https:\/\/subszone.com\/#\/schema\/logo\/image\/","url":"https:\/\/subszone.com\/wp-content\/uploads\/2024\/10\/logo.png","contentUrl":"https:\/\/subszone.com\/wp-content\/uploads\/2024\/10\/logo.png","width":193,"height":50,"caption":"SubsZone"},"image":{"@id":"https:\/\/subszone.com\/#\/schema\/logo\/image\/"}}]}},"_links":{"self":[{"href":"https:\/\/subszone.com\/sv\/wp-json\/wp\/v2\/product\/1612","targetHints":{"allow":["GET"]}}],"collection":[{"href":"https:\/\/subszone.com\/sv\/wp-json\/wp\/v2\/product"}],"about":[{"href":"https:\/\/subszone.com\/sv\/wp-json\/wp\/v2\/types\/product"}],"replies":[{"embeddable":true,"href":"https:\/\/subszone.com\/sv\/wp-json\/wp\/v2\/comments?post=1612"}],"wp:featuredmedia":[{"embeddable":true,"href":"https:\/\/subszone.com\/sv\/wp-json\/wp\/v2\/media\/1421"}],"wp:attachment":[{"href":"https:\/\/subszone.com\/sv\/wp-json\/wp\/v2\/media?parent=1612"}],"wp:term":[{"taxonomy":"product_brand","embeddable":true,"href":"https:\/\/subszone.com\/sv\/wp-json\/wp\/v2\/product_brand?post=1612"},{"taxonomy":"product_cat","embeddable":true,"href":"https:\/\/subszone.com\/sv\/wp-json\/wp\/v2\/product_cat?post=1612"},{"taxonomy":"product_tag","embeddable":true,"href":"https:\/\/subszone.com\/sv\/wp-json\/wp\/v2\/product_tag?post=1612"}],"curies":[{"name":"wp","href":"https:\/\/api.w.org\/{rel}","templated":true}]}}