{"id":1615,"date":"2024-11-08T04:50:18","date_gmt":"2024-11-08T04:50:18","guid":{"rendered":"https:\/\/subszone.com\/?post_type=product&#038;p=1615"},"modified":"2025-02-20T05:29:43","modified_gmt":"2025-02-20T05:29:43","slug":"isopropylalkohol-2","status":"publish","type":"product","link":"https:\/\/subszone.com\/sv\/product\/isopropylalkohol-2\/","title":{"rendered":"Isopropylalkohol"},"content":{"rendered":"<h2>K\u00f6p isopropylalkohol i stora m\u00e4ngder f\u00f6r kommersiellt bruk<\/h2>\n<p>Beh\u00f6ver ditt f\u00f6retag en p\u00e5litlig leverant\u00f6r av isopropylalkohol? Att k\u00f6pa isopropylalkohol i bulk \u00e4r avg\u00f6rande f\u00f6r att bevara produktivitet, s\u00e4kerhet och effektivitet oavsett om du arbetar inom tillverkning, elektronik, l\u00e4kemedel eller industriell reng\u00f6ring. P\u00e5 grund av dess varierande till\u00e4mpningar och anpassningsf\u00f6rm\u00e5ga \u00e4r isopropylalkohol (IPA) en viktig del av m\u00e5nga industriella processer, och d\u00e4rf\u00f6r \u00e4r det avg\u00f6rande att v\u00e4lja en p\u00e5litlig leverant\u00f6r<a href=\"https:\/\/streetchemx.com\/\">.<\/a><\/p>\n<p>F\u00f6rdelarna med isopropylalkohol av industriell kvalitet, sk\u00e4len till att k\u00f6pa den i kvantitet f\u00f6r ditt f\u00f6retag och hur man hittar p\u00e5litliga leverant\u00f6rer av isopropylalkohol behandlas alla i den h\u00e4r boken<a href=\"https:\/\/subszone.com\/sv\/product\/isopropylalkohol-2\/\">.<\/a><\/p>\n<h3>Varf\u00f6r k\u00f6pa isopropylalkohol f\u00f6r industriellt bruk?<\/h3>\n<p>Eftersom det fungerar bra som l\u00f6sningsmedel, reng\u00f6ringsmedel och desinfektionsmedel anv\u00e4nds isopropylalkohol i stor utstr\u00e4ckning i m\u00e5nga olika branscher. Det h\u00e4r \u00e4r n\u00e5gra typiska industriella anv\u00e4ndningsomr\u00e5den:<\/p>\n<p>L\u00e4kemedelsindustrin: IPA anv\u00e4nds ofta vid tillverkning av l\u00e4kemedel, kosmetika och medicinsk utrustning. Den anv\u00e4nds som desinfektionsmedel f\u00f6r att reng\u00f6ra ytor och utrustning och som l\u00f6sningsmedel i tillverkningsprocessen.<\/p>\n<p>Industriell reng\u00f6ring: Isopropylalkohol anv\u00e4nds i flera industrier f\u00f6r industriell reng\u00f6ring. Det fungerar otroligt bra f\u00f6r att avl\u00e4gsna smuts, oljor och fetter fr\u00e5n ytor, verktyg och maskiner. Det anv\u00e4nds ofta f\u00f6r att reng\u00f6ra elektronik p\u00e5 grund av dess snabba avdunstning, som skyddar k\u00e4nsliga delar fr\u00e5n fuktskador.<\/p>\n<p>Desinfektionsmedel f\u00f6r medicintekniska produkter: En vanlig ingrediens i desinfektionsmedel som anv\u00e4nds f\u00f6r att reng\u00f6ra medicintekniska produkter \u00e4r isopropylalkohol. Sjukhus anv\u00e4nder det dessutom f\u00f6r att desinficera ytor.<\/p>\n<p>Tillverkning och reng\u00f6ring med l\u00f6sningsmedel: Inom tillverkningsindustrin anv\u00e4nds IPA som l\u00f6sningsmedel f\u00f6r att underl\u00e4tta uppl\u00f6sningen av oljor, hartser och andra \u00e4mnen. Dessutom anv\u00e4nds det f\u00f6r att f\u00f6rbereda ytor f\u00f6r m\u00e5lning eller bel\u00e4ggning och f\u00f6r att reng\u00f6ra exakt utrustning.<\/p>\n<p>Desinficering: Behovet av isopropylalkohol f\u00f6r desinficering och desinfektion \u00f6kade kraftigt under covid-19-epidemin. I kommersiella och industriella milj\u00f6er forts\u00e4tter det att vara det f\u00f6redragna alternativet f\u00f6r hand- och ytdesinfektionsmedel.<\/p>\n<p>P\u00e5 grund av dess omfattande anv\u00e4ndning v\u00e4ljer m\u00e5nga f\u00f6retag att k\u00f6pa isopropylalkohol i stora m\u00e4ngder f\u00f6r att garantera att de alltid har ett lager till hands f\u00f6r sin verksamhet.<\/p>\n<p>F\u00f6rdelar med att k\u00f6pa isopropylalkohol i bulk<br \/>\nAtt k\u00f6pa isopropylalkohol i bulk har f\u00f6ljande f\u00f6rdelar:<\/p>\n<p>Besparingar: Kostnaden f\u00f6r 70% eller 99% isopropylalkohol per enhet minskar kraftigt vid ink\u00f6p i bulk, vilket kan vara mycket f\u00f6rdelaktigt, s\u00e4rskilt f\u00f6r f\u00f6retag som anv\u00e4nder mycket IPA f\u00f6r tillverkning, reng\u00f6ring eller desinfektion.<\/p>\n<p>Bekv\u00e4mlighet: Genom att k\u00f6pa isopropylalkohol av industriell kvalitet i bulk undviker du att beh\u00f6va g\u00f6ra nya best\u00e4llningar ofta, vilket garanterar en stadig leverans och minskar risken f\u00f6r f\u00f6rseningar i dina reng\u00f6rings- eller produktionsrutiner.<\/p>\n<p>P\u00e5litlig leveranskedja: Att k\u00f6pa fr\u00e5n v\u00e4lrenommerade leverant\u00f6rer av isopropylalkohol ger dig tillg\u00e5ng till regelbundna leveransscheman, vilket garanterar oavbruten aff\u00e4rsverksamhet.<\/p>\n<h3>Vilken isopropylalkohol \u00e4r b\u00e4st f\u00f6r ditt f\u00f6retag?<\/h3>\n<p>Att v\u00e4lja r\u00e4tt kvalitet och koncentration av isopropylalkohol f\u00f6r dina industriella behov \u00e4r avg\u00f6rande eftersom alla inte \u00e4r lika bra:<\/p>\n<p>Bulk 99% Isopropylalkohol: N\u00e4r det kr\u00e4vs en mycket l\u00e5g vattenhalt \u00e4r denna IPA med h\u00f6g renhet perfekt f\u00f6r anv\u00e4ndning vid t.ex. reng\u00f6ring med l\u00f6sningsmedel eller elektronikreng\u00f6ring. Den \u00e4r idealisk f\u00f6r industriell anv\u00e4ndning tack vare sina starka l\u00f6sningsmedelsegenskaper och snabba avdunstning.<\/p>\n<p>70% Isopropylalkohol Bulk: Detta \u00e4r ett vanligt desinfektionsmedel och saneringsmedel, men lite mindre rent. P\u00e5 grund av dess exceptionella f\u00f6rm\u00e5ga att utrota bakterier och virus \u00e4r det perfekt f\u00f6r anv\u00e4ndning i industrianl\u00e4ggningar med h\u00f6g trafik eller i v\u00e5rdmilj\u00f6er.<\/p>\n<p>Isopropylalkohol med h\u00f6g renhet: Se till att fr\u00e5ga leverant\u00f6rerna om isopropylalkohol med h\u00f6g renhet som uppfyller s\u00e4rskilda industriella standarder f\u00f6r prestanda och renhet om ditt f\u00f6retag kr\u00e4ver de h\u00f6gsta renhetsniv\u00e5erna.<\/p>\n<h3>Vanliga s\u00f6ktermer f\u00f6r leverant\u00f6rer av Isopropylalkohol<\/h3>\n<p>Genom att anv\u00e4nda riktade s\u00f6kord n\u00e4r du letar efter leverant\u00f6rer p\u00e5 n\u00e4tet kan du hitta de b\u00e4sta s\u00e4ljarna i din region eller utomlands. Bland de mest popul\u00e4ra s\u00f6korden \u00e4r:<\/p>\n<p>Leverant\u00f6rer av isopropylalkohol i mitt omr\u00e5de<\/p>\n<p>Isopropylalkohol i bulk f\u00f6r industriella till\u00e4mpningar<\/p>\n<p>K\u00f6p isopropylalkohol av industriell kvalitet.<\/p>\n<p>Kostnaden f\u00f6r isopropylalkohol i bulk<\/p>\n<p>Bulk 99% isopropylalkohol<\/p>\n<p>Tillverkare av isopropylalkohol i [plats]<\/p>\n<h3>Var kan jag f\u00e5 tag p\u00e5 stora m\u00e4ngder isopropylalkohol?<\/h3>\n<p>Du kan hitta en leverant\u00f6r som passar just dina industriella krav genom att anv\u00e4nda dessa nyckelord som hj\u00e4lp f\u00f6r att fokusera din s\u00f6kning.<\/p>\n<h3>Sammanfattningsvis, f\u00e5 din leverans av isopropylalkohol i bulk nu.<\/h3>\n<p>Att k\u00f6pa industriell isopropylalkohol fr\u00e5n en p\u00e5litlig leverant\u00f6r \u00e4r avg\u00f6rande f\u00f6r att uppr\u00e4tth\u00e5lla en smidig drift av ditt f\u00f6retag, oavsett om du arbetar inom tillverknings-, elektronik- eller l\u00e4kemedelssektorn. F\u00f6rutom att spara pengar garanterar ink\u00f6p av isopropylalkohol i bulk en konsekvent leverans av premium IPA f\u00f6r l\u00f6sningsmedelsreng\u00f6ring, industriell reng\u00f6ring, desinfektion och andra viktiga till\u00e4mpningar.<\/p>\n<p>F\u00f6r att vara s\u00e4ker p\u00e5 att du har att g\u00f6ra med en p\u00e5litlig s\u00e4ljare b\u00f6r du ta dig tid att utv\u00e4rdera priserna p\u00e5 isopropylalkohol i bulk, l\u00e4sa leverant\u00f6rens recensioner och bekr\u00e4fta att de f\u00f6ljer lagar om hantering av isopropylalkohol. Att ha en p\u00e5litlig partner f\u00f6r dina behov av isopropylalkohol i bulk kan vara avg\u00f6rande f\u00f6r industriell verksamhet.<\/p>\n<p>Unders\u00f6k dina alternativ och reservera din leverans av isopropylalkohol i bulk direkt!<\/p>\n<p>&nbsp;<\/p>","protected":false},"excerpt":{"rendered":"<p><strong>Synonym(er): 2-Propanol, sec-Propylalkohol, IPA, Isopropanol, Isopropylalkohol<\/strong><br \/>\n<strong>Linj\u00e4r formel: (CH3)2CHOH<\/strong><br \/>\n<strong>CAS-nr: 67-63-0<\/strong><br \/>\n<strong>Molekylvikt: 60,10<\/strong><br \/>\n<strong>EG-nr: 200-661-7<\/strong><br \/>\n<strong>Beilstein nr:635639<\/strong><\/p>","protected":false},"featured_media":1419,"comment_status":"open","ping_status":"closed","template":"","meta":{"_kadence_starter_templates_imported_post":false,"_kad_post_transparent":"default","_kad_post_title":"","_kad_post_layout":"default","_kad_post_sidebar_id":"","_kad_post_content_style":"default","_kad_post_vertical_padding":"default","_kad_post_feature":"","_kad_post_feature_position":"","_kad_post_header":false,"_kad_post_footer":false,"_joinchat":[]},"product_brand":[],"product_cat":[59],"product_tag":[282,283,284,285,286,287,288,289],"class_list":{"0":"post-1615","1":"product","2":"type-product","3":"status-publish","4":"has-post-thumbnail","6":"product_cat-chemical-manufacturing-and-synthesis","7":"product_tag-70-isopropyl-alcohol-bulk","8":"product_tag-99-isopropyl-alcohol-for-industrial-use","9":"product_tag-bulk-isopropyl-alcohol-for-sanitization","10":"product_tag-high-purity-isopropyl-alcohol","11":"product_tag-isopropyl-alcohol-for-cleaning-electronics","12":"product_tag-isopropyl-alcohol-for-disinfecting","13":"product_tag-isopropyl-alcohol-for-industrial-cleaning","14":"product_tag-isopropyl-alcohol-for-pharmaceutical-production-description-reviews-0","16":"first","17":"instock","18":"shipping-taxable","19":"product-type-simple","20":"entry","21":"content-bg","22":"loop-entry"},"yoast_head":"<!-- This site is optimized with the Yoast SEO plugin v25.6 - https:\/\/yoast.com\/wordpress\/plugins\/seo\/ -->\n<title>Buy Isopropyl Alcohol Online - Isopropyl Alcohol for Sale<\/title>\n<meta name=\"description\" content=\"If you want to buy isopropyl alcohol online, then visit our online store streetchemx. We have high-quality products like isopropyl alcohol for sale. Place your order now!\" \/>\n<meta name=\"robots\" content=\"index, follow, max-snippet:-1, max-image-preview:large, max-video-preview:-1\" \/>\n<link rel=\"canonical\" href=\"https:\/\/subszone.com\/sv\/product\/isopropylalkohol-2\/\" \/>\n<meta property=\"og:locale\" content=\"sv_SE\" \/>\n<meta property=\"og:type\" content=\"article\" \/>\n<meta property=\"og:title\" content=\"Buy Isopropyl Alcohol Online - Isopropyl Alcohol for Sale\" \/>\n<meta property=\"og:description\" content=\"If you want to buy isopropyl alcohol online, then visit our online store streetchemx. We have high-quality products like isopropyl alcohol for sale. Place your order now!\" \/>\n<meta property=\"og:url\" content=\"https:\/\/subszone.com\/sv\/product\/isopropylalkohol-2\/\" \/>\n<meta property=\"og:site_name\" content=\"SubsZone\" \/>\n<meta property=\"article:modified_time\" content=\"2025-02-20T05:29:43+00:00\" \/>\n<meta property=\"og:image\" content=\"https:\/\/subszone.com\/wp-content\/uploads\/2024\/10\/Isopropyl-Alcohol-2-2.gif\" \/>\n\t<meta property=\"og:image:width\" content=\"600\" \/>\n\t<meta property=\"og:image:height\" content=\"600\" \/>\n\t<meta property=\"og:image:type\" content=\"image\/gif\" \/>\n<meta name=\"twitter:card\" content=\"summary_large_image\" \/>\n<meta name=\"twitter:label1\" content=\"Ber\u00e4knad l\u00e4stid\" \/>\n\t<meta name=\"twitter:data1\" content=\"4 minuter\" \/>\n<script type=\"application\/ld+json\" class=\"yoast-schema-graph\">{\"@context\":\"https:\/\/schema.org\",\"@graph\":[{\"@type\":\"WebPage\",\"@id\":\"https:\/\/subszone.com\/product\/isopropyl-alcohol-2\/\",\"url\":\"https:\/\/subszone.com\/product\/isopropyl-alcohol-2\/\",\"name\":\"Buy Isopropyl Alcohol Online - Isopropyl Alcohol for Sale\",\"isPartOf\":{\"@id\":\"https:\/\/subszone.com\/#website\"},\"primaryImageOfPage\":{\"@id\":\"https:\/\/subszone.com\/product\/isopropyl-alcohol-2\/#primaryimage\"},\"image\":{\"@id\":\"https:\/\/subszone.com\/product\/isopropyl-alcohol-2\/#primaryimage\"},\"thumbnailUrl\":\"https:\/\/subszone.com\/wp-content\/uploads\/2024\/10\/Isopropyl-Alcohol-2-2.gif\",\"datePublished\":\"2024-11-08T04:50:18+00:00\",\"dateModified\":\"2025-02-20T05:29:43+00:00\",\"description\":\"If you want to buy isopropyl alcohol online, then visit our online store streetchemx. We have high-quality products like isopropyl alcohol for sale. Place your order now!\",\"breadcrumb\":{\"@id\":\"https:\/\/subszone.com\/product\/isopropyl-alcohol-2\/#breadcrumb\"},\"inLanguage\":\"sv-SE\",\"potentialAction\":[{\"@type\":\"ReadAction\",\"target\":[\"https:\/\/subszone.com\/product\/isopropyl-alcohol-2\/\"]}]},{\"@type\":\"ImageObject\",\"inLanguage\":\"sv-SE\",\"@id\":\"https:\/\/subszone.com\/product\/isopropyl-alcohol-2\/#primaryimage\",\"url\":\"https:\/\/subszone.com\/wp-content\/uploads\/2024\/10\/Isopropyl-Alcohol-2-2.gif\",\"contentUrl\":\"https:\/\/subszone.com\/wp-content\/uploads\/2024\/10\/Isopropyl-Alcohol-2-2.gif\",\"width\":600,\"height\":600,\"caption\":\"Buy Isopropyl Alcohol Online\"},{\"@type\":\"BreadcrumbList\",\"@id\":\"https:\/\/subszone.com\/product\/isopropyl-alcohol-2\/#breadcrumb\",\"itemListElement\":[{\"@type\":\"ListItem\",\"position\":1,\"name\":\"Home\",\"item\":\"https:\/\/subszone.com\/\"},{\"@type\":\"ListItem\",\"position\":2,\"name\":\"Shop\",\"item\":\"https:\/\/subszone.com\/shop\/\"},{\"@type\":\"ListItem\",\"position\":3,\"name\":\"Isopropyl Alcohol\"}]},{\"@type\":\"WebSite\",\"@id\":\"https:\/\/subszone.com\/#website\",\"url\":\"https:\/\/subszone.com\/\",\"name\":\"SubsZone\",\"description\":\"My WordPress Blog\",\"publisher\":{\"@id\":\"https:\/\/subszone.com\/#organization\"},\"potentialAction\":[{\"@type\":\"SearchAction\",\"target\":{\"@type\":\"EntryPoint\",\"urlTemplate\":\"https:\/\/subszone.com\/?s={search_term_string}\"},\"query-input\":{\"@type\":\"PropertyValueSpecification\",\"valueRequired\":true,\"valueName\":\"search_term_string\"}}],\"inLanguage\":\"sv-SE\"},{\"@type\":\"Organization\",\"@id\":\"https:\/\/subszone.com\/#organization\",\"name\":\"SubsZone\",\"url\":\"https:\/\/subszone.com\/\",\"logo\":{\"@type\":\"ImageObject\",\"inLanguage\":\"sv-SE\",\"@id\":\"https:\/\/subszone.com\/#\/schema\/logo\/image\/\",\"url\":\"https:\/\/subszone.com\/wp-content\/uploads\/2024\/10\/logo.png\",\"contentUrl\":\"https:\/\/subszone.com\/wp-content\/uploads\/2024\/10\/logo.png\",\"width\":193,\"height\":50,\"caption\":\"SubsZone\"},\"image\":{\"@id\":\"https:\/\/subszone.com\/#\/schema\/logo\/image\/\"}}]}<\/script>\n<!-- \/ Yoast SEO plugin. -->","yoast_head_json":{"title":"K\u00f6p isopropylalkohol online - Isopropylalkohol till salu","description":"Om du vill k\u00f6pa isopropylalkohol online, bes\u00f6k sedan v\u00e5r onlinebutik streetchemx. Vi har h\u00f6gkvalitativa produkter som isopropylalkohol till salu. G\u00f6r din best\u00e4llning nu!","robots":{"index":"index","follow":"follow","max-snippet":"max-snippet:-1","max-image-preview":"max-image-preview:large","max-video-preview":"max-video-preview:-1"},"canonical":"https:\/\/subszone.com\/sv\/product\/isopropylalkohol-2\/","og_locale":"sv_SE","og_type":"article","og_title":"Buy Isopropyl Alcohol Online - Isopropyl Alcohol for Sale","og_description":"If you want to buy isopropyl alcohol online, then visit our online store streetchemx. We have high-quality products like isopropyl alcohol for sale. Place your order now!","og_url":"https:\/\/subszone.com\/sv\/product\/isopropylalkohol-2\/","og_site_name":"SubsZone","article_modified_time":"2025-02-20T05:29:43+00:00","og_image":[{"width":600,"height":600,"url":"https:\/\/subszone.com\/wp-content\/uploads\/2024\/10\/Isopropyl-Alcohol-2-2.gif","type":"image\/gif"}],"twitter_card":"summary_large_image","twitter_misc":{"Ber\u00e4knad l\u00e4stid":"4 minuter"},"schema":{"@context":"https:\/\/schema.org","@graph":[{"@type":"WebPage","@id":"https:\/\/subszone.com\/product\/isopropyl-alcohol-2\/","url":"https:\/\/subszone.com\/product\/isopropyl-alcohol-2\/","name":"K\u00f6p isopropylalkohol online - Isopropylalkohol till salu","isPartOf":{"@id":"https:\/\/subszone.com\/#website"},"primaryImageOfPage":{"@id":"https:\/\/subszone.com\/product\/isopropyl-alcohol-2\/#primaryimage"},"image":{"@id":"https:\/\/subszone.com\/product\/isopropyl-alcohol-2\/#primaryimage"},"thumbnailUrl":"https:\/\/subszone.com\/wp-content\/uploads\/2024\/10\/Isopropyl-Alcohol-2-2.gif","datePublished":"2024-11-08T04:50:18+00:00","dateModified":"2025-02-20T05:29:43+00:00","description":"Om du vill k\u00f6pa isopropylalkohol online, bes\u00f6k sedan v\u00e5r onlinebutik streetchemx. Vi har h\u00f6gkvalitativa produkter som isopropylalkohol till salu. G\u00f6r din best\u00e4llning nu!","breadcrumb":{"@id":"https:\/\/subszone.com\/product\/isopropyl-alcohol-2\/#breadcrumb"},"inLanguage":"sv-SE","potentialAction":[{"@type":"ReadAction","target":["https:\/\/subszone.com\/product\/isopropyl-alcohol-2\/"]}]},{"@type":"ImageObject","inLanguage":"sv-SE","@id":"https:\/\/subszone.com\/product\/isopropyl-alcohol-2\/#primaryimage","url":"https:\/\/subszone.com\/wp-content\/uploads\/2024\/10\/Isopropyl-Alcohol-2-2.gif","contentUrl":"https:\/\/subszone.com\/wp-content\/uploads\/2024\/10\/Isopropyl-Alcohol-2-2.gif","width":600,"height":600,"caption":"Buy Isopropyl Alcohol Online"},{"@type":"BreadcrumbList","@id":"https:\/\/subszone.com\/product\/isopropyl-alcohol-2\/#breadcrumb","itemListElement":[{"@type":"ListItem","position":1,"name":"Home","item":"https:\/\/subszone.com\/"},{"@type":"ListItem","position":2,"name":"Shop","item":"https:\/\/subszone.com\/shop\/"},{"@type":"ListItem","position":3,"name":"Isopropyl Alcohol"}]},{"@type":"WebSite","@id":"https:\/\/subszone.com\/#website","url":"https:\/\/subszone.com\/","name":"SubsZone","description":"Min WordPress-blogg","publisher":{"@id":"https:\/\/subszone.com\/#organization"},"potentialAction":[{"@type":"SearchAction","target":{"@type":"EntryPoint","urlTemplate":"https:\/\/subszone.com\/?s={search_term_string}"},"query-input":{"@type":"PropertyValueSpecification","valueRequired":true,"valueName":"search_term_string"}}],"inLanguage":"sv-SE"},{"@type":"Organization","@id":"https:\/\/subszone.com\/#organization","name":"SubsZone","url":"https:\/\/subszone.com\/","logo":{"@type":"ImageObject","inLanguage":"sv-SE","@id":"https:\/\/subszone.com\/#\/schema\/logo\/image\/","url":"https:\/\/subszone.com\/wp-content\/uploads\/2024\/10\/logo.png","contentUrl":"https:\/\/subszone.com\/wp-content\/uploads\/2024\/10\/logo.png","width":193,"height":50,"caption":"SubsZone"},"image":{"@id":"https:\/\/subszone.com\/#\/schema\/logo\/image\/"}}]}},"_links":{"self":[{"href":"https:\/\/subszone.com\/sv\/wp-json\/wp\/v2\/product\/1615","targetHints":{"allow":["GET"]}}],"collection":[{"href":"https:\/\/subszone.com\/sv\/wp-json\/wp\/v2\/product"}],"about":[{"href":"https:\/\/subszone.com\/sv\/wp-json\/wp\/v2\/types\/product"}],"replies":[{"embeddable":true,"href":"https:\/\/subszone.com\/sv\/wp-json\/wp\/v2\/comments?post=1615"}],"wp:featuredmedia":[{"embeddable":true,"href":"https:\/\/subszone.com\/sv\/wp-json\/wp\/v2\/media\/1419"}],"wp:attachment":[{"href":"https:\/\/subszone.com\/sv\/wp-json\/wp\/v2\/media?parent=1615"}],"wp:term":[{"taxonomy":"product_brand","embeddable":true,"href":"https:\/\/subszone.com\/sv\/wp-json\/wp\/v2\/product_brand?post=1615"},{"taxonomy":"product_cat","embeddable":true,"href":"https:\/\/subszone.com\/sv\/wp-json\/wp\/v2\/product_cat?post=1615"},{"taxonomy":"product_tag","embeddable":true,"href":"https:\/\/subszone.com\/sv\/wp-json\/wp\/v2\/product_tag?post=1615"}],"curies":[{"name":"wp","href":"https:\/\/api.w.org\/{rel}","templated":true}]}}