{"id":1621,"date":"2024-11-08T04:56:27","date_gmt":"2024-11-08T04:56:27","guid":{"rendered":"https:\/\/subszone.com\/?post_type=product&#038;p=1621"},"modified":"2025-02-25T07:43:36","modified_gmt":"2025-02-25T07:43:36","slug":"piperonal-2","status":"publish","type":"product","link":"https:\/\/subszone.com\/sv\/product\/piperonal-2\/","title":{"rendered":"K\u00f6p Piperonal online"},"content":{"rendered":"<h2><strong>Piperonal av h\u00f6g kvalitet f\u00f6r industri-, l\u00e4kemedels- och laboratoriebruk <a href=\"https:\/\/subszone.com\/sv\/product\/metanol\/\">-<\/a> Subszone<\/strong><\/h2>\n<p><a href=\"https:\/\/subszone.com\/sv\/\"><strong>SubsZone<\/strong><\/a> ger f\u00f6rstklassig kvalitet <a href=\"https:\/\/subszone.com\/sv\/product\/piperonal-2\/\"><strong>piperonal<\/strong><\/a> (CAS 120-57-0), en m\u00e5ngsidig f\u00f6rening som ofta anv\u00e4nds i <strong>doftframst\u00e4llning, farmaceutisk syntes och laboratorieforskning<\/strong>. Piperonal \u00e4r k\u00e4nt f\u00f6r sina aromatiska egenskaper och \u00e4r en viktig ingrediens i <strong>parfymer, smak\u00e4mnen och organisk syntes<\/strong>. Subszone erbjuder piperonal med garanterad renhet, vilket g\u00f6r det till det f\u00f6redragna valet f\u00f6r <a href=\"https:\/\/www.bing.com\/search?q=Buy%20Piperonal%20Online&amp;qs=n&amp;form=QBRE&amp;sp=-1&amp;lq=0&amp;pq=buy%20piperonal%20online&amp;sc=0-20&amp;sk=&amp;cvid=A70982F44A1244CEBF01571DF6466386&amp;ghsh=0&amp;ghacc=0&amp;ghpl=\">yrkesverksamma som s\u00f6ker<\/a> konsekvent kvalitet i <strong>kemisk tillverkning och forskning<\/strong><a href=\"https:\/\/legitchemicals.com\/fr\/produit\/6cladba-a-vendre\/\">.<\/a><\/p>\n<h3>Varf\u00f6r v\u00e4lja Subszone f\u00f6r Piperonal?<\/h3>\n<p><strong>1. H\u00f6g renhet och kvalitetss\u00e4kring<\/strong><br \/>\nV\u00e5r <a href=\"https:\/\/www.bing.com\/search?q=Buy%20Piperonal%20Online&amp;qs=n&amp;form=QBRE&amp;sp=-1&amp;lq=0&amp;pq=buy%20piperonal%20online&amp;sc=0-20&amp;sk=&amp;cvid=A70982F44A1244CEBF01571DF6466386&amp;ghsh=0&amp;ghacc=0&amp;ghpl=\">piperonal<\/a> uppfyller strikta kvalitets- och renhetsstandarder, vilket g\u00f6r den idealisk f\u00f6r k\u00e4nsliga applikationer inom <strong>farmaceutisk produktion, parfymeri och organisk syntes<\/strong>. Subszones kvalitetsarbete s\u00e4kerst\u00e4ller att varje sats ger den tillf\u00f6rlitlighet som kr\u00e4vs f\u00f6r precisionsbaserade projekt.<\/p>\n<p><strong>2. Flexibla orderkvantiteter och konkurrenskraftiga priser<\/strong><br \/>\nSubszone erbjuder <a href=\"https:\/\/www.google.com\/search?q=Buy+Piperonal+Online&amp;num=10&amp;sca_esv=d3a094136e3e8b97&amp;sxsrf=AHTn8zo-Ugpnhu10O55spHIZzyW7HAzMPg%3A1740469217047&amp;ei=4XO9Z4fMAtKG0PEP6ZCIwAc&amp;ved=0ahUKEwjHwLKLqd6LAxVSAzQIHWkIAngQ4dUDCBA&amp;uact=5&amp;oq=Buy+Piperonal+Online&amp;gs_lp=Egxnd3Mtd2l6LXNlcnAiFEJ1eSBQaXBlcm9uYWwgT25saW5lMgUQIRigATIFECEYoAEyBRAhGKABMgUQIRigAUiECVCEBFiEBHADeAGQAQCYAcgEoAHIBKoBAzUtMbgBA8gBAPgBAvgBAZgCBKAC6wTCAgoQABiwAxjWBBhHmAMAiAYBkAYIkgcFMy40LTGgB48D&amp;sclient=gws-wiz-serp\">piperonal<\/a> i olika m\u00e4ngder, fr\u00e5n sm\u00e5 beh\u00e5llare i laboratoriestorlek till <a href=\"https:\/\/www.google.com\/search?q=Buy+Piperonal+Online&amp;num=10&amp;sca_esv=d3a094136e3e8b97&amp;sxsrf=AHTn8zo-Ugpnhu10O55spHIZzyW7HAzMPg%3A1740469217047&amp;ei=4XO9Z4fMAtKG0PEP6ZCIwAc&amp;ved=0ahUKEwjHwLKLqd6LAxVSAzQIHWkIAngQ4dUDCBA&amp;uact=5&amp;oq=Buy+Piperonal+Online&amp;gs_lp=Egxnd3Mtd2l6LXNlcnAiFEJ1eSBQaXBlcm9uYWwgT25saW5lMgUQIRigATIFECEYoAEyBRAhGKABMgUQIRigAUiECVCEBFiEBHADeAGQAQCYAcgEoAHIBKoBAzUtMbgBA8gBAPgBAvgBAZgCBKAC6wTCAgoQABiwAxjWBBhHmAMAiAYBkAYIkgcFMy40LTGgB48D&amp;sclient=gws-wiz-serp\"><strong>bulkorder<\/strong><\/a> f\u00f6r storskalig produktion. V\u00e5ra konkurrenskraftiga priser och m\u00e4ngdrabatter ger kostnadseffektiva l\u00f6sningar f\u00f6r yrkesverksamma som beh\u00f6ver h\u00f6gkvalitativ piperonal f\u00f6r p\u00e5g\u00e5ende projekt.<\/p>\n<p><strong>3. S\u00e4ker och kompatibel global frakt<\/strong><br \/>\nSubszone levererar <a href=\"https:\/\/duckduckgo.com\/?q=Buy+Piperonal+Online&amp;t=h_&amp;ia=web\">piperonal \u00f6ver hela v\u00e4rlden<\/a>, inklusive till <strong>Nordamerika, Europa, Asien<\/strong>och andra viktiga marknader. V\u00e5ra s\u00e4kra, kompatibla f\u00f6rpackningar bevarar produktintegriteten under transport och s\u00e4kerst\u00e4ller att dina <a href=\"https:\/\/duckduckgo.com\/?q=Buy+Piperonal+Online&amp;t=h_&amp;ia=web\">piperonal anl\u00e4nder<\/a> s\u00e4kert och klart f\u00f6r anv\u00e4ndning i industri- och laboratorietill\u00e4mpningar.<\/p>\n<h3>Viktiga till\u00e4mpningar av piperonal<\/h3>\n<p><strong>Doft- och smakproduktion<\/strong><br \/>\n<a href=\"https:\/\/en.wikipedia.org\/wiki\/Piperonal\">Piperonal<\/a> anv\u00e4nds i stor utstr\u00e4ckning i <strong>parfym- och smakindustrin<\/strong> p\u00e5 grund av sin distinkta blommiga, vaniljliknande doft. Den fungerar som en viktig ingrediens i <strong>fina dofter, smak\u00e4mnen och aromatiska sammans\u00e4ttningar<\/strong>.<\/p>\n<p><strong>Farmaceutisk och kemisk syntes<\/strong><br \/>\nI <strong>l\u00e4kemedelstillverkning<\/strong>\u00e4r piperonal en v\u00e4rdefull f\u00f6rening f\u00f6r att syntetisera olika l\u00e4kemedel och aktiva ingredienser, vilket ger en p\u00e5litlig byggsten i organisk syntes.<\/p>\n<p><strong>Laboratorieforskning<\/strong><br \/>\nI laboratoriemilj\u00f6er anv\u00e4nds piperonal som reagens och mellanprodukt i <strong>kemisk syntes<\/strong> och andra forskningsapplikationer, som st\u00f6der olika experimentella behov.<\/p>\n<h3>F\u00f6rdelar med att anv\u00e4nda Subszones Piperonal<\/h3>\n<ul>\n<li><strong>H\u00f6g renhet f\u00f6r j\u00e4mn kvalitet<\/strong>: V\u00e4sentligt f\u00f6r <strong>framst\u00e4llning av doft\u00e4mnen, l\u00e4kemedel och laboratoriesyntes<\/strong>.<\/li>\n<li><strong>Bulk och flexibla best\u00e4llningsalternativ<\/strong>: Finns i kvantiteter som l\u00e4mpar sig f\u00f6r b\u00e5de forskning och storskalig industriell produktion.<\/li>\n<li><strong>S\u00e4ker, kompatibel frakt \u00f6ver hela v\u00e4rlden<\/strong>: Subszone garanterar s\u00e4ker och korrekt leverans f\u00f6r tillf\u00f6rlitlig tillg\u00e5ng till piperonal av h\u00f6g kvalitet.<\/li>\n<\/ul>\n<h3>Best\u00e4ll Piperonal fr\u00e5n Subszone<\/h3>\n<p>Subszone \u00e4r din p\u00e5litliga leverant\u00f6r av <strong>piperonal med h\u00f6g renhet<\/strong>, som tillgodoser behoven hos <strong>parfymtillverkare, l\u00e4kemedelsf\u00f6retag<\/strong>, och <strong>forskningsinstitut<\/strong>. Med fokus p\u00e5 kvalitet, s\u00e4ker leverans och konkurrenskraftiga priser \u00e4r Subszone den perfekta partnern f\u00f6r yrkesverksamma som kr\u00e4ver konsekvent och tillf\u00f6rlitlig leverans av piperonal.<\/p>\n<p><strong>Kontakta oss idag<\/strong> f\u00f6r en offert eller f\u00f6r att f\u00e5 veta mer om v\u00e5ra <strong>piperonal<\/strong> alternativ. Lita p\u00e5 Subszone f\u00f6r premiumkvalitet, s\u00e4ker leverans och f\u00f6rstklassig service i piperonalf\u00f6rs\u00f6rjning.<\/p>\n<hr \/>","protected":false},"excerpt":{"rendered":"<p>Piperonal, \u00e4ven k\u00e4nd som 3,4-metylendioxybensaldehyd, \u00e4r en organisk f\u00f6rening som anv\u00e4nds i stor utstr\u00e4ckning inom doft- och smakindustrin samt i olika kemiska synteser. H\u00e4r \u00e4r en detaljerad \u00f6versikt \u00f6ver dess egenskaper, anv\u00e4ndningsomr\u00e5den, s\u00e4kerhetsaspekter och regleringsaspekter.<\/p>\n<ul>\n<li><strong>Kemisk formel<\/strong>: C\u2088H\u2088O\u2083<\/li>\n<li><strong>Molekylvikt<\/strong>: 168,15 g\/mol<\/li>\n<li><strong>Fysiskt tillst\u00e5nd<\/strong>: F\u00e4rgl\u00f6s till blekgul v\u00e4tska eller kristallint fast \u00e4mne.<\/li>\n<li><strong>Kokpunkt<\/strong>: Cirka 253 \u00b0C (487 \u00b0F).<\/li>\n<li><strong>L\u00f6slighet<\/strong>: L\u00f6slig i organiska l\u00f6sningsmedel s\u00e5som etanol och eter, men endast sv\u00e5rl\u00f6slig i vatten.<\/li>\n<li><strong>Lukt<\/strong>: K\u00e4nnetecknas av en behaglig, blommig och n\u00e5got s\u00f6t doft.<\/li>\n<\/ul>","protected":false},"featured_media":1396,"comment_status":"open","ping_status":"closed","template":"","meta":{"_kadence_starter_templates_imported_post":false,"_kad_post_transparent":"default","_kad_post_title":"","_kad_post_layout":"default","_kad_post_sidebar_id":"","_kad_post_content_style":"default","_kad_post_vertical_padding":"default","_kad_post_feature":"","_kad_post_feature_position":"","_kad_post_header":false,"_kad_post_footer":false,"_joinchat":[]},"product_brand":[],"product_cat":[83],"product_tag":[371,372,373,315,374,375,376,377],"class_list":{"0":"post-1621","1":"product","2":"type-product","3":"status-publish","4":"has-post-thumbnail","6":"product_cat-pharmaceutical-and-medical-uses","7":"product_tag-3-4-methylenedioxy-benzaldehyde","8":"product_tag-benzyl-piperonal-450-price","9":"product_tag-heliotropin-price-per-kg","10":"product_tag-isosafrole-synthesis-from-piperonal","11":"product_tag-piperonal-distributors-usa","12":"product_tag-piperonal-melting-and-boiling-point","13":"product_tag-piperonal-suppliers-usa","14":"product_tag-piperonaldehyde-hazards","16":"first","17":"instock","18":"shipping-taxable","19":"product-type-simple","20":"entry","21":"content-bg","22":"loop-entry"},"yoast_head":"<!-- This site is optimized with the Yoast SEO plugin v25.6 - https:\/\/yoast.com\/wordpress\/plugins\/seo\/ -->\n<title>Buy Piperonal Online - Piperonal Industrial for Sale<\/title>\n<meta name=\"description\" content=\"Get piperonal Industrial for sale at pocket-friendly prices from our subszone store. We will help you buy piperonal Industrial online. Accept your order and deliver it to you soon!\" \/>\n<meta name=\"robots\" content=\"index, follow, max-snippet:-1, max-image-preview:large, max-video-preview:-1\" \/>\n<link rel=\"canonical\" href=\"https:\/\/subszone.com\/sv\/product\/piperonal-2\/\" \/>\n<meta property=\"og:locale\" content=\"sv_SE\" \/>\n<meta property=\"og:type\" content=\"article\" \/>\n<meta property=\"og:title\" content=\"Buy Piperonal Online - Piperonal Industrial for Sale\" \/>\n<meta property=\"og:description\" content=\"Get piperonal Industrial for sale at pocket-friendly prices from our subszone store. We will help you buy piperonal Industrial online. Accept your order and deliver it to you soon!\" \/>\n<meta property=\"og:url\" content=\"https:\/\/subszone.com\/sv\/product\/piperonal-2\/\" \/>\n<meta property=\"og:site_name\" content=\"SubsZone\" \/>\n<meta property=\"article:modified_time\" content=\"2025-02-25T07:43:36+00:00\" \/>\n<meta property=\"og:image\" content=\"https:\/\/subszone.com\/wp-content\/uploads\/2024\/10\/Piperonal-2-1.gif\" \/>\n\t<meta property=\"og:image:width\" content=\"600\" \/>\n\t<meta property=\"og:image:height\" content=\"600\" \/>\n\t<meta property=\"og:image:type\" content=\"image\/gif\" \/>\n<meta name=\"twitter:card\" content=\"summary_large_image\" \/>\n<meta name=\"twitter:label1\" content=\"Ber\u00e4knad l\u00e4stid\" \/>\n\t<meta name=\"twitter:data1\" content=\"2 minuter\" \/>\n<script type=\"application\/ld+json\" class=\"yoast-schema-graph\">{\"@context\":\"https:\/\/schema.org\",\"@graph\":[{\"@type\":\"WebPage\",\"@id\":\"https:\/\/subszone.com\/product\/piperonal-2\/\",\"url\":\"https:\/\/subszone.com\/product\/piperonal-2\/\",\"name\":\"Buy Piperonal Online - Piperonal Industrial for Sale\",\"isPartOf\":{\"@id\":\"https:\/\/subszone.com\/#website\"},\"primaryImageOfPage\":{\"@id\":\"https:\/\/subszone.com\/product\/piperonal-2\/#primaryimage\"},\"image\":{\"@id\":\"https:\/\/subszone.com\/product\/piperonal-2\/#primaryimage\"},\"thumbnailUrl\":\"https:\/\/subszone.com\/wp-content\/uploads\/2024\/10\/Piperonal-2-1.gif\",\"datePublished\":\"2024-11-08T04:56:27+00:00\",\"dateModified\":\"2025-02-25T07:43:36+00:00\",\"description\":\"Get piperonal Industrial for sale at pocket-friendly prices from our subszone store. We will help you buy piperonal Industrial online. Accept your order and deliver it to you soon!\",\"breadcrumb\":{\"@id\":\"https:\/\/subszone.com\/product\/piperonal-2\/#breadcrumb\"},\"inLanguage\":\"sv-SE\",\"potentialAction\":[{\"@type\":\"ReadAction\",\"target\":[\"https:\/\/subszone.com\/product\/piperonal-2\/\"]}]},{\"@type\":\"ImageObject\",\"inLanguage\":\"sv-SE\",\"@id\":\"https:\/\/subszone.com\/product\/piperonal-2\/#primaryimage\",\"url\":\"https:\/\/subszone.com\/wp-content\/uploads\/2024\/10\/Piperonal-2-1.gif\",\"contentUrl\":\"https:\/\/subszone.com\/wp-content\/uploads\/2024\/10\/Piperonal-2-1.gif\",\"width\":600,\"height\":600,\"caption\":\"Buy Piperonal Online\"},{\"@type\":\"BreadcrumbList\",\"@id\":\"https:\/\/subszone.com\/product\/piperonal-2\/#breadcrumb\",\"itemListElement\":[{\"@type\":\"ListItem\",\"position\":1,\"name\":\"Home\",\"item\":\"https:\/\/subszone.com\/\"},{\"@type\":\"ListItem\",\"position\":2,\"name\":\"Shop\",\"item\":\"https:\/\/subszone.com\/shop\/\"},{\"@type\":\"ListItem\",\"position\":3,\"name\":\"Buy Piperonal Online\"}]},{\"@type\":\"WebSite\",\"@id\":\"https:\/\/subszone.com\/#website\",\"url\":\"https:\/\/subszone.com\/\",\"name\":\"SubsZone\",\"description\":\"My WordPress Blog\",\"publisher\":{\"@id\":\"https:\/\/subszone.com\/#organization\"},\"potentialAction\":[{\"@type\":\"SearchAction\",\"target\":{\"@type\":\"EntryPoint\",\"urlTemplate\":\"https:\/\/subszone.com\/?s={search_term_string}\"},\"query-input\":{\"@type\":\"PropertyValueSpecification\",\"valueRequired\":true,\"valueName\":\"search_term_string\"}}],\"inLanguage\":\"sv-SE\"},{\"@type\":\"Organization\",\"@id\":\"https:\/\/subszone.com\/#organization\",\"name\":\"SubsZone\",\"url\":\"https:\/\/subszone.com\/\",\"logo\":{\"@type\":\"ImageObject\",\"inLanguage\":\"sv-SE\",\"@id\":\"https:\/\/subszone.com\/#\/schema\/logo\/image\/\",\"url\":\"https:\/\/subszone.com\/wp-content\/uploads\/2024\/10\/logo.png\",\"contentUrl\":\"https:\/\/subszone.com\/wp-content\/uploads\/2024\/10\/logo.png\",\"width\":193,\"height\":50,\"caption\":\"SubsZone\"},\"image\":{\"@id\":\"https:\/\/subszone.com\/#\/schema\/logo\/image\/\"}}]}<\/script>\n<!-- \/ Yoast SEO plugin. -->","yoast_head_json":{"title":"K\u00f6p Piperonal online - Piperonal Industrial till salu","description":"F\u00e5 piperonal Industrial till salu till fickv\u00e4nliga priser fr\u00e5n v\u00e5r subszone-butik. Vi hj\u00e4lper dig att k\u00f6pa piperonal Industrial online. Acceptera din best\u00e4llning och leverera den till dig snart!","robots":{"index":"index","follow":"follow","max-snippet":"max-snippet:-1","max-image-preview":"max-image-preview:large","max-video-preview":"max-video-preview:-1"},"canonical":"https:\/\/subszone.com\/sv\/product\/piperonal-2\/","og_locale":"sv_SE","og_type":"article","og_title":"Buy Piperonal Online - Piperonal Industrial for Sale","og_description":"Get piperonal Industrial for sale at pocket-friendly prices from our subszone store. We will help you buy piperonal Industrial online. Accept your order and deliver it to you soon!","og_url":"https:\/\/subszone.com\/sv\/product\/piperonal-2\/","og_site_name":"SubsZone","article_modified_time":"2025-02-25T07:43:36+00:00","og_image":[{"width":600,"height":600,"url":"https:\/\/subszone.com\/wp-content\/uploads\/2024\/10\/Piperonal-2-1.gif","type":"image\/gif"}],"twitter_card":"summary_large_image","twitter_misc":{"Ber\u00e4knad l\u00e4stid":"2 minuter"},"schema":{"@context":"https:\/\/schema.org","@graph":[{"@type":"WebPage","@id":"https:\/\/subszone.com\/product\/piperonal-2\/","url":"https:\/\/subszone.com\/product\/piperonal-2\/","name":"K\u00f6p Piperonal online - Piperonal Industrial till salu","isPartOf":{"@id":"https:\/\/subszone.com\/#website"},"primaryImageOfPage":{"@id":"https:\/\/subszone.com\/product\/piperonal-2\/#primaryimage"},"image":{"@id":"https:\/\/subszone.com\/product\/piperonal-2\/#primaryimage"},"thumbnailUrl":"https:\/\/subszone.com\/wp-content\/uploads\/2024\/10\/Piperonal-2-1.gif","datePublished":"2024-11-08T04:56:27+00:00","dateModified":"2025-02-25T07:43:36+00:00","description":"F\u00e5 piperonal Industrial till salu till fickv\u00e4nliga priser fr\u00e5n v\u00e5r subszone-butik. Vi hj\u00e4lper dig att k\u00f6pa piperonal Industrial online. Acceptera din best\u00e4llning och leverera den till dig snart!","breadcrumb":{"@id":"https:\/\/subszone.com\/product\/piperonal-2\/#breadcrumb"},"inLanguage":"sv-SE","potentialAction":[{"@type":"ReadAction","target":["https:\/\/subszone.com\/product\/piperonal-2\/"]}]},{"@type":"ImageObject","inLanguage":"sv-SE","@id":"https:\/\/subszone.com\/product\/piperonal-2\/#primaryimage","url":"https:\/\/subszone.com\/wp-content\/uploads\/2024\/10\/Piperonal-2-1.gif","contentUrl":"https:\/\/subszone.com\/wp-content\/uploads\/2024\/10\/Piperonal-2-1.gif","width":600,"height":600,"caption":"Buy Piperonal Online"},{"@type":"BreadcrumbList","@id":"https:\/\/subszone.com\/product\/piperonal-2\/#breadcrumb","itemListElement":[{"@type":"ListItem","position":1,"name":"Home","item":"https:\/\/subszone.com\/"},{"@type":"ListItem","position":2,"name":"Shop","item":"https:\/\/subszone.com\/shop\/"},{"@type":"ListItem","position":3,"name":"Buy Piperonal Online"}]},{"@type":"WebSite","@id":"https:\/\/subszone.com\/#website","url":"https:\/\/subszone.com\/","name":"SubsZone","description":"Min WordPress-blogg","publisher":{"@id":"https:\/\/subszone.com\/#organization"},"potentialAction":[{"@type":"SearchAction","target":{"@type":"EntryPoint","urlTemplate":"https:\/\/subszone.com\/?s={search_term_string}"},"query-input":{"@type":"PropertyValueSpecification","valueRequired":true,"valueName":"search_term_string"}}],"inLanguage":"sv-SE"},{"@type":"Organization","@id":"https:\/\/subszone.com\/#organization","name":"SubsZone","url":"https:\/\/subszone.com\/","logo":{"@type":"ImageObject","inLanguage":"sv-SE","@id":"https:\/\/subszone.com\/#\/schema\/logo\/image\/","url":"https:\/\/subszone.com\/wp-content\/uploads\/2024\/10\/logo.png","contentUrl":"https:\/\/subszone.com\/wp-content\/uploads\/2024\/10\/logo.png","width":193,"height":50,"caption":"SubsZone"},"image":{"@id":"https:\/\/subszone.com\/#\/schema\/logo\/image\/"}}]}},"_links":{"self":[{"href":"https:\/\/subszone.com\/sv\/wp-json\/wp\/v2\/product\/1621","targetHints":{"allow":["GET"]}}],"collection":[{"href":"https:\/\/subszone.com\/sv\/wp-json\/wp\/v2\/product"}],"about":[{"href":"https:\/\/subszone.com\/sv\/wp-json\/wp\/v2\/types\/product"}],"replies":[{"embeddable":true,"href":"https:\/\/subszone.com\/sv\/wp-json\/wp\/v2\/comments?post=1621"}],"wp:featuredmedia":[{"embeddable":true,"href":"https:\/\/subszone.com\/sv\/wp-json\/wp\/v2\/media\/1396"}],"wp:attachment":[{"href":"https:\/\/subszone.com\/sv\/wp-json\/wp\/v2\/media?parent=1621"}],"wp:term":[{"taxonomy":"product_brand","embeddable":true,"href":"https:\/\/subszone.com\/sv\/wp-json\/wp\/v2\/product_brand?post=1621"},{"taxonomy":"product_cat","embeddable":true,"href":"https:\/\/subszone.com\/sv\/wp-json\/wp\/v2\/product_cat?post=1621"},{"taxonomy":"product_tag","embeddable":true,"href":"https:\/\/subszone.com\/sv\/wp-json\/wp\/v2\/product_tag?post=1621"}],"curies":[{"name":"wp","href":"https:\/\/api.w.org\/{rel}","templated":true}]}}