{"id":1623,"date":"2024-11-08T04:58:37","date_gmt":"2024-11-08T04:58:37","guid":{"rendered":"https:\/\/subszone.com\/?post_type=product&#038;p=1623"},"modified":"2025-02-25T07:52:14","modified_gmt":"2025-02-25T07:52:14","slug":"kaliumpermanganat-2","status":"publish","type":"product","link":"https:\/\/subszone.com\/sv\/product\/kaliumpermanganat-2\/","title":{"rendered":"K\u00f6p kaliumpermanganat online"},"content":{"rendered":"<h2>K\u00f6p stort kaliumpermanganat fr\u00e5n p\u00e5litliga industrileverant\u00f6rer f\u00f6r desinfektionsmedel, vattenbehandling<a href=\"https:\/\/legitchemicals.com\/es\/producto\/comprar-gamma-butirolactona-gbl-online\/\">,<\/a> och andra anv\u00e4ndningsomr\u00e5den<\/h2>\n<p>Du har kommit till r\u00e4tt st\u00e4lle om du letar efter en p\u00e5litlig leverant\u00f6r f\u00f6r att k\u00f6pa <strong><a href=\"https:\/\/subszone.com\/sv\/product\/kaliumpermanganat-2\/\">kaliumpermanganat<\/a><\/strong> f\u00f6r kommersiell eller industriell till\u00e4mpning<a href=\"https:\/\/subszone.com\/sv\/product\/natriumklorat\/\">.<\/a> Kaliumpermanganat (CAS 7722-64-7) \u00e4r en m\u00e5ngsidig kemikalie som anv\u00e4nds inom ett stort antal sektorer, inklusive oxidationsprocesser, medicinska desinfektionsmedel, avloppsvattenrening och vattenrening. Det \u00e4r viktigt att hitta en p\u00e5litlig leverant\u00f6r, oavsett om du vill k\u00f6pa kaliumpermanganat i bulk eller beh\u00f6ver <a href=\"https:\/\/www.bing.com\/search?q=Buy%20Potassium%20Nitrate%20Online%20&amp;qs=n&amp;form=QBRE&amp;sp=-1&amp;lq=0&amp;pq=buy%20potassium%20dichromate%20online%20&amp;sc=1-32&amp;sk=&amp;cvid=8AB0D9627A80405D88ADF2E0FE7B73C1&amp;ghsh=0&amp;ghacc=0&amp;ghpl=\">kaliumpermanganat med h\u00f6g renhet<\/a> f\u00f6r s\u00e4rskilda industriella anv\u00e4ndningsomr\u00e5den. <a href=\"https:\/\/subszone.com\/sv\/\"><strong>SubsZone<\/strong><\/a><\/p>\n<h3>Kaliumpermanganat: vad \u00e4r det?<\/h3>\n<p>Med den kemiska formeln KMnO\u2084, <a href=\"https:\/\/www.bing.com\/search?q=Buy%20Potassium%20Nitrate%20Online%20&amp;qs=n&amp;form=QBRE&amp;sp=-1&amp;lq=0&amp;pq=buy%20potassium%20dichromate%20online%20&amp;sc=1-32&amp;sk=&amp;cvid=8AB0D9627A80405D88ADF2E0FE7B73C1&amp;ghsh=0&amp;ghacc=0&amp;ghpl=\">kaliumpermanganat<\/a> \u00e4r ett potent oxidationsmedel som anv\u00e4nds inom en rad olika branscher. P\u00e5 grund av dess f\u00f6rm\u00e5ga att brytas ned anv\u00e4nds det ofta i luktkontroll, desinfektionsmedel, avloppsrening och vattenreningsprocedurer naturligt \u00e4mne. <a href=\"https:\/\/www.google.com\/search?q=Buy+Potassium+Permanganate+Online+&amp;num=10&amp;sca_esv=d3a094136e3e8b97&amp;sxsrf=AHTn8zqExdIanvQsHXBEmT9zZxayfeqdfw%3A1740469722350&amp;ei=2nW9Z8yNFd_g0PEPptf0gAk&amp;ved=0ahUKEwjM4qv8qt6LAxVfMDQIHaYrHZAQ4dUDCBA&amp;uact=5&amp;oq=Buy+Potassium+Permanganate+Online+&amp;gs_lp=Egxnd3Mtd2l6LXNlcnAiIkJ1eSBQb3Rhc3NpdW0gUGVybWFuZ2FuYXRlIE9ubGluZSAyChAAGLADGNYEGEcyChAAGLADGNYEGEcyChAAGLADGNYEGEcyChAAGLADGNYEGEcyChAAGLADGNYEGEcyChAAGLADGNYEGEcyChAAGLADGNYEGEcyChAAGLADGNYEGEdIzwhQ7ARY7ARwA3gBkAEAmAEAoAEAqgEAuAEDyAEA-AEC-AEBmAIDoAI3mAMAiAYBkAYIkgcBM6AHAA&amp;sclient=gws-wiz-serp\">Kaliumpermanganat<\/a> \u00e4r ocks\u00e5 en viktig kemikalie f\u00f6r organisk syntes och medicinsk anv\u00e4ndning, vilket g\u00f6r den till en ov\u00e4rderlig resurs f\u00f6r en m\u00e4ngd olika industriella anv\u00e4ndningsomr\u00e5den.<\/p>\n<h3>Leverant\u00f6r av kaliumpermanganat i bulk<\/h3>\n<p>Att arbeta med en v\u00e4lrenommerad grossist \u00e4r viktigt f\u00f6r f\u00f6retag och sektorer som beh\u00f6ver <a href=\"https:\/\/www.google.com\/search?q=Buy+Potassium+Permanganate+Online+&amp;num=10&amp;sca_esv=d3a094136e3e8b97&amp;sxsrf=AHTn8zqExdIanvQsHXBEmT9zZxayfeqdfw%3A1740469722350&amp;ei=2nW9Z8yNFd_g0PEPptf0gAk&amp;ved=0ahUKEwjM4qv8qt6LAxVfMDQIHaYrHZAQ4dUDCBA&amp;uact=5&amp;oq=Buy+Potassium+Permanganate+Online+&amp;gs_lp=Egxnd3Mtd2l6LXNlcnAiIkJ1eSBQb3Rhc3NpdW0gUGVybWFuZ2FuYXRlIE9ubGluZSAyChAAGLADGNYEGEcyChAAGLADGNYEGEcyChAAGLADGNYEGEcyChAAGLADGNYEGEcyChAAGLADGNYEGEcyChAAGLADGNYEGEcyChAAGLADGNYEGEcyChAAGLADGNYEGEdIzwhQ7ARY7ARwA3gBkAEAmAEAoAEAqgEAuAEDyAEA-AEC-AEBmAIDoAI3mAMAiAYBkAYIkgcBM6AHAA&amp;sclient=gws-wiz-serp\">kaliumpermanganat i bulk<\/a> om de vill garantera en j\u00e4mn tillg\u00e5ng till \u00f6verkomliga kostnader. <a href=\"https:\/\/www.google.com\/search?q=Buy+Potassium+Permanganate+Online+&amp;num=10&amp;sca_esv=d3a094136e3e8b97&amp;sxsrf=AHTn8zqExdIanvQsHXBEmT9zZxayfeqdfw%3A1740469722350&amp;ei=2nW9Z8yNFd_g0PEPptf0gAk&amp;ved=0ahUKEwjM4qv8qt6LAxVfMDQIHaYrHZAQ4dUDCBA&amp;uact=5&amp;oq=Buy+Potassium+Permanganate+Online+&amp;gs_lp=Egxnd3Mtd2l6LXNlcnAiIkJ1eSBQb3Rhc3NpdW0gUGVybWFuZ2FuYXRlIE9ubGluZSAyChAAGLADGNYEGEcyChAAGLADGNYEGEcyChAAGLADGNYEGEcyChAAGLADGNYEGEcyChAAGLADGNYEGEcyChAAGLADGNYEGEcyChAAGLADGNYEGEcyChAAGLADGNYEGEdIzwhQ7ARY7ARwA3gBkAEAmAEAoAEAqgEAuAEDyAEA-AEC-AEBmAIDoAI3mAMAiAYBkAYIkgcBM6AHAA&amp;sclient=gws-wiz-serp\">Ink\u00f6p av kaliumpermanganat med 99% renhet<\/a> fr\u00e5n en v\u00e4lrenommerad leverant\u00f6r garanterar att din verksamhet fungerar effektivt, oavsett om du s\u00f6ker den f\u00f6r oxidationsprocesser, medicinska till\u00e4mpningar eller vattenrening.<\/p>\n<p>K\u00f6pa in <a href=\"https:\/\/duckduckgo.com\/?q=Buy+Potassium+Permanganate+Online+&amp;t=h_&amp;ia=web\">bulk fr\u00e5n en leverant\u00f6r av kaliumpermanganat<\/a> ger dig f\u00f6rdelarna med snabb leverans, f\u00f6rstklassiga kemikalier och kostnadsbesparingar. F\u00f6r dina specifika krav \u00e4r det viktigt att v\u00e4lja leverant\u00f6rer som tillhandah\u00e5ller kaliumpermanganat av industriell kvalitet som uppfyller industristandarderna.<\/p>\n<h3>Kaliumpermanganat Till\u00e4mpningar<\/h3>\n<p>En viktig komponent i m\u00e5nga industriella processer, <a href=\"https:\/\/duckduckgo.com\/?q=Buy+Potassium+Permanganate+Online+&amp;t=h_&amp;ia=web\">kaliumpermanganat<\/a> \u00e4r extremt viktig p\u00e5 grund av sin m\u00e5ngsidighet. Bland de mest anv\u00e4nda applikationerna \u00e4r:<\/p>\n<p>Behandling av vatten: Behandling av vatten och avloppsvatten \u00e4r ett av de mest popul\u00e4ra anv\u00e4ndningsomr\u00e5dena f\u00f6r kaliumpermanganat. Det bidrar till s\u00e4krare och renare vattenk\u00e4llor genom att avl\u00e4gsna j\u00e4rn, mangan och v\u00e4tesulfid.<\/p>\n<p>Desinfektionsmedel: En vanlig ingrediens i desinfektionsmedel f\u00f6r industriella och medicinska till\u00e4mpningar \u00e4r kaliumpermanganat. Det eliminerar effektivt bakterier och andra farliga organismer tack vare sin kraftiga oxidationsf\u00f6rm\u00e5ga.<\/p>\n<p>Oxidationsprocesser: Detta \u00e4mne anv\u00e4nds i ett antal oxidationsprocesser, t.ex. vid organisk syntes och vid hantering av farliga \u00e4mnen.<\/p>\n<p>Luktkontroll: Genom att l\u00f6sa upp \u00e4mnen som orsakar lukt anv\u00e4nds kaliumpermanganat ofta i kemiska anl\u00e4ggningar och avloppsreningsverk f\u00f6r att bli av med st\u00f6tande dofter.<\/p>\n<p>Kaliumpermanganat anv\u00e4nds inom medicinen som ett antiseptiskt medel och i utsp\u00e4dda l\u00f6sningar f\u00f6r att behandla dermatit och hudinfektioner.<\/p>\n<h3>F\u00f6rs\u00e4ljning av kaliumpermanganat med h\u00f6g renhetsgrad<\/h3>\n<p>Du b\u00f6r f\u00f6rs\u00e4kra dig om att leverant\u00f6ren s\u00e4ljer produkter med minst 99% renhet n\u00e4r du k\u00f6per <a href=\"https:\/\/en.wikipedia.org\/wiki\/Potassium_permanganate\">kaliumpermanganat med h\u00f6g renhet<\/a>. Detta \u00e4r s\u00e4rskilt viktigt om kaliumpermanganat anv\u00e4nds i kemisk syntes, medicin eller andra k\u00e4nsliga industriella operationer som kr\u00e4ver extrem precision. Leverant\u00f6rer av kaliumpermanganat med h\u00f6g renhet garanterar att \u00e4mnet uppfyller de str\u00e4nga krav som kr\u00e4vs f\u00f6r dessa anv\u00e4ndningsomr\u00e5den.<\/p>\n<h3>Kostnaden per kilogram kaliumpermanganat<\/h3>\n<p>Priserna p\u00e5 kaliumpermanganat kan variera beroende p\u00e5 ett antal variabler, inklusive volym, renhet och leverant\u00f6rens plats. N\u00e4r du k\u00f6per i kvantitet \u00e4r priset per kilo kaliumpermanganat vanligtvis billigare. Genom att samarbeta med grossistdistribut\u00f6rer av kaliumpermanganat kan f\u00f6retag f\u00e5 \u00f6verkomliga priser f\u00f6r omfattande verksamhet.<\/p>\n<p>Innan du g\u00f6r ett k\u00f6p rekommenderas det alltid att unders\u00f6ka marknaden och j\u00e4mf\u00f6ra priser. Ansedda grossister av kaliumpermanganat ger tydlig priss\u00e4ttning och grundlig produktinformation f\u00f6r att hj\u00e4lpa dig att g\u00f6ra kloka ink\u00f6p.<\/p>\n<h3>Var kan man k\u00f6pa kaliumpermanganat online<\/h3>\n<p>P\u00e5 marknaden f\u00f6r att k\u00f6pa kaliumpermanganat online? Kaliumpermanganat s\u00e4ljs av m\u00e5nga leverant\u00f6rer via s\u00e4kra onlinekanaler, s\u00e5 att du kan g\u00f6ra en best\u00e4llning och f\u00e5 den levererad till din adress. Var f\u00f6rsiktig n\u00e4r du v\u00e4ljer en leverant\u00f6r n\u00e4r du k\u00f6per kaliumpermanganat online som s\u00e4kerst\u00e4ller att du f\u00e5r kemikalier av h\u00f6g kvalitet genom att tillhandah\u00e5lla n\u00f6dv\u00e4ndigt pappersarbete, s\u00e5som certifiering av analys (COA), material s\u00e4kerhetsdatablad (MSDS) och CAS-nummer (t.ex. CAS 7722-64-7).<\/p>\n<h3>Anv\u00e4nd kaliumpermanganat f\u00f6r att behandla vatten och hantera avloppsvatten<\/h3>\n<p>Behandling av dricksvatten och avloppsvatten \u00e4r ett av de viktigaste anv\u00e4ndningsomr\u00e5dena f\u00f6r kaliumpermanganat. \u00c4mnet hj\u00e4lper till att avl\u00e4gsna j\u00e4rn och mangan, som kan f\u00f6rorena vattenf\u00f6rs\u00f6rjningen och ge den en obehaglig lukt. Det \u00e4r en viktig del i att uppr\u00e4tth\u00e5lla s\u00e4kert och rent vatten eftersom det ocks\u00e5 \u00e4r mycket framg\u00e5ngsrikt n\u00e4r det g\u00e4ller att begr\u00e4nsa tillv\u00e4xten av bakterier, alger och andra mikrober.<\/p>\n<p>Kaliumpermanganat anv\u00e4nds av m\u00e5nga f\u00f6retag, s\u00e4rskilt inom livsmedels-, dryckes- och l\u00e4kemedelsindustrin, f\u00f6r att rena avloppsvatten. Om du beh\u00f6ver kaliumpermanganat f\u00f6r allm\u00e4n vatten- eller luktkontroll f\u00f6r efterlevnad och effektiv vattenhantering, \u00e4r upphandling fr\u00e5n en p\u00e5litlig kaliumpermanganatk\u00e4lla avg\u00f6rande.<\/p>\n<h3>Varf\u00f6r k\u00f6pa kaliumpermanganat fr\u00e5n p\u00e5litliga leverant\u00f6rer?<\/h3>\n<p>F\u00f6r att k\u00f6pa kemikalier som kaliumpermanganat m\u00e5ste man lita p\u00e5 leverant\u00f6rens f\u00f6rm\u00e5ga att leverera s\u00e4kra varor av h\u00f6g kvalitet. F\u00f6ljande motiverar ink\u00f6p fr\u00e5n en p\u00e5litlig k\u00e4lla:<\/p>\n<p>certifierad kvalitet: F\u00f6r anv\u00e4ndning i kommersiella, industriella och medicinska milj\u00f6er tillhandah\u00e5ller v\u00e5ra leverant\u00f6rer kaliumpermanganat med h\u00f6g renhet med 99%-certifierad renhet.<\/p>\n<p>En p\u00e5litlig leveranskedja m\u00f6jligg\u00f6rs av p\u00e5litliga leverant\u00f6rer av kaliumpermanganat i bulk som garanterar leverans i tid, vilket g\u00f6r att du kan forts\u00e4tta med dina produktionsplaner utan avbrott.<\/p>\n<p>Konkurrenskraftig priss\u00e4ttning: N\u00e4r du k\u00f6per i bulk kan du dra nytta av konkurrenskraftiga kaliumpermanganatpriser per kilogram, vilket g\u00f6r det \u00f6verkomligt f\u00f6r storskaliga verksamheter.<\/p>\n<p>S\u00e4kerhet och efterlevnad: Se till att alla s\u00e4kerhetsregler och branschstandarder f\u00f6ljs genom att k\u00f6pa fr\u00e5n leverant\u00f6rer som erbjuder omfattande dokumentation, t.ex. CAS 7722-64-7.<\/p>","protected":false},"excerpt":{"rendered":"<p>Kaliumpermanganat (KMnO\u2084) \u00e4r en m\u00f6rklila till svart kristallin f\u00f6rening som ofta anv\u00e4nds i olika applikationer p\u00e5 grund av dess starka oxiderande egenskaper. Det \u00e4r l\u00f6sligt i vatten och har en distinkt djuplila f\u00e4rg.<\/p>\n<ul>\n<li><strong>Kemisk formel<\/strong>: KMnO\u2084<\/li>\n<li><strong>Utseende<\/strong>: M\u00f6rkvioletta kristaller eller granulat<\/li>\n<li><strong>Mol\u00e4r massa<\/strong>: 158,034 g\/mol<\/li>\n<li><strong>L\u00f6slighet<\/strong>: L\u00f6slig i vatten<\/li>\n<li><strong>Oxiderande medel<\/strong>: Mycket reaktiv, s\u00e4rskilt i sura f\u00f6rh\u00e5llanden<\/li>\n<\/ul>\n<p>&nbsp;<\/p>","protected":false},"featured_media":1354,"comment_status":"open","ping_status":"closed","template":"","meta":{"_kadence_starter_templates_imported_post":false,"_kad_post_transparent":"default","_kad_post_title":"","_kad_post_layout":"default","_kad_post_sidebar_id":"","_kad_post_content_style":"default","_kad_post_vertical_padding":"default","_kad_post_feature":"","_kad_post_feature_position":"","_kad_post_header":false,"_kad_post_footer":false,"_joinchat":[]},"product_brand":[],"product_cat":[127],"product_tag":[388,389,390,391,392,393,394,395,396,397,398,399],"class_list":{"0":"post-1623","1":"product","2":"type-product","3":"status-publish","4":"has-post-thumbnail","6":"product_cat-water-treatment-and-disinfection","7":"product_tag-bulk-potassium-permanganate-supplier","8":"product_tag-buy-potassium-permanganate-in-bulk","9":"product_tag-cas-7722-64-7-supplier","10":"product_tag-high-purity-potassium-permanganate-supplier","11":"product_tag-industrial-grade-potassium-permanganate","12":"product_tag-potassium-permanganate-99-purity","13":"product_tag-potassium-permanganate-cas-7722-64-7","14":"product_tag-potassium-permanganate-chemical-for-sale","15":"product_tag-potassium-permanganate-for-industrial-use","16":"product_tag-potassium-permanganate-for-water-treatment","17":"product_tag-potassium-permanganate-price-per-kg","18":"product_tag-potassium-permanganate-wholesale-distributor","20":"first","21":"instock","22":"shipping-taxable","23":"product-type-simple","24":"entry","25":"content-bg","26":"loop-entry"},"yoast_head":"<!-- This site is optimized with the Yoast SEO plugin v25.6 - https:\/\/yoast.com\/wordpress\/plugins\/seo\/ -->\n<title>Buy Potassium Permanganate Online - Potassium Permanganate<\/title>\n<meta name=\"description\" content=\"Our store has the top quality potassium permanganate for sale. You can never get over the quality of our products. If you need then, You can buy potassium permanganate online right away. Order now!\" \/>\n<meta name=\"robots\" content=\"index, follow, max-snippet:-1, max-image-preview:large, max-video-preview:-1\" \/>\n<link rel=\"canonical\" href=\"https:\/\/subszone.com\/sv\/product\/kaliumpermanganat-2\/\" \/>\n<meta property=\"og:locale\" content=\"sv_SE\" \/>\n<meta property=\"og:type\" content=\"article\" \/>\n<meta property=\"og:title\" content=\"Buy Potassium Permanganate Online - Potassium Permanganate\" \/>\n<meta property=\"og:description\" content=\"Our store has the top quality potassium permanganate for sale. You can never get over the quality of our products. If you need then, You can buy potassium permanganate online right away. Order now!\" \/>\n<meta property=\"og:url\" content=\"https:\/\/subszone.com\/sv\/product\/kaliumpermanganat-2\/\" \/>\n<meta property=\"og:site_name\" content=\"SubsZone\" \/>\n<meta property=\"article:modified_time\" content=\"2025-02-25T07:52:14+00:00\" \/>\n<meta property=\"og:image\" content=\"https:\/\/subszone.com\/wp-content\/uploads\/2024\/10\/918fe6f2-ca8c-4fa7-922f-d1a5718accc8.webp\" \/>\n\t<meta property=\"og:image:width\" content=\"1024\" \/>\n\t<meta property=\"og:image:height\" content=\"1024\" \/>\n\t<meta property=\"og:image:type\" content=\"image\/webp\" \/>\n<meta name=\"twitter:card\" content=\"summary_large_image\" \/>\n<meta name=\"twitter:label1\" content=\"Ber\u00e4knad l\u00e4stid\" \/>\n\t<meta name=\"twitter:data1\" content=\"5 minuter\" \/>\n<script type=\"application\/ld+json\" class=\"yoast-schema-graph\">{\"@context\":\"https:\/\/schema.org\",\"@graph\":[{\"@type\":\"WebPage\",\"@id\":\"https:\/\/subszone.com\/product\/potassium-permanganate-2\/\",\"url\":\"https:\/\/subszone.com\/product\/potassium-permanganate-2\/\",\"name\":\"Buy Potassium Permanganate Online - Potassium Permanganate\",\"isPartOf\":{\"@id\":\"https:\/\/subszone.com\/#website\"},\"primaryImageOfPage\":{\"@id\":\"https:\/\/subszone.com\/product\/potassium-permanganate-2\/#primaryimage\"},\"image\":{\"@id\":\"https:\/\/subszone.com\/product\/potassium-permanganate-2\/#primaryimage\"},\"thumbnailUrl\":\"https:\/\/subszone.com\/wp-content\/uploads\/2024\/10\/918fe6f2-ca8c-4fa7-922f-d1a5718accc8.webp\",\"datePublished\":\"2024-11-08T04:58:37+00:00\",\"dateModified\":\"2025-02-25T07:52:14+00:00\",\"description\":\"Our store has the top quality potassium permanganate for sale. You can never get over the quality of our products. If you need then, You can buy potassium permanganate online right away. Order now!\",\"breadcrumb\":{\"@id\":\"https:\/\/subszone.com\/product\/potassium-permanganate-2\/#breadcrumb\"},\"inLanguage\":\"sv-SE\",\"potentialAction\":[{\"@type\":\"ReadAction\",\"target\":[\"https:\/\/subszone.com\/product\/potassium-permanganate-2\/\"]}]},{\"@type\":\"ImageObject\",\"inLanguage\":\"sv-SE\",\"@id\":\"https:\/\/subszone.com\/product\/potassium-permanganate-2\/#primaryimage\",\"url\":\"https:\/\/subszone.com\/wp-content\/uploads\/2024\/10\/918fe6f2-ca8c-4fa7-922f-d1a5718accc8.webp\",\"contentUrl\":\"https:\/\/subszone.com\/wp-content\/uploads\/2024\/10\/918fe6f2-ca8c-4fa7-922f-d1a5718accc8.webp\",\"width\":1024,\"height\":1024,\"caption\":\"Buy Potassium Permanganate Online\"},{\"@type\":\"BreadcrumbList\",\"@id\":\"https:\/\/subszone.com\/product\/potassium-permanganate-2\/#breadcrumb\",\"itemListElement\":[{\"@type\":\"ListItem\",\"position\":1,\"name\":\"Home\",\"item\":\"https:\/\/subszone.com\/\"},{\"@type\":\"ListItem\",\"position\":2,\"name\":\"Shop\",\"item\":\"https:\/\/subszone.com\/shop\/\"},{\"@type\":\"ListItem\",\"position\":3,\"name\":\"Buy Potassium Permanganate Online\"}]},{\"@type\":\"WebSite\",\"@id\":\"https:\/\/subszone.com\/#website\",\"url\":\"https:\/\/subszone.com\/\",\"name\":\"SubsZone\",\"description\":\"My WordPress Blog\",\"publisher\":{\"@id\":\"https:\/\/subszone.com\/#organization\"},\"potentialAction\":[{\"@type\":\"SearchAction\",\"target\":{\"@type\":\"EntryPoint\",\"urlTemplate\":\"https:\/\/subszone.com\/?s={search_term_string}\"},\"query-input\":{\"@type\":\"PropertyValueSpecification\",\"valueRequired\":true,\"valueName\":\"search_term_string\"}}],\"inLanguage\":\"sv-SE\"},{\"@type\":\"Organization\",\"@id\":\"https:\/\/subszone.com\/#organization\",\"name\":\"SubsZone\",\"url\":\"https:\/\/subszone.com\/\",\"logo\":{\"@type\":\"ImageObject\",\"inLanguage\":\"sv-SE\",\"@id\":\"https:\/\/subszone.com\/#\/schema\/logo\/image\/\",\"url\":\"https:\/\/subszone.com\/wp-content\/uploads\/2024\/10\/logo.png\",\"contentUrl\":\"https:\/\/subszone.com\/wp-content\/uploads\/2024\/10\/logo.png\",\"width\":193,\"height\":50,\"caption\":\"SubsZone\"},\"image\":{\"@id\":\"https:\/\/subszone.com\/#\/schema\/logo\/image\/\"}}]}<\/script>\n<!-- \/ Yoast SEO plugin. -->","yoast_head_json":{"title":"K\u00f6p kaliumpermanganat online - Kaliumpermanganat","description":"V\u00e5r butik har kaliumpermanganat av h\u00f6gsta kvalitet till salu. Du kan aldrig komma \u00f6ver kvaliteten p\u00e5 v\u00e5ra produkter. Om du beh\u00f6ver d\u00e5 kan du k\u00f6pa kaliumpermanganat online direkt. Best\u00e4ll nu!","robots":{"index":"index","follow":"follow","max-snippet":"max-snippet:-1","max-image-preview":"max-image-preview:large","max-video-preview":"max-video-preview:-1"},"canonical":"https:\/\/subszone.com\/sv\/product\/kaliumpermanganat-2\/","og_locale":"sv_SE","og_type":"article","og_title":"Buy Potassium Permanganate Online - Potassium Permanganate","og_description":"Our store has the top quality potassium permanganate for sale. You can never get over the quality of our products. If you need then, You can buy potassium permanganate online right away. Order now!","og_url":"https:\/\/subszone.com\/sv\/product\/kaliumpermanganat-2\/","og_site_name":"SubsZone","article_modified_time":"2025-02-25T07:52:14+00:00","og_image":[{"width":1024,"height":1024,"url":"https:\/\/subszone.com\/wp-content\/uploads\/2024\/10\/918fe6f2-ca8c-4fa7-922f-d1a5718accc8.webp","type":"image\/webp"}],"twitter_card":"summary_large_image","twitter_misc":{"Ber\u00e4knad l\u00e4stid":"5 minuter"},"schema":{"@context":"https:\/\/schema.org","@graph":[{"@type":"WebPage","@id":"https:\/\/subszone.com\/product\/potassium-permanganate-2\/","url":"https:\/\/subszone.com\/product\/potassium-permanganate-2\/","name":"K\u00f6p kaliumpermanganat online - Kaliumpermanganat","isPartOf":{"@id":"https:\/\/subszone.com\/#website"},"primaryImageOfPage":{"@id":"https:\/\/subszone.com\/product\/potassium-permanganate-2\/#primaryimage"},"image":{"@id":"https:\/\/subszone.com\/product\/potassium-permanganate-2\/#primaryimage"},"thumbnailUrl":"https:\/\/subszone.com\/wp-content\/uploads\/2024\/10\/918fe6f2-ca8c-4fa7-922f-d1a5718accc8.webp","datePublished":"2024-11-08T04:58:37+00:00","dateModified":"2025-02-25T07:52:14+00:00","description":"V\u00e5r butik har kaliumpermanganat av h\u00f6gsta kvalitet till salu. Du kan aldrig komma \u00f6ver kvaliteten p\u00e5 v\u00e5ra produkter. Om du beh\u00f6ver d\u00e5 kan du k\u00f6pa kaliumpermanganat online direkt. Best\u00e4ll nu!","breadcrumb":{"@id":"https:\/\/subszone.com\/product\/potassium-permanganate-2\/#breadcrumb"},"inLanguage":"sv-SE","potentialAction":[{"@type":"ReadAction","target":["https:\/\/subszone.com\/product\/potassium-permanganate-2\/"]}]},{"@type":"ImageObject","inLanguage":"sv-SE","@id":"https:\/\/subszone.com\/product\/potassium-permanganate-2\/#primaryimage","url":"https:\/\/subszone.com\/wp-content\/uploads\/2024\/10\/918fe6f2-ca8c-4fa7-922f-d1a5718accc8.webp","contentUrl":"https:\/\/subszone.com\/wp-content\/uploads\/2024\/10\/918fe6f2-ca8c-4fa7-922f-d1a5718accc8.webp","width":1024,"height":1024,"caption":"Buy Potassium Permanganate Online"},{"@type":"BreadcrumbList","@id":"https:\/\/subszone.com\/product\/potassium-permanganate-2\/#breadcrumb","itemListElement":[{"@type":"ListItem","position":1,"name":"Home","item":"https:\/\/subszone.com\/"},{"@type":"ListItem","position":2,"name":"Shop","item":"https:\/\/subszone.com\/shop\/"},{"@type":"ListItem","position":3,"name":"Buy Potassium Permanganate Online"}]},{"@type":"WebSite","@id":"https:\/\/subszone.com\/#website","url":"https:\/\/subszone.com\/","name":"SubsZone","description":"Min WordPress-blogg","publisher":{"@id":"https:\/\/subszone.com\/#organization"},"potentialAction":[{"@type":"SearchAction","target":{"@type":"EntryPoint","urlTemplate":"https:\/\/subszone.com\/?s={search_term_string}"},"query-input":{"@type":"PropertyValueSpecification","valueRequired":true,"valueName":"search_term_string"}}],"inLanguage":"sv-SE"},{"@type":"Organization","@id":"https:\/\/subszone.com\/#organization","name":"SubsZone","url":"https:\/\/subszone.com\/","logo":{"@type":"ImageObject","inLanguage":"sv-SE","@id":"https:\/\/subszone.com\/#\/schema\/logo\/image\/","url":"https:\/\/subszone.com\/wp-content\/uploads\/2024\/10\/logo.png","contentUrl":"https:\/\/subszone.com\/wp-content\/uploads\/2024\/10\/logo.png","width":193,"height":50,"caption":"SubsZone"},"image":{"@id":"https:\/\/subszone.com\/#\/schema\/logo\/image\/"}}]}},"_links":{"self":[{"href":"https:\/\/subszone.com\/sv\/wp-json\/wp\/v2\/product\/1623","targetHints":{"allow":["GET"]}}],"collection":[{"href":"https:\/\/subszone.com\/sv\/wp-json\/wp\/v2\/product"}],"about":[{"href":"https:\/\/subszone.com\/sv\/wp-json\/wp\/v2\/types\/product"}],"replies":[{"embeddable":true,"href":"https:\/\/subszone.com\/sv\/wp-json\/wp\/v2\/comments?post=1623"}],"wp:featuredmedia":[{"embeddable":true,"href":"https:\/\/subszone.com\/sv\/wp-json\/wp\/v2\/media\/1354"}],"wp:attachment":[{"href":"https:\/\/subszone.com\/sv\/wp-json\/wp\/v2\/media?parent=1623"}],"wp:term":[{"taxonomy":"product_brand","embeddable":true,"href":"https:\/\/subszone.com\/sv\/wp-json\/wp\/v2\/product_brand?post=1623"},{"taxonomy":"product_cat","embeddable":true,"href":"https:\/\/subszone.com\/sv\/wp-json\/wp\/v2\/product_cat?post=1623"},{"taxonomy":"product_tag","embeddable":true,"href":"https:\/\/subszone.com\/sv\/wp-json\/wp\/v2\/product_tag?post=1623"}],"curies":[{"name":"wp","href":"https:\/\/api.w.org\/{rel}","templated":true}]}}